{"id":8287,"date":"2020-02-28T15:10:23","date_gmt":"2020-02-28T15:10:23","guid":{"rendered":"https:\/\/www.electroluxprofessional.com\/se\/?page_id=8287"},"modified":"2026-03-09T12:13:52","modified_gmt":"2026-03-09T11:13:52","slug":"homepage-2-2","status":"publish","type":"page","link":"https:\/\/www.electroluxprofessional.com\/se\/","title":{"rendered":"Homepage"},"content":{"rendered":"<p>[vc_row full_width=&#8221;electroluxpro-full-width-no-padding&#8221; css=&#8221;.vc_custom_1581601446712{margin-bottom: 0px !important;}&#8221;][vc_column css=&#8221;.vc_custom_1575015067714{margin-bottom: 0px !important;}&#8221;][elx_master_slider slide_order_1=&#8221;3&#8243; title_1=&#8221;Marknadens energisn\u00e5laste torktumlare. Javisst!&#8221; text_1=&#8221;\u00c4nnu snabbare torktid. \u00c4nnu h\u00f6gre energibesparing.&#8221; slide_order_2=&#8221;4&#8243; title_2=&#8221;\u00d6vervaka &#038; hantera ditt kyl\/fryssk\u00e5p smidigt via mobilen&#8221; text_2=&#8221;Smart hantering med nya Electrolux Professional Fridge App&#8221; slide_order_3=&#8221;1&#8243; title_3=&#8221;Daglig excellens&#8221; text_3=&#8221;e-XP 700 &#038; 900 Modular Cooking&#8221; slide_order_4=&#8221;2&#8243; title_4=&#8221;Sl\u00e4pp loss din kreativitet&#8221; text_4=&#8221;therma<em>line<\/em> Modular 80, 85 &#038; 90&#8243; link_1=&#8221;url:https%3A%2F%2Fwww.electroluxprofessional.com%2Fse%2Ftvatt%2Ftd6-11-le-torktumlare%2F|title:UPPT%C3%84CK%20MER|target:_blank&#8221; background_image_media_library_3=&#8221;55279&#8243; link_3=&#8221;url:https%3A%2F%2Fwww.electroluxprofessional.com%2Fse%2Fstorkok%2Fe-xp-700-900-modular-cooking%2F|title:L%C3%84S%20MER|target:_blank&#8221; background_image_media_library_mobile_3=&#8221;55278&#8243; background_image_media_library_1=&#8221;52395&#8243; background_image_media_library_mobile_1=&#8221;52396&#8243; link_4=&#8221;url:https%3A%2F%2Fwww.electroluxprofessional.com%2Fse%2Fstorkok%2Fthermaline-modular-80-85-90%2F|title:L%C3%84S%20MER|target:_blank&#8221; background_image_media_library_4=&#8221;55277&#8243; background_image_media_library_mobile_4=&#8221;55276&#8243; link_2=&#8221;url:https%3A%2F%2Fwww.electroluxprofessional.com%2Fse%2Ffood-professionella-storkok-och-restauranger%2Fkyl-storkok%2F%23app|title:UPPT%C3%84CK%20MER|target:_blank&#8221; background_image_media_library_2=&#8221;51850&#8243; background_image_media_library_mobile_2=&#8221;51851&#8243;][\/vc_column][\/vc_row][vc_row full_width=&#8221;electroluxpro-full-width-no-padding&#8221; disable_element=&#8221;yes&#8221; css=&#8221;.vc_custom_1765272745596{margin-bottom: 0px !important;}&#8221;][vc_column css=&#8221;.vc_custom_1575015067714{margin-bottom: 0px !important;}&#8221;][elx_master_slider slide_order_1=&#8221;3&#8243; title_1=&#8221;Marknadens energisn\u00e5laste torktumlare. Javisst!&#8221; text_1=&#8221;\u00c4nnu snabbare torktid. \u00c4nnu h\u00f6gre energibesparing.&#8221; slide_order_2=&#8221;4&#8243; title_2=&#8221;\u00d6vervaka &amp; hantera ditt kyl\/fryssk\u00e5p smidigt via mobilen&#8221; text_2=&#8221;Smart hantering med nya Electrolux Professional Fridge App&#8221; slide_order_3=&#8221;1&#8243; title_3=&#8221;Daglig excellens&#8221; text_3=&#8221;En ny era inom modul\u00e4r matlagning&#8221; slide_order_4=&#8221;2&#8243; title_4=&#8221;Energieffektiva kyl- och fryssk\u00e5p med h\u00f6g f\u00f6rvaringskapacitet&#8221; text_4=&#8221;Upp till 50 l mer tillg\u00e4ngligt utrymme, i j\u00e4mf\u00f6relse med motsvarande sk\u00e5p p\u00e5 marknaden&#8221; link_1=&#8221;url:https%3A%2F%2Fwww.electroluxprofessional.com%2Fse%2Ftvatt%2Ftd6-11-le-torktumlare%2F|title:UPPT%C3%84CK%20MER&#8221; background_image_media_library_3=&#8221;54522&#8243; link_3=&#8221;url:https%3A%2F%2Fwww.electroluxprofessional.com%2Fse%2Fmodular-matlagning-en-ny-era%2F|title:L%C3%84S%20MER&#8221; background_image_media_library_mobile_3=&#8221;54523&#8243; background_image_media_library_1=&#8221;52395&#8243; background_image_media_library_mobile_1=&#8221;52396&#8243; link_4=&#8221;url:https%3A%2F%2Fwww.electroluxprofessional.com%2Fse%2Fstorkok%2Fkyl-storkok%2F|title:L%C3%84S%20MER&#8221; background_image_media_library_4=&#8221;50897&#8243; background_image_media_library_mobile_4=&#8221;50898&#8243; link_2=&#8221;url:https%3A%2F%2Fwww.electroluxprofessional.com%2Fse%2Ffood-professionella-storkok-och-restauranger%2Fkyl-storkok%2F%23app|title:UPPT%C3%84CK%20MER&#8221; background_image_media_library_2=&#8221;51850&#8243; background_image_media_library_mobile_2=&#8221;51851&#8243;][\/vc_column][\/vc_row][vc_row full_width=&#8221;electroluxpro-full-width-no-padding&#8221; disable_element=&#8221;yes&#8221; css=&#8221;.vc_custom_1707205504694{margin-bottom: 0px !important;}&#8221;][vc_column css=&#8221;.vc_custom_1575015067714{margin-bottom: 0px !important;}&#8221;][elx_master_slider slide_order_1=&#8221;3&#8243; title_1=&#8221;Line 6000 torksk\u00e5p&#8221; text_1=&#8221;Skonsamma och effektiva torkl\u00f6sningar f\u00f6r bl\u00f6ta plagg&#8221; slide_order_2=&#8221;1&#8243; title_2=&#8221;M\u00f6t oss p\u00e5 FFCR&#8221; text_2=&#8221;Vi st\u00e4ller ut p\u00e5 branschens st\u00f6rsta m\u00e4ssa!<br \/>\nUppt\u00e4ck v\u00e5ra high speed l\u00f6sningar<br \/>\ni monter F:18 p\u00e5 Kistam\u00e4ssan den 31 Jan-1 Feb&#8221; slide_order_3=&#8221;4&#8243; title_3=&#8221;SkyLine kombiugn&#8221; text_3=&#8221;F\u00f6renklar arbetet i stork\u00f6k och restaurang&#8221; slide_order_4=&#8221;2&#8243; title_4=&#8221;H\u00f6g prestanda &amp; l\u00e5g energif\u00f6rbrukning&#8221; text_4=&#8221;med thermaline induktionsh\u00e4llar&#8221; link_1=&#8221;url:https%3A%2F%2Fwww.electroluxprofessional.com%2Fse%2Flaundry%2Ftorkskap-varmepump%2F|title:UPPT%C3%84CK%20MER&#8221; background_image_media_library_2=&#8221;49920&#8243; background_image_media_library_3=&#8221;21403&#8243; link_2=&#8221;url:https%3A%2F%2Fwww.electroluxprofessional.com%2Fse%2Fffcr-31-jan-1-feb%2F|title:L%C3%84S%20MER%20%26%20S%C3%84KRA%20DIN%20FRIBILJETT&#8221; link_3=&#8221;url:https%3A%2F%2Fwww.electroluxprofessional.com%2Fse%2Ffood-professionella-storkok-och-restauranger%2Fskyline-kombiugn%2F|title:UPPT%C3%84CK%20SKYLINE&#8221; background_image_media_library_mobile_2=&#8221;49923&#8243; background_image_media_library_mobile_3=&#8221;21404&#8243; background_image_media_library_1=&#8221;20703&#8243; background_image_media_library_mobile_1=&#8221;20704&#8243; link_4=&#8221;url:https%3A%2F%2Fwww.electroluxprofessional.com%2Fse%2Fthermaline-cooking-ranges%2F|title:UPPT%C3%84CK%20MER&#8221; background_image_media_library_4=&#8221;49842&#8243; background_image_media_library_mobile_4=&#8221;49841&#8243;][\/vc_column][\/vc_row][vc_row full_width=&#8221;electroluxpro-full-width-no-padding&#8221; disable_element=&#8221;yes&#8221; css=&#8221;.vc_custom_1703154766869{margin-bottom: 0px !important;}&#8221;][vc_column css=&#8221;.vc_custom_1575015067714{margin-bottom: 0px !important;}&#8221;][elx_master_slider slide_order_1=&#8221;3&#8243; title_1=&#8221;Line 6000 torksk\u00e5p&#8221; text_1=&#8221;Skonsamma och effektiva torkl\u00f6sningar f\u00f6r bl\u00f6ta plagg&#8221; slide_order_2=&#8221;2&#8243; title_2=&#8221;FAST RANGE&#8221; text_2=&#8221;Restaurang- och stork\u00f6ksl\u00f6sningar i lager<br \/>\nBest\u00e4ll idag &#8211; Imorgon \u00e4r leveransen p\u00e5 v\u00e4g&#8221; slide_order_3=&#8221;4&#8243; title_3=&#8221;SkyLine kombiugn&#8221; text_3=&#8221;F\u00f6renklar arbetet i stork\u00f6k och restaurang&#8221; slide_order_4=&#8221;1&#8243; title_4=&#8221;F\u00e5 upp till 1 \u00e5rs f\u00f6rbrukning av ugnsreng\u00f6ring&#8221; text_4=&#8221;N\u00e4r du k\u00f6per en ny SkyLine kombiugn&#8221; link_1=&#8221;url:https%3A%2F%2Fwww.electroluxprofessional.com%2Fse%2Flaundry%2Ftorkskap-varmepump%2F|title:UPPT%C3%84CK%20MER&#8221; background_image_media_library_2=&#8221;48390&#8243; background_image_media_library_3=&#8221;21403&#8243; background_image_media_library_4=&#8221;48804&#8243; link_2=&#8221;url:https%3A%2F%2Fwww.electroluxprofessional.com%2Fse%2Ffast-range-skyline%2F|title:SE%20HELA%20UTBUDET&#8221; link_3=&#8221;url:https%3A%2F%2Fwww.electroluxprofessional.com%2Fse%2Ffood-professionella-storkok-och-restauranger%2Fskyline-kombiugn%2F|title:UPPT%C3%84CK%20SKYLINE&#8221; link_4=&#8221;url:https%3A%2F%2Fwww.electroluxprofessional.com%2Fse%2Ferbjudande-skyline-kombiugn-ugnsrengoring%2F|title:L%C3%84S%20MER%20OM%20ERBJUDANDET&#8221; background_image_media_library_mobile_2=&#8221;48389&#8243; background_image_media_library_mobile_3=&#8221;21404&#8243; background_image_media_library_mobile_4=&#8221;48805&#8243; background_image_media_library_1=&#8221;20703&#8243; background_image_media_library_mobile_1=&#8221;20704&#8243;][\/vc_column][\/vc_row][vc_row full_width=&#8221;electroluxpro-full-width-no-padding&#8221;][vc_column][elx_full_banner title=&#8221;Bes\u00f6k v\u00e5ra showroom&#8221; text=&#8221;Electrolux Professional is the OnE trusted partner making your&lt;br \/&gt; work-life easier, more profitable \u2013 and truly sustainable every day.&#8221; background_source=&#8221;image-media-library&#8221; link=&#8221;url:https%3A%2F%2Fwww.electroluxprofessional.com%2Fse%2Fcenters-of-excellence-showroom%2F|title:Uppt%C3%A4ck%20v%C3%A5ra%20produkter%2C%20boka%20demo%20eller%20utbildning&#8221; background_image_media_library=&#8221;50908&#8243; background_image_media_library_mobile=&#8221;50909&#8243;][\/vc_column][\/vc_row][vc_row][vc_column][elx_double_banner title_1=&#8221;Diska, torka och \u00e5teranv\u00e4nd mat- och dryckesf\u00f6rpackning&#8221; text_1=&#8221;L\u00e4s mer om HeroDry frist\u00e5ende tork&#8221; title_2=&#8221;Snabb &amp; enkel tillagning&#8221; text_2=&#8221;Uppt\u00e4ck nya GourmeXpress turbougn&#8221; background_source_1=&#8221;image-media-library&#8221; background_source_2=&#8221;image-media-library&#8221; link_1=&#8221;url:https%3A%2F%2Fwww.electroluxprofessional.com%2Fse%2Ffood-professionella-storkok-och-restauranger%2Fherodry-fristaende-tork%2F|title:L%C3%84S%20MER&#8221; background_image_media_library_1=&#8221;50916&#8243; link_2=&#8221;url:https%3A%2F%2Fwww.electroluxprofessional.com%2Fse%2Ffood-professionella-storkok-och-restauranger%2Fgourmexpress-turbougn%2F|title:L%C3%84S%20MER&#8221; background_image_media_library_2=&#8221;50925&#8243; background_image_media_library_mobile_1=&#8221;50917&#8243; background_image_media_library_mobile_2=&#8221;50926&#8243; title_mobile_1=&#8221;Diska, torka och \u00e5teranv\u00e4nd mat- och dryckesf\u00f6rpackning&#8221; title_mobile_2=&#8221;Snabb &amp; enkel tillagning&#8221;][\/vc_column][\/vc_row][vc_row][vc_column][elx_double_banner title_1=&#8221;Marknadens energisn\u00e5laste torktumlare&#8221; text_1=&#8221;\u00c4nnu snabbare torktid. \u00c4nnu h\u00f6gre energibesparing.&#8221; title_2=&#8221;Investera i ett serviceavtal f\u00f6r din tv\u00e4ttutrustning&#8221; text_2=&#8221;Ta hand om din utrustning och f\u00f6rebygg akuta driftstopp&#8221; background_source_1=&#8221;image-media-library&#8221; background_source_2=&#8221;image-media-library&#8221; link_1=&#8221;url:https%3A%2F%2Fwww.electroluxprofessional.com%2Fse%2Ftvatt%2Ftd6-11-le-torktumlare%2F|title:L%C3%84S%20MER&#8221; background_image_media_library_1=&#8221;52399&#8243; link_2=&#8221;url:https%3A%2F%2Fwww.electroluxprofessional.com%2Fse%2Fserviceavtal-professionell-tvatt%2F|title:L%C3%84S%20MER&#8221; background_image_media_library_2=&#8221;52049&#8243; background_image_media_library_mobile_1=&#8221;52400&#8243; background_image_media_library_mobile_2=&#8221;52050&#8243; title_mobile_1=&#8221;Marknadens energisn\u00e5laste torktumlare&#8221;][\/vc_column][\/vc_row][vc_row full_width=&#8221;electroluxpro-full-width-no-padding&#8221;][vc_column][\/vc_column][\/vc_row][vc_row full_width=&#8221;electroluxpro-full-width-no-padding&#8221;][vc_column][elx_last_references title=&#8221;V\u00e5ra kunder&#8221;][\/vc_column][\/vc_row][vc_row full_width=&#8221;electroluxpro-full-width-no-padding&#8221;][vc_column][elx_last_news title=&#8221;Electrolux Professional Nyheter&#8221;][\/vc_column][\/vc_row][vc_row full_width=&#8221;electroluxpro-full-width-no-padding&#8221; disable_element=&#8221;yes&#8221;][vc_column][elx_full_banner title=&#8221;Vi \u00e4r med v\u00e5ra kunder genom coronakrisen&#8221; text=&#8221;Electrolux Professional is the OnE trusted partner making your&lt;br \/&gt; work-life easier, more profitable \u2013 and truly sustainable every day.&#8221; background_source=&#8221;image-media-library&#8221; link=&#8221;url:https%3A%2F%2Fwww.electroluxprofessional.com%2Fse%2Fvi-ar-med-genom-coronakrisen%2F|title:L%C3%A4s%20mer||&#8221; background_image_media_library=&#8221;10163&#8243; background_image_media_library_mobile=&#8221;10162&#8243;][\/vc_column][\/vc_row][vc_row][vc_column][elx_single_banner title=&#8221;Jobba hos oss&#8221; text=&#8221;Electrolux Professional v\u00e4lkomnar alla passionerade, aff\u00e4rsinriktade lagspelare att arbeta hos oss. Kolla in v\u00e5r karri\u00e4rsida f\u00f6r se vilka m\u00f6jligheter som finns f\u00f6r dig.&#8221; text_mobile=&#8221;Electrolux Professional v\u00e4lkomnar alla passionerade, aff\u00e4rsinriktade lagspelare att arbeta hos oss. Kolla in v\u00e5r karri\u00e4rsida f\u00f6r se vilka m\u00f6jligheter som finns f\u00f6r dig.&#8221; background_source=&#8221;image-media-library&#8221; background_image_media_library=&#8221;8297&#8243; link=&#8221;url:https%3A%2F%2Fwww.electroluxprofessional.com%2Fcareer-opportunities%2F|title:ANS%C3%96K%20NU|target:%20_blank|&#8221; background_image_media_library_mobile=&#8221;8306&#8243;][\/vc_column][\/vc_row][vc_row][vc_column][elx_active_banner title=&#8221;\u00c5terf\u00f6rs\u00e4ljare och servicepartners&#8221; link=&#8221;url:https%3A%2F%2Fwww.electroluxprofessional.com%2Fse%2Fsales-service-locator%2F|title:S%C3%B6k||&#8221; background_image_media_library=&#8221;8302&#8243; background_image_media_library_mobile=&#8221;8310&#8243;][\/vc_column][\/vc_row][vc_row][vc_column][vc_empty_space height=&#8221;30px&#8221;][\/vc_column][\/vc_row]<\/p>\n","protected":false},"excerpt":{"rendered":"<p>[vc_row full_width=&#8221;electroluxpro-full-width-no-padding&#8221; css=&#8221;.vc_custom_1581601446712{margin-bottom: 0px !important;}&#8221;][vc_column css=&#8221;.vc_custom_1575015067714{margin-bottom: 0px !important;}&#8221;][elx_master_slider slide_order_1=&#8221;3&#8243; title_1=&#8221;Marknadens energisn\u00e5laste torktumlare. Javisst!&#8221; text_1=&#8221;\u00c4nnu snabbare torktid. \u00c4nnu h\u00f6gre energibesparing.&#8221; slide_order_2=&#8221;4&#8243; title_2=&#8221;\u00d6vervaka &#038; hantera ditt kyl\/fryssk\u00e5p smidigt via mobilen&#8221; text_2=&#8221;Smart hantering med nya Electrolux Professional Fridge App&#8221; slide_order_3=&#8221;1&#8243; title_3=&#8221;Daglig excellens&#8221; text_3=&#8221;e-XP 700 &#038; 900 Modular Cooking&#8221; slide_order_4=&#8221;2&#8243; title_4=&#8221;Sl\u00e4pp loss din kreativitet&#8221; text_4=&#8221;thermaline Modular 80, 85 &#038; [&hellip;]<\/p>\n","protected":false},"author":1,"featured_media":0,"parent":0,"menu_order":0,"comment_status":"closed","ping_status":"closed","template":"","meta":{"footnotes":""},"class_list":["post-8287","page","type-page","status-publish","hentry"],"acf":[],"yoast_head":"<!-- This site is optimized with the Yoast SEO plugin v23.3 - https:\/\/yoast.com\/wordpress\/plugins\/seo\/ -->\n<title>Electrolux Professional - Professionell utrustning f\u00f6r stork\u00f6k, dryck &amp; tv\u00e4tt<\/title>\n<meta name=\"description\" content=\"Electrolux Professional erbjuder professionell utrusning f\u00f6r restaurang, stork\u00f6k och tv\u00e4tt. Vi \u00e4r v\u00e4rldsledande inom innovation samt design och v\u00e5rt uppdrag \u00e4r att g\u00f6ra livet enklare och mer l\u00f6nsamt f\u00f6r v\u00e5ra kunder. Vi hj\u00e4lper dig i din verksamhet!\" \/>\n<meta name=\"robots\" content=\"index, follow, max-snippet:-1, max-image-preview:large, max-video-preview:-1\" \/>\n<link rel=\"canonical\" href=\"https:\/\/www.electroluxprofessional.com\/se\/\" \/>\n<meta property=\"og:locale\" content=\"sv_SE\" \/>\n<meta property=\"og:type\" content=\"article\" \/>\n<meta property=\"og:title\" content=\"Electrolux Professional - Professionell utrustning f\u00f6r stork\u00f6k, dryck &amp; tv\u00e4tt\" \/>\n<meta property=\"og:description\" content=\"Electrolux Professional erbjuder professionell utrusning f\u00f6r restaurang, stork\u00f6k och tv\u00e4tt. Vi \u00e4r v\u00e4rldsledande inom innovation samt design och v\u00e5rt uppdrag \u00e4r att g\u00f6ra livet enklare och mer l\u00f6nsamt f\u00f6r v\u00e5ra kunder. Vi hj\u00e4lper dig i din verksamhet!\" \/>\n<meta property=\"og:url\" content=\"https:\/\/www.electroluxprofessional.com\/se\/\" \/>\n<meta property=\"og:site_name\" content=\"Electrolux Professional Sverige\" \/>\n<meta property=\"article:modified_time\" content=\"2026-03-09T11:13:52+00:00\" \/>\n<meta name=\"twitter:card\" content=\"summary_large_image\" \/>\n<meta name=\"twitter:label1\" content=\"Ber\u00e4knad l\u00e4stid\" \/>\n\t<meta name=\"twitter:data1\" content=\"3 minuter\" \/>\n<script type=\"application\/ld+json\" class=\"yoast-schema-graph\">{\"@context\":\"https:\/\/schema.org\",\"@graph\":[{\"@type\":\"WebPage\",\"@id\":\"https:\/\/www.electroluxprofessional.com\/se\/\",\"url\":\"https:\/\/www.electroluxprofessional.com\/se\/\",\"name\":\"Electrolux Professional - Professionell utrustning f\u00f6r stork\u00f6k, dryck & tv\u00e4tt\",\"isPartOf\":{\"@id\":\"https:\/\/www.electroluxprofessional.com\/se\/#website\"},\"datePublished\":\"2020-02-28T15:10:23+00:00\",\"dateModified\":\"2026-03-09T11:13:52+00:00\",\"description\":\"Electrolux Professional erbjuder professionell utrusning f\u00f6r restaurang, stork\u00f6k och tv\u00e4tt. Vi \u00e4r v\u00e4rldsledande inom innovation samt design och v\u00e5rt uppdrag \u00e4r att g\u00f6ra livet enklare och mer l\u00f6nsamt f\u00f6r v\u00e5ra kunder. Vi hj\u00e4lper dig i din verksamhet!\",\"breadcrumb\":{\"@id\":\"https:\/\/www.electroluxprofessional.com\/se\/#breadcrumb\"},\"inLanguage\":\"sv-SE\",\"potentialAction\":[{\"@type\":\"ReadAction\",\"target\":[\"https:\/\/www.electroluxprofessional.com\/se\/\"]}]},{\"@type\":\"BreadcrumbList\",\"@id\":\"https:\/\/www.electroluxprofessional.com\/se\/#breadcrumb\",\"itemListElement\":[{\"@type\":\"ListItem\",\"position\":1,\"name\":\"Home\",\"item\":\"https:\/\/www.electroluxprofessional.com\/se\/\"},{\"@type\":\"ListItem\",\"position\":2,\"name\":\"Homepage\"}]},{\"@type\":\"WebSite\",\"@id\":\"https:\/\/www.electroluxprofessional.com\/se\/#website\",\"url\":\"https:\/\/www.electroluxprofessional.com\/se\/\",\"name\":\"Electrolux Professional Sverige\",\"description\":\"\",\"potentialAction\":[{\"@type\":\"SearchAction\",\"target\":{\"@type\":\"EntryPoint\",\"urlTemplate\":\"https:\/\/www.electroluxprofessional.com\/se\/?src={search_term_string}\"},\"query-input\":\"required name=search_term_string\"}],\"inLanguage\":\"sv-SE\"}]}<\/script>\n<!-- \/ Yoast SEO plugin. -->","yoast_head_json":{"title":"Electrolux Professional - Professionell utrustning f\u00f6r stork\u00f6k, dryck & tv\u00e4tt","description":"Electrolux Professional erbjuder professionell utrusning f\u00f6r restaurang, stork\u00f6k och tv\u00e4tt. Vi \u00e4r v\u00e4rldsledande inom innovation samt design och v\u00e5rt uppdrag \u00e4r att g\u00f6ra livet enklare och mer l\u00f6nsamt f\u00f6r v\u00e5ra kunder. Vi hj\u00e4lper dig i din verksamhet!","robots":{"index":"index","follow":"follow","max-snippet":"max-snippet:-1","max-image-preview":"max-image-preview:large","max-video-preview":"max-video-preview:-1"},"canonical":"https:\/\/www.electroluxprofessional.com\/se\/","og_locale":"sv_SE","og_type":"article","og_title":"Electrolux Professional - Professionell utrustning f\u00f6r stork\u00f6k, dryck & tv\u00e4tt","og_description":"Electrolux Professional erbjuder professionell utrusning f\u00f6r restaurang, stork\u00f6k och tv\u00e4tt. Vi \u00e4r v\u00e4rldsledande inom innovation samt design och v\u00e5rt uppdrag \u00e4r att g\u00f6ra livet enklare och mer l\u00f6nsamt f\u00f6r v\u00e5ra kunder. Vi hj\u00e4lper dig i din verksamhet!","og_url":"https:\/\/www.electroluxprofessional.com\/se\/","og_site_name":"Electrolux Professional Sverige","article_modified_time":"2026-03-09T11:13:52+00:00","twitter_card":"summary_large_image","twitter_misc":{"Ber\u00e4knad l\u00e4stid":"3 minuter"},"schema":{"@context":"https:\/\/schema.org","@graph":[{"@type":"WebPage","@id":"https:\/\/www.electroluxprofessional.com\/se\/","url":"https:\/\/www.electroluxprofessional.com\/se\/","name":"Electrolux Professional - Professionell utrustning f\u00f6r stork\u00f6k, dryck & tv\u00e4tt","isPartOf":{"@id":"https:\/\/www.electroluxprofessional.com\/se\/#website"},"datePublished":"2020-02-28T15:10:23+00:00","dateModified":"2026-03-09T11:13:52+00:00","description":"Electrolux Professional erbjuder professionell utrusning f\u00f6r restaurang, stork\u00f6k och tv\u00e4tt. Vi \u00e4r v\u00e4rldsledande inom innovation samt design och v\u00e5rt uppdrag \u00e4r att g\u00f6ra livet enklare och mer l\u00f6nsamt f\u00f6r v\u00e5ra kunder. Vi hj\u00e4lper dig i din verksamhet!","breadcrumb":{"@id":"https:\/\/www.electroluxprofessional.com\/se\/#breadcrumb"},"inLanguage":"sv-SE","potentialAction":[{"@type":"ReadAction","target":["https:\/\/www.electroluxprofessional.com\/se\/"]}]},{"@type":"BreadcrumbList","@id":"https:\/\/www.electroluxprofessional.com\/se\/#breadcrumb","itemListElement":[{"@type":"ListItem","position":1,"name":"Home","item":"https:\/\/www.electroluxprofessional.com\/se\/"},{"@type":"ListItem","position":2,"name":"Homepage"}]},{"@type":"WebSite","@id":"https:\/\/www.electroluxprofessional.com\/se\/#website","url":"https:\/\/www.electroluxprofessional.com\/se\/","name":"Electrolux Professional Sverige","description":"","potentialAction":[{"@type":"SearchAction","target":{"@type":"EntryPoint","urlTemplate":"https:\/\/www.electroluxprofessional.com\/se\/?src={search_term_string}"},"query-input":"required name=search_term_string"}],"inLanguage":"sv-SE"}]}},"_links":{"self":[{"href":"https:\/\/www.electroluxprofessional.com\/se\/wp-json\/wp\/v2\/pages\/8287"}],"collection":[{"href":"https:\/\/www.electroluxprofessional.com\/se\/wp-json\/wp\/v2\/pages"}],"about":[{"href":"https:\/\/www.electroluxprofessional.com\/se\/wp-json\/wp\/v2\/types\/page"}],"author":[{"embeddable":true,"href":"https:\/\/www.electroluxprofessional.com\/se\/wp-json\/wp\/v2\/users\/1"}],"replies":[{"embeddable":true,"href":"https:\/\/www.electroluxprofessional.com\/se\/wp-json\/wp\/v2\/comments?post=8287"}],"version-history":[{"count":141,"href":"https:\/\/www.electroluxprofessional.com\/se\/wp-json\/wp\/v2\/pages\/8287\/revisions"}],"predecessor-version":[{"id":54525,"href":"https:\/\/www.electroluxprofessional.com\/se\/wp-json\/wp\/v2\/pages\/8287\/revisions\/54525"}],"wp:attachment":[{"href":"https:\/\/www.electroluxprofessional.com\/se\/wp-json\/wp\/v2\/media?parent=8287"}],"curies":[{"name":"wp","href":"https:\/\/api.w.org\/{rel}","templated":true}]}}