{"id":6918,"date":"2019-11-19T12:32:42","date_gmt":"2019-11-19T12:32:42","guid":{"rendered":"https:\/\/www.electroluxprofessional.com\/se\/?page_id=6918"},"modified":"2025-11-26T16:17:06","modified_gmt":"2025-11-26T15:17:06","slug":"saljare-flerbostadshus","status":"publish","type":"page","link":"https:\/\/www.electroluxprofessional.com\/se\/saljare-flerbostadshus\/","title":{"rendered":"S\u00e4ljare flerbostadshus"},"content":{"rendered":"<p>[vc_row full_width=&#8221;electroluxpro-full-width-no-padding&#8221;][vc_column][elx_hero_title label=&#8221;&#8221; label_background_color=&#8221;inherit&#8221; background_image=&#8221;6867&#8243;][\/elx_hero_title][\/vc_column][\/vc_row][vc_row css=&#8221;.vc_custom_1573739848613{padding-top: 30px !important;padding-bottom: 30px !important;}&#8221;][vc_column][elx_heading font_container=&#8221;h1&#8243; text_color=&#8221;inherit&#8221;]<strong>Distriktschefer<\/strong> AHL \u2013 Flerbostadshus[\/elx_heading][\/vc_column][\/vc_row][vc_row css=&#8221;.vc_custom_1573741981133{padding-bottom: 30px !important;}&#8221;][vc_column width=&#8221;1\/2&#8243;][vc_column_text el_class=&#8221;personal&#8221;]<\/p>\n<h4><img loading=\"lazy\" decoding=\"async\" class=\"wp-image-7029 size-medium alignleft\" src=\"https:\/\/www.electroluxprofessional.com\/se\/wp-content\/uploads\/2019\/12\/ahl-daniel-300x300_1.jpg\" alt=\"\" width=\"300\" height=\"300\" \/><strong>Daniel \u00d6stlund<\/strong><\/h4>\n<p>Region: S\u00f6dra Sk\u00e5ne, Malm\u00f6, Lund<br \/>\nKontor: Malm\u00f6<br \/>\nTelefon: 0372-665 34<br \/>\n<a href=\"mailto:daniel.ostlund@electroluxprofessional.com\"><span style=\"font-size: small;\">daniel.ostlund@electroluxprofessional.com<\/span><\/a>[\/vc_column_text][\/vc_column][vc_column width=&#8221;1\/2&#8243;][vc_column_text el_class=&#8221;personal&#8221;]<\/p>\n<h4><img loading=\"lazy\" decoding=\"async\" class=\"wp-image-7029 size-medium alignleft\" src=\"https:\/\/www.electroluxprofessional.com\/se\/wp-content\/uploads\/2019\/11\/ahl-johan-jensen-300x300.jpg\" alt=\"\" width=\"300\" height=\"300\" srcset=\"https:\/\/www.electroluxprofessional.com\/se\/wp-content\/uploads\/2019\/11\/ahl-johan-jensen-300x300.jpg 300w, https:\/\/www.electroluxprofessional.com\/se\/wp-content\/uploads\/2019\/11\/ahl-johan-jensen-150x150.jpg 150w, https:\/\/www.electroluxprofessional.com\/se\/wp-content\/uploads\/2019\/11\/ahl-johan-jensen.jpg 400w\" sizes=\"(max-width: 300px) 100vw, 300px\" \/><strong>Johan Jensen<\/strong><\/h4>\n<p>Region: Helsingborg, Norra och<br \/>\nV\u00e4stra Sk\u00e5ne<br \/>\nKontor: Malm\u00f6<br \/>\nTelefon: 0372-665 41<br \/>\n<a href=\"mailto:johan.jensen@electroluxprofessional.com\"><span style=\"font-size: small;\">johan.jensen@electroluxprofessional.com<\/span><\/a>[\/vc_column_text][\/vc_column][\/vc_row][vc_row css=&#8221;.vc_custom_1573741988716{padding-bottom: 30px !important;}&#8221;][vc_column width=&#8221;1\/2&#8243;][vc_column_text el_class=&#8221;personal&#8221;]<\/p>\n<h4><img loading=\"lazy\" decoding=\"async\" class=\"size-full wp-image-49361 alignleft\" src=\"https:\/\/www.electroluxprofessional.com\/se\/wp-content\/uploads\/2025\/04\/Anton-Kroon.jpg\" alt=\"blank\" width=\"300\" height=\"300\" \/><strong>Anton Kroon<\/strong><\/h4>\n<p>Region: Kalmar, Halland, Blekinge,<br \/>\nGotland, Kronoberg<br \/>\nKontor: Ljungby<br \/>\nTelefon: 0372-665 17<br \/>\n<a href=\"mailto:anton.kroon@electroluxprofessional.com\"><span style=\"font-size: small;\">anton.kroon@electroluxprofessional.com<\/span><\/a>[\/vc_column_text][\/vc_column][vc_column width=&#8221;1\/2&#8243;][vc_column_text el_class=&#8221;personal&#8221;]<\/p>\n<h4><img loading=\"lazy\" decoding=\"async\" class=\"wp-image-7031 size-medium alignleft\" src=\"https:\/\/www.electroluxprofessional.com\/se\/wp-content\/uploads\/2019\/11\/ahl-peter-jacobsen-300x300.jpg\" alt=\"\" width=\"300\" height=\"300\" srcset=\"https:\/\/www.electroluxprofessional.com\/se\/wp-content\/uploads\/2019\/11\/ahl-peter-jacobsen-300x300.jpg 300w, https:\/\/www.electroluxprofessional.com\/se\/wp-content\/uploads\/2019\/11\/ahl-peter-jacobsen-150x150.jpg 150w, https:\/\/www.electroluxprofessional.com\/se\/wp-content\/uploads\/2019\/11\/ahl-peter-jacobsen.jpg 400w\" sizes=\"(max-width: 300px) 100vw, 300px\" \/><strong>Peter Jacobsen<\/strong><\/h4>\n<p>Region: V\u00e4stra G\u00f6taland, V\u00e4rmland, G\u00f6teborg<br \/>\nKontor: G\u00f6teborg<br \/>\nTelefon: 0372-665 53<br \/>\n<a href=\"mailto:peter.jacobsen@electroluxprofessional.com\"><span style=\"font-size: small;\">peter.jacobsen@electroluxprofessional.com<\/span><\/a>[\/vc_column_text][\/vc_column][\/vc_row][vc_row css=&#8221;.vc_custom_1573741988716{padding-bottom: 30px !important;}&#8221;][vc_column width=&#8221;1\/2&#8243;][vc_column_text el_class=&#8221;personal&#8221;]<\/p>\n<h4><img loading=\"lazy\" decoding=\"async\" class=\"wp-image-7032 size-medium alignleft\" src=\"https:\/\/www.electroluxprofessional.com\/se\/wp-content\/uploads\/2019\/11\/ahl-martin-300x300.jpg\" alt=\"\" width=\"300\" height=\"300\" srcset=\"https:\/\/www.electroluxprofessional.com\/se\/wp-content\/uploads\/2019\/11\/ahl-martin-300x300.jpg 300w, https:\/\/www.electroluxprofessional.com\/se\/wp-content\/uploads\/2019\/11\/ahl-martin-150x150.jpg 150w, https:\/\/www.electroluxprofessional.com\/se\/wp-content\/uploads\/2019\/11\/ahl-martin.jpg 400w\" sizes=\"(max-width: 300px) 100vw, 300px\" \/><strong>Martin Stolt Perlbo<\/strong><\/h4>\n<p>Region: V\u00e4stra G\u00f6taland, V\u00e4rmland,<br \/>\nG\u00f6teborg<br \/>\nKontor: G\u00f6teborg<br \/>\nTelefon: 0372-665 52<br \/>\n<a href=\"mailto:martin.stolt-perlbo@electroluxprofessional.com\"><span style=\"font-size: small;\">martin.stolt-perlbo@electroluxprofessional.com<\/span><\/a>[\/vc_column_text][\/vc_column][vc_column width=&#8221;1\/2&#8243;][vc_column_text el_class=&#8221;personal&#8221;]<\/p>\n<h4><strong><img loading=\"lazy\" decoding=\"async\" class=\"size-medium wp-image-53723 alignleft\" src=\"https:\/\/www.electroluxprofessional.com\/se\/wp-content\/uploads\/2025\/04\/Hakan-Pettersson_SMALL-277x300.jpg\" alt=\"\" width=\"277\" height=\"300\" srcset=\"https:\/\/www.electroluxprofessional.com\/se\/wp-content\/uploads\/2025\/04\/Hakan-Pettersson_SMALL-277x300.jpg 277w, https:\/\/www.electroluxprofessional.com\/se\/wp-content\/uploads\/2025\/04\/Hakan-Pettersson_SMALL.jpg 293w\" sizes=\"(max-width: 277px) 100vw, 277px\" \/>H\u00e5kan Pettersson<\/strong><\/h4>\n<p>Region: S\u00f6dermanland, \u00d6sterg\u00f6tland samt norra Sm\u00e5land,<br \/>\nKontor: Norrk\u00f6ping<br \/>\nTelefon: 0372-665 42<br \/>\n<a href=\"mailto:hakan.pettersson@electroluxprofessional.com\"><span style=\"font-size: small;\">hakan.pettersson@electroluxprofessional.com<\/span><\/a>[\/vc_column_text][\/vc_column][\/vc_row][vc_row css=&#8221;.vc_custom_1573741988716{padding-bottom: 30px !important;}&#8221;][vc_column width=&#8221;1\/2&#8243;][vc_column_text el_class=&#8221;personal&#8221;]<\/p>\n<h4><img loading=\"lazy\" decoding=\"async\" class=\"size-full wp-image-7459 alignleft\" src=\"https:\/\/www.electroluxprofessional.com\/se\/wp-content\/uploads\/2019\/12\/ahl-fredrik-liner-300x300-1.jpg\" alt=\"\" width=\"300\" height=\"300\" srcset=\"https:\/\/www.electroluxprofessional.com\/se\/wp-content\/uploads\/2019\/12\/ahl-fredrik-liner-300x300-1.jpg 300w, https:\/\/www.electroluxprofessional.com\/se\/wp-content\/uploads\/2019\/12\/ahl-fredrik-liner-300x300-1-150x150.jpg 150w\" sizes=\"(max-width: 300px) 100vw, 300px\" \/><strong>Fredrik Lin\u00e9r<\/strong><\/h4>\n<p>Region: \u00d6rebro, V\u00e4stmanland, Dalarna<br \/>\nKontor: V\u00e4ster\u00e5s<br \/>\nTelefon: 0372-665 39<br \/>\n<a href=\"mailto:fredrik.liner@electroluxprofessional.com\"><span style=\"font-size: small;\">fredrik.liner@electroluxprofessional.com<\/span><\/a>[\/vc_column_text][\/vc_column][vc_column width=&#8221;1\/2&#8243;][vc_column_text el_class=&#8221;personal&#8221;]<\/p>\n<h4><img loading=\"lazy\" decoding=\"async\" class=\"wp-image-7037 size-medium alignleft\" src=\"https:\/\/www.electroluxprofessional.com\/se\/wp-content\/uploads\/2019\/11\/ahl-roger-henriksson-300x300.jpg\" alt=\"\" width=\"300\" height=\"300\" srcset=\"https:\/\/www.electroluxprofessional.com\/se\/wp-content\/uploads\/2019\/11\/ahl-roger-henriksson-300x300.jpg 300w, https:\/\/www.electroluxprofessional.com\/se\/wp-content\/uploads\/2019\/11\/ahl-roger-henriksson-150x150.jpg 150w, https:\/\/www.electroluxprofessional.com\/se\/wp-content\/uploads\/2019\/11\/ahl-roger-henriksson.jpg 400w\" sizes=\"(max-width: 300px) 100vw, 300px\" \/><strong>Roger Henriksson<\/strong><\/h4>\n<p>Kommunala-och privata fastigheter<\/p>\n<p>Region: S\u00f6dra Stockholm<br \/>\nKontor: Stockholm<br \/>\nTelefon: 0372-665 68<br \/>\n<a href=\"mailto:roger.henriksson@electroluxprofessional.com\"><span style=\"font-size: small;\">roger.henriksson@electroluxprofessional.com<\/span><\/a>[\/vc_column_text][\/vc_column][\/vc_row][vc_row css=&#8221;.vc_custom_1573741988716{padding-bottom: 30px !important;}&#8221;][vc_column width=&#8221;1\/2&#8243;][vc_column_text el_class=&#8221;personal&#8221;]<\/p>\n<h4><img loading=\"lazy\" decoding=\"async\" class=\"wp-image-50395 size-full alignleft\" src=\"https:\/\/www.electroluxprofessional.com\/se\/wp-content\/uploads\/2024\/03\/Kevin-Salehi_2024.jpg\" alt=\"\" width=\"250\" height=\"271\" \/><strong>Kevin Salehi<\/strong><\/h4>\n<p>Region: Norra Stockholm<br \/>\nKontor: Stockholm<br \/>\nTelefon: 0372-665 66<br \/>\n<a href=\"mailto:kevin.salehi@electroluxprofessional.com\"><span style=\"font-size: small;\">kevin.salehi@electroluxprofessional.com<\/span><\/a>[\/vc_column_text][\/vc_column][vc_column width=&#8221;1\/2&#8243;][vc_column_text el_class=&#8221;personal&#8221;]<\/p>\n<h4><img loading=\"lazy\" decoding=\"async\" class=\"wp-image-54231 size-full alignleft\" src=\"https:\/\/www.electroluxprofessional.com\/se\/wp-content\/uploads\/2025\/09\/Rickardh-Brodin.png\" alt=\"\" width=\"177\" height=\"195\" \/><strong>Rickardh Brodin<\/strong><\/h4>\n<p>Bostadsr\u00e4tter<\/p>\n<p>Region: S\u00f6dra + norra Stockholm<br \/>\nKontor: Stockholm<br \/>\nTelefon: 0372-660 41<br \/>\n<a href=\"mailto:rickardh.brodin@electroluxprofessional.com\"><span style=\"font-size: small;\">rickardh.brodin@electroluxprofessional.com<\/span><\/a>[\/vc_column_text][\/vc_column][\/vc_row][vc_row css=&#8221;.vc_custom_1573741988716{padding-bottom: 30px !important;}&#8221;][vc_column width=&#8221;1\/2&#8243;][vc_column_text el_class=&#8221;personal&#8221;]<\/p>\n<h4><img loading=\"lazy\" decoding=\"async\" class=\"wp-image-7041 size-medium alignleft\" src=\"https:\/\/www.electroluxprofessional.com\/se\/wp-content\/uploads\/2019\/11\/ahl-peter-k-kjellberg-300x300.jpg\" alt=\"\" width=\"300\" height=\"300\" srcset=\"https:\/\/www.electroluxprofessional.com\/se\/wp-content\/uploads\/2019\/11\/ahl-peter-k-kjellberg-300x300.jpg 300w, https:\/\/www.electroluxprofessional.com\/se\/wp-content\/uploads\/2019\/11\/ahl-peter-k-kjellberg-150x150.jpg 150w, https:\/\/www.electroluxprofessional.com\/se\/wp-content\/uploads\/2019\/11\/ahl-peter-k-kjellberg.jpg 400w\" sizes=\"(max-width: 300px) 100vw, 300px\" \/><strong>Peter K Kjellberg<\/strong><\/h4>\n<p>Region: Uppsala, G\u00e4vleborg<br \/>\nV\u00e4sterNorrland, J\u00e4mtland<br \/>\nKontor: G\u00e4vle<br \/>\nTelefon: 0372-665 49<br \/>\n<a href=\"mailto:peter.k.kjellberg@electroluxprofessional.com\"><span style=\"font-size: small;\">peter.k.kjellberg@electroluxprofessional.com<\/span><\/a>[\/vc_column_text][\/vc_column][vc_column width=&#8221;1\/2&#8243;][vc_column_text el_class=&#8221;personal&#8221;]<\/p>\n<h4><img loading=\"lazy\" decoding=\"async\" class=\"wp-image-7042 size-medium alignleft\" src=\"https:\/\/www.electroluxprofessional.com\/se\/wp-content\/uploads\/2019\/11\/ahl-kenth-300x300.jpg\" alt=\"\" width=\"300\" height=\"300\" srcset=\"https:\/\/www.electroluxprofessional.com\/se\/wp-content\/uploads\/2019\/11\/ahl-kenth-300x300.jpg 300w, https:\/\/www.electroluxprofessional.com\/se\/wp-content\/uploads\/2019\/11\/ahl-kenth-150x150.jpg 150w, https:\/\/www.electroluxprofessional.com\/se\/wp-content\/uploads\/2019\/11\/ahl-kenth.jpg 400w\" sizes=\"(max-width: 300px) 100vw, 300px\" \/><strong>Kenth Wikstr\u00f6m<\/strong><\/h4>\n<p>Region: Norrbotten, V\u00e4sterbotten<br \/>\nRegion: V\u00e4sternorrland<br \/>\nKontor: Ume\u00e5<br \/>\nTelefon: 0372-665 37<br \/>\n<a href=\"mailto:kenth.wikstrom@electroluxprofessional.com\"><span style=\"font-size: small;\">kenth.wikstrom@electroluxprofessional.com<\/span><\/a>[\/vc_column_text][\/vc_column][\/vc_row][vc_row][vc_column][vc_empty_space][\/vc_column][\/vc_row][vc_row css=&#8221;.vc_custom_1573736045991{padding-top: 30px !important;padding-bottom: 30px !important;background-color: #f5f5f5 !important;}&#8221;][vc_column][vc_column_text]<\/p>\n<h2>Kontakta v\u00e5rt huvudkontor<\/h2>\n<p><strong>Electrolux Professional AB<\/strong><\/p>\n<p>Franz\u00e9ngatan 6, 112 51 Stockholm<br \/>\nTelefon huvudv\u00e4xel: 0372\u201366 500[\/vc_column_text][elx_o2000_contact_us s=&#8221;F\u00f6rfr\u00e5gan fr\u00e5n hemsidan.&#8221; country=&#8221;Sweden&#8221; b=&#8221;laundry&#8221; r=&#8221;Jag skulle vilja veta mer om era l\u00f6sningar f\u00f6r flerbostadshus, v\u00e4nligen kontakta mig.&#8221; e=&#8221;jennie.walther@electroluxprofessional.com&#8221; l=&#8221;se&#8221;][\/vc_column][\/vc_row]<\/p>\n","protected":false},"excerpt":{"rendered":"<p>[vc_row full_width=&#8221;electroluxpro-full-width-no-padding&#8221;][vc_column][elx_hero_title label=&#8221;&#8221; label_background_color=&#8221;inherit&#8221; background_image=&#8221;6867&#8243;][\/elx_hero_title][\/vc_column][\/vc_row][vc_row css=&#8221;.vc_custom_1573739848613{padding-top: 30px !important;padding-bottom: 30px !important;}&#8221;][vc_column][elx_heading font_container=&#8221;h1&#8243; text_color=&#8221;inherit&#8221;]Distriktschefer AHL \u2013 Flerbostadshus[\/elx_heading][\/vc_column][\/vc_row][vc_row css=&#8221;.vc_custom_1573741981133{padding-bottom: 30px !important;}&#8221;][vc_column width=&#8221;1\/2&#8243;][vc_column_text el_class=&#8221;personal&#8221;] Daniel \u00d6stlund Region: S\u00f6dra Sk\u00e5ne, Malm\u00f6, Lund Kontor: Malm\u00f6 Telefon: 0372-665 34 daniel.ostlund@electroluxprofessional.com[\/vc_column_text][\/vc_column][vc_column width=&#8221;1\/2&#8243;][vc_column_text el_class=&#8221;personal&#8221;] Johan Jensen Region: Helsingborg, Norra och V\u00e4stra Sk\u00e5ne Kontor: Malm\u00f6 Telefon: 0372-665 41 johan.jensen@electroluxprofessional.com[\/vc_column_text][\/vc_column][\/vc_row][vc_row css=&#8221;.vc_custom_1573741988716{padding-bottom: 30px !important;}&#8221;][vc_column width=&#8221;1\/2&#8243;][vc_column_text el_class=&#8221;personal&#8221;] Anton [&hellip;]<\/p>\n","protected":false},"author":173,"featured_media":0,"parent":0,"menu_order":0,"comment_status":"closed","ping_status":"closed","template":"","meta":{"footnotes":""},"class_list":["post-6918","page","type-page","status-publish","hentry"],"acf":[],"yoast_head":"<!-- This site is optimized with the Yoast SEO plugin v23.3 - https:\/\/yoast.com\/wordpress\/plugins\/seo\/ -->\n<title>Distriktschefer AHL - Flerbostadshus - Electrolux Professional AB<\/title>\n<meta name=\"description\" content=\"H\u00e4r hittar du kontaktuppgifter till Electrolux Professionals distriktschefer f\u00f6r flerbostadshus. V\u00e4lkommen att kontakta oss!\" \/>\n<meta name=\"robots\" content=\"index, follow, max-snippet:-1, max-image-preview:large, max-video-preview:-1\" \/>\n<link rel=\"canonical\" href=\"https:\/\/www.electroluxprofessional.com\/se\/saljare-flerbostadshus\/\" \/>\n<meta property=\"og:locale\" content=\"sv_SE\" \/>\n<meta property=\"og:type\" content=\"article\" \/>\n<meta property=\"og:title\" content=\"Distriktschefer AHL - Flerbostadshus - Electrolux Professional AB\" \/>\n<meta property=\"og:description\" content=\"H\u00e4r hittar du kontaktuppgifter till Electrolux Professionals distriktschefer f\u00f6r flerbostadshus. V\u00e4lkommen att kontakta oss!\" \/>\n<meta property=\"og:url\" content=\"https:\/\/www.electroluxprofessional.com\/se\/saljare-flerbostadshus\/\" \/>\n<meta property=\"og:site_name\" content=\"Electrolux Professional Sverige\" \/>\n<meta property=\"article:modified_time\" content=\"2025-11-26T15:17:06+00:00\" \/>\n<meta property=\"og:image\" content=\"https:\/\/www.electroluxprofessional.com\/se\/wp-content\/uploads\/2019\/12\/ahl-daniel-300x300_1.jpg\" \/>\n<meta name=\"twitter:card\" content=\"summary_large_image\" \/>\n<meta name=\"twitter:label1\" content=\"Ber\u00e4knad l\u00e4stid\" \/>\n\t<meta name=\"twitter:data1\" content=\"4 minuter\" \/>\n<script type=\"application\/ld+json\" class=\"yoast-schema-graph\">{\"@context\":\"https:\/\/schema.org\",\"@graph\":[{\"@type\":\"WebPage\",\"@id\":\"https:\/\/www.electroluxprofessional.com\/se\/saljare-flerbostadshus\/\",\"url\":\"https:\/\/www.electroluxprofessional.com\/se\/saljare-flerbostadshus\/\",\"name\":\"Distriktschefer AHL - Flerbostadshus - Electrolux Professional AB\",\"isPartOf\":{\"@id\":\"https:\/\/www.electroluxprofessional.com\/se\/#website\"},\"primaryImageOfPage\":{\"@id\":\"https:\/\/www.electroluxprofessional.com\/se\/saljare-flerbostadshus\/#primaryimage\"},\"image\":{\"@id\":\"https:\/\/www.electroluxprofessional.com\/se\/saljare-flerbostadshus\/#primaryimage\"},\"thumbnailUrl\":\"https:\/\/www.electroluxprofessional.com\/se\/wp-content\/uploads\/2019\/12\/ahl-daniel-300x300_1.jpg\",\"datePublished\":\"2019-11-19T12:32:42+00:00\",\"dateModified\":\"2025-11-26T15:17:06+00:00\",\"description\":\"H\u00e4r hittar du kontaktuppgifter till Electrolux Professionals distriktschefer f\u00f6r flerbostadshus. V\u00e4lkommen att kontakta oss!\",\"breadcrumb\":{\"@id\":\"https:\/\/www.electroluxprofessional.com\/se\/saljare-flerbostadshus\/#breadcrumb\"},\"inLanguage\":\"sv-SE\",\"potentialAction\":[{\"@type\":\"ReadAction\",\"target\":[\"https:\/\/www.electroluxprofessional.com\/se\/saljare-flerbostadshus\/\"]}]},{\"@type\":\"ImageObject\",\"inLanguage\":\"sv-SE\",\"@id\":\"https:\/\/www.electroluxprofessional.com\/se\/saljare-flerbostadshus\/#primaryimage\",\"url\":\"https:\/\/www.electroluxprofessional.com\/se\/wp-content\/uploads\/2019\/12\/ahl-daniel-300x300_1.jpg\",\"contentUrl\":\"https:\/\/www.electroluxprofessional.com\/se\/wp-content\/uploads\/2019\/12\/ahl-daniel-300x300_1.jpg\",\"width\":300,\"height\":300,\"caption\":\"ahl-daniel-300x300_1\"},{\"@type\":\"BreadcrumbList\",\"@id\":\"https:\/\/www.electroluxprofessional.com\/se\/saljare-flerbostadshus\/#breadcrumb\",\"itemListElement\":[{\"@type\":\"ListItem\",\"position\":1,\"name\":\"Home\",\"item\":\"https:\/\/www.electroluxprofessional.com\/se\/\"},{\"@type\":\"ListItem\",\"position\":2,\"name\":\"S\u00e4ljare flerbostadshus\"}]},{\"@type\":\"WebSite\",\"@id\":\"https:\/\/www.electroluxprofessional.com\/se\/#website\",\"url\":\"https:\/\/www.electroluxprofessional.com\/se\/\",\"name\":\"Electrolux Professional Sverige\",\"description\":\"\",\"potentialAction\":[{\"@type\":\"SearchAction\",\"target\":{\"@type\":\"EntryPoint\",\"urlTemplate\":\"https:\/\/www.electroluxprofessional.com\/se\/?src={search_term_string}\"},\"query-input\":\"required name=search_term_string\"}],\"inLanguage\":\"sv-SE\"}]}<\/script>\n<!-- \/ Yoast SEO plugin. -->","yoast_head_json":{"title":"Distriktschefer AHL - Flerbostadshus - Electrolux Professional AB","description":"H\u00e4r hittar du kontaktuppgifter till Electrolux Professionals distriktschefer f\u00f6r flerbostadshus. V\u00e4lkommen att kontakta oss!","robots":{"index":"index","follow":"follow","max-snippet":"max-snippet:-1","max-image-preview":"max-image-preview:large","max-video-preview":"max-video-preview:-1"},"canonical":"https:\/\/www.electroluxprofessional.com\/se\/saljare-flerbostadshus\/","og_locale":"sv_SE","og_type":"article","og_title":"Distriktschefer AHL - Flerbostadshus - Electrolux Professional AB","og_description":"H\u00e4r hittar du kontaktuppgifter till Electrolux Professionals distriktschefer f\u00f6r flerbostadshus. V\u00e4lkommen att kontakta oss!","og_url":"https:\/\/www.electroluxprofessional.com\/se\/saljare-flerbostadshus\/","og_site_name":"Electrolux Professional Sverige","article_modified_time":"2025-11-26T15:17:06+00:00","og_image":[{"url":"https:\/\/www.electroluxprofessional.com\/se\/wp-content\/uploads\/2019\/12\/ahl-daniel-300x300_1.jpg"}],"twitter_card":"summary_large_image","twitter_misc":{"Ber\u00e4knad l\u00e4stid":"4 minuter"},"schema":{"@context":"https:\/\/schema.org","@graph":[{"@type":"WebPage","@id":"https:\/\/www.electroluxprofessional.com\/se\/saljare-flerbostadshus\/","url":"https:\/\/www.electroluxprofessional.com\/se\/saljare-flerbostadshus\/","name":"Distriktschefer AHL - Flerbostadshus - Electrolux Professional AB","isPartOf":{"@id":"https:\/\/www.electroluxprofessional.com\/se\/#website"},"primaryImageOfPage":{"@id":"https:\/\/www.electroluxprofessional.com\/se\/saljare-flerbostadshus\/#primaryimage"},"image":{"@id":"https:\/\/www.electroluxprofessional.com\/se\/saljare-flerbostadshus\/#primaryimage"},"thumbnailUrl":"https:\/\/www.electroluxprofessional.com\/se\/wp-content\/uploads\/2019\/12\/ahl-daniel-300x300_1.jpg","datePublished":"2019-11-19T12:32:42+00:00","dateModified":"2025-11-26T15:17:06+00:00","description":"H\u00e4r hittar du kontaktuppgifter till Electrolux Professionals distriktschefer f\u00f6r flerbostadshus. V\u00e4lkommen att kontakta oss!","breadcrumb":{"@id":"https:\/\/www.electroluxprofessional.com\/se\/saljare-flerbostadshus\/#breadcrumb"},"inLanguage":"sv-SE","potentialAction":[{"@type":"ReadAction","target":["https:\/\/www.electroluxprofessional.com\/se\/saljare-flerbostadshus\/"]}]},{"@type":"ImageObject","inLanguage":"sv-SE","@id":"https:\/\/www.electroluxprofessional.com\/se\/saljare-flerbostadshus\/#primaryimage","url":"https:\/\/www.electroluxprofessional.com\/se\/wp-content\/uploads\/2019\/12\/ahl-daniel-300x300_1.jpg","contentUrl":"https:\/\/www.electroluxprofessional.com\/se\/wp-content\/uploads\/2019\/12\/ahl-daniel-300x300_1.jpg","width":300,"height":300,"caption":"ahl-daniel-300x300_1"},{"@type":"BreadcrumbList","@id":"https:\/\/www.electroluxprofessional.com\/se\/saljare-flerbostadshus\/#breadcrumb","itemListElement":[{"@type":"ListItem","position":1,"name":"Home","item":"https:\/\/www.electroluxprofessional.com\/se\/"},{"@type":"ListItem","position":2,"name":"S\u00e4ljare flerbostadshus"}]},{"@type":"WebSite","@id":"https:\/\/www.electroluxprofessional.com\/se\/#website","url":"https:\/\/www.electroluxprofessional.com\/se\/","name":"Electrolux Professional Sverige","description":"","potentialAction":[{"@type":"SearchAction","target":{"@type":"EntryPoint","urlTemplate":"https:\/\/www.electroluxprofessional.com\/se\/?src={search_term_string}"},"query-input":"required name=search_term_string"}],"inLanguage":"sv-SE"}]}},"_links":{"self":[{"href":"https:\/\/www.electroluxprofessional.com\/se\/wp-json\/wp\/v2\/pages\/6918"}],"collection":[{"href":"https:\/\/www.electroluxprofessional.com\/se\/wp-json\/wp\/v2\/pages"}],"about":[{"href":"https:\/\/www.electroluxprofessional.com\/se\/wp-json\/wp\/v2\/types\/page"}],"author":[{"embeddable":true,"href":"https:\/\/www.electroluxprofessional.com\/se\/wp-json\/wp\/v2\/users\/173"}],"replies":[{"embeddable":true,"href":"https:\/\/www.electroluxprofessional.com\/se\/wp-json\/wp\/v2\/comments?post=6918"}],"version-history":[{"count":57,"href":"https:\/\/www.electroluxprofessional.com\/se\/wp-json\/wp\/v2\/pages\/6918\/revisions"}],"predecessor-version":[{"id":54851,"href":"https:\/\/www.electroluxprofessional.com\/se\/wp-json\/wp\/v2\/pages\/6918\/revisions\/54851"}],"wp:attachment":[{"href":"https:\/\/www.electroluxprofessional.com\/se\/wp-json\/wp\/v2\/media?parent=6918"}],"curies":[{"name":"wp","href":"https:\/\/api.w.org\/{rel}","templated":true}]}}