{"id":6865,"date":"2019-12-16T15:28:17","date_gmt":"2019-12-16T15:28:17","guid":{"rendered":"https:\/\/www.electroluxprofessional.com\/se\/?page_id=6865"},"modified":"2025-11-26T10:23:27","modified_gmt":"2025-11-26T09:23:27","slug":"saljare-tvatt-i-egen-regi","status":"publish","type":"page","link":"https:\/\/www.electroluxprofessional.com\/se\/saljare-tvatt-i-egen-regi\/","title":{"rendered":"S\u00e4ljare tv\u00e4tt i egen regi"},"content":{"rendered":"<p>[vc_row full_width=&#8221;electroluxpro-full-width-no-padding&#8221;][vc_column][elx_hero_title label=&#8221;&#8221; label_background_color=&#8221;inherit&#8221; background_image=&#8221;6867&#8243;][\/elx_hero_title][\/vc_column][\/vc_row][vc_row css=&#8221;.vc_custom_1573739848613{padding-top: 30px !important;padding-bottom: 30px !important;}&#8221;][vc_column][elx_heading font_container=&#8221;h1&#8243; text_color=&#8221;inherit&#8221;]<strong>Distriktschefer<\/strong> OPL \u2013 Tv\u00e4tt i egen regi[\/elx_heading][\/vc_column][\/vc_row][vc_row css=&#8221;.vc_custom_1573741981133{padding-bottom: 30px !important;}&#8221;][vc_column width=&#8221;1\/2&#8243;][vc_column_text el_class=&#8221;personal&#8221;]<\/p>\n<h4><img loading=\"lazy\" decoding=\"async\" class=\"wp-image-10754 size-full alignleft\" src=\"https:\/\/www.electroluxprofessional.com\/se\/wp-content\/uploads\/2020\/09\/Johannes_300x300.jpg\" alt=\"\" width=\"300\" height=\"300\" srcset=\"https:\/\/www.electroluxprofessional.com\/se\/wp-content\/uploads\/2020\/09\/Johannes_300x300.jpg 300w, https:\/\/www.electroluxprofessional.com\/se\/wp-content\/uploads\/2020\/09\/Johannes_300x300-150x150.jpg 150w\" sizes=\"(max-width: 300px) 100vw, 300px\" \/><strong>Johannes Lindmark<\/strong><\/h4>\n<p>Region: Norrbotten, J\u00e4mtland, V\u00e4sterbotten, V\u00e4sternorrland<br \/>\nKontor: Ume\u00e5<br \/>\nTelefon: 0372-665 43<br \/>\n<a href=\"mailto:johannes.lindmark@electroluxprofessional.com\"><span style=\"font-size: small;\">johannes.lindmark@electroluxprofessional.com<\/span><\/a>[\/vc_column_text][\/vc_column][vc_column width=&#8221;1\/2&#8243;][vc_column_text el_class=&#8221;personal&#8221;]<\/p>\n<h4><img loading=\"lazy\" decoding=\"async\" class=\"wp-image-6876 size-medium alignleft\" src=\"https:\/\/www.electroluxprofessional.com\/se\/wp-content\/uploads\/2019\/11\/per-opl-patrik-300x300.jpg\" alt=\"\" width=\"300\" height=\"300\" srcset=\"https:\/\/www.electroluxprofessional.com\/se\/wp-content\/uploads\/2019\/11\/per-opl-patrik-300x300.jpg 300w, https:\/\/www.electroluxprofessional.com\/se\/wp-content\/uploads\/2019\/11\/per-opl-patrik-150x150.jpg 150w, https:\/\/www.electroluxprofessional.com\/se\/wp-content\/uploads\/2019\/11\/per-opl-patrik.jpg 400w\" sizes=\"(max-width: 300px) 100vw, 300px\" \/><strong>Patrik Persson<br \/>\n<\/strong><\/h4>\n<p>Region: V\u00e4stmanland, V\u00e4rmland, \u00d6rebro, Dalarna, G\u00e4vleborg<br \/>\nKontor: Borl\u00e4nge<br \/>\nTelefon: 0372-665 46<br \/>\n<a href=\"mailto:patrik.persson@electroluxprofessional.com\"><span style=\"font-size: small;\">patrik.persson@electroluxprofessional.com<\/span><\/a>[\/vc_column_text][\/vc_column][\/vc_row][vc_row css=&#8221;.vc_custom_1573741988716{padding-bottom: 30px !important;}&#8221;][vc_column width=&#8221;1\/2&#8243;][vc_column_text el_class=&#8221;personal&#8221;]<\/p>\n<h4><img loading=\"lazy\" decoding=\"async\" class=\"wp-image-6881 size-medium alignleft\" src=\"https:\/\/www.electroluxprofessional.com\/se\/wp-content\/uploads\/2019\/11\/pers-opl-thomas-300x300.jpg\" alt=\"\" width=\"300\" height=\"300\" srcset=\"https:\/\/www.electroluxprofessional.com\/se\/wp-content\/uploads\/2019\/11\/pers-opl-thomas-300x300.jpg 300w, https:\/\/www.electroluxprofessional.com\/se\/wp-content\/uploads\/2019\/11\/pers-opl-thomas-150x150.jpg 150w, https:\/\/www.electroluxprofessional.com\/se\/wp-content\/uploads\/2019\/11\/pers-opl-thomas.jpg 400w\" sizes=\"(max-width: 300px) 100vw, 300px\" \/><strong>Thomas Holm<br \/>\n<\/strong><\/h4>\n<p>Region: S\u00f6dra Stockholm, S\u00f6dert\u00e4lje<br \/>\nKontor: Stockholm<br \/>\nTelefon: 0372-665 59<br \/>\n<a href=\"mailto:thomas.holm@electroluxprofessional.com\"><span style=\"font-size: small;\">thomas.holm@electroluxprofessional.com<\/span><\/a>[\/vc_column_text][\/vc_column][vc_column width=&#8221;1\/2&#8243;][vc_column_text el_class=&#8221;personal&#8221;]<\/p>\n<h4><strong><img loading=\"lazy\" decoding=\"async\" class=\"size-full wp-image-7454 alignleft\" src=\"https:\/\/www.electroluxprofessional.com\/se\/wp-content\/uploads\/2019\/12\/pers-opl-jonas-300x300_1.jpg\" alt=\"\" width=\"300\" height=\"300\" srcset=\"https:\/\/www.electroluxprofessional.com\/se\/wp-content\/uploads\/2019\/12\/pers-opl-jonas-300x300_1.jpg 300w, https:\/\/www.electroluxprofessional.com\/se\/wp-content\/uploads\/2019\/12\/pers-opl-jonas-300x300_1-150x150.jpg 150w\" sizes=\"(max-width: 300px) 100vw, 300px\" \/>Jonas Alfvegren<br \/>\n<\/strong><\/h4>\n<p>Region: Sk\u00e5ne<br \/>\nKontor: Malm\u00f6<br \/>\nTelefon: 0372-665 20<br \/>\n<a href=\"mailto:jonas.alfvegren@electroluxprofessional.com\"><span style=\"font-size: small;\">jonas.alfvegren@electroluxprofessional.com<\/span><\/a>[\/vc_column_text][\/vc_column][\/vc_row][vc_row css=&#8221;.vc_custom_1573741988716{padding-bottom: 30px !important;}&#8221;][vc_column width=&#8221;1\/2&#8243;][vc_column_text el_class=&#8221;personal&#8221;]<\/p>\n<h4><img loading=\"lazy\" decoding=\"async\" class=\"wp-image-6883 size-medium alignleft\" src=\"https:\/\/www.electroluxprofessional.com\/se\/wp-content\/uploads\/2019\/11\/pers-opl-staffan-300x300.jpg\" alt=\"\" width=\"300\" height=\"300\" srcset=\"https:\/\/www.electroluxprofessional.com\/se\/wp-content\/uploads\/2019\/11\/pers-opl-staffan-300x300.jpg 300w, https:\/\/www.electroluxprofessional.com\/se\/wp-content\/uploads\/2019\/11\/pers-opl-staffan-150x150.jpg 150w, https:\/\/www.electroluxprofessional.com\/se\/wp-content\/uploads\/2019\/11\/pers-opl-staffan.jpg 400w\" sizes=\"(max-width: 300px) 100vw, 300px\" \/><strong>Staffan K\u00e4ll<br \/>\n<\/strong><\/h4>\n<p>Region: \u00d6sterg\u00f6tland, S\u00f6dermanland, Norra Sm\u00e5land<br \/>\nKontor: Norrk\u00f6ping<br \/>\nTelefon: 0372-665 44<br \/>\n<a href=\"mailto:staffan.kall@electroluxprofessional.com\"><span style=\"font-size: small;\">staffan.kall@electroluxprofessional.com<\/span><\/a>[\/vc_column_text][\/vc_column][vc_column width=&#8221;1\/2&#8243;][vc_column_text el_class=&#8221;personal&#8221;]<\/p>\n<h4><img loading=\"lazy\" decoding=\"async\" class=\"wp-image-19487 size-medium alignleft\" src=\"https:\/\/www.electroluxprofessional.com\/se\/wp-content\/uploads\/2022\/06\/EPRSE_Petter_Schultz_2-300x300.jpg\" alt=\"\" width=\"300\" height=\"300\" srcset=\"https:\/\/www.electroluxprofessional.com\/se\/wp-content\/uploads\/2022\/06\/EPRSE_Petter_Schultz_2.jpg 300w, https:\/\/www.electroluxprofessional.com\/se\/wp-content\/uploads\/2022\/06\/EPRSE_Petter_Schultz_2-150x150.jpg 150w\" sizes=\"(max-width: 300px) 100vw, 300px\" \/><strong>Petter Schultz<br \/>\n<\/strong><\/h4>\n<p>Region: V\u00e4stra G\u00f6taland, G\u00f6teborg<br \/>\nKontor: G\u00f6teborg<br \/>\nTelefon: 0372-665 48<br \/>\n<a href=\"mailto:petter.schultz@electroluxprofessional.com\"><span style=\"font-size: small;\">petter.schultz@electroluxprofessional.com<\/span><\/a>[\/vc_column_text][\/vc_column][\/vc_row][vc_row css=&#8221;.vc_custom_1573741988716{padding-bottom: 30px !important;}&#8221;][vc_column width=&#8221;1\/2&#8243;][vc_column_text el_class=&#8221;personal&#8221;]<\/p>\n<h4><strong><img loading=\"lazy\" decoding=\"async\" class=\"wp-image-54847 size-full alignleft\" src=\"https:\/\/www.electroluxprofessional.com\/se\/wp-content\/uploads\/2025\/11\/joakim.webp\" alt=\"\" width=\"300\" height=\"300\" srcset=\"https:\/\/www.electroluxprofessional.com\/se\/wp-content\/uploads\/2025\/11\/joakim.webp 300w, https:\/\/www.electroluxprofessional.com\/se\/wp-content\/uploads\/2025\/11\/joakim-150x150.webp 150w\" sizes=\"(max-width: 300px) 100vw, 300px\" \/>Joakim Nordh-Stigenholt<\/strong><\/h4>\n<p>Region: Kalmar, Halland, Kronoberg, Blekinge, Gotland<br \/>\nKontor: Ljungby<br \/>\nTelefon: 0372-665 47<br \/>\n<a href=\"mailto:joakim.nordh-stigenholt@electroluxprofessional.com\"><span style=\"font-size: small;\">joakim.nordh-stigenholt@electroluxprofessional.com<\/span><\/a>[\/vc_column_text][\/vc_column][vc_column width=&#8221;1\/2&#8243;][vc_column_text el_class=&#8221;personal&#8221;]<\/p>\n<h4><img loading=\"lazy\" decoding=\"async\" class=\"alignleft wp-image-54231\" src=\"https:\/\/www.electroluxprofessional.com\/se\/wp-content\/uploads\/2025\/09\/Rickardh-Brodin.png\" alt=\"\" width=\"272\" height=\"300\" \/><strong>Rickardh Brodin<br \/>\n<\/strong><\/h4>\n<p>Region: Norra Stockholm, Uppsala<br \/>\nKontor: Stockholm<br \/>\nTelefon: 0372-660 41<br \/>\n<a href=\"mailto:rickardh.brodin@electroluxprofessional.com\"><span style=\"font-size: small;\">rickardh.brodin@electroluxprofessional.com<\/span><\/a>[\/vc_column_text][\/vc_column][\/vc_row][vc_row][vc_column][vc_empty_space][\/vc_column][\/vc_row][vc_row css=&#8221;.vc_custom_1573736045991{padding-top: 30px !important;padding-bottom: 30px !important;background-color: #f5f5f5 !important;}&#8221;][vc_column][vc_column_text]<\/p>\n<h2>Kontakta Electrolux Professionals huvudkontor<\/h2>\n<p>Franz\u00e9ngatan 6, 112 51\u00a0 Stockholm<br \/>\nTelefon huvudv\u00e4xel: 0372\u201366 500[\/vc_column_text][elx_o2000_contact_us s=&#8221;F\u00f6rfr\u00e5gan fr\u00e5n hemsidan.&#8221; country=&#8221;Sweden&#8221; b=&#8221;laundry&#8221; r=&#8221;Jag skulle vilja veta mer om era OPL-tv\u00e4ttl\u00f6sningar, v\u00e4nligen kontakta mig.&#8221; l=&#8221;se&#8221; e=&#8221;jennie.walther@electroluxprofessional.com&#8221;][\/vc_column][\/vc_row]<\/p>\n","protected":false},"excerpt":{"rendered":"<p>[vc_row full_width=&#8221;electroluxpro-full-width-no-padding&#8221;][vc_column][elx_hero_title label=&#8221;&#8221; label_background_color=&#8221;inherit&#8221; background_image=&#8221;6867&#8243;][\/elx_hero_title][\/vc_column][\/vc_row][vc_row css=&#8221;.vc_custom_1573739848613{padding-top: 30px !important;padding-bottom: 30px !important;}&#8221;][vc_column][elx_heading font_container=&#8221;h1&#8243; text_color=&#8221;inherit&#8221;]Distriktschefer OPL \u2013 Tv\u00e4tt i egen regi[\/elx_heading][\/vc_column][\/vc_row][vc_row css=&#8221;.vc_custom_1573741981133{padding-bottom: 30px !important;}&#8221;][vc_column width=&#8221;1\/2&#8243;][vc_column_text el_class=&#8221;personal&#8221;] Johannes Lindmark Region: Norrbotten, J\u00e4mtland, V\u00e4sterbotten, V\u00e4sternorrland Kontor: Ume\u00e5 Telefon: 0372-665 43 johannes.lindmark@electroluxprofessional.com[\/vc_column_text][\/vc_column][vc_column width=&#8221;1\/2&#8243;][vc_column_text el_class=&#8221;personal&#8221;] Patrik Persson Region: V\u00e4stmanland, V\u00e4rmland, \u00d6rebro, Dalarna, G\u00e4vleborg Kontor: Borl\u00e4nge Telefon: 0372-665 46 patrik.persson@electroluxprofessional.com[\/vc_column_text][\/vc_column][\/vc_row][vc_row css=&#8221;.vc_custom_1573741988716{padding-bottom: 30px !important;}&#8221;][vc_column [&hellip;]<\/p>\n","protected":false},"author":174,"featured_media":0,"parent":0,"menu_order":0,"comment_status":"closed","ping_status":"closed","template":"","meta":{"footnotes":""},"class_list":["post-6865","page","type-page","status-publish","hentry"],"acf":[],"yoast_head":"<!-- This site is optimized with the Yoast SEO plugin v23.3 - https:\/\/yoast.com\/wordpress\/plugins\/seo\/ -->\n<title>Distriktschefer OPL \u2013 Tv\u00e4tt i egen regi - Electrolux Professional AB<\/title>\n<meta name=\"description\" content=\"H\u00e4r hittar du kontaktuppgifter till Electrolux Professionals distriktschefer f\u00f6r OPL \u2013 tv\u00e4tt i egen regi. V\u00e4lkommen att kontakta oss!\" \/>\n<meta name=\"robots\" content=\"index, follow, max-snippet:-1, max-image-preview:large, max-video-preview:-1\" \/>\n<link rel=\"canonical\" href=\"https:\/\/www.electroluxprofessional.com\/se\/saljare-tvatt-i-egen-regi\/\" \/>\n<meta property=\"og:locale\" content=\"sv_SE\" \/>\n<meta property=\"og:type\" content=\"article\" \/>\n<meta property=\"og:title\" content=\"Distriktschefer OPL \u2013 Tv\u00e4tt i egen regi - Electrolux Professional AB\" \/>\n<meta property=\"og:description\" content=\"H\u00e4r hittar du kontaktuppgifter till Electrolux Professionals distriktschefer f\u00f6r OPL \u2013 tv\u00e4tt i egen regi. V\u00e4lkommen att kontakta oss!\" \/>\n<meta property=\"og:url\" content=\"https:\/\/www.electroluxprofessional.com\/se\/saljare-tvatt-i-egen-regi\/\" \/>\n<meta property=\"og:site_name\" content=\"Electrolux Professional Sverige\" \/>\n<meta property=\"article:modified_time\" content=\"2025-11-26T09:23:27+00:00\" \/>\n<meta property=\"og:image\" content=\"https:\/\/www.electroluxprofessional.com\/se\/wp-content\/uploads\/2020\/09\/Johannes_300x300.jpg\" \/>\n<meta name=\"twitter:card\" content=\"summary_large_image\" \/>\n<meta name=\"twitter:label1\" content=\"Ber\u00e4knad l\u00e4stid\" \/>\n\t<meta name=\"twitter:data1\" content=\"3 minuter\" \/>\n<script type=\"application\/ld+json\" class=\"yoast-schema-graph\">{\"@context\":\"https:\/\/schema.org\",\"@graph\":[{\"@type\":\"WebPage\",\"@id\":\"https:\/\/www.electroluxprofessional.com\/se\/saljare-tvatt-i-egen-regi\/\",\"url\":\"https:\/\/www.electroluxprofessional.com\/se\/saljare-tvatt-i-egen-regi\/\",\"name\":\"Distriktschefer OPL \u2013 Tv\u00e4tt i egen regi - Electrolux Professional AB\",\"isPartOf\":{\"@id\":\"https:\/\/www.electroluxprofessional.com\/se\/#website\"},\"primaryImageOfPage\":{\"@id\":\"https:\/\/www.electroluxprofessional.com\/se\/saljare-tvatt-i-egen-regi\/#primaryimage\"},\"image\":{\"@id\":\"https:\/\/www.electroluxprofessional.com\/se\/saljare-tvatt-i-egen-regi\/#primaryimage\"},\"thumbnailUrl\":\"https:\/\/www.electroluxprofessional.com\/se\/wp-content\/uploads\/2020\/09\/Johannes_300x300.jpg\",\"datePublished\":\"2019-12-16T15:28:17+00:00\",\"dateModified\":\"2025-11-26T09:23:27+00:00\",\"description\":\"H\u00e4r hittar du kontaktuppgifter till Electrolux Professionals distriktschefer f\u00f6r OPL \u2013 tv\u00e4tt i egen regi. V\u00e4lkommen att kontakta oss!\",\"breadcrumb\":{\"@id\":\"https:\/\/www.electroluxprofessional.com\/se\/saljare-tvatt-i-egen-regi\/#breadcrumb\"},\"inLanguage\":\"sv-SE\",\"potentialAction\":[{\"@type\":\"ReadAction\",\"target\":[\"https:\/\/www.electroluxprofessional.com\/se\/saljare-tvatt-i-egen-regi\/\"]}]},{\"@type\":\"ImageObject\",\"inLanguage\":\"sv-SE\",\"@id\":\"https:\/\/www.electroluxprofessional.com\/se\/saljare-tvatt-i-egen-regi\/#primaryimage\",\"url\":\"https:\/\/www.electroluxprofessional.com\/se\/wp-content\/uploads\/2020\/09\/Johannes_300x300.jpg\",\"contentUrl\":\"https:\/\/www.electroluxprofessional.com\/se\/wp-content\/uploads\/2020\/09\/Johannes_300x300.jpg\",\"width\":300,\"height\":300,\"caption\":\"Johannes_300x300\"},{\"@type\":\"BreadcrumbList\",\"@id\":\"https:\/\/www.electroluxprofessional.com\/se\/saljare-tvatt-i-egen-regi\/#breadcrumb\",\"itemListElement\":[{\"@type\":\"ListItem\",\"position\":1,\"name\":\"Home\",\"item\":\"https:\/\/www.electroluxprofessional.com\/se\/\"},{\"@type\":\"ListItem\",\"position\":2,\"name\":\"S\u00e4ljare tv\u00e4tt i egen regi\"}]},{\"@type\":\"WebSite\",\"@id\":\"https:\/\/www.electroluxprofessional.com\/se\/#website\",\"url\":\"https:\/\/www.electroluxprofessional.com\/se\/\",\"name\":\"Electrolux Professional Sverige\",\"description\":\"\",\"potentialAction\":[{\"@type\":\"SearchAction\",\"target\":{\"@type\":\"EntryPoint\",\"urlTemplate\":\"https:\/\/www.electroluxprofessional.com\/se\/?src={search_term_string}\"},\"query-input\":\"required name=search_term_string\"}],\"inLanguage\":\"sv-SE\"}]}<\/script>\n<!-- \/ Yoast SEO plugin. -->","yoast_head_json":{"title":"Distriktschefer OPL \u2013 Tv\u00e4tt i egen regi - Electrolux Professional AB","description":"H\u00e4r hittar du kontaktuppgifter till Electrolux Professionals distriktschefer f\u00f6r OPL \u2013 tv\u00e4tt i egen regi. V\u00e4lkommen att kontakta oss!","robots":{"index":"index","follow":"follow","max-snippet":"max-snippet:-1","max-image-preview":"max-image-preview:large","max-video-preview":"max-video-preview:-1"},"canonical":"https:\/\/www.electroluxprofessional.com\/se\/saljare-tvatt-i-egen-regi\/","og_locale":"sv_SE","og_type":"article","og_title":"Distriktschefer OPL \u2013 Tv\u00e4tt i egen regi - Electrolux Professional AB","og_description":"H\u00e4r hittar du kontaktuppgifter till Electrolux Professionals distriktschefer f\u00f6r OPL \u2013 tv\u00e4tt i egen regi. V\u00e4lkommen att kontakta oss!","og_url":"https:\/\/www.electroluxprofessional.com\/se\/saljare-tvatt-i-egen-regi\/","og_site_name":"Electrolux Professional Sverige","article_modified_time":"2025-11-26T09:23:27+00:00","og_image":[{"url":"https:\/\/www.electroluxprofessional.com\/se\/wp-content\/uploads\/2020\/09\/Johannes_300x300.jpg"}],"twitter_card":"summary_large_image","twitter_misc":{"Ber\u00e4knad l\u00e4stid":"3 minuter"},"schema":{"@context":"https:\/\/schema.org","@graph":[{"@type":"WebPage","@id":"https:\/\/www.electroluxprofessional.com\/se\/saljare-tvatt-i-egen-regi\/","url":"https:\/\/www.electroluxprofessional.com\/se\/saljare-tvatt-i-egen-regi\/","name":"Distriktschefer OPL \u2013 Tv\u00e4tt i egen regi - Electrolux Professional AB","isPartOf":{"@id":"https:\/\/www.electroluxprofessional.com\/se\/#website"},"primaryImageOfPage":{"@id":"https:\/\/www.electroluxprofessional.com\/se\/saljare-tvatt-i-egen-regi\/#primaryimage"},"image":{"@id":"https:\/\/www.electroluxprofessional.com\/se\/saljare-tvatt-i-egen-regi\/#primaryimage"},"thumbnailUrl":"https:\/\/www.electroluxprofessional.com\/se\/wp-content\/uploads\/2020\/09\/Johannes_300x300.jpg","datePublished":"2019-12-16T15:28:17+00:00","dateModified":"2025-11-26T09:23:27+00:00","description":"H\u00e4r hittar du kontaktuppgifter till Electrolux Professionals distriktschefer f\u00f6r OPL \u2013 tv\u00e4tt i egen regi. V\u00e4lkommen att kontakta oss!","breadcrumb":{"@id":"https:\/\/www.electroluxprofessional.com\/se\/saljare-tvatt-i-egen-regi\/#breadcrumb"},"inLanguage":"sv-SE","potentialAction":[{"@type":"ReadAction","target":["https:\/\/www.electroluxprofessional.com\/se\/saljare-tvatt-i-egen-regi\/"]}]},{"@type":"ImageObject","inLanguage":"sv-SE","@id":"https:\/\/www.electroluxprofessional.com\/se\/saljare-tvatt-i-egen-regi\/#primaryimage","url":"https:\/\/www.electroluxprofessional.com\/se\/wp-content\/uploads\/2020\/09\/Johannes_300x300.jpg","contentUrl":"https:\/\/www.electroluxprofessional.com\/se\/wp-content\/uploads\/2020\/09\/Johannes_300x300.jpg","width":300,"height":300,"caption":"Johannes_300x300"},{"@type":"BreadcrumbList","@id":"https:\/\/www.electroluxprofessional.com\/se\/saljare-tvatt-i-egen-regi\/#breadcrumb","itemListElement":[{"@type":"ListItem","position":1,"name":"Home","item":"https:\/\/www.electroluxprofessional.com\/se\/"},{"@type":"ListItem","position":2,"name":"S\u00e4ljare tv\u00e4tt i egen regi"}]},{"@type":"WebSite","@id":"https:\/\/www.electroluxprofessional.com\/se\/#website","url":"https:\/\/www.electroluxprofessional.com\/se\/","name":"Electrolux Professional Sverige","description":"","potentialAction":[{"@type":"SearchAction","target":{"@type":"EntryPoint","urlTemplate":"https:\/\/www.electroluxprofessional.com\/se\/?src={search_term_string}"},"query-input":"required name=search_term_string"}],"inLanguage":"sv-SE"}]}},"_links":{"self":[{"href":"https:\/\/www.electroluxprofessional.com\/se\/wp-json\/wp\/v2\/pages\/6865"}],"collection":[{"href":"https:\/\/www.electroluxprofessional.com\/se\/wp-json\/wp\/v2\/pages"}],"about":[{"href":"https:\/\/www.electroluxprofessional.com\/se\/wp-json\/wp\/v2\/types\/page"}],"author":[{"embeddable":true,"href":"https:\/\/www.electroluxprofessional.com\/se\/wp-json\/wp\/v2\/users\/174"}],"replies":[{"embeddable":true,"href":"https:\/\/www.electroluxprofessional.com\/se\/wp-json\/wp\/v2\/comments?post=6865"}],"version-history":[{"count":48,"href":"https:\/\/www.electroluxprofessional.com\/se\/wp-json\/wp\/v2\/pages\/6865\/revisions"}],"predecessor-version":[{"id":54848,"href":"https:\/\/www.electroluxprofessional.com\/se\/wp-json\/wp\/v2\/pages\/6865\/revisions\/54848"}],"wp:attachment":[{"href":"https:\/\/www.electroluxprofessional.com\/se\/wp-json\/wp\/v2\/media?parent=6865"}],"curies":[{"name":"wp","href":"https:\/\/api.w.org\/{rel}","templated":true}]}}