{"id":6351,"date":"2020-09-08T14:26:26","date_gmt":"2020-09-08T14:26:26","guid":{"rendered":"https:\/\/www.electroluxprofessional.com\/se\/?page_id=6351"},"modified":"2020-09-08T14:26:26","modified_gmt":"2020-09-08T14:26:26","slug":"wascator","status":"publish","type":"page","link":"https:\/\/www.electroluxprofessional.com\/se\/laundry\/wascator\/","title":{"rendered":"Wascator &#8211; nu heter vi Electrolux Professional"},"content":{"rendered":"<p>[vc_row full_width=&#8221;electroluxpro-full-width-no-padding&#8221;][vc_column][elx_hero_slider label_text_color=&#8221;inherit&#8221; images=&#8221;10913&#8243;][elx_heading font_container=&#8221;h1&#8243; font_size=&#8221;h2&#8243; text_color=&#8221;inherit&#8221;]<\/p>\n<h1>Letar du efter tv\u00e4ttutrustning fr\u00e5n Wascator?<\/h1>\n<p>D\u00e5 har du kommit r\u00e4tt![\/elx_heading][\/elx_hero_slider][\/vc_column][\/vc_row][vc_row][vc_column css=&#8221;.vc_custom_1464253016404{padding-top: 30px !important;}&#8221;][\/vc_column][\/vc_row][vc_row equal_height=&#8221;yes&#8221;][vc_column width=&#8221;2\/3&#8243;][vc_column_text css=&#8221;.vc_custom_1599574108302{margin-bottom: 0px !important;border-bottom-width: 0px !important;padding-bottom: 0px !important;}&#8221;]<\/p>\n<h2>Wascator\u00a0\u00e4r numera Electrolux Professional<\/h2>\n<p>Wascator \u00e4r ett v\u00e4lk\u00e4nt varum\u00e4rke med en stolt historia. Idag \u00e4gs varum\u00e4rket av Electrolux Professional som fortfarande tillverkar sina professionella tv\u00e4ttmaskiner i Wascators fabrik i sm\u00e5l\u00e4ndska Ljungby. De k\u00e4nnetecknas nu som d\u00e5 av <strong>h\u00f6g kvalitet, l\u00e5ng livsl\u00e4ngd och rej\u00e4l konstruktion<\/strong>. Men numera har de avsev\u00e4rt l\u00e4gre driftskostnader och en annan logotyp p\u00e5 fronten.<\/p>\n<p><strong>M\u00e5nga k\u00e4nner till varum\u00e4rket Wascator<\/strong> som fr\u00e5n 1970 tillverkade tv\u00e4ttprodukter f\u00f6r professionellt bruk under eget namn. Dessa produkter har alltsedan dess ett mycket gott rykte, inte minst f\u00f6r sin p\u00e5visat l\u00e5nga livsl\u00e4ngd och h\u00f6ga kvalitet. Faktum \u00e4r att det fortfarande st\u00e5r m\u00e5nga tv\u00e4ttmaskiner med Wascators logotyp i tv\u00e4ttstugor runt om i v\u00e5rt land. Kanske k\u00e4nner du igen klassiska modellnamn som Electrolux-Wascator W365H (som numera motsvaras av Electrolux Professional W575H eller nya Line 6000 WH6-8), eller kanske\u00a0Wascator KM80, en kallmangel som var mycket popul\u00e4r under de \u00e5r den tillverkades.<\/p>\n<p>[\/vc_column_text][vc_empty_space height=&#8221;64px&#8221;][vc_row_inner][vc_column_inner][vc_empty_space][\/vc_column_inner][\/vc_row_inner][\/vc_column][vc_column width=&#8221;1\/3&#8243;][vc_empty_space height=&#8221;64px&#8221;][vc_empty_space height=&#8221;64px&#8221;][vc_column_text]<\/p>\n<h2>Wascator tv\u00e4ttmaskiner<\/h2>\n<p>anno 1948, 1965 och 1971[\/vc_column_text][vc_single_image image=&#8221;10918&#8243; img_size=&#8221;medium&#8221;][vc_empty_space height=&#8221;64px&#8221;][vc_column_text][\/vc_column_text][\/vc_column][\/vc_row][vc_row equal_height=&#8221;yes&#8221;][vc_column width=&#8221;1\/3&#8243;][vc_empty_space height=&#8221;64px&#8221;][vc_single_image image=&#8221;10848&#8243; img_size=&#8221;medium&#8221;][vc_column_text][\/vc_column_text][\/vc_column][vc_column width=&#8221;2\/3&#8243;][vc_empty_space][vc_column_text css=&#8221;.vc_custom_1599573995015{margin-bottom: 0px !important;border-bottom-width: 0px !important;padding-bottom: 0px !important;}&#8221;]<\/p>\n<h3>\u00c4n idag tillverkas tv\u00e4ttmaskiner i Wascators fabrik i Ljungby<\/h3>\n<p>Wascator f\u00f6rv\u00e4rvades 1973 av Electrolux. En tid tillverkades tv\u00e4ttprodukterna under namnet Electrolux-Wascator, senare endast Electrolux och numera Electrolux Professional. \u00c4n idag tillverkas professionell tv\u00e4ttutrustning med samma h\u00f6ga kvalitet i Wascators fabrik i Ljungby, som sedan dess kontinuerligt moderniserats. Produkterna har utvecklats och <strong>numera \u00e4r Electrolux Professional v\u00e4rldsledande p\u00e5 tv\u00e4ttutrustning f\u00f6r professionellt bruk<\/strong>, inte minst n\u00e4r det g\u00e4ller l\u00e5ga livscykelkostnader. De som idag har en \u00e4ldre Wascator- eller Electroluxmaskin sparar stora summor p\u00e5 den \u00e5rliga driftskostnaden genom att byta upp sig till en modern maskin med l\u00e5genergiteknik. Faktiskt s\u00e5 mycket att en ny maskin sparar in mer pengar \u00e4n den kostar under sin livsl\u00e4ngd.[\/vc_column_text][vc_empty_space height=&#8221;64px&#8221;][\/vc_column][\/vc_row][vc_row equal_height=&#8221;yes&#8221;][vc_column][vc_row_inner][vc_column_inner][vc_empty_space][\/vc_column_inner][\/vc_row_inner][vc_empty_space height=&#8221;64px&#8221;][vc_column_text][\/vc_column_text][vc_column_text css=&#8221;.vc_custom_1599573930577{margin-bottom: 0px !important;border-bottom-width: 0px !important;padding-bottom: 0px !important;}&#8221;]<\/p>\n<h3>Har ni en Wascator tv\u00e4ttmaskin idag och s\u00f6ker en modern ers\u00e4ttare?<\/h3>\n<p>Kontakta oss g\u00e4rna genom att fylla i formul\u00e4ret nedan eller sl\u00e5 en signal, s\u00e5 ber\u00e4ttar vi g\u00e4rna vilken av v\u00e5ra nytillverkade modeller som motsvarar era behov &#8211; och kan ocks\u00e5 ta fram uppgifter p\u00e5 hur stor besparingspotentialen skulle vara om ni byter ut den mot n\u00e5gon av v\u00e5ra moderna l\u00e5genergiprodukter. Visste ni att vi ocks\u00e5 erbjuder kostnadsfria inventeringar och kan hj\u00e4lpa er med att projektera er nya tv\u00e4ttstuga? Dessutom kan ni finansiera ert k\u00f6p genom oss.<\/p>\n<p><span style=\"color: #ffffff;\">.<\/span>[\/vc_column_text][vc_empty_space height=&#8221;64px&#8221;][vc_column_text]<strong>Vill du veta mer?<\/strong><\/p>\n<p>Ring <strong>0372-665 01<\/strong> eller mejla els.sales@electroluxprofessional.com s\u00e5 ber\u00e4ttar vi mer.[\/vc_column_text][vc_empty_space height=&#8221;64px&#8221;][\/vc_column][\/vc_row][vc_row][vc_column][vc_empty_space][\/vc_column][\/vc_row][vc_row][vc_column][vc_row_inner matched_labels=&#8221;&#8221; css=&#8221;.vc_custom_1599574782398{background-color: #efefef !important;}&#8221;][vc_column_inner width=&#8221;1\/2&#8243;][vc_empty_space][vc_column_text]<\/p>\n<h2><strong>L\u00e4r dig mer om<\/strong><\/h2>\n<p>[\/vc_column_text][vc_empty_space][elx_button button_text=&#8221;L\u00e4s mer om v\u00e5ra frontmatade tv\u00e4ttmaskiner&#8221; button_style=&#8221;icon&#8221; button_link=&#8221;url:https%3A%2F%2Fwww.electroluxprofessional.com%2Fse%2Ffrontmatade-tvattmaskiner%2F|title:L%C3%A4s%20mer%20om%20v%C3%A5ra%20frontmatade%20tv%C3%A4ttmaskiner||&#8221;][elx_button button_text=&#8221;L\u00e4s mer om bokningstavlor \/ fastighetskommunikation&#8221; button_style=&#8221;icon&#8221; button_link=&#8221;url:https%3A%2F%2Fwww.electroluxprofessional.com%2Fse%2Flaundry%2Fbokningssystem-tvattstuga%2F|title:L%C3%A4s%20mer%20om%20fastighetskommunikation%20%2F%20bokningstavlor||&#8221;][elx_button button_text=&#8221;L\u00e4s mer om Automatisk dosering&#8221; button_style=&#8221;icon&#8221; button_link=&#8221;url:https%3A%2F%2Fwww.electroluxprofessional.com%2Fse%2Fefficient-dosing-system%2F|title:L%C3%A4s%20mer%20om%20Efficient%20Dosing%20-%20v%C3%A5ra%20automatiska%20doseringssystem||&#8221;][vc_empty_space][\/vc_column_inner][vc_column_inner width=&#8221;1\/2&#8243;][\/vc_column_inner][\/vc_row_inner][\/vc_column][vc_column][elx_heading text_color=&#8221;inherit&#8221; text_align=&#8221;text-justify&#8221;]<strong>Beh\u00f6ver du hj\u00e4lp med att hitta en ers\u00e4ttare till er Wascator tv\u00e4ttmaskin?<\/strong>[\/elx_heading][elx_o2000_contact_us r=&#8221;Jag vill g\u00e4rna f\u00e5 kostnadsfri hj\u00e4lp med att v\u00e4lja ny tv\u00e4ttutrustning. Kontakta mig!&#8221; s=&#8221;Kontakta mig ang\u00e5ende val av ny tv\u00e4ttutrustning&#8221; country=&#8221;Sweden&#8221; l=&#8221;se&#8221; b=&#8221;laundry&#8221;][\/vc_column][\/vc_row][vc_row][vc_column width=&#8221;1\/3&#8243;][elx_maylike_box id_box=&#8221;2834&#8243;][\/vc_column][vc_column width=&#8221;1\/3&#8243;][elx_maylike_box id_box=&#8221;2855&#8243;][\/vc_column][vc_column width=&#8221;1\/3&#8243;][elx_maylike_box id_box=&#8221;10150&#8243;][\/vc_column][\/vc_row]<\/p>\n","protected":false},"excerpt":{"rendered":"<p>[vc_row full_width=&#8221;electroluxpro-full-width-no-padding&#8221;][vc_column][elx_hero_slider label_text_color=&#8221;inherit&#8221; images=&#8221;10913&#8243;][elx_heading font_container=&#8221;h1&#8243; font_size=&#8221;h2&#8243; text_color=&#8221;inherit&#8221;] Letar du efter tv\u00e4ttutrustning fr\u00e5n Wascator? D\u00e5 har du kommit r\u00e4tt![\/elx_heading][\/elx_hero_slider][\/vc_column][\/vc_row][vc_row][vc_column css=&#8221;.vc_custom_1464253016404{padding-top: 30px !important;}&#8221;][\/vc_column][\/vc_row][vc_row equal_height=&#8221;yes&#8221;][vc_column width=&#8221;2\/3&#8243;][vc_column_text css=&#8221;.vc_custom_1599574108302{margin-bottom: 0px !important;border-bottom-width: 0px !important;padding-bottom: 0px !important;}&#8221;] Wascator\u00a0\u00e4r numera Electrolux Professional Wascator \u00e4r ett v\u00e4lk\u00e4nt varum\u00e4rke med en stolt historia. Idag \u00e4gs varum\u00e4rket av Electrolux Professional som fortfarande tillverkar sina professionella tv\u00e4ttmaskiner [&hellip;]<\/p>\n","protected":false},"author":3,"featured_media":0,"parent":2396,"menu_order":0,"comment_status":"closed","ping_status":"closed","template":"","meta":{"footnotes":""},"class_list":["post-6351","page","type-page","status-publish","hentry"],"acf":[],"yoast_head":"<!-- This site is optimized with the Yoast SEO plugin v23.3 - https:\/\/yoast.com\/wordpress\/plugins\/seo\/ -->\n<title>Wascator heter numera Electrolux Professional<\/title>\n<meta name=\"description\" content=\"S\u00f6ker du en ers\u00e4ttare till din Wascator tv\u00e4ttmaskin? D\u00e5 har du hamnat helt r\u00e4tt. Wascator \u00e4gs sedan 1970-talet av Electrolux Professional som fortfarande tillverkar professionell tv\u00e4ttutrustning i samma fabrik i sm\u00e5l\u00e4ndska Ljungby. Men numera erbjuder maskinerna betydligt l\u00e4gre driftskostnader.\" \/>\n<meta name=\"robots\" content=\"index, follow, max-snippet:-1, max-image-preview:large, max-video-preview:-1\" \/>\n<link rel=\"canonical\" href=\"https:\/\/www.electroluxprofessional.com\/se\/laundry\/wascator\/\" \/>\n<meta property=\"og:locale\" content=\"sv_SE\" \/>\n<meta property=\"og:type\" content=\"article\" \/>\n<meta property=\"og:title\" content=\"Wascator heter numera Electrolux Professional\" \/>\n<meta property=\"og:description\" content=\"S\u00f6ker du en ers\u00e4ttare till din Wascator tv\u00e4ttmaskin? D\u00e5 har du hamnat helt r\u00e4tt. Wascator \u00e4gs sedan 1970-talet av Electrolux Professional som fortfarande tillverkar professionell tv\u00e4ttutrustning i samma fabrik i sm\u00e5l\u00e4ndska Ljungby. Men numera erbjuder maskinerna betydligt l\u00e4gre driftskostnader.\" \/>\n<meta property=\"og:url\" content=\"https:\/\/www.electroluxprofessional.com\/se\/laundry\/wascator\/\" \/>\n<meta property=\"og:site_name\" content=\"Electrolux Professional Sverige\" \/>\n<meta name=\"twitter:card\" content=\"summary_large_image\" \/>\n<meta name=\"twitter:label1\" content=\"Ber\u00e4knad l\u00e4stid\" \/>\n\t<meta name=\"twitter:data1\" content=\"5 minuter\" \/>\n<script type=\"application\/ld+json\" class=\"yoast-schema-graph\">{\"@context\":\"https:\/\/schema.org\",\"@graph\":[{\"@type\":\"WebPage\",\"@id\":\"https:\/\/www.electroluxprofessional.com\/se\/laundry\/wascator\/\",\"url\":\"https:\/\/www.electroluxprofessional.com\/se\/laundry\/wascator\/\",\"name\":\"Wascator heter numera Electrolux Professional\",\"isPartOf\":{\"@id\":\"https:\/\/www.electroluxprofessional.com\/se\/#website\"},\"datePublished\":\"2020-09-08T14:26:26+00:00\",\"dateModified\":\"2020-09-08T14:26:26+00:00\",\"description\":\"S\u00f6ker du en ers\u00e4ttare till din Wascator tv\u00e4ttmaskin? D\u00e5 har du hamnat helt r\u00e4tt. Wascator \u00e4gs sedan 1970-talet av Electrolux Professional som fortfarande tillverkar professionell tv\u00e4ttutrustning i samma fabrik i sm\u00e5l\u00e4ndska Ljungby. Men numera erbjuder maskinerna betydligt l\u00e4gre driftskostnader.\",\"breadcrumb\":{\"@id\":\"https:\/\/www.electroluxprofessional.com\/se\/laundry\/wascator\/#breadcrumb\"},\"inLanguage\":\"sv-SE\",\"potentialAction\":[{\"@type\":\"ReadAction\",\"target\":[\"https:\/\/www.electroluxprofessional.com\/se\/laundry\/wascator\/\"]}]},{\"@type\":\"BreadcrumbList\",\"@id\":\"https:\/\/www.electroluxprofessional.com\/se\/laundry\/wascator\/#breadcrumb\",\"itemListElement\":[{\"@type\":\"ListItem\",\"position\":1,\"name\":\"Home\",\"item\":\"https:\/\/www.electroluxprofessional.com\/se\/\"},{\"@type\":\"ListItem\",\"position\":2,\"name\":\"Laundry\",\"item\":\"https:\/\/www.electroluxprofessional.com\/se\/laundry\/\"},{\"@type\":\"ListItem\",\"position\":3,\"name\":\"Wascator &#8211; nu heter vi Electrolux Professional\"}]},{\"@type\":\"WebSite\",\"@id\":\"https:\/\/www.electroluxprofessional.com\/se\/#website\",\"url\":\"https:\/\/www.electroluxprofessional.com\/se\/\",\"name\":\"Electrolux Professional Sverige\",\"description\":\"\",\"potentialAction\":[{\"@type\":\"SearchAction\",\"target\":{\"@type\":\"EntryPoint\",\"urlTemplate\":\"https:\/\/www.electroluxprofessional.com\/se\/?src={search_term_string}\"},\"query-input\":\"required name=search_term_string\"}],\"inLanguage\":\"sv-SE\"}]}<\/script>\n<!-- \/ Yoast SEO plugin. -->","yoast_head_json":{"title":"Wascator heter numera Electrolux Professional","description":"S\u00f6ker du en ers\u00e4ttare till din Wascator tv\u00e4ttmaskin? D\u00e5 har du hamnat helt r\u00e4tt. Wascator \u00e4gs sedan 1970-talet av Electrolux Professional som fortfarande tillverkar professionell tv\u00e4ttutrustning i samma fabrik i sm\u00e5l\u00e4ndska Ljungby. Men numera erbjuder maskinerna betydligt l\u00e4gre driftskostnader.","robots":{"index":"index","follow":"follow","max-snippet":"max-snippet:-1","max-image-preview":"max-image-preview:large","max-video-preview":"max-video-preview:-1"},"canonical":"https:\/\/www.electroluxprofessional.com\/se\/laundry\/wascator\/","og_locale":"sv_SE","og_type":"article","og_title":"Wascator heter numera Electrolux Professional","og_description":"S\u00f6ker du en ers\u00e4ttare till din Wascator tv\u00e4ttmaskin? D\u00e5 har du hamnat helt r\u00e4tt. Wascator \u00e4gs sedan 1970-talet av Electrolux Professional som fortfarande tillverkar professionell tv\u00e4ttutrustning i samma fabrik i sm\u00e5l\u00e4ndska Ljungby. Men numera erbjuder maskinerna betydligt l\u00e4gre driftskostnader.","og_url":"https:\/\/www.electroluxprofessional.com\/se\/laundry\/wascator\/","og_site_name":"Electrolux Professional Sverige","twitter_card":"summary_large_image","twitter_misc":{"Ber\u00e4knad l\u00e4stid":"5 minuter"},"schema":{"@context":"https:\/\/schema.org","@graph":[{"@type":"WebPage","@id":"https:\/\/www.electroluxprofessional.com\/se\/laundry\/wascator\/","url":"https:\/\/www.electroluxprofessional.com\/se\/laundry\/wascator\/","name":"Wascator heter numera Electrolux Professional","isPartOf":{"@id":"https:\/\/www.electroluxprofessional.com\/se\/#website"},"datePublished":"2020-09-08T14:26:26+00:00","dateModified":"2020-09-08T14:26:26+00:00","description":"S\u00f6ker du en ers\u00e4ttare till din Wascator tv\u00e4ttmaskin? D\u00e5 har du hamnat helt r\u00e4tt. Wascator \u00e4gs sedan 1970-talet av Electrolux Professional som fortfarande tillverkar professionell tv\u00e4ttutrustning i samma fabrik i sm\u00e5l\u00e4ndska Ljungby. Men numera erbjuder maskinerna betydligt l\u00e4gre driftskostnader.","breadcrumb":{"@id":"https:\/\/www.electroluxprofessional.com\/se\/laundry\/wascator\/#breadcrumb"},"inLanguage":"sv-SE","potentialAction":[{"@type":"ReadAction","target":["https:\/\/www.electroluxprofessional.com\/se\/laundry\/wascator\/"]}]},{"@type":"BreadcrumbList","@id":"https:\/\/www.electroluxprofessional.com\/se\/laundry\/wascator\/#breadcrumb","itemListElement":[{"@type":"ListItem","position":1,"name":"Home","item":"https:\/\/www.electroluxprofessional.com\/se\/"},{"@type":"ListItem","position":2,"name":"Laundry","item":"https:\/\/www.electroluxprofessional.com\/se\/laundry\/"},{"@type":"ListItem","position":3,"name":"Wascator &#8211; nu heter vi Electrolux Professional"}]},{"@type":"WebSite","@id":"https:\/\/www.electroluxprofessional.com\/se\/#website","url":"https:\/\/www.electroluxprofessional.com\/se\/","name":"Electrolux Professional Sverige","description":"","potentialAction":[{"@type":"SearchAction","target":{"@type":"EntryPoint","urlTemplate":"https:\/\/www.electroluxprofessional.com\/se\/?src={search_term_string}"},"query-input":"required name=search_term_string"}],"inLanguage":"sv-SE"}]}},"_links":{"self":[{"href":"https:\/\/www.electroluxprofessional.com\/se\/wp-json\/wp\/v2\/pages\/6351"}],"collection":[{"href":"https:\/\/www.electroluxprofessional.com\/se\/wp-json\/wp\/v2\/pages"}],"about":[{"href":"https:\/\/www.electroluxprofessional.com\/se\/wp-json\/wp\/v2\/types\/page"}],"author":[{"embeddable":true,"href":"https:\/\/www.electroluxprofessional.com\/se\/wp-json\/wp\/v2\/users\/3"}],"replies":[{"embeddable":true,"href":"https:\/\/www.electroluxprofessional.com\/se\/wp-json\/wp\/v2\/comments?post=6351"}],"version-history":[{"count":67,"href":"https:\/\/www.electroluxprofessional.com\/se\/wp-json\/wp\/v2\/pages\/6351\/revisions"}],"predecessor-version":[{"id":21409,"href":"https:\/\/www.electroluxprofessional.com\/se\/wp-json\/wp\/v2\/pages\/6351\/revisions\/21409"}],"up":[{"embeddable":true,"href":"https:\/\/www.electroluxprofessional.com\/se\/wp-json\/wp\/v2\/pages\/2396"}],"wp:attachment":[{"href":"https:\/\/www.electroluxprofessional.com\/se\/wp-json\/wp\/v2\/media?parent=6351"}],"curies":[{"name":"wp","href":"https:\/\/api.w.org\/{rel}","templated":true}]}}