{"id":5823,"date":"2019-03-20T12:19:10","date_gmt":"2019-03-20T12:19:10","guid":{"rendered":"https:\/\/www.electroluxprofessional.com\/se\/?page_id=5823"},"modified":"2025-05-16T09:50:30","modified_gmt":"2025-05-16T08:50:30","slug":"broschyrer","status":"publish","type":"page","link":"https:\/\/www.electroluxprofessional.com\/se\/broschyrer\/","title":{"rendered":"Broschyrer"},"content":{"rendered":"<p>[vc_row][vc_column][elx_heading font_container=&#8221;h1&#8243; text_color=&#8221;inherit&#8221;]Broschyrer[\/elx_heading][\/vc_column][\/vc_row][vc_row][vc_column][vc_empty_space][\/vc_column][\/vc_row][vc_row][vc_column][elx_heading text_color=&#8221;inherit&#8221;]Flerbostadshus (AHL)[\/elx_heading][\/vc_column][\/vc_row][vc_row][vc_column][vc_empty_space][\/vc_column][\/vc_row][vc_row][vc_column width=&#8221;1\/4&#8243;][vc_single_image image=&#8221;7695&#8243; img_size=&#8221;full&#8221; onclick=&#8221;custom_link&#8221; img_link_target=&#8221;_blank&#8221; link=&#8221;https:\/\/www.electroluxprofessional.com\/se\/wp-content\/uploads\/2020\/07\/Electrolux_Line-6000-Perfect-Couple-SE-LR.pdf&#8221;][vc_column_text]The perfect couple[\/vc_column_text][vc_empty_space][\/vc_column][vc_column width=&#8221;1\/4&#8243;][vc_single_image image=&#8221;10308&#8243; img_size=&#8221;full&#8221; onclick=&#8221;custom_link&#8221; img_link_target=&#8221;_blank&#8221; link=&#8221;https:\/\/www.electroluxprofessional.com\/se\/wp-content\/uploads\/2020\/07\/L6000-Washers-Dryers-Leaflet-SE-LR.pdf&#8221;][vc_column_text]AHL Flerbostadshus[\/vc_column_text][vc_empty_space][\/vc_column][vc_column width=&#8221;1\/4&#8243;][vc_single_image image=&#8221;7686&#8243; img_size=&#8221;full&#8221; onclick=&#8221;custom_link&#8221; img_link_target=&#8221;_blank&#8221; link=&#8221;https:\/\/www.electroluxprofessional.com\/se\/wp-content\/uploads\/2020\/07\/Bekymmersfri-Textilv\u00e5rd-2020-EPR-LR.pdf&#8221;][vc_column_text]Bekymmersfri Textilv\u00e5rd[\/vc_column_text][vc_empty_space][\/vc_column][vc_column width=&#8221;1\/4&#8243;][vc_single_image image=&#8221;17336&#8243; img_size=&#8221;full&#8221; onclick=&#8221;custom_link&#8221; img_link_target=&#8221;_blank&#8221; link=&#8221;https:\/\/www.electroluxprofessional.com\/se\/wp-content\/uploads\/2022\/01\/Guidelines-Projektering_2022.pdf&#8221;][vc_column_text]Guidelines projektering[\/vc_column_text][vc_empty_space][\/vc_column][\/vc_row][vc_row][vc_column width=&#8221;1\/4&#8243;][vc_single_image image=&#8221;52517&#8243; img_size=&#8221;full&#8221; onclick=&#8221;custom_link&#8221; img_link_target=&#8221;_blank&#8221; link=&#8221;https:\/\/www.electroluxprofessional.com\/se\/wp-content\/uploads\/2024\/07\/EPR_5_Prof-Fastighetskommunikation-8sid_web.pdf&#8221;][vc_column_text]Bokningstavla \u2013 professionell<br \/>\nfastighetskommunikation[\/vc_column_text][vc_empty_space][\/vc_column][vc_column width=&#8221;1\/4&#8243;][vc_single_image image=&#8221;52518&#8243; img_size=&#8221;full&#8221; onclick=&#8221;custom_link&#8221; img_link_target=&#8221;_blank&#8221; link=&#8221;https:\/\/www.electroluxprofessional.com\/se\/wp-content\/uploads\/2024\/07\/EPR_4_Unika-Egenskaper_Bokningstavla_A4_web.pdf&#8221;][vc_column_text]Bokningstavla \u2013<br \/>\nunika f\u00f6rdelar[\/vc_column_text][vc_empty_space][\/vc_column][vc_column width=&#8221;1\/4&#8243;][vc_single_image image=&#8221;52519&#8243; img_size=&#8221;full&#8221; onclick=&#8221;custom_link&#8221; img_link_target=&#8221;_blank&#8221; link=&#8221;https:\/\/www.electroluxprofessional.com\/se\/wp-content\/uploads\/2024\/07\/EPR_2_Information-om_ADMIN_Payment_Mobil_web.pdf&#8221;][vc_column_text]Bokningssystem \u2013<br \/>\nadmin, payment och mobil[\/vc_column_text][vc_empty_space][\/vc_column][vc_column width=&#8221;1\/4&#8243;][vc_single_image image=&#8221;52520&#8243; img_size=&#8221;full&#8221; onclick=&#8221;custom_link&#8221; img_link_target=&#8221;_blank&#8221; link=&#8221;https:\/\/www.electroluxprofessional.com\/se\/wp-content\/uploads\/2024\/09\/Line-6000-AHL-Flerbostad_240416_lowres.pdf&#8221;][vc_column_text]Professionella l\u00f6sningar<br \/>\nf\u00f6r flerbostadshus[\/vc_column_text][vc_empty_space][\/vc_column][\/vc_row][vc_row][vc_column][elx_heading text_color=&#8221;inherit&#8221;]Tv\u00e4tt i egen regi (OPL)[\/elx_heading][\/vc_column][\/vc_row][vc_row][vc_column][vc_empty_space][\/vc_column][\/vc_row][vc_row][vc_column width=&#8221;1\/4&#8243;][vc_single_image image=&#8221;52688&#8243; img_size=&#8221;full&#8221; onclick=&#8221;custom_link&#8221; img_link_target=&#8221;_blank&#8221; link=&#8221;https:\/\/www.electroluxprofessional.com\/se\/wp-content\/uploads\/2024\/12\/Lagoon_Broschyr_16s_A4_241206_lowres2.pdf&#8221;][vc_column_text]lagoon Advanced Care[\/vc_column_text][vc_empty_space][\/vc_column][vc_column width=&#8221;1\/4&#8243;][vc_single_image image=&#8221;10312&#8243; img_size=&#8221;full&#8221; onclick=&#8221;custom_link&#8221; img_link_target=&#8221;_blank&#8221; link=&#8221;https:\/\/www.electroluxprofessional.com\/se\/wp-content\/uploads\/2021\/02\/OPL-STAD-2021-EPR-LR.pdf&#8221;][vc_column_text]St\u00e4d \/ Facility management[\/vc_column_text][vc_empty_space][\/vc_column][vc_column width=&#8221;1\/4&#8243;][vc_single_image image=&#8221;7692&#8243; img_size=&#8221;full&#8221; onclick=&#8221;custom_link&#8221; img_link_target=&#8221;_blank&#8221; link=&#8221;https:\/\/www.electroluxprofessional.com\/se\/wp-content\/uploads\/2020\/07\/Campingbroschyr-2020-EPR-LR.pdf&#8221;][vc_column_text]Camping[\/vc_column_text][vc_empty_space][\/vc_column][vc_column width=&#8221;1\/4&#8243;][vc_empty_space][\/vc_column][\/vc_row][vc_row][vc_column width=&#8221;1\/4&#8243;][vc_single_image image=&#8221;10328&#8243; img_size=&#8221;full&#8221; onclick=&#8221;custom_link&#8221; img_link_target=&#8221;_blank&#8221; link=&#8221;https:\/\/www.electroluxprofessional.com\/se\/wp-content\/uploads\/2020\/07\/OPL-BRAND-8-sidig-segmentsbroschyr-EPR-SE-2020-LR.pdf&#8221;][vc_column_text]R\u00e4ddningstj\u00e4nst\/brand[\/vc_column_text][vc_empty_space][\/vc_column][vc_column width=&#8221;1\/4&#8243;][vc_single_image image=&#8221;10371&#8243; img_size=&#8221;full&#8221; onclick=&#8221;custom_link&#8221; img_link_target=&#8221;_blank&#8221; link=&#8221;https:\/\/www.electroluxprofessional.com\/se\/wp-content\/uploads\/2020\/07\/Line6000-segmentflyer-MARIN-EPR2020-SE-LR.pdf&#8221;][vc_column_text]Marin[\/vc_column_text][vc_empty_space][\/vc_column][vc_column width=&#8221;1\/4&#8243;][vc_single_image image=&#8221;10475&#8243; img_size=&#8221;full&#8221; onclick=&#8221;custom_link&#8221; img_link_target=&#8221;_blank&#8221; link=&#8221;https:\/\/www.electroluxprofessional.com\/se\/wp-content\/uploads\/2020\/07\/Electrolux-line6000-care-EPR-SE-2020-LR.pdf&#8221;][vc_column_text]V\u00e5rd och omsorg[\/vc_column_text][vc_empty_space][\/vc_column][vc_column width=&#8221;1\/4&#8243;][vc_single_image image=&#8221;13301&#8243; img_size=&#8221;full&#8221; onclick=&#8221;custom_link&#8221; img_link_target=&#8221;_blank&#8221; link=&#8221;https:\/\/www.electroluxprofessional.com\/se\/wp-content\/uploads\/2021\/02\/Kommun-Forskola-Broschyr-EPR-2021-FINAL-LR.pdf&#8221;][vc_column_text]Kommun\/f\u00f6rskola[\/vc_column_text][vc_empty_space][\/vc_column][\/vc_row][vc_row][vc_column][elx_heading text_color=&#8221;inherit&#8221;]Essentia \/ Customer Care \/ Service[\/elx_heading][\/vc_column][\/vc_row][vc_row][vc_column][vc_empty_space][\/vc_column][\/vc_row][vc_row][vc_column width=&#8221;1\/4&#8243;][vc_single_image image=&#8221;12742&#8243; img_size=&#8221;full&#8221; onclick=&#8221;custom_link&#8221; img_link_target=&#8221;_blank&#8221; link=&#8221;https:\/\/www.electroluxprofessional.com\/se\/wp-content\/uploads\/2020\/07\/A4-ESSENTIA-KEM-broschyr-EPR-2020-LR.pdf&#8221;][vc_column_text]Essentia tv\u00e4ttmedel[\/vc_column_text][vc_empty_space][\/vc_column][vc_column width=&#8221;1\/4&#8243;][vc_single_image image=&#8221;10303&#8243; img_size=&#8221;full&#8221; onclick=&#8221;custom_link&#8221; img_link_target=&#8221;_blank&#8221; link=&#8221;https:\/\/www.electroluxprofessional.com\/se\/wp-content\/uploads\/2020\/07\/ELS_Laundry_Accessories_SE-EPR-2020-LR.pdf&#8221;][vc_column_text]Essentia tillbeh\u00f6r[\/vc_column_text][vc_empty_space][\/vc_column][vc_column width=&#8221;1\/4&#8243;][vc_single_image image=&#8221;51600&#8243; img_size=&#8221;full&#8221; onclick=&#8221;custom_link&#8221; img_link_target=&#8221;_blank&#8221; link=&#8221;https:\/\/www.electroluxprofessional.com\/se\/wp-content\/uploads\/2024\/07\/Essentia_Broschyr_8sid_240709.pdf&#8221;][vc_column_text]Essentia serviceavtal[\/vc_column_text][vc_empty_space][\/vc_column][vc_column width=&#8221;1\/4&#8243;][vc_empty_space][\/vc_column][\/vc_row][vc_row][vc_column width=&#8221;1\/4&#8243;][vc_single_image image=&#8221;10366&#8243; img_size=&#8221;full&#8221; onclick=&#8221;custom_link&#8221; img_link_target=&#8221;_blank&#8221; link=&#8221;https:\/\/www.electroluxprofessional.com\/se\/wp-content\/uploads\/2020\/07\/A4-HYGIENPAKET2019_SV-EPR-2020-LR.pdf&#8221;][vc_column_text]Essentia hygienpaket[\/vc_column_text][vc_empty_space][\/vc_column][vc_column width=&#8221;1\/4&#8243;][vc_single_image image=&#8221;10593&#8243; img_size=&#8221;full&#8221; onclick=&#8221;custom_link&#8221; img_link_target=&#8221;_blank&#8221; link=&#8221;https:\/\/www.electroluxprofessional.com\/se\/wp-content\/uploads\/2021\/01\/Garantitid-2021-EPR.pdf&#8221;][vc_column_text]Essentia garantitid[\/vc_column_text][vc_empty_space][\/vc_column][vc_column width=&#8221;1\/4&#8243;][vc_single_image image=&#8221;12741&#8243; img_size=&#8221;full&#8221; onclick=&#8221;custom_link&#8221; img_link_target=&#8221;_blank&#8221; link=&#8221;https:\/\/www.electroluxprofessional.com\/se\/wp-content\/uploads\/2020\/08\/Garantivillkor-2020-EPR.pdf&#8221;][vc_column_text]Essentia garantivillkor[\/vc_column_text][vc_empty_space][\/vc_column][vc_column width=&#8221;1\/4&#8243;][vc_single_image image=&#8221;14957&#8243; img_size=&#8221;full&#8221; onclick=&#8221;custom_link&#8221; img_link_target=&#8221;_blank&#8221; link=&#8221;https:\/\/www.electroluxprofessional.com\/se\/wp-content\/uploads\/2024\/12\/EPRSE_brochure_CERTIFIED_Inkl-Tabell_2023.pdf&#8221;][vc_column_text]Certified Program[\/vc_column_text][vc_empty_space][\/vc_column][\/vc_row][vc_row][vc_column][elx_heading text_color=&#8221;inherit&#8221;]Produktbroschyrer[\/elx_heading][\/vc_column][\/vc_row][vc_row][vc_column][vc_empty_space][\/vc_column][\/vc_row][vc_row][vc_column width=&#8221;1\/4&#8243;][vc_single_image image=&#8221;52693&#8243; img_size=&#8221;full&#8221; onclick=&#8221;custom_link&#8221; img_link_target=&#8221;_blank&#8221; link=&#8221;https:\/\/www.electroluxprofessional.com\/se\/wp-content\/uploads\/2024\/12\/EPRSE_brochure_Shaping-The-Effortless_240417.pdf&#8221;][vc_column_text]Line 6000 tv\u00e4tt\/tork[\/vc_column_text][vc_empty_space][\/vc_column][vc_column width=&#8221;1\/4&#8243;][vc_single_image image=&#8221;13470&#8243; img_size=&#8221;full&#8221; onclick=&#8221;custom_link&#8221; img_link_target=&#8221;_blank&#8221; link=&#8221;https:\/\/www.electroluxprofessional.com\/se\/wp-content\/uploads\/2021\/02\/Produktblad-tvattvagn-LanCarPro-2021-EPR-LR.pdf&#8221;][vc_column_text]LanCarPro tv\u00e4ttvagn[\/vc_column_text][vc_empty_space][\/vc_column][vc_column width=&#8221;1\/4&#8243;][vc_single_image image=&#8221;10373&#8243; img_size=&#8221;full&#8221; onclick=&#8221;custom_link&#8221; img_link_target=&#8221;_blank&#8221; link=&#8221;https:\/\/www.electroluxprofessional.com\/se\/wp-content\/uploads\/2020\/07\/myPRO-2020-EPR-FINAL-SE-LR.pdf&#8221;][vc_column_text]myPRO \/ mindre verksamheter[\/vc_column_text][vc_empty_space][\/vc_column][\/vc_row][vc_row][vc_column][elx_heading text_color=&#8221;inherit&#8221;]\u00d6vriga broschyrer[\/elx_heading][\/vc_column][\/vc_row][vc_row][vc_column][vc_empty_space][\/vc_column][\/vc_row][vc_row][vc_column width=&#8221;1\/4&#8243;][vc_single_image image=&#8221;10578&#8243; img_size=&#8221;full&#8221; onclick=&#8221;custom_link&#8221; img_link_target=&#8221;_blank&#8221; link=&#8221;https:\/\/www.electroluxprofessional.com\/se\/wp-content\/uploads\/2020\/07\/Electrolux_Professional_Finansiering-2020-EPR-LE.pdf&#8221;][vc_column_text]Finansiering[\/vc_column_text][vc_empty_space][\/vc_column][vc_column width=&#8221;1\/4&#8243;][vc_empty_space][\/vc_column][vc_column width=&#8221;1\/4&#8243;][vc_empty_space][\/vc_column][\/vc_row]<\/p>\n","protected":false},"excerpt":{"rendered":"<p>[vc_row][vc_column][elx_heading font_container=&#8221;h1&#8243; text_color=&#8221;inherit&#8221;]Broschyrer[\/elx_heading][\/vc_column][\/vc_row][vc_row][vc_column][vc_empty_space][\/vc_column][\/vc_row][vc_row][vc_column][elx_heading text_color=&#8221;inherit&#8221;]Flerbostadshus (AHL)[\/elx_heading][\/vc_column][\/vc_row][vc_row][vc_column][vc_empty_space][\/vc_column][\/vc_row][vc_row][vc_column width=&#8221;1\/4&#8243;][vc_single_image image=&#8221;7695&#8243; img_size=&#8221;full&#8221; onclick=&#8221;custom_link&#8221; img_link_target=&#8221;_blank&#8221; link=&#8221;https:\/\/www.electroluxprofessional.com\/se\/wp-content\/uploads\/2020\/07\/Electrolux_Line-6000-Perfect-Couple-SE-LR.pdf&#8221;][vc_column_text]The perfect couple[\/vc_column_text][vc_empty_space][\/vc_column][vc_column width=&#8221;1\/4&#8243;][vc_single_image image=&#8221;10308&#8243; img_size=&#8221;full&#8221; onclick=&#8221;custom_link&#8221; img_link_target=&#8221;_blank&#8221; link=&#8221;https:\/\/www.electroluxprofessional.com\/se\/wp-content\/uploads\/2020\/07\/L6000-Washers-Dryers-Leaflet-SE-LR.pdf&#8221;][vc_column_text]AHL Flerbostadshus[\/vc_column_text][vc_empty_space][\/vc_column][vc_column width=&#8221;1\/4&#8243;][vc_single_image image=&#8221;7686&#8243; img_size=&#8221;full&#8221; onclick=&#8221;custom_link&#8221; img_link_target=&#8221;_blank&#8221; link=&#8221;https:\/\/www.electroluxprofessional.com\/se\/wp-content\/uploads\/2020\/07\/Bekymmersfri-Textilv\u00e5rd-2020-EPR-LR.pdf&#8221;][vc_column_text]Bekymmersfri Textilv\u00e5rd[\/vc_column_text][vc_empty_space][\/vc_column][vc_column width=&#8221;1\/4&#8243;][vc_single_image image=&#8221;17336&#8243; img_size=&#8221;full&#8221; onclick=&#8221;custom_link&#8221; img_link_target=&#8221;_blank&#8221; link=&#8221;https:\/\/www.electroluxprofessional.com\/se\/wp-content\/uploads\/2022\/01\/Guidelines-Projektering_2022.pdf&#8221;][vc_column_text]Guidelines projektering[\/vc_column_text][vc_empty_space][\/vc_column][\/vc_row][vc_row][vc_column width=&#8221;1\/4&#8243;][vc_single_image image=&#8221;52517&#8243; img_size=&#8221;full&#8221; onclick=&#8221;custom_link&#8221; img_link_target=&#8221;_blank&#8221; link=&#8221;https:\/\/www.electroluxprofessional.com\/se\/wp-content\/uploads\/2024\/07\/EPR_5_Prof-Fastighetskommunikation-8sid_web.pdf&#8221;][vc_column_text]Bokningstavla \u2013 professionell fastighetskommunikation[\/vc_column_text][vc_empty_space][\/vc_column][vc_column width=&#8221;1\/4&#8243;][vc_single_image image=&#8221;52518&#8243; img_size=&#8221;full&#8221; onclick=&#8221;custom_link&#8221; img_link_target=&#8221;_blank&#8221; link=&#8221;https:\/\/www.electroluxprofessional.com\/se\/wp-content\/uploads\/2024\/07\/EPR_4_Unika-Egenskaper_Bokningstavla_A4_web.pdf&#8221;][vc_column_text]Bokningstavla \u2013 unika f\u00f6rdelar[\/vc_column_text][vc_empty_space][\/vc_column][vc_column width=&#8221;1\/4&#8243;][vc_single_image image=&#8221;52519&#8243; img_size=&#8221;full&#8221; [&hellip;]<\/p>\n","protected":false},"author":5,"featured_media":0,"parent":0,"menu_order":0,"comment_status":"closed","ping_status":"closed","template":"","meta":{"footnotes":""},"class_list":["post-5823","page","type-page","status-publish","hentry"],"acf":[],"yoast_head":"<!-- This site is optimized with the Yoast SEO plugin v23.3 - https:\/\/yoast.com\/wordpress\/plugins\/seo\/ -->\n<title>Broschyrer Professionell Tv\u00e4tt - Electrolux Professional Sverige<\/title>\n<meta name=\"description\" content=\"H\u00e4r finns broschyrer f\u00f6r professionell tv\u00e4tt som avser utrustning f\u00f6r flerbostadshus, tv\u00e4tt i egen regi samt service.\" \/>\n<meta name=\"robots\" content=\"index, follow, max-snippet:-1, max-image-preview:large, max-video-preview:-1\" \/>\n<link rel=\"canonical\" href=\"https:\/\/www.electroluxprofessional.com\/se\/broschyrer\/\" \/>\n<meta property=\"og:locale\" content=\"sv_SE\" \/>\n<meta property=\"og:type\" content=\"article\" \/>\n<meta property=\"og:title\" content=\"Broschyrer Professionell Tv\u00e4tt - Electrolux Professional Sverige\" \/>\n<meta property=\"og:description\" content=\"H\u00e4r finns broschyrer f\u00f6r professionell tv\u00e4tt som avser utrustning f\u00f6r flerbostadshus, tv\u00e4tt i egen regi samt service.\" \/>\n<meta property=\"og:url\" content=\"https:\/\/www.electroluxprofessional.com\/se\/broschyrer\/\" \/>\n<meta property=\"og:site_name\" content=\"Electrolux Professional Sverige\" \/>\n<meta property=\"article:modified_time\" content=\"2025-05-16T08:50:30+00:00\" \/>\n<meta name=\"twitter:card\" content=\"summary_large_image\" \/>\n<meta name=\"twitter:label1\" content=\"Ber\u00e4knad l\u00e4stid\" \/>\n\t<meta name=\"twitter:data1\" content=\"2 minuter\" \/>\n<script type=\"application\/ld+json\" class=\"yoast-schema-graph\">{\"@context\":\"https:\/\/schema.org\",\"@graph\":[{\"@type\":\"WebPage\",\"@id\":\"https:\/\/www.electroluxprofessional.com\/se\/broschyrer\/\",\"url\":\"https:\/\/www.electroluxprofessional.com\/se\/broschyrer\/\",\"name\":\"Broschyrer Professionell Tv\u00e4tt - Electrolux Professional Sverige\",\"isPartOf\":{\"@id\":\"https:\/\/www.electroluxprofessional.com\/se\/#website\"},\"datePublished\":\"2019-03-20T12:19:10+00:00\",\"dateModified\":\"2025-05-16T08:50:30+00:00\",\"description\":\"H\u00e4r finns broschyrer f\u00f6r professionell tv\u00e4tt som avser utrustning f\u00f6r flerbostadshus, tv\u00e4tt i egen regi samt service.\",\"breadcrumb\":{\"@id\":\"https:\/\/www.electroluxprofessional.com\/se\/broschyrer\/#breadcrumb\"},\"inLanguage\":\"sv-SE\",\"potentialAction\":[{\"@type\":\"ReadAction\",\"target\":[\"https:\/\/www.electroluxprofessional.com\/se\/broschyrer\/\"]}]},{\"@type\":\"BreadcrumbList\",\"@id\":\"https:\/\/www.electroluxprofessional.com\/se\/broschyrer\/#breadcrumb\",\"itemListElement\":[{\"@type\":\"ListItem\",\"position\":1,\"name\":\"Home\",\"item\":\"https:\/\/www.electroluxprofessional.com\/se\/\"},{\"@type\":\"ListItem\",\"position\":2,\"name\":\"Broschyrer\"}]},{\"@type\":\"WebSite\",\"@id\":\"https:\/\/www.electroluxprofessional.com\/se\/#website\",\"url\":\"https:\/\/www.electroluxprofessional.com\/se\/\",\"name\":\"Electrolux Professional Sverige\",\"description\":\"\",\"potentialAction\":[{\"@type\":\"SearchAction\",\"target\":{\"@type\":\"EntryPoint\",\"urlTemplate\":\"https:\/\/www.electroluxprofessional.com\/se\/?src={search_term_string}\"},\"query-input\":\"required name=search_term_string\"}],\"inLanguage\":\"sv-SE\"}]}<\/script>\n<!-- \/ Yoast SEO plugin. -->","yoast_head_json":{"title":"Broschyrer Professionell Tv\u00e4tt - Electrolux Professional Sverige","description":"H\u00e4r finns broschyrer f\u00f6r professionell tv\u00e4tt som avser utrustning f\u00f6r flerbostadshus, tv\u00e4tt i egen regi samt service.","robots":{"index":"index","follow":"follow","max-snippet":"max-snippet:-1","max-image-preview":"max-image-preview:large","max-video-preview":"max-video-preview:-1"},"canonical":"https:\/\/www.electroluxprofessional.com\/se\/broschyrer\/","og_locale":"sv_SE","og_type":"article","og_title":"Broschyrer Professionell Tv\u00e4tt - Electrolux Professional Sverige","og_description":"H\u00e4r finns broschyrer f\u00f6r professionell tv\u00e4tt som avser utrustning f\u00f6r flerbostadshus, tv\u00e4tt i egen regi samt service.","og_url":"https:\/\/www.electroluxprofessional.com\/se\/broschyrer\/","og_site_name":"Electrolux Professional Sverige","article_modified_time":"2025-05-16T08:50:30+00:00","twitter_card":"summary_large_image","twitter_misc":{"Ber\u00e4knad l\u00e4stid":"2 minuter"},"schema":{"@context":"https:\/\/schema.org","@graph":[{"@type":"WebPage","@id":"https:\/\/www.electroluxprofessional.com\/se\/broschyrer\/","url":"https:\/\/www.electroluxprofessional.com\/se\/broschyrer\/","name":"Broschyrer Professionell Tv\u00e4tt - Electrolux Professional Sverige","isPartOf":{"@id":"https:\/\/www.electroluxprofessional.com\/se\/#website"},"datePublished":"2019-03-20T12:19:10+00:00","dateModified":"2025-05-16T08:50:30+00:00","description":"H\u00e4r finns broschyrer f\u00f6r professionell tv\u00e4tt som avser utrustning f\u00f6r flerbostadshus, tv\u00e4tt i egen regi samt service.","breadcrumb":{"@id":"https:\/\/www.electroluxprofessional.com\/se\/broschyrer\/#breadcrumb"},"inLanguage":"sv-SE","potentialAction":[{"@type":"ReadAction","target":["https:\/\/www.electroluxprofessional.com\/se\/broschyrer\/"]}]},{"@type":"BreadcrumbList","@id":"https:\/\/www.electroluxprofessional.com\/se\/broschyrer\/#breadcrumb","itemListElement":[{"@type":"ListItem","position":1,"name":"Home","item":"https:\/\/www.electroluxprofessional.com\/se\/"},{"@type":"ListItem","position":2,"name":"Broschyrer"}]},{"@type":"WebSite","@id":"https:\/\/www.electroluxprofessional.com\/se\/#website","url":"https:\/\/www.electroluxprofessional.com\/se\/","name":"Electrolux Professional Sverige","description":"","potentialAction":[{"@type":"SearchAction","target":{"@type":"EntryPoint","urlTemplate":"https:\/\/www.electroluxprofessional.com\/se\/?src={search_term_string}"},"query-input":"required name=search_term_string"}],"inLanguage":"sv-SE"}]}},"_links":{"self":[{"href":"https:\/\/www.electroluxprofessional.com\/se\/wp-json\/wp\/v2\/pages\/5823"}],"collection":[{"href":"https:\/\/www.electroluxprofessional.com\/se\/wp-json\/wp\/v2\/pages"}],"about":[{"href":"https:\/\/www.electroluxprofessional.com\/se\/wp-json\/wp\/v2\/types\/page"}],"author":[{"embeddable":true,"href":"https:\/\/www.electroluxprofessional.com\/se\/wp-json\/wp\/v2\/users\/5"}],"replies":[{"embeddable":true,"href":"https:\/\/www.electroluxprofessional.com\/se\/wp-json\/wp\/v2\/comments?post=5823"}],"version-history":[{"count":110,"href":"https:\/\/www.electroluxprofessional.com\/se\/wp-json\/wp\/v2\/pages\/5823\/revisions"}],"predecessor-version":[{"id":52701,"href":"https:\/\/www.electroluxprofessional.com\/se\/wp-json\/wp\/v2\/pages\/5823\/revisions\/52701"}],"wp:attachment":[{"href":"https:\/\/www.electroluxprofessional.com\/se\/wp-json\/wp\/v2\/media?parent=5823"}],"curies":[{"name":"wp","href":"https:\/\/api.w.org\/{rel}","templated":true}]}}