{"id":54856,"date":"2025-11-27T16:16:02","date_gmt":"2025-11-27T16:16:02","guid":{"rendered":"https:\/\/www.electroluxprofessional.com\/se\/?page_id=54856"},"modified":"2026-02-25T13:42:53","modified_gmt":"2026-02-25T12:42:53","slug":"e-xp-900-free-zone-induction","status":"publish","type":"page","link":"https:\/\/www.electroluxprofessional.com\/se\/storkok\/e-xp-700-900-modular-cooking\/e-xp-900-free-zone-induction\/","title":{"rendered":"e-XP 900 Free-zone Induction"},"content":{"rendered":"<p>[vc_row el_id=&#8221;contact-us&#8221;][vc_column][elx_heading font_size=&#8221;h3&#8243; text_color=&#8221;inherit&#8221; text_align=&#8221;text-center&#8221;]Kontakta oss f\u00f6r att f\u00e5 mer information<br \/>\nom e-XP Free-zone Induction[\/elx_heading][elx_o2000_contact_us s=&#8221;Beg\u00e4r information: e-XP Free-zone Induction&#8221; request_type=&#8221;&#8221; container=&#8221;elxcontactus1466429401&#8243; r=&#8221;I would like to find out more about solutions for e-XP Free-zone Induction, please get in touch with me.&#8221;][\/vc_column][\/vc_row][vc_row matched_labels=&#8221;&#8221; css=&#8221;.vc_custom_1765878718890{margin-top: 150px !important;}&#8221; el_id=&#8221;products-filter&#8221;][vc_column][elx_heading font_size=&#8221;h3&#8243; text_color=&#8221;inherit&#8221; text_align=&#8221;text-center&#8221;]e-XP 900 Free-zone Induction<br \/>\nSelect your products[\/elx_heading]<div class=\"com21-product-filter-container 130\"><div class=\"\"><h4 class=\"text-center\">2 Produkter<\/h4><hr><\/div>\n                    <!-- PROD LIST -->\n                    <div class=\"product-list container\">\n                        <!--Hidden parameters-->\n                        <input type=\"hidden\" name=\"navigation_level_1\" id=\"navigation_level_1\" value=\"C\">\n                        <input type=\"hidden\" name=\"navigation_level_2\" id=\"navigation_level_2\" value=\"I\">\n                        <input type=\"hidden\" name=\"navigation_level_3\" id=\"navigation_level_3\" value=\"W\">\n                        <input type=\"hidden\" name=\"navigation_level_4\" id=\"navigation_level_4\" value=\"\">\n                        <input type=\"hidden\" name=\"filter_id\" id=\"filter_id\" value=\"130\">\n                        <input type=\"hidden\" name=\"navigation_language\" id=\"navigation_language\" value=\"5005\">\n                        <input type=\"hidden\" name=\"navigation_language_code\" id=\"navigation_language\" value=\"5005\">\n                        <input type=\"hidden\" name=\"page_id\" id=\"page_id\" value=\"54856\">\n                        <!--END Hidden parameters--><ul class=\"row\" ><li data-product-paged=\"\" class=\"anchor_tags_prod col-sm-6 col-md-3 wow fadeIn single-product-list 391666\"><div class=\"product-list-item\"><div class=\"product-content\"><a href=\"https:\/\/www.electroluxprofessional.com\/se\/pd\/varmk\u00f6ksutrustning\/spisserie-e-xp-900\/induktionsh\u00e4llar-med-fri-zon\/modular-cooking-e-xp-frizonsinduktionsh\u00e4ll-400mm-391666\/\" target=\"_blank\" ><figure><img decoding=\"async\" src=\"https:\/\/tools.electroluxprofessional.com\/Mirror\/Doc\/PH_255x255%2FPH_391666_1_1_391666.jpg\" alt=\"Modular CookingE-XP FRIZONSINDUKTIONSH\u00c4LL, 400MM\"\/><\/figure><div class=\"product-internal\"><div class=\"product-liv\">Induktionsh\u00e4llar med fri zon<\/div><h3 class=\"product-title\">Modular Cooking<br>E-XP FRIZONSINDUKTIONSH\u00c4LL, 400MM<\/h3><div class=\"product-icons\"><div class=\"product-green\"><\/div><div class=\"product-cod\"><div class=\"hidden type_code\">0<\/div>COD <span class=\"product-code\" >391666<\/span><\/div><div class=\"product-fast\"><\/div>\n<\/div><div class=\"product-description-fast-green\"><\/div>\n<\/div><div class=\"product-actions\"><a href=\"https:\/\/www.electroluxprofessional.com\/se\/pd\/varmk\u00f6ksutrustning\/spisserie-e-xp-900\/induktionsh\u00e4llar-med-fri-zon\/modular-cooking-e-xp-frizonsinduktionsh\u00e4ll-400mm-391666\/\" class=\"btn btn-primary-blue\">Se mer<\/a><span class=\"compare-product\"><span class=\"compare-checkbox\"><span class=\"compare-checkbox-shape\"><input type=\"checkbox\" class=\"product-comparer\" id=\"prod_391666\"\/><label class=\"btn\" for=\"prod_391666\"><span class=\"label-bg\"><\/span>J\u00e4mf\u00f6r<\/label><\/span><\/span><\/span><\/div><\/a><\/div><\/div><\/li><li data-product-paged=\"\" class=\"anchor_tags_prod col-sm-6 col-md-3 wow fadeIn single-product-list 391667\"><div class=\"product-list-item\"><div class=\"product-content\"><a href=\"https:\/\/www.electroluxprofessional.com\/se\/pd\/varmk\u00f6ksutrustning\/spisserie-e-xp-900\/induktionsh\u00e4llar-med-fri-zon\/modular-cooking-e-xp-frizonsinduktionsh\u00e4ll-800mm-391667\/\" target=\"_blank\" ><figure><img decoding=\"async\" src=\"https:\/\/tools.electroluxprofessional.com\/Mirror\/Doc\/PH_255x255%2FPH_391667_1_1_391667.jpg\" alt=\"Modular CookingE-XP FRIZONSINDUKTIONSH\u00c4LL, 800MM\"\/><\/figure><div class=\"product-internal\"><div class=\"product-liv\">Induktionsh\u00e4llar med fri zon<\/div><h3 class=\"product-title\">Modular Cooking<br>E-XP FRIZONSINDUKTIONSH\u00c4LL, 800MM<\/h3><div class=\"product-icons\"><div class=\"product-green\"><\/div><div class=\"product-cod\"><div class=\"hidden type_code\">0<\/div>COD <span class=\"product-code\" >391667<\/span><\/div><div class=\"product-fast\"><\/div>\n<\/div><div class=\"product-description-fast-green\"><\/div>\n<\/div><div class=\"product-actions\"><a href=\"https:\/\/www.electroluxprofessional.com\/se\/pd\/varmk\u00f6ksutrustning\/spisserie-e-xp-900\/induktionsh\u00e4llar-med-fri-zon\/modular-cooking-e-xp-frizonsinduktionsh\u00e4ll-800mm-391667\/\" class=\"btn btn-primary-blue\">Se mer<\/a><span class=\"compare-product\"><span class=\"compare-checkbox\"><span class=\"compare-checkbox-shape\"><input type=\"checkbox\" class=\"product-comparer\" id=\"prod_391667\"\/><label class=\"btn\" for=\"prod_391667\"><span class=\"label-bg\"><\/span>J\u00e4mf\u00f6r<\/label><\/span><\/span><\/span><\/div><\/a><\/div><\/div><\/li>\n                        <\/ul>\n                        <div class=\"text-center more-products\">\n                        <\/div>\n                    <\/div>\n                    <!-- END PRODUCT LIST -->\n                    <\/div>\n                    <!-- END PRODUCT LIST -->[\/vc_column][\/vc_row]<\/p>\n","protected":false},"excerpt":{"rendered":"<p>[vc_row el_id=&#8221;contact-us&#8221;][vc_column][elx_heading font_size=&#8221;h3&#8243; text_color=&#8221;inherit&#8221; text_align=&#8221;text-center&#8221;]Kontakta oss f\u00f6r att f\u00e5 mer information om e-XP Free-zone Induction[\/elx_heading][elx_o2000_contact_us s=&#8221;Beg\u00e4r information: e-XP Free-zone Induction&#8221; request_type=&#8221;&#8221; container=&#8221;elxcontactus1466429401&#8243; r=&#8221;I would like to find out more about solutions for e-XP Free-zone Induction, please get in touch with me.&#8221;][\/vc_column][\/vc_row][vc_row matched_labels=&#8221;&#8221; css=&#8221;.vc_custom_1765878718890{margin-top: 150px !important;}&#8221; el_id=&#8221;products-filter&#8221;][vc_column][elx_heading font_size=&#8221;h3&#8243; text_color=&#8221;inherit&#8221; text_align=&#8221;text-center&#8221;]e-XP 900 Free-zone Induction Select your products[\/elx_heading][\/vc_column][\/vc_row]<\/p>\n","protected":false},"author":1198,"featured_media":0,"parent":54855,"menu_order":0,"comment_status":"closed","ping_status":"closed","template":"template-exp-ind.php","meta":{"footnotes":""},"class_list":["post-54856","page","type-page","status-publish","hentry"],"acf":[],"yoast_head":"<!-- This site is optimized with the Yoast SEO plugin v23.3 - https:\/\/yoast.com\/wordpress\/plugins\/seo\/ -->\n<title>e-XP 900 Free-zone Induction - Electrolux Professional Sverige<\/title>\n<meta name=\"description\" content=\"Uppt\u00e4ck e-XP Free-zone Induction: ultimat matlagningsfrihet, h\u00f6g effektivitet och enkel reng\u00f6ring. P\u00e5litlig, s\u00e4ker och redo att f\u00f6r\u00e4ndra ditt k\u00f6k.\" \/>\n<meta name=\"robots\" content=\"index, follow, max-snippet:-1, max-image-preview:large, max-video-preview:-1\" \/>\n<link rel=\"canonical\" href=\"https:\/\/www.electroluxprofessional.com\/se\/storkok\/e-xp-700-900-modular-cooking\/e-xp-900-free-zone-induction\/\" \/>\n<meta property=\"og:locale\" content=\"sv_SE\" \/>\n<meta property=\"og:type\" content=\"article\" \/>\n<meta property=\"og:title\" content=\"e-XP 900 Free-zone Induction - Electrolux Professional Sverige\" \/>\n<meta property=\"og:description\" content=\"Uppt\u00e4ck e-XP Free-zone Induction: ultimat matlagningsfrihet, h\u00f6g effektivitet och enkel reng\u00f6ring. P\u00e5litlig, s\u00e4ker och redo att f\u00f6r\u00e4ndra ditt k\u00f6k.\" \/>\n<meta property=\"og:url\" content=\"https:\/\/www.electroluxprofessional.com\/se\/storkok\/e-xp-700-900-modular-cooking\/e-xp-900-free-zone-induction\/\" \/>\n<meta property=\"og:site_name\" content=\"Electrolux Professional Sverige\" \/>\n<meta property=\"article:modified_time\" content=\"2026-02-25T12:42:53+00:00\" \/>\n<meta name=\"twitter:card\" content=\"summary_large_image\" \/>\n<meta name=\"twitter:label1\" content=\"Ber\u00e4knad l\u00e4stid\" \/>\n\t<meta name=\"twitter:data1\" content=\"1 minut\" \/>\n<script type=\"application\/ld+json\" class=\"yoast-schema-graph\">{\"@context\":\"https:\/\/schema.org\",\"@graph\":[{\"@type\":\"WebPage\",\"@id\":\"https:\/\/www.electroluxprofessional.com\/se\/storkok\/e-xp-700-900-modular-cooking\/e-xp-900-free-zone-induction\/\",\"url\":\"https:\/\/www.electroluxprofessional.com\/se\/storkok\/e-xp-700-900-modular-cooking\/e-xp-900-free-zone-induction\/\",\"name\":\"e-XP 900 Free-zone Induction - Electrolux Professional Sverige\",\"isPartOf\":{\"@id\":\"https:\/\/www.electroluxprofessional.com\/se\/#website\"},\"datePublished\":\"2025-11-27T16:16:02+00:00\",\"dateModified\":\"2026-02-25T12:42:53+00:00\",\"description\":\"Uppt\u00e4ck e-XP Free-zone Induction: ultimat matlagningsfrihet, h\u00f6g effektivitet och enkel reng\u00f6ring. P\u00e5litlig, s\u00e4ker och redo att f\u00f6r\u00e4ndra ditt k\u00f6k.\",\"breadcrumb\":{\"@id\":\"https:\/\/www.electroluxprofessional.com\/se\/storkok\/e-xp-700-900-modular-cooking\/e-xp-900-free-zone-induction\/#breadcrumb\"},\"inLanguage\":\"sv-SE\",\"potentialAction\":[{\"@type\":\"ReadAction\",\"target\":[\"https:\/\/www.electroluxprofessional.com\/se\/storkok\/e-xp-700-900-modular-cooking\/e-xp-900-free-zone-induction\/\"]}]},{\"@type\":\"BreadcrumbList\",\"@id\":\"https:\/\/www.electroluxprofessional.com\/se\/storkok\/e-xp-700-900-modular-cooking\/e-xp-900-free-zone-induction\/#breadcrumb\",\"itemListElement\":[{\"@type\":\"ListItem\",\"position\":1,\"name\":\"Home\",\"item\":\"https:\/\/www.electroluxprofessional.com\/se\/\"},{\"@type\":\"ListItem\",\"position\":2,\"name\":\"Stork\u00f6k\",\"item\":\"https:\/\/www.electroluxprofessional.com\/se\/storkok\/\"},{\"@type\":\"ListItem\",\"position\":3,\"name\":\"e-XP 700 &#038; 900 Modular Cooking\",\"item\":\"https:\/\/www.electroluxprofessional.com\/se\/storkok\/e-xp-700-900-modular-cooking\/\"},{\"@type\":\"ListItem\",\"position\":4,\"name\":\"e-XP 900 Free-zone Induction\"}]},{\"@type\":\"WebSite\",\"@id\":\"https:\/\/www.electroluxprofessional.com\/se\/#website\",\"url\":\"https:\/\/www.electroluxprofessional.com\/se\/\",\"name\":\"Electrolux Professional Sverige\",\"description\":\"\",\"potentialAction\":[{\"@type\":\"SearchAction\",\"target\":{\"@type\":\"EntryPoint\",\"urlTemplate\":\"https:\/\/www.electroluxprofessional.com\/se\/?src={search_term_string}\"},\"query-input\":\"required name=search_term_string\"}],\"inLanguage\":\"sv-SE\"}]}<\/script>\n<!-- \/ Yoast SEO plugin. -->","yoast_head_json":{"title":"e-XP 900 Free-zone Induction - Electrolux Professional Sverige","description":"Uppt\u00e4ck e-XP Free-zone Induction: ultimat matlagningsfrihet, h\u00f6g effektivitet och enkel reng\u00f6ring. P\u00e5litlig, s\u00e4ker och redo att f\u00f6r\u00e4ndra ditt k\u00f6k.","robots":{"index":"index","follow":"follow","max-snippet":"max-snippet:-1","max-image-preview":"max-image-preview:large","max-video-preview":"max-video-preview:-1"},"canonical":"https:\/\/www.electroluxprofessional.com\/se\/storkok\/e-xp-700-900-modular-cooking\/e-xp-900-free-zone-induction\/","og_locale":"sv_SE","og_type":"article","og_title":"e-XP 900 Free-zone Induction - Electrolux Professional Sverige","og_description":"Uppt\u00e4ck e-XP Free-zone Induction: ultimat matlagningsfrihet, h\u00f6g effektivitet och enkel reng\u00f6ring. P\u00e5litlig, s\u00e4ker och redo att f\u00f6r\u00e4ndra ditt k\u00f6k.","og_url":"https:\/\/www.electroluxprofessional.com\/se\/storkok\/e-xp-700-900-modular-cooking\/e-xp-900-free-zone-induction\/","og_site_name":"Electrolux Professional Sverige","article_modified_time":"2026-02-25T12:42:53+00:00","twitter_card":"summary_large_image","twitter_misc":{"Ber\u00e4knad l\u00e4stid":"1 minut"},"schema":{"@context":"https:\/\/schema.org","@graph":[{"@type":"WebPage","@id":"https:\/\/www.electroluxprofessional.com\/se\/storkok\/e-xp-700-900-modular-cooking\/e-xp-900-free-zone-induction\/","url":"https:\/\/www.electroluxprofessional.com\/se\/storkok\/e-xp-700-900-modular-cooking\/e-xp-900-free-zone-induction\/","name":"e-XP 900 Free-zone Induction - Electrolux Professional Sverige","isPartOf":{"@id":"https:\/\/www.electroluxprofessional.com\/se\/#website"},"datePublished":"2025-11-27T16:16:02+00:00","dateModified":"2026-02-25T12:42:53+00:00","description":"Uppt\u00e4ck e-XP Free-zone Induction: ultimat matlagningsfrihet, h\u00f6g effektivitet och enkel reng\u00f6ring. P\u00e5litlig, s\u00e4ker och redo att f\u00f6r\u00e4ndra ditt k\u00f6k.","breadcrumb":{"@id":"https:\/\/www.electroluxprofessional.com\/se\/storkok\/e-xp-700-900-modular-cooking\/e-xp-900-free-zone-induction\/#breadcrumb"},"inLanguage":"sv-SE","potentialAction":[{"@type":"ReadAction","target":["https:\/\/www.electroluxprofessional.com\/se\/storkok\/e-xp-700-900-modular-cooking\/e-xp-900-free-zone-induction\/"]}]},{"@type":"BreadcrumbList","@id":"https:\/\/www.electroluxprofessional.com\/se\/storkok\/e-xp-700-900-modular-cooking\/e-xp-900-free-zone-induction\/#breadcrumb","itemListElement":[{"@type":"ListItem","position":1,"name":"Home","item":"https:\/\/www.electroluxprofessional.com\/se\/"},{"@type":"ListItem","position":2,"name":"Stork\u00f6k","item":"https:\/\/www.electroluxprofessional.com\/se\/storkok\/"},{"@type":"ListItem","position":3,"name":"e-XP 700 &#038; 900 Modular Cooking","item":"https:\/\/www.electroluxprofessional.com\/se\/storkok\/e-xp-700-900-modular-cooking\/"},{"@type":"ListItem","position":4,"name":"e-XP 900 Free-zone Induction"}]},{"@type":"WebSite","@id":"https:\/\/www.electroluxprofessional.com\/se\/#website","url":"https:\/\/www.electroluxprofessional.com\/se\/","name":"Electrolux Professional Sverige","description":"","potentialAction":[{"@type":"SearchAction","target":{"@type":"EntryPoint","urlTemplate":"https:\/\/www.electroluxprofessional.com\/se\/?src={search_term_string}"},"query-input":"required name=search_term_string"}],"inLanguage":"sv-SE"}]}},"_links":{"self":[{"href":"https:\/\/www.electroluxprofessional.com\/se\/wp-json\/wp\/v2\/pages\/54856"}],"collection":[{"href":"https:\/\/www.electroluxprofessional.com\/se\/wp-json\/wp\/v2\/pages"}],"about":[{"href":"https:\/\/www.electroluxprofessional.com\/se\/wp-json\/wp\/v2\/types\/page"}],"author":[{"embeddable":true,"href":"https:\/\/www.electroluxprofessional.com\/se\/wp-json\/wp\/v2\/users\/1198"}],"replies":[{"embeddable":true,"href":"https:\/\/www.electroluxprofessional.com\/se\/wp-json\/wp\/v2\/comments?post=54856"}],"version-history":[{"count":15,"href":"https:\/\/www.electroluxprofessional.com\/se\/wp-json\/wp\/v2\/pages\/54856\/revisions"}],"predecessor-version":[{"id":55808,"href":"https:\/\/www.electroluxprofessional.com\/se\/wp-json\/wp\/v2\/pages\/54856\/revisions\/55808"}],"up":[{"embeddable":true,"href":"https:\/\/www.electroluxprofessional.com\/se\/wp-json\/wp\/v2\/pages\/54855"}],"wp:attachment":[{"href":"https:\/\/www.electroluxprofessional.com\/se\/wp-json\/wp\/v2\/media?parent=54856"}],"curies":[{"name":"wp","href":"https:\/\/api.w.org\/{rel}","templated":true}]}}