{"id":54320,"date":"2025-10-16T09:33:41","date_gmt":"2025-10-16T08:33:41","guid":{"rendered":"https:\/\/www.electroluxprofessional.com\/se\/?page_id=54320"},"modified":"2025-10-17T13:02:34","modified_gmt":"2025-10-17T12:02:34","slug":"djurvard","status":"publish","type":"page","link":"https:\/\/www.electroluxprofessional.com\/se\/tvatt\/djurvard\/","title":{"rendered":"Djurv\u00e5rd"},"content":{"rendered":"<p>[vc_row full_width=&#8221;electroluxpro-full-width-no-padding&#8221;][vc_column][elx_full_banner title=&#8221;Djurv\u00e5rd&#8221; background_image_media_library=&#8221;54322&#8243; link=&#8221;url:%23mer-info|title:F%C3%B6r%20veterin%C3%A4rkliniker%20med%20h%C3%B6ga%20krav&#8221; background_image_media_library_mobile=&#8221;54323&#8243;][\/vc_column][\/vc_row][vc_row css=&#8221;.vc_custom_1760608467192{padding-top: 32px !important;padding-bottom: 32px !important;}&#8221;][vc_column][elx_heading font_container=&#8221;h1&#8243; text_color=&#8221;electrolux-blue&#8221; text_align=&#8221;text-left&#8221;]T\u00e5liga och verksamhetsanpassade maskiner f\u00f6r milj\u00f6er med h\u00f6ga hygienkrav[\/elx_heading][\/vc_column][\/vc_row][vc_row][vc_column width=&#8221;1\/2&#8243;][vc_column_text]<strong>WH6-8CV \u2013 Energieffektiv tv\u00e4ttmaskin f\u00f6r veterin\u00e4rkliniker med h\u00f6ga krav<\/strong><br \/>\nN\u00e4r blod, urin och djurh\u00e5r m\u00e5ste hanteras samtidigt som hygienen m\u00e5ste vara helt s\u00e4kerst\u00e4lld, \u00e4r v\u00e5ra professionella tv\u00e4ttmaskiner det sj\u00e4lvklara valet.<\/p>\n<p><strong>Verksamhetsanpassade tv\u00e4ttprogram f\u00f6r h\u00f6gsta hygien<\/strong><br \/>\nV\u00e5ra maskiner \u00e4r utrustade med specialanpassade tv\u00e4ttprogram, d\u00e4ribland det verifierade <strong>Global Advanced Hygiene-programmet<\/strong>, verifierat RISE, och som uppn\u00e5r en log-6 reduktion av bakterier och virus. Detta program eliminerar effektivt blod, urin och andra biologiska f\u00f6roreningar och minimerar d\u00e4rmed risken f\u00f6r smittspridning via operationsdukar, underl\u00e4gg, filtar och andra textilier.<\/p>\n<p>Tv\u00e4tten blir inte bara ren utan \u00e4ven desinficerad \u2013 ett s\u00e4kert val f\u00f6r att f\u00f6rebygga korssmitta mellan djur, och mellan djur och personal.[\/vc_column_text][elx_button button_text=&#8221;Kontakta oss f\u00f6r r\u00e5dgivning&#8221; button_link=&#8221;url:%23kontakta&#8221; css=&#8221;.vc_custom_1760611214269{margin-top: 32px !important;margin-bottom: 32px !important;}&#8221;][vc_empty_space][\/vc_column][vc_column width=&#8221;1\/2&#8243;][vc_single_image image=&#8221;54335&#8243; img_size=&#8221;large&#8221; alignment=&#8221;center&#8221; css=&#8221;.vc_custom_1760605822194{margin-bottom: 32px !important;}&#8221;][\/vc_column][\/vc_row][vc_row css=&#8221;.vc_custom_1760682192082{border-bottom-width: 64px !important;padding-top: 64px !important;background-color: #d8d8d8 !important;}&#8221; el_class=&#8221;blue-text&#8221;][vc_column width=&#8221;1\/4&#8243; el_class=&#8221;flex-col&#8221;][vc_single_image image=&#8221;54408&#8243; img_size=&#8221;medium&#8221; alignment=&#8221;center&#8221; css=&#8221;.vc_custom_1760682305481{margin-bottom: 32px !important;}&#8221;][\/vc_column][vc_column width=&#8221;3\/4&#8243;][elx_heading text_color=&#8221;inherit&#8221; text_align=&#8221;text-left&#8221; css=&#8221;.vc_custom_1760611228168{margin-bottom: 124px !important;}&#8221;]Specialtv\u00e4tt av golvmoppar[\/elx_heading][vc_column_text css=&#8221;.vc_custom_1760682717981{margin-top: 32px !important;margin-bottom: 32px !important;}&#8221; el_class=&#8221;check-marker&#8221;]V\u00e5ra tv\u00e4ttmaskiner har \u00e4ven ett speciellt utvecklat tv\u00e4ttprogram f\u00f6r golvmoppar som effektivt tar bort h\u00e5r och bakterier samt f\u00f6rl\u00e4nger mopparnas livsl\u00e4ngd.<\/p>\n<p><strong>Funktioner som s\u00e4kerst\u00e4ller en professionell och h\u00e5llbar tv\u00e4ttprocess av golvmoppar:<\/strong><\/p>\n<ul>\n<li>Elektrisk avloppsventil som \u00f6kar prestanda, drifts\u00e4kerhet och minskar risken f\u00f6r vattenl\u00e4ckage<\/li>\n<li>Luddl\u00e5da fungerar som ett externt filter som samlar upp djurh\u00e5r och st\u00f6rre smuts, vilket underl\u00e4ttar reng\u00f6ring och f\u00f6rebygger stopp i avlopp och vattenl\u00e5s. P\u00e5 s\u00e5 s\u00e4tt minimerar man risken f\u00f6r \u00f6versv\u00e4mning i avlopp<\/li>\n<li>Automatisk dosering av tv\u00e4ttmedel anpassad efter tv\u00e4ttprogram och tv\u00e4ttgodsets vikt<\/li>\n<li>Doseringspumpar placerade n\u00e4ra maskinen eller i separat rum f\u00f6r en ren och organiserad tv\u00e4ttstuga<\/li>\n<li>Ergonomiskt certifierade maskiner enligt internationella standarder fr\u00e5n oberoende part Ergocert<\/li>\n<\/ul>\n<p>[\/vc_column_text][\/vc_column][\/vc_row][vc_row css=&#8221;.vc_custom_1760611255637{padding-top: 64px !important;padding-bottom: 64px !important;background-color: #e9eff5 !important;}&#8221; el_id=&#8221;mer-info&#8221;][vc_column width=&#8221;1\/2&#8243;][elx_heading text_color=&#8221;inherit&#8221; css=&#8221;.vc_custom_1760606625595{margin-bottom: 32px !important;}&#8221;]S\u00e4kerst\u00e4ll hygienkrav och smittskydd p\u00e5 er klinik[\/elx_heading][vc_column_text el_class=&#8221;check-marker blue&#8221;]Tv\u00e4tt av operationsdukar, arbetskl\u00e4der och andra textilier kr\u00e4ver h\u00f6gsta hygienstandard. V\u00e5ra professionella tv\u00e4ttmaskiner erbjuder desinfektion vid 85\u00b0C i minst 15 minuter.<\/p>\n<p>Programmen i Global Advanced Hygiene med bevisad log 6-reduktion* vid desinficering av textilier i tv\u00e4ttprocessen, uppfyller kraven i alla g\u00e4llande standarder<\/p>\n<ul>\n<li>Vi har tv\u00e4ttmaskiner fr\u00e5n 7 kg kapacitet upp till maskiner som klarar tv\u00e4ttgods om hela 33 kilo. volymer. F\u00f6r mindre kliniker rekommenderar vi maskiner med en kapacitet p\u00e5 7-14kg tv\u00e4ttvikt.<\/li>\n<li>Samtliga maskiner \u00e4r energieffektiva och har l\u00e5g vattenf\u00f6rbrukning, vilket sparar b\u00e5de pengar och milj\u00f6.<\/li>\n<li>Tv\u00e4ttcykler kan programmeras f\u00f6r olika typer av tv\u00e4tt och tillgodose verksamhetens specifika behov.<\/li>\n<li>F\u00f6r 7 och 8 kg maskinerna finns f\u00f6rh\u00f6jningssockel som tillbeh\u00f6r.<\/li>\n<li>F\u00f6r samtliga maskiner, oavsett kapacitet finns det m\u00f6jlighet att koppla p\u00e5 en luddl\u00e5da som samlar upp smutspartiklar som h\u00e5r och luddrester fr\u00e5n vattnet n\u00e4r maskinen t\u00f6ms.<\/li>\n<li>Maskinerna \u00e4r prisbel\u00f6nta f\u00f6r sin enkelhet och ergonomi, vilket g\u00f6r tv\u00e4ttprocessen smidig f\u00f6r personalen.<\/li>\n<\/ul>\n<p>[\/vc_column_text][\/vc_column][vc_column width=&#8221;1\/2&#8243;][vc_single_image image=&#8221;54393&#8243; img_size=&#8221;full&#8221; css_animation=&#8221;fadeIn&#8221;][\/vc_column][\/vc_row][vc_row css=&#8221;.vc_custom_1760611270005{margin-bottom: 32px !important;padding-top: 64px !important;padding-bottom: 64px !important;background-color: #13133c !important;}&#8221;][vc_column width=&#8221;2\/3&#8243;][vc_column_text css=&#8221;.vc_custom_1760606970515{margin-bottom: 32px !important;}&#8221;]<span style=\"color: #ffffff;\"><strong>F\u00f6rdelar med automatisk dosering<\/strong><\/span><br \/>\n<span style=\"color: #ffffff;\">Automatisk dosering av tv\u00e4ttmedel inneb\u00e4r att personalen slipper hantera kemikalier manuellt. Doseringen anpassas efter valt tv\u00e4ttprogram och tv\u00e4ttens m\u00e4ngd (kg). I sin tur f\u00f6rl\u00e4ngs livsl\u00e4ngden maskinen d\u00e5 tv\u00e4ttmedelsrester i r\u00f6r och slangar minimeras markant.<\/span>[\/vc_column_text][vc_column_text css=&#8221;.vc_custom_1760607009269{margin-bottom: 32px !important;}&#8221;]<span style=\"color: #ffffff;\"><strong>Matcha kapacitet med r\u00e4tt torkutrustning<\/strong><\/span><br \/>\n<span style=\"color: #ffffff;\">Vi erbjuder \u00e4ven torktumlare och torksk\u00e5p med v\u00e4rmepumpsteknik f\u00f6r effektiv och skonsam torkning. L\u00e4s mer om v\u00e5r popul\u00e4ra torktumlare TD6-11LE TD6-11 <a style=\"color: #ffffff;\" href=\"https:\/\/www.electroluxprofessional.com\/se\/tvatt\/td6-11-le-torktumlare\/\">LE torktumlare f\u00f6r professionell anv\u00e4ndning &#8211; Electrolux Professional Sverige<\/a><\/span>[\/vc_column_text][vc_column_text]<span style=\"color: #ffffff;\"><strong>Vikten av professionella tv\u00e4ttmaskiner till er klinik<\/strong><\/span><br \/>\n<span style=\"color: #ffffff;\">Hush\u00e5llsmaskiner uppfyller varken hygienkraven eller den h\u00e5llbarhet som kr\u00e4vs i professionella milj\u00f6er. V\u00e5ra maskiner \u00e4r konstruerade f\u00f6r att t\u00e5la h\u00f6g belastning och s\u00e4kerst\u00e4lla ett optimalt smittskydd.<\/span>[\/vc_column_text][\/vc_column][vc_column width=&#8221;1\/3&#8243;][vc_single_image image=&#8221;54339&#8243; img_size=&#8221;large&#8221; css_animation=&#8221;fadeIn&#8221; css=&#8221;.vc_custom_1760611710094{padding-top: 64px !important;padding-right: 64px !important;padding-bottom: 64px !important;padding-left: 64px !important;}&#8221;][\/vc_column][\/vc_row][vc_row content_placement=&#8221;middle&#8221; el_id=&#8221;kontakta&#8221;][vc_column][elx_heading text_color=&#8221;inherit&#8221; text_align=&#8221;text-center&#8221;]Kontakta oss g\u00e4rna f\u00f6r r\u00e5dgivning[\/elx_heading][elx_o2000_contact_us s=&#8221;Kontakta mig g\u00e4rna om era tv\u00e4ttl\u00f6sningar f\u00f6r djurv\u00e5rd.&#8221; country=&#8221;Sweden&#8221; b=&#8221;laundry&#8221; container=&#8221;elxcontactus1473161992&#8243; r=&#8221;Jag skulle vilja veta mer om tv\u00e4ttl\u00f6sningar f\u00f6r djurv\u00e5rd V\u00e4nligen kontakta mig.&#8221; e=&#8221;jennie.walther@electroluxprofessional.com&#8221; l=&#8221;se&#8221;][\/vc_column][\/vc_row][vc_row css=&#8221;.vc_custom_1760699735924{margin-top: 32px !important;}&#8221;][vc_column][elx_heading text_color=&#8221;inherit&#8221;]Uppt\u00e4ck v\u00e5r professionella tv\u00e4ttutrustning[\/elx_heading][\/vc_column][\/vc_row][vc_row css=&#8221;.vc_custom_1760699740635{margin-bottom: 32px !important;}&#8221;][vc_column width=&#8221;1\/3&#8243;][elx_maylike_box id_box=&#8221;2834&#8243;][\/vc_column][vc_column width=&#8221;1\/3&#8243;][elx_maylike_box id_box=&#8221;2824&#8243;][\/vc_column][vc_column width=&#8221;1\/3&#8243;][elx_maylike_box id_box=&#8221;2855&#8243;][\/vc_column][\/vc_row][vc_row][vc_column][elx_heading text_color=&#8221;inherit&#8221;]Torktumlare[\/elx_heading][\/vc_column][\/vc_row][vc_row matched_labels=&#8221;&#8221; css=&#8221;.vc_custom_1760702284684{margin-top: 32px !important;margin-bottom: 32px !important;}&#8221;][vc_column width=&#8221;1\/4&#8243;]<div class=\"product-list-item\"><div class=\"single-product-content\"><a href=\"https:\/\/www.electroluxprofessional.com\/se\/pd\/torktumlare\/standard\/td6-11-le\/td6-11le\/TD6-11\/\" target=\"_blank\"><figure class=\"wow fadeIn\"><img decoding=\"async\" src=\"https:\/\/tools.electroluxprofessional.com\/Mirror\/Doc\/ELS%2FPH_255x255%2FDryer_TD6_11_FRONT%20.jpg\" alt=\"TD6-11\"><\/figure><h3>TD6-11<\/h3><\/a><div class=\"product-description\">L\u00e5genergi-torktumlare - 11kg lastkapacitet. Trumvolym: 200 liter<\/div><\/div><hr><div class=\"pre-actions\"><div class=\"reviews\"><\/div><\/div><div class=\"action\"><a href=\"https:\/\/www.electroluxprofessional.com\/se\/pd\/torktumlare\/standard\/td6-11-le\/td6-11le\/TD6-11\/\" target=\"_blank\" class=\"btn btn-primary\">Mer info<\/a><\/div><\/div>[\/vc_column][vc_column width=&#8221;1\/4&#8243;]<div class=\"product-list-item\"><div class=\"single-product-content\"><a href=\"https:\/\/www.electroluxprofessional.com\/se\/pd\/torktumlare\/standard\/td6-7\/td6-7\/TD6-7\/\" target=\"_blank\"><figure class=\"wow fadeIn\"><img decoding=\"async\" src=\"https:\/\/tools.electroluxprofessional.com\/Mirror\/Doc\/ELS%2FPH_255x255%2FTD6-7.jpg\" alt=\"TD6-7\"><\/figure><h3>TD6-7<\/h3><\/a><div class=\"product-description\">Torktumlare  - 7 kg lastkapacitet. Trumvolym: 135 liter<\/div><\/div><hr><div class=\"pre-actions\"><div class=\"reviews\"><\/div><\/div><div class=\"action\"><a href=\"https:\/\/www.electroluxprofessional.com\/se\/pd\/torktumlare\/standard\/td6-7\/td6-7\/TD6-7\/\" target=\"_blank\" class=\"btn btn-primary\">Mer info<\/a><\/div><\/div>[\/vc_column][vc_column width=&#8221;1\/4&#8243;][\/vc_column][vc_column width=&#8221;1\/4&#8243;][\/vc_column][\/vc_row][vc_row matched_labels=&#8221;&#8221; css=&#8221;.vc_custom_1760702306455{margin-top: 32px !important;}&#8221;][vc_column][elx_heading text_color=&#8221;inherit&#8221;]Tv\u00e4ttmaskiner[\/elx_heading][\/vc_column][\/vc_row]<\/p>\n","protected":false},"excerpt":{"rendered":"<p>[vc_row full_width=&#8221;electroluxpro-full-width-no-padding&#8221;][vc_column][elx_full_banner title=&#8221;Djurv\u00e5rd&#8221; background_image_media_library=&#8221;54322&#8243; link=&#8221;url:%23mer-info|title:F%C3%B6r%20veterin%C3%A4rkliniker%20med%20h%C3%B6ga%20krav&#8221; background_image_media_library_mobile=&#8221;54323&#8243;][\/vc_column][\/vc_row][vc_row css=&#8221;.vc_custom_1760608467192{padding-top: 32px !important;padding-bottom: 32px !important;}&#8221;][vc_column][elx_heading font_container=&#8221;h1&#8243; text_color=&#8221;electrolux-blue&#8221; text_align=&#8221;text-left&#8221;]T\u00e5liga och verksamhetsanpassade maskiner f\u00f6r milj\u00f6er med h\u00f6ga hygienkrav[\/elx_heading][\/vc_column][\/vc_row][vc_row][vc_column width=&#8221;1\/2&#8243;][vc_column_text]WH6-8CV \u2013 Energieffektiv tv\u00e4ttmaskin f\u00f6r veterin\u00e4rkliniker med h\u00f6ga krav N\u00e4r blod, urin och djurh\u00e5r m\u00e5ste hanteras samtidigt som hygienen m\u00e5ste vara helt s\u00e4kerst\u00e4lld, \u00e4r v\u00e5ra professionella tv\u00e4ttmaskiner det sj\u00e4lvklara valet. Verksamhetsanpassade tv\u00e4ttprogram f\u00f6r [&hellip;]<\/p>\n","protected":false},"author":1174,"featured_media":54322,"parent":51211,"menu_order":0,"comment_status":"closed","ping_status":"closed","template":"","meta":{"footnotes":""},"class_list":["post-54320","page","type-page","status-publish","has-post-thumbnail","hentry"],"acf":[],"yoast_head":"<!-- This site is optimized with the Yoast SEO plugin v23.3 - https:\/\/yoast.com\/wordpress\/plugins\/seo\/ -->\n<title>Djurv\u00e5rd tv\u00e4ttmaskin<\/title>\n<meta name=\"description\" content=\"Effektiva och l\u00f6nsamma tv\u00e4ttmaskiner f\u00f6r djurv\u00e5rd.\" \/>\n<meta name=\"robots\" content=\"index, follow, max-snippet:-1, max-image-preview:large, max-video-preview:-1\" \/>\n<link rel=\"canonical\" href=\"https:\/\/www.electroluxprofessional.com\/se\/tvatt\/djurvard\/\" \/>\n<meta property=\"og:locale\" content=\"sv_SE\" \/>\n<meta property=\"og:type\" content=\"article\" \/>\n<meta property=\"og:title\" content=\"Djurv\u00e5rd tv\u00e4ttmaskin\" \/>\n<meta property=\"og:description\" content=\"Effektiva och l\u00f6nsamma tv\u00e4ttmaskiner f\u00f6r djurv\u00e5rd.\" \/>\n<meta property=\"og:url\" content=\"https:\/\/www.electroluxprofessional.com\/se\/tvatt\/djurvard\/\" \/>\n<meta property=\"og:site_name\" content=\"Electrolux Professional Sverige\" \/>\n<meta property=\"article:modified_time\" content=\"2025-10-17T12:02:34+00:00\" \/>\n<meta property=\"og:image\" content=\"https:\/\/www.electroluxprofessional.com\/se\/wp-content\/uploads\/2020\/06\/camping2000pxSE.jpg\" \/>\n<meta name=\"twitter:card\" content=\"summary_large_image\" \/>\n<meta name=\"twitter:label1\" content=\"Ber\u00e4knad l\u00e4stid\" \/>\n\t<meta name=\"twitter:data1\" content=\"4 minuter\" \/>\n<script type=\"application\/ld+json\" class=\"yoast-schema-graph\">{\"@context\":\"https:\/\/schema.org\",\"@graph\":[{\"@type\":\"WebPage\",\"@id\":\"https:\/\/www.electroluxprofessional.com\/se\/tvatt\/djurvard\/\",\"url\":\"https:\/\/www.electroluxprofessional.com\/se\/tvatt\/djurvard\/\",\"name\":\"Djurv\u00e5rd tv\u00e4ttmaskin\",\"isPartOf\":{\"@id\":\"https:\/\/www.electroluxprofessional.com\/se\/#website\"},\"primaryImageOfPage\":{\"@id\":\"https:\/\/www.electroluxprofessional.com\/se\/tvatt\/djurvard\/#primaryimage\"},\"image\":{\"@id\":\"https:\/\/www.electroluxprofessional.com\/se\/tvatt\/djurvard\/#primaryimage\"},\"thumbnailUrl\":\"https:\/\/www.electroluxprofessional.com\/se\/wp-content\/uploads\/2025\/10\/fw-djurvard-header.webp\",\"datePublished\":\"2025-10-16T08:33:41+00:00\",\"dateModified\":\"2025-10-17T12:02:34+00:00\",\"description\":\"Effektiva och l\u00f6nsamma tv\u00e4ttmaskiner f\u00f6r djurv\u00e5rd.\",\"breadcrumb\":{\"@id\":\"https:\/\/www.electroluxprofessional.com\/se\/tvatt\/djurvard\/#breadcrumb\"},\"inLanguage\":\"sv-SE\",\"potentialAction\":[{\"@type\":\"ReadAction\",\"target\":[\"https:\/\/www.electroluxprofessional.com\/se\/tvatt\/djurvard\/\"]}]},{\"@type\":\"ImageObject\",\"inLanguage\":\"sv-SE\",\"@id\":\"https:\/\/www.electroluxprofessional.com\/se\/tvatt\/djurvard\/#primaryimage\",\"url\":\"https:\/\/www.electroluxprofessional.com\/se\/wp-content\/uploads\/2025\/10\/fw-djurvard-header.webp\",\"contentUrl\":\"https:\/\/www.electroluxprofessional.com\/se\/wp-content\/uploads\/2025\/10\/fw-djurvard-header.webp\",\"width\":1920,\"height\":581},{\"@type\":\"BreadcrumbList\",\"@id\":\"https:\/\/www.electroluxprofessional.com\/se\/tvatt\/djurvard\/#breadcrumb\",\"itemListElement\":[{\"@type\":\"ListItem\",\"position\":1,\"name\":\"Home\",\"item\":\"https:\/\/www.electroluxprofessional.com\/se\/\"},{\"@type\":\"ListItem\",\"position\":2,\"name\":\"Tv\u00e4tt\",\"item\":\"https:\/\/www.electroluxprofessional.com\/se\/tvatt\/\"},{\"@type\":\"ListItem\",\"position\":3,\"name\":\"Djurv\u00e5rd\"}]},{\"@type\":\"WebSite\",\"@id\":\"https:\/\/www.electroluxprofessional.com\/se\/#website\",\"url\":\"https:\/\/www.electroluxprofessional.com\/se\/\",\"name\":\"Electrolux Professional Sverige\",\"description\":\"\",\"potentialAction\":[{\"@type\":\"SearchAction\",\"target\":{\"@type\":\"EntryPoint\",\"urlTemplate\":\"https:\/\/www.electroluxprofessional.com\/se\/?src={search_term_string}\"},\"query-input\":\"required name=search_term_string\"}],\"inLanguage\":\"sv-SE\"}]}<\/script>\n<!-- \/ Yoast SEO plugin. -->","yoast_head_json":{"title":"Djurv\u00e5rd tv\u00e4ttmaskin","description":"Effektiva och l\u00f6nsamma tv\u00e4ttmaskiner f\u00f6r djurv\u00e5rd.","robots":{"index":"index","follow":"follow","max-snippet":"max-snippet:-1","max-image-preview":"max-image-preview:large","max-video-preview":"max-video-preview:-1"},"canonical":"https:\/\/www.electroluxprofessional.com\/se\/tvatt\/djurvard\/","og_locale":"sv_SE","og_type":"article","og_title":"Djurv\u00e5rd tv\u00e4ttmaskin","og_description":"Effektiva och l\u00f6nsamma tv\u00e4ttmaskiner f\u00f6r djurv\u00e5rd.","og_url":"https:\/\/www.electroluxprofessional.com\/se\/tvatt\/djurvard\/","og_site_name":"Electrolux Professional Sverige","article_modified_time":"2025-10-17T12:02:34+00:00","og_image":[{"url":"https:\/\/www.electroluxprofessional.com\/se\/wp-content\/uploads\/2020\/06\/camping2000pxSE.jpg"}],"twitter_card":"summary_large_image","twitter_misc":{"Ber\u00e4knad l\u00e4stid":"4 minuter"},"schema":{"@context":"https:\/\/schema.org","@graph":[{"@type":"WebPage","@id":"https:\/\/www.electroluxprofessional.com\/se\/tvatt\/djurvard\/","url":"https:\/\/www.electroluxprofessional.com\/se\/tvatt\/djurvard\/","name":"Djurv\u00e5rd tv\u00e4ttmaskin","isPartOf":{"@id":"https:\/\/www.electroluxprofessional.com\/se\/#website"},"primaryImageOfPage":{"@id":"https:\/\/www.electroluxprofessional.com\/se\/tvatt\/djurvard\/#primaryimage"},"image":{"@id":"https:\/\/www.electroluxprofessional.com\/se\/tvatt\/djurvard\/#primaryimage"},"thumbnailUrl":"https:\/\/www.electroluxprofessional.com\/se\/wp-content\/uploads\/2025\/10\/fw-djurvard-header.webp","datePublished":"2025-10-16T08:33:41+00:00","dateModified":"2025-10-17T12:02:34+00:00","description":"Effektiva och l\u00f6nsamma tv\u00e4ttmaskiner f\u00f6r djurv\u00e5rd.","breadcrumb":{"@id":"https:\/\/www.electroluxprofessional.com\/se\/tvatt\/djurvard\/#breadcrumb"},"inLanguage":"sv-SE","potentialAction":[{"@type":"ReadAction","target":["https:\/\/www.electroluxprofessional.com\/se\/tvatt\/djurvard\/"]}]},{"@type":"ImageObject","inLanguage":"sv-SE","@id":"https:\/\/www.electroluxprofessional.com\/se\/tvatt\/djurvard\/#primaryimage","url":"https:\/\/www.electroluxprofessional.com\/se\/wp-content\/uploads\/2025\/10\/fw-djurvard-header.webp","contentUrl":"https:\/\/www.electroluxprofessional.com\/se\/wp-content\/uploads\/2025\/10\/fw-djurvard-header.webp","width":1920,"height":581},{"@type":"BreadcrumbList","@id":"https:\/\/www.electroluxprofessional.com\/se\/tvatt\/djurvard\/#breadcrumb","itemListElement":[{"@type":"ListItem","position":1,"name":"Home","item":"https:\/\/www.electroluxprofessional.com\/se\/"},{"@type":"ListItem","position":2,"name":"Tv\u00e4tt","item":"https:\/\/www.electroluxprofessional.com\/se\/tvatt\/"},{"@type":"ListItem","position":3,"name":"Djurv\u00e5rd"}]},{"@type":"WebSite","@id":"https:\/\/www.electroluxprofessional.com\/se\/#website","url":"https:\/\/www.electroluxprofessional.com\/se\/","name":"Electrolux Professional Sverige","description":"","potentialAction":[{"@type":"SearchAction","target":{"@type":"EntryPoint","urlTemplate":"https:\/\/www.electroluxprofessional.com\/se\/?src={search_term_string}"},"query-input":"required name=search_term_string"}],"inLanguage":"sv-SE"}]}},"_links":{"self":[{"href":"https:\/\/www.electroluxprofessional.com\/se\/wp-json\/wp\/v2\/pages\/54320"}],"collection":[{"href":"https:\/\/www.electroluxprofessional.com\/se\/wp-json\/wp\/v2\/pages"}],"about":[{"href":"https:\/\/www.electroluxprofessional.com\/se\/wp-json\/wp\/v2\/types\/page"}],"author":[{"embeddable":true,"href":"https:\/\/www.electroluxprofessional.com\/se\/wp-json\/wp\/v2\/users\/1174"}],"replies":[{"embeddable":true,"href":"https:\/\/www.electroluxprofessional.com\/se\/wp-json\/wp\/v2\/comments?post=54320"}],"version-history":[{"count":75,"href":"https:\/\/www.electroluxprofessional.com\/se\/wp-json\/wp\/v2\/pages\/54320\/revisions"}],"predecessor-version":[{"id":54443,"href":"https:\/\/www.electroluxprofessional.com\/se\/wp-json\/wp\/v2\/pages\/54320\/revisions\/54443"}],"up":[{"embeddable":true,"href":"https:\/\/www.electroluxprofessional.com\/se\/wp-json\/wp\/v2\/pages\/51211"}],"wp:featuredmedia":[{"embeddable":true,"href":"https:\/\/www.electroluxprofessional.com\/se\/wp-json\/wp\/v2\/media\/54322"}],"wp:attachment":[{"href":"https:\/\/www.electroluxprofessional.com\/se\/wp-json\/wp\/v2\/media?parent=54320"}],"curies":[{"name":"wp","href":"https:\/\/api.w.org\/{rel}","templated":true}]}}