{"id":5419,"date":"2016-06-01T13:56:56","date_gmt":"2016-06-01T13:56:56","guid":{"rendered":"https:\/\/www.electroluxprofessional.com\/?page_id=1763"},"modified":"2026-04-10T09:10:10","modified_gmt":"2026-04-10T08:10:10","slug":"service-och-support","status":"publish","type":"page","link":"https:\/\/www.electroluxprofessional.com\/se\/service-och-support\/","title":{"rendered":"Essentia Customer Care"},"content":{"rendered":"<p>[vc_row full_width=&#8221;electroluxpro-full-width-no-padding&#8221;][vc_column][vc_single_image image=&#8221;5412&#8243; img_size=&#8221;2000*350&#8243; alignment=&#8221;center&#8221;][\/vc_column][\/vc_row][vc_row full_width=&#8221;electroluxpro-full-width-no-padding&#8221; disable_element=&#8221;yes&#8221;][vc_column][elx_full_banner title=&#8221;Essentia serviceavtal&#8221; set_as_h1=&#8221;true&#8221; background_image_media_library=&#8221;52152&#8243; background_image_media_library_mobile=&#8221;52153&#8243; link=&#8221;url:%23kontakt|title:Villl%20du%20veta%20mer%3F%20Kontakta%20oss&#8221;][\/vc_column][\/vc_row][vc_row][vc_column width=&#8221;1\/4&#8243;][vc_empty_space][vc_single_image image=&#8221;5410&#8243; img_size=&#8221;300*300&#8243;][vc_empty_space][\/vc_column][vc_column width=&#8221;3\/4&#8243;][vc_empty_space][vc_empty_space][elx_heading font_container=&#8221;h1&#8243; font_size=&#8221;h3&#8243; text_color=&#8221;inherit&#8221;]Essentia.[\/elx_heading][vc_column_text]<span class=\"h5\">Teamed to serve you. Anytime, anywhere<\/span>[\/vc_column_text][\/vc_column][\/vc_row][vc_row][vc_column width=&#8221;2\/3&#8243;][vc_empty_space height=&#8221;16px&#8221;][vc_single_image image=&#8221;51599&#8243; img_size=&#8221;650&#215;450&#8243;][\/vc_column][vc_column width=&#8221;1\/3&#8243;][elx_heading font_size=&#8221;h3&#8243; text_color=&#8221;inherit&#8221;]Certifierade servicetekniker till din tj\u00e4nst<br \/>\n&#8211; n\u00e4r som helst, var som helst[\/elx_heading][vc_column_text]Essentia tar begreppet<strong>\u00a0Service<\/strong> till en helt ny niv\u00e5. En dedikerad tj\u00e4nst som blir en av dina fr\u00e4msta f\u00f6rdelar n\u00e4r du v\u00e4ljer Electrolux Professional.[\/vc_column_text][vc_column_text]Fr\u00e5n installationen och \u00e4nda fram tills slutet av varje produkts livscykel, st\u00e5r vi redo med\u00a0omfattande underh\u00e5llsavtal som baseras p\u00e5 v\u00e5r gedigna kunskap, v\u00e5rt arv och m\u00e5nga \u00e5rs erfarenhet av att utveckla k\u00f6ks- och tv\u00e4ttl\u00f6sningar.[\/vc_column_text][\/vc_column][\/vc_row][vc_row][vc_column][elx_heading font_size=&#8221;h3&#8243; text_color=&#8221;inherit&#8221;]Uppt\u00e4ck Essentia[\/elx_heading][vc_column_text]Genom ett <strong>p\u00e5litligt, v\u00e4rldsomsp\u00e4nnande servicen\u00e4tverk<\/strong>, en rad skr\u00e4ddarsydda exklusiva tj\u00e4nster och en innovativ teknik ger vi dig det st\u00f6d du beh\u00f6ver och tar hand om dina produkter och processer.[\/vc_column_text][vc_empty_space][\/vc_column][\/vc_row][vc_row css=&#8221;.vc_custom_1523543977412{background-color: #041e41 !important;}&#8221;][vc_column width=&#8221;2\/3&#8243;][vc_empty_space][elx_simple_link_block link=&#8221;url:https%3A%2F%2Fprofessional.electrolux.se%2Fcustomer-care%2Fservice-agreements%2F|title:Service%20agreements||&#8221; text_align=&#8221;text-left&#8221; text_color=&#8221;inherit&#8221; background_color=&#8221;inherit&#8221; background_hover_color=&#8221;darker-hover&#8221; extra_class=&#8221;&#8221; reveal_effect=&#8221;&#8221; reveal_duration=&#8221;&#8221; reveal_delay=&#8221;&#8221;][elx_heading font_size=&#8221;h3&#8243; text_color=&#8221;white&#8221;]F\u00f6rm\u00e5nliga serviceavtal f\u00f6r Professionell tv\u00e4tt[\/elx_heading][vc_column_text]<\/p>\n<p style=\"color: #fff;\"><span style=\"color: #ffffff;\">V\u00e4lj mellan <strong>flexibla och skr\u00e4ddarsydda paket.<\/strong> Vi ser till att din utrustning underh\u00e5lls och forts\u00e4tter att prestera p\u00e5 topp &#8211; samtidigt som nedtiden minskar.<\/span><\/p>\n<p>[\/vc_column_text][\/elx_simple_link_block][elx_button button_text=&#8221;Essentia serviceavtal tv\u00e4tt&#8221; button_link=&#8221;url:https%3A%2F%2Fwww.electroluxprofessional.com%2Fse%2Fserviceavtal-professionell-tvatt%2F|title:Serviceavtal%20Laundry|target:_blank&#8221;][vc_empty_space][\/vc_column][vc_column width=&#8221;1\/3&#8243;][vc_empty_space][vc_single_image image=&#8221;51600&#8243; img_size=&#8221;full&#8221;][vc_empty_space][\/vc_column][\/vc_row][vc_row][vc_column][vc_empty_space][\/vc_column][\/vc_row][vc_row][vc_column width=&#8221;1\/3&#8243;][elx_simple_link_block link=&#8221;url:%23|title:Accessories%20and%20consumables||&#8221; text_align=&#8221;text-left&#8221; text_color=&#8221;inherit&#8221; background_color=&#8221;inherit&#8221; background_hover_color=&#8221;darker-hover&#8221; extra_class=&#8221;&#8221; reveal_effect=&#8221;&#8221; reveal_duration=&#8221;&#8221; reveal_delay=&#8221;&#8221;][vc_single_image image=&#8221;51115&#8243; img_size=&#8221;360*120&#8243;][elx_heading font_size=&#8221;h5&#8243; text_color=&#8221;inherit&#8221;]Endast v\u00e4lbepr\u00f6vade originaldelar [\/elx_heading][vc_column_text]Du kan f\u00f6rlita dig p\u00e5 en snabb leverans av originaltillbeh\u00f6r och f\u00f6rbruknings-varor. Alla tillbeh\u00f6r \u00e4r noggrant testade av Electrolux Professionals experter f\u00f6r att s\u00e4kerst\u00e4lla b\u00e4sta h\u00e5llbarhet och prestanda f\u00f6r din utrustning.[\/vc_column_text][\/elx_simple_link_block][\/vc_column][vc_column width=&#8221;1\/3&#8243;][elx_simple_link_block link=&#8221;url:%23|title:spare%20parts%20service%20locator||&#8221; text_align=&#8221;text-left&#8221; text_color=&#8221;inherit&#8221; background_color=&#8221;inherit&#8221; background_hover_color=&#8221;darker-hover&#8221; extra_class=&#8221;&#8221; reveal_effect=&#8221;&#8221; reveal_duration=&#8221;&#8221; reveal_delay=&#8221;&#8221;][vc_single_image image=&#8221;5415&#8243; img_size=&#8221;360*120&#8243;][elx_heading font_size=&#8221;h5&#8243; text_color=&#8221;inherit&#8221;]Flexibla betalningsl\u00f6sningar[\/elx_heading][vc_column_text]M\u00f6jlighet till finansiering under hela<br \/>\navtalsperioden. L\u00e4gg upp din betalning<br \/>\nmed ett \u00e5rs f\u00f6rskottsbetalning i taget,<br \/>\nalternativt betala f\u00f6r alla fem \u00e5ren direkt.[\/vc_column_text][\/elx_simple_link_block][\/vc_column][vc_column width=&#8221;1\/3&#8243;][elx_simple_link_block link=&#8221;url:%23|title:maintenance||&#8221; text_align=&#8221;text-left&#8221; text_color=&#8221;inherit&#8221; background_color=&#8221;inherit&#8221; background_hover_color=&#8221;darker-hover&#8221; extra_class=&#8221;&#8221; reveal_effect=&#8221;&#8221; reveal_duration=&#8221;&#8221; reveal_delay=&#8221;&#8221;][vc_single_image image=&#8221;5416&#8243; img_size=&#8221;360*120&#8243;][elx_heading font_size=&#8221;h5&#8243; text_color=&#8221;inherit&#8221;]L\u00f6pande underh\u00e5ll &#8211; f\u00e4rre driftstopp[\/elx_heading][vc_column_text]<\/p>\n<p>Ett regelbundet underh\u00e5ll ser till att din utrustning h\u00e5ller l\u00e4ngre och garanterar din utrustnings b\u00e4sta prestanda.<\/p>\n<p>[\/vc_column_text][\/elx_simple_link_block][\/vc_column][\/vc_row][vc_row][vc_column][vc_empty_space][\/vc_column][\/vc_row][vc_row disable_element=&#8221;yes&#8221;][vc_column width=&#8221;1\/3&#8243;][elx_button button_text=&#8221;L\u00e4s mer om v\u00e5ra tillbeh\u00f6r&#8221; button_style=&#8221;icon&#8221; button_link=&#8221;url:https%3A%2F%2Fwww.electroluxprofessional.com%2Fse%2Ftillbehor|title:L%C3%A4s%20mer%20om%20v%C3%A5ra%20tillbeh%C3%B6r||&#8221;][elx_button button_text=&#8221;L\u00e4s mer om v\u00e5rt tv\u00e4ttmedel&#8221; button_style=&#8221;icon&#8221; button_link=&#8221;url:https%3A%2F%2Fwww.electroluxprofessional.com%2Fse%2Ftvattmedel%2F|title:L%C3%A4s%20mer%20om%20v%C3%A5rt%20tv%C3%A4ttmedel||&#8221;][\/vc_column][vc_column width=&#8221;1\/3&#8243;][elx_button button_text=&#8221;Hitta din n\u00e4rmaste servicepartner&#8221; button_style=&#8221;icon&#8221; button_link=&#8221;url:https%3A%2F%2Fprofessional.electrolux.se%2Fsales-service-locator%2F|title:Hitta%20din%20n%C3%A4rmaste%20servicepartner||&#8221;][\/vc_column][vc_column width=&#8221;1\/3&#8243;][elx_button button_text=&#8221;Tips om underh\u00e5ll&#8221; button_style=&#8221;icon&#8221; button_link=&#8221;url:https%3A%2F%2Fwww.electroluxprofessional.com%2Fse%2Ffordelar-med-service%2F|title:F%C3%B6rdelar%20med%20service|target:%20_blank|&#8221;][\/vc_column][\/vc_row][vc_row][vc_column][vc_empty_space][elx_heading font_size=&#8221;h1&#8243; text_color=&#8221;inherit&#8221;]Omfattande garanti[\/elx_heading][vc_row_inner][vc_column_inner width=&#8221;1\/3&#8243;][vc_empty_space][vc_column_text]Dina produkter skyddas alltid av v\u00e5r omfattande garanti. L\u00e4s mer om v\u00e5ra garantitider och villkor f\u00f6r Electrolux Professional.[\/vc_column_text][\/vc_column_inner][vc_column_inner width=&#8221;1\/3&#8243;][vc_empty_space][elx_button button_text=&#8221;Garantitider f\u00f6r Laundry&#8221; button_style=&#8221;icon&#8221; button_link=&#8221;url:https%3A%2F%2Fwww.electroluxprofessional.com%2Fse%2Fwp-content%2Fuploads%2F2021%2F01%2FGarantitid-2021-EPR.pdf|title:Garantitider|target:%20_blank|&#8221;][vc_empty_space][elx_button button_text=&#8221;Garantivillkor f\u00f6r Laundry&#8221; button_style=&#8221;icon&#8221; button_link=&#8221;url:https%3A%2F%2Fwww.electroluxprofessional.com%2Fse%2Fwp-content%2Fuploads%2F2020%2F08%2FGarantivillkor-2020-EPR.pdf|title:Underh%C3%A5llstips|target:%20_blank|&#8221;][\/vc_column_inner][vc_column_inner width=&#8221;1\/3&#8243;][vc_empty_space][elx_button button_text=&#8221;Garantitider f\u00f6r Food&#8221; button_style=&#8221;icon&#8221; button_link=&#8221;url:https%3A%2F%2Fwww.electroluxprofessional.com%2Fse%2Fwp-content%2Fuploads%2F2021%2F07%2FGarantitid.FOOD_.2021.pdf|title:Garantitider%20FOOD|target:%20_blank|&#8221;][vc_empty_space][elx_button button_text=&#8221;Garantivillkor f\u00f6r Food&#8221; button_style=&#8221;icon&#8221; button_link=&#8221;url:https%3A%2F%2Fwww.electroluxprofessional.com%2Fse%2Fwp-content%2Fuploads%2F2021%2F07%2FGarantivillkor.FOOD_.2021.pdf|title:Garantitivillkor%20FOOD|target:%20_blank|&#8221;][\/vc_column_inner][\/vc_row_inner][\/vc_column][vc_column width=&#8221;1\/3&#8243;][\/vc_column][vc_column width=&#8221;1\/3&#8243;][\/vc_column][vc_column width=&#8221;1\/3&#8243;][\/vc_column][vc_column][vc_empty_space][vc_empty_space][\/vc_column][\/vc_row][vc_row css=&#8221;.vc_custom_1720520460572{background-color: #a2b1bf !important;}&#8221;][vc_column width=&#8221;2\/3&#8243;][elx_heading font_size=&#8221;h3&#8243; text_color=&#8221;inherit&#8221;]Ekonomiskt ansvarstagande[\/elx_heading][vc_column_text]Tar man hand om maskinerna genom regelbunden service i f\u00f6rebyggande syfte s\u00e5 undviker man oftast b\u00e5de st\u00f6rre reparationer och minimerar antalet driftstopp. Vi vet ocks\u00e5 att tv\u00e4ttstugan \u00e4r en av de f\u00e5 delarna i en fastighet som kan generera stora kostnadsbesparingar genom att g\u00f6ra r\u00e4tt val av maskiner och service.[\/vc_column_text][\/vc_column][vc_column width=&#8221;1\/3&#8243;][vc_single_image image=&#8221;51602&#8243; img_size=&#8221;full&#8221;][\/vc_column][\/vc_row][vc_row][vc_column][vc_empty_space][\/vc_column][\/vc_row][vc_row el_id=&#8221;kontakt&#8221;][vc_column][elx_heading font_container=&#8221;h3&#8243; text_color=&#8221;inherit&#8221;]F\u00e5 mer information om Essentia[\/elx_heading][elx_o2000_contact_us s=&#8221;Jag vill ha mer information om Essentia&#8221; country=&#8221;Sweden&#8221; b=&#8221;laundry&#8221; container=&#8221;elxcontactus1484293813&#8243; r=&#8221;Jag vill g\u00e4rna veta mer om Essentia. V\u00e4nligen kontakta mig.&#8221; l=&#8221;se&#8221; e=&#8221;els.sales@electrolux.se; els.sales@electrolux.com&#8221;][\/vc_column][\/vc_row][vc_row][vc_column][vc_empty_space][\/vc_column][\/vc_row]<\/p>\n","protected":false},"excerpt":{"rendered":"<p>[vc_row full_width=&#8221;electroluxpro-full-width-no-padding&#8221;][vc_column][vc_single_image image=&#8221;5412&#8243; img_size=&#8221;2000*350&#8243; alignment=&#8221;center&#8221;][\/vc_column][\/vc_row][vc_row full_width=&#8221;electroluxpro-full-width-no-padding&#8221; disable_element=&#8221;yes&#8221;][vc_column][elx_full_banner title=&#8221;Essentia serviceavtal&#8221; set_as_h1=&#8221;true&#8221; background_image_media_library=&#8221;52152&#8243; background_image_media_library_mobile=&#8221;52153&#8243; link=&#8221;url:%23kontakt|title:Villl%20du%20veta%20mer%3F%20Kontakta%20oss&#8221;][\/vc_column][\/vc_row][vc_row][vc_column width=&#8221;1\/4&#8243;][vc_empty_space][vc_single_image image=&#8221;5410&#8243; img_size=&#8221;300*300&#8243;][vc_empty_space][\/vc_column][vc_column width=&#8221;3\/4&#8243;][vc_empty_space][vc_empty_space][elx_heading font_container=&#8221;h1&#8243; font_size=&#8221;h3&#8243; text_color=&#8221;inherit&#8221;]Essentia.[\/elx_heading][vc_column_text]Teamed to serve you. Anytime, anywhere[\/vc_column_text][\/vc_column][\/vc_row][vc_row][vc_column width=&#8221;2\/3&#8243;][vc_empty_space height=&#8221;16px&#8221;][vc_single_image image=&#8221;51599&#8243; img_size=&#8221;650&#215;450&#8243;][\/vc_column][vc_column width=&#8221;1\/3&#8243;][elx_heading font_size=&#8221;h3&#8243; text_color=&#8221;inherit&#8221;]Certifierade servicetekniker till din tj\u00e4nst &#8211; n\u00e4r som helst, var som helst[\/elx_heading][vc_column_text]Essentia tar begreppet\u00a0Service till en helt ny niv\u00e5. En dedikerad tj\u00e4nst som blir [&hellip;]<\/p>\n","protected":false},"author":3,"featured_media":5410,"parent":0,"menu_order":0,"comment_status":"closed","ping_status":"closed","template":"","meta":{"footnotes":""},"class_list":["post-5419","page","type-page","status-publish","has-post-thumbnail","hentry"],"acf":[],"yoast_head":"<!-- This site is optimized with the Yoast SEO plugin v23.3 - https:\/\/yoast.com\/wordpress\/plugins\/seo\/ -->\n<title>Essentia Customer Care - Electrolux Professional Sverige<\/title>\n<meta name=\"description\" content=\"Uppt\u00e4ck Essentia - v\u00e5rt serviceprogram! Fr\u00e5n installation och \u00e4nda fram tills slutet av varje produkts livscykel finns vi med dig.\" \/>\n<meta name=\"robots\" content=\"index, follow, max-snippet:-1, max-image-preview:large, max-video-preview:-1\" \/>\n<link rel=\"canonical\" href=\"https:\/\/www.electroluxprofessional.com\/se\/service-och-support\/\" \/>\n<meta property=\"og:locale\" content=\"sv_SE\" \/>\n<meta property=\"og:type\" content=\"article\" \/>\n<meta property=\"og:title\" content=\"Essentia Customer Care - Electrolux Professional Sverige\" \/>\n<meta property=\"og:description\" content=\"Uppt\u00e4ck Essentia - v\u00e5rt serviceprogram! Fr\u00e5n installation och \u00e4nda fram tills slutet av varje produkts livscykel finns vi med dig.\" \/>\n<meta property=\"og:url\" content=\"https:\/\/www.electroluxprofessional.com\/se\/service-och-support\/\" \/>\n<meta property=\"og:site_name\" content=\"Electrolux Professional Sverige\" \/>\n<meta property=\"article:modified_time\" content=\"2026-04-10T08:10:10+00:00\" \/>\n<meta property=\"og:image\" content=\"https:\/\/www.electroluxprofessional.com\/se\/wp-content\/uploads\/2018\/02\/essentia-700.jpg\" \/>\n\t<meta property=\"og:image:width\" content=\"700\" \/>\n\t<meta property=\"og:image:height\" content=\"700\" \/>\n\t<meta property=\"og:image:type\" content=\"image\/jpeg\" \/>\n<meta name=\"twitter:card\" content=\"summary_large_image\" \/>\n<meta name=\"twitter:label1\" content=\"Ber\u00e4knad l\u00e4stid\" \/>\n\t<meta name=\"twitter:data1\" content=\"5 minuter\" \/>\n<script type=\"application\/ld+json\" class=\"yoast-schema-graph\">{\"@context\":\"https:\/\/schema.org\",\"@graph\":[{\"@type\":\"WebPage\",\"@id\":\"https:\/\/www.electroluxprofessional.com\/se\/service-och-support\/\",\"url\":\"https:\/\/www.electroluxprofessional.com\/se\/service-och-support\/\",\"name\":\"Essentia Customer Care - Electrolux Professional Sverige\",\"isPartOf\":{\"@id\":\"https:\/\/www.electroluxprofessional.com\/se\/#website\"},\"primaryImageOfPage\":{\"@id\":\"https:\/\/www.electroluxprofessional.com\/se\/service-och-support\/#primaryimage\"},\"image\":{\"@id\":\"https:\/\/www.electroluxprofessional.com\/se\/service-och-support\/#primaryimage\"},\"thumbnailUrl\":\"https:\/\/www.electroluxprofessional.com\/se\/wp-content\/uploads\/2018\/02\/essentia-700.jpg\",\"datePublished\":\"2016-06-01T13:56:56+00:00\",\"dateModified\":\"2026-04-10T08:10:10+00:00\",\"description\":\"Uppt\u00e4ck Essentia - v\u00e5rt serviceprogram! Fr\u00e5n installation och \u00e4nda fram tills slutet av varje produkts livscykel finns vi med dig.\",\"breadcrumb\":{\"@id\":\"https:\/\/www.electroluxprofessional.com\/se\/service-och-support\/#breadcrumb\"},\"inLanguage\":\"sv-SE\",\"potentialAction\":[{\"@type\":\"ReadAction\",\"target\":[\"https:\/\/www.electroluxprofessional.com\/se\/service-och-support\/\"]}]},{\"@type\":\"ImageObject\",\"inLanguage\":\"sv-SE\",\"@id\":\"https:\/\/www.electroluxprofessional.com\/se\/service-och-support\/#primaryimage\",\"url\":\"https:\/\/www.electroluxprofessional.com\/se\/wp-content\/uploads\/2018\/02\/essentia-700.jpg\",\"contentUrl\":\"https:\/\/www.electroluxprofessional.com\/se\/wp-content\/uploads\/2018\/02\/essentia-700.jpg\",\"width\":700,\"height\":700,\"caption\":\"Essentia customer care Electrolux Professional\"},{\"@type\":\"BreadcrumbList\",\"@id\":\"https:\/\/www.electroluxprofessional.com\/se\/service-och-support\/#breadcrumb\",\"itemListElement\":[{\"@type\":\"ListItem\",\"position\":1,\"name\":\"Home\",\"item\":\"https:\/\/www.electroluxprofessional.com\/se\/\"},{\"@type\":\"ListItem\",\"position\":2,\"name\":\"Essentia Customer Care\"}]},{\"@type\":\"WebSite\",\"@id\":\"https:\/\/www.electroluxprofessional.com\/se\/#website\",\"url\":\"https:\/\/www.electroluxprofessional.com\/se\/\",\"name\":\"Electrolux Professional Sverige\",\"description\":\"\",\"potentialAction\":[{\"@type\":\"SearchAction\",\"target\":{\"@type\":\"EntryPoint\",\"urlTemplate\":\"https:\/\/www.electroluxprofessional.com\/se\/?src={search_term_string}\"},\"query-input\":\"required name=search_term_string\"}],\"inLanguage\":\"sv-SE\"}]}<\/script>\n<!-- \/ Yoast SEO plugin. -->","yoast_head_json":{"title":"Essentia Customer Care - Electrolux Professional Sverige","description":"Uppt\u00e4ck Essentia - v\u00e5rt serviceprogram! Fr\u00e5n installation och \u00e4nda fram tills slutet av varje produkts livscykel finns vi med dig.","robots":{"index":"index","follow":"follow","max-snippet":"max-snippet:-1","max-image-preview":"max-image-preview:large","max-video-preview":"max-video-preview:-1"},"canonical":"https:\/\/www.electroluxprofessional.com\/se\/service-och-support\/","og_locale":"sv_SE","og_type":"article","og_title":"Essentia Customer Care - Electrolux Professional Sverige","og_description":"Uppt\u00e4ck Essentia - v\u00e5rt serviceprogram! Fr\u00e5n installation och \u00e4nda fram tills slutet av varje produkts livscykel finns vi med dig.","og_url":"https:\/\/www.electroluxprofessional.com\/se\/service-och-support\/","og_site_name":"Electrolux Professional Sverige","article_modified_time":"2026-04-10T08:10:10+00:00","og_image":[{"width":700,"height":700,"url":"https:\/\/www.electroluxprofessional.com\/se\/wp-content\/uploads\/2018\/02\/essentia-700.jpg","type":"image\/jpeg"}],"twitter_card":"summary_large_image","twitter_misc":{"Ber\u00e4knad l\u00e4stid":"5 minuter"},"schema":{"@context":"https:\/\/schema.org","@graph":[{"@type":"WebPage","@id":"https:\/\/www.electroluxprofessional.com\/se\/service-och-support\/","url":"https:\/\/www.electroluxprofessional.com\/se\/service-och-support\/","name":"Essentia Customer Care - Electrolux Professional Sverige","isPartOf":{"@id":"https:\/\/www.electroluxprofessional.com\/se\/#website"},"primaryImageOfPage":{"@id":"https:\/\/www.electroluxprofessional.com\/se\/service-och-support\/#primaryimage"},"image":{"@id":"https:\/\/www.electroluxprofessional.com\/se\/service-och-support\/#primaryimage"},"thumbnailUrl":"https:\/\/www.electroluxprofessional.com\/se\/wp-content\/uploads\/2018\/02\/essentia-700.jpg","datePublished":"2016-06-01T13:56:56+00:00","dateModified":"2026-04-10T08:10:10+00:00","description":"Uppt\u00e4ck Essentia - v\u00e5rt serviceprogram! Fr\u00e5n installation och \u00e4nda fram tills slutet av varje produkts livscykel finns vi med dig.","breadcrumb":{"@id":"https:\/\/www.electroluxprofessional.com\/se\/service-och-support\/#breadcrumb"},"inLanguage":"sv-SE","potentialAction":[{"@type":"ReadAction","target":["https:\/\/www.electroluxprofessional.com\/se\/service-och-support\/"]}]},{"@type":"ImageObject","inLanguage":"sv-SE","@id":"https:\/\/www.electroluxprofessional.com\/se\/service-och-support\/#primaryimage","url":"https:\/\/www.electroluxprofessional.com\/se\/wp-content\/uploads\/2018\/02\/essentia-700.jpg","contentUrl":"https:\/\/www.electroluxprofessional.com\/se\/wp-content\/uploads\/2018\/02\/essentia-700.jpg","width":700,"height":700,"caption":"Essentia customer care Electrolux Professional"},{"@type":"BreadcrumbList","@id":"https:\/\/www.electroluxprofessional.com\/se\/service-och-support\/#breadcrumb","itemListElement":[{"@type":"ListItem","position":1,"name":"Home","item":"https:\/\/www.electroluxprofessional.com\/se\/"},{"@type":"ListItem","position":2,"name":"Essentia Customer Care"}]},{"@type":"WebSite","@id":"https:\/\/www.electroluxprofessional.com\/se\/#website","url":"https:\/\/www.electroluxprofessional.com\/se\/","name":"Electrolux Professional Sverige","description":"","potentialAction":[{"@type":"SearchAction","target":{"@type":"EntryPoint","urlTemplate":"https:\/\/www.electroluxprofessional.com\/se\/?src={search_term_string}"},"query-input":"required name=search_term_string"}],"inLanguage":"sv-SE"}]}},"_links":{"self":[{"href":"https:\/\/www.electroluxprofessional.com\/se\/wp-json\/wp\/v2\/pages\/5419"}],"collection":[{"href":"https:\/\/www.electroluxprofessional.com\/se\/wp-json\/wp\/v2\/pages"}],"about":[{"href":"https:\/\/www.electroluxprofessional.com\/se\/wp-json\/wp\/v2\/types\/page"}],"author":[{"embeddable":true,"href":"https:\/\/www.electroluxprofessional.com\/se\/wp-json\/wp\/v2\/users\/3"}],"replies":[{"embeddable":true,"href":"https:\/\/www.electroluxprofessional.com\/se\/wp-json\/wp\/v2\/comments?post=5419"}],"version-history":[{"count":51,"href":"https:\/\/www.electroluxprofessional.com\/se\/wp-json\/wp\/v2\/pages\/5419\/revisions"}],"predecessor-version":[{"id":55993,"href":"https:\/\/www.electroluxprofessional.com\/se\/wp-json\/wp\/v2\/pages\/5419\/revisions\/55993"}],"wp:featuredmedia":[{"embeddable":true,"href":"https:\/\/www.electroluxprofessional.com\/se\/wp-json\/wp\/v2\/media\/5410"}],"wp:attachment":[{"href":"https:\/\/www.electroluxprofessional.com\/se\/wp-json\/wp\/v2\/media?parent=5419"}],"curies":[{"name":"wp","href":"https:\/\/api.w.org\/{rel}","templated":true}]}}