{"id":54175,"date":"2025-09-19T08:32:10","date_gmt":"2025-09-19T07:32:10","guid":{"rendered":"https:\/\/www.electroluxprofessional.com\/se\/?page_id=54175"},"modified":"2026-03-24T12:09:34","modified_gmt":"2026-03-24T11:09:34","slug":"hyra-tvattstuga-eller-maskiner-for-brf","status":"publish","type":"page","link":"https:\/\/www.electroluxprofessional.com\/se\/tvatt\/hyra-tvattstuga-eller-maskiner-for-brf\/","title":{"rendered":"Hyra tv\u00e4ttstuga eller maskiner \u2013 f\u00f6r BRF"},"content":{"rendered":"<p>[vc_row full_width=&#8221;electroluxpro-full-width-no-padding&#8221; content_placement=&#8221;middle&#8221;][vc_column el_class=&#8221;forskola-wrapper&#8221;][elx_full_banner title=&#8221;Hyra tv\u00e4ttstuga&#8221; background_image_media_library=&#8221;54199&#8243; background_image_media_library_mobile=&#8221;53656&#8243; link=&#8221;url:%23fem-viktiga|title:S%C3%A5%20h%C3%A4r%20fungerar%20det&#8221;][\/vc_column][\/vc_row][vc_row css=&#8221;.vc_custom_1754395625435{margin-top: 32px !important;margin-bottom: 32px !important;}&#8221;][vc_column][vc_row_inner][vc_column_inner][elx_heading font_container=&#8221;h1&#8243; text_color=&#8221;electrolux-blue&#8221; text_align=&#8221;text-left&#8221;]Hyra tv\u00e4ttstuga \u2013 en smartare l\u00f6sning f\u00f6r er f\u00f6rening[\/elx_heading][vc_column_text]Att hyra en tv\u00e4ttmaskin eller en hel tv\u00e4ttstugel\u00f6sning g\u00f6r det enkelt att planera b\u00e5de ekonomi och drift. Ni slipper stora investeringar och f\u00e5r ist\u00e4llet en f\u00f6ruts\u00e4gbar m\u00e5nadskostnad. Samtidigt ges m\u00f6jlighet att alltid ha den senaste tekniken p\u00e5 plats \u2013 med service och trygghet inkluderat.[\/vc_column_text][\/vc_column_inner][\/vc_row_inner][vc_row_inner css=&#8221;.vc_custom_1758273311792{margin-top: 32px !important;}&#8221;][vc_column_inner width=&#8221;1\/2&#8243;][elx_heading text_color=&#8221;inherit&#8221; text_align=&#8221;text-left&#8221;]Varf\u00f6r hyra ist\u00e4llet f\u00f6r att k\u00f6pa?[\/elx_heading][vc_column_text]Att \u00e4ga maskiner kan k\u00e4nnas sj\u00e4lvklart, men f\u00f6r m\u00e5nga bostadsr\u00e4ttsf\u00f6reningar inneb\u00e4r det bundet kapital, of\u00f6rutsedda kostnader och administration vid service och byte. Genom att hyra:<\/p>\n<p><strong>F\u00e5r ni full kontroll p\u00e5 kostnaderna<br \/>\n<\/strong>\u2013 en faktura t\u00e4cker utrustning, installation och serviceavtal.<\/p>\n<p><strong>Bibeh\u00e5ller ni likviditeten<\/strong><br \/>\n\u2013 hyran bokf\u00f6rs som driftskostnad och belastar inte investeringsbudgeten.<\/p>\n<p><strong>S\u00e4krar ni l\u00e5ngsiktig drift<\/strong><br \/>\n\u2013 serviceavtal och uppgraderingar g\u00f6r att maskinerna alltid fungerar optimalt.<\/p>\n<p><strong>Underl\u00e4ttar ni administrationen<\/strong><br \/>\n\u2013 enkel hantering utan \u00f6verraskningar.[\/vc_column_text][vc_empty_space][elx_button button_text=&#8221;Vill du veta mer? Kontakta oss redan idag!&#8221; button_link=&#8221;url:%23kontakta&#8221;][\/vc_column_inner][vc_column_inner width=&#8221;1\/2&#8243;][vc_empty_space][vc_single_image image=&#8221;21393&#8243; img_size=&#8221;full&#8221; css_animation=&#8221;fadeIn&#8221;][\/vc_column_inner][\/vc_row_inner][\/vc_column][\/vc_row][vc_row el_id=&#8221;fem-viktiga&#8221; css=&#8221;.vc_custom_1758273348218{margin-top: 32px !important;}&#8221;][vc_column width=&#8221;1\/2&#8243;][elx_heading font_size=&#8221;h2&#8243; text_color=&#8221;inherit&#8221; text_align=&#8221;text-center&#8221; css=&#8221;.vc_custom_1758269954015{margin-top: 32px !important;}&#8221;]S\u00e5 fungerar det[\/elx_heading][vc_empty_space][vc_column_text]<\/p>\n<div style=\"max-width: 800px; margin: 16px auto 24px;\">Med hyra betalar f\u00f6reningen bara f\u00f6r nyttjandet \u2013 inte f\u00f6r \u00e4gandet. Det betyder att utrustningen inte beh\u00f6ver tas upp som en investering, utan bokf\u00f6rs direkt som en driftskostnad.<\/div>\n<p>[\/vc_column_text][elx_icons alignment=&#8221;left&#8221; icon_electroluxpro=&#8221;elx-icon icon-number-1&#8243;][vc_column_text]En enda faktura som inkluderar utrustning, installation och serviceavtal.[\/vc_column_text][elx_icons alignment=&#8221;left&#8221; icon_electroluxpro=&#8221;elx-icon icon-number-2&#8243;][vc_column_text css=&#8221;.vc_custom_1758281559529{margin-bottom: 1em !important;}&#8221;]Kostnader som f\u00f6ljer besparingar \u00f6ver tid.[\/vc_column_text][elx_icons alignment=&#8221;left&#8221; icon_electroluxpro=&#8221;elx-icon icon-number-3&#8243;][vc_column_text]M\u00f6jlighet att koppla p\u00e5 smarta tillval som bokningssystem, automatisk dosering av tv\u00e4ttmedel eller passersystem.[\/vc_column_text][\/vc_column][vc_column width=&#8221;1\/2&#8243;][elx_heading text_color=&#8221;inherit&#8221;]Vanliga fr\u00e5gor om att hyra tv\u00e4ttstuga[\/elx_heading][vc_empty_space][vc_tta_accordion text_color=&#8221;text-white&#8221; color=&#8221;background-blue&#8221; gap=&#8221;1&#8243; active_section=&#8221;1&#8243; collapsible_all=&#8221;true&#8221; el_id=&#8221;tvattstuga-accordion&#8221;][vc_tta_section title=&#8221;Vad h\u00e4nder n\u00e4r hyrestiden g\u00e5r ut?&#8221; tab_id=&#8221;1758271180861-9d6eef92-56a1&#8243;][vc_column_text]Ni kan v\u00e4lja att f\u00f6rl\u00e4nga avtalet, l\u00e4mna tillbaka utrustningen eller k\u00f6pa loss den f\u00f6r en extra m\u00e5nadshyra.[\/vc_column_text][\/vc_tta_section][vc_tta_section title=&#8221;Hur p\u00e5verkas v\u00e5r budget?&#8221; tab_id=&#8221;1758271180878-c7e72984-ead0&#8243;][vc_column_text]Hyran bokf\u00f6rs som en driftskostnad, vilket g\u00f6r att ni slipper binda kapital och f\u00e5r en j\u00e4mnare kostnadsf\u00f6rdelning \u00f6ver tid.[\/vc_column_text][\/vc_tta_section][vc_tta_section title=&#8221;Vad ing\u00e5r i hyran?&#8221; tab_id=&#8221;1758271258568-43d2da51-3242&#8243;][vc_column_text]Utrustning, installation och serviceavtal (Premium eller Fullservice beroende p\u00e5 hyrestid).[\/vc_column_text][\/vc_tta_section][vc_tta_section title=&#8221;Kan vi l\u00e4gga till fler funktioner?&#8221; tab_id=&#8221;1758271280087-2b8b33dc-b258&#8243;][vc_column_text]Ja, i hyresavtalet kan vi \u00e4ven inkludera bokningssystem, automatisk dosering av tv\u00e4ttmedel eller passersystem.[\/vc_column_text][\/vc_tta_section][vc_tta_section title=&#8221;\u00c4r hyran avdragsgill?&#8221; tab_id=&#8221;1758271296413-02924225-65f6&#8243;][vc_column_text]Ja, hela hyran \u00e4r skattem\u00e4ssigt avdragsgill som en driftskostnad.[\/vc_column_text][\/vc_tta_section][\/vc_tta_accordion][\/vc_column][\/vc_row][vc_row el_class=&#8221;five-reasons&#8221;][vc_column width=&#8221;1\/3&#8243;][vc_empty_space][\/vc_column][\/vc_row][vc_row custom_color_row=&#8221;bg-row-light-blue&#8221; css=&#8221;.vc_custom_1758281235065{margin-top: 64px !important;margin-right: 0px !important;margin-bottom: 0px !important;margin-left: 0px !important;border-bottom-width: 32px !important;padding-top: 32px !important;}&#8221;][vc_column css=&#8221;.vc_custom_1758281176615{margin-top: 32px !important;margin-bottom: 0px !important;padding-bottom: 64px !important;}&#8221;][vc_row_inner][vc_column_inner width=&#8221;2\/3&#8243; css=&#8221;.vc_custom_1754384613158{padding-right: 32px !important;padding-left: 0px !important;}&#8221;][elx_heading text_color=&#8221;inherit&#8221;]Ekonomiska f\u00f6rdelar f\u00f6r f\u00f6reningen[\/elx_heading][vc_column_text]Att hyra tv\u00e4ttstugan ger er st\u00f6rre handlingsfrihet. Ni beh\u00e5ller likviditet f\u00f6r andra viktiga projekt, samtidigt som hela hyran \u00e4r avdragsgill som driftskostnad. Ni slipper t\u00e4nka p\u00e5 avskrivningar, och kan k\u00e4nna er trygga i att allt fungerar \u2013 fr\u00e5n dag ett till avtalets slut.[\/vc_column_text][vc_empty_space][vc_column_text]<\/p>\n<h2>Olika avtalstyper \u2013 v\u00e4lj det som passar er<\/h2>\n<p>Vi erbjuder olika hyrestider beroende p\u00e5 hur behoven ser ut. Oavsett l\u00f6sning ing\u00e5r b\u00e5de maskiner och serviceavtal.<\/p>\n<p><strong>5 \u00e5r<\/strong>: alltid med Serviceavtal Premium.<\/p>\n<p><strong>8 eller 10 \u00e5r<\/strong>: alltid med Fullserviceavtal. Electrolux Professional \u00e4r ensamma p\u00e5 marknaden om att erbjuda 10-\u00e5riga avtal.<\/p>\n<p>I hyran ing\u00e5r alltid utrustning, installation och kostnad f\u00f6r serviceavtal. N\u00e4r hyrestiden g\u00e5r ut kan ni f\u00f6rl\u00e4nga, l\u00e4mna tillbaka utrustningen eller k\u00f6pa loss den f\u00f6r en extra m\u00e5nadshyra.[\/vc_column_text][\/vc_column_inner][vc_column_inner width=&#8221;1\/3&#8243;][vc_empty_space][vc_empty_space][\/vc_column_inner][\/vc_row_inner][vc_single_image image=&#8221;53658&#8243; img_size=&#8221;full&#8221; css=&#8221;.vc_custom_1758281282380{margin-top: 32px !important;}&#8221;][\/vc_column][\/vc_row][vc_row css=&#8221;.vc_custom_1591961970009{background-color: #011e40 !important;}&#8221;][vc_column width=&#8221;2\/3&#8243;][vc_empty_space height=&#8221;48px&#8221;][elx_heading text_color=&#8221;white&#8221;]Redo att f\u00f6renkla er tv\u00e4ttstuga?[\/elx_heading][vc_column_text]<span style=\"color: #ffffff;\">Med Electrolux Professional f\u00e5r ni en trygg partner som tar ansvar f\u00f6r helheten \u2013 fr\u00e5n installation och service till uppgraderingar. Ni slipper bekymmer och f\u00e5r ist\u00e4llet en l\u00f6sning som \u00e4r h\u00e5llbar, flexibel och enkel att administrera.<\/span>[\/vc_column_text][vc_empty_space][elx_button button_text=&#8221;Kontakta oss idag f\u00f6r en kostnadsfri r\u00e5dgivning och offert&#8221; button_link=&#8221;url:%23kontakta&#8221;][vc_empty_space height=&#8221;64px&#8221;][\/vc_column][vc_column width=&#8221;1\/3&#8243;][vc_empty_space height=&#8221;48px&#8221;][vc_single_image image=&#8221;54215&#8243; img_size=&#8221;large&#8221;][vc_empty_space height=&#8221;48px&#8221;][\/vc_column][\/vc_row][vc_row el_id=&#8221;kontakta&#8221;][vc_column][vc_empty_space][elx_heading text_color=&#8221;inherit&#8221; text_align=&#8221;text-center&#8221;]F\u00f6renkla er tv\u00e4ttstuga idag.<br \/>\nKontakta oss s\u00e5 ber\u00e4ttar vi mer.[\/elx_heading][elx_o2000_contact_us s=&#8221;Kontakta mig g\u00e4rna f\u00f6r mer information om era tv\u00e4ttl\u00f6sningar f\u00f6r BRF:er&#8221; country=&#8221;Sweden&#8221; b=&#8221;laundry&#8221; container=&#8221;elxcontactus1473161992&#8243; r=&#8221;Jag skulle vilja veta mer om tv\u00e4ttl\u00f6sningar f\u00f6r BRF.&#8221; e=&#8221;jennie.walther@electroluxprofessional.com&#8221; l=&#8221;se&#8221;][vc_empty_space][\/vc_column][\/vc_row][vc_row][vc_column width=&#8221;1\/3&#8243;][vc_empty_space][\/vc_column][vc_column width=&#8221;1\/3&#8243;][vc_empty_space][vc_empty_space][\/vc_column][vc_column width=&#8221;1\/3&#8243;][vc_empty_space][\/vc_column][\/vc_row][vc_row css=&#8221;.vc_custom_1523543977412{background-color: #041e41 !important;}&#8221;][vc_column width=&#8221;1\/3&#8243;][vc_empty_space][elx_heading text_color=&#8221;white&#8221;]<span style=\"color: #ffffff;\">Uppt\u00e4ck Essentia<\/span>[\/elx_heading][vc_column_text]<span style=\"color: #ffffff;\">Vi ger dig det st\u00f6d du beh\u00f6ver och tar hand om din verksamhet med ett p\u00e5litligt servicen\u00e4tverk, en rad skr\u00e4ddarsydda exklusiva tj\u00e4nster och innovativ teknik.<\/span>[\/vc_column_text][\/vc_column][vc_column width=&#8221;1\/3&#8243;][vc_empty_space][elx_heading text_color=&#8221;white&#8221;]Serviceavtal[\/elx_heading][vc_column_text]<span style=\"color: #ffffff;\">V\u00e4lj mellan flera olika serviceavtal. \u00d6ka drifttiden f\u00f6r ditt f\u00f6retag och uppr\u00e4tth\u00e5ll b\u00e4sta prestanda f\u00f6r din utrustning.<\/span>[\/vc_column_text][\/vc_column][vc_column width=&#8221;1\/3&#8243;][vc_empty_space][elx_heading text_color=&#8221;white&#8221;]<span style=\"color: #ffffff;\">Hj\u00e4rtat i The OnE<\/span>[\/elx_heading][vc_column_text]<span style=\"color: #ffffff;\">En unik partner med helhetsl\u00f6sningar fr\u00e5n planering och installation, till skr\u00e4ddarsydd utbildning och dedikerad service. Med The OnE optimerar vi arbetsfl\u00f6det och undviker driftstopp, vilket \u00f6kar din produktivitet och prestanda.<br \/>\n<\/span>[\/vc_column_text][\/vc_column][\/vc_row][vc_row][vc_column][vc_column_text][\/vc_column_text][\/vc_column][\/vc_row][vc_row css=&#8221;.vc_custom_1523543977412{background-color: #041e41 !important;}&#8221;][vc_column width=&#8221;1\/3&#8243;][vc_empty_space][elx_button button_text=&#8221;Tillbeh\u00f6r och f\u00f6rbrukningsartiklar&#8221; button_link=&#8221;url:https%3A%2F%2Fwww.electroluxprofessional.com%2Fse%2Ftillbehor%2F|title:Service%20agreements||&#8221;][\/vc_column][vc_column width=&#8221;1\/3&#8243;][vc_empty_space][elx_button button_text=&#8221;H\u00d6J DIN STANDARD&#8221; button_link=&#8221;url:https%3A%2F%2Fwww.electroluxprofessional.com%2Fse%2Fservice-och-support%2F|title:Service%20agreements||&#8221;][\/vc_column][vc_column width=&#8221;1\/3&#8243;][vc_empty_space][elx_button button_text=&#8221;Uppt\u00e4ck The OnE&#8221; button_link=&#8221;url:https%3A%2F%2Fwww.electroluxprofessional.com%2Fse%2Fom-oss%2F|title:Service%20agreements||&#8221;][\/vc_column][\/vc_row]<\/p>\n","protected":false},"excerpt":{"rendered":"<p>[vc_row full_width=&#8221;electroluxpro-full-width-no-padding&#8221; content_placement=&#8221;middle&#8221;][vc_column el_class=&#8221;forskola-wrapper&#8221;][elx_full_banner title=&#8221;Hyra tv\u00e4ttstuga&#8221; background_image_media_library=&#8221;54199&#8243; background_image_media_library_mobile=&#8221;53656&#8243; link=&#8221;url:%23fem-viktiga|title:S%C3%A5%20h%C3%A4r%20fungerar%20det&#8221;][\/vc_column][\/vc_row][vc_row css=&#8221;.vc_custom_1754395625435{margin-top: 32px !important;margin-bottom: 32px !important;}&#8221;][vc_column][vc_row_inner][vc_column_inner][elx_heading font_container=&#8221;h1&#8243; text_color=&#8221;electrolux-blue&#8221; text_align=&#8221;text-left&#8221;]Hyra tv\u00e4ttstuga \u2013 en smartare l\u00f6sning f\u00f6r er f\u00f6rening[\/elx_heading][vc_column_text]Att hyra en tv\u00e4ttmaskin eller en hel tv\u00e4ttstugel\u00f6sning g\u00f6r det enkelt att planera b\u00e5de ekonomi och drift. Ni slipper stora investeringar och f\u00e5r ist\u00e4llet en f\u00f6ruts\u00e4gbar m\u00e5nadskostnad. Samtidigt ges m\u00f6jlighet att [&hellip;]<\/p>\n","protected":false},"author":174,"featured_media":53658,"parent":51211,"menu_order":0,"comment_status":"closed","ping_status":"closed","template":"","meta":{"footnotes":""},"class_list":["post-54175","page","type-page","status-publish","has-post-thumbnail","hentry"],"acf":[],"yoast_head":"<!-- This site is optimized with the Yoast SEO plugin v23.3 - https:\/\/yoast.com\/wordpress\/plugins\/seo\/ -->\n<title>Hyra tv\u00e4ttstuga f\u00f6r BRF \u2013 service och drift ing\u00e5r | Electrolux Professional<\/title>\n<meta name=\"description\" content=\"Hyra tv\u00e4ttstuga med service, installation och modern teknik. En trygg l\u00f6sning som ger full kontroll p\u00e5 kostnader och drift.\" \/>\n<meta name=\"robots\" content=\"index, follow, max-snippet:-1, max-image-preview:large, max-video-preview:-1\" \/>\n<link rel=\"canonical\" href=\"https:\/\/www.electroluxprofessional.com\/se\/tvatt\/hyra-tvattstuga-eller-maskiner-for-brf\/\" \/>\n<meta property=\"og:locale\" content=\"sv_SE\" \/>\n<meta property=\"og:type\" content=\"article\" \/>\n<meta property=\"og:title\" content=\"Hyra tv\u00e4ttstuga f\u00f6r BRF \u2013 service och drift ing\u00e5r | Electrolux Professional\" \/>\n<meta property=\"og:description\" content=\"Hyra tv\u00e4ttstuga med service, installation och modern teknik. En trygg l\u00f6sning som ger full kontroll p\u00e5 kostnader och drift.\" \/>\n<meta property=\"og:url\" content=\"https:\/\/www.electroluxprofessional.com\/se\/tvatt\/hyra-tvattstuga-eller-maskiner-for-brf\/\" \/>\n<meta property=\"og:site_name\" content=\"Electrolux Professional Sverige\" \/>\n<meta property=\"article:modified_time\" content=\"2026-03-24T11:09:34+00:00\" \/>\n<meta property=\"og:image\" content=\"https:\/\/www.electroluxprofessional.com\/se\/wp-content\/uploads\/2020\/06\/camping2000pxSE.jpg\" \/>\n<meta name=\"twitter:card\" content=\"summary_large_image\" \/>\n<meta name=\"twitter:label1\" content=\"Ber\u00e4knad l\u00e4stid\" \/>\n\t<meta name=\"twitter:data1\" content=\"4 minuter\" \/>\n<script type=\"application\/ld+json\" class=\"yoast-schema-graph\">{\"@context\":\"https:\/\/schema.org\",\"@graph\":[{\"@type\":\"WebPage\",\"@id\":\"https:\/\/www.electroluxprofessional.com\/se\/tvatt\/hyra-tvattstuga-eller-maskiner-for-brf\/\",\"url\":\"https:\/\/www.electroluxprofessional.com\/se\/tvatt\/hyra-tvattstuga-eller-maskiner-for-brf\/\",\"name\":\"Hyra tv\u00e4ttstuga f\u00f6r BRF \u2013 service och drift ing\u00e5r | Electrolux Professional\",\"isPartOf\":{\"@id\":\"https:\/\/www.electroluxprofessional.com\/se\/#website\"},\"primaryImageOfPage\":{\"@id\":\"https:\/\/www.electroluxprofessional.com\/se\/tvatt\/hyra-tvattstuga-eller-maskiner-for-brf\/#primaryimage\"},\"image\":{\"@id\":\"https:\/\/www.electroluxprofessional.com\/se\/tvatt\/hyra-tvattstuga-eller-maskiner-for-brf\/#primaryimage\"},\"thumbnailUrl\":\"https:\/\/www.electroluxprofessional.com\/se\/wp-content\/uploads\/2025\/04\/tvattstuga_brf_utvald.jpg\",\"datePublished\":\"2025-09-19T07:32:10+00:00\",\"dateModified\":\"2026-03-24T11:09:34+00:00\",\"description\":\"Hyra tv\u00e4ttstuga med service, installation och modern teknik. En trygg l\u00f6sning som ger full kontroll p\u00e5 kostnader och drift.\",\"breadcrumb\":{\"@id\":\"https:\/\/www.electroluxprofessional.com\/se\/tvatt\/hyra-tvattstuga-eller-maskiner-for-brf\/#breadcrumb\"},\"inLanguage\":\"sv-SE\",\"potentialAction\":[{\"@type\":\"ReadAction\",\"target\":[\"https:\/\/www.electroluxprofessional.com\/se\/tvatt\/hyra-tvattstuga-eller-maskiner-for-brf\/\"]}]},{\"@type\":\"ImageObject\",\"inLanguage\":\"sv-SE\",\"@id\":\"https:\/\/www.electroluxprofessional.com\/se\/tvatt\/hyra-tvattstuga-eller-maskiner-for-brf\/#primaryimage\",\"url\":\"https:\/\/www.electroluxprofessional.com\/se\/wp-content\/uploads\/2025\/04\/tvattstuga_brf_utvald.jpg\",\"contentUrl\":\"https:\/\/www.electroluxprofessional.com\/se\/wp-content\/uploads\/2025\/04\/tvattstuga_brf_utvald.jpg\",\"width\":2000,\"height\":400,\"caption\":\"tv\u00e4ttstuga f\u00f6r brf\"},{\"@type\":\"BreadcrumbList\",\"@id\":\"https:\/\/www.electroluxprofessional.com\/se\/tvatt\/hyra-tvattstuga-eller-maskiner-for-brf\/#breadcrumb\",\"itemListElement\":[{\"@type\":\"ListItem\",\"position\":1,\"name\":\"Home\",\"item\":\"https:\/\/www.electroluxprofessional.com\/se\/\"},{\"@type\":\"ListItem\",\"position\":2,\"name\":\"Tv\u00e4tt\",\"item\":\"https:\/\/www.electroluxprofessional.com\/se\/tvatt\/\"},{\"@type\":\"ListItem\",\"position\":3,\"name\":\"Hyra tv\u00e4ttstuga eller maskiner \u2013 f\u00f6r BRF\"}]},{\"@type\":\"WebSite\",\"@id\":\"https:\/\/www.electroluxprofessional.com\/se\/#website\",\"url\":\"https:\/\/www.electroluxprofessional.com\/se\/\",\"name\":\"Electrolux Professional Sverige\",\"description\":\"\",\"potentialAction\":[{\"@type\":\"SearchAction\",\"target\":{\"@type\":\"EntryPoint\",\"urlTemplate\":\"https:\/\/www.electroluxprofessional.com\/se\/?src={search_term_string}\"},\"query-input\":\"required name=search_term_string\"}],\"inLanguage\":\"sv-SE\"}]}<\/script>\n<!-- \/ Yoast SEO plugin. -->","yoast_head_json":{"title":"Hyra tv\u00e4ttstuga f\u00f6r BRF \u2013 service och drift ing\u00e5r | Electrolux Professional","description":"Hyra tv\u00e4ttstuga med service, installation och modern teknik. En trygg l\u00f6sning som ger full kontroll p\u00e5 kostnader och drift.","robots":{"index":"index","follow":"follow","max-snippet":"max-snippet:-1","max-image-preview":"max-image-preview:large","max-video-preview":"max-video-preview:-1"},"canonical":"https:\/\/www.electroluxprofessional.com\/se\/tvatt\/hyra-tvattstuga-eller-maskiner-for-brf\/","og_locale":"sv_SE","og_type":"article","og_title":"Hyra tv\u00e4ttstuga f\u00f6r BRF \u2013 service och drift ing\u00e5r | Electrolux Professional","og_description":"Hyra tv\u00e4ttstuga med service, installation och modern teknik. En trygg l\u00f6sning som ger full kontroll p\u00e5 kostnader och drift.","og_url":"https:\/\/www.electroluxprofessional.com\/se\/tvatt\/hyra-tvattstuga-eller-maskiner-for-brf\/","og_site_name":"Electrolux Professional Sverige","article_modified_time":"2026-03-24T11:09:34+00:00","og_image":[{"url":"https:\/\/www.electroluxprofessional.com\/se\/wp-content\/uploads\/2020\/06\/camping2000pxSE.jpg"}],"twitter_card":"summary_large_image","twitter_misc":{"Ber\u00e4knad l\u00e4stid":"4 minuter"},"schema":{"@context":"https:\/\/schema.org","@graph":[{"@type":"WebPage","@id":"https:\/\/www.electroluxprofessional.com\/se\/tvatt\/hyra-tvattstuga-eller-maskiner-for-brf\/","url":"https:\/\/www.electroluxprofessional.com\/se\/tvatt\/hyra-tvattstuga-eller-maskiner-for-brf\/","name":"Hyra tv\u00e4ttstuga f\u00f6r BRF \u2013 service och drift ing\u00e5r | Electrolux Professional","isPartOf":{"@id":"https:\/\/www.electroluxprofessional.com\/se\/#website"},"primaryImageOfPage":{"@id":"https:\/\/www.electroluxprofessional.com\/se\/tvatt\/hyra-tvattstuga-eller-maskiner-for-brf\/#primaryimage"},"image":{"@id":"https:\/\/www.electroluxprofessional.com\/se\/tvatt\/hyra-tvattstuga-eller-maskiner-for-brf\/#primaryimage"},"thumbnailUrl":"https:\/\/www.electroluxprofessional.com\/se\/wp-content\/uploads\/2025\/04\/tvattstuga_brf_utvald.jpg","datePublished":"2025-09-19T07:32:10+00:00","dateModified":"2026-03-24T11:09:34+00:00","description":"Hyra tv\u00e4ttstuga med service, installation och modern teknik. En trygg l\u00f6sning som ger full kontroll p\u00e5 kostnader och drift.","breadcrumb":{"@id":"https:\/\/www.electroluxprofessional.com\/se\/tvatt\/hyra-tvattstuga-eller-maskiner-for-brf\/#breadcrumb"},"inLanguage":"sv-SE","potentialAction":[{"@type":"ReadAction","target":["https:\/\/www.electroluxprofessional.com\/se\/tvatt\/hyra-tvattstuga-eller-maskiner-for-brf\/"]}]},{"@type":"ImageObject","inLanguage":"sv-SE","@id":"https:\/\/www.electroluxprofessional.com\/se\/tvatt\/hyra-tvattstuga-eller-maskiner-for-brf\/#primaryimage","url":"https:\/\/www.electroluxprofessional.com\/se\/wp-content\/uploads\/2025\/04\/tvattstuga_brf_utvald.jpg","contentUrl":"https:\/\/www.electroluxprofessional.com\/se\/wp-content\/uploads\/2025\/04\/tvattstuga_brf_utvald.jpg","width":2000,"height":400,"caption":"tv\u00e4ttstuga f\u00f6r brf"},{"@type":"BreadcrumbList","@id":"https:\/\/www.electroluxprofessional.com\/se\/tvatt\/hyra-tvattstuga-eller-maskiner-for-brf\/#breadcrumb","itemListElement":[{"@type":"ListItem","position":1,"name":"Home","item":"https:\/\/www.electroluxprofessional.com\/se\/"},{"@type":"ListItem","position":2,"name":"Tv\u00e4tt","item":"https:\/\/www.electroluxprofessional.com\/se\/tvatt\/"},{"@type":"ListItem","position":3,"name":"Hyra tv\u00e4ttstuga eller maskiner \u2013 f\u00f6r BRF"}]},{"@type":"WebSite","@id":"https:\/\/www.electroluxprofessional.com\/se\/#website","url":"https:\/\/www.electroluxprofessional.com\/se\/","name":"Electrolux Professional Sverige","description":"","potentialAction":[{"@type":"SearchAction","target":{"@type":"EntryPoint","urlTemplate":"https:\/\/www.electroluxprofessional.com\/se\/?src={search_term_string}"},"query-input":"required name=search_term_string"}],"inLanguage":"sv-SE"}]}},"_links":{"self":[{"href":"https:\/\/www.electroluxprofessional.com\/se\/wp-json\/wp\/v2\/pages\/54175"}],"collection":[{"href":"https:\/\/www.electroluxprofessional.com\/se\/wp-json\/wp\/v2\/pages"}],"about":[{"href":"https:\/\/www.electroluxprofessional.com\/se\/wp-json\/wp\/v2\/types\/page"}],"author":[{"embeddable":true,"href":"https:\/\/www.electroluxprofessional.com\/se\/wp-json\/wp\/v2\/users\/174"}],"replies":[{"embeddable":true,"href":"https:\/\/www.electroluxprofessional.com\/se\/wp-json\/wp\/v2\/comments?post=54175"}],"version-history":[{"count":62,"href":"https:\/\/www.electroluxprofessional.com\/se\/wp-json\/wp\/v2\/pages\/54175\/revisions"}],"predecessor-version":[{"id":55960,"href":"https:\/\/www.electroluxprofessional.com\/se\/wp-json\/wp\/v2\/pages\/54175\/revisions\/55960"}],"up":[{"embeddable":true,"href":"https:\/\/www.electroluxprofessional.com\/se\/wp-json\/wp\/v2\/pages\/51211"}],"wp:featuredmedia":[{"embeddable":true,"href":"https:\/\/www.electroluxprofessional.com\/se\/wp-json\/wp\/v2\/media\/53658"}],"wp:attachment":[{"href":"https:\/\/www.electroluxprofessional.com\/se\/wp-json\/wp\/v2\/media?parent=54175"}],"curies":[{"name":"wp","href":"https:\/\/api.w.org\/{rel}","templated":true}]}}