{"id":53029,"date":"2025-01-29T09:48:26","date_gmt":"2025-01-29T09:48:26","guid":{"rendered":"https:\/\/www.electroluxprofessional.com\/se\/?page_id=53029"},"modified":"2025-01-29T11:38:42","modified_gmt":"2025-01-29T10:38:42","slug":"speedelight-meny-utan-begransning","status":"publish","type":"page","link":"https:\/\/www.electroluxprofessional.com\/se\/speedelight-meny-utan-begransning\/","title":{"rendered":"SpeeDelight &#8211; F\u00e5 en meny utan begr\u00e4nsningar"},"content":{"rendered":"<p>[vc_row full_width=&#8221;electroluxpro-full-width-no-padding&#8221;][vc_column][vc_single_image image=&#8221;53026&#8243; img_size=&#8221;2000*350&#8243;][\/vc_column][\/vc_row][vc_row][vc_column][elx_heading font_size=&#8221;h3&#8243; text_color=&#8221;cat-cook&#8221;]S\u00e4tt fart: Nu k\u00f6r vi krisp!<br \/>\n[\/elx_heading][elx_heading font_container=&#8221;h1&#8243; font_size=&#8221;h5&#8243; text_color=&#8221;inherit&#8221;]SpeeDelight: Obegr\u00e4nsad meny \u2013 ut\u00f6ka ditt utbud och v\u00e4x din verksamhet<\/p>\n<p>[\/elx_heading][\/vc_column][\/vc_row][vc_row][vc_column][vc_empty_space][\/vc_column][\/vc_row][vc_row][vc_column width=&#8221;1\/2&#8243;][vc_single_image image=&#8221;17072&#8243; img_size=&#8221;full&#8221; alignment=&#8221;center&#8221; style=&#8221;vc_box_circle_2&#8243;][\/vc_column][vc_column width=&#8221;1\/2&#8243;][elx_heading font_container=&#8221;h3&#8243; font_size=&#8221;h3&#8243; text_color=&#8221;cat-cook&#8221; text_align=&#8221;text-left&#8221;]\u00d6ver hela v\u00e4rlden.<br \/>\nDygnet runt.[\/elx_heading][vc_empty_space][vc_column_text]Ut\u00f6ka din meny med en m\u00e4ngd innovativa recept, noggrant utvecklade f\u00f6r att passa b\u00e5de olika tidpunkter p\u00e5 dagen och varierande smakpreferenser[\/vc_column_text][vc_column_text]Oavsett vilken nisch du har, g\u00f6r SpeeDelight din verksamhet unik med ett fantastiskt utbud av menyer \u2013 fr\u00e5n sm\u00f6rg\u00e5sar och bakverk till l\u00e4ckra gourmetr\u00e4tter.[\/vc_column_text][vc_row_inner][vc_column_inner width=&#8221;1\/3&#8243;][vc_single_image image=&#8221;5932&#8243; img_size=&#8221;full&#8221; alignment=&#8221;center&#8221;][vc_column_text]<\/p>\n<h4 style=\"text-align: center;\">\u00d6verl\u00e4gsen Kvalitet<\/h4>\n<p>[\/vc_column_text][\/vc_column_inner][vc_column_inner width=&#8221;1\/3&#8243;][vc_single_image image=&#8221;10807&#8243; img_size=&#8221;full&#8221; alignment=&#8221;center&#8221;][vc_column_text]<\/p>\n<h4 style=\"text-align: center;\">Spara tid<\/h4>\n<p>[\/vc_column_text][\/vc_column_inner][vc_column_inner width=&#8221;1\/3&#8243;][vc_single_image image=&#8221;53027&#8243; img_size=&#8221;full&#8221; alignment=&#8221;center&#8221;][vc_column_text]<\/p>\n<h4 style=\"text-align: center;\">\u00d6kad l\u00f6nsamhet<\/h4>\n<p>[\/vc_column_text][\/vc_column_inner][\/vc_row_inner][\/vc_column][\/vc_row][vc_row][vc_column][vc_empty_space][\/vc_column][\/vc_row][vc_row css=&#8221;.vc_custom_1572274159006{background-color: #d6b474 !important;}&#8221;][vc_column width=&#8221;2\/3&#8243;][vc_empty_space][elx_heading text_color=&#8221;white&#8221;]Nya SpeeDelight recept[\/elx_heading][vc_empty_space][vc_column_text]<span style=\"color: white;\">Ladda ner v\u00e5ra kockars SpeeDelight recept fr\u00e5n <a href=\"https:\/\/www.electroluxprofessional.com\/se\/chef-s-hub\/electrolux-chef-academy\/\"><br \/>\nElectrolux Professional Chef Academy<\/a>.<br \/>\nUppt\u00e4ck m\u00e5nga nya och smakrika id\u00e9er!<\/span>[\/vc_column_text][vc_empty_space][\/vc_column][vc_column width=&#8221;1\/3&#8243;][vc_empty_space height=&#8221;64px&#8221;][elx_download_block text=&#8221;SpeeDelight recept<br \/>\nPDF-version&#8221; file_picker=&#8221;26513&#8243; background_color=&#8221;black&#8221; background_image=&#8221;53025&#8243;][\/vc_column][\/vc_row][vc_row][vc_column][vc_empty_space][\/vc_column][\/vc_row][vc_row][vc_column width=&#8221;1\/2&#8243;][vc_empty_space][vc_single_image image=&#8221;53028&#8243; img_size=&#8221;full&#8221;][\/vc_column][vc_column width=&#8221;1\/2&#8243;][elx_heading font_container=&#8221;h3&#8243; font_size=&#8221;h3&#8243; text_color=&#8221;inherit&#8221;]Dela dina tips<br \/>\noch f\u00e5 v\u00e5ra kockars tricks![\/elx_heading][elx_o2000_contact_us s=&#8221;SpeeDelight Recipes&#8221; country=&#8221;Sweden&#8221; b=&#8221;food&#8221; thanks=&#8221;Tack f\u00f6r att du delar dittt\/dina recept!&#8221; r=&#8221;Hej! Jag vill dela mina SpeeDelight recept &#8230;&#8221; e=&#8221;paolo.pettenuzzo@electrolux.com&#8221; l=&#8221;en&#8221;][\/vc_column][\/vc_row][vc_row][vc_column][vc_empty_space][\/vc_column][\/vc_row][vc_row][vc_column][elx_heading font_container=&#8221;h3&#8243; font_size=&#8221;h3&#8243; text_color=&#8221;cat-cook&#8221;]Bli inspirerad \u2013 uppt\u00e4ck nya SpeeDelight-recept varje vecka.[\/elx_heading][\/vc_column][\/vc_row][vc_row][vc_column][vc_empty_space][\/vc_column][\/vc_row]<\/p>\n","protected":false},"excerpt":{"rendered":"<p>[vc_row full_width=&#8221;electroluxpro-full-width-no-padding&#8221;][vc_column][vc_single_image image=&#8221;53026&#8243; img_size=&#8221;2000*350&#8243;][\/vc_column][\/vc_row][vc_row][vc_column][elx_heading font_size=&#8221;h3&#8243; text_color=&#8221;cat-cook&#8221;]S\u00e4tt fart: Nu k\u00f6r vi krisp! [\/elx_heading][elx_heading font_container=&#8221;h1&#8243; font_size=&#8221;h5&#8243; text_color=&#8221;inherit&#8221;]SpeeDelight: Obegr\u00e4nsad meny \u2013 ut\u00f6ka ditt utbud och v\u00e4x din verksamhet [\/elx_heading][\/vc_column][\/vc_row][vc_row][vc_column][vc_empty_space][\/vc_column][\/vc_row][vc_row][vc_column width=&#8221;1\/2&#8243;][vc_single_image image=&#8221;17072&#8243; img_size=&#8221;full&#8221; alignment=&#8221;center&#8221; style=&#8221;vc_box_circle_2&#8243;][\/vc_column][vc_column width=&#8221;1\/2&#8243;][elx_heading font_container=&#8221;h3&#8243; font_size=&#8221;h3&#8243; text_color=&#8221;cat-cook&#8221; text_align=&#8221;text-left&#8221;]\u00d6ver hela v\u00e4rlden. Dygnet runt.[\/elx_heading][vc_empty_space][vc_column_text]Ut\u00f6ka din meny med en m\u00e4ngd innovativa recept, noggrant utvecklade f\u00f6r att passa b\u00e5de olika tidpunkter [&hellip;]<\/p>\n","protected":false},"author":242,"featured_media":2099,"parent":0,"menu_order":0,"comment_status":"closed","ping_status":"closed","template":"template-speedelight-recipes.php","meta":{"footnotes":""},"class_list":["post-53029","page","type-page","status-publish","has-post-thumbnail","hentry"],"acf":[],"yoast_head":"<!-- This site is optimized with the Yoast SEO plugin v23.3 - https:\/\/yoast.com\/wordpress\/plugins\/seo\/ -->\n<title>SpeeDelight obegr\u00e4nsad meny - Electrolux Professional<\/title>\n<meta name=\"description\" content=\"Ut\u00f6ka din meny med innovativa recept, noggrant utvecklade f\u00f6r att passa b\u00e5de olika tidpunkter p\u00e5 dagen och varierande smakpreferenser.\" \/>\n<meta name=\"robots\" content=\"index, follow, max-snippet:-1, max-image-preview:large, max-video-preview:-1\" \/>\n<link rel=\"canonical\" href=\"https:\/\/www.electroluxprofessional.com\/se\/speedelight-meny-utan-begransning\/\" \/>\n<meta property=\"og:locale\" content=\"sv_SE\" \/>\n<meta property=\"og:type\" content=\"article\" \/>\n<meta property=\"og:title\" content=\"SpeeDelight obegr\u00e4nsad meny - Electrolux Professional\" \/>\n<meta property=\"og:description\" content=\"Ut\u00f6ka din meny med innovativa recept, noggrant utvecklade f\u00f6r att passa b\u00e5de olika tidpunkter p\u00e5 dagen och varierande smakpreferenser.\" \/>\n<meta property=\"og:url\" content=\"https:\/\/www.electroluxprofessional.com\/se\/speedelight-meny-utan-begransning\/\" \/>\n<meta property=\"og:site_name\" content=\"Electrolux Professional Sverige\" \/>\n<meta property=\"article:modified_time\" content=\"2025-01-29T10:38:42+00:00\" \/>\n<meta property=\"og:image\" content=\"https:\/\/www.electroluxprofessional.com\/se\/wp-content\/uploads\/2017\/01\/SpeeDelight_chef_no-loghi.jpg\" \/>\n\t<meta property=\"og:image:width\" content=\"1000\" \/>\n\t<meta property=\"og:image:height\" content=\"734\" \/>\n\t<meta property=\"og:image:type\" content=\"image\/jpeg\" \/>\n<meta name=\"twitter:card\" content=\"summary_large_image\" \/>\n<meta name=\"twitter:label1\" content=\"Ber\u00e4knad l\u00e4stid\" \/>\n\t<meta name=\"twitter:data1\" content=\"2 minuter\" \/>\n<script type=\"application\/ld+json\" class=\"yoast-schema-graph\">{\"@context\":\"https:\/\/schema.org\",\"@graph\":[{\"@type\":\"WebPage\",\"@id\":\"https:\/\/www.electroluxprofessional.com\/se\/speedelight-meny-utan-begransning\/\",\"url\":\"https:\/\/www.electroluxprofessional.com\/se\/speedelight-meny-utan-begransning\/\",\"name\":\"SpeeDelight obegr\u00e4nsad meny - Electrolux Professional\",\"isPartOf\":{\"@id\":\"https:\/\/www.electroluxprofessional.com\/se\/#website\"},\"primaryImageOfPage\":{\"@id\":\"https:\/\/www.electroluxprofessional.com\/se\/speedelight-meny-utan-begransning\/#primaryimage\"},\"image\":{\"@id\":\"https:\/\/www.electroluxprofessional.com\/se\/speedelight-meny-utan-begransning\/#primaryimage\"},\"thumbnailUrl\":\"https:\/\/www.electroluxprofessional.com\/se\/wp-content\/uploads\/2017\/01\/SpeeDelight_chef_no-loghi.jpg\",\"datePublished\":\"2025-01-29T09:48:26+00:00\",\"dateModified\":\"2025-01-29T10:38:42+00:00\",\"description\":\"Ut\u00f6ka din meny med innovativa recept, noggrant utvecklade f\u00f6r att passa b\u00e5de olika tidpunkter p\u00e5 dagen och varierande smakpreferenser.\",\"breadcrumb\":{\"@id\":\"https:\/\/www.electroluxprofessional.com\/se\/speedelight-meny-utan-begransning\/#breadcrumb\"},\"inLanguage\":\"sv-SE\",\"potentialAction\":[{\"@type\":\"ReadAction\",\"target\":[\"https:\/\/www.electroluxprofessional.com\/se\/speedelight-meny-utan-begransning\/\"]}]},{\"@type\":\"ImageObject\",\"inLanguage\":\"sv-SE\",\"@id\":\"https:\/\/www.electroluxprofessional.com\/se\/speedelight-meny-utan-begransning\/#primaryimage\",\"url\":\"https:\/\/www.electroluxprofessional.com\/se\/wp-content\/uploads\/2017\/01\/SpeeDelight_chef_no-loghi.jpg\",\"contentUrl\":\"https:\/\/www.electroluxprofessional.com\/se\/wp-content\/uploads\/2017\/01\/SpeeDelight_chef_no-loghi.jpg\",\"width\":1000,\"height\":734,\"caption\":\"speedelight_chef_no-loghi\"},{\"@type\":\"BreadcrumbList\",\"@id\":\"https:\/\/www.electroluxprofessional.com\/se\/speedelight-meny-utan-begransning\/#breadcrumb\",\"itemListElement\":[{\"@type\":\"ListItem\",\"position\":1,\"name\":\"Home\",\"item\":\"https:\/\/www.electroluxprofessional.com\/se\/\"},{\"@type\":\"ListItem\",\"position\":2,\"name\":\"SpeeDelight &#8211; F\u00e5 en meny utan begr\u00e4nsningar\"}]},{\"@type\":\"WebSite\",\"@id\":\"https:\/\/www.electroluxprofessional.com\/se\/#website\",\"url\":\"https:\/\/www.electroluxprofessional.com\/se\/\",\"name\":\"Electrolux Professional Sverige\",\"description\":\"\",\"potentialAction\":[{\"@type\":\"SearchAction\",\"target\":{\"@type\":\"EntryPoint\",\"urlTemplate\":\"https:\/\/www.electroluxprofessional.com\/se\/?src={search_term_string}\"},\"query-input\":\"required name=search_term_string\"}],\"inLanguage\":\"sv-SE\"}]}<\/script>\n<!-- \/ Yoast SEO plugin. -->","yoast_head_json":{"title":"SpeeDelight obegr\u00e4nsad meny - Electrolux Professional","description":"Ut\u00f6ka din meny med innovativa recept, noggrant utvecklade f\u00f6r att passa b\u00e5de olika tidpunkter p\u00e5 dagen och varierande smakpreferenser.","robots":{"index":"index","follow":"follow","max-snippet":"max-snippet:-1","max-image-preview":"max-image-preview:large","max-video-preview":"max-video-preview:-1"},"canonical":"https:\/\/www.electroluxprofessional.com\/se\/speedelight-meny-utan-begransning\/","og_locale":"sv_SE","og_type":"article","og_title":"SpeeDelight obegr\u00e4nsad meny - Electrolux Professional","og_description":"Ut\u00f6ka din meny med innovativa recept, noggrant utvecklade f\u00f6r att passa b\u00e5de olika tidpunkter p\u00e5 dagen och varierande smakpreferenser.","og_url":"https:\/\/www.electroluxprofessional.com\/se\/speedelight-meny-utan-begransning\/","og_site_name":"Electrolux Professional Sverige","article_modified_time":"2025-01-29T10:38:42+00:00","og_image":[{"width":1000,"height":734,"url":"https:\/\/www.electroluxprofessional.com\/se\/wp-content\/uploads\/2017\/01\/SpeeDelight_chef_no-loghi.jpg","type":"image\/jpeg"}],"twitter_card":"summary_large_image","twitter_misc":{"Ber\u00e4knad l\u00e4stid":"2 minuter"},"schema":{"@context":"https:\/\/schema.org","@graph":[{"@type":"WebPage","@id":"https:\/\/www.electroluxprofessional.com\/se\/speedelight-meny-utan-begransning\/","url":"https:\/\/www.electroluxprofessional.com\/se\/speedelight-meny-utan-begransning\/","name":"SpeeDelight obegr\u00e4nsad meny - Electrolux Professional","isPartOf":{"@id":"https:\/\/www.electroluxprofessional.com\/se\/#website"},"primaryImageOfPage":{"@id":"https:\/\/www.electroluxprofessional.com\/se\/speedelight-meny-utan-begransning\/#primaryimage"},"image":{"@id":"https:\/\/www.electroluxprofessional.com\/se\/speedelight-meny-utan-begransning\/#primaryimage"},"thumbnailUrl":"https:\/\/www.electroluxprofessional.com\/se\/wp-content\/uploads\/2017\/01\/SpeeDelight_chef_no-loghi.jpg","datePublished":"2025-01-29T09:48:26+00:00","dateModified":"2025-01-29T10:38:42+00:00","description":"Ut\u00f6ka din meny med innovativa recept, noggrant utvecklade f\u00f6r att passa b\u00e5de olika tidpunkter p\u00e5 dagen och varierande smakpreferenser.","breadcrumb":{"@id":"https:\/\/www.electroluxprofessional.com\/se\/speedelight-meny-utan-begransning\/#breadcrumb"},"inLanguage":"sv-SE","potentialAction":[{"@type":"ReadAction","target":["https:\/\/www.electroluxprofessional.com\/se\/speedelight-meny-utan-begransning\/"]}]},{"@type":"ImageObject","inLanguage":"sv-SE","@id":"https:\/\/www.electroluxprofessional.com\/se\/speedelight-meny-utan-begransning\/#primaryimage","url":"https:\/\/www.electroluxprofessional.com\/se\/wp-content\/uploads\/2017\/01\/SpeeDelight_chef_no-loghi.jpg","contentUrl":"https:\/\/www.electroluxprofessional.com\/se\/wp-content\/uploads\/2017\/01\/SpeeDelight_chef_no-loghi.jpg","width":1000,"height":734,"caption":"speedelight_chef_no-loghi"},{"@type":"BreadcrumbList","@id":"https:\/\/www.electroluxprofessional.com\/se\/speedelight-meny-utan-begransning\/#breadcrumb","itemListElement":[{"@type":"ListItem","position":1,"name":"Home","item":"https:\/\/www.electroluxprofessional.com\/se\/"},{"@type":"ListItem","position":2,"name":"SpeeDelight &#8211; F\u00e5 en meny utan begr\u00e4nsningar"}]},{"@type":"WebSite","@id":"https:\/\/www.electroluxprofessional.com\/se\/#website","url":"https:\/\/www.electroluxprofessional.com\/se\/","name":"Electrolux Professional Sverige","description":"","potentialAction":[{"@type":"SearchAction","target":{"@type":"EntryPoint","urlTemplate":"https:\/\/www.electroluxprofessional.com\/se\/?src={search_term_string}"},"query-input":"required name=search_term_string"}],"inLanguage":"sv-SE"}]}},"_links":{"self":[{"href":"https:\/\/www.electroluxprofessional.com\/se\/wp-json\/wp\/v2\/pages\/53029"}],"collection":[{"href":"https:\/\/www.electroluxprofessional.com\/se\/wp-json\/wp\/v2\/pages"}],"about":[{"href":"https:\/\/www.electroluxprofessional.com\/se\/wp-json\/wp\/v2\/types\/page"}],"author":[{"embeddable":true,"href":"https:\/\/www.electroluxprofessional.com\/se\/wp-json\/wp\/v2\/users\/242"}],"replies":[{"embeddable":true,"href":"https:\/\/www.electroluxprofessional.com\/se\/wp-json\/wp\/v2\/comments?post=53029"}],"version-history":[{"count":3,"href":"https:\/\/www.electroluxprofessional.com\/se\/wp-json\/wp\/v2\/pages\/53029\/revisions"}],"predecessor-version":[{"id":53039,"href":"https:\/\/www.electroluxprofessional.com\/se\/wp-json\/wp\/v2\/pages\/53029\/revisions\/53039"}],"wp:featuredmedia":[{"embeddable":true,"href":"https:\/\/www.electroluxprofessional.com\/se\/wp-json\/wp\/v2\/media\/2099"}],"wp:attachment":[{"href":"https:\/\/www.electroluxprofessional.com\/se\/wp-json\/wp\/v2\/media?parent=53029"}],"curies":[{"name":"wp","href":"https:\/\/api.w.org\/{rel}","templated":true}]}}