{"id":52844,"date":"2024-12-20T10:46:45","date_gmt":"2024-12-20T09:46:45","guid":{"rendered":"https:\/\/www.electroluxprofessional.com\/se\/?page_id=52844"},"modified":"2024-12-20T14:26:53","modified_gmt":"2024-12-20T13:26:53","slug":"arskronika-2024-laundry","status":"publish","type":"page","link":"https:\/\/www.electroluxprofessional.com\/se\/arskronika-2024-laundry\/","title":{"rendered":"2024 \u00c5rskr\u00f6nika signerad J\u00f6rgen Andersson, Head of Sales Laundry Sverige"},"content":{"rendered":"<p>[vc_row full_width=&#8221;electroluxpro-full-width-no-padding&#8221; disable_element=&#8221;yes&#8221;][vc_column][elx_image_block background_image=&#8221;52672&#8243; minimum_height=&#8221;350px&#8221;][\/vc_column][\/vc_row][vc_row css=&#8221;.vc_custom_1734643795492{background-color: #eeeeee !important;}&#8221;][vc_column width=&#8221;1\/2&#8243;][vc_empty_space][vc_empty_space][elx_heading font_size=&#8221;h3&#8243; text_color=&#8221;inherit&#8221;]\u00c5rskr\u00f6nika signerad J\u00f6rgen Andersson, Head of Sales Laundry Sverige[\/elx_heading][vc_empty_space][vc_column_text]<strong>Det s\u00e4gs att tiden g\u00e5r fort n\u00e4r man har roligt, och 2024 har definitivt inte varit n\u00e5got undantag fr\u00e5n den regeln. \u00c5ret som varit kan enklast beskrivas som \u201dsnabbt, l\u00e4rorikt &amp; n\u00e5got spretigt\u201d, mestadels i positiv bem\u00e4rkelse.<br \/>\n<\/strong><br \/>\n<strong>V\u00e4rldsl\u00e4get har s\u00e5klart p\u00e5verkat oss och \u00e4ven om \u00e5ret startade lite f\u00f6rsiktigt, kunde vi snart se ljuspunkter. <\/strong><strong>2024 har varit ett \u00e5r d\u00e5 vi sett delar av marknaden bromsa in f\u00f6rsiktigt, medan andra delar av marknaden har gasat p\u00e5 mer \u00e4n normalt. Vi k\u00e4nner tydligt att vi trots de lite annorlunda marknadsf\u00f6ruts\u00e4ttningarna stabilt h\u00e5llit v\u00e5r position p\u00e5 marknaden, och att vi ocks\u00e5 vuxit oss starkare i en del segment.<\/strong>[\/vc_column_text][vc_empty_space height=&#8221;50px&#8221;][\/vc_column][vc_column width=&#8221;1\/2&#8243;][vc_empty_space][vc_single_image image=&#8221;52732&#8243; img_size=&#8221;large&#8221;][vc_column_text]<em>J\u00f6rgen Andersson, Head of Sales Laundry Sverige<\/em>[\/vc_column_text][vc_empty_space][\/vc_column][\/vc_row][vc_row full_width=&#8221;electroluxpro-full-width-no-padding&#8221;][vc_column][vc_empty_space height=&#8221;50px&#8221;][\/vc_column][\/vc_row][vc_row][vc_column width=&#8221;1\/2&#8243;][elx_heading font_size=&#8221;h2&#8243; text_color=&#8221;inherit&#8221;]Fokusomr\u00e5den under 2024[\/elx_heading][\/vc_column][vc_column width=&#8221;1\/2&#8243;][\/vc_column][\/vc_row][vc_row][vc_column width=&#8221;1\/2&#8243;][vc_column_text]\u2022 Att promota de mest h\u00e5llbara produkterna\/l\u00f6sningarna f\u00f6r att st\u00f6tta v\u00e5ra kunder i deras ambition att agera h\u00e5llbart.<\/p>\n<p>\u2022 Forts\u00e4tta utveckla v\u00e5rt helhets- och trygghetserbjudande inom eftermarknad, f\u00f6r att g\u00e5 hand i hand med v\u00e5ra kunder under produktens hela livscykel.<\/p>\n<p>\u2022 Forts\u00e4tta resan med den digitala transformationen. V\u00e5r digitala plattform har tagit ytterligare n\u00e5gra steg p\u00e5 v\u00e4gen att hj\u00e4lpa oss interagera med kunder och partners, b\u00e5de snabbare och mer s\u00f6ml\u00f6st.[\/vc_column_text][\/vc_column][vc_column width=&#8221;1\/2&#8243;][vc_empty_space height=&#8221;18px&#8221;][vc_column_text]Viktiga delar i v\u00e5ra fokusomr\u00e5den och v\u00e5r ambition att uppn\u00e5 v\u00e5ra m\u00e5l, b\u00e5de i det st\u00f6rre och det lite mindre perspektivet, \u00e4r s\u00e5klart v\u00e5ra v\u00e4gledande principer:<\/p>\n<p><strong>\u2022 Alltid kunden i fokus<\/strong><br \/>\n<strong>\u2022 Bygg f\u00f6rtroende<\/strong><br \/>\n<strong>\u2022 V\u00e5ga<\/strong><br \/>\n<strong>\u2022 Agera h\u00e5llbart<\/strong>[\/vc_column_text][vc_empty_space][\/vc_column][\/vc_row][vc_row][vc_column width=&#8221;1\/2&#8243;][vc_empty_space][vc_single_image image=&#8221;52775&#8243; img_size=&#8221;315&#215;492&#8243; alignment=&#8221;center&#8221;][vc_empty_space][\/vc_column][vc_column width=&#8221;1\/2&#8243;][vc_empty_space][elx_heading font_size=&#8221;h2&#8243; text_color=&#8221;inherit&#8221;]TD6-11 produktlansering[\/elx_heading][vc_column_text]En helt ny <a href=\"https:\/\/www.electroluxprofessional.com\/se\/tvatt\/td6-11-le-torktumlare\/\">l\u00e5genergitorktumlare, TD6-11<\/a> lanserades under h\u00f6sten. Med unika tekniska l\u00f6sningar och mycket dialog med v\u00e5ra kunder, har vi lyckats skapa en torktumlare som s\u00e4tter en helt ny standard i tv\u00e4ttstugan f\u00f6r laster upp till 11 kg.<\/p>\n<p>St\u00f6rst kapacitet, absolut kortaste torktiderna, b\u00e4sta ergonomin, och s\u00e5 klart den l\u00e4gsta energif\u00f6rbrukningen. Tumlaren kr\u00e4ver ingen vattenkylning, vilket ocks\u00e5 eliminerar vattenf\u00f6rbrukning. Tumlaren \u00e4r fr\u00e5n ax till limpa ett verk baserat p\u00e5 den kompetens som finns i, vad vi v\u00e5gar p\u00e5st\u00e5, \u00e4r den vassaste och modernaste R&amp;D-avdelningen i v\u00e5r bransch. Liksom de flesta av v\u00e5ra andra produkter tillverkas TD6-11 i Ljungby, Sweden.[\/vc_column_text][vc_empty_space][\/vc_column][\/vc_row][vc_row][vc_column][vc_empty_space][elx_heading font_size=&#8221;h2&#8243; text_color=&#8221;inherit&#8221;]Helhetsleverant\u00f6r lockar fler[\/elx_heading][vc_column_text]Allt fler \u00f6nskar en leverant\u00f6r som kan leverera helheten; maskiner, installationer, service, tv\u00e4ttmedel, och finansiering m.m. Vi ser ocks\u00e5 ett \u00f6kat intresse f\u00f6r gemensamma tv\u00e4ttstugor i markplan som g\u00e5r att kombinera med andra faciliteter i ett flerfamiljshus. <a href=\"https:\/\/www.electroluxprofessional.com\/se\/tvatt\/aterupptack-tvattstugan\/?_gl=1*14a03u0*_up*MQ..*_ga*MjQwNzgzMzUxLjE3MzQ2OTg5MDY.*_ga_MNVYVN9CET*MTczNDY5ODkwNS4xLjAuMTczNDY5ODkwNS4wLjAuMA..*_ga_28J7B14W8H*MTczNDY5ODkwNS4xLjAuMTczNDY5ODkwNS4wLjAuMA..\">(L\u00e4s mer om v\u00e5rt koncept First Floor Lounge h\u00e4r)<\/a>.<\/p>\n<p>Vi har f\u00e5tt mycket ber\u00f6m f\u00f6r v\u00e5r f\u00f6rm\u00e5ga att leverera samma j\u00e4mna och h\u00f6ga niv\u00e5 p\u00e5 service och installationer i hela landet. Vi vill rikta ett stort tack till v\u00e5ra partners i Excellencegruppen, vars unika engagemang, kompetens och kundfokus \u00e4r den absoluta framg\u00e5ngsfaktorn. Respekt![\/vc_column_text][vc_empty_space][\/vc_column][\/vc_row][vc_row][vc_column width=&#8221;1\/2&#8243;][vc_empty_space][elx_heading font_size=&#8221;h2&#8243; text_color=&#8221;inherit&#8221;]Clarus Vibe \u2013 det sj\u00e4lvklara valet[\/elx_heading][vc_column_text]Framg\u00e5ngen med v\u00e5r mest innovativa <a href=\"https:\/\/www.electroluxprofessional.com\/se\/tvatt\/clarusvibe\/\">panel f\u00f6r tv\u00e4ttmaskiner, Clarus Vibe<\/a>, har fortsatt under 2024. Allt fler kunder uppt\u00e4cker de f\u00f6rdelar Clarus Vibe m\u00f6jligg\u00f6r i form av en oslagbar enkelhet och tydlighet i anv\u00e4ndandet.<\/p>\n<p>Dessutom ger Clarus Vibe energi-, vatten och tv\u00e4ttmedelsbesparingar samt m\u00f6jlighet att anpassa program och utseende efter varje kunds unika behov. Tillsammans med <em>Integrated Savings<\/em> finns inget liknande p\u00e5 marknaden, och vi ser allt fler kunder som helt st\u00e4ller om till Clarus Vibe.[\/vc_column_text][\/vc_column][vc_column width=&#8221;1\/2&#8243;][vc_empty_space][vc_single_image image=&#8221;18351&#8243; img_size=&#8221;large&#8221;][vc_empty_space][\/vc_column][\/vc_row][vc_row][vc_column][vc_empty_space][elx_heading font_size=&#8221;h2&#8243; text_color=&#8221;inherit&#8221;]Medarbetarunders\u00f6kning[\/elx_heading][vc_column_text]V\u00e5r \u00e5rliga medarbetarunders\u00f6kning \u00e4r ocks\u00e5 genomf\u00f6rd, och resultatet \u00e4r gl\u00e4djande. Engagemang och kundfokus ligger i topp, trots att marknadsf\u00f6ruts\u00e4ttningarna varit ganska annorlunda under \u00e5ret, och d\u00e4rmed framtvingat det b\u00e4sta ur var och en i varje situation. Det g\u00f6r oss s\u00e5klart b\u00e5de oerh\u00f6rt glada och stolta.[\/vc_column_text][vc_empty_space][\/vc_column][\/vc_row][vc_row][vc_column][vc_empty_space][elx_heading font_size=&#8221;h2&#8243; text_color=&#8221;inherit&#8221;]M\u00e4ssor[\/elx_heading][vc_column_text]Vi st\u00e4llde under v\u00e5ren ut p\u00e5 <strong>Nordbygg<\/strong>. En fantastisk m\u00f6tesplats f\u00f6r alla leverant\u00f6rer och \u00f6vriga intressenter till byggbranschen. Fantastiskt att s\u00e5 handfast kunna m\u00f6tas p\u00e5 det s\u00e4tt som en stor fysisk m\u00e4ssa med ett brett spektra av kunder och andra intressenter inneb\u00e4r.<\/p>\n<p>Vi har lagt mycket fokus p\u00e5 <strong>Styrelsem\u00e4ssorna<\/strong> som \u00e4r av mer regional karakt\u00e4r. Ett utomordentligt bra forum f\u00f6r att tr\u00e4ffa bostadsr\u00e4ttsf\u00f6reningar. Mycket v\u00e4lbes\u00f6kta m\u00e4ssor med stort intresse fr\u00e5n f\u00f6reningarna.<\/p>\n<p>Vi var s\u00e5klart ocks\u00e5 med p\u00e5 <strong>Brand &amp; R\u00e4ddning<\/strong> p\u00e5 Gr\u00e4ns\u00f6 i V\u00e4stervik. En mycket v\u00e4lbes\u00f6kt m\u00e4ssa f\u00f6r R\u00e4ddningstj\u00e4nsten d\u00e4r vi fick m\u00f6jlighet att visa och diskutera helhetsl\u00f6sningar f\u00f6r tv\u00e4tt\/disk\/reng\u00f6ring av kl\u00e4der, hj\u00e4lmar, luftpaket etc. Inom r\u00e4ddningstj\u00e4nster \u00e4r fokus p\u00e5 tv\u00e4tt givetvis eliminering av giftiga \u00e4mnen relaterat till funktion, s\u00e4kerhet och h\u00e4lsa.[\/vc_column_text][vc_empty_space][\/vc_column][\/vc_row][vc_row][vc_column][vc_empty_space][vc_single_image image=&#8221;52768&#8243; img_size=&#8221;full&#8221;][vc_column_text]<em>Montern redo f\u00f6r bes\u00f6k under Clean &amp; Facility, Kista<\/em>[\/vc_column_text][vc_empty_space][\/vc_column][\/vc_row][vc_row disable_element=&#8221;yes&#8221;][vc_column width=&#8221;1\/4&#8243;][vc_empty_space][vc_single_image image=&#8221;52763&#8243; img_size=&#8221;full&#8221;][vc_column_text]<em>Montern redo f\u00f6r bes\u00f6k under Clean &amp; Facility, Kista<\/em>[\/vc_column_text][\/vc_column][vc_column width=&#8221;3\/4&#8243;][vc_empty_space][vc_single_image image=&#8221;52768&#8243; img_size=&#8221;full&#8221;][vc_column_text]<em>Montern redo f\u00f6r bes\u00f6k under Clean &amp; Facility, Kista<\/em>[\/vc_column_text][\/vc_column][\/vc_row][vc_row][vc_column][vc_empty_space][vc_column_text]Under h\u00f6sten st\u00e4llde vi ocks\u00e5 ut p\u00e5 den internationella m\u00e4ssan <strong>Texcare i Frankfurt, <\/strong>den ur ett globalt perspektiv sannolikt st\u00f6rsta m\u00f6tesplatsen f\u00f6r leverant\u00f6rer, kunder, \u00e5terf\u00f6rs\u00e4ljare och andra intressenter till tv\u00e4ttbranschen. Intresset f\u00f6r S<em>ervice as a Solution<\/em> samt de m\u00f6jligheter uppkopplade produkter skapar var stort. Likas\u00e5 v\u00e5ra doseringspumpar s\u00e5v\u00e4l som v\u00e5ra tv\u00e4ttmedel i sig.<\/p>\n<p>Ut\u00f6ver detta har vi s\u00e5klart ocks\u00e5 st\u00e4llt ut p\u00e5<strong> Clean &amp; Facility och Campingm\u00e4ssor <\/strong>samt deltagit i en rad lokala och regionala event med fysiska m\u00f6tesplatser.[\/vc_column_text][vc_empty_space][\/vc_column][\/vc_row][vc_row el_id=&#8221;kontakt&#8221; css=&#8221;.vc_custom_1734642943919{background-color: #eeeeee !important;}&#8221;][vc_column][vc_empty_space][elx_heading font_size=&#8221;h2&#8243; text_color=&#8221;inherit&#8221;]Avslutningsvis[\/elx_heading][vc_column_text]2024 var trots sin relativa spretighet ett bra \u00e5r. N\u00e4r marknadsf\u00f6ruts\u00e4ttningarna \u00e5 ena sidan gjort att en del segment bromsat in lite, har samtidigt andra segment blommat ut stort. Vi vill rikta ett stort tack till alla som p\u00e5 olika s\u00e4tt jobbat med oss och bidragit till v\u00e5r gemensamma framg\u00e5ng, kunder, partners s\u00e5v\u00e4l som v\u00e5ra duktiga medarbetare. Tack f\u00f6r kloka inspel, m\u00e5nga goda skratt och ett otroligt engagemang!<\/p>\n<p>Vi \u00e4r s\u00e5klart redan nu oerh\u00f6rt sp\u00e4nda p\u00e5 vad 2025 har att bjuda. Vi tror att v\u00e5r marknad kommer se viss ekonomisk \u00e5terh\u00e4mtning och mer stabilitet, och att inflationstakt och r\u00e4ntor forts\u00e4tter att minska n\u00e5got. D\u00e4rmed torde k\u00f6pkraften och investeringsklimatet f\u00f6rb\u00e4ttras. Vi tror ocks\u00e5 p\u00e5 fortsatt h\u00f6gt tempo p\u00e5 teknologiska framsteg, vilket m\u00f6jligg\u00f6r nya innovationer och effektivisering.<\/p>\n<p>Vi p\u00e5 Electrolux Professional vill ocks\u00e5 ta tillf\u00e4llet i akt att \u00f6nska alla ett riktigt gott nytt \u00e5r 2025, s\u00e5 ses vi pigga och utvilade, och sannolikt ocks\u00e5 riktigt taggade p\u00e5 att kasta oss in i ett nytt sp\u00e4nnande \u00e5r.<\/p>\n<p>B\u00e4sta h\u00e4lsningar<\/p>\n<p>J\u00f6rgen Andersson<br \/>\nCountry manager, Laundry Sweden[\/vc_column_text][vc_empty_space][vc_single_image image=&#8221;52695&#8243; img_size=&#8221;full&#8221;][vc_empty_space][\/vc_column][\/vc_row][vc_row disable_element=&#8221;yes&#8221; css=&#8221;.vc_custom_1734638985428{background-color: #eeeeee !important;}&#8221;][vc_column][vc_empty_space][elx_heading font_size=&#8221;h3&#8243; text_color=&#8221;inherit&#8221;]Vill du veta mer om v\u00e5ra serviceavtal? Kontakta oss![\/elx_heading][vc_empty_space][elx_o2000_contact_us s=&#8221;Jag vill ha mer inormation om Essentia Serviceavtal&#8221; country=&#8221;Sweden&#8221; b=&#8221;laundry&#8221; container=&#8221;elxcontactus1484293813&#8243; r=&#8221;Jag vill veta mer om Essentia serviceavtal. V\u00e4nligen kontakta mig.&#8221; l=&#8221;se&#8221;][\/vc_column][\/vc_row]<\/p>\n","protected":false},"excerpt":{"rendered":"<p>[vc_row full_width=&#8221;electroluxpro-full-width-no-padding&#8221; disable_element=&#8221;yes&#8221;][vc_column][elx_image_block background_image=&#8221;52672&#8243; minimum_height=&#8221;350px&#8221;][\/vc_column][\/vc_row][vc_row css=&#8221;.vc_custom_1734643795492{background-color: #eeeeee !important;}&#8221;][vc_column width=&#8221;1\/2&#8243;][vc_empty_space][vc_empty_space][elx_heading font_size=&#8221;h3&#8243; text_color=&#8221;inherit&#8221;]\u00c5rskr\u00f6nika signerad J\u00f6rgen Andersson, Head of Sales Laundry Sverige[\/elx_heading][vc_empty_space][vc_column_text]Det s\u00e4gs att tiden g\u00e5r fort n\u00e4r man har roligt, och 2024 har definitivt inte varit n\u00e5got undantag fr\u00e5n den regeln. \u00c5ret som varit kan enklast beskrivas som \u201dsnabbt, l\u00e4rorikt &amp; n\u00e5got spretigt\u201d, mestadels i positiv bem\u00e4rkelse. [&hellip;]<\/p>\n","protected":false},"author":174,"featured_media":52764,"parent":0,"menu_order":0,"comment_status":"closed","ping_status":"closed","template":"","meta":{"footnotes":""},"class_list":["post-52844","page","type-page","status-publish","has-post-thumbnail","hentry"],"acf":[],"yoast_head":"<!-- This site is optimized with the Yoast SEO plugin v23.3 - https:\/\/yoast.com\/wordpress\/plugins\/seo\/ -->\n<title>2024 \u00c5rskr\u00f6nika signerad J\u00f6rgen Andersson, Head of Sales Laundry Sverige - Electrolux Professional Sverige<\/title>\n<meta name=\"description\" content=\"\u00c4nnu ett \u00e5r har g\u00e5tt mot sitt slut. V\u00e5r Sverigechef J\u00f6rgen Andersson summerar det g\u00e5ngna \u00e5ret i sin traditionsenliga \u00e5rskr\u00f6nika.\" \/>\n<meta name=\"robots\" content=\"index, follow, max-snippet:-1, max-image-preview:large, max-video-preview:-1\" \/>\n<link rel=\"canonical\" href=\"https:\/\/www.electroluxprofessional.com\/se\/arskronika-2024-laundry\/\" \/>\n<meta property=\"og:locale\" content=\"sv_SE\" \/>\n<meta property=\"og:type\" content=\"article\" \/>\n<meta property=\"og:title\" content=\"2024 \u00c5rskr\u00f6nika signerad J\u00f6rgen Andersson, Head of Sales Laundry Sverige - Electrolux Professional Sverige\" \/>\n<meta property=\"og:description\" content=\"\u00c4nnu ett \u00e5r har g\u00e5tt mot sitt slut. V\u00e5r Sverigechef J\u00f6rgen Andersson summerar det g\u00e5ngna \u00e5ret i sin traditionsenliga \u00e5rskr\u00f6nika.\" \/>\n<meta property=\"og:url\" content=\"https:\/\/www.electroluxprofessional.com\/se\/arskronika-2024-laundry\/\" \/>\n<meta property=\"og:site_name\" content=\"Electrolux Professional Sverige\" \/>\n<meta property=\"article:modified_time\" content=\"2024-12-20T13:26:53+00:00\" \/>\n<meta property=\"og:image\" content=\"https:\/\/www.electroluxprofessional.com\/se\/wp-content\/uploads\/2024\/12\/J-Andersson_banner.jpg\" \/>\n\t<meta property=\"og:image:width\" content=\"966\" \/>\n\t<meta property=\"og:image:height\" content=\"712\" \/>\n\t<meta property=\"og:image:type\" content=\"image\/jpeg\" \/>\n<meta name=\"twitter:card\" content=\"summary_large_image\" \/>\n<meta name=\"twitter:label1\" content=\"Ber\u00e4knad l\u00e4stid\" \/>\n\t<meta name=\"twitter:data1\" content=\"6 minuter\" \/>\n<script type=\"application\/ld+json\" class=\"yoast-schema-graph\">{\"@context\":\"https:\/\/schema.org\",\"@graph\":[{\"@type\":\"WebPage\",\"@id\":\"https:\/\/www.electroluxprofessional.com\/se\/arskronika-2024-laundry\/\",\"url\":\"https:\/\/www.electroluxprofessional.com\/se\/arskronika-2024-laundry\/\",\"name\":\"2024 \u00c5rskr\u00f6nika signerad J\u00f6rgen Andersson, Head of Sales Laundry Sverige - Electrolux Professional Sverige\",\"isPartOf\":{\"@id\":\"https:\/\/www.electroluxprofessional.com\/se\/#website\"},\"primaryImageOfPage\":{\"@id\":\"https:\/\/www.electroluxprofessional.com\/se\/arskronika-2024-laundry\/#primaryimage\"},\"image\":{\"@id\":\"https:\/\/www.electroluxprofessional.com\/se\/arskronika-2024-laundry\/#primaryimage\"},\"thumbnailUrl\":\"https:\/\/www.electroluxprofessional.com\/se\/wp-content\/uploads\/2024\/12\/J-Andersson_banner.jpg\",\"datePublished\":\"2024-12-20T09:46:45+00:00\",\"dateModified\":\"2024-12-20T13:26:53+00:00\",\"description\":\"\u00c4nnu ett \u00e5r har g\u00e5tt mot sitt slut. V\u00e5r Sverigechef J\u00f6rgen Andersson summerar det g\u00e5ngna \u00e5ret i sin traditionsenliga \u00e5rskr\u00f6nika.\",\"breadcrumb\":{\"@id\":\"https:\/\/www.electroluxprofessional.com\/se\/arskronika-2024-laundry\/#breadcrumb\"},\"inLanguage\":\"sv-SE\",\"potentialAction\":[{\"@type\":\"ReadAction\",\"target\":[\"https:\/\/www.electroluxprofessional.com\/se\/arskronika-2024-laundry\/\"]}]},{\"@type\":\"ImageObject\",\"inLanguage\":\"sv-SE\",\"@id\":\"https:\/\/www.electroluxprofessional.com\/se\/arskronika-2024-laundry\/#primaryimage\",\"url\":\"https:\/\/www.electroluxprofessional.com\/se\/wp-content\/uploads\/2024\/12\/J-Andersson_banner.jpg\",\"contentUrl\":\"https:\/\/www.electroluxprofessional.com\/se\/wp-content\/uploads\/2024\/12\/J-Andersson_banner.jpg\",\"width\":966,\"height\":712,\"caption\":\"J\u00f6rgen Andersson. Heads of Sales Laundry\"},{\"@type\":\"BreadcrumbList\",\"@id\":\"https:\/\/www.electroluxprofessional.com\/se\/arskronika-2024-laundry\/#breadcrumb\",\"itemListElement\":[{\"@type\":\"ListItem\",\"position\":1,\"name\":\"Home\",\"item\":\"https:\/\/www.electroluxprofessional.com\/se\/\"},{\"@type\":\"ListItem\",\"position\":2,\"name\":\"2024 \u00c5rskr\u00f6nika signerad J\u00f6rgen Andersson, Head of Sales Laundry Sverige\"}]},{\"@type\":\"WebSite\",\"@id\":\"https:\/\/www.electroluxprofessional.com\/se\/#website\",\"url\":\"https:\/\/www.electroluxprofessional.com\/se\/\",\"name\":\"Electrolux Professional Sverige\",\"description\":\"\",\"potentialAction\":[{\"@type\":\"SearchAction\",\"target\":{\"@type\":\"EntryPoint\",\"urlTemplate\":\"https:\/\/www.electroluxprofessional.com\/se\/?src={search_term_string}\"},\"query-input\":\"required name=search_term_string\"}],\"inLanguage\":\"sv-SE\"}]}<\/script>\n<!-- \/ Yoast SEO plugin. -->","yoast_head_json":{"title":"2024 \u00c5rskr\u00f6nika signerad J\u00f6rgen Andersson, Head of Sales Laundry Sverige - Electrolux Professional Sverige","description":"\u00c4nnu ett \u00e5r har g\u00e5tt mot sitt slut. V\u00e5r Sverigechef J\u00f6rgen Andersson summerar det g\u00e5ngna \u00e5ret i sin traditionsenliga \u00e5rskr\u00f6nika.","robots":{"index":"index","follow":"follow","max-snippet":"max-snippet:-1","max-image-preview":"max-image-preview:large","max-video-preview":"max-video-preview:-1"},"canonical":"https:\/\/www.electroluxprofessional.com\/se\/arskronika-2024-laundry\/","og_locale":"sv_SE","og_type":"article","og_title":"2024 \u00c5rskr\u00f6nika signerad J\u00f6rgen Andersson, Head of Sales Laundry Sverige - Electrolux Professional Sverige","og_description":"\u00c4nnu ett \u00e5r har g\u00e5tt mot sitt slut. V\u00e5r Sverigechef J\u00f6rgen Andersson summerar det g\u00e5ngna \u00e5ret i sin traditionsenliga \u00e5rskr\u00f6nika.","og_url":"https:\/\/www.electroluxprofessional.com\/se\/arskronika-2024-laundry\/","og_site_name":"Electrolux Professional Sverige","article_modified_time":"2024-12-20T13:26:53+00:00","og_image":[{"width":966,"height":712,"url":"https:\/\/www.electroluxprofessional.com\/se\/wp-content\/uploads\/2024\/12\/J-Andersson_banner.jpg","type":"image\/jpeg"}],"twitter_card":"summary_large_image","twitter_misc":{"Ber\u00e4knad l\u00e4stid":"6 minuter"},"schema":{"@context":"https:\/\/schema.org","@graph":[{"@type":"WebPage","@id":"https:\/\/www.electroluxprofessional.com\/se\/arskronika-2024-laundry\/","url":"https:\/\/www.electroluxprofessional.com\/se\/arskronika-2024-laundry\/","name":"2024 \u00c5rskr\u00f6nika signerad J\u00f6rgen Andersson, Head of Sales Laundry Sverige - Electrolux Professional Sverige","isPartOf":{"@id":"https:\/\/www.electroluxprofessional.com\/se\/#website"},"primaryImageOfPage":{"@id":"https:\/\/www.electroluxprofessional.com\/se\/arskronika-2024-laundry\/#primaryimage"},"image":{"@id":"https:\/\/www.electroluxprofessional.com\/se\/arskronika-2024-laundry\/#primaryimage"},"thumbnailUrl":"https:\/\/www.electroluxprofessional.com\/se\/wp-content\/uploads\/2024\/12\/J-Andersson_banner.jpg","datePublished":"2024-12-20T09:46:45+00:00","dateModified":"2024-12-20T13:26:53+00:00","description":"\u00c4nnu ett \u00e5r har g\u00e5tt mot sitt slut. V\u00e5r Sverigechef J\u00f6rgen Andersson summerar det g\u00e5ngna \u00e5ret i sin traditionsenliga \u00e5rskr\u00f6nika.","breadcrumb":{"@id":"https:\/\/www.electroluxprofessional.com\/se\/arskronika-2024-laundry\/#breadcrumb"},"inLanguage":"sv-SE","potentialAction":[{"@type":"ReadAction","target":["https:\/\/www.electroluxprofessional.com\/se\/arskronika-2024-laundry\/"]}]},{"@type":"ImageObject","inLanguage":"sv-SE","@id":"https:\/\/www.electroluxprofessional.com\/se\/arskronika-2024-laundry\/#primaryimage","url":"https:\/\/www.electroluxprofessional.com\/se\/wp-content\/uploads\/2024\/12\/J-Andersson_banner.jpg","contentUrl":"https:\/\/www.electroluxprofessional.com\/se\/wp-content\/uploads\/2024\/12\/J-Andersson_banner.jpg","width":966,"height":712,"caption":"J\u00f6rgen Andersson. Heads of Sales Laundry"},{"@type":"BreadcrumbList","@id":"https:\/\/www.electroluxprofessional.com\/se\/arskronika-2024-laundry\/#breadcrumb","itemListElement":[{"@type":"ListItem","position":1,"name":"Home","item":"https:\/\/www.electroluxprofessional.com\/se\/"},{"@type":"ListItem","position":2,"name":"2024 \u00c5rskr\u00f6nika signerad J\u00f6rgen Andersson, Head of Sales Laundry Sverige"}]},{"@type":"WebSite","@id":"https:\/\/www.electroluxprofessional.com\/se\/#website","url":"https:\/\/www.electroluxprofessional.com\/se\/","name":"Electrolux Professional Sverige","description":"","potentialAction":[{"@type":"SearchAction","target":{"@type":"EntryPoint","urlTemplate":"https:\/\/www.electroluxprofessional.com\/se\/?src={search_term_string}"},"query-input":"required name=search_term_string"}],"inLanguage":"sv-SE"}]}},"_links":{"self":[{"href":"https:\/\/www.electroluxprofessional.com\/se\/wp-json\/wp\/v2\/pages\/52844"}],"collection":[{"href":"https:\/\/www.electroluxprofessional.com\/se\/wp-json\/wp\/v2\/pages"}],"about":[{"href":"https:\/\/www.electroluxprofessional.com\/se\/wp-json\/wp\/v2\/types\/page"}],"author":[{"embeddable":true,"href":"https:\/\/www.electroluxprofessional.com\/se\/wp-json\/wp\/v2\/users\/174"}],"replies":[{"embeddable":true,"href":"https:\/\/www.electroluxprofessional.com\/se\/wp-json\/wp\/v2\/comments?post=52844"}],"version-history":[{"count":34,"href":"https:\/\/www.electroluxprofessional.com\/se\/wp-json\/wp\/v2\/pages\/52844\/revisions"}],"predecessor-version":[{"id":52901,"href":"https:\/\/www.electroluxprofessional.com\/se\/wp-json\/wp\/v2\/pages\/52844\/revisions\/52901"}],"wp:featuredmedia":[{"embeddable":true,"href":"https:\/\/www.electroluxprofessional.com\/se\/wp-json\/wp\/v2\/media\/52764"}],"wp:attachment":[{"href":"https:\/\/www.electroluxprofessional.com\/se\/wp-json\/wp\/v2\/media?parent=52844"}],"curies":[{"name":"wp","href":"https:\/\/api.w.org\/{rel}","templated":true}]}}