{"id":52205,"date":"2024-09-18T06:26:14","date_gmt":"2024-09-18T06:26:14","guid":{"rendered":"https:\/\/www.electroluxprofessional.com\/se\/?page_id=52205"},"modified":"2026-02-19T14:10:44","modified_gmt":"2026-02-19T13:10:44","slug":"neoblue-glasdiskmaskin","status":"publish","type":"page","link":"https:\/\/www.electroluxprofessional.com\/se\/storkok\/neoblue-glasdiskmaskin\/","title":{"rendered":"NeoBlue Glasdiskmaskin"},"content":{"rendered":"<p>[vc_row full_width=&#8221;electroluxpro-full-width-no-padding&#8221; el_id=&#8221;banner&#8221;][vc_column][elx_image_block is_full_height=&#8221;full-height&#8221; background_image=&#8221;52165&#8243; minimum_height=&#8221;350px&#8221;][\/vc_column][\/vc_row][vc_row][vc_column][vc_empty_space][elx_text_image tag_title=&#8221;h1&#8243; number_images=&#8221;2&#8243; style_image=&#8221;image_square&#8221; bg_row=&#8221;bg-download-white&#8221; title=&#8221;NeoBlue Glasdiskmaskin:<br \/>\nUtm\u00e4rka diskresultat p\u00e5 liten yta&#8221; lists=&#8221;%5B%7B%7D%5D&#8221; values=&#8221;%5B%5D&#8221; double_image_1=&#8221;52164&#8243;]NeoBlue glasdiskmaskin \u00e4r s\u00e4rskilt utvecklad f\u00f6r <strong>mindre k\u00f6k eller k\u00f6k med begr\u00e4nsat utrymme<\/strong>. Med en lastningsh\u00f6jd p\u00e5 290 mm f\u00e5r du dessutom enkelt plats med h\u00f6ga glas.<\/p>\n<p>Tack vare sin anv\u00e4ndarv\u00e4nliga design och enkla kontrollpanel kr\u00e4vs <strong>minimalt med kunskap eller utbildning f\u00f6r anv\u00e4ndaren<\/strong>. Maskinen erbjuder <strong>fyra olika program<\/strong> beroende p\u00e5 diskbehov, vilket ger stor flexibilitet. Den f\u00e4rgkodade huvudknappen ger en snabb \u00f6verblick, och de andra knapparna l\u00e5ter dig styra hela diskprocessen.[\/elx_text_image][elx_o2000_contact_us s=&#8221;F\u00f6rfr\u00e5gan fr\u00e5n hemsidan&#8221; country=&#8221;Sweden&#8221; b=&#8221;food&#8221; thanks=&#8221;Tack f\u00f6r din f\u00f6rfr\u00e5gan! Vi kontaktar dig inom kort!&#8221; button_mode=&#8221;true&#8221; button_style=&#8221;secondary-bordered&#8221; postion_button=&#8221;text-left&#8221; postion_button_mobile=&#8221;text-left-mobile&#8221; text_btn_contact=&#8221;Kontakta oss&#8221;][vc_empty_space][\/vc_column][\/vc_row][vc_row css=&#8221;.vc_custom_1721651804739{background-color: #e9eff5 !important;}&#8221;][vc_column][elx_features_download title=&#8221;Flexibel och effektiv&#8221; title_download=&#8221;Ladda ned&#8221; title_discover=&#8221;Uppt\u00e4ck&#8221; bg_discover_color=&#8221;bg-download-white&#8221; link_discover_color=&#8221;download-text-blue&#8221; title_position=&#8221;top&#8221; bg_row=&#8221;bg-row-light-blue&#8221; values=&#8221;%5B%7B%22select_type%22%3A%22link%22%2C%22link_download%22%3A%22url%3Ahttps%253A%252F%252Fwww.electroluxprofessional.com%252Fse%252Fwp-content%252Fuploads%252F2024%252F09%252FEPR_Brochure_NeoBlueTouch_UCGW_SV.240923.pdf%7Ctitle%3ANeoBlue%2520Touch%2520underb%25C3%25A4nkdiskmaskin%2520och%2520NeoBlue%2520glasdiskmaskin%7Ctarget%3A_blank%22%7D%5D&#8221; discover=&#8221;%5B%7B%22link_discover%22%3A%22url%3A%2523accessories%7Ctitle%3ATillbeh%25C3%25B6r%2520och%2520f%25C3%25B6rbrukningsvaror%22%7D%5D&#8221; features=&#8221;%5B%7B%22icon_electroluxpro%22%3A%22elx-icon%20icon-circle-star-perfomance-blue%22%2C%22title_icon%22%3A%22Perfekta%20disk-%20och%20sk%C3%B6ljresultat%22%2C%22tag_icon_title%22%3A%22h4%22%2C%22text_icon%22%3A%22De%20kraftfulla%20%C3%B6vre%20spolarmara%20och%20de%20integrerade%20undre%20disk-%20och%20spolarmarna%20s%C3%A4kerst%C3%A4ller%20helt%20ren%20disk%22%7D%2C%7B%22icon_electroluxpro%22%3A%22elx-icon%20icon-circle-easy-blue%22%2C%22title_icon%22%3A%22Tyst%22%2C%22tag_icon_title%22%3A%22h4%22%2C%22text_icon%22%3A%22Mycket%20tystg%C3%A5ende%20under%20drift%20tack%20vare%20den%20dubbelisolerade%20och%20mjuk%C3%B6ppnade%20luckan.%22%7D%2C%7B%22icon_electroluxpro%22%3A%22elx-icon%20icon-circle-clean-blue%22%2C%22title_icon%22%3A%22P%C3%A5litlig%20och%20h%C3%A5llbar%22%2C%22tag_icon_title%22%3A%22h4%22%2C%22text_icon%22%3A%22Robust%20konstruktion%20i%20rostfritt%20st%C3%A5l%20garanterar%20tillf%C3%B6rlitlighet.%20Plug%26Play-versionen%20inkluderar%20en%20disk-%20och%20torkmedelspump%2C%20avloppspump%20och%20filter.%20Enkel%20anv%C3%A4ndning%20och%20enkelt%20underh%C3%A5ll%20med%20tillg%C3%A4ngliga%20komponenter.%22%7D%5D&#8221;][\/elx_features_download][vc_empty_space][\/vc_column][\/vc_row][vc_row el_id=&#8221;accessories&#8221;][vc_column]<div class=\"elx-accordion \">    <div class=\"elx-accordion-heading\">        <a class=\"elx-accordion-link elx-accordion-open\">            <h4 class=\" elx-accordion-title\">                Tillbeh\u00f6r och f\u00f6rbrukningsvaror                <img decoding=\"async\" src=\"https:\/\/www.electroluxprofessional.com\/se\/wp-content\/themes\/electroluxpro\/assets\/epr-icon-minus-blue.svg\" class=\"elx-minus\" \/>                <img decoding=\"async\" src=\"https:\/\/www.electroluxprofessional.com\/se\/wp-content\/themes\/electroluxpro\/assets\/epr-icon-plus-blue.svg\" class=\"elx-plus elx-hidden\" \/>            <\/h4>        <\/a>    <\/div>    <div class=\"elx-accordion-body elx-accordion-open\"><p>[vc_row_inner][vc_column_inner width=&#8221;1\/2&#8243;][elx_heading font_size=&#8221;h5&#8243; text_color=&#8221;inherit&#8221;]Korgar f\u00f6r alla behov[\/elx_heading][vc_column_text]NeoBlue glasdiskmaskin\u00a0 \u00e4r l\u00e4mplig f\u00f6r korgar som \u00e4r 400&#215;400 mm. I v\u00e5rt tillbeh\u00f6rsortiment hittar du ett brett utbud av korgar f\u00f6r olika typ av diskgods.[\/vc_column_text][vc_empty_space][elx_shop_now button_text=&#8221;K\u00d6P HOS N\u00c4RMSTA \u00c5TERF\u00d6RS\u00c4LJARE&#8221; button_display_block=&#8221;display_block_on&#8221; button_alignment=&#8221;align_center&#8221; button_link=&#8221;url:https%3A%2F%2Fbuy.electroluxprofessional.com%2Fparts%3Fq%3Dbaskets&#8221;][vc_empty_space height=&#8221;80px&#8221;][\/vc_column_inner][vc_column_inner width=&#8221;1\/2&#8243;][vc_single_image image=&#8221;52166&#8243; img_size=&#8221;300*250&#8243; alignment=&#8221;center&#8221; css_animation=&#8221;none&#8221;][\/vc_column_inner][\/vc_row_inner][vc_row_inner][vc_column_inner width=&#8221;1\/2&#8243;][vc_single_image image=&#8221;9992&#8243; img_size=&#8221;530*285&#8243; alignment=&#8221;center&#8221; css_animation=&#8221;none&#8221;][\/vc_column_inner][vc_column_inner width=&#8221;1\/2&#8243;][elx_heading font_size=&#8221;h5&#8243; text_color=&#8221;inherit&#8221;]Tillbeh\u00f6r och f\u00f6rbrukningsvaror[\/elx_heading][vc_column_text]F\u00f6r b\u00e4sta prestanda och l\u00e4ngre produktlivsl\u00e4ngd; Anv\u00e4nd alltid originalreng\u00f6ring fr\u00e5n Electrolux Professional. V\u00e5rt diskmedel eliminerar fl\u00e4ckar helt och l\u00e4mnar disken perfekt torr och ren. Tack vare en speciell formula f\u00f6rhindras kalkbildning.[\/vc_column_text][vc_empty_space][elx_shop_now button_text=&#8221;K\u00d6P HOS N\u00c4RMSTA \u00c5TERF\u00d6RS\u00c4LJARE&#8221; button_display_block=&#8221;display_block_on&#8221; button_alignment=&#8221;align_center&#8221; button_link=&#8221;url:https%3A%2F%2Fwww.electroluxprofessional.com%2Fse%2Fsales-service-locator%2F&#8221;][vc_empty_space][\/vc_column_inner][\/vc_row_inner]<\/p>\n    <\/div><\/div>[vc_empty_space]<div class=\"com21-product-filter-container 126\">\n                    <!-- PROD FILTER -->\n                    \n                    <div class=\"container\">\n                        <h4 class=\"text-center\">\n                            Filtrera (1 Produkt)\n                        <\/h4>\n                    <\/div>\n                    <div class=\"specification-filter\">\n                        <div class=\"toggle-filter-container\">\n                            <div class=\"container text-center\">\n                                <a href=\"#filter\" class=\"toggle-filter small-toggle\" data-target=\".category-filter\"  data-class-toggle=\"category-filter-show\" aria-pressed=\"true\" role=\"button\" id=\"open-product-features\">Filtrera<\/a>\n                            <\/div>\n                        <\/div>\n                        <div class=\"category-filter category-filter-show\">\n                            <div class=\"container\">\n                    <div class=\"row\"><\/div>\n        \n                                <div class=\"row\">\n                                    <div class=\"col-md-6 text-left\">\n                                        <span class=\"number-of-products\"><span id=\"number-of-products\">1<\/span> Produkter<\/span> <a href=\"#\" class=\"btn btn-secondary-bordered\" id=\"filter-reset-btn\">\u00c5terst\u00e4ll<\/a>\n                                    <\/div>\n                                    <div class=\"col-md-6 text-right\">\n                                        <a href=\"#\" class=\"close-toggle no-pd-toggle\" data-parent=\"open-product-features\"  aria-pressed=\"true\" role=\"button\">St\u00e4ng<\/a>\n                                    <\/div>\n                                <\/div>\n                                \n                            <\/div><!-- end container -->\n                        <\/div><!-- end category-filter -->\n                    <\/div><!-- end specification-filter -->\n        \n                    <!-- END PROD FILTER -->\n                    \n                    <!-- PROD LIST -->\n                    <div class=\"product-list container\">\n                        <!--Hidden parameters-->\n                        <input type=\"hidden\" name=\"navigation_level_1\" id=\"navigation_level_1\" value=\"I\">\n                        <input type=\"hidden\" name=\"navigation_level_2\" id=\"navigation_level_2\" value=\"A\">\n                        <input type=\"hidden\" name=\"navigation_level_3\" id=\"navigation_level_3\" value=\"J\">\n                        <input type=\"hidden\" name=\"navigation_level_4\" id=\"navigation_level_4\" value=\"\">\n                        <input type=\"hidden\" name=\"filter_id\" id=\"filter_id\" value=\"126\">\n                        <input type=\"hidden\" name=\"navigation_language\" id=\"navigation_language\" value=\"5005\">\n                        <input type=\"hidden\" name=\"navigation_language_code\" id=\"navigation_language\" value=\"5005\">\n                        <input type=\"hidden\" name=\"page_id\" id=\"page_id\" value=\"52205\">\n                        <!--END Hidden parameters--><ul class=\"row elx-one-product\" ><li data-product-paged=\"\" class=\"anchor_tags_prod col-sm-6 col-md-3 wow fadeIn single-product-list 402188\"><div class=\"product-list-item\"><div class=\"product-content\"><a href=\"https:\/\/www.electroluxprofessional.com\/se\/pd\/diskrumsutrustning\/glasdiskmaskiner\/neoblue-touch-s-400x400mm-korg\/disk-neoblue-glasdiskmaskin-s-trycksatt-genomstr\u00f6mmare-disk-torkmedelspumpar-avloppspump-tankfilter-40-r-h-1-fas-402188\/\" target=\"_blank\" ><figure><img decoding=\"async\" src=\"https:\/\/tools.electroluxprofessional.com\/Mirror\/Doc\/PH_255x255%2FPH_402187_1_1_402187.jpg\" alt=\"DiskNeoBlue Glasdiskmaskin (S), trycksatt genomstr\u00f6mmare, disk & torkmedelspumpar, avloppspump, tankfilter, 40 r\/h, 1-fas\"\/><\/figure><div class=\"product-internal\"><div class=\"product-liv\">NeoBlue Touch S (400x400mm korg)<\/div><h3 class=\"product-title\">Disk<br>NeoBlue Glasdiskmaskin (S), trycksatt genomstr\u00f6mmare, disk & torkmedelspumpar, avloppspump, tankfilter, 40 r\/h, 1-fas<\/h3><div class=\"product-icons\"><div class=\"product-green\"><\/div><div class=\"product-cod\"><div class=\"hidden type_code\">0<\/div>COD <span class=\"product-code\" >402188<\/span><\/div><div class=\"product-fast\"><\/div>\n<\/div><div class=\"product-description-fast-green\"><\/div>\n<\/div><div class=\"product-actions\"><a href=\"https:\/\/www.electroluxprofessional.com\/se\/pd\/diskrumsutrustning\/glasdiskmaskiner\/neoblue-touch-s-400x400mm-korg\/disk-neoblue-glasdiskmaskin-s-trycksatt-genomstr\u00f6mmare-disk-torkmedelspumpar-avloppspump-tankfilter-40-r-h-1-fas-402188\/\" class=\"btn btn-primary-blue\">Se mer<\/a><span class=\"compare-product\"><span class=\"compare-checkbox\"><span class=\"compare-checkbox-shape\"><input type=\"checkbox\" class=\"product-comparer\" id=\"prod_402188\"\/><label class=\"btn\" for=\"prod_402188\"><span class=\"label-bg\"><\/span>J\u00e4mf\u00f6r<\/label><\/span><\/span><\/span><\/div><\/a><\/div><\/div><\/li>\n                        <\/ul>\n                        <div class=\"text-center more-products\">\n                        <\/div>\n                    <\/div>\n                    <!-- END PRODUCT LIST -->\n                    <\/div>\n                    <!-- END PRODUCT LIST -->[\/vc_column][\/vc_row][vc_row][vc_column][vc_empty_space height=&#8221;50px&#8221;][elx_heading text_color=&#8221;inherit&#8221; text_align=&#8221;text-center&#8221;]Fr\u00e5gor? Kontakta oss f\u00f6r mer info om<br \/>\nNeoBlue Glasdiskmaskin<br \/>\n[\/elx_heading][vc_empty_space][elx_o2000_contact_us s=&#8221;F\u00f6rfr\u00e5gan fr\u00e5n hemsidan&#8221; country=&#8221;Sweden&#8221; b=&#8221;food&#8221; thanks=&#8221;Tack f\u00f6r din f\u00f6rfr\u00e5gan! Vi kontaktar dig inom kort!&#8221;][vc_empty_space height=&#8221;50px&#8221;][\/vc_column][\/vc_row]<\/p>\n","protected":false},"excerpt":{"rendered":"<p>[vc_row full_width=&#8221;electroluxpro-full-width-no-padding&#8221; el_id=&#8221;banner&#8221;][vc_column][elx_image_block is_full_height=&#8221;full-height&#8221; background_image=&#8221;52165&#8243; minimum_height=&#8221;350px&#8221;][\/vc_column][\/vc_row][vc_row][vc_column][vc_empty_space][elx_text_image tag_title=&#8221;h1&#8243; number_images=&#8221;2&#8243; style_image=&#8221;image_square&#8221; bg_row=&#8221;bg-download-white&#8221; title=&#8221;NeoBlue Glasdiskmaskin: Utm\u00e4rka diskresultat p\u00e5 liten yta&#8221; lists=&#8221;%5B%7B%7D%5D&#8221; values=&#8221;%5B%5D&#8221; double_image_1=&#8221;52164&#8243;]NeoBlue glasdiskmaskin \u00e4r s\u00e4rskilt utvecklad f\u00f6r mindre k\u00f6k eller k\u00f6k med begr\u00e4nsat utrymme. Med en lastningsh\u00f6jd p\u00e5 290 mm f\u00e5r du dessutom enkelt plats med h\u00f6ga glas. Tack vare sin anv\u00e4ndarv\u00e4nliga design och enkla kontrollpanel kr\u00e4vs [&hellip;]<\/p>\n","protected":false},"author":242,"featured_media":52164,"parent":51186,"menu_order":0,"comment_status":"closed","ping_status":"closed","template":"","meta":{"footnotes":""},"class_list":["post-52205","page","type-page","status-publish","has-post-thumbnail","hentry"],"acf":[],"yoast_head":"<!-- This site is optimized with the Yoast SEO plugin v23.3 - https:\/\/yoast.com\/wordpress\/plugins\/seo\/ -->\n<title>NeoBlue Glasdiskmaskin - Electrolux Professional Sverige<\/title>\n<meta name=\"description\" content=\"P\u00e5litlig glasdiskmaskin som \u00e4r s\u00e4rskilt utvecklad f\u00f6r mindre k\u00f6k eller k\u00f6k med begr\u00e4nsat utrymme. Enkel att anv\u00e4nda &amp; lastningsh\u00f6jd p\u00e5 290 mm\" \/>\n<meta name=\"robots\" content=\"index, follow, max-snippet:-1, max-image-preview:large, max-video-preview:-1\" \/>\n<link rel=\"canonical\" href=\"https:\/\/www.electroluxprofessional.com\/se\/storkok\/neoblue-glasdiskmaskin\/\" \/>\n<meta property=\"og:locale\" content=\"sv_SE\" \/>\n<meta property=\"og:type\" content=\"article\" \/>\n<meta property=\"og:title\" content=\"NeoBlue Glasdiskmaskin - Electrolux Professional Sverige\" \/>\n<meta property=\"og:description\" content=\"P\u00e5litlig glasdiskmaskin som \u00e4r s\u00e4rskilt utvecklad f\u00f6r mindre k\u00f6k eller k\u00f6k med begr\u00e4nsat utrymme. Enkel att anv\u00e4nda &amp; lastningsh\u00f6jd p\u00e5 290 mm\" \/>\n<meta property=\"og:url\" content=\"https:\/\/www.electroluxprofessional.com\/se\/storkok\/neoblue-glasdiskmaskin\/\" \/>\n<meta property=\"og:site_name\" content=\"Electrolux Professional Sverige\" \/>\n<meta property=\"article:modified_time\" content=\"2026-02-19T13:10:44+00:00\" \/>\n<meta property=\"og:image\" content=\"https:\/\/www.electroluxprofessional.com\/se\/wp-content\/uploads\/2024\/09\/glasswasher-600x600-1.jpg\" \/>\n\t<meta property=\"og:image:width\" content=\"600\" \/>\n\t<meta property=\"og:image:height\" content=\"600\" \/>\n\t<meta property=\"og:image:type\" content=\"image\/jpeg\" \/>\n<meta name=\"twitter:card\" content=\"summary_large_image\" \/>\n<meta name=\"twitter:label1\" content=\"Ber\u00e4knad l\u00e4stid\" \/>\n\t<meta name=\"twitter:data1\" content=\"3 minuter\" \/>\n<script type=\"application\/ld+json\" class=\"yoast-schema-graph\">{\"@context\":\"https:\/\/schema.org\",\"@graph\":[{\"@type\":\"WebPage\",\"@id\":\"https:\/\/www.electroluxprofessional.com\/se\/storkok\/neoblue-glasdiskmaskin\/\",\"url\":\"https:\/\/www.electroluxprofessional.com\/se\/storkok\/neoblue-glasdiskmaskin\/\",\"name\":\"NeoBlue Glasdiskmaskin - Electrolux Professional Sverige\",\"isPartOf\":{\"@id\":\"https:\/\/www.electroluxprofessional.com\/se\/#website\"},\"primaryImageOfPage\":{\"@id\":\"https:\/\/www.electroluxprofessional.com\/se\/storkok\/neoblue-glasdiskmaskin\/#primaryimage\"},\"image\":{\"@id\":\"https:\/\/www.electroluxprofessional.com\/se\/storkok\/neoblue-glasdiskmaskin\/#primaryimage\"},\"thumbnailUrl\":\"https:\/\/www.electroluxprofessional.com\/se\/wp-content\/uploads\/2024\/09\/glasswasher-600x600-1.jpg\",\"datePublished\":\"2024-09-18T06:26:14+00:00\",\"dateModified\":\"2026-02-19T13:10:44+00:00\",\"description\":\"P\u00e5litlig glasdiskmaskin som \u00e4r s\u00e4rskilt utvecklad f\u00f6r mindre k\u00f6k eller k\u00f6k med begr\u00e4nsat utrymme. Enkel att anv\u00e4nda & lastningsh\u00f6jd p\u00e5 290 mm\",\"breadcrumb\":{\"@id\":\"https:\/\/www.electroluxprofessional.com\/se\/storkok\/neoblue-glasdiskmaskin\/#breadcrumb\"},\"inLanguage\":\"sv-SE\",\"potentialAction\":[{\"@type\":\"ReadAction\",\"target\":[\"https:\/\/www.electroluxprofessional.com\/se\/storkok\/neoblue-glasdiskmaskin\/\"]}]},{\"@type\":\"ImageObject\",\"inLanguage\":\"sv-SE\",\"@id\":\"https:\/\/www.electroluxprofessional.com\/se\/storkok\/neoblue-glasdiskmaskin\/#primaryimage\",\"url\":\"https:\/\/www.electroluxprofessional.com\/se\/wp-content\/uploads\/2024\/09\/glasswasher-600x600-1.jpg\",\"contentUrl\":\"https:\/\/www.electroluxprofessional.com\/se\/wp-content\/uploads\/2024\/09\/glasswasher-600x600-1.jpg\",\"width\":600,\"height\":600},{\"@type\":\"BreadcrumbList\",\"@id\":\"https:\/\/www.electroluxprofessional.com\/se\/storkok\/neoblue-glasdiskmaskin\/#breadcrumb\",\"itemListElement\":[{\"@type\":\"ListItem\",\"position\":1,\"name\":\"Home\",\"item\":\"https:\/\/www.electroluxprofessional.com\/se\/\"},{\"@type\":\"ListItem\",\"position\":2,\"name\":\"Stork\u00f6k\",\"item\":\"https:\/\/www.electroluxprofessional.com\/se\/storkok\/\"},{\"@type\":\"ListItem\",\"position\":3,\"name\":\"NeoBlue Glasdiskmaskin\"}]},{\"@type\":\"WebSite\",\"@id\":\"https:\/\/www.electroluxprofessional.com\/se\/#website\",\"url\":\"https:\/\/www.electroluxprofessional.com\/se\/\",\"name\":\"Electrolux Professional Sverige\",\"description\":\"\",\"potentialAction\":[{\"@type\":\"SearchAction\",\"target\":{\"@type\":\"EntryPoint\",\"urlTemplate\":\"https:\/\/www.electroluxprofessional.com\/se\/?src={search_term_string}\"},\"query-input\":\"required name=search_term_string\"}],\"inLanguage\":\"sv-SE\"}]}<\/script>\n<!-- \/ Yoast SEO plugin. -->","yoast_head_json":{"title":"NeoBlue Glasdiskmaskin - Electrolux Professional Sverige","description":"P\u00e5litlig glasdiskmaskin som \u00e4r s\u00e4rskilt utvecklad f\u00f6r mindre k\u00f6k eller k\u00f6k med begr\u00e4nsat utrymme. Enkel att anv\u00e4nda & lastningsh\u00f6jd p\u00e5 290 mm","robots":{"index":"index","follow":"follow","max-snippet":"max-snippet:-1","max-image-preview":"max-image-preview:large","max-video-preview":"max-video-preview:-1"},"canonical":"https:\/\/www.electroluxprofessional.com\/se\/storkok\/neoblue-glasdiskmaskin\/","og_locale":"sv_SE","og_type":"article","og_title":"NeoBlue Glasdiskmaskin - Electrolux Professional Sverige","og_description":"P\u00e5litlig glasdiskmaskin som \u00e4r s\u00e4rskilt utvecklad f\u00f6r mindre k\u00f6k eller k\u00f6k med begr\u00e4nsat utrymme. Enkel att anv\u00e4nda & lastningsh\u00f6jd p\u00e5 290 mm","og_url":"https:\/\/www.electroluxprofessional.com\/se\/storkok\/neoblue-glasdiskmaskin\/","og_site_name":"Electrolux Professional Sverige","article_modified_time":"2026-02-19T13:10:44+00:00","og_image":[{"width":600,"height":600,"url":"https:\/\/www.electroluxprofessional.com\/se\/wp-content\/uploads\/2024\/09\/glasswasher-600x600-1.jpg","type":"image\/jpeg"}],"twitter_card":"summary_large_image","twitter_misc":{"Ber\u00e4knad l\u00e4stid":"3 minuter"},"schema":{"@context":"https:\/\/schema.org","@graph":[{"@type":"WebPage","@id":"https:\/\/www.electroluxprofessional.com\/se\/storkok\/neoblue-glasdiskmaskin\/","url":"https:\/\/www.electroluxprofessional.com\/se\/storkok\/neoblue-glasdiskmaskin\/","name":"NeoBlue Glasdiskmaskin - Electrolux Professional Sverige","isPartOf":{"@id":"https:\/\/www.electroluxprofessional.com\/se\/#website"},"primaryImageOfPage":{"@id":"https:\/\/www.electroluxprofessional.com\/se\/storkok\/neoblue-glasdiskmaskin\/#primaryimage"},"image":{"@id":"https:\/\/www.electroluxprofessional.com\/se\/storkok\/neoblue-glasdiskmaskin\/#primaryimage"},"thumbnailUrl":"https:\/\/www.electroluxprofessional.com\/se\/wp-content\/uploads\/2024\/09\/glasswasher-600x600-1.jpg","datePublished":"2024-09-18T06:26:14+00:00","dateModified":"2026-02-19T13:10:44+00:00","description":"P\u00e5litlig glasdiskmaskin som \u00e4r s\u00e4rskilt utvecklad f\u00f6r mindre k\u00f6k eller k\u00f6k med begr\u00e4nsat utrymme. Enkel att anv\u00e4nda & lastningsh\u00f6jd p\u00e5 290 mm","breadcrumb":{"@id":"https:\/\/www.electroluxprofessional.com\/se\/storkok\/neoblue-glasdiskmaskin\/#breadcrumb"},"inLanguage":"sv-SE","potentialAction":[{"@type":"ReadAction","target":["https:\/\/www.electroluxprofessional.com\/se\/storkok\/neoblue-glasdiskmaskin\/"]}]},{"@type":"ImageObject","inLanguage":"sv-SE","@id":"https:\/\/www.electroluxprofessional.com\/se\/storkok\/neoblue-glasdiskmaskin\/#primaryimage","url":"https:\/\/www.electroluxprofessional.com\/se\/wp-content\/uploads\/2024\/09\/glasswasher-600x600-1.jpg","contentUrl":"https:\/\/www.electroluxprofessional.com\/se\/wp-content\/uploads\/2024\/09\/glasswasher-600x600-1.jpg","width":600,"height":600},{"@type":"BreadcrumbList","@id":"https:\/\/www.electroluxprofessional.com\/se\/storkok\/neoblue-glasdiskmaskin\/#breadcrumb","itemListElement":[{"@type":"ListItem","position":1,"name":"Home","item":"https:\/\/www.electroluxprofessional.com\/se\/"},{"@type":"ListItem","position":2,"name":"Stork\u00f6k","item":"https:\/\/www.electroluxprofessional.com\/se\/storkok\/"},{"@type":"ListItem","position":3,"name":"NeoBlue Glasdiskmaskin"}]},{"@type":"WebSite","@id":"https:\/\/www.electroluxprofessional.com\/se\/#website","url":"https:\/\/www.electroluxprofessional.com\/se\/","name":"Electrolux Professional Sverige","description":"","potentialAction":[{"@type":"SearchAction","target":{"@type":"EntryPoint","urlTemplate":"https:\/\/www.electroluxprofessional.com\/se\/?src={search_term_string}"},"query-input":"required name=search_term_string"}],"inLanguage":"sv-SE"}]}},"_links":{"self":[{"href":"https:\/\/www.electroluxprofessional.com\/se\/wp-json\/wp\/v2\/pages\/52205"}],"collection":[{"href":"https:\/\/www.electroluxprofessional.com\/se\/wp-json\/wp\/v2\/pages"}],"about":[{"href":"https:\/\/www.electroluxprofessional.com\/se\/wp-json\/wp\/v2\/types\/page"}],"author":[{"embeddable":true,"href":"https:\/\/www.electroluxprofessional.com\/se\/wp-json\/wp\/v2\/users\/242"}],"replies":[{"embeddable":true,"href":"https:\/\/www.electroluxprofessional.com\/se\/wp-json\/wp\/v2\/comments?post=52205"}],"version-history":[{"count":19,"href":"https:\/\/www.electroluxprofessional.com\/se\/wp-json\/wp\/v2\/pages\/52205\/revisions"}],"predecessor-version":[{"id":55610,"href":"https:\/\/www.electroluxprofessional.com\/se\/wp-json\/wp\/v2\/pages\/52205\/revisions\/55610"}],"up":[{"embeddable":true,"href":"https:\/\/www.electroluxprofessional.com\/se\/wp-json\/wp\/v2\/pages\/51186"}],"wp:featuredmedia":[{"embeddable":true,"href":"https:\/\/www.electroluxprofessional.com\/se\/wp-json\/wp\/v2\/media\/52164"}],"wp:attachment":[{"href":"https:\/\/www.electroluxprofessional.com\/se\/wp-json\/wp\/v2\/media?parent=52205"}],"curies":[{"name":"wp","href":"https:\/\/api.w.org\/{rel}","templated":true}]}}