{"id":52008,"date":"2024-09-04T15:12:07","date_gmt":"2024-09-04T14:12:07","guid":{"rendered":"https:\/\/www.electroluxprofessional.com\/se\/?page_id=52008"},"modified":"2025-02-13T11:42:33","modified_gmt":"2025-02-13T10:42:33","slug":"tvatt-serviceavtal-premium-excellence","status":"publish","type":"page","link":"https:\/\/www.electroluxprofessional.com\/se\/tvatt-serviceavtal-premium-excellence\/","title":{"rendered":"Serviceavtal Tv\u00e4tt Premium &#038; Excellence"},"content":{"rendered":"<p>[vc_row full_width=&#8221;electroluxpro-full-width-no-padding&#8221;][vc_column][elx_full_banner title=&#8221;Serviceavtal f\u00f6r professionell tv\u00e4tt&#8221; set_as_h1=&#8221;true&#8221; background_image_media_library=&#8221;52010&#8243; background_image_media_library_mobile=&#8221;52011&#8243; link=&#8221;url:%23kontakt|title:Kontakta%20oss%20f%C3%B6r%20r%C3%A5dgivning&#8221;][\/vc_column][\/vc_row][vc_row][vc_column][vc_empty_space][vc_empty_space][elx_heading font_size=&#8221;h3&#8243; text_color=&#8221;inherit&#8221;]Vilket serviceavtal passar din verksamhet?[\/elx_heading][vc_column_text]Med ett Essentia serviceavtal f\u00f6r professionell tv\u00e4tt har du till en fast kostnad ett l\u00f6pande underh\u00e5ll<strong>, v\u00e4lj mellan servicepaketen <a href=\"#premium\">Premium<\/a>, <a href=\"#excellence\">Excellence<\/a> och <a href=\"#performance\">Performance<\/a><\/strong>.[\/vc_column_text][vc_empty_space height=&#8221;50px&#8221;][\/vc_column][\/vc_row][vc_row el_id=&#8221;premium&#8221; css=&#8221;.vc_custom_1725460937050{background-color: #eeeeee !important;}&#8221;][vc_column width=&#8221;2\/3&#8243;][vc_empty_space el_id=&#8221;premium1&#8243;][elx_heading font_size=&#8221;h3&#8243; text_color=&#8221;electrolux-blue&#8221; text_align=&#8221;text-left&#8221; css=&#8221;.vc_custom_1725452182656{background-color: #041e41 !important;}&#8221;]Serviceavtal Premium[\/elx_heading][elx_heading font_container=&#8221;h5&#8243; text_color=&#8221;electrolux-blue&#8221;]5-\u00e5rigt avtal[\/elx_heading][\/vc_column][vc_column width=&#8221;1\/3&#8243;][vc_empty_space][\/vc_column][\/vc_row][vc_row css=&#8221;.vc_custom_1725460937050{background-color: #eeeeee !important;}&#8221;][vc_column width=&#8221;2\/3&#8243;][vc_empty_space][vc_column_text]<span style=\"color: #003366;\">Premium \u00e4r serviceavtal som l\u00f6per under fem \u00e5r och ser till att dina maskiner alltid \u00e4r i toppskick. Med Premium tar vi hand om allt det regelbundna underh\u00e5llet och ser till att maskinerna fungerar felfritt under hela avtalsperioden. En av de stora f\u00f6rdelarna med avtalet \u00e4r att du slipper oroa dig f\u00f6r ov\u00e4ntade underh\u00e5llskostnader under dessa fem \u00e5r. Det enda du beh\u00f6ver t\u00e4nka p\u00e5 \u00e4r att anv\u00e4nda maskinerna r\u00e4tt \u2013 om skador skulle uppst\u00e5 p\u00e5 grund av felaktigt handhavande t\u00e4cks de inte av avtalet. <\/span>[\/vc_column_text][vc_empty_space][elx_heading font_container=&#8221;h3&#8243; text_color=&#8221;electrolux-blue&#8221;]Detta ing\u00e5r i Premium[\/elx_heading][vc_column_text]<span style=\"color: #003366;\">\u25ba F\u00f6rebyggande underh\u00e5ll i enlighet med Electrolux Professionals servicehandbok<\/span><br \/>\n<span style=\"color: #003366;\">\u25ba Servicetillf\u00e4lle en g\u00e5ng per \u00e5r f\u00f6r tv\u00e4ttmaskiner, torktumlare och torksk\u00e5p samt kallmanglar<\/span><br \/>\n<span style=\"color: #003366;\">\u25ba F\u00f6rebyggande service tv\u00e5 g\u00e5nger per \u00e5r f\u00f6r v\u00e4rmepumpstorktumlare och stora varmmanglar<\/span><br \/>\n<span style=\"color: #003366;\">\u25ba Hepafilter p\u00e5 v\u00e4rmepumpstorktumlare byts ut vid servicetillf\u00e4llen<\/span><\/p>\n<p><span style=\"color: #003366;\">\u25ba Kostnadsfritt utbyte av slitdetaljer vid behov<\/span><br \/>\n<span style=\"color: #003366;\">\u25ba Prioriterad responstid<\/span><br \/>\n<span style=\"color: #003366;\">\u25ba Proaktiva service\u00e5tg\u00e4rder<\/span><br \/>\n<span style=\"color: #003366;\">\u25ba \u00c5terkoppling av eventuella handhavandefel<\/span><br \/>\n<span style=\"color: #003366;\">\u25ba Maskinstatusbed\u00f6mning enligt given kontrollpunktslista f\u00f6r att identifiera behov av eventuella reparationer<\/span><\/p>\n<p><span style=\"color: #003366;\">\u25ba Garanterad milj\u00f6optimering med ex genomg\u00e5ng av vattenbesparings\u00e5tg\u00e4rder<\/span><br \/>\n<span style=\"color: #003366;\">\u25ba L\u00e4gg upp din betalning med ett \u00e5rs f\u00f6rskottsbetalning i taget, alternativt betala f\u00f6r alla fem \u00e5ren direkt <\/span><br \/>\n<span style=\"color: #003366;\">\u25ba Erbjudande att teckna Excellence Serviceavtal efter avtalsperioden<\/span><br \/>\n<span style=\"color: #003366;\">\u25ba Vid periodvis betalning av avtalet kan \u00e4ven Svanenm\u00e4rkt tv\u00e4ttmedel fr\u00e5n Electrolux Professional inkluderas i till\u00e4gg<\/span>[\/vc_column_text][vc_empty_space][elx_button button_text=&#8221;Premium serviceavtal (PDF)&#8221; button_link=&#8221;url:https%3A%2F%2Fwww.electroluxprofessional.com%2Fse%2Fwp-content%2Fuploads%2F2024%2F08%2FOverview_Premium-Serviceavtal.pdf|target:_blank&#8221;][vc_empty_space height=&#8221;50px&#8221;][\/vc_column][vc_column width=&#8221;1\/3&#8243;][vc_empty_space height=&#8221;44px&#8221;][vc_single_image image=&#8221;52033&#8243; img_size=&#8221;full&#8221;][vc_empty_space height=&#8221;44px&#8221;][\/vc_column][\/vc_row][vc_row css=&#8221;.vc_custom_1725458540843{background-color: rgba(136,184,204,0.8) !important;*background-color: rgb(136,184,204) !important;}&#8221; el_id=&#8221;excellence&#8221;][vc_column width=&#8221;2\/3&#8243;][vc_empty_space el_id=&#8221;excellence1&#8243;][elx_heading font_size=&#8221;h3&#8243; text_color=&#8221;electrolux-blue&#8221; text_align=&#8221;text-left&#8221; css=&#8221;.vc_custom_1725457940041{background-color: #041e41 !important;}&#8221;]Serviceavtal Excellence[\/elx_heading][elx_heading font_container=&#8221;h5&#8243; text_color=&#8221;electrolux-blue&#8221;]Fullserviceavtal p\u00e5 10 eller 8 \u00e5r[\/elx_heading][\/vc_column][vc_column width=&#8221;1\/3&#8243;][vc_empty_space][\/vc_column][\/vc_row][vc_row css=&#8221;.vc_custom_1725458540843{background-color: rgba(136,184,204,0.8) !important;*background-color: rgb(136,184,204) !important;}&#8221;][vc_column width=&#8221;2\/3&#8243;][vc_empty_space][vc_column_text]<span style=\"color: #003366;\">Maskiner som f\u00e5r regelbundet underh\u00e5ll har \u00e4ven en l\u00e4ngre livstid. P\u00e5 sikt \u00e4r det mycket l\u00f6nsamt att ha ett Excellenceavtal kopplat till maskinerna. Excellenceavtalet \u00e4r ett fullserviceavtal vilket inneb\u00e4r att du inte kommer f\u00e5 ov\u00e4ntade kostnader utan i st\u00e4llet ett tryggt och bekymmersfritt \u00e4gande. Detta d\u00e5 Excellenceavtalet kopplas till en fast kostnad f\u00f6r hela avtalsperioden. Givetvis inneh\u00e5ller avtalet alla delarna i Premiumpaketet och ut\u00f6ver det ocks\u00e5 kostnadsfria \u00e5tg\u00e4rder, reservdelar, reparationer och service. <\/span>[\/vc_column_text][vc_empty_space][elx_heading font_container=&#8221;h3&#8243; text_color=&#8221;electrolux-blue&#8221;]Detta ing\u00e5r i Excellence[\/elx_heading][vc_column_text]<span style=\"color: #003366;\">\u25ba Alla delar av Premiumpaketet<\/span><br \/>\n<span style=\"color: #003366;\">\u25ba Fast kostnad f\u00f6r avtalet ger \u00f6versikt i den ekonomiska kalkylen<\/span><br \/>\n<span style=\"color: #003366;\">\u25ba Reservdelar byts kostnadsfritt vid behov<\/span><br \/>\n<span style=\"color: #003366;\">\u25ba M\u00f6jligheter till finansiering i samband med maskink\u00f6p<\/span><\/p>\n<p><span style=\"color: #003366;\">\u25ba Periodvis betalning av kostnaden kan \u00e4ven inkludera Svanenm\u00e4rkt tv\u00e4ttmedel fr\u00e5n Electrolux Professional<\/span><br \/>\n<span style=\"color: #003366;\">\u25ba Erbjudande att f\u00f6rl\u00e4nga Excellenceavtalet n\u00e4r avtalsperioden l\u00f6per ut<\/span><br \/>\n<span style=\"color: #003366;\">\u25ba Periodvis betalning av kostnaden kan \u00e4ven inkludera Electrolux Professionals tv\u00e4ttmedel<\/span>[\/vc_column_text][vc_empty_space][elx_button button_text=&#8221;Excellence serviceavtal (PDF)&#8221; button_link=&#8221;url:https%3A%2F%2Fwww.electroluxprofessional.com%2Fse%2Fwp-content%2Fuploads%2F2024%2F08%2FOverview_Excellence_Serviceavtal.pdf|target:_blank&#8221;][vc_empty_space height=&#8221;50px&#8221;][\/vc_column][vc_column width=&#8221;1\/3&#8243;][vc_empty_space height=&#8221;44px&#8221;][vc_single_image image=&#8221;52034&#8243; img_size=&#8221;full&#8221;][vc_empty_space][\/vc_column][\/vc_row][vc_row el_id=&#8221;performance&#8221; css=&#8221;.vc_custom_1739440452944{background-color: #eeeeee !important;}&#8221;][vc_column width=&#8221;2\/3&#8243;][vc_empty_space][elx_heading font_size=&#8221;h3&#8243; text_color=&#8221;electrolux-blue&#8221; text_align=&#8221;text-left&#8221; css=&#8221;.vc_custom_1739438936272{background-color: #041e41 !important;}&#8221;]Serviceavtal Performance[\/elx_heading][elx_heading font_container=&#8221;h5&#8243; text_color=&#8221;electrolux-blue&#8221;]1-\u00e5rigt avtal[\/elx_heading][\/vc_column][vc_column width=&#8221;1\/3&#8243;][vc_empty_space][\/vc_column][\/vc_row][vc_row css=&#8221;.vc_custom_1725460937050{background-color: #eeeeee !important;}&#8221;][vc_column width=&#8221;2\/3&#8243;][vc_empty_space][vc_column_text]<span style=\"color: #003366;\">Performance \u00e4r ett 1-\u00e5rigt avtal som inneb\u00e4r att du f\u00e5r regelbundet underh\u00e5ll p\u00e5 maskinen. Avtalet kan tecknas oavsett tid som maskinen har varit i drift. Med ett Performanceavtal blir oplanerade stillest\u00e5nd f\u00e4rre, du uppr\u00e4tth\u00e5ller eventuella garantivillkor och erh\u00e5ller optimal driftprestanda.<\/span><\/p>\n<p><span style=\"color: #003366;\">Ut\u00f6ver maskinens garantiperiod f\u00e5r du med detta avtal dessutom bes\u00f6k av en certifierad servicetekniker som utf\u00f6r f\u00f6rebyggande underh\u00e5ll i enlighet med Electrolux Professionals servicehandbok. F\u00f6rebyggande service ger produkterna m\u00f6jlighet att uppr\u00e4tth\u00e5lla ursprunglig prestanda. Certifierade servicetekniker ger ocks\u00e5 rekommendation p\u00e5 \u00e5tg\u00e4rder och tips p\u00e5 handhavande f\u00f6r att underh\u00e5lla utrustningen, s\u00e5 att den forts\u00e4tter vara i toppskick. Observera att du d\u00e5 detta avtal l\u00f6per ut inte kan teckna Premium- eller Excellenceavtal, utan d\u00e5 m\u00e5ste forts\u00e4tta med ett\u00e5rsavtal.<br \/>\n<\/span>[\/vc_column_text][vc_empty_space][elx_heading font_container=&#8221;h3&#8243; text_color=&#8221;electrolux-blue&#8221;]Detta ing\u00e5r i Performance[\/elx_heading][vc_column_text]<span style=\"color: #003366;\">\u25ba F\u00f6rebyggande underh\u00e5ll i enlighet med Electrolux Professionals servicehandbok<br \/>\n\u25ba Proaktiva byten av slitdetaljer<\/span><br \/>\n<span style=\"color: #003366;\">\u25ba Statusbed\u00f6mning \u2013 teknikern arbetar efter en lista med kontrollpunkter<\/span><br \/>\n<span style=\"color: #003366;\">\u25ba Rekommendation p\u00e5 eventuella reparationsbehov och andra \u00e5tg\u00e4rder<\/span><br \/>\n<span style=\"color: #003366;\">\u25ba \u00c5terkoppling av eventuella handhavandefel<\/span>[\/vc_column_text][vc_empty_space][elx_button button_text=&#8221;Performance serviceavtal (PDF)&#8221; button_link=&#8221;url:https%3A%2F%2Fwww.electroluxprofessional.com%2Fse%2Fwp-content%2Fuploads%2F2025%2F02%2FPerformance_OnePage_1.pdf|target:_blank&#8221;][vc_empty_space height=&#8221;50px&#8221;][\/vc_column][vc_column width=&#8221;1\/3&#8243;][vc_empty_space height=&#8221;44px&#8221;][vc_single_image image=&#8221;53103&#8243; img_size=&#8221;full&#8221;][vc_empty_space height=&#8221;44px&#8221;][\/vc_column][\/vc_row][vc_row][vc_column][vc_empty_space][\/vc_column][\/vc_row][vc_row][vc_column width=&#8221;1\/6&#8243;][vc_empty_space][\/vc_column][vc_column width=&#8221;2\/6&#8243;][elx_heading font_size=&#8221;h2&#8243; text_color=&#8221;inherit&#8221;]V\u00e5rt servicekoncept Essentia[\/elx_heading][vc_column_text]Vi tar hand om din utrustning s\u00e5 att du kan ta hand om din verksamhet! Ladda ner broschyren f\u00f6r en \u00f6versikt \u00f6ver Essentia serviceavtal.[\/vc_column_text][vc_empty_space][\/vc_column][vc_column width=&#8221;2\/6&#8243;][vc_empty_space][vc_empty_space][vc_single_image image=&#8221;51964&#8243; alignment=&#8221;center&#8221;][\/vc_column][vc_column width=&#8221;1\/6&#8243;][vc_empty_space][\/vc_column][\/vc_row][vc_row][vc_column width=&#8221;1\/6&#8243;][vc_empty_space][\/vc_column][vc_column width=&#8221;2\/3&#8243;][vc_empty_space][elx_download_block text=&#8221;Serviceavtal broschyr&#8221; link=&#8221;https:\/\/www.electroluxprofessional.com\/se\/wp-content\/uploads\/2024\/07\/Essentia_Broschyr_8sid_240709.pdf&#8221; background_color=&#8221;electrolux-blue&#8221;][vc_empty_space][\/vc_column][vc_column width=&#8221;1\/6&#8243;][vc_empty_space][\/vc_column][\/vc_row][vc_row el_id=&#8221;kontakt&#8221;][vc_column][vc_empty_space][elx_heading font_size=&#8221;h3&#8243; text_color=&#8221;inherit&#8221; text_align=&#8221;text-center&#8221;]Kontakta oss f\u00f6r r\u00e5dgivning om serviceavtal![\/elx_heading][vc_empty_space][elx_o2000_contact_us s=&#8221;Jag vill ha mer inormation om Essentia Serviceavtal&#8221; country=&#8221;Sweden&#8221; b=&#8221;laundry&#8221; container=&#8221;elxcontactus1484293813&#8243; r=&#8221;Jag vill veta mer om Essentia serviceavtal. V\u00e4nligen kontakta mig.&#8221; l=&#8221;se&#8221;][\/vc_column][\/vc_row][vc_row][vc_column][vc_empty_space][elx_heading font_size=&#8221;h3&#8243; text_color=&#8221;inherit&#8221;]Du kanske ocks\u00e5 \u00e4r intresserad av&#8230;[\/elx_heading][vc_empty_space][\/vc_column][\/vc_row][vc_row][vc_column width=&#8221;1\/3&#8243;][elx_maylike_box id_box=&#8221;2788&#8243;][\/vc_column][vc_column width=&#8221;1\/3&#8243;][elx_maylike_box id_box=&#8221;10150&#8243;][\/vc_column][vc_column width=&#8221;1\/3&#8243;][elx_maylike_box id_box=&#8221;19687&#8243;][\/vc_column][\/vc_row]<\/p>\n","protected":false},"excerpt":{"rendered":"<p>[vc_row full_width=&#8221;electroluxpro-full-width-no-padding&#8221;][vc_column][elx_full_banner title=&#8221;Serviceavtal f\u00f6r professionell tv\u00e4tt&#8221; set_as_h1=&#8221;true&#8221; background_image_media_library=&#8221;52010&#8243; background_image_media_library_mobile=&#8221;52011&#8243; link=&#8221;url:%23kontakt|title:Kontakta%20oss%20f%C3%B6r%20r%C3%A5dgivning&#8221;][\/vc_column][\/vc_row][vc_row][vc_column][vc_empty_space][vc_empty_space][elx_heading font_size=&#8221;h3&#8243; text_color=&#8221;inherit&#8221;]Vilket serviceavtal passar din verksamhet?[\/elx_heading][vc_column_text]Med ett Essentia serviceavtal f\u00f6r professionell tv\u00e4tt har du till en fast kostnad ett l\u00f6pande underh\u00e5ll, v\u00e4lj mellan servicepaketen Premium, Excellence och Performance.[\/vc_column_text][vc_empty_space height=&#8221;50px&#8221;][\/vc_column][\/vc_row][vc_row el_id=&#8221;premium&#8221; css=&#8221;.vc_custom_1725460937050{background-color: #eeeeee !important;}&#8221;][vc_column width=&#8221;2\/3&#8243;][vc_empty_space el_id=&#8221;premium1&#8243;][elx_heading font_size=&#8221;h3&#8243; text_color=&#8221;electrolux-blue&#8221; text_align=&#8221;text-left&#8221; css=&#8221;.vc_custom_1725452182656{background-color: #041e41 !important;}&#8221;]Serviceavtal Premium[\/elx_heading][elx_heading font_container=&#8221;h5&#8243; text_color=&#8221;electrolux-blue&#8221;]5-\u00e5rigt avtal[\/elx_heading][\/vc_column][vc_column [&hellip;]<\/p>\n","protected":false},"author":174,"featured_media":52031,"parent":0,"menu_order":0,"comment_status":"closed","ping_status":"closed","template":"","meta":{"footnotes":""},"class_list":["post-52008","page","type-page","status-publish","has-post-thumbnail","hentry"],"acf":[],"yoast_head":"<!-- This site is optimized with the Yoast SEO plugin v23.3 - https:\/\/yoast.com\/wordpress\/plugins\/seo\/ -->\n<title>Serviceavtal Tv\u00e4tt Premium &amp; Excellence - Electrolux Professional Sverige<\/title>\n<meta name=\"description\" content=\"Electrolux Professional erbjuder skr\u00e4ddarsydda serviceavtal f\u00f6r din tv\u00e4ttutrustning. L\u00e4s mer om Essentia serviceavtal Premium och Excellence.\" \/>\n<meta name=\"robots\" content=\"index, follow, max-snippet:-1, max-image-preview:large, max-video-preview:-1\" \/>\n<link rel=\"canonical\" href=\"https:\/\/www.electroluxprofessional.com\/se\/tvatt-serviceavtal-premium-excellence\/\" \/>\n<meta property=\"og:locale\" content=\"sv_SE\" \/>\n<meta property=\"og:type\" content=\"article\" \/>\n<meta property=\"og:title\" content=\"Serviceavtal Tv\u00e4tt Premium &amp; Excellence - Electrolux Professional Sverige\" \/>\n<meta property=\"og:description\" content=\"Electrolux Professional erbjuder skr\u00e4ddarsydda serviceavtal f\u00f6r din tv\u00e4ttutrustning. L\u00e4s mer om Essentia serviceavtal Premium och Excellence.\" \/>\n<meta property=\"og:url\" content=\"https:\/\/www.electroluxprofessional.com\/se\/tvatt-serviceavtal-premium-excellence\/\" \/>\n<meta property=\"og:site_name\" content=\"Electrolux Professional Sverige\" \/>\n<meta property=\"article:modified_time\" content=\"2025-02-13T10:42:33+00:00\" \/>\n<meta property=\"og:image\" content=\"https:\/\/www.electroluxprofessional.com\/se\/wp-content\/uploads\/2024\/09\/EPRSE_serviceavtal_premium_excellence_utvald.jpg\" \/>\n\t<meta property=\"og:image:width\" content=\"750\" \/>\n\t<meta property=\"og:image:height\" content=\"500\" \/>\n\t<meta property=\"og:image:type\" content=\"image\/jpeg\" \/>\n<meta name=\"twitter:card\" content=\"summary_large_image\" \/>\n<meta name=\"twitter:label1\" content=\"Ber\u00e4knad l\u00e4stid\" \/>\n\t<meta name=\"twitter:data1\" content=\"6 minuter\" \/>\n<script type=\"application\/ld+json\" class=\"yoast-schema-graph\">{\"@context\":\"https:\/\/schema.org\",\"@graph\":[{\"@type\":\"WebPage\",\"@id\":\"https:\/\/www.electroluxprofessional.com\/se\/tvatt-serviceavtal-premium-excellence\/\",\"url\":\"https:\/\/www.electroluxprofessional.com\/se\/tvatt-serviceavtal-premium-excellence\/\",\"name\":\"Serviceavtal Tv\u00e4tt Premium & Excellence - Electrolux Professional Sverige\",\"isPartOf\":{\"@id\":\"https:\/\/www.electroluxprofessional.com\/se\/#website\"},\"primaryImageOfPage\":{\"@id\":\"https:\/\/www.electroluxprofessional.com\/se\/tvatt-serviceavtal-premium-excellence\/#primaryimage\"},\"image\":{\"@id\":\"https:\/\/www.electroluxprofessional.com\/se\/tvatt-serviceavtal-premium-excellence\/#primaryimage\"},\"thumbnailUrl\":\"https:\/\/www.electroluxprofessional.com\/se\/wp-content\/uploads\/2024\/09\/EPRSE_serviceavtal_premium_excellence_utvald.jpg\",\"datePublished\":\"2024-09-04T14:12:07+00:00\",\"dateModified\":\"2025-02-13T10:42:33+00:00\",\"description\":\"Electrolux Professional erbjuder skr\u00e4ddarsydda serviceavtal f\u00f6r din tv\u00e4ttutrustning. L\u00e4s mer om Essentia serviceavtal Premium och Excellence.\",\"breadcrumb\":{\"@id\":\"https:\/\/www.electroluxprofessional.com\/se\/tvatt-serviceavtal-premium-excellence\/#breadcrumb\"},\"inLanguage\":\"sv-SE\",\"potentialAction\":[{\"@type\":\"ReadAction\",\"target\":[\"https:\/\/www.electroluxprofessional.com\/se\/tvatt-serviceavtal-premium-excellence\/\"]}]},{\"@type\":\"ImageObject\",\"inLanguage\":\"sv-SE\",\"@id\":\"https:\/\/www.electroluxprofessional.com\/se\/tvatt-serviceavtal-premium-excellence\/#primaryimage\",\"url\":\"https:\/\/www.electroluxprofessional.com\/se\/wp-content\/uploads\/2024\/09\/EPRSE_serviceavtal_premium_excellence_utvald.jpg\",\"contentUrl\":\"https:\/\/www.electroluxprofessional.com\/se\/wp-content\/uploads\/2024\/09\/EPRSE_serviceavtal_premium_excellence_utvald.jpg\",\"width\":750,\"height\":500},{\"@type\":\"BreadcrumbList\",\"@id\":\"https:\/\/www.electroluxprofessional.com\/se\/tvatt-serviceavtal-premium-excellence\/#breadcrumb\",\"itemListElement\":[{\"@type\":\"ListItem\",\"position\":1,\"name\":\"Home\",\"item\":\"https:\/\/www.electroluxprofessional.com\/se\/\"},{\"@type\":\"ListItem\",\"position\":2,\"name\":\"Serviceavtal Tv\u00e4tt Premium &#038; Excellence\"}]},{\"@type\":\"WebSite\",\"@id\":\"https:\/\/www.electroluxprofessional.com\/se\/#website\",\"url\":\"https:\/\/www.electroluxprofessional.com\/se\/\",\"name\":\"Electrolux Professional Sverige\",\"description\":\"\",\"potentialAction\":[{\"@type\":\"SearchAction\",\"target\":{\"@type\":\"EntryPoint\",\"urlTemplate\":\"https:\/\/www.electroluxprofessional.com\/se\/?src={search_term_string}\"},\"query-input\":\"required name=search_term_string\"}],\"inLanguage\":\"sv-SE\"}]}<\/script>\n<!-- \/ Yoast SEO plugin. -->","yoast_head_json":{"title":"Serviceavtal Tv\u00e4tt Premium & Excellence - Electrolux Professional Sverige","description":"Electrolux Professional erbjuder skr\u00e4ddarsydda serviceavtal f\u00f6r din tv\u00e4ttutrustning. L\u00e4s mer om Essentia serviceavtal Premium och Excellence.","robots":{"index":"index","follow":"follow","max-snippet":"max-snippet:-1","max-image-preview":"max-image-preview:large","max-video-preview":"max-video-preview:-1"},"canonical":"https:\/\/www.electroluxprofessional.com\/se\/tvatt-serviceavtal-premium-excellence\/","og_locale":"sv_SE","og_type":"article","og_title":"Serviceavtal Tv\u00e4tt Premium & Excellence - Electrolux Professional Sverige","og_description":"Electrolux Professional erbjuder skr\u00e4ddarsydda serviceavtal f\u00f6r din tv\u00e4ttutrustning. L\u00e4s mer om Essentia serviceavtal Premium och Excellence.","og_url":"https:\/\/www.electroluxprofessional.com\/se\/tvatt-serviceavtal-premium-excellence\/","og_site_name":"Electrolux Professional Sverige","article_modified_time":"2025-02-13T10:42:33+00:00","og_image":[{"width":750,"height":500,"url":"https:\/\/www.electroluxprofessional.com\/se\/wp-content\/uploads\/2024\/09\/EPRSE_serviceavtal_premium_excellence_utvald.jpg","type":"image\/jpeg"}],"twitter_card":"summary_large_image","twitter_misc":{"Ber\u00e4knad l\u00e4stid":"6 minuter"},"schema":{"@context":"https:\/\/schema.org","@graph":[{"@type":"WebPage","@id":"https:\/\/www.electroluxprofessional.com\/se\/tvatt-serviceavtal-premium-excellence\/","url":"https:\/\/www.electroluxprofessional.com\/se\/tvatt-serviceavtal-premium-excellence\/","name":"Serviceavtal Tv\u00e4tt Premium & Excellence - Electrolux Professional Sverige","isPartOf":{"@id":"https:\/\/www.electroluxprofessional.com\/se\/#website"},"primaryImageOfPage":{"@id":"https:\/\/www.electroluxprofessional.com\/se\/tvatt-serviceavtal-premium-excellence\/#primaryimage"},"image":{"@id":"https:\/\/www.electroluxprofessional.com\/se\/tvatt-serviceavtal-premium-excellence\/#primaryimage"},"thumbnailUrl":"https:\/\/www.electroluxprofessional.com\/se\/wp-content\/uploads\/2024\/09\/EPRSE_serviceavtal_premium_excellence_utvald.jpg","datePublished":"2024-09-04T14:12:07+00:00","dateModified":"2025-02-13T10:42:33+00:00","description":"Electrolux Professional erbjuder skr\u00e4ddarsydda serviceavtal f\u00f6r din tv\u00e4ttutrustning. L\u00e4s mer om Essentia serviceavtal Premium och Excellence.","breadcrumb":{"@id":"https:\/\/www.electroluxprofessional.com\/se\/tvatt-serviceavtal-premium-excellence\/#breadcrumb"},"inLanguage":"sv-SE","potentialAction":[{"@type":"ReadAction","target":["https:\/\/www.electroluxprofessional.com\/se\/tvatt-serviceavtal-premium-excellence\/"]}]},{"@type":"ImageObject","inLanguage":"sv-SE","@id":"https:\/\/www.electroluxprofessional.com\/se\/tvatt-serviceavtal-premium-excellence\/#primaryimage","url":"https:\/\/www.electroluxprofessional.com\/se\/wp-content\/uploads\/2024\/09\/EPRSE_serviceavtal_premium_excellence_utvald.jpg","contentUrl":"https:\/\/www.electroluxprofessional.com\/se\/wp-content\/uploads\/2024\/09\/EPRSE_serviceavtal_premium_excellence_utvald.jpg","width":750,"height":500},{"@type":"BreadcrumbList","@id":"https:\/\/www.electroluxprofessional.com\/se\/tvatt-serviceavtal-premium-excellence\/#breadcrumb","itemListElement":[{"@type":"ListItem","position":1,"name":"Home","item":"https:\/\/www.electroluxprofessional.com\/se\/"},{"@type":"ListItem","position":2,"name":"Serviceavtal Tv\u00e4tt Premium &#038; Excellence"}]},{"@type":"WebSite","@id":"https:\/\/www.electroluxprofessional.com\/se\/#website","url":"https:\/\/www.electroluxprofessional.com\/se\/","name":"Electrolux Professional Sverige","description":"","potentialAction":[{"@type":"SearchAction","target":{"@type":"EntryPoint","urlTemplate":"https:\/\/www.electroluxprofessional.com\/se\/?src={search_term_string}"},"query-input":"required name=search_term_string"}],"inLanguage":"sv-SE"}]}},"_links":{"self":[{"href":"https:\/\/www.electroluxprofessional.com\/se\/wp-json\/wp\/v2\/pages\/52008"}],"collection":[{"href":"https:\/\/www.electroluxprofessional.com\/se\/wp-json\/wp\/v2\/pages"}],"about":[{"href":"https:\/\/www.electroluxprofessional.com\/se\/wp-json\/wp\/v2\/types\/page"}],"author":[{"embeddable":true,"href":"https:\/\/www.electroluxprofessional.com\/se\/wp-json\/wp\/v2\/users\/174"}],"replies":[{"embeddable":true,"href":"https:\/\/www.electroluxprofessional.com\/se\/wp-json\/wp\/v2\/comments?post=52008"}],"version-history":[{"count":46,"href":"https:\/\/www.electroluxprofessional.com\/se\/wp-json\/wp\/v2\/pages\/52008\/revisions"}],"predecessor-version":[{"id":53105,"href":"https:\/\/www.electroluxprofessional.com\/se\/wp-json\/wp\/v2\/pages\/52008\/revisions\/53105"}],"wp:featuredmedia":[{"embeddable":true,"href":"https:\/\/www.electroluxprofessional.com\/se\/wp-json\/wp\/v2\/media\/52031"}],"wp:attachment":[{"href":"https:\/\/www.electroluxprofessional.com\/se\/wp-json\/wp\/v2\/media?parent=52008"}],"curies":[{"name":"wp","href":"https:\/\/api.w.org\/{rel}","templated":true}]}}