{"id":51624,"date":"2024-07-10T17:39:11","date_gmt":"2024-07-10T16:39:11","guid":{"rendered":"https:\/\/www.electroluxprofessional.com\/se\/?page_id=51624"},"modified":"2025-02-13T11:11:05","modified_gmt":"2025-02-13T10:11:05","slug":"serviceavtal-professionell-tvatt","status":"publish","type":"page","link":"https:\/\/www.electroluxprofessional.com\/se\/serviceavtal-professionell-tvatt\/","title":{"rendered":"Serviceavtal Tv\u00e4tt"},"content":{"rendered":"<p>[vc_row full_width=&#8221;electroluxpro-full-width-no-padding&#8221;][vc_column][elx_full_banner title=&#8221;Smart ekonomi med Serviceavtal&#8221; background_image_media_library=&#8221;51627&#8243; background_image_media_library_mobile=&#8221;51628&#8243; link=&#8221;url:%23kontakt|title:Kontakta%20oss%20f%C3%B6r%20r%C3%A5dgivning&#8221;][\/vc_column][\/vc_row][vc_row][vc_column][vc_empty_space][vc_empty_space][elx_heading font_size=&#8221;h3&#8243; text_color=&#8221;inherit&#8221;]Ta hand om din utrustning och f\u00f6rebygg akuta driftstopp[\/elx_heading][vc_column_text]Hur kan du s\u00e4kerst\u00e4lla att maskinparken i tv\u00e4ttstugan alltid presterar som den ska? F\u00f6r det f\u00f6rsta ska tv\u00e4tten bli ren och f\u00f6r det andra ska vatten- och elf\u00f6rbrukningen h\u00e5llas s\u00e5 l\u00e5g som m\u00f6jligt. Inte minst &#8211; <strong>driftstoppen ska i st\u00f6rsta m\u00f6jliga m\u00e5n uteslutas.<\/strong><\/p>\n<p>Med ett Essentia serviceavtal f\u00f6r professionell tv\u00e4tt har du till en fast kostnad ett l\u00f6pande underh\u00e5ll<strong>, vilket f\u00f6renklar din ekonomiska planering<\/strong>.[\/vc_column_text][vc_empty_space height=&#8221;50px&#8221;][vc_empty_space height=&#8221;50px&#8221;][\/vc_column][\/vc_row][vc_row content_placement=&#8221;middle&#8221; css=&#8221;.vc_custom_1726228140199{background-color: rgba(136,184,204,0.8) !important;*background-color: rgb(136,184,204) !important;}&#8221;][vc_column][vc_empty_space][elx_heading font_size=&#8221;h3&#8243; text_color=&#8221;electrolux-blue&#8221; text_align=&#8221;text-center&#8221; css=&#8221;.vc_custom_1724391864645{background-color: #041e41 !important;}&#8221;]F\u00f6rdelar med serviceavtal[\/elx_heading][\/vc_column][\/vc_row][vc_row content_placement=&#8221;middle&#8221; css=&#8221;.vc_custom_1726228031428{background-color: rgba(136,184,204,0.8) !important;*background-color: rgb(136,184,204) !important;}&#8221;][vc_column width=&#8221;1\/3&#8243; content_position=&#8221;center&#8221;][vc_empty_space][elx_icons icon_size=&#8221;elx-icon-medium&#8221; icon_electroluxpro=&#8221;elx-icon icon-circle-settings-blue&#8221;][elx_heading font_container=&#8221;h3&#8243; text_color=&#8221;inherit&#8221; text_align=&#8221;text-center&#8221;]Regelbunden \u00f6versyn [\/elx_heading][vc_column_text]<\/p>\n<p style=\"text-align: center;\">Vi ser \u00f6ver din utrustning med j\u00e4mna mellanrum f\u00f6r att garantera dess optimala funktion.<\/p>\n<p>[\/vc_column_text][vc_empty_space][\/vc_column][vc_column width=&#8221;1\/3&#8243; content_position=&#8221;center&#8221;][vc_empty_space][elx_icons icon_size=&#8221;elx-icon-medium&#8221; icon_electroluxpro=&#8221;elx-icon icon-circle-time-hand-blue&#8221;][elx_heading font_container=&#8221;h3&#8243; text_color=&#8221;inherit&#8221; text_align=&#8221;text-center&#8221;]F\u00f6rebyggande \u00e5tg\u00e4rder[\/elx_heading][vc_column_text]<\/p>\n<p style=\"text-align: center;\">Vi h\u00e5ller koll p\u00e5 n\u00e4r det \u00e4r dags f\u00f6r underh\u00e5ll och d\u00e5 byter vi ut slitna delar med original reservdelar.<\/p>\n<p>[\/vc_column_text][vc_empty_space][\/vc_column][vc_column width=&#8221;1\/3&#8243;][vc_empty_space css=&#8221;.vc_custom_1720617697271{margin-right: -50px !important;margin-left: -50px !important;}&#8221;][elx_icons icon_size=&#8221;elx-icon-medium&#8221; icon_electroluxpro=&#8221;elx-icon icon-circle-savings-blue&#8221;][elx_heading font_container=&#8221;h3&#8243; text_color=&#8221;inherit&#8221; text_align=&#8221;text-center&#8221;]L\u00f6nsam investering p\u00e5 sikt[\/elx_heading][vc_column_text]<\/p>\n<p style=\"text-align: center;\">Du f\u00e5r mer pengar i pl\u00e5nboken n\u00e4r det \u00e4r f\u00e4rre antal driftstopp med kostsamma akutservice som f\u00f6ljd.<\/p>\n<p>[\/vc_column_text][vc_empty_space][\/vc_column][\/vc_row][vc_row css=&#8221;.vc_custom_1724340094092{background-color: rgba(136,184,204,0.8) !important;*background-color: rgb(136,184,204) !important;}&#8221;][vc_column][vc_empty_space height=&#8221;50px&#8221;][\/vc_column][\/vc_row][vc_row][vc_column width=&#8221;1\/4&#8243;][vc_empty_space][\/vc_column][vc_column width=&#8221;1\/2&#8243;][vc_empty_space][\/vc_column][vc_column width=&#8221;1\/4&#8243;][vc_empty_space][\/vc_column][\/vc_row][vc_row][vc_column width=&#8221;1\/3&#8243;][elx_heading font_container=&#8221;h3&#8243; font_size=&#8221;h2&#8243; text_color=&#8221;inherit&#8221;]Se filmen om Essentia serviceavtal[\/elx_heading][vc_empty_space][vc_column_text]Hur kan du s\u00e4kerst\u00e4lla att maskinparken i tv\u00e4ttstugan alltid fungerar som den ska? Den gemensamma tv\u00e4ttstugan \u00e4r ofta en central resurs som ber\u00f6r m\u00e5nga av de boende och d\u00e4rf\u00f6r \u00e4r det viktigt att maskinerna \u00e4r v\u00e4lfungerande. Investera i ett serviceavtal f\u00f6r professionell tv\u00e4tt!<\/p>\n<p><strong>Se filmen om Essentia &gt;&gt;<\/strong>[\/vc_column_text][vc_empty_space][\/vc_column][vc_column width=&#8221;2\/3&#8243;][vc_empty_space][vc_column_text]<iframe loading=\"lazy\" title=\"YouTube video player\" src=\"https:\/\/www.youtube.com\/embed\/ZrP9IlHiiig?si=4mTr--iMI8vDJaBn\" width=\"728\" height=\"410\" frameborder=\"0\" allowfullscreen=\"allowfullscreen\"><span data-mce-type=\"bookmark\" style=\"display: inline-block; width: 0px; overflow: hidden; line-height: 0;\" class=\"mce_SELRES_start\">\ufeff<\/span><\/iframe>[\/vc_column_text][vc_empty_space][\/vc_column][\/vc_row][vc_row css=&#8221;.vc_custom_1724395247727{background-color: #eeeeee !important;}&#8221;][vc_column][vc_empty_space][elx_heading font_size=&#8221;h3&#8243; text_color=&#8221;electrolux-blue&#8221; text_align=&#8221;text-left&#8221; css=&#8221;.vc_custom_1720726837397{background-color: #041e41 !important;}&#8221;]Investera i ett serviceavtal f\u00f6r din tv\u00e4ttutrustning[\/elx_heading][vc_column_text]<span style=\"color: #ffffff;\"><br \/>\n<span style=\"color: #003366;\">Med v\u00e5rt Essentia serviceavtal f\u00f6r tv\u00e4tt ser vi till att utrustningens prestanda, tillg\u00e4nglighet och s\u00e4kerhet bibeh\u00e5lls, i sin tur maximeras livsl\u00e4ngden s\u00e5v\u00e4l som l\u00f6nsamheten.<\/span><br \/>\n<\/span>[\/vc_column_text][\/vc_column][\/vc_row][vc_row css=&#8221;.vc_custom_1724395258201{background-color: #eeeeee !important;}&#8221;][vc_column width=&#8221;1\/3&#8243;][vc_empty_space][elx_heading font_container=&#8221;h3&#8243; text_color=&#8221;electrolux-blue&#8221;]Servicepaket Premium[\/elx_heading][vc_column_text]<span style=\"color: #003366;\">\u25ba 5 \u00e5rs serviceavtal<\/span><br \/>\n<span style=\"color: #003366;\">\u25ba Kontinuerlig service<\/span><br \/>\n<span style=\"color: #003366;\">\u25ba F\u00f6rebyggande underh\u00e5ll<\/span><span style=\"color: #ffffff;\"><br \/>\n<\/span>[\/vc_column_text][vc_empty_space][elx_button button_text=&#8221;Uppt\u00e4ck Premium&#8221; button_link=&#8221;url:%2Fse%2Ftvatt-serviceavtal-premium-excellence%23premium1&#8243;][vc_empty_space height=&#8221;50px&#8221;][\/vc_column][vc_column width=&#8221;1\/3&#8243;][vc_empty_space][elx_heading font_container=&#8221;h3&#8243; text_color=&#8221;electrolux-blue&#8221;]Servicepaket Excellence[\/elx_heading][vc_column_text]<span style=\"color: #ffffff;\"><span style=\"color: #003366;\">\u25ba 8 eller 10 \u00e5rs fullserviceavtal<\/span><br \/>\n<span style=\"color: #003366;\">\u25ba Bekymmersfritt \u00e4gande<\/span><br \/>\n<span style=\"color: #003366;\">\u25ba Fast kostnad f\u00f6r hela avtalsperioden<\/span><br \/>\n<\/span>[\/vc_column_text][vc_empty_space][elx_button button_text=&#8221;Uppt\u00e4ck Excellence&#8221; button_link=&#8221;url:%2Fse%2Ftvatt-serviceavtal-premium-excellence%23excellence1&#8243;][vc_empty_space height=&#8221;50px&#8221;][\/vc_column][vc_column width=&#8221;1\/3&#8243;][vc_empty_space][elx_heading font_container=&#8221;h3&#8243; text_color=&#8221;electrolux-blue&#8221;]Servicepaket Performance[\/elx_heading][vc_column_text]<span style=\"color: #ffffff;\"><span style=\"color: #003366;\">\u25ba 1 \u00e5rs serviceavtal<\/span><br \/>\n<span style=\"color: #003366;\">\u25ba Kontinuerlig service<\/span><br \/>\n<span style=\"color: #003366;\">\u25ba F\u00f6rebyggande underh\u00e5ll<\/span><br \/>\n<\/span>[\/vc_column_text][vc_empty_space][elx_button button_text=&#8221;Uppt\u00e4ck Performance&#8221; button_link=&#8221;url:%2Fse%2Ftvatt-serviceavtal-premium-excellence%23performance&#8221;][vc_empty_space height=&#8221;50px&#8221;][\/vc_column][\/vc_row][vc_row css=&#8221;.vc_custom_1724395258201{background-color: #eeeeee !important;}&#8221;][vc_column][vc_single_image image=&#8221;51964&#8243; alignment=&#8221;center&#8221;][vc_empty_space][vc_empty_space][\/vc_column][\/vc_row][vc_row][vc_column width=&#8221;1\/2&#8243;][vc_empty_space][elx_heading font_size=&#8221;h2&#8243; text_color=&#8221;inherit&#8221;]F\u00f6rebyggande insatser[\/elx_heading][vc_column_text]\u00d6ka livsl\u00e4ngden p\u00e5 produkterna genom ett f\u00f6rebyggande underh\u00e5ll av tv\u00e4tt- och torkutrustningen.<\/p>\n<p>Vid planering av ny tv\u00e4ttstuga \u00e4r det viktigt att t\u00e4nka p\u00e5 att inte underdimensionera och samtidigt s\u00e4kerst\u00e4lla en god ventilation. Att byta ut \u00e4ldre maskiner till nya med l\u00e5genergiteknik ger definitivt stora kostnadsbesparingar.[\/vc_column_text][vc_empty_space][elx_button button_text=&#8221;L\u00e4s mer&#8221; button_link=&#8221;url:https%3A%2F%2Fwww.electroluxprofessional.com%2Fse%2Ffordelar-med-service%2F&#8221;][vc_empty_space][elx_heading font_size=&#8221;h2&#8243; text_color=&#8221;inherit&#8221;]Alltid en servicetekniker n\u00e4ra dig[\/elx_heading][vc_column_text]Totalt har vi 27 st egna servicetekniker som vi kontinuerligt utbildar. D\u00e4rtill har vi ett rikst\u00e4ckande servicen\u00e4tverk med ca 210 av Electrolux Professional utbildade och certifierad servicetekniker som alla \u00e4r knutna till v\u00e5ra 40 auktoriserade \u00e5terf\u00f6rs\u00e4ljare. Vi t\u00e4cker hela Sverige och \u00e4r d\u00e4rf\u00f6r snabbt vara p\u00e5 plats n\u00e4r det beh\u00f6vs.[\/vc_column_text][vc_empty_space][elx_button button_text=&#8221;Hitta din n\u00e4rmaste servicetekniker&#8221; button_link=&#8221;url:https%3A%2F%2Fwww.electroluxprofessional.com%2Fse%2Fsales-service-locator%2F|title:HItta%20servicetekniker&#8221;][vc_empty_space][\/vc_column][vc_column width=&#8221;1\/2&#8243;][vc_empty_space][vc_single_image image=&#8221;51606&#8243; img_size=&#8221;full&#8221;][vc_empty_space][elx_download_block text=&#8221;Serviceavtal broschyr&#8221; link=&#8221;https:\/\/www.electroluxprofessional.com\/se\/wp-content\/uploads\/2024\/07\/Essentia_Broschyr_8sid_240709.pdf&#8221; background_color=&#8221;electrolux-blue&#8221;][vc_empty_space][\/vc_column][\/vc_row][vc_row][vc_column width=&#8221;1\/2&#8243;][vc_empty_space][vc_single_image image=&#8221;52004&#8243; img_size=&#8221;full&#8221;][vc_empty_space][\/vc_column][vc_column width=&#8221;1\/2&#8243;][elx_heading font_size=&#8221;h2&#8243; text_color=&#8221;inherit&#8221;]Optimera maskinparken med automatisk dosering[\/elx_heading][vc_column_text]Tv\u00e4ttmaskiner med automatisk dosering har l\u00e4ngre livstid j\u00e4mf\u00f6rt med maskiner som anv\u00e4nder manuell dosering. Det \u00e4r d\u00e4rf\u00f6r en mycket l\u00f6nsam investering \u00f6ver tid d\u00e5 man undviker slitaget p\u00e5 maskinerna som sker vid \u00f6verdosering.[\/vc_column_text][vc_empty_space][elx_button button_text=&#8221;F\u00f6rdelar med automatisk dosering&#8221; button_link=&#8221;url:https%3A%2F%2Fwww.electroluxprofessional.com%2Fse%2Ftvatt%2Fautomatisk-dosering-tvattmedel%2F|title:F%C3%B6rdelar%20automatisk%20dosering&#8221;][vc_empty_space][\/vc_column][\/vc_row][vc_row el_id=&#8221;kontakt&#8221; css=&#8221;.vc_custom_1724395272584{background-color: #eeeeee !important;}&#8221;][vc_column][vc_empty_space][elx_heading font_size=&#8221;h3&#8243; text_color=&#8221;inherit&#8221;]Vill du veta mer om v\u00e5ra serviceavtal? Kontakta oss![\/elx_heading][vc_empty_space][elx_o2000_contact_us s=&#8221;Jag vill ha mer inormation om Essentia Serviceavtal&#8221; country=&#8221;Sweden&#8221; b=&#8221;laundry&#8221; container=&#8221;elxcontactus1484293813&#8243; r=&#8221;Jag vill veta mer om Essentia serviceavtal. V\u00e4nligen kontakta mig.&#8221; l=&#8221;se&#8221;][\/vc_column][\/vc_row][vc_row][vc_column][vc_empty_space][elx_heading font_size=&#8221;h3&#8243; text_color=&#8221;inherit&#8221;]Du kanske ocks\u00e5 \u00e4r intresserad av&#8230;[\/elx_heading][vc_empty_space][\/vc_column][\/vc_row][vc_row][vc_column width=&#8221;1\/3&#8243;][elx_maylike_box id_box=&#8221;2788&#8243;][\/vc_column][vc_column width=&#8221;1\/3&#8243;][elx_maylike_box id_box=&#8221;10150&#8243;][\/vc_column][vc_column width=&#8221;1\/3&#8243;][elx_maylike_box id_box=&#8221;19687&#8243;][\/vc_column][\/vc_row]<\/p>\n","protected":false},"excerpt":{"rendered":"<p>[vc_row full_width=&#8221;electroluxpro-full-width-no-padding&#8221;][vc_column][elx_full_banner title=&#8221;Smart ekonomi med Serviceavtal&#8221; background_image_media_library=&#8221;51627&#8243; background_image_media_library_mobile=&#8221;51628&#8243; link=&#8221;url:%23kontakt|title:Kontakta%20oss%20f%C3%B6r%20r%C3%A5dgivning&#8221;][\/vc_column][\/vc_row][vc_row][vc_column][vc_empty_space][vc_empty_space][elx_heading font_size=&#8221;h3&#8243; text_color=&#8221;inherit&#8221;]Ta hand om din utrustning och f\u00f6rebygg akuta driftstopp[\/elx_heading][vc_column_text]Hur kan du s\u00e4kerst\u00e4lla att maskinparken i tv\u00e4ttstugan alltid presterar som den ska? F\u00f6r det f\u00f6rsta ska tv\u00e4tten bli ren och f\u00f6r det andra ska vatten- och elf\u00f6rbrukningen h\u00e5llas s\u00e5 l\u00e5g som m\u00f6jligt. Inte minst &#8211; driftstoppen [&hellip;]<\/p>\n","protected":false},"author":174,"featured_media":51604,"parent":0,"menu_order":0,"comment_status":"closed","ping_status":"closed","template":"","meta":{"footnotes":""},"class_list":["post-51624","page","type-page","status-publish","has-post-thumbnail","hentry"],"acf":[],"yoast_head":"<!-- This site is optimized with the Yoast SEO plugin v23.3 - https:\/\/yoast.com\/wordpress\/plugins\/seo\/ -->\n<title>Serviceavtal Tv\u00e4tt - Electrolux Professional Sverige<\/title>\n<meta name=\"description\" content=\"Electrolux Professional erbjuder skr\u00e4ddarsydda serviceavtal f\u00f6r tv\u00e4tt. L\u00e4s mer om Essentia serviceavtal f\u00f6r din tv\u00e4ttutrustning.\" \/>\n<meta name=\"robots\" content=\"index, follow, max-snippet:-1, max-image-preview:large, max-video-preview:-1\" \/>\n<link rel=\"canonical\" href=\"https:\/\/www.electroluxprofessional.com\/se\/serviceavtal-professionell-tvatt\/\" \/>\n<meta property=\"og:locale\" content=\"sv_SE\" \/>\n<meta property=\"og:type\" content=\"article\" \/>\n<meta property=\"og:title\" content=\"Serviceavtal Tv\u00e4tt - Electrolux Professional Sverige\" \/>\n<meta property=\"og:description\" content=\"Electrolux Professional erbjuder skr\u00e4ddarsydda serviceavtal f\u00f6r tv\u00e4tt. L\u00e4s mer om Essentia serviceavtal f\u00f6r din tv\u00e4ttutrustning.\" \/>\n<meta property=\"og:url\" content=\"https:\/\/www.electroluxprofessional.com\/se\/serviceavtal-professionell-tvatt\/\" \/>\n<meta property=\"og:site_name\" content=\"Electrolux Professional Sverige\" \/>\n<meta property=\"article:modified_time\" content=\"2025-02-13T10:11:05+00:00\" \/>\n<meta property=\"og:image\" content=\"https:\/\/www.electroluxprofessional.com\/se\/wp-content\/uploads\/2024\/07\/Flexibla-serviceavtal.jpg\" \/>\n\t<meta property=\"og:image:width\" content=\"555\" \/>\n\t<meta property=\"og:image:height\" content=\"370\" \/>\n\t<meta property=\"og:image:type\" content=\"image\/jpeg\" \/>\n<meta name=\"twitter:card\" content=\"summary_large_image\" \/>\n<meta name=\"twitter:label1\" content=\"Ber\u00e4knad l\u00e4stid\" \/>\n\t<meta name=\"twitter:data1\" content=\"5 minuter\" \/>\n<script type=\"application\/ld+json\" class=\"yoast-schema-graph\">{\"@context\":\"https:\/\/schema.org\",\"@graph\":[{\"@type\":\"WebPage\",\"@id\":\"https:\/\/www.electroluxprofessional.com\/se\/serviceavtal-professionell-tvatt\/\",\"url\":\"https:\/\/www.electroluxprofessional.com\/se\/serviceavtal-professionell-tvatt\/\",\"name\":\"Serviceavtal Tv\u00e4tt - Electrolux Professional Sverige\",\"isPartOf\":{\"@id\":\"https:\/\/www.electroluxprofessional.com\/se\/#website\"},\"primaryImageOfPage\":{\"@id\":\"https:\/\/www.electroluxprofessional.com\/se\/serviceavtal-professionell-tvatt\/#primaryimage\"},\"image\":{\"@id\":\"https:\/\/www.electroluxprofessional.com\/se\/serviceavtal-professionell-tvatt\/#primaryimage\"},\"thumbnailUrl\":\"https:\/\/www.electroluxprofessional.com\/se\/wp-content\/uploads\/2024\/07\/Flexibla-serviceavtal.jpg\",\"datePublished\":\"2024-07-10T16:39:11+00:00\",\"dateModified\":\"2025-02-13T10:11:05+00:00\",\"description\":\"Electrolux Professional erbjuder skr\u00e4ddarsydda serviceavtal f\u00f6r tv\u00e4tt. L\u00e4s mer om Essentia serviceavtal f\u00f6r din tv\u00e4ttutrustning.\",\"breadcrumb\":{\"@id\":\"https:\/\/www.electroluxprofessional.com\/se\/serviceavtal-professionell-tvatt\/#breadcrumb\"},\"inLanguage\":\"sv-SE\",\"potentialAction\":[{\"@type\":\"ReadAction\",\"target\":[\"https:\/\/www.electroluxprofessional.com\/se\/serviceavtal-professionell-tvatt\/\"]}]},{\"@type\":\"ImageObject\",\"inLanguage\":\"sv-SE\",\"@id\":\"https:\/\/www.electroluxprofessional.com\/se\/serviceavtal-professionell-tvatt\/#primaryimage\",\"url\":\"https:\/\/www.electroluxprofessional.com\/se\/wp-content\/uploads\/2024\/07\/Flexibla-serviceavtal.jpg\",\"contentUrl\":\"https:\/\/www.electroluxprofessional.com\/se\/wp-content\/uploads\/2024\/07\/Flexibla-serviceavtal.jpg\",\"width\":555,\"height\":370,\"caption\":\"Flexibla serviceavtal\"},{\"@type\":\"BreadcrumbList\",\"@id\":\"https:\/\/www.electroluxprofessional.com\/se\/serviceavtal-professionell-tvatt\/#breadcrumb\",\"itemListElement\":[{\"@type\":\"ListItem\",\"position\":1,\"name\":\"Home\",\"item\":\"https:\/\/www.electroluxprofessional.com\/se\/\"},{\"@type\":\"ListItem\",\"position\":2,\"name\":\"Serviceavtal Tv\u00e4tt\"}]},{\"@type\":\"WebSite\",\"@id\":\"https:\/\/www.electroluxprofessional.com\/se\/#website\",\"url\":\"https:\/\/www.electroluxprofessional.com\/se\/\",\"name\":\"Electrolux Professional Sverige\",\"description\":\"\",\"potentialAction\":[{\"@type\":\"SearchAction\",\"target\":{\"@type\":\"EntryPoint\",\"urlTemplate\":\"https:\/\/www.electroluxprofessional.com\/se\/?src={search_term_string}\"},\"query-input\":\"required name=search_term_string\"}],\"inLanguage\":\"sv-SE\"}]}<\/script>\n<!-- \/ Yoast SEO plugin. -->","yoast_head_json":{"title":"Serviceavtal Tv\u00e4tt - Electrolux Professional Sverige","description":"Electrolux Professional erbjuder skr\u00e4ddarsydda serviceavtal f\u00f6r tv\u00e4tt. L\u00e4s mer om Essentia serviceavtal f\u00f6r din tv\u00e4ttutrustning.","robots":{"index":"index","follow":"follow","max-snippet":"max-snippet:-1","max-image-preview":"max-image-preview:large","max-video-preview":"max-video-preview:-1"},"canonical":"https:\/\/www.electroluxprofessional.com\/se\/serviceavtal-professionell-tvatt\/","og_locale":"sv_SE","og_type":"article","og_title":"Serviceavtal Tv\u00e4tt - Electrolux Professional Sverige","og_description":"Electrolux Professional erbjuder skr\u00e4ddarsydda serviceavtal f\u00f6r tv\u00e4tt. L\u00e4s mer om Essentia serviceavtal f\u00f6r din tv\u00e4ttutrustning.","og_url":"https:\/\/www.electroluxprofessional.com\/se\/serviceavtal-professionell-tvatt\/","og_site_name":"Electrolux Professional Sverige","article_modified_time":"2025-02-13T10:11:05+00:00","og_image":[{"width":555,"height":370,"url":"https:\/\/www.electroluxprofessional.com\/se\/wp-content\/uploads\/2024\/07\/Flexibla-serviceavtal.jpg","type":"image\/jpeg"}],"twitter_card":"summary_large_image","twitter_misc":{"Ber\u00e4knad l\u00e4stid":"5 minuter"},"schema":{"@context":"https:\/\/schema.org","@graph":[{"@type":"WebPage","@id":"https:\/\/www.electroluxprofessional.com\/se\/serviceavtal-professionell-tvatt\/","url":"https:\/\/www.electroluxprofessional.com\/se\/serviceavtal-professionell-tvatt\/","name":"Serviceavtal Tv\u00e4tt - Electrolux Professional Sverige","isPartOf":{"@id":"https:\/\/www.electroluxprofessional.com\/se\/#website"},"primaryImageOfPage":{"@id":"https:\/\/www.electroluxprofessional.com\/se\/serviceavtal-professionell-tvatt\/#primaryimage"},"image":{"@id":"https:\/\/www.electroluxprofessional.com\/se\/serviceavtal-professionell-tvatt\/#primaryimage"},"thumbnailUrl":"https:\/\/www.electroluxprofessional.com\/se\/wp-content\/uploads\/2024\/07\/Flexibla-serviceavtal.jpg","datePublished":"2024-07-10T16:39:11+00:00","dateModified":"2025-02-13T10:11:05+00:00","description":"Electrolux Professional erbjuder skr\u00e4ddarsydda serviceavtal f\u00f6r tv\u00e4tt. L\u00e4s mer om Essentia serviceavtal f\u00f6r din tv\u00e4ttutrustning.","breadcrumb":{"@id":"https:\/\/www.electroluxprofessional.com\/se\/serviceavtal-professionell-tvatt\/#breadcrumb"},"inLanguage":"sv-SE","potentialAction":[{"@type":"ReadAction","target":["https:\/\/www.electroluxprofessional.com\/se\/serviceavtal-professionell-tvatt\/"]}]},{"@type":"ImageObject","inLanguage":"sv-SE","@id":"https:\/\/www.electroluxprofessional.com\/se\/serviceavtal-professionell-tvatt\/#primaryimage","url":"https:\/\/www.electroluxprofessional.com\/se\/wp-content\/uploads\/2024\/07\/Flexibla-serviceavtal.jpg","contentUrl":"https:\/\/www.electroluxprofessional.com\/se\/wp-content\/uploads\/2024\/07\/Flexibla-serviceavtal.jpg","width":555,"height":370,"caption":"Flexibla serviceavtal"},{"@type":"BreadcrumbList","@id":"https:\/\/www.electroluxprofessional.com\/se\/serviceavtal-professionell-tvatt\/#breadcrumb","itemListElement":[{"@type":"ListItem","position":1,"name":"Home","item":"https:\/\/www.electroluxprofessional.com\/se\/"},{"@type":"ListItem","position":2,"name":"Serviceavtal Tv\u00e4tt"}]},{"@type":"WebSite","@id":"https:\/\/www.electroluxprofessional.com\/se\/#website","url":"https:\/\/www.electroluxprofessional.com\/se\/","name":"Electrolux Professional Sverige","description":"","potentialAction":[{"@type":"SearchAction","target":{"@type":"EntryPoint","urlTemplate":"https:\/\/www.electroluxprofessional.com\/se\/?src={search_term_string}"},"query-input":"required name=search_term_string"}],"inLanguage":"sv-SE"}]}},"_links":{"self":[{"href":"https:\/\/www.electroluxprofessional.com\/se\/wp-json\/wp\/v2\/pages\/51624"}],"collection":[{"href":"https:\/\/www.electroluxprofessional.com\/se\/wp-json\/wp\/v2\/pages"}],"about":[{"href":"https:\/\/www.electroluxprofessional.com\/se\/wp-json\/wp\/v2\/types\/page"}],"author":[{"embeddable":true,"href":"https:\/\/www.electroluxprofessional.com\/se\/wp-json\/wp\/v2\/users\/174"}],"replies":[{"embeddable":true,"href":"https:\/\/www.electroluxprofessional.com\/se\/wp-json\/wp\/v2\/comments?post=51624"}],"version-history":[{"count":154,"href":"https:\/\/www.electroluxprofessional.com\/se\/wp-json\/wp\/v2\/pages\/51624\/revisions"}],"predecessor-version":[{"id":53100,"href":"https:\/\/www.electroluxprofessional.com\/se\/wp-json\/wp\/v2\/pages\/51624\/revisions\/53100"}],"wp:featuredmedia":[{"embeddable":true,"href":"https:\/\/www.electroluxprofessional.com\/se\/wp-json\/wp\/v2\/media\/51604"}],"wp:attachment":[{"href":"https:\/\/www.electroluxprofessional.com\/se\/wp-json\/wp\/v2\/media?parent=51624"}],"curies":[{"name":"wp","href":"https:\/\/api.w.org\/{rel}","templated":true}]}}