{"id":51295,"date":"2024-06-25T15:34:59","date_gmt":"2024-06-25T15:34:59","guid":{"rendered":"https:\/\/www.electroluxprofessional.com\/se\/?page_id=51295"},"modified":"2025-10-16T08:55:31","modified_gmt":"2025-10-16T07:55:31","slug":"tillbehor-disk","status":"publish","type":"page","link":"https:\/\/www.electroluxprofessional.com\/se\/storkok\/tillbehor-disk\/","title":{"rendered":"Tillbeh\u00f6r och f\u00f6rbrukningsvaror &#8211; diskutrustning"},"content":{"rendered":"<p>[vc_row full_width=&#8221;electroluxpro-full-width-no-padding&#8221;][vc_column css=&#8221;.vc_custom_1618358802266{margin-top: -40px !important;border-top-width: -40px !important;padding-top: -40px !important;}&#8221;][elx_full_banner title=&#8221;Tillbeh\u00f6r och f\u00f6rbrukningsvaror diskutrustning&#8221; background_image_media_library=&#8221;51293&#8243; background_image_media_library_mobile=&#8221;51294&#8243; link=&#8221;url:%23contact|title:Kontakta%20oss&#8221;][vc_row_inner full_width=&#8221;electroluxpro-full-width&#8221; gap=&#8221;15&#8243;][vc_column_inner width=&#8221;1\/4&#8243;][elx_download_block text=&#8221;Accessories for protection, sanitizing and cleaning catalogue&#8221; document_type=&#8221;cat&#8221; file_picker=&#8221;24892&#8243; background_color=&#8221;electrolux-blue&#8221; background_hover_color=&#8221;lighter-hover&#8221; ca_document_number=&#8221;CAT10&#8243;][\/vc_column_inner][vc_column_inner width=&#8221;1\/4&#8243;][elx_download_block text=&#8221;Genuine Replacement Parts, Accessories &amp; Consumables catalogue&#8221; document_type=&#8221;cat&#8221; file_picker=&#8221;24892&#8243; background_color=&#8221;electrolux-blue&#8221; background_hover_color=&#8221;lighter-hover&#8221; ca_document_number=&#8221;CAT19&#8243;][\/vc_column_inner][vc_column_inner width=&#8221;1\/4&#8243;][elx_download_block text=&#8221;Spare Part Kits catalogue&#8221; document_type=&#8221;cat&#8221; file_picker=&#8221;24892&#8243; background_color=&#8221;electrolux-blue&#8221; background_hover_color=&#8221;lighter-hover&#8221; ca_document_number=&#8221;CAT9&#8243;][\/vc_column_inner][vc_column_inner width=&#8221;1\/4&#8243;][elx_download_block text=&#8221;Professional cleaning detergents Selection Guide&#8221; file_picker=&#8221;47320&#8243; background_color=&#8221;electrolux-blue&#8221;][\/vc_column_inner][\/vc_row_inner][\/vc_column][\/vc_row][vc_row content_placement=&#8221;middle&#8221;][vc_column][elx_menu menu_name=&#8221;Tillbeh\u00f6r och f\u00f6rbrukningsvaror&#8221;][vc_empty_space][vc_column_text]<\/p>\n<p style=\"text-align: center;\">Tack vare v\u00e5ra tillbeh\u00f6r och f\u00f6rbrukningsvaror uppn\u00e5s str\u00e5lande resultat och b\u00e4sta prestanda.<\/p>\n<p>[\/vc_column_text][vc_empty_space][\/vc_column][\/vc_row][vc_row content_placement=&#8221;middle&#8221;][vc_column width=&#8221;1\/3&#8243;][vc_empty_space][\/vc_column][vc_column width=&#8221;1\/3&#8243;][elx_button button_text=&#8221;Uppt\u00e4ck v\u00e5r diskutrustning&#8221; button_link=&#8221;url:https%3A%2F%2Fwww.electroluxprofessional.com%2Fse%2Fstorkok%2Fdiskutrustning%2F&#8221;][\/vc_column][vc_column width=&#8221;1\/3&#8243;][vc_empty_space][\/vc_column][\/vc_row][vc_row disable_element=&#8221;yes&#8221;][vc_column][vc_empty_space][vc_row_inner disable_element=&#8221;yes&#8221;][vc_column_inner width=&#8221;1\/2&#8243;][vc_single_image image=&#8221;9993&#8243; img_size=&#8221;530&#215;285&#8243; css_animation=&#8221;none&#8221;][\/vc_column_inner][vc_column_inner width=&#8221;1\/2&#8243;][elx_heading font_size=&#8221;h5&#8243; text_color=&#8221;inherit&#8221;]Water taps[\/elx_heading][vc_column_text]One or two hole mixer taps,\u00a0infrared operated one hole mixer tap, water taps with shower units, washing groups\u00a0&#8230; choose the best\u00a0accessories for your dishwashing equipment.[\/vc_column_text][vc_empty_space][elx_shop_now button_text=&#8221;SHOP NOW&#8221; button_display_block=&#8221;display_block_on&#8221; button_alignment=&#8221;align_center&#8221; button_link=&#8221;url:https%3A%2F%2Fbuy.electroluxprofessional.com%2Felectrolux-professional%2Ftaps%2Fparts&#8221;][vc_empty_space][\/vc_column_inner][\/vc_row_inner][\/vc_column][\/vc_row][vc_row][vc_column][vc_empty_space][\/vc_column][vc_column][vc_empty_space][vc_row_inner][vc_column_inner width=&#8221;1\/2&#8243;][elx_heading font_size=&#8221;h5&#8243; text_color=&#8221;inherit&#8221;]Diskkorgar[\/elx_heading][vc_column_text]V\u00e4lj bland v\u00e5ra olika diskkorgar: f\u00f6r tallrikar eller sk\u00e5lar; med tr\u00e5dinsats f\u00f6r pizzatallrikar, koppar och glas; med beh\u00e5llare f\u00f6r bestick; med \u00f6ppen sida l\u00e4mplig f\u00f6r brickor m.m.[\/vc_column_text][vc_empty_space][elx_shop_now button_text=&#8221;K\u00d6P NU&#8221; button_display_block=&#8221;display_block_on&#8221; button_alignment=&#8221;align_center&#8221; button_link=&#8221;url:https%3A%2F%2Fwww.electroluxprofessional.com%2Fse%2Fsales-service-locator%2F&#8221;][vc_empty_space][\/vc_column_inner][vc_column_inner width=&#8221;1\/2&#8243;][vc_single_image image=&#8221;9526&#8243; img_size=&#8221;530*285&#8243; css_animation=&#8221;none&#8221;][\/vc_column_inner][\/vc_row_inner][vc_empty_space][vc_row_inner][vc_column_inner width=&#8221;1\/2&#8243;][vc_single_image image=&#8221;9992&#8243; img_size=&#8221;530*285&#8243; alignment=&#8221;center&#8221; css_animation=&#8221;none&#8221;][\/vc_column_inner][vc_column_inner width=&#8221;1\/2&#8243;][elx_heading font_size=&#8221;h5&#8243; text_color=&#8221;inherit&#8221;]Diskmedel[\/elx_heading][vc_column_text]Electrolux Professional diskmedel eliminerar fl\u00e4ckar helt och l\u00e4mnar disken perfekt torr och ren. Tack vare en speciell formel f\u00f6rhindras kalkbildning.[\/vc_column_text][vc_empty_space][elx_shop_now button_text=&#8221;K\u00d6P NU&#8221; button_display_block=&#8221;display_block_on&#8221; button_alignment=&#8221;align_center&#8221; button_link=&#8221;url:https%3A%2F%2Fwww.electroluxprofessional.com%2Fse%2Fsales-service-locator%2F&#8221;][vc_empty_space][\/vc_column_inner][\/vc_row_inner][vc_empty_space][\/vc_column][\/vc_row][vc_row css=&#8221;.vc_custom_1619575574189{background-color: #e8eff5 !important;}&#8221;][vc_column][vc_column_text]<\/p>\n<h3 style=\"text-align: center;\">Visste du att glas f\u00f6rlorar &#8220;vikt&#8221; f\u00f6r varje diskning och blir mer och mer \u00f6mt\u00e5liga?<\/h3>\n<p>[\/vc_column_text][vc_single_image image=&#8221;51292&#8243; img_size=&#8221;full&#8221;][elx_download_block text=&#8221;The right solution-DISHWASHING CHEMICALS&#8221; document_type=&#8221;brochures&#8221; background_color=&#8221;inherit&#8221;][\/vc_column][\/vc_row][vc_row el_id=&#8221;contact&#8221;][vc_column][elx_heading font_container=&#8221;h3&#8243; text_color=&#8221;inherit&#8221;]Har du fr\u00e5gor om v\u00e5ra tillbeh\u00f6r f\u00f6r diskutrustning? Kontakta oss![\/elx_heading][elx_o2000_contact_us s=&#8221;Tillbeh\u00f6r disk&#8221; country=&#8221;Sweden&#8221; b=&#8221;food&#8221; thanks=&#8221;Tack f\u00f6r din f\u00f6rfr\u00e5gan! Vi h\u00f6r av oss inom kort.&#8221; container=&#8221;elxcontactus1484553998&#8243; r=&#8221;Jag \u00f6nskar veta mer om era tillbeh\u00f6r och reng\u00f6ring f\u00f6r diskutrustning. Kontakta mig g\u00e4rna!&#8221;][\/vc_column][\/vc_row]<\/p>\n","protected":false},"excerpt":{"rendered":"<p>[vc_row full_width=&#8221;electroluxpro-full-width-no-padding&#8221;][vc_column css=&#8221;.vc_custom_1618358802266{margin-top: -40px !important;border-top-width: -40px !important;padding-top: -40px !important;}&#8221;][elx_full_banner title=&#8221;Tillbeh\u00f6r och f\u00f6rbrukningsvaror diskutrustning&#8221; background_image_media_library=&#8221;51293&#8243; background_image_media_library_mobile=&#8221;51294&#8243; link=&#8221;url:%23contact|title:Kontakta%20oss&#8221;][vc_row_inner full_width=&#8221;electroluxpro-full-width&#8221; gap=&#8221;15&#8243;][vc_column_inner width=&#8221;1\/4&#8243;][elx_download_block text=&#8221;Accessories for protection, sanitizing and cleaning catalogue&#8221; document_type=&#8221;cat&#8221; file_picker=&#8221;24892&#8243; background_color=&#8221;electrolux-blue&#8221; background_hover_color=&#8221;lighter-hover&#8221; ca_document_number=&#8221;CAT10&#8243;][\/vc_column_inner][vc_column_inner width=&#8221;1\/4&#8243;][elx_download_block text=&#8221;Genuine Replacement Parts, Accessories &amp; Consumables catalogue&#8221; document_type=&#8221;cat&#8221; file_picker=&#8221;24892&#8243; background_color=&#8221;electrolux-blue&#8221; background_hover_color=&#8221;lighter-hover&#8221; ca_document_number=&#8221;CAT19&#8243;][\/vc_column_inner][vc_column_inner width=&#8221;1\/4&#8243;][elx_download_block text=&#8221;Spare Part Kits catalogue&#8221; document_type=&#8221;cat&#8221; file_picker=&#8221;24892&#8243; background_color=&#8221;electrolux-blue&#8221; background_hover_color=&#8221;lighter-hover&#8221; ca_document_number=&#8221;CAT9&#8243;][\/vc_column_inner][vc_column_inner width=&#8221;1\/4&#8243;][elx_download_block [&hellip;]<\/p>\n","protected":false},"author":174,"featured_media":796,"parent":51186,"menu_order":0,"comment_status":"closed","ping_status":"closed","template":"","meta":{"footnotes":""},"class_list":["post-51295","page","type-page","status-publish","has-post-thumbnail","hentry"],"acf":[],"yoast_head":"<!-- This site is optimized with the Yoast SEO plugin v23.3 - https:\/\/yoast.com\/wordpress\/plugins\/seo\/ -->\n<title>Tillbeh\u00f6r och f\u00f6rbrukningsvaror diskutrustning - Electrolux Professional<\/title>\n<meta name=\"description\" content=\"Uppt\u00e4ck Electrolux Professionals professionella diskmedel och sk\u00f6ljmedel f\u00f6r diskmaskiner.\" \/>\n<meta name=\"robots\" content=\"index, follow, max-snippet:-1, max-image-preview:large, max-video-preview:-1\" \/>\n<link rel=\"canonical\" href=\"https:\/\/www.electroluxprofessional.com\/se\/storkok\/tillbehor-disk\/\" \/>\n<meta property=\"og:locale\" content=\"sv_SE\" \/>\n<meta property=\"og:type\" content=\"article\" \/>\n<meta property=\"og:title\" content=\"Tillbeh\u00f6r och f\u00f6rbrukningsvaror diskutrustning - Electrolux Professional\" \/>\n<meta property=\"og:description\" content=\"Uppt\u00e4ck Electrolux Professionals professionella diskmedel och sk\u00f6ljmedel f\u00f6r diskmaskiner.\" \/>\n<meta property=\"og:url\" content=\"https:\/\/www.electroluxprofessional.com\/se\/storkok\/tillbehor-disk\/\" \/>\n<meta property=\"og:site_name\" content=\"Electrolux Professional Sverige\" \/>\n<meta property=\"article:modified_time\" content=\"2025-10-16T07:55:31+00:00\" \/>\n<meta property=\"og:image\" content=\"https:\/\/www.electroluxprofessional.com\/se\/wp-content\/uploads\/2016\/08\/detergent-washing-machine-e1491813547245.jpg\" \/>\n\t<meta property=\"og:image:width\" content=\"420\" \/>\n\t<meta property=\"og:image:height\" content=\"420\" \/>\n\t<meta property=\"og:image:type\" content=\"image\/jpeg\" \/>\n<meta name=\"twitter:card\" content=\"summary_large_image\" \/>\n<meta name=\"twitter:label1\" content=\"Ber\u00e4knad l\u00e4stid\" \/>\n\t<meta name=\"twitter:data1\" content=\"2 minuter\" \/>\n<script type=\"application\/ld+json\" class=\"yoast-schema-graph\">{\"@context\":\"https:\/\/schema.org\",\"@graph\":[{\"@type\":\"WebPage\",\"@id\":\"https:\/\/www.electroluxprofessional.com\/se\/storkok\/tillbehor-disk\/\",\"url\":\"https:\/\/www.electroluxprofessional.com\/se\/storkok\/tillbehor-disk\/\",\"name\":\"Tillbeh\u00f6r och f\u00f6rbrukningsvaror diskutrustning - Electrolux Professional\",\"isPartOf\":{\"@id\":\"https:\/\/www.electroluxprofessional.com\/se\/#website\"},\"primaryImageOfPage\":{\"@id\":\"https:\/\/www.electroluxprofessional.com\/se\/storkok\/tillbehor-disk\/#primaryimage\"},\"image\":{\"@id\":\"https:\/\/www.electroluxprofessional.com\/se\/storkok\/tillbehor-disk\/#primaryimage\"},\"thumbnailUrl\":\"https:\/\/www.electroluxprofessional.com\/se\/wp-content\/uploads\/2016\/08\/detergent-washing-machine-e1491813547245.jpg\",\"datePublished\":\"2024-06-25T15:34:59+00:00\",\"dateModified\":\"2025-10-16T07:55:31+00:00\",\"description\":\"Uppt\u00e4ck Electrolux Professionals professionella diskmedel och sk\u00f6ljmedel f\u00f6r diskmaskiner.\",\"breadcrumb\":{\"@id\":\"https:\/\/www.electroluxprofessional.com\/se\/storkok\/tillbehor-disk\/#breadcrumb\"},\"inLanguage\":\"sv-SE\",\"potentialAction\":[{\"@type\":\"ReadAction\",\"target\":[\"https:\/\/www.electroluxprofessional.com\/se\/storkok\/tillbehor-disk\/\"]}]},{\"@type\":\"ImageObject\",\"inLanguage\":\"sv-SE\",\"@id\":\"https:\/\/www.electroluxprofessional.com\/se\/storkok\/tillbehor-disk\/#primaryimage\",\"url\":\"https:\/\/www.electroluxprofessional.com\/se\/wp-content\/uploads\/2016\/08\/detergent-washing-machine-e1491813547245.jpg\",\"contentUrl\":\"https:\/\/www.electroluxprofessional.com\/se\/wp-content\/uploads\/2016\/08\/detergent-washing-machine-e1491813547245.jpg\",\"width\":420,\"height\":420,\"caption\":\"dishwasher rinse\"},{\"@type\":\"BreadcrumbList\",\"@id\":\"https:\/\/www.electroluxprofessional.com\/se\/storkok\/tillbehor-disk\/#breadcrumb\",\"itemListElement\":[{\"@type\":\"ListItem\",\"position\":1,\"name\":\"Home\",\"item\":\"https:\/\/www.electroluxprofessional.com\/se\/\"},{\"@type\":\"ListItem\",\"position\":2,\"name\":\"Stork\u00f6k\",\"item\":\"https:\/\/www.electroluxprofessional.com\/se\/storkok\/\"},{\"@type\":\"ListItem\",\"position\":3,\"name\":\"Tillbeh\u00f6r och f\u00f6rbrukningsvaror &#8211; diskutrustning\"}]},{\"@type\":\"WebSite\",\"@id\":\"https:\/\/www.electroluxprofessional.com\/se\/#website\",\"url\":\"https:\/\/www.electroluxprofessional.com\/se\/\",\"name\":\"Electrolux Professional Sverige\",\"description\":\"\",\"potentialAction\":[{\"@type\":\"SearchAction\",\"target\":{\"@type\":\"EntryPoint\",\"urlTemplate\":\"https:\/\/www.electroluxprofessional.com\/se\/?src={search_term_string}\"},\"query-input\":\"required name=search_term_string\"}],\"inLanguage\":\"sv-SE\"}]}<\/script>\n<!-- \/ Yoast SEO plugin. -->","yoast_head_json":{"title":"Tillbeh\u00f6r och f\u00f6rbrukningsvaror diskutrustning - Electrolux Professional","description":"Uppt\u00e4ck Electrolux Professionals professionella diskmedel och sk\u00f6ljmedel f\u00f6r diskmaskiner.","robots":{"index":"index","follow":"follow","max-snippet":"max-snippet:-1","max-image-preview":"max-image-preview:large","max-video-preview":"max-video-preview:-1"},"canonical":"https:\/\/www.electroluxprofessional.com\/se\/storkok\/tillbehor-disk\/","og_locale":"sv_SE","og_type":"article","og_title":"Tillbeh\u00f6r och f\u00f6rbrukningsvaror diskutrustning - Electrolux Professional","og_description":"Uppt\u00e4ck Electrolux Professionals professionella diskmedel och sk\u00f6ljmedel f\u00f6r diskmaskiner.","og_url":"https:\/\/www.electroluxprofessional.com\/se\/storkok\/tillbehor-disk\/","og_site_name":"Electrolux Professional Sverige","article_modified_time":"2025-10-16T07:55:31+00:00","og_image":[{"width":420,"height":420,"url":"https:\/\/www.electroluxprofessional.com\/se\/wp-content\/uploads\/2016\/08\/detergent-washing-machine-e1491813547245.jpg","type":"image\/jpeg"}],"twitter_card":"summary_large_image","twitter_misc":{"Ber\u00e4knad l\u00e4stid":"2 minuter"},"schema":{"@context":"https:\/\/schema.org","@graph":[{"@type":"WebPage","@id":"https:\/\/www.electroluxprofessional.com\/se\/storkok\/tillbehor-disk\/","url":"https:\/\/www.electroluxprofessional.com\/se\/storkok\/tillbehor-disk\/","name":"Tillbeh\u00f6r och f\u00f6rbrukningsvaror diskutrustning - Electrolux Professional","isPartOf":{"@id":"https:\/\/www.electroluxprofessional.com\/se\/#website"},"primaryImageOfPage":{"@id":"https:\/\/www.electroluxprofessional.com\/se\/storkok\/tillbehor-disk\/#primaryimage"},"image":{"@id":"https:\/\/www.electroluxprofessional.com\/se\/storkok\/tillbehor-disk\/#primaryimage"},"thumbnailUrl":"https:\/\/www.electroluxprofessional.com\/se\/wp-content\/uploads\/2016\/08\/detergent-washing-machine-e1491813547245.jpg","datePublished":"2024-06-25T15:34:59+00:00","dateModified":"2025-10-16T07:55:31+00:00","description":"Uppt\u00e4ck Electrolux Professionals professionella diskmedel och sk\u00f6ljmedel f\u00f6r diskmaskiner.","breadcrumb":{"@id":"https:\/\/www.electroluxprofessional.com\/se\/storkok\/tillbehor-disk\/#breadcrumb"},"inLanguage":"sv-SE","potentialAction":[{"@type":"ReadAction","target":["https:\/\/www.electroluxprofessional.com\/se\/storkok\/tillbehor-disk\/"]}]},{"@type":"ImageObject","inLanguage":"sv-SE","@id":"https:\/\/www.electroluxprofessional.com\/se\/storkok\/tillbehor-disk\/#primaryimage","url":"https:\/\/www.electroluxprofessional.com\/se\/wp-content\/uploads\/2016\/08\/detergent-washing-machine-e1491813547245.jpg","contentUrl":"https:\/\/www.electroluxprofessional.com\/se\/wp-content\/uploads\/2016\/08\/detergent-washing-machine-e1491813547245.jpg","width":420,"height":420,"caption":"dishwasher rinse"},{"@type":"BreadcrumbList","@id":"https:\/\/www.electroluxprofessional.com\/se\/storkok\/tillbehor-disk\/#breadcrumb","itemListElement":[{"@type":"ListItem","position":1,"name":"Home","item":"https:\/\/www.electroluxprofessional.com\/se\/"},{"@type":"ListItem","position":2,"name":"Stork\u00f6k","item":"https:\/\/www.electroluxprofessional.com\/se\/storkok\/"},{"@type":"ListItem","position":3,"name":"Tillbeh\u00f6r och f\u00f6rbrukningsvaror &#8211; diskutrustning"}]},{"@type":"WebSite","@id":"https:\/\/www.electroluxprofessional.com\/se\/#website","url":"https:\/\/www.electroluxprofessional.com\/se\/","name":"Electrolux Professional Sverige","description":"","potentialAction":[{"@type":"SearchAction","target":{"@type":"EntryPoint","urlTemplate":"https:\/\/www.electroluxprofessional.com\/se\/?src={search_term_string}"},"query-input":"required name=search_term_string"}],"inLanguage":"sv-SE"}]}},"_links":{"self":[{"href":"https:\/\/www.electroluxprofessional.com\/se\/wp-json\/wp\/v2\/pages\/51295"}],"collection":[{"href":"https:\/\/www.electroluxprofessional.com\/se\/wp-json\/wp\/v2\/pages"}],"about":[{"href":"https:\/\/www.electroluxprofessional.com\/se\/wp-json\/wp\/v2\/types\/page"}],"author":[{"embeddable":true,"href":"https:\/\/www.electroluxprofessional.com\/se\/wp-json\/wp\/v2\/users\/174"}],"replies":[{"embeddable":true,"href":"https:\/\/www.electroluxprofessional.com\/se\/wp-json\/wp\/v2\/comments?post=51295"}],"version-history":[{"count":16,"href":"https:\/\/www.electroluxprofessional.com\/se\/wp-json\/wp\/v2\/pages\/51295\/revisions"}],"predecessor-version":[{"id":54300,"href":"https:\/\/www.electroluxprofessional.com\/se\/wp-json\/wp\/v2\/pages\/51295\/revisions\/54300"}],"up":[{"embeddable":true,"href":"https:\/\/www.electroluxprofessional.com\/se\/wp-json\/wp\/v2\/pages\/51186"}],"wp:featuredmedia":[{"embeddable":true,"href":"https:\/\/www.electroluxprofessional.com\/se\/wp-json\/wp\/v2\/media\/796"}],"wp:attachment":[{"href":"https:\/\/www.electroluxprofessional.com\/se\/wp-json\/wp\/v2\/media?parent=51295"}],"curies":[{"name":"wp","href":"https:\/\/api.w.org\/{rel}","templated":true}]}}