{"id":51277,"date":"2024-06-25T14:25:56","date_gmt":"2024-06-25T14:25:56","guid":{"rendered":"https:\/\/www.electroluxprofessional.com\/se\/?page_id=51277"},"modified":"2025-10-16T08:54:33","modified_gmt":"2025-10-16T07:54:33","slug":"tillbehor-varmkok","status":"publish","type":"page","link":"https:\/\/www.electroluxprofessional.com\/se\/storkok\/tillbehor-varmkok\/","title":{"rendered":"Tillbeh\u00f6r och f\u00f6rbrukningsvaror &#8211; varmk\u00f6k"},"content":{"rendered":"<p>[vc_row full_width=&#8221;electroluxpro-full-width-no-padding&#8221;][vc_column css=&#8221;.vc_custom_1618358802266{margin-top: -40px !important;border-top-width: -40px !important;padding-top: -40px !important;}&#8221;][elx_full_banner title=&#8221;Tillbeh\u00f6r och f\u00f6rbrukningsvaror f\u00f6r varmk\u00f6k&#8221; background_image_media_library=&#8221;51275&#8243; background_image_media_library_mobile=&#8221;51276&#8243; link=&#8221;url:%23contact|title:Kontakta%20oss&#8221;][vc_row_inner full_width=&#8221;electroluxpro-full-width&#8221; gap=&#8221;15&#8243;][vc_column_inner width=&#8221;1\/4&#8243;][elx_download_block text=&#8221;Accessories for protection, sanitizing and cleaning catalogue&#8221; document_type=&#8221;cat&#8221; file_picker=&#8221;24892&#8243; background_color=&#8221;electrolux-blue&#8221; background_hover_color=&#8221;lighter-hover&#8221; ca_document_number=&#8221;CAT10&#8243;][\/vc_column_inner][vc_column_inner width=&#8221;1\/4&#8243;][elx_download_block text=&#8221;Genuine Replacement Parts, Accessories &amp; Consumables catalogue&#8221; document_type=&#8221;cat&#8221; file_picker=&#8221;24892&#8243; background_color=&#8221;electrolux-blue&#8221; background_hover_color=&#8221;lighter-hover&#8221; ca_document_number=&#8221;CAT19&#8243;][\/vc_column_inner][vc_column_inner width=&#8221;1\/4&#8243;][elx_download_block text=&#8221;Spare Part Kits catalogue&#8221; document_type=&#8221;cat&#8221; file_picker=&#8221;24892&#8243; background_color=&#8221;electrolux-blue&#8221; background_hover_color=&#8221;lighter-hover&#8221; ca_document_number=&#8221;CAT9&#8243;][\/vc_column_inner][vc_column_inner width=&#8221;1\/4&#8243;][elx_download_block text=&#8221;Professional cleaning detergents Selection Guide&#8221; file_picker=&#8221;47320&#8243; background_color=&#8221;electrolux-blue&#8221;][\/vc_column_inner][\/vc_row_inner][\/vc_column][\/vc_row][vc_row][vc_column][vc_column_text][\/vc_column_text][\/vc_column][\/vc_row][vc_row][vc_column][elx_menu menu_name=&#8221;Tillbeh\u00f6r och f\u00f6rbrukningsvaror&#8221;][vc_empty_space][vc_column_text]<\/p>\n<div class=\"group\/conversation-turn relative flex w-full min-w-0 flex-col agent-turn\">\n<div class=\"flex-col gap-1 md:gap-3\">\n<div class=\"flex flex-grow flex-col max-w-full\">\n<div class=\"min-h-[20px] text-message flex flex-col items-start whitespace-pre-wrap break-words [.text-message+&amp;]:mt-5 juice:w-full juice:items-end overflow-x-auto gap-2\" dir=\"auto\" data-message-author-role=\"assistant\" data-message-id=\"69283532-9916-4c90-b55e-e2a151759024\">\n<div class=\"flex w-full flex-col gap-1 juice:empty:hidden juice:first:pt-[3px]\">\n<div class=\"markdown prose w-full break-words dark:prose-invert light\">\n<p>Pastakorgar, grillar, professionellt avfettningsmedel och mycket mer. Originaltillbeh\u00f6r och f\u00f6rbrukningsmaterial f\u00f6r din varmk\u00f6ksutrustning.<\/p>\n<\/div>\n<\/div>\n<\/div>\n<\/div>\n<\/div>\n<\/div>\n<p>[\/vc_column_text][\/vc_column][\/vc_row][vc_row][vc_column width=&#8221;1\/3&#8243;][vc_single_image image=&#8221;51269&#8243; img_size=&#8221;full&#8221; alignment=&#8221;center&#8221; css_animation=&#8221;none&#8221;][vc_empty_space height=&#8221;10px&#8221;][elx_heading font_size=&#8221;h5&#8243; text_color=&#8221;inherit&#8221;]Pastakorgar[\/elx_heading][vc_column_text]Pastakorgar helt i rostfritt st\u00e5l, AISI 304,\u00a0 f\u00f6r maximal hygien. Korgarna \u00e4r designade f\u00f6r maximal ergonomi.[\/vc_column_text][vc_empty_space height=&#8221;58px&#8221;][elx_shop_now button_text=&#8221;K\u00d6P NU&#8221; button_display_block=&#8221;display_block_on&#8221; button_alignment=&#8221;align_center&#8221; button_link=&#8221;url:https%3A%2F%2Fwww.electroluxprofessional.com%2Fse%2Fsales-service-locator%2F&#8221;][vc_empty_space height=&#8221;58px&#8221;][\/vc_column][vc_column width=&#8221;1\/3&#8243;][vc_single_image image=&#8221;51270&#8243; img_size=&#8221;full&#8221; css_animation=&#8221;none&#8221;][vc_empty_space height=&#8221;10px&#8221;][elx_heading font_size=&#8221;h5&#8243; text_color=&#8221;inherit&#8221;]Reng\u00f6ringsmedel[\/elx_heading][vc_column_text]V\u00e5r avfettning \u00e4r avsedd f\u00f6r professionellt bruk och \u00e4r den ideala l\u00f6sningen f\u00f6r reng\u00f6ring av ytor med h\u00f6g temperatur, exempelvis stekh\u00e4llar.[\/vc_column_text][vc_empty_space height=&#8221;58px&#8221;][elx_shop_now button_text=&#8221;K\u00d6P NU&#8221; button_display_block=&#8221;display_block_on&#8221; button_alignment=&#8221;align_center&#8221; button_link=&#8221;url:https%3A%2F%2Fwww.electroluxprofessional.com%2Fse%2Fsales-service-locator%2F&#8221;][vc_empty_space height=&#8221;58px&#8221;][\/vc_column][vc_column width=&#8221;1\/3&#8243;][vc_single_image image=&#8221;51271&#8243; img_size=&#8221;large&#8221;][vc_empty_space height=&#8221;10px&#8221;][elx_heading font_size=&#8221;h5&#8243; text_color=&#8221;inherit&#8221;]Teststicka matolja[\/elx_heading][vc_column_text]Genom det elektroniska testsystemet undviker du b\u00e5de \u00f6veranv\u00e4ndning av olja och s\u00e4kerst\u00e4ller h\u00e5llbar drift, kostnadsbesparing och f\u00f6rebygger h\u00e4lsorisker.[\/vc_column_text][vc_empty_space height=&#8221;58px&#8221;][elx_shop_now button_text=&#8221;K\u00d6P NU&#8221; button_display_block=&#8221;display_block_on&#8221; button_alignment=&#8221;align_center&#8221; button_link=&#8221;url:https%3A%2F%2Fwww.electroluxprofessional.com%2Fse%2Fsales-service-locator%2F&#8221;][vc_empty_space height=&#8221;58px&#8221;][\/vc_column][\/vc_row][vc_row][vc_column width=&#8221;1\/3&#8243;][vc_empty_space height=&#8221;58px&#8221;][vc_single_image image=&#8221;51272&#8243; img_size=&#8221;full&#8221; alignment=&#8221;center&#8221; css_animation=&#8221;none&#8221;][vc_empty_space height=&#8221;20px&#8221;][elx_heading font_size=&#8221;h5&#8243; text_color=&#8221;inherit&#8221;]Pappersfilter f\u00f6r frit\u00f6s[\/elx_heading][vc_column_text]Kit f\u00f6r avancerad filtrering f\u00f6r 23-liters frit\u00f6ser. Tar bort minsta matrest och f\u00f6rl\u00e4nger oljans livsl\u00e4ngd.[\/vc_column_text][vc_empty_space height=&#8221;58px&#8221;][elx_shop_now button_text=&#8221;K\u00d6P NU&#8221; button_display_block=&#8221;display_block_on&#8221; button_alignment=&#8221;align_center&#8221; button_link=&#8221;url:https%3A%2F%2Fwww.electroluxprofessional.com%2Fse%2Fsales-service-locator%2F&#8221;][vc_empty_space height=&#8221;58px&#8221;][\/vc_column][vc_column width=&#8221;1\/3&#8243;][vc_empty_space height=&#8221;50px&#8221;][vc_single_image image=&#8221;51273&#8243; img_size=&#8221;medium&#8221; css_animation=&#8221;none&#8221;][vc_empty_space height=&#8221;50px&#8221;][elx_heading font_size=&#8221;h5&#8243; text_color=&#8221;inherit&#8221;]Frit\u00f6skorgar[\/elx_heading][vc_column_text]Helt i rostfritt st\u00e5l AISI 304 f\u00f6r maximal hygien. Korgarna \u00e4r designade f\u00f6r maximal ergonomi.[\/vc_column_text][vc_empty_space height=&#8221;58px&#8221;][elx_shop_now button_text=&#8221;K\u00d6P NU&#8221; button_display_block=&#8221;display_block_on&#8221; button_alignment=&#8221;align_center&#8221; button_link=&#8221;url:https%3A%2F%2Fwww.electroluxprofessional.com%2Fse%2Fsales-service-locator%2F&#8221;][vc_empty_space height=&#8221;58px&#8221;][\/vc_column][vc_column width=&#8221;1\/3&#8243;][vc_empty_space height=&#8221;110px&#8221;][vc_single_image image=&#8221;51274&#8243; img_size=&#8221;large&#8221;][vc_empty_space height=&#8221;95px&#8221;][elx_heading font_size=&#8221;h5&#8243; text_color=&#8221;inherit&#8221;]Wokpanna f\u00f6r induktion[\/elx_heading][vc_column_text]Wokpanna med handtag f\u00f6r induktionsh\u00e4ll &#8211; ger perfekt v\u00e4rmef\u00f6rdelning f\u00f6r induktionswoken.[\/vc_column_text][vc_empty_space height=&#8221;58px&#8221;][elx_shop_now button_text=&#8221;K\u00d6P NU&#8221; button_display_block=&#8221;display_block_on&#8221; button_alignment=&#8221;align_center&#8221; button_link=&#8221;url:https%3A%2F%2Fwww.electroluxprofessional.com%2Fse%2Fsales-service-locator%2F&#8221;][vc_empty_space height=&#8221;58px&#8221;][\/vc_column][\/vc_row][vc_row][vc_column][elx_heading font_container=&#8221;h4&#8243; font_size=&#8221;h3&#8243; text_color=&#8221;inherit&#8221; text_align=&#8221;text-center&#8221;]Kontakta oss f\u00f6r information om tillbeh\u00f6r f\u00f6r varmk\u00f6k[\/elx_heading][\/vc_column][\/vc_row][vc_row disable_element=&#8221;yes&#8221;][vc_column width=&#8221;1\/3&#8243;][elx_maylike_box id_box=&#8221;2691&#8243;][\/vc_column][vc_column width=&#8221;1\/3&#8243;][elx_maylike_box id_box=&#8221;2694&#8243;][\/vc_column][vc_column width=&#8221;1\/3&#8243;][elx_maylike_box id_box=&#8221;2688&#8243; link_target=&#8221;blank&#8221;][\/vc_column][\/vc_row][vc_row el_id=&#8221;contact&#8221;][vc_column][vc_empty_space][elx_heading font_container=&#8221;h3&#8243; text_color=&#8221;inherit&#8221; text_align=&#8221;text-center&#8221;]Uppt\u00e4ck hur du kan kombinera ditt modul\u00e4ra k\u00f6k efter dina behov[\/elx_heading][elx_o2000_contact_us s=&#8221;F\u00f6rfr\u00e5gan om information om tillbeh\u00f6r f\u00f6r varmk\u00f6k&#8221; country=&#8221;Sweden&#8221; b=&#8221;food&#8221; container=&#8221;elxcontactus1484304163&#8243; r=&#8221;Jag vill veta mer om tillbeh\u00f6r och f\u00f6rbrukningsvaror f\u00f6r varmk\u00f6k. Kontakta mig g\u00e4rna!&#8221;][vc_empty_space][\/vc_column][\/vc_row][vc_row][vc_column][vc_column_text][\/vc_column_text][\/vc_column][\/vc_row]<\/p>\n","protected":false},"excerpt":{"rendered":"<p>[vc_row full_width=&#8221;electroluxpro-full-width-no-padding&#8221;][vc_column css=&#8221;.vc_custom_1618358802266{margin-top: -40px !important;border-top-width: -40px !important;padding-top: -40px !important;}&#8221;][elx_full_banner title=&#8221;Tillbeh\u00f6r och f\u00f6rbrukningsvaror f\u00f6r varmk\u00f6k&#8221; background_image_media_library=&#8221;51275&#8243; background_image_media_library_mobile=&#8221;51276&#8243; link=&#8221;url:%23contact|title:Kontakta%20oss&#8221;][vc_row_inner full_width=&#8221;electroluxpro-full-width&#8221; gap=&#8221;15&#8243;][vc_column_inner width=&#8221;1\/4&#8243;][elx_download_block text=&#8221;Accessories for protection, sanitizing and cleaning catalogue&#8221; document_type=&#8221;cat&#8221; file_picker=&#8221;24892&#8243; background_color=&#8221;electrolux-blue&#8221; background_hover_color=&#8221;lighter-hover&#8221; ca_document_number=&#8221;CAT10&#8243;][\/vc_column_inner][vc_column_inner width=&#8221;1\/4&#8243;][elx_download_block text=&#8221;Genuine Replacement Parts, Accessories &amp; Consumables catalogue&#8221; document_type=&#8221;cat&#8221; file_picker=&#8221;24892&#8243; background_color=&#8221;electrolux-blue&#8221; background_hover_color=&#8221;lighter-hover&#8221; ca_document_number=&#8221;CAT19&#8243;][\/vc_column_inner][vc_column_inner width=&#8221;1\/4&#8243;][elx_download_block text=&#8221;Spare Part Kits catalogue&#8221; document_type=&#8221;cat&#8221; file_picker=&#8221;24892&#8243; background_color=&#8221;electrolux-blue&#8221; background_hover_color=&#8221;lighter-hover&#8221; ca_document_number=&#8221;CAT9&#8243;][\/vc_column_inner][vc_column_inner [&hellip;]<\/p>\n","protected":false},"author":174,"featured_media":1894,"parent":51186,"menu_order":0,"comment_status":"closed","ping_status":"closed","template":"","meta":{"footnotes":""},"class_list":["post-51277","page","type-page","status-publish","has-post-thumbnail","hentry"],"acf":[],"yoast_head":"<!-- This site is optimized with the Yoast SEO plugin v23.3 - https:\/\/yoast.com\/wordpress\/plugins\/seo\/ -->\n<title>Tillbeh\u00f6r och f\u00f6rbrukningsvaror - Varmk\u00f6k - Electrolux Professional<\/title>\n<meta name=\"description\" content=\"Pastakorgar, frit\u00f6skorgar, wokpannor och reng\u00f6ringsmedel. Uppt\u00e4ck alla tillbeh\u00f6r f\u00f6r ditt perfekta modul\u00e4ra varmk\u00f6k!\" \/>\n<meta name=\"robots\" content=\"index, follow, max-snippet:-1, max-image-preview:large, max-video-preview:-1\" \/>\n<link rel=\"canonical\" href=\"https:\/\/www.electroluxprofessional.com\/se\/storkok\/tillbehor-varmkok\/\" \/>\n<meta property=\"og:locale\" content=\"sv_SE\" \/>\n<meta property=\"og:type\" content=\"article\" \/>\n<meta property=\"og:title\" content=\"Tillbeh\u00f6r och f\u00f6rbrukningsvaror - Varmk\u00f6k - Electrolux Professional\" \/>\n<meta property=\"og:description\" content=\"Pastakorgar, frit\u00f6skorgar, wokpannor och reng\u00f6ringsmedel. Uppt\u00e4ck alla tillbeh\u00f6r f\u00f6r ditt perfekta modul\u00e4ra varmk\u00f6k!\" \/>\n<meta property=\"og:url\" content=\"https:\/\/www.electroluxprofessional.com\/se\/storkok\/tillbehor-varmkok\/\" \/>\n<meta property=\"og:site_name\" content=\"Electrolux Professional Sverige\" \/>\n<meta property=\"article:modified_time\" content=\"2025-10-16T07:54:33+00:00\" \/>\n<meta property=\"og:image\" content=\"https:\/\/www.electroluxprofessional.com\/se\/wp-content\/uploads\/2016\/11\/xp1.jpg\" \/>\n\t<meta property=\"og:image:width\" content=\"2000\" \/>\n\t<meta property=\"og:image:height\" content=\"1333\" \/>\n\t<meta property=\"og:image:type\" content=\"image\/jpeg\" \/>\n<meta name=\"twitter:card\" content=\"summary_large_image\" \/>\n<meta name=\"twitter:label1\" content=\"Ber\u00e4knad l\u00e4stid\" \/>\n\t<meta name=\"twitter:data1\" content=\"2 minuter\" \/>\n<script type=\"application\/ld+json\" class=\"yoast-schema-graph\">{\"@context\":\"https:\/\/schema.org\",\"@graph\":[{\"@type\":\"WebPage\",\"@id\":\"https:\/\/www.electroluxprofessional.com\/se\/storkok\/tillbehor-varmkok\/\",\"url\":\"https:\/\/www.electroluxprofessional.com\/se\/storkok\/tillbehor-varmkok\/\",\"name\":\"Tillbeh\u00f6r och f\u00f6rbrukningsvaror - Varmk\u00f6k - Electrolux Professional\",\"isPartOf\":{\"@id\":\"https:\/\/www.electroluxprofessional.com\/se\/#website\"},\"primaryImageOfPage\":{\"@id\":\"https:\/\/www.electroluxprofessional.com\/se\/storkok\/tillbehor-varmkok\/#primaryimage\"},\"image\":{\"@id\":\"https:\/\/www.electroluxprofessional.com\/se\/storkok\/tillbehor-varmkok\/#primaryimage\"},\"thumbnailUrl\":\"https:\/\/www.electroluxprofessional.com\/se\/wp-content\/uploads\/2016\/11\/xp1.jpg\",\"datePublished\":\"2024-06-25T14:25:56+00:00\",\"dateModified\":\"2025-10-16T07:54:33+00:00\",\"description\":\"Pastakorgar, frit\u00f6skorgar, wokpannor och reng\u00f6ringsmedel. Uppt\u00e4ck alla tillbeh\u00f6r f\u00f6r ditt perfekta modul\u00e4ra varmk\u00f6k!\",\"breadcrumb\":{\"@id\":\"https:\/\/www.electroluxprofessional.com\/se\/storkok\/tillbehor-varmkok\/#breadcrumb\"},\"inLanguage\":\"sv-SE\",\"potentialAction\":[{\"@type\":\"ReadAction\",\"target\":[\"https:\/\/www.electroluxprofessional.com\/se\/storkok\/tillbehor-varmkok\/\"]}]},{\"@type\":\"ImageObject\",\"inLanguage\":\"sv-SE\",\"@id\":\"https:\/\/www.electroluxprofessional.com\/se\/storkok\/tillbehor-varmkok\/#primaryimage\",\"url\":\"https:\/\/www.electroluxprofessional.com\/se\/wp-content\/uploads\/2016\/11\/xp1.jpg\",\"contentUrl\":\"https:\/\/www.electroluxprofessional.com\/se\/wp-content\/uploads\/2016\/11\/xp1.jpg\",\"width\":2000,\"height\":1333,\"caption\":\"900XP and 700XP\"},{\"@type\":\"BreadcrumbList\",\"@id\":\"https:\/\/www.electroluxprofessional.com\/se\/storkok\/tillbehor-varmkok\/#breadcrumb\",\"itemListElement\":[{\"@type\":\"ListItem\",\"position\":1,\"name\":\"Home\",\"item\":\"https:\/\/www.electroluxprofessional.com\/se\/\"},{\"@type\":\"ListItem\",\"position\":2,\"name\":\"Stork\u00f6k\",\"item\":\"https:\/\/www.electroluxprofessional.com\/se\/storkok\/\"},{\"@type\":\"ListItem\",\"position\":3,\"name\":\"Tillbeh\u00f6r och f\u00f6rbrukningsvaror &#8211; varmk\u00f6k\"}]},{\"@type\":\"WebSite\",\"@id\":\"https:\/\/www.electroluxprofessional.com\/se\/#website\",\"url\":\"https:\/\/www.electroluxprofessional.com\/se\/\",\"name\":\"Electrolux Professional Sverige\",\"description\":\"\",\"potentialAction\":[{\"@type\":\"SearchAction\",\"target\":{\"@type\":\"EntryPoint\",\"urlTemplate\":\"https:\/\/www.electroluxprofessional.com\/se\/?src={search_term_string}\"},\"query-input\":\"required name=search_term_string\"}],\"inLanguage\":\"sv-SE\"}]}<\/script>\n<!-- \/ Yoast SEO plugin. -->","yoast_head_json":{"title":"Tillbeh\u00f6r och f\u00f6rbrukningsvaror - Varmk\u00f6k - Electrolux Professional","description":"Pastakorgar, frit\u00f6skorgar, wokpannor och reng\u00f6ringsmedel. Uppt\u00e4ck alla tillbeh\u00f6r f\u00f6r ditt perfekta modul\u00e4ra varmk\u00f6k!","robots":{"index":"index","follow":"follow","max-snippet":"max-snippet:-1","max-image-preview":"max-image-preview:large","max-video-preview":"max-video-preview:-1"},"canonical":"https:\/\/www.electroluxprofessional.com\/se\/storkok\/tillbehor-varmkok\/","og_locale":"sv_SE","og_type":"article","og_title":"Tillbeh\u00f6r och f\u00f6rbrukningsvaror - Varmk\u00f6k - Electrolux Professional","og_description":"Pastakorgar, frit\u00f6skorgar, wokpannor och reng\u00f6ringsmedel. Uppt\u00e4ck alla tillbeh\u00f6r f\u00f6r ditt perfekta modul\u00e4ra varmk\u00f6k!","og_url":"https:\/\/www.electroluxprofessional.com\/se\/storkok\/tillbehor-varmkok\/","og_site_name":"Electrolux Professional Sverige","article_modified_time":"2025-10-16T07:54:33+00:00","og_image":[{"width":2000,"height":1333,"url":"https:\/\/www.electroluxprofessional.com\/se\/wp-content\/uploads\/2016\/11\/xp1.jpg","type":"image\/jpeg"}],"twitter_card":"summary_large_image","twitter_misc":{"Ber\u00e4knad l\u00e4stid":"2 minuter"},"schema":{"@context":"https:\/\/schema.org","@graph":[{"@type":"WebPage","@id":"https:\/\/www.electroluxprofessional.com\/se\/storkok\/tillbehor-varmkok\/","url":"https:\/\/www.electroluxprofessional.com\/se\/storkok\/tillbehor-varmkok\/","name":"Tillbeh\u00f6r och f\u00f6rbrukningsvaror - Varmk\u00f6k - Electrolux Professional","isPartOf":{"@id":"https:\/\/www.electroluxprofessional.com\/se\/#website"},"primaryImageOfPage":{"@id":"https:\/\/www.electroluxprofessional.com\/se\/storkok\/tillbehor-varmkok\/#primaryimage"},"image":{"@id":"https:\/\/www.electroluxprofessional.com\/se\/storkok\/tillbehor-varmkok\/#primaryimage"},"thumbnailUrl":"https:\/\/www.electroluxprofessional.com\/se\/wp-content\/uploads\/2016\/11\/xp1.jpg","datePublished":"2024-06-25T14:25:56+00:00","dateModified":"2025-10-16T07:54:33+00:00","description":"Pastakorgar, frit\u00f6skorgar, wokpannor och reng\u00f6ringsmedel. Uppt\u00e4ck alla tillbeh\u00f6r f\u00f6r ditt perfekta modul\u00e4ra varmk\u00f6k!","breadcrumb":{"@id":"https:\/\/www.electroluxprofessional.com\/se\/storkok\/tillbehor-varmkok\/#breadcrumb"},"inLanguage":"sv-SE","potentialAction":[{"@type":"ReadAction","target":["https:\/\/www.electroluxprofessional.com\/se\/storkok\/tillbehor-varmkok\/"]}]},{"@type":"ImageObject","inLanguage":"sv-SE","@id":"https:\/\/www.electroluxprofessional.com\/se\/storkok\/tillbehor-varmkok\/#primaryimage","url":"https:\/\/www.electroluxprofessional.com\/se\/wp-content\/uploads\/2016\/11\/xp1.jpg","contentUrl":"https:\/\/www.electroluxprofessional.com\/se\/wp-content\/uploads\/2016\/11\/xp1.jpg","width":2000,"height":1333,"caption":"900XP and 700XP"},{"@type":"BreadcrumbList","@id":"https:\/\/www.electroluxprofessional.com\/se\/storkok\/tillbehor-varmkok\/#breadcrumb","itemListElement":[{"@type":"ListItem","position":1,"name":"Home","item":"https:\/\/www.electroluxprofessional.com\/se\/"},{"@type":"ListItem","position":2,"name":"Stork\u00f6k","item":"https:\/\/www.electroluxprofessional.com\/se\/storkok\/"},{"@type":"ListItem","position":3,"name":"Tillbeh\u00f6r och f\u00f6rbrukningsvaror &#8211; varmk\u00f6k"}]},{"@type":"WebSite","@id":"https:\/\/www.electroluxprofessional.com\/se\/#website","url":"https:\/\/www.electroluxprofessional.com\/se\/","name":"Electrolux Professional Sverige","description":"","potentialAction":[{"@type":"SearchAction","target":{"@type":"EntryPoint","urlTemplate":"https:\/\/www.electroluxprofessional.com\/se\/?src={search_term_string}"},"query-input":"required name=search_term_string"}],"inLanguage":"sv-SE"}]}},"_links":{"self":[{"href":"https:\/\/www.electroluxprofessional.com\/se\/wp-json\/wp\/v2\/pages\/51277"}],"collection":[{"href":"https:\/\/www.electroluxprofessional.com\/se\/wp-json\/wp\/v2\/pages"}],"about":[{"href":"https:\/\/www.electroluxprofessional.com\/se\/wp-json\/wp\/v2\/types\/page"}],"author":[{"embeddable":true,"href":"https:\/\/www.electroluxprofessional.com\/se\/wp-json\/wp\/v2\/users\/174"}],"replies":[{"embeddable":true,"href":"https:\/\/www.electroluxprofessional.com\/se\/wp-json\/wp\/v2\/comments?post=51277"}],"version-history":[{"count":14,"href":"https:\/\/www.electroluxprofessional.com\/se\/wp-json\/wp\/v2\/pages\/51277\/revisions"}],"predecessor-version":[{"id":54295,"href":"https:\/\/www.electroluxprofessional.com\/se\/wp-json\/wp\/v2\/pages\/51277\/revisions\/54295"}],"up":[{"embeddable":true,"href":"https:\/\/www.electroluxprofessional.com\/se\/wp-json\/wp\/v2\/pages\/51186"}],"wp:featuredmedia":[{"embeddable":true,"href":"https:\/\/www.electroluxprofessional.com\/se\/wp-json\/wp\/v2\/media\/1894"}],"wp:attachment":[{"href":"https:\/\/www.electroluxprofessional.com\/se\/wp-json\/wp\/v2\/media?parent=51277"}],"curies":[{"name":"wp","href":"https:\/\/api.w.org\/{rel}","templated":true}]}}