{"id":51211,"date":"2024-06-24T12:53:50","date_gmt":"2024-06-24T11:53:50","guid":{"rendered":"https:\/\/www.electroluxprofessional.com\/se\/?page_id=51211"},"modified":"2025-05-13T14:27:54","modified_gmt":"2025-05-13T13:27:54","slug":"tvatt","status":"publish","type":"page","link":"https:\/\/www.electroluxprofessional.com\/se\/tvatt\/","title":{"rendered":"Tv\u00e4tt"},"content":{"rendered":"","protected":false},"excerpt":{"rendered":"","protected":false},"author":565,"featured_media":0,"parent":0,"menu_order":0,"comment_status":"closed","ping_status":"closed","template":"","meta":{"footnotes":""},"class_list":["post-51211","page","type-page","status-publish","hentry"],"acf":[],"yoast_head":"<!-- This site is optimized with the Yoast SEO plugin v23.3 - https:\/\/yoast.com\/wordpress\/plugins\/seo\/ -->\n<title>Tv\u00e4tt - Electrolux Professional Sverige<\/title>\n<meta name=\"description\" content=\"Tv\u00e4ttst\u00e4ll f\u00f6r restauranger fr\u00e5n Electrolux Professional - effektiv vatten\u00e5tervinning och energibesparing med optimala resultat.\" \/>\n<meta name=\"robots\" content=\"index, follow, max-snippet:-1, max-image-preview:large, max-video-preview:-1\" \/>\n<link rel=\"canonical\" href=\"https:\/\/www.electroluxprofessional.com\/se\/tvatt\/\" \/>\n<meta property=\"og:locale\" content=\"sv_SE\" \/>\n<meta property=\"og:type\" content=\"article\" \/>\n<meta property=\"og:title\" content=\"Tv\u00e4tt - Electrolux Professional Sverige\" \/>\n<meta property=\"og:description\" content=\"Tv\u00e4ttst\u00e4ll f\u00f6r restauranger fr\u00e5n Electrolux Professional - effektiv vatten\u00e5tervinning och energibesparing med optimala resultat.\" \/>\n<meta property=\"og:url\" content=\"https:\/\/www.electroluxprofessional.com\/se\/tvatt\/\" \/>\n<meta property=\"og:site_name\" content=\"Electrolux Professional Sverige\" \/>\n<meta property=\"article:modified_time\" content=\"2025-05-13T13:27:54+00:00\" \/>\n<meta name=\"twitter:card\" content=\"summary_large_image\" \/>\n<script type=\"application\/ld+json\" class=\"yoast-schema-graph\">{\"@context\":\"https:\/\/schema.org\",\"@graph\":[{\"@type\":\"WebPage\",\"@id\":\"https:\/\/www.electroluxprofessional.com\/se\/tvatt\/\",\"url\":\"https:\/\/www.electroluxprofessional.com\/se\/tvatt\/\",\"name\":\"Tv\u00e4tt - Electrolux Professional Sverige\",\"isPartOf\":{\"@id\":\"https:\/\/www.electroluxprofessional.com\/se\/#website\"},\"datePublished\":\"2024-06-24T11:53:50+00:00\",\"dateModified\":\"2025-05-13T13:27:54+00:00\",\"description\":\"Tv\u00e4ttst\u00e4ll f\u00f6r restauranger fr\u00e5n Electrolux Professional - effektiv vatten\u00e5tervinning och energibesparing med optimala resultat.\",\"breadcrumb\":{\"@id\":\"https:\/\/www.electroluxprofessional.com\/se\/tvatt\/#breadcrumb\"},\"inLanguage\":\"sv-SE\",\"potentialAction\":[{\"@type\":\"ReadAction\",\"target\":[\"https:\/\/www.electroluxprofessional.com\/se\/tvatt\/\"]}]},{\"@type\":\"BreadcrumbList\",\"@id\":\"https:\/\/www.electroluxprofessional.com\/se\/tvatt\/#breadcrumb\",\"itemListElement\":[{\"@type\":\"ListItem\",\"position\":1,\"name\":\"Home\",\"item\":\"https:\/\/www.electroluxprofessional.com\/se\/\"},{\"@type\":\"ListItem\",\"position\":2,\"name\":\"Tv\u00e4tt\"}]},{\"@type\":\"WebSite\",\"@id\":\"https:\/\/www.electroluxprofessional.com\/se\/#website\",\"url\":\"https:\/\/www.electroluxprofessional.com\/se\/\",\"name\":\"Electrolux Professional Sverige\",\"description\":\"\",\"potentialAction\":[{\"@type\":\"SearchAction\",\"target\":{\"@type\":\"EntryPoint\",\"urlTemplate\":\"https:\/\/www.electroluxprofessional.com\/se\/?src={search_term_string}\"},\"query-input\":\"required name=search_term_string\"}],\"inLanguage\":\"sv-SE\"}]}<\/script>\n<!-- \/ Yoast SEO plugin. -->","yoast_head_json":{"title":"Tv\u00e4tt - Electrolux Professional Sverige","description":"Tv\u00e4ttst\u00e4ll f\u00f6r restauranger fr\u00e5n Electrolux Professional - effektiv vatten\u00e5tervinning och energibesparing med optimala resultat.","robots":{"index":"index","follow":"follow","max-snippet":"max-snippet:-1","max-image-preview":"max-image-preview:large","max-video-preview":"max-video-preview:-1"},"canonical":"https:\/\/www.electroluxprofessional.com\/se\/tvatt\/","og_locale":"sv_SE","og_type":"article","og_title":"Tv\u00e4tt - Electrolux Professional Sverige","og_description":"Tv\u00e4ttst\u00e4ll f\u00f6r restauranger fr\u00e5n Electrolux Professional - effektiv vatten\u00e5tervinning och energibesparing med optimala resultat.","og_url":"https:\/\/www.electroluxprofessional.com\/se\/tvatt\/","og_site_name":"Electrolux Professional Sverige","article_modified_time":"2025-05-13T13:27:54+00:00","twitter_card":"summary_large_image","schema":{"@context":"https:\/\/schema.org","@graph":[{"@type":"WebPage","@id":"https:\/\/www.electroluxprofessional.com\/se\/tvatt\/","url":"https:\/\/www.electroluxprofessional.com\/se\/tvatt\/","name":"Tv\u00e4tt - Electrolux Professional Sverige","isPartOf":{"@id":"https:\/\/www.electroluxprofessional.com\/se\/#website"},"datePublished":"2024-06-24T11:53:50+00:00","dateModified":"2025-05-13T13:27:54+00:00","description":"Tv\u00e4ttst\u00e4ll f\u00f6r restauranger fr\u00e5n Electrolux Professional - effektiv vatten\u00e5tervinning och energibesparing med optimala resultat.","breadcrumb":{"@id":"https:\/\/www.electroluxprofessional.com\/se\/tvatt\/#breadcrumb"},"inLanguage":"sv-SE","potentialAction":[{"@type":"ReadAction","target":["https:\/\/www.electroluxprofessional.com\/se\/tvatt\/"]}]},{"@type":"BreadcrumbList","@id":"https:\/\/www.electroluxprofessional.com\/se\/tvatt\/#breadcrumb","itemListElement":[{"@type":"ListItem","position":1,"name":"Home","item":"https:\/\/www.electroluxprofessional.com\/se\/"},{"@type":"ListItem","position":2,"name":"Tv\u00e4tt"}]},{"@type":"WebSite","@id":"https:\/\/www.electroluxprofessional.com\/se\/#website","url":"https:\/\/www.electroluxprofessional.com\/se\/","name":"Electrolux Professional Sverige","description":"","potentialAction":[{"@type":"SearchAction","target":{"@type":"EntryPoint","urlTemplate":"https:\/\/www.electroluxprofessional.com\/se\/?src={search_term_string}"},"query-input":"required name=search_term_string"}],"inLanguage":"sv-SE"}]}},"_links":{"self":[{"href":"https:\/\/www.electroluxprofessional.com\/se\/wp-json\/wp\/v2\/pages\/51211"}],"collection":[{"href":"https:\/\/www.electroluxprofessional.com\/se\/wp-json\/wp\/v2\/pages"}],"about":[{"href":"https:\/\/www.electroluxprofessional.com\/se\/wp-json\/wp\/v2\/types\/page"}],"author":[{"embeddable":true,"href":"https:\/\/www.electroluxprofessional.com\/se\/wp-json\/wp\/v2\/users\/565"}],"replies":[{"embeddable":true,"href":"https:\/\/www.electroluxprofessional.com\/se\/wp-json\/wp\/v2\/comments?post=51211"}],"version-history":[{"count":2,"href":"https:\/\/www.electroluxprofessional.com\/se\/wp-json\/wp\/v2\/pages\/51211\/revisions"}],"predecessor-version":[{"id":51792,"href":"https:\/\/www.electroluxprofessional.com\/se\/wp-json\/wp\/v2\/pages\/51211\/revisions\/51792"}],"wp:attachment":[{"href":"https:\/\/www.electroluxprofessional.com\/se\/wp-json\/wp\/v2\/media?parent=51211"}],"curies":[{"name":"wp","href":"https:\/\/api.w.org\/{rel}","templated":true}]}}