{"id":50609,"date":"2024-04-18T14:23:31","date_gmt":"2024-04-18T14:23:31","guid":{"rendered":"https:\/\/www.electroluxprofessional.com\/se\/?page_id=50609"},"modified":"2025-10-16T08:55:49","modified_gmt":"2025-10-16T07:55:49","slug":"tillbehor-kyla","status":"publish","type":"page","link":"https:\/\/www.electroluxprofessional.com\/se\/storkok\/tillbehor-kyla\/","title":{"rendered":"Tillbeh\u00f6r &#8211; Kyla"},"content":{"rendered":"<p>[vc_row full_width=&#8221;electroluxpro-full-width-no-padding&#8221;][vc_column css=&#8221;.vc_custom_1618358802266{margin-top: -40px !important;border-top-width: -40px !important;padding-top: -40px !important;}&#8221;][elx_full_banner title=&#8221;Tillbeh\u00f6r f\u00f6r kyla&#8221; background_image_media_library=&#8221;50598&#8243; background_image_media_library_mobile=&#8221;50605&#8243; link=&#8221;url:%23contact|title:Kontakta%20oss%20idag&#8221;][vc_row_inner full_width=&#8221;electroluxpro-full-width&#8221; gap=&#8221;15&#8243;][vc_column_inner width=&#8221;1\/4&#8243;][elx_download_block text=&#8221;Accessories for protection, sanitizing and cleaning catalogue&#8221; document_type=&#8221;cat&#8221; file_picker=&#8221;24892&#8243; background_color=&#8221;electrolux-blue&#8221; background_hover_color=&#8221;lighter-hover&#8221; ca_document_number=&#8221;CAT10&#8243;][\/vc_column_inner][vc_column_inner width=&#8221;1\/4&#8243;][elx_download_block text=&#8221;Genuine Replacement Parts, Accessories &amp; Consumables catalogue&#8221; document_type=&#8221;cat&#8221; file_picker=&#8221;24892&#8243; background_color=&#8221;electrolux-blue&#8221; background_hover_color=&#8221;lighter-hover&#8221; ca_document_number=&#8221;CAT19&#8243;][\/vc_column_inner][vc_column_inner width=&#8221;1\/4&#8243;][elx_download_block text=&#8221;Spare Part Kits catalogue&#8221; document_type=&#8221;cat&#8221; file_picker=&#8221;24892&#8243; background_color=&#8221;electrolux-blue&#8221; background_hover_color=&#8221;lighter-hover&#8221; ca_document_number=&#8221;CAT9&#8243;][\/vc_column_inner][vc_column_inner width=&#8221;1\/4&#8243;][elx_download_block text=&#8221;Professional cleaning detergents Selection Guide&#8221; file_picker=&#8221;47320&#8243; background_color=&#8221;electrolux-blue&#8221;][\/vc_column_inner][\/vc_row_inner][\/vc_column][\/vc_row][vc_row][vc_column][elx_menu menu_name=&#8221;Tillbeh\u00f6r och f\u00f6rbrukningsvaror&#8221;][vc_row_inner][vc_column_inner][vc_empty_space][vc_column_text]<\/p>\n<h3>R\u00e4tt tillbeh\u00f6r f\u00f6r professionell kyl\/frysutrustning \u00e4r avg\u00f6rande f\u00f6r att s\u00e4kerst\u00e4lla optimal prestanda och produktlivsl\u00e4ngd.<\/h3>\n<p>[\/vc_column_text][vc_empty_space][\/vc_column_inner][\/vc_row_inner][vc_row_inner][vc_column_inner width=&#8221;1\/3&#8243;][vc_single_image image=&#8221;50599&#8243; img_size=&#8221;full&#8221; alignment=&#8221;center&#8221;][vc_empty_space][\/vc_column_inner][vc_column_inner width=&#8221;1\/3&#8243;][vc_single_image image=&#8221;50600&#8243; img_size=&#8221;full&#8221; alignment=&#8221;center&#8221;][vc_empty_space][\/vc_column_inner][vc_column_inner width=&#8221;1\/3&#8243;][vc_single_image image=&#8221;50601&#8243; alignment=&#8221;center&#8221;][vc_empty_space][\/vc_column_inner][\/vc_row_inner][vc_row_inner][vc_column_inner width=&#8221;1\/3&#8243;][elx_heading text_color=&#8221;inherit&#8221;]Gallerhylla[\/elx_heading][vc_column_text]Gr\u00e5 gallerhylla, GN 2\/1,\u00a0 rilsan, med tv\u00e5 gejdrar f\u00f6r enkel stapling<\/p>\n<p><strong>PNC:<\/strong> 097643[\/vc_column_text][vc_empty_space][\/vc_column_inner][vc_column_inner width=&#8221;1\/3&#8243;][elx_heading text_color=&#8221;inherit&#8221;]Tr\u00e5dkorg[\/elx_heading][vc_column_text]Tr\u00e5dkorg rilsan GN 1\/1, f\u00f6r b\u00e4ttre organisering i kyl\/fryssk\u00e5pet.<\/p>\n<p><strong>PNC:<\/strong> 082794[\/vc_column_text][vc_empty_space][\/vc_column_inner][vc_column_inner width=&#8221;1\/3&#8243;][elx_heading text_color=&#8221;inherit&#8221;]Plastkantin[\/elx_heading][vc_column_text]Plastkantin perforerad, GN 1\/1, tillverkad i robust polykarbonat.<\/p>\n<p><strong>PNC:<\/strong> 097641[\/vc_column_text][vc_empty_space][\/vc_column_inner][\/vc_row_inner][vc_row_inner][vc_column_inner width=&#8221;1\/3&#8243;][elx_shop_now button_text=&#8221;K\u00d6P NU&#8221; button_display_block=&#8221;display_block_on&#8221; button_alignment=&#8221;align_center&#8221; button_link=&#8221;url:https%3A%2F%2Fwww.electroluxprofessional.com%2Fse%2Fsales-service-locator%2F&#8221;][vc_empty_space height=&#8221;60px&#8221;][\/vc_column_inner][vc_column_inner width=&#8221;1\/3&#8243;][elx_shop_now button_text=&#8221;K\u00d6P NU&#8221; button_display_block=&#8221;display_block_on&#8221; button_alignment=&#8221;align_center&#8221; button_link=&#8221;url:https%3A%2F%2Fwww.electroluxprofessional.com%2Fse%2Fsales-service-locator%2F&#8221;][vc_empty_space height=&#8221;60px&#8221;][\/vc_column_inner][vc_column_inner width=&#8221;1\/3&#8243;][elx_shop_now button_text=&#8221;K\u00d6P NU&#8221; button_display_block=&#8221;display_block_on&#8221; button_alignment=&#8221;align_center&#8221; button_link=&#8221;url:https%3A%2F%2Fwww.electroluxprofessional.com%2Fse%2Fsales-service-locator%2F&#8221;][vc_empty_space height=&#8221;60px&#8221;][\/vc_column_inner][\/vc_row_inner][vc_row_inner][vc_column_inner width=&#8221;1\/3&#8243;][vc_single_image image=&#8221;50602&#8243; img_size=&#8221;full&#8221; alignment=&#8221;center&#8221;][vc_empty_space][\/vc_column_inner][vc_column_inner width=&#8221;1\/3&#8243;][vc_single_image image=&#8221;50603&#8243; img_size=&#8221;full&#8221; alignment=&#8221;center&#8221;][vc_empty_space][\/vc_column_inner][vc_column_inner width=&#8221;1\/3&#8243;][vc_single_image image=&#8221;50604&#8243; img_size=&#8221;full&#8221; alignment=&#8221;center&#8221;][vc_empty_space][\/vc_column_inner][\/vc_row_inner][vc_row_inner][vc_column_inner width=&#8221;1\/3&#8243;][elx_heading text_color=&#8221;inherit&#8221;]Hjul[\/elx_heading][vc_column_text]4 sv\u00e4ngbara hjul med broms f\u00f6r enkel och s\u00e4ker f\u00f6rflyttning.<\/p>\n<p><strong>PNC:<\/strong> 0S2633[\/vc_column_text][vc_empty_space][\/vc_column_inner][vc_column_inner width=&#8221;1\/3&#8243;][elx_heading text_color=&#8221;inherit&#8221;]Gejdervagn[\/elx_heading][vc_column_text]Gejdervagn 20 GN 2\/1 f\u00f6r smidig f\u00f6rvaring av m\u00e5nga kantiner.<\/p>\n<p><strong>PNC:<\/strong> 097642[\/vc_column_text][vc_empty_space][\/vc_column_inner][vc_column_inner width=&#8221;1\/3&#8243;][elx_heading text_color=&#8221;inherit&#8221;]Vakuump\u00e5sar[\/elx_heading][vc_column_text]Vakuumf\u00f6rpackningsp\u00e5sar \u00e4r v\u00e4sentliga f\u00f6r sous-vide tillagning samt f\u00f6r att ta hand om \u00f6verbliven mat och d\u00e4rmed \u00e4ven minskat svinn.[\/vc_column_text][vc_empty_space][\/vc_column_inner][\/vc_row_inner][vc_row_inner][vc_column_inner width=&#8221;1\/3&#8243;][elx_shop_now button_text=&#8221;K\u00d6P NU&#8221; button_display_block=&#8221;display_block_on&#8221; button_alignment=&#8221;align_center&#8221; button_link=&#8221;url:https%3A%2F%2Fwww.electroluxprofessional.com%2Fse%2Fsales-service-locator%2F&#8221;][vc_empty_space][\/vc_column_inner][vc_column_inner width=&#8221;1\/3&#8243;][elx_shop_now button_text=&#8221;K\u00d6P NU&#8221; button_display_block=&#8221;display_block_on&#8221; button_alignment=&#8221;align_center&#8221; button_link=&#8221;url:https%3A%2F%2Fwww.electroluxprofessional.com%2Fse%2Fsales-service-locator%2F&#8221;][vc_empty_space][\/vc_column_inner][vc_column_inner width=&#8221;1\/3&#8243;][elx_shop_now button_text=&#8221;K\u00d6P NU&#8221; button_display_block=&#8221;display_block_on&#8221; button_alignment=&#8221;align_center&#8221; button_link=&#8221;url:https%3A%2F%2Fwww.electroluxprofessional.com%2Fse%2Fsales-service-locator%2F&#8221;][vc_empty_space][\/vc_column_inner][\/vc_row_inner][vc_empty_space][\/vc_column][\/vc_row][vc_row][vc_column][elx_double_banner text_colors_1=&#8221;text-blue&#8221; text_colors_2=&#8221;text-blue&#8221; title_1=&#8221;Kyl- och fryssk\u00e5p&#8221; title_2=&#8221;Kyl- och frysb\u00e4nkar&#8221; link_1=&#8221;url:https%3A%2F%2Fwww.electroluxprofessional.com%2Fse%2Ffood-professionella-storkok-och-restauranger%2Fkyl-storkok%2F|title:Uppt%C3%A4ck%20mer&#8221; background_image_media_library_1=&#8221;50606&#8243; link_2=&#8221;url:https%3A%2F%2Fwww.electroluxprofessional.com%2Fse%2Fkylbankar%2F|title:Uppt%C3%A4ck%20mer&#8221; background_image_media_library_2=&#8221;50607&#8243; background_image_media_library_mobile_2=&#8221;50608&#8243;][vc_empty_space][vc_empty_space][elx_shop_now button_text=&#8221;K\u00d6P NU&#8221; button_display_block=&#8221;display_block_on&#8221; button_alignment=&#8221;align_center&#8221; button_link=&#8221;url:https%3A%2F%2Fwww.electroluxprofessional.com%2Fse%2Fsales-service-locator%2F&#8221;][vc_empty_space][\/vc_column][\/vc_row][vc_row el_id=&#8221;contact&#8221;][vc_column][vc_empty_space][elx_heading font_container=&#8221;h3&#8243; text_color=&#8221;inherit&#8221;]Kontakta oss f\u00f6r mer information om v\u00e5ra tillbeh\u00f6r till kyl\/frysutrustning[\/elx_heading][elx_o2000_contact_us s=&#8221;F\u00f6rfr\u00e5gan p\u00e5 tillbeh\u00f6r kyl\/frysutrustning fr\u00e5n hemsidan&#8221; country=&#8221;Sweden&#8221; b=&#8221;food&#8221; thanks=&#8221;Tack f\u00f6r din f\u00f6rfr\u00e5gan! Vi h\u00f6r av oss inom kort.&#8221; container=&#8221;elxcontactus1484306106&#8243; r=&#8221;Jag vill veta mer om era tillbeh\u00f6r f\u00f6r kyl\/frysutrustning till stork\u00f6k och restaurang. Kontakta mig g\u00e4rna.&#8221;][\/vc_column][\/vc_row]<\/p>\n","protected":false},"excerpt":{"rendered":"<p>[vc_row full_width=&#8221;electroluxpro-full-width-no-padding&#8221;][vc_column css=&#8221;.vc_custom_1618358802266{margin-top: -40px !important;border-top-width: -40px !important;padding-top: -40px !important;}&#8221;][elx_full_banner title=&#8221;Tillbeh\u00f6r f\u00f6r kyla&#8221; background_image_media_library=&#8221;50598&#8243; background_image_media_library_mobile=&#8221;50605&#8243; link=&#8221;url:%23contact|title:Kontakta%20oss%20idag&#8221;][vc_row_inner full_width=&#8221;electroluxpro-full-width&#8221; gap=&#8221;15&#8243;][vc_column_inner width=&#8221;1\/4&#8243;][elx_download_block text=&#8221;Accessories for protection, sanitizing and cleaning catalogue&#8221; document_type=&#8221;cat&#8221; file_picker=&#8221;24892&#8243; background_color=&#8221;electrolux-blue&#8221; background_hover_color=&#8221;lighter-hover&#8221; ca_document_number=&#8221;CAT10&#8243;][\/vc_column_inner][vc_column_inner width=&#8221;1\/4&#8243;][elx_download_block text=&#8221;Genuine Replacement Parts, Accessories &amp; Consumables catalogue&#8221; document_type=&#8221;cat&#8221; file_picker=&#8221;24892&#8243; background_color=&#8221;electrolux-blue&#8221; background_hover_color=&#8221;lighter-hover&#8221; ca_document_number=&#8221;CAT19&#8243;][\/vc_column_inner][vc_column_inner width=&#8221;1\/4&#8243;][elx_download_block text=&#8221;Spare Part Kits catalogue&#8221; document_type=&#8221;cat&#8221; file_picker=&#8221;24892&#8243; background_color=&#8221;electrolux-blue&#8221; background_hover_color=&#8221;lighter-hover&#8221; ca_document_number=&#8221;CAT9&#8243;][\/vc_column_inner][vc_column_inner width=&#8221;1\/4&#8243;][elx_download_block text=&#8221;Professional [&hellip;]<\/p>\n","protected":false},"author":242,"featured_media":50598,"parent":51186,"menu_order":0,"comment_status":"closed","ping_status":"closed","template":"","meta":{"footnotes":""},"class_list":["post-50609","page","type-page","status-publish","has-post-thumbnail","hentry"],"acf":[],"yoast_head":"<!-- This site is optimized with the Yoast SEO plugin v23.3 - https:\/\/yoast.com\/wordpress\/plugins\/seo\/ -->\n<title>Tillbeh\u00f6r - Kyla - Electrolux Professional Sverige<\/title>\n<meta name=\"description\" content=\"Gallerhyllor, tr\u00e5dkorgar, kantiner och andra tillbeh\u00f6r f\u00f6r professionell kyl- och frysutrustning till stork\u00f6k och restaurang.\" \/>\n<meta name=\"robots\" content=\"index, follow, max-snippet:-1, max-image-preview:large, max-video-preview:-1\" \/>\n<link rel=\"canonical\" href=\"https:\/\/www.electroluxprofessional.com\/se\/storkok\/tillbehor-kyla\/\" \/>\n<meta property=\"og:locale\" content=\"sv_SE\" \/>\n<meta property=\"og:type\" content=\"article\" \/>\n<meta property=\"og:title\" content=\"Tillbeh\u00f6r - Kyla - Electrolux Professional Sverige\" \/>\n<meta property=\"og:description\" content=\"Gallerhyllor, tr\u00e5dkorgar, kantiner och andra tillbeh\u00f6r f\u00f6r professionell kyl- och frysutrustning till stork\u00f6k och restaurang.\" \/>\n<meta property=\"og:url\" content=\"https:\/\/www.electroluxprofessional.com\/se\/storkok\/tillbehor-kyla\/\" \/>\n<meta property=\"og:site_name\" content=\"Electrolux Professional Sverige\" \/>\n<meta property=\"article:modified_time\" content=\"2025-10-16T07:55:49+00:00\" \/>\n<meta property=\"og:image\" content=\"https:\/\/www.electroluxprofessional.com\/se\/wp-content\/uploads\/2024\/04\/banner12312.jpg\" \/>\n\t<meta property=\"og:image:width\" content=\"1920\" \/>\n\t<meta property=\"og:image:height\" content=\"581\" \/>\n\t<meta property=\"og:image:type\" content=\"image\/jpeg\" \/>\n<meta name=\"twitter:card\" content=\"summary_large_image\" \/>\n<meta name=\"twitter:label1\" content=\"Ber\u00e4knad l\u00e4stid\" \/>\n\t<meta name=\"twitter:data1\" content=\"2 minuter\" \/>\n<script type=\"application\/ld+json\" class=\"yoast-schema-graph\">{\"@context\":\"https:\/\/schema.org\",\"@graph\":[{\"@type\":\"WebPage\",\"@id\":\"https:\/\/www.electroluxprofessional.com\/se\/storkok\/tillbehor-kyla\/\",\"url\":\"https:\/\/www.electroluxprofessional.com\/se\/storkok\/tillbehor-kyla\/\",\"name\":\"Tillbeh\u00f6r - Kyla - Electrolux Professional Sverige\",\"isPartOf\":{\"@id\":\"https:\/\/www.electroluxprofessional.com\/se\/#website\"},\"primaryImageOfPage\":{\"@id\":\"https:\/\/www.electroluxprofessional.com\/se\/storkok\/tillbehor-kyla\/#primaryimage\"},\"image\":{\"@id\":\"https:\/\/www.electroluxprofessional.com\/se\/storkok\/tillbehor-kyla\/#primaryimage\"},\"thumbnailUrl\":\"https:\/\/www.electroluxprofessional.com\/se\/wp-content\/uploads\/2024\/04\/banner12312.jpg\",\"datePublished\":\"2024-04-18T14:23:31+00:00\",\"dateModified\":\"2025-10-16T07:55:49+00:00\",\"description\":\"Gallerhyllor, tr\u00e5dkorgar, kantiner och andra tillbeh\u00f6r f\u00f6r professionell kyl- och frysutrustning till stork\u00f6k och restaurang.\",\"breadcrumb\":{\"@id\":\"https:\/\/www.electroluxprofessional.com\/se\/storkok\/tillbehor-kyla\/#breadcrumb\"},\"inLanguage\":\"sv-SE\",\"potentialAction\":[{\"@type\":\"ReadAction\",\"target\":[\"https:\/\/www.electroluxprofessional.com\/se\/storkok\/tillbehor-kyla\/\"]}]},{\"@type\":\"ImageObject\",\"inLanguage\":\"sv-SE\",\"@id\":\"https:\/\/www.electroluxprofessional.com\/se\/storkok\/tillbehor-kyla\/#primaryimage\",\"url\":\"https:\/\/www.electroluxprofessional.com\/se\/wp-content\/uploads\/2024\/04\/banner12312.jpg\",\"contentUrl\":\"https:\/\/www.electroluxprofessional.com\/se\/wp-content\/uploads\/2024\/04\/banner12312.jpg\",\"width\":1920,\"height\":581},{\"@type\":\"BreadcrumbList\",\"@id\":\"https:\/\/www.electroluxprofessional.com\/se\/storkok\/tillbehor-kyla\/#breadcrumb\",\"itemListElement\":[{\"@type\":\"ListItem\",\"position\":1,\"name\":\"Home\",\"item\":\"https:\/\/www.electroluxprofessional.com\/se\/\"},{\"@type\":\"ListItem\",\"position\":2,\"name\":\"Stork\u00f6k\",\"item\":\"https:\/\/www.electroluxprofessional.com\/se\/storkok\/\"},{\"@type\":\"ListItem\",\"position\":3,\"name\":\"Tillbeh\u00f6r &#8211; Kyla\"}]},{\"@type\":\"WebSite\",\"@id\":\"https:\/\/www.electroluxprofessional.com\/se\/#website\",\"url\":\"https:\/\/www.electroluxprofessional.com\/se\/\",\"name\":\"Electrolux Professional Sverige\",\"description\":\"\",\"potentialAction\":[{\"@type\":\"SearchAction\",\"target\":{\"@type\":\"EntryPoint\",\"urlTemplate\":\"https:\/\/www.electroluxprofessional.com\/se\/?src={search_term_string}\"},\"query-input\":\"required name=search_term_string\"}],\"inLanguage\":\"sv-SE\"}]}<\/script>\n<!-- \/ Yoast SEO plugin. -->","yoast_head_json":{"title":"Tillbeh\u00f6r - Kyla - Electrolux Professional Sverige","description":"Gallerhyllor, tr\u00e5dkorgar, kantiner och andra tillbeh\u00f6r f\u00f6r professionell kyl- och frysutrustning till stork\u00f6k och restaurang.","robots":{"index":"index","follow":"follow","max-snippet":"max-snippet:-1","max-image-preview":"max-image-preview:large","max-video-preview":"max-video-preview:-1"},"canonical":"https:\/\/www.electroluxprofessional.com\/se\/storkok\/tillbehor-kyla\/","og_locale":"sv_SE","og_type":"article","og_title":"Tillbeh\u00f6r - Kyla - Electrolux Professional Sverige","og_description":"Gallerhyllor, tr\u00e5dkorgar, kantiner och andra tillbeh\u00f6r f\u00f6r professionell kyl- och frysutrustning till stork\u00f6k och restaurang.","og_url":"https:\/\/www.electroluxprofessional.com\/se\/storkok\/tillbehor-kyla\/","og_site_name":"Electrolux Professional Sverige","article_modified_time":"2025-10-16T07:55:49+00:00","og_image":[{"width":1920,"height":581,"url":"https:\/\/www.electroluxprofessional.com\/se\/wp-content\/uploads\/2024\/04\/banner12312.jpg","type":"image\/jpeg"}],"twitter_card":"summary_large_image","twitter_misc":{"Ber\u00e4knad l\u00e4stid":"2 minuter"},"schema":{"@context":"https:\/\/schema.org","@graph":[{"@type":"WebPage","@id":"https:\/\/www.electroluxprofessional.com\/se\/storkok\/tillbehor-kyla\/","url":"https:\/\/www.electroluxprofessional.com\/se\/storkok\/tillbehor-kyla\/","name":"Tillbeh\u00f6r - Kyla - Electrolux Professional Sverige","isPartOf":{"@id":"https:\/\/www.electroluxprofessional.com\/se\/#website"},"primaryImageOfPage":{"@id":"https:\/\/www.electroluxprofessional.com\/se\/storkok\/tillbehor-kyla\/#primaryimage"},"image":{"@id":"https:\/\/www.electroluxprofessional.com\/se\/storkok\/tillbehor-kyla\/#primaryimage"},"thumbnailUrl":"https:\/\/www.electroluxprofessional.com\/se\/wp-content\/uploads\/2024\/04\/banner12312.jpg","datePublished":"2024-04-18T14:23:31+00:00","dateModified":"2025-10-16T07:55:49+00:00","description":"Gallerhyllor, tr\u00e5dkorgar, kantiner och andra tillbeh\u00f6r f\u00f6r professionell kyl- och frysutrustning till stork\u00f6k och restaurang.","breadcrumb":{"@id":"https:\/\/www.electroluxprofessional.com\/se\/storkok\/tillbehor-kyla\/#breadcrumb"},"inLanguage":"sv-SE","potentialAction":[{"@type":"ReadAction","target":["https:\/\/www.electroluxprofessional.com\/se\/storkok\/tillbehor-kyla\/"]}]},{"@type":"ImageObject","inLanguage":"sv-SE","@id":"https:\/\/www.electroluxprofessional.com\/se\/storkok\/tillbehor-kyla\/#primaryimage","url":"https:\/\/www.electroluxprofessional.com\/se\/wp-content\/uploads\/2024\/04\/banner12312.jpg","contentUrl":"https:\/\/www.electroluxprofessional.com\/se\/wp-content\/uploads\/2024\/04\/banner12312.jpg","width":1920,"height":581},{"@type":"BreadcrumbList","@id":"https:\/\/www.electroluxprofessional.com\/se\/storkok\/tillbehor-kyla\/#breadcrumb","itemListElement":[{"@type":"ListItem","position":1,"name":"Home","item":"https:\/\/www.electroluxprofessional.com\/se\/"},{"@type":"ListItem","position":2,"name":"Stork\u00f6k","item":"https:\/\/www.electroluxprofessional.com\/se\/storkok\/"},{"@type":"ListItem","position":3,"name":"Tillbeh\u00f6r &#8211; Kyla"}]},{"@type":"WebSite","@id":"https:\/\/www.electroluxprofessional.com\/se\/#website","url":"https:\/\/www.electroluxprofessional.com\/se\/","name":"Electrolux Professional Sverige","description":"","potentialAction":[{"@type":"SearchAction","target":{"@type":"EntryPoint","urlTemplate":"https:\/\/www.electroluxprofessional.com\/se\/?src={search_term_string}"},"query-input":"required name=search_term_string"}],"inLanguage":"sv-SE"}]}},"_links":{"self":[{"href":"https:\/\/www.electroluxprofessional.com\/se\/wp-json\/wp\/v2\/pages\/50609"}],"collection":[{"href":"https:\/\/www.electroluxprofessional.com\/se\/wp-json\/wp\/v2\/pages"}],"about":[{"href":"https:\/\/www.electroluxprofessional.com\/se\/wp-json\/wp\/v2\/types\/page"}],"author":[{"embeddable":true,"href":"https:\/\/www.electroluxprofessional.com\/se\/wp-json\/wp\/v2\/users\/242"}],"replies":[{"embeddable":true,"href":"https:\/\/www.electroluxprofessional.com\/se\/wp-json\/wp\/v2\/comments?post=50609"}],"version-history":[{"count":14,"href":"https:\/\/www.electroluxprofessional.com\/se\/wp-json\/wp\/v2\/pages\/50609\/revisions"}],"predecessor-version":[{"id":54301,"href":"https:\/\/www.electroluxprofessional.com\/se\/wp-json\/wp\/v2\/pages\/50609\/revisions\/54301"}],"up":[{"embeddable":true,"href":"https:\/\/www.electroluxprofessional.com\/se\/wp-json\/wp\/v2\/pages\/51186"}],"wp:featuredmedia":[{"embeddable":true,"href":"https:\/\/www.electroluxprofessional.com\/se\/wp-json\/wp\/v2\/media\/50598"}],"wp:attachment":[{"href":"https:\/\/www.electroluxprofessional.com\/se\/wp-json\/wp\/v2\/media?parent=50609"}],"curies":[{"name":"wp","href":"https:\/\/api.w.org\/{rel}","templated":true}]}}