{"id":5028,"date":"2018-01-29T12:13:11","date_gmt":"2018-01-29T11:13:11","guid":{"rendered":"https:\/\/www.electroluxprofessional.com\/?page_id=14297"},"modified":"2025-10-16T08:41:44","modified_gmt":"2025-10-16T07:41:44","slug":"fritoshp","status":"publish","type":"page","link":"https:\/\/www.electroluxprofessional.com\/se\/storkok\/fritoshp\/","title":{"rendered":"Frit\u00f6s <sup>HP<\/sup>"},"content":{"rendered":"<p>[vc_row full_width=&#8221;electroluxpro-full-width-no-padding&#8221;][vc_column][elx_full_banner title=&#8221;Frit\u00f6s f\u00f6r restaurang och stork\u00f6k&#8221; background_image_media_library=&#8221;5024&#8243; background_image_media_library_mobile=&#8221;47863&#8243; link=&#8221;url:%23kontakta_oss|title:Boka%20en%20demo&#8221;][\/vc_column][\/vc_row][vc_row][vc_column][vc_empty_space][elx_heading font_container=&#8221;h1&#8243; font_size=&#8221;h3&#8243; text_color=&#8221;inherit&#8221;]Electrolux Professional Frit\u00f6s <sup>HP<\/sup>[\/elx_heading][vc_column_text]<\/p>\n<p class=\"h5\">Snabbare, l\u00e4ttare, krispigare. G\u00e5ng efter g\u00e5ng.<\/p>\n<p>[\/vc_column_text][\/vc_column][\/vc_row][vc_row][vc_column width=&#8221;1\/3&#8243;][vc_empty_space][vc_single_image image=&#8221;5025&#8243; img_size=&#8221;full&#8221; alignment=&#8221;center&#8221;][\/vc_column][vc_column width=&#8221;2\/3&#8243;][vc_row_inner][vc_column_inner width=&#8221;1\/2&#8243;][vc_empty_space][vc_single_image image=&#8221;5026&#8243; img_size=&#8221;150px&#8221; alignment=&#8221;center&#8221;][\/vc_column_inner][vc_column_inner width=&#8221;1\/2&#8243;][elx_heading font_size=&#8221;h5&#8243; text_color=&#8221;inherit&#8221;]Mindre svinn[\/elx_heading][vc_column_text]Frit\u00f6s\u00a0<sup>HP<\/sup>\u00a0tar bort stressen med fritering. Tack vare\u00a0<strong>Automatic Cooking Function<\/strong> anpassas matlagningsparametrarna\u00a0automatiskt efter din belastning, f\u00f6r att s\u00e4kerst\u00e4lla perfekta resultat om och om igen.[\/vc_column_text][\/vc_column_inner][\/vc_row_inner][vc_row_inner][vc_column_inner width=&#8221;1\/2&#8243;][vc_empty_space][vc_single_image image=&#8221;5027&#8243; img_size=&#8221;150px&#8221; alignment=&#8221;center&#8221;][\/vc_column_inner][vc_column_inner width=&#8221;1\/2&#8243;][elx_heading font_size=&#8221;h5&#8243; text_color=&#8221;inherit&#8221;]Gr\u00f6n[\/elx_heading][vc_column_text]Reducera b\u00e5de oljef\u00f6rbrukning och driftskostnader med Frit\u00f6s\u00a0<sup>HP<\/sup>. Med\u00a0<strong>Advanced Filtration\u00a0System<\/strong>, filtreringssystemet i tv\u00e5 steg, blir reng\u00f6ring- och filtrering snabbare och s\u00e4krare.[\/vc_column_text][elx_heading font_container=&#8221;p&#8221; text_color=&#8221;orange&#8221;]<strong>G\u00e5 till produkter<\/strong>[\/elx_heading][elx_floating_icon destination_id=&#8221;friers&#8221; chevron_color=&#8221;icon-chevron-down-cta&#8221; scroll_to=&#8221;&#8221;][\/vc_column_inner][\/vc_row_inner][\/vc_column][\/vc_row][vc_row][vc_column][vc_empty_space][vc_column_text]<\/p>\n<p class=\"h5\">Oavsett ditt friteringsbehov, kan den senaste generationen av\u00a0<strong>Electrolux Professional Frit\u00f6s\u00a0<sup>HP<\/sup><\/strong>\u00a0<strong>g\u00f6ra skillnad<\/strong> f\u00f6r stork\u00f6k och restaurang.<\/p>\n<p>[\/vc_column_text][vc_empty_space][\/vc_column][\/vc_row][vc_row][vc_column width=&#8221;1\/3&#8243;][elx_video_block background_image=&#8221;5019&#8243; video_link=&#8221;https:\/\/www.youtube.com\/watch?v=jOPwycDfRKQ&#8221; minimum_height=&#8221;300px&#8221;][elx_heading font_size=&#8221;h5&#8243; text_color=&#8221;inherit&#8221;]Pommes frites Special &#8211; Electrolux Professional Frit\u00f6s <sup>HP<\/sup>[\/elx_heading][vc_column_text]Supersnabb uppv\u00e4rmning och snabb temperatur\u00e5tervinning s\u00e4kerst\u00e4ller h\u00f6g prestanda och l\u00e5ter dig\u00a0<strong>laga<\/strong>\u00a0flera satser\u00a0<strong>p\u00e5 kortare tid<\/strong>. Upp till 38 kg * potatis per sats = 38 kg potatis i timmen per brunn.<br \/>\n<em>* Standardreferens fr\u00e5n ASTM F1361 &#8211; Deep Fat Fryers<\/em>[\/vc_column_text][\/vc_column][vc_column width=&#8221;1\/3&#8243;][elx_video_block background_image=&#8221;5020&#8243; video_link=&#8221;https:\/\/www.youtube.com\/watch?v=B_4e0bdGU5s&#8221; minimum_height=&#8221;300px&#8221;][elx_heading font_size=&#8221;h5&#8243; text_color=&#8221;inherit&#8221;]Donut Special &#8211; Electrolux Professional Frit\u00f6s <sup>HP<\/sup>[\/elx_heading][vc_column_text]Arbeta snabbare och eliminera anv\u00e4ndarfel genom att enkelt\u00a0<strong>spara dina favoritfriteringscykler <\/strong>f\u00f6r att anv\u00e4nda om och om igen.<br \/>\nAtt schemal\u00e4gga uppgifter \u00e4r enkelt: du sparar tid och \u00f6kar effektiviteten i ditt k\u00f6k.[\/vc_column_text][\/vc_column][vc_column width=&#8221;1\/3&#8243;][elx_video_block background_image=&#8221;5021&#8243; video_link=&#8221;https:\/\/www.youtube.com\/watch?v=MaltE-eRCFY&amp;list=PLn-GI5LWCZdSUb5wlid6d6w7fZ1eneSUg&#8221; minimum_height=&#8221;300px&#8221;][elx_heading font_size=&#8221;h5&#8243; text_color=&#8221;inherit&#8221;]Recept Special &#8211; Electrolux Professional Frit\u00f6s <sup>HP<\/sup>[\/elx_heading][vc_column_text]Att tillaga perfekt krispig mat, portion efter portion, blev precis <strong>snabbare och enklare.<\/strong>[\/vc_column_text][\/vc_column][\/vc_row][vc_row][vc_column width=&#8221;1\/3&#8243;][vc_empty_space height=&#8221;80px&#8221;][vc_column_text]Uppt\u00e4ck och \u00e5tnjut n\u00e5gra <strong>professionella recept<\/strong> med nya Frit\u00f6s\u00a0<sup>HP<\/sup>.[\/vc_column_text][\/vc_column][vc_column width=&#8221;1\/3&#8243;][elx_download_block text=&#8221;Receptbok Frit\u00f6s <sup>HP<\/sup>&#8221; link=&#8221;https:\/\/tools.electroluxprofessional.com\/Mirror\/Doc\/REC\/REC_REC-2_1_5_1_2_EPR_Recipe%20book_Fryers%20HP_LR.pdf&#8221; background_color=&#8221;electrolux-blue&#8221;][\/vc_column][vc_column width=&#8221;1\/3&#8243;][elx_download_block text=&#8221;Broschyr Frit\u00f6s <sup>HP<\/sup>&#8221; document_type=&#8221;brochures&#8221; background_color=&#8221;electrolux-blue&#8221; br_document_number=&#8221;BR-9JE00116&#8243;][\/vc_column][\/vc_row][vc_row][vc_column][elx_heading font_size=&#8221;h5&#8243; text_color=&#8221;inherit&#8221;]Uppt\u00e4ck mer om de tv\u00e5 nya funktionerna som g\u00f6r att Frit\u00f6s\u00a0<sup>HP<\/sup>\u00a0kan\u00a0<strong>fritera mer, b\u00e4ttre och snabbare<\/strong>.[\/elx_heading][\/vc_column][\/vc_row][vc_row][vc_column width=&#8221;1\/3&#8243;][elx_video_block background_image=&#8221;5022&#8243; video_link=&#8221;https:\/\/www.youtube.com\/watch?v=Z26Gv7tPUY4&#8243; minimum_height=&#8221;300px&#8221;][vc_empty_space][elx_heading font_size=&#8221;h5&#8243; text_color=&#8221;inherit&#8221;]Avancerat Filtreringssystem[\/elx_heading][vc_column_text]H\u00e5ll det rent. Det\u00a0<strong>Avancerade Filtreringsystemet<\/strong>\u00a0hos Frit\u00f6s\u00a0<sup>HP<\/sup>\u00a0\u00f6kar massivt livsl\u00e4ngden p\u00e5 oljan och f\u00f6rhindrar att maten blir flottig genom att anv\u00e4nda <strong>r\u00e4tt pappersfilter<\/strong> f\u00f6r din frit\u00f6s.[\/vc_column_text][\/vc_column][vc_column width=&#8221;1\/3&#8243;][elx_video_block background_image=&#8221;5023&#8243; video_link=&#8221;https:\/\/www.youtube.com\/watch?v=gaxgg_yVz2E&#8221; minimum_height=&#8221;300px&#8221;][vc_empty_space][elx_heading font_size=&#8221;h5&#8243; text_color=&#8221;inherit&#8221;]Automatisk tillagningsfunktion[\/elx_heading][vc_column_text]Tidsbesparande. Med nya A<strong>utomatiska tillagningsfunktionen<\/strong> finns en automatisk belastningskompensation som justerar matlagningscykeln, vilket <strong>maximerar effektiviteten<\/strong> i ditt k\u00f6k.[\/vc_column_text][\/vc_column][vc_column width=&#8221;1\/3&#8243;][elx_heading font_size=&#8221;h5&#8243; text_color=&#8221;inherit&#8221;]Ny EU-lagstiftning[\/elx_heading][vc_column_text]Det kommer att finnas en <strong>ny EU-lagstiftning<\/strong> om akrylamid (kommissionens f\u00f6rordning (EU) 2017\/2158), som kommer att g\u00e4lla fr\u00e5n och med <strong>april 2018<\/strong>.<br \/>\nDetta betyder att:<\/p>\n<ul>\n<li>Temperaturen m\u00e5ste h\u00e5llas mellan 160 och 175 \u00b0 C vid fritering;<\/li>\n<li>potatis m\u00e5ste tillagas till gyllengul f\u00e4rg;<\/li>\n<li>ingen \u00f6verkokning;<\/li>\n<li>N\u00e4r du f\u00f6rbereder mindre m\u00e4ngder potatis \u00e4n vad som anges p\u00e5 f\u00f6rpackningen, minska tillagningstiden f\u00f6r att undvika \u00f6verdriven bryning av produkten.<\/li>\n<\/ul>\n<p><b>Nya elektroniska 23-liter Frit\u00f6s <sup>HP<\/sup> med Automatisk matlagningsfunktion \u00e4r perfekt f\u00f6r att uppfylla dessa krav!<\/b>[\/vc_column_text][\/vc_column][\/vc_row][vc_row matched_labels=&#8221;&#8221; el_id=&#8221;kontakta_oss&#8221;][vc_column][vc_empty_space][elx_heading font_size=&#8221;h3&#8243; text_color=&#8221;inherit&#8221;]St\u00e4rk din verksamhet med Electrolux Professional Frit\u00f6s <sup>HP<\/sup>[\/elx_heading][elx_o2000_contact_us s=&#8221;Mer information om Electrolux Professional Frit\u00f6s HP 23 liter&#8221; country=&#8221;Sweden&#8221; r=&#8221;Jag vill veta mer om nya Electrolux Professional Frit\u00f6s<sup>HP<\/sup>.<\/p>\n<p>V\u00e4nligen kontakta mig!&#8221; l=&#8221;se&#8221; e=&#8221;jennie.walther@electroluxprofessional.com&#8221;][\/vc_column][\/vc_row][vc_row css=&#8221;.vc_custom_1517485235936{background-color: #eeeeee !important;}&#8221;][vc_column][vc_empty_space][\/vc_column][\/vc_row][vc_row el_id=&#8221;friers&#8221;][vc_column][vc_empty_space][elx_heading font_size=&#8221;h3&#8243; text_color=&#8221;inherit&#8221;]Electrolux Professional Frit\u00f6s<sup>HP<\/sup>[\/elx_heading][\/vc_column][\/vc_row]<\/p>\n","protected":false},"excerpt":{"rendered":"<p>[vc_row full_width=&#8221;electroluxpro-full-width-no-padding&#8221;][vc_column][elx_full_banner title=&#8221;Frit\u00f6s f\u00f6r restaurang och stork\u00f6k&#8221; background_image_media_library=&#8221;5024&#8243; background_image_media_library_mobile=&#8221;47863&#8243; link=&#8221;url:%23kontakta_oss|title:Boka%20en%20demo&#8221;][\/vc_column][\/vc_row][vc_row][vc_column][vc_empty_space][elx_heading font_container=&#8221;h1&#8243; font_size=&#8221;h3&#8243; text_color=&#8221;inherit&#8221;]Electrolux Professional Frit\u00f6s HP[\/elx_heading][vc_column_text] Snabbare, l\u00e4ttare, krispigare. G\u00e5ng efter g\u00e5ng. [\/vc_column_text][\/vc_column][\/vc_row][vc_row][vc_column width=&#8221;1\/3&#8243;][vc_empty_space][vc_single_image image=&#8221;5025&#8243; img_size=&#8221;full&#8221; alignment=&#8221;center&#8221;][\/vc_column][vc_column width=&#8221;2\/3&#8243;][vc_row_inner][vc_column_inner width=&#8221;1\/2&#8243;][vc_empty_space][vc_single_image image=&#8221;5026&#8243; img_size=&#8221;150px&#8221; alignment=&#8221;center&#8221;][\/vc_column_inner][vc_column_inner width=&#8221;1\/2&#8243;][elx_heading font_size=&#8221;h5&#8243; text_color=&#8221;inherit&#8221;]Mindre svinn[\/elx_heading][vc_column_text]Frit\u00f6s\u00a0HP\u00a0tar bort stressen med fritering. Tack vare\u00a0Automatic Cooking Function anpassas matlagningsparametrarna\u00a0automatiskt efter din belastning, f\u00f6r att s\u00e4kerst\u00e4lla perfekta resultat om [&hellip;]<\/p>\n","protected":false},"author":4,"featured_media":0,"parent":51186,"menu_order":0,"comment_status":"closed","ping_status":"closed","template":"","meta":{"footnotes":""},"class_list":["post-5028","page","type-page","status-publish","hentry"],"acf":[],"yoast_head":"<!-- This site is optimized with the Yoast SEO plugin v23.3 - https:\/\/yoast.com\/wordpress\/plugins\/seo\/ -->\n<title>Frit\u00f6s HP f\u00f6r stork\u00f6k och restaurang - Electrolux Professional<\/title>\n<meta name=\"description\" content=\"Electrolux Professional Frit\u00f6s HP f\u00f6r stork\u00f6k och restaurang har nya smarta funktioner. Snabbare, l\u00e4ttare, krispigar. G\u00e5ng efter g\u00e5ng.\" \/>\n<meta name=\"robots\" content=\"index, follow, max-snippet:-1, max-image-preview:large, max-video-preview:-1\" \/>\n<link rel=\"canonical\" href=\"https:\/\/www.electroluxprofessional.com\/se\/storkok\/fritoshp\/\" \/>\n<meta property=\"og:locale\" content=\"sv_SE\" \/>\n<meta property=\"og:type\" content=\"article\" \/>\n<meta property=\"og:title\" content=\"Frit\u00f6s HP f\u00f6r stork\u00f6k och restaurang - Electrolux Professional\" \/>\n<meta property=\"og:description\" content=\"Electrolux Professional Frit\u00f6s HP f\u00f6r stork\u00f6k och restaurang har nya smarta funktioner. Snabbare, l\u00e4ttare, krispigar. G\u00e5ng efter g\u00e5ng.\" \/>\n<meta property=\"og:url\" content=\"https:\/\/www.electroluxprofessional.com\/se\/storkok\/fritoshp\/\" \/>\n<meta property=\"og:site_name\" content=\"Electrolux Professional Sverige\" \/>\n<meta property=\"article:modified_time\" content=\"2025-10-16T07:41:44+00:00\" \/>\n<meta name=\"twitter:card\" content=\"summary_large_image\" \/>\n<meta name=\"twitter:label1\" content=\"Ber\u00e4knad l\u00e4stid\" \/>\n\t<meta name=\"twitter:data1\" content=\"3 minuter\" \/>\n<script type=\"application\/ld+json\" class=\"yoast-schema-graph\">{\"@context\":\"https:\/\/schema.org\",\"@graph\":[{\"@type\":\"WebPage\",\"@id\":\"https:\/\/www.electroluxprofessional.com\/se\/storkok\/fritoshp\/\",\"url\":\"https:\/\/www.electroluxprofessional.com\/se\/storkok\/fritoshp\/\",\"name\":\"Frit\u00f6s HP f\u00f6r stork\u00f6k och restaurang - Electrolux Professional\",\"isPartOf\":{\"@id\":\"https:\/\/www.electroluxprofessional.com\/se\/#website\"},\"datePublished\":\"2018-01-29T11:13:11+00:00\",\"dateModified\":\"2025-10-16T07:41:44+00:00\",\"description\":\"Electrolux Professional Frit\u00f6s HP f\u00f6r stork\u00f6k och restaurang har nya smarta funktioner. Snabbare, l\u00e4ttare, krispigar. G\u00e5ng efter g\u00e5ng.\",\"breadcrumb\":{\"@id\":\"https:\/\/www.electroluxprofessional.com\/se\/storkok\/fritoshp\/#breadcrumb\"},\"inLanguage\":\"sv-SE\",\"potentialAction\":[{\"@type\":\"ReadAction\",\"target\":[\"https:\/\/www.electroluxprofessional.com\/se\/storkok\/fritoshp\/\"]}]},{\"@type\":\"BreadcrumbList\",\"@id\":\"https:\/\/www.electroluxprofessional.com\/se\/storkok\/fritoshp\/#breadcrumb\",\"itemListElement\":[{\"@type\":\"ListItem\",\"position\":1,\"name\":\"Home\",\"item\":\"https:\/\/www.electroluxprofessional.com\/se\/\"},{\"@type\":\"ListItem\",\"position\":2,\"name\":\"Stork\u00f6k\",\"item\":\"https:\/\/www.electroluxprofessional.com\/se\/storkok\/\"},{\"@type\":\"ListItem\",\"position\":3,\"name\":\"Frit\u00f6s HP\"}]},{\"@type\":\"WebSite\",\"@id\":\"https:\/\/www.electroluxprofessional.com\/se\/#website\",\"url\":\"https:\/\/www.electroluxprofessional.com\/se\/\",\"name\":\"Electrolux Professional Sverige\",\"description\":\"\",\"potentialAction\":[{\"@type\":\"SearchAction\",\"target\":{\"@type\":\"EntryPoint\",\"urlTemplate\":\"https:\/\/www.electroluxprofessional.com\/se\/?src={search_term_string}\"},\"query-input\":\"required name=search_term_string\"}],\"inLanguage\":\"sv-SE\"}]}<\/script>\n<!-- \/ Yoast SEO plugin. -->","yoast_head_json":{"title":"Frit\u00f6s HP f\u00f6r stork\u00f6k och restaurang - Electrolux Professional","description":"Electrolux Professional Frit\u00f6s HP f\u00f6r stork\u00f6k och restaurang har nya smarta funktioner. Snabbare, l\u00e4ttare, krispigar. G\u00e5ng efter g\u00e5ng.","robots":{"index":"index","follow":"follow","max-snippet":"max-snippet:-1","max-image-preview":"max-image-preview:large","max-video-preview":"max-video-preview:-1"},"canonical":"https:\/\/www.electroluxprofessional.com\/se\/storkok\/fritoshp\/","og_locale":"sv_SE","og_type":"article","og_title":"Frit\u00f6s HP f\u00f6r stork\u00f6k och restaurang - Electrolux Professional","og_description":"Electrolux Professional Frit\u00f6s HP f\u00f6r stork\u00f6k och restaurang har nya smarta funktioner. Snabbare, l\u00e4ttare, krispigar. G\u00e5ng efter g\u00e5ng.","og_url":"https:\/\/www.electroluxprofessional.com\/se\/storkok\/fritoshp\/","og_site_name":"Electrolux Professional Sverige","article_modified_time":"2025-10-16T07:41:44+00:00","twitter_card":"summary_large_image","twitter_misc":{"Ber\u00e4knad l\u00e4stid":"3 minuter"},"schema":{"@context":"https:\/\/schema.org","@graph":[{"@type":"WebPage","@id":"https:\/\/www.electroluxprofessional.com\/se\/storkok\/fritoshp\/","url":"https:\/\/www.electroluxprofessional.com\/se\/storkok\/fritoshp\/","name":"Frit\u00f6s HP f\u00f6r stork\u00f6k och restaurang - Electrolux Professional","isPartOf":{"@id":"https:\/\/www.electroluxprofessional.com\/se\/#website"},"datePublished":"2018-01-29T11:13:11+00:00","dateModified":"2025-10-16T07:41:44+00:00","description":"Electrolux Professional Frit\u00f6s HP f\u00f6r stork\u00f6k och restaurang har nya smarta funktioner. Snabbare, l\u00e4ttare, krispigar. G\u00e5ng efter g\u00e5ng.","breadcrumb":{"@id":"https:\/\/www.electroluxprofessional.com\/se\/storkok\/fritoshp\/#breadcrumb"},"inLanguage":"sv-SE","potentialAction":[{"@type":"ReadAction","target":["https:\/\/www.electroluxprofessional.com\/se\/storkok\/fritoshp\/"]}]},{"@type":"BreadcrumbList","@id":"https:\/\/www.electroluxprofessional.com\/se\/storkok\/fritoshp\/#breadcrumb","itemListElement":[{"@type":"ListItem","position":1,"name":"Home","item":"https:\/\/www.electroluxprofessional.com\/se\/"},{"@type":"ListItem","position":2,"name":"Stork\u00f6k","item":"https:\/\/www.electroluxprofessional.com\/se\/storkok\/"},{"@type":"ListItem","position":3,"name":"Frit\u00f6s HP"}]},{"@type":"WebSite","@id":"https:\/\/www.electroluxprofessional.com\/se\/#website","url":"https:\/\/www.electroluxprofessional.com\/se\/","name":"Electrolux Professional Sverige","description":"","potentialAction":[{"@type":"SearchAction","target":{"@type":"EntryPoint","urlTemplate":"https:\/\/www.electroluxprofessional.com\/se\/?src={search_term_string}"},"query-input":"required name=search_term_string"}],"inLanguage":"sv-SE"}]}},"_links":{"self":[{"href":"https:\/\/www.electroluxprofessional.com\/se\/wp-json\/wp\/v2\/pages\/5028"}],"collection":[{"href":"https:\/\/www.electroluxprofessional.com\/se\/wp-json\/wp\/v2\/pages"}],"about":[{"href":"https:\/\/www.electroluxprofessional.com\/se\/wp-json\/wp\/v2\/types\/page"}],"author":[{"embeddable":true,"href":"https:\/\/www.electroluxprofessional.com\/se\/wp-json\/wp\/v2\/users\/4"}],"replies":[{"embeddable":true,"href":"https:\/\/www.electroluxprofessional.com\/se\/wp-json\/wp\/v2\/comments?post=5028"}],"version-history":[{"count":26,"href":"https:\/\/www.electroluxprofessional.com\/se\/wp-json\/wp\/v2\/pages\/5028\/revisions"}],"predecessor-version":[{"id":54263,"href":"https:\/\/www.electroluxprofessional.com\/se\/wp-json\/wp\/v2\/pages\/5028\/revisions\/54263"}],"up":[{"embeddable":true,"href":"https:\/\/www.electroluxprofessional.com\/se\/wp-json\/wp\/v2\/pages\/51186"}],"wp:attachment":[{"href":"https:\/\/www.electroluxprofessional.com\/se\/wp-json\/wp\/v2\/media?parent=5028"}],"curies":[{"name":"wp","href":"https:\/\/api.w.org\/{rel}","templated":true}]}}