{"id":49802,"date":"2023-12-22T13:11:50","date_gmt":"2023-12-22T12:11:50","guid":{"rendered":"https:\/\/www.electroluxprofessional.com\/se\/?page_id=49802"},"modified":"2024-07-03T10:36:28","modified_gmt":"2024-07-03T09:36:28","slug":"electrolux-professional-arskronika-food2112","status":"publish","type":"page","link":"https:\/\/www.electroluxprofessional.com\/se\/electrolux-professional-arskronika-food2112\/","title":{"rendered":"Electrolux Professional \u00c5rskr\u00f6nika Food_Final"},"content":{"rendered":"<p>[vc_row full_width=&#8221;electroluxpro-full-width-no-padding&#8221;][vc_column][vc_single_image image=&#8221;20865&#8243; img_size=&#8221;2000x350px&#8221; alignment=&#8221;center&#8221;][\/vc_column][\/vc_row][vc_row][vc_column][vc_empty_space][\/vc_column][\/vc_row][vc_row][vc_column][vc_column_text]<\/p>\n<h1>\u00c5rskr\u00f6nika signerad Robin Bosma, Head of Sales Food Sverige<\/h1>\n<p>[\/vc_column_text][\/vc_column][\/vc_row][vc_row][vc_column][vc_empty_space][\/vc_column][\/vc_row][vc_row][vc_column width=&#8221;1\/2&#8243;][vc_column_text]<strong>Vi b\u00f6rjar v\u00e5r \u00e5rliga kr\u00f6nika med det viktigaste &#8211; V\u00e5ra medarbetare, partners och kunder! Utan er kan vi inte bedriva v\u00e5r verksamhet. Jag vill rikta ett stort tack till alla som k\u00e4mpar trots inflation och en allm\u00e4nt st\u00f6kig v\u00e4rld. Det \u00e4r inte l\u00e4tt att bedriva verksamhet under dessa omst\u00e4ndigheter. Men trots detta k\u00e4mpar ni i alla v\u00e4der och lyckas leverera stork\u00f6k i v\u00e4rldsklass. Stort tack!<\/strong><\/p>\n<p>2023 \u00e4r \u00e5ret d\u00e4r v\u00e5rt fokus riktats mot h\u00e5llbarhet, milj\u00f6smarta produkter och smarta l\u00f6sningar. Genom sp\u00e4nnande pilotprojekt, partnerskap och evenemang har vi gjort oss starka inf\u00f6r framtidens tuffa milj\u00f6direktiv och milj\u00f6m\u00e5l.[\/vc_column_text][\/vc_column][vc_column width=&#8221;1\/2&#8243;][vc_single_image image=&#8221;49671&#8243; img_size=&#8221;large&#8221;][vc_column_text]<em>Robin Bosma, Electrolux Professional<\/em>[\/vc_column_text][\/vc_column][\/vc_row][vc_row css=&#8221;.vc_custom_1465566954449{padding-top: 20px !important;}&#8221;][vc_column width=&#8221;1\/4&#8243;][vc_single_image image=&#8221;48434&#8243; img_size=&#8221;large&#8221;][vc_column_text]<em>HeroDry tork<\/em>[\/vc_column_text][\/vc_column][vc_column width=&#8221;3\/4&#8243;][vc_column_text]<strong>Pilotsamarbete och Innovation Day<br \/>\n<\/strong>Med anledning av det nya plastdirektivet som tr\u00e4der i kraft i Sverige 2024 har vi drivit flertalet pilotprojekt tillsammans med n\u00e5gra av Sveriges st\u00f6rsta akt\u00f6rer inom h\u00e5llbarhet s\u00e5som Max och Stora Enso.<\/p>\n<p>Genom att utveckla HeroDry tork har vi inte bara skapat en innovativ l\u00f6sning f\u00f6r att m\u00f6ta de nya EU- direktivens krav, utan \u00e4ven bjudit in till dialog med branschens st\u00f6rsta QSR kunder. I maj genomf\u00f6rde vi en sk. \u201dInnovation Day\u201d d\u00e4r de st\u00f6rsta f\u00f6retagen i branschen deltog.<\/p>\n<p>Detta st\u00e4rkte v\u00e5r st\u00e4llning som leverant\u00f6r av milj\u00f6smarta produkter, och visar att vi har \u00f6gat p\u00e5 framtiden i en tid d\u00e4r hela branschen st\u00e5r inf\u00f6r enorma utmaningar.[\/vc_column_text][\/vc_column][\/vc_row][vc_row css=&#8221;.vc_custom_1465566954449{padding-top: 20px !important;}&#8221;][vc_column width=&#8221;2\/3&#8243;][vc_column_text][\/vc_column_text][vc_column_text]<strong>Cirkular Gastronomy Challenge<br \/>\n<\/strong>Vi \u00e4r engagerade i Circular Gastronomy Challenge (tidigare 100% Cirkul\u00e4rt). Vi st\u00f6djer detta h\u00e5llbarhetspris och innovationsprogram f\u00f6r att fr\u00e4mja cirkul\u00e4r omst\u00e4llning inom restaurangsektorn. Genom att uppm\u00e4rksamma och st\u00f6tta restaurangrelaterade f\u00f6rnyelseprojekt har vi investerat i en gr\u00f6nare framtid.<\/p>\n<p>Prisutdelningen den 5 december uts\u00e5g 4 vinnare d\u00e4r bland annat H\u00e5llbara j\u00e4tter\u00e4kor och digitalt retursystem f\u00f6r \u00e5teranv\u00e4ndbara takeaway-f\u00f6rpackningar var vinnare.[\/vc_column_text][vc_empty_space height=&#8221;50px&#8221;][\/vc_column][vc_column width=&#8221;1\/3&#8243;][vc_single_image image=&#8221;49677&#8243; img_size=&#8221;large&#8221;][vc_column_text]<em>Vinnare av Cirkular Gastronomy Challenge 2023<\/em>[\/vc_column_text][\/vc_column][\/vc_row][vc_row css=&#8221;.vc_custom_1465566954449{padding-top: 20px !important;}&#8221;][vc_column width=&#8221;1\/3&#8243;][vc_single_image image=&#8221;49426&#8243; img_size=&#8221;large&#8221;][vc_column_text]<em>Milj\u00f6- &amp; energismarta stork\u00f6k event<\/em>[\/vc_column_text][\/vc_column][vc_column width=&#8221;2\/3&#8243;][vc_column_text]<strong>Uppskattat event<\/strong><br \/>\nV\u00e5rt lokala Center of Excellence-event den 14 november, med fokus p\u00e5 milj\u00f6- och energismarta stork\u00f6k var en succ\u00e9! Tillsammans med samarbetspartners hade vi f\u00f6rel\u00e4sningar, diskussioner och utf\u00f6rde live tester.<\/p>\n<p>Med ett starkt fokus p\u00e5 energieffektivisering var evenemanget inte bara en \u00f6gon\u00f6ppnare f\u00f6r v\u00e5ra kunder utan ocks\u00e5 en m\u00f6jlighet f\u00f6r oss att dema n\u00e5gra av v\u00e5ra tester i realtid.<br \/>\nBland annat hade vi ett energif\u00f6rbrukningstest med ett nytt modernt kylsk\u00e5p kontra ett \u00e4ldre. Resultatet \u00e4r h\u00e4pnadsv\u00e4ckande d\u00e4r vi kan se att det \u00e4ldre sk\u00e5pet[\/vc_column_text][\/vc_column][\/vc_row][vc_row css=&#8221;.vc_custom_1465566954449{padding-top: 20px !important;}&#8221;][vc_column][vc_column_text]f\u00f6rbrukar 7 g\u00e5nger mer el \u00e4n det nya moderna sk\u00e5pet. Man kunde \u00e4ven f\u00f6lja den stora skillnaden i energi\u00e5tg\u00e5ng mellan en gjutj\u00e4rnsplatta och induktion. N\u00e4sta \u00e5r kommer vi att vidareutveckla och \u00e5terskapa detta event i olika former f\u00f6r att n\u00e5 olika m\u00e5lgrupper.[\/vc_column_text][\/vc_column][\/vc_row][vc_row css=&#8221;.vc_custom_1465566954449{padding-top: 20px !important;}&#8221;][vc_column width=&#8221;2\/3&#8243;][vc_column_text][\/vc_column_text][vc_column_text]<strong>Milj\u00f6smarta produkter<br \/>\n<\/strong>V\u00e5r satsning p\u00e5 milj\u00f6smarta l\u00f6sningar har resulterat i en s\u00e4rskild kategori i v\u00e5rt sortiment som vi kallar f\u00f6r Milj\u00f6smarta produkter med v\u00e5r egen inofficiella m\u00e4rkning \u201dGreen spirit\u201d. Detta ger v\u00e5ra kunder enkel tillg\u00e5ng till de mest h\u00e5llbara k\u00f6ksl\u00f6sningarna.[\/vc_column_text][vc_empty_space height=&#8221;50px&#8221;][\/vc_column][vc_column width=&#8221;1\/3&#8243;][vc_single_image image=&#8221;43987&#8243; img_size=&#8221;large&#8221;][vc_column_text]<\/p>\n<p style=\"text-align: left;\"><em>Milj\u00f6smarta produkter<\/em><\/p>\n<p>[\/vc_column_text][\/vc_column][\/vc_row][vc_row css=&#8221;.vc_custom_1465566954449{padding-top: 20px !important;}&#8221;][vc_column width=&#8221;1\/3&#8243;][vc_single_image image=&#8221;49682&#8243; img_size=&#8221;large&#8221;][\/vc_column][vc_column width=&#8221;2\/3&#8243;][vc_column_text][\/vc_column_text][vc_column_text]<strong>\u00c5rets skolkock<\/strong><br \/>\n2023 har vi \u00e4ven st\u00f6ttat \u00c5rets Skolkock och initierat ett stipendie p\u00e5 Maja Beskow gymnasiet i Ume\u00e5, d\u00e4r vi med v\u00e5rt partnerskap vill st\u00f6dja och utveckla kockyrket samt fr\u00e4mja utbildning inom restaurangsektorn.[\/vc_column_text][vc_empty_space height=&#8221;50px&#8221;][vc_empty_space height=&#8221;50px&#8221;][vc_column_text]<\/p>\n<p style=\"text-align: left;\"><em>&lt; Elever och programansvarig p\u00e5 Maja Beskowskolan<\/em><\/p>\n<p>[\/vc_column_text][\/vc_column][\/vc_row][vc_row css=&#8221;.vc_custom_1465566954449{padding-top: 20px !important;}&#8221;][vc_column width=&#8221;2\/3&#8243;][vc_column_text][\/vc_column_text][vc_column_text]<strong>GourmeXpress Turbougn<\/strong><br \/>\nUnder \u00e5ret har vi haft ett antal produktlanseringar med fokus p\u00e5 innovation och effektivitet.<br \/>\nGourmeXpress turbougn och HeroDry tork f\u00f6r att n\u00e4mna n\u00e5gra, har \u00e4ven bel\u00f6nats med designpriser. Produkterna \u00e4r framtagna f\u00f6r att \u00f6ka v\u00e5r n\u00e4rvaro inom QSR.[\/vc_column_text][\/vc_column][vc_column width=&#8221;1\/3&#8243;][vc_single_image image=&#8221;49255&#8243; img_size=&#8221;large&#8221;][vc_column_text]<\/p>\n<p style=\"text-align: left;\"><em>GourmeXpress Turbougn<\/em><\/p>\n<p>[\/vc_column_text][\/vc_column][\/vc_row][vc_row css=&#8221;.vc_custom_1465566954449{padding-top: 20px !important;}&#8221;][vc_column width=&#8221;2\/3&#8243;][vc_column_text]Och d\u00e4r mina v\u00e4nner s\u00e4tter vi punkt f\u00f6r den h\u00e4r g\u00e5ngen. Det har varit ett tufft men roligt \u00e5r och jag ser fram emot nya utmaningar under 2024.<\/p>\n<p>\u00c4nnu en g\u00e5ng, stort tack f\u00f6r ert fantastiska engagemang och h\u00e4rliga energi.<br \/>\nNjut av familj och v\u00e4nner s\u00e5 ses vi 2024.<\/p>\n<p>God jul och gott nytt \u00e5r \/Robin[\/vc_column_text][vc_empty_space height=&#8221;50px&#8221;][\/vc_column][vc_column width=&#8221;1\/3&#8243;][\/vc_column][\/vc_row][vc_row][vc_column][elx_button button_text=&#8221;L\u00e4s Laundrys \u00e5rskr\u00f6nika!&#8221; button_link=&#8221;url:https%3A%2F%2Fwww.electroluxprofessional.com%2Fse%2Felectrolux-professional-arskronika-laundry2112|title:EPR%20Laundry%20%C3%A5rskr%C3%B6nika|target:_blank&#8221;][\/vc_column][\/vc_row]<\/p>\n","protected":false},"excerpt":{"rendered":"<p>[vc_row full_width=&#8221;electroluxpro-full-width-no-padding&#8221;][vc_column][vc_single_image image=&#8221;20865&#8243; img_size=&#8221;2000x350px&#8221; alignment=&#8221;center&#8221;][\/vc_column][\/vc_row][vc_row][vc_column][vc_empty_space][\/vc_column][\/vc_row][vc_row][vc_column][vc_column_text] \u00c5rskr\u00f6nika signerad Robin Bosma, Head of Sales Food Sverige [\/vc_column_text][\/vc_column][\/vc_row][vc_row][vc_column][vc_empty_space][\/vc_column][\/vc_row][vc_row][vc_column width=&#8221;1\/2&#8243;][vc_column_text]Vi b\u00f6rjar v\u00e5r \u00e5rliga kr\u00f6nika med det viktigaste &#8211; V\u00e5ra medarbetare, partners och kunder! Utan er kan vi inte bedriva v\u00e5r verksamhet. Jag vill rikta ett stort tack till alla som k\u00e4mpar trots inflation och en allm\u00e4nt st\u00f6kig v\u00e4rld. Det [&hellip;]<\/p>\n","protected":false},"author":458,"featured_media":0,"parent":0,"menu_order":0,"comment_status":"closed","ping_status":"closed","template":"","meta":{"footnotes":""},"class_list":["post-49802","page","type-page","status-publish","hentry"],"acf":[],"yoast_head":"<!-- This site is optimized with the Yoast SEO plugin v23.3 - https:\/\/yoast.com\/wordpress\/plugins\/seo\/ -->\n<title>Electrolux Professional \u00e5rskr\u00f6nika Food 2023, signerad Robin Bosma<\/title>\n<meta name=\"description\" content=\"Electrolux Professional \u00e5rskr\u00f6nika Food 2023, signerad Robin Bosma\" \/>\n<meta name=\"robots\" content=\"index, follow, max-snippet:-1, max-image-preview:large, max-video-preview:-1\" \/>\n<link rel=\"canonical\" href=\"https:\/\/www.electroluxprofessional.com\/se\/electrolux-professional-arskronika-food2112\/\" \/>\n<meta property=\"og:locale\" content=\"sv_SE\" \/>\n<meta property=\"og:type\" content=\"article\" \/>\n<meta property=\"og:title\" content=\"Electrolux Professional \u00e5rskr\u00f6nika Food 2023, signerad Robin Bosma\" \/>\n<meta property=\"og:description\" content=\"Electrolux Professional \u00e5rskr\u00f6nika Food 2023, signerad Robin Bosma\" \/>\n<meta property=\"og:url\" content=\"https:\/\/www.electroluxprofessional.com\/se\/electrolux-professional-arskronika-food2112\/\" \/>\n<meta property=\"og:site_name\" content=\"Electrolux Professional Sverige\" \/>\n<meta property=\"article:modified_time\" content=\"2024-07-03T09:36:28+00:00\" \/>\n<meta name=\"twitter:card\" content=\"summary_large_image\" \/>\n<meta name=\"twitter:label1\" content=\"Ber\u00e4knad l\u00e4stid\" \/>\n\t<meta name=\"twitter:data1\" content=\"4 minuter\" \/>\n<script type=\"application\/ld+json\" class=\"yoast-schema-graph\">{\"@context\":\"https:\/\/schema.org\",\"@graph\":[{\"@type\":\"WebPage\",\"@id\":\"https:\/\/www.electroluxprofessional.com\/se\/electrolux-professional-arskronika-food2112\/\",\"url\":\"https:\/\/www.electroluxprofessional.com\/se\/electrolux-professional-arskronika-food2112\/\",\"name\":\"Electrolux Professional \u00e5rskr\u00f6nika Food 2023, signerad Robin Bosma\",\"isPartOf\":{\"@id\":\"https:\/\/www.electroluxprofessional.com\/se\/#website\"},\"datePublished\":\"2023-12-22T12:11:50+00:00\",\"dateModified\":\"2024-07-03T09:36:28+00:00\",\"description\":\"Electrolux Professional \u00e5rskr\u00f6nika Food 2023, signerad Robin Bosma\",\"breadcrumb\":{\"@id\":\"https:\/\/www.electroluxprofessional.com\/se\/electrolux-professional-arskronika-food2112\/#breadcrumb\"},\"inLanguage\":\"sv-SE\",\"potentialAction\":[{\"@type\":\"ReadAction\",\"target\":[\"https:\/\/www.electroluxprofessional.com\/se\/electrolux-professional-arskronika-food2112\/\"]}]},{\"@type\":\"BreadcrumbList\",\"@id\":\"https:\/\/www.electroluxprofessional.com\/se\/electrolux-professional-arskronika-food2112\/#breadcrumb\",\"itemListElement\":[{\"@type\":\"ListItem\",\"position\":1,\"name\":\"Home\",\"item\":\"https:\/\/www.electroluxprofessional.com\/se\/\"},{\"@type\":\"ListItem\",\"position\":2,\"name\":\"Electrolux Professional \u00c5rskr\u00f6nika Food_Final\"}]},{\"@type\":\"WebSite\",\"@id\":\"https:\/\/www.electroluxprofessional.com\/se\/#website\",\"url\":\"https:\/\/www.electroluxprofessional.com\/se\/\",\"name\":\"Electrolux Professional Sverige\",\"description\":\"\",\"potentialAction\":[{\"@type\":\"SearchAction\",\"target\":{\"@type\":\"EntryPoint\",\"urlTemplate\":\"https:\/\/www.electroluxprofessional.com\/se\/?src={search_term_string}\"},\"query-input\":\"required name=search_term_string\"}],\"inLanguage\":\"sv-SE\"}]}<\/script>\n<!-- \/ Yoast SEO plugin. -->","yoast_head_json":{"title":"Electrolux Professional \u00e5rskr\u00f6nika Food 2023, signerad Robin Bosma","description":"Electrolux Professional \u00e5rskr\u00f6nika Food 2023, signerad Robin Bosma","robots":{"index":"index","follow":"follow","max-snippet":"max-snippet:-1","max-image-preview":"max-image-preview:large","max-video-preview":"max-video-preview:-1"},"canonical":"https:\/\/www.electroluxprofessional.com\/se\/electrolux-professional-arskronika-food2112\/","og_locale":"sv_SE","og_type":"article","og_title":"Electrolux Professional \u00e5rskr\u00f6nika Food 2023, signerad Robin Bosma","og_description":"Electrolux Professional \u00e5rskr\u00f6nika Food 2023, signerad Robin Bosma","og_url":"https:\/\/www.electroluxprofessional.com\/se\/electrolux-professional-arskronika-food2112\/","og_site_name":"Electrolux Professional Sverige","article_modified_time":"2024-07-03T09:36:28+00:00","twitter_card":"summary_large_image","twitter_misc":{"Ber\u00e4knad l\u00e4stid":"4 minuter"},"schema":{"@context":"https:\/\/schema.org","@graph":[{"@type":"WebPage","@id":"https:\/\/www.electroluxprofessional.com\/se\/electrolux-professional-arskronika-food2112\/","url":"https:\/\/www.electroluxprofessional.com\/se\/electrolux-professional-arskronika-food2112\/","name":"Electrolux Professional \u00e5rskr\u00f6nika Food 2023, signerad Robin Bosma","isPartOf":{"@id":"https:\/\/www.electroluxprofessional.com\/se\/#website"},"datePublished":"2023-12-22T12:11:50+00:00","dateModified":"2024-07-03T09:36:28+00:00","description":"Electrolux Professional \u00e5rskr\u00f6nika Food 2023, signerad Robin Bosma","breadcrumb":{"@id":"https:\/\/www.electroluxprofessional.com\/se\/electrolux-professional-arskronika-food2112\/#breadcrumb"},"inLanguage":"sv-SE","potentialAction":[{"@type":"ReadAction","target":["https:\/\/www.electroluxprofessional.com\/se\/electrolux-professional-arskronika-food2112\/"]}]},{"@type":"BreadcrumbList","@id":"https:\/\/www.electroluxprofessional.com\/se\/electrolux-professional-arskronika-food2112\/#breadcrumb","itemListElement":[{"@type":"ListItem","position":1,"name":"Home","item":"https:\/\/www.electroluxprofessional.com\/se\/"},{"@type":"ListItem","position":2,"name":"Electrolux Professional \u00c5rskr\u00f6nika Food_Final"}]},{"@type":"WebSite","@id":"https:\/\/www.electroluxprofessional.com\/se\/#website","url":"https:\/\/www.electroluxprofessional.com\/se\/","name":"Electrolux Professional Sverige","description":"","potentialAction":[{"@type":"SearchAction","target":{"@type":"EntryPoint","urlTemplate":"https:\/\/www.electroluxprofessional.com\/se\/?src={search_term_string}"},"query-input":"required name=search_term_string"}],"inLanguage":"sv-SE"}]}},"_links":{"self":[{"href":"https:\/\/www.electroluxprofessional.com\/se\/wp-json\/wp\/v2\/pages\/49802"}],"collection":[{"href":"https:\/\/www.electroluxprofessional.com\/se\/wp-json\/wp\/v2\/pages"}],"about":[{"href":"https:\/\/www.electroluxprofessional.com\/se\/wp-json\/wp\/v2\/types\/page"}],"author":[{"embeddable":true,"href":"https:\/\/www.electroluxprofessional.com\/se\/wp-json\/wp\/v2\/users\/458"}],"replies":[{"embeddable":true,"href":"https:\/\/www.electroluxprofessional.com\/se\/wp-json\/wp\/v2\/comments?post=49802"}],"version-history":[{"count":35,"href":"https:\/\/www.electroluxprofessional.com\/se\/wp-json\/wp\/v2\/pages\/49802\/revisions"}],"predecessor-version":[{"id":52674,"href":"https:\/\/www.electroluxprofessional.com\/se\/wp-json\/wp\/v2\/pages\/49802\/revisions\/52674"}],"wp:attachment":[{"href":"https:\/\/www.electroluxprofessional.com\/se\/wp-json\/wp\/v2\/media?parent=49802"}],"curies":[{"name":"wp","href":"https:\/\/api.w.org\/{rel}","templated":true}]}}