{"id":49755,"date":"2023-12-21T19:17:38","date_gmt":"2023-12-21T18:17:38","guid":{"rendered":"https:\/\/www.electroluxprofessional.com\/se\/?page_id=49755"},"modified":"2024-07-03T10:38:04","modified_gmt":"2024-07-03T09:38:04","slug":"electrolux-professional-arskronika-laundry2112","status":"publish","type":"page","link":"https:\/\/www.electroluxprofessional.com\/se\/electrolux-professional-arskronika-laundry2112\/","title":{"rendered":"Electrolux Professional \u00c5rskr\u00f6nika LAUNDRY_Final"},"content":{"rendered":"<p>[vc_row full_width=&#8221;electroluxpro-full-width-no-padding&#8221;][vc_column][vc_single_image image=&#8221;20865&#8243; img_size=&#8221;2000x350px&#8221; alignment=&#8221;center&#8221;][\/vc_column][\/vc_row][vc_row][vc_column][vc_empty_space][\/vc_column][\/vc_row][vc_row][vc_column][vc_column_text]<\/p>\n<h1>\u00c5rskr\u00f6nika signerad J\u00f6rgen Andersson, Head of Sales Sweden BA Laundry och Kristian Ekstr\u00f6m, VP Sales North Europe BA Laundry<\/h1>\n<p>[\/vc_column_text][\/vc_column][\/vc_row][vc_row][vc_column][vc_empty_space][\/vc_column][\/vc_row][vc_row][vc_column][vc_empty_space][\/vc_column][\/vc_row][vc_row][vc_column width=&#8221;1\/2&#8243;][vc_column_text]<\/p>\n<p>&nbsp;<\/p>\n<p>&nbsp;<\/p>\n<p><strong>Ytterligare ett \u00e5r har nu passerat i rasande fart. \u00c5ret har kraftigt pr\u00e4glats av ekonomisk os\u00e4kerhet drivet av krig och h\u00f6g inflation och en historisk svag kronkurs. Riksbanken har tvingats ta till r\u00e4ntevapnet efter m\u00e5nga \u00e5r av historisk l\u00e5ga r\u00e4ntor. Detta har i sin tur resulterat i en tvekande marknad d\u00e4r vi sett en kraftig inbromsning i byggbranschen med ett nybyggande p\u00e5 den l\u00e4gsta niv\u00e5n sedan 90-talet.<\/strong>[\/vc_column_text][\/vc_column][vc_column width=&#8221;1\/2&#8243;][vc_single_image image=&#8221;49796&#8243; img_size=&#8221;large&#8221;][vc_column_text]<em>J\u00f6rgen Andersson och Kristian Ekstr\u00f6m<\/em>[\/vc_column_text][\/vc_column][\/vc_row][vc_row css=&#8221;.vc_custom_1465566954449{padding-top: 20px !important;}&#8221;][vc_column][vc_column_text][\/vc_column_text][vc_column_text]<strong>Kristian har ordet<\/strong><\/p>\n<p>D\u00e5 vi normalt sett ligger sent i konjunkturcykeln har vi \u00e4nnu inte m\u00e4rkt av n\u00e5gon st\u00f6rre nedg\u00e5ng i efterfr\u00e5gan. Och efter f\u00f6rra \u00e5rets leveranst\u00f6rningar gick vi in i \u00e5ret med en onormalt h\u00f6g orderstock. Detta har lett till en h\u00f6g fakturering f\u00f6r b\u00e5de segment k\u00f6k och segment tv\u00e4tt under \u00e5ret. D\u00e5 den globala komponentf\u00f6rs\u00f6rjningen under \u00e5ret succesivt f\u00f6rb\u00e4ttrats har vi haft mycket b\u00e4ttre f\u00f6ruts\u00e4ttningar att producera och leverera efter v\u00e5ra kunders \u00f6nskem\u00e5l, vilket varit mycket positivt fr\u00e4mst f\u00f6r v\u00e5ra kunder men \u00e4ven f\u00f6r oss och v\u00e5r m\u00f6jlighet att \u00e5ter kunna planera och genomf\u00f6ra v\u00e5ra installationer p\u00e5 ett b\u00e4ttre s\u00e4tt.[\/vc_column_text][vc_empty_space height=&#8221;50px&#8221;][\/vc_column][\/vc_row][vc_row][vc_column][vc_column_text]<strong>Fokusomr\u00e5den 2023<\/strong><\/p>\n<p>Under \u00e5ret har vi jobbat efter v\u00e5ra \u00f6vergripande fokusomr\u00e5den:<\/p>\n<ul>\n<li>Promota v\u00e5ra innovativa och mest h\u00e5llbara l\u00f6sninga &#8211; Detta f\u00f6r att tillm\u00f6tesg\u00e5 v\u00e5ra kunders behov av kostnadseffektiva, milj\u00f6v\u00e4nliga och ergonomiska l\u00f6sningar<\/li>\n<li>Utveckla v\u00e5r eftermarknad &#8211; Stort fokus p\u00e5 serviceavtal och v\u00e5ra egna keml\u00f6sningar som tv\u00e4ttmedel och reng\u00f6ring<\/li>\n<li>Forts\u00e4tta den digitala \u00f6verg\u00e5ngen &#8211; Starkt fokus p\u00e5 v\u00e5r Digitala plattform, d\u00e4r vi kan interagera digitalt med v\u00e5ra kunder och partners<\/li>\n<\/ul>\n<p><em>I allt vi g\u00f6r f\u00f6rs\u00f6ker vi sj\u00e4lvfallet att till\u00e4mpa och ha fokus p\u00e5 v\u00e5ra v\u00e4gledande principer:<\/em><\/p>\n<ol>\n<li><strong>Att alltid ha kunden i fokus<\/strong><\/li>\n<li><strong>Bygga f\u00f6rtroende<\/strong><\/li>\n<li><strong>Att v\u00e5ga<\/strong><\/li>\n<li><strong>Agera h\u00e5llbart<\/strong><\/li>\n<\/ol>\n<p>[\/vc_column_text][vc_empty_space height=&#8221;50px&#8221;][\/vc_column][\/vc_row][vc_row css=&#8221;.vc_custom_1465566954449{padding-top: 20px !important;}&#8221;][vc_column width=&#8221;1\/4&#8243;][vc_single_image image=&#8221;49767&#8243; img_size=&#8221;medium&#8221;][\/vc_column][vc_column width=&#8221;3\/4&#8243;][vc_column_text][\/vc_column_text][vc_column_text]<strong>Perform and transform<\/strong><\/p>\n<p>V\u00e4rlden vi lever i \u00e4r under st\u00e4ndig f\u00f6r\u00e4ndring och f\u00f6r att v\u00e4xa och \u00f6verleva p\u00e5 sikt m\u00e5ste man som f\u00f6retag kunna anpassa sig till dessa f\u00f6r\u00e4ndringar. Denna f\u00f6r\u00e4ndring m\u00e5ste ske samtidigt som vi levererar bra resultat h\u00e4r och nu, f\u00f6r att ha resurser till f\u00f6r\u00e4ndringsarbetet. Under \u00e5ret har Electrolux Professional jobbat mycket med att f\u00e5 en kultur d\u00e4r vi kan leverera bra resultat p\u00e5 samma g\u00e5ng som vi driver f\u00f6r\u00e4ndring. Detta kallar vi f\u00f6r Perform and transform.[\/vc_column_text][vc_empty_space height=&#8221;50px&#8221;][vc_empty_space height=&#8221;50px&#8221;][\/vc_column][\/vc_row][vc_row css=&#8221;.vc_custom_1465566954449{padding-top: 20px !important;}&#8221;][vc_column width=&#8221;5\/6&#8243;][vc_column_text][\/vc_column_text][vc_column_text]<strong>J\u00f6rgen har ordet<\/strong><\/p>\n<p>Under \u00e5ret har vi sett hur allt fler kunder v\u00e4ljer att st\u00e4lla om helt till energieffektiva torkprodukter med v\u00e4rmepumpsteknik. Detta \u00e4r en stor gl\u00e4dje att se och ger en stor tilltro till framtiden. Det \u00e4r som vi numera vet ett smart och mycket enkelt s\u00e4tt att minska energif\u00f6rbrukningen i fastigheten. I samband med detta har vi ocks\u00e5 sett kunder som anv\u00e4nder det minskade\/frigjorda effektuttaget till att kunna erbjuda sina hyresg\u00e4ster laddplatser f\u00f6r elbilar. Detta \u00e4r precis den f\u00f6rhoppning vi har f\u00f6r att ytterligare ta ett steg i omst\u00e4llning till fler h\u00e5llbara val.[\/vc_column_text][vc_empty_space height=&#8221;50px&#8221;][vc_empty_space height=&#8221;50px&#8221;][\/vc_column][vc_column width=&#8221;1\/6&#8243;][vc_single_image image=&#8221;7680&#8243; img_size=&#8221;medium&#8221;][\/vc_column][\/vc_row][vc_row css=&#8221;.vc_custom_1465566954449{padding-top: 20px !important;}&#8221;][vc_column width=&#8221;1\/4&#8243;][vc_single_image image=&#8221;49788&#8243; img_size=&#8221;medium&#8221;][\/vc_column][vc_column width=&#8221;3\/4&#8243;][vc_column_text][\/vc_column_text][vc_column_text]Vi gl\u00e4ds ocks\u00e5 \u00e5t att vi i 2023 f\u00e5tt oerh\u00f6rt mycket positiv feedback p\u00e5 v\u00e5rt anv\u00e4ndargr\u00e4nssnitt\/system ClarusVibe som finns i v\u00e5ra mest kraftfulla tv\u00e4ttmaskiner. ClarusVibe ger otroliga m\u00f6jligheter i form av vatten- och energibesparingar, samt givetvis en m\u00e4ngd andra positiva faktorer. Vem kunde f\u00f6r n\u00e5gra \u00e5r sedan tro att det skulle g\u00e5 att visa en eventuell \u00f6verlast av tv\u00e4ttgodset innan en maskin startas, och d\u00e4rmed hindra att man skadar maskinen? Vem hade samtidigt trott att det skulle vara m\u00f6jligt f\u00f6r en fastighets\u00e4gare att programmera en l\u00e4gsta till\u00e5ten minimumlast f\u00f6r att f\u00f6rhindra att maskiner anv\u00e4nds oekonomiskt och med on\u00f6digt h\u00f6g milj\u00f6belastning f\u00f6r enbart en T-shirt eller ett par strumpor? Allt detta och mycket mer f\u00f6rpackat i en professionell och intuitiv peksk\u00e4rm.[\/vc_column_text][vc_empty_space height=&#8221;50px&#8221;][\/vc_column][\/vc_row][vc_row css=&#8221;.vc_custom_1465566954449{padding-top: 20px !important;}&#8221;][vc_column][vc_column_text][\/vc_column_text][vc_column_text]F\u00f6rutom att vi ser att efterfr\u00e5gan p\u00e5 tv\u00e4ttmaskiner med ClarusVibe \u00f6kar, s\u00e5 har efterfr\u00e5gan p\u00e5 torksk\u00e5p \u00f6kat markant under \u00e5ret. M\u00e5nga kunder byter s\u00e5klart ut sina gamla industrifl\u00e4ktar i torkrummen mot nya energismarta avfuktare, men en hel del v\u00e4ljer att g\u00e5 \u00f6ver till ett stort v\u00e4rmepumpstorksk\u00e5p i st\u00e4llet. De f\u00e5r d\u00e5 mycket torkeffekt p\u00e5 liten yta &#8211; och kvadratmeter \u00f6ver att anv\u00e4nda till annat.[\/vc_column_text][vc_empty_space height=&#8221;50px&#8221;][\/vc_column][\/vc_row][vc_row css=&#8221;.vc_custom_1465566954449{padding-top: 20px !important;}&#8221;][vc_column width=&#8221;5\/6&#8243;][vc_column_text][\/vc_column_text][vc_column_text]<strong>Serviceavtal nyckeln till minskade servicestopp<\/strong><\/p>\n<p>Att regelbunden service p\u00e5 maskinen \u00e4r viktigt, det vet vi alla. D\u00e4rf\u00f6r \u00e4r det extra kul att vi i 2023 sett att efterfr\u00e5gan p\u00e5 underh\u00e5lls- och fullserviceavtal \u00f6kat. Serviceavtal \u00e4r ett smart s\u00e4tt att s\u00e4kerst\u00e4lla att produkterna alltid presterar optimalt, samtidigt som man f\u00f6rl\u00e4nger maskinernas livsl\u00e4ngd. Bra b\u00e5de f\u00f6r milj\u00f6n och pl\u00e5nboken.[\/vc_column_text][vc_empty_space height=&#8221;50px&#8221;][\/vc_column][vc_column width=&#8221;1\/6&#8243;][vc_single_image image=&#8221;11366&#8243; img_size=&#8221;medium&#8221;][\/vc_column][\/vc_row][vc_row css=&#8221;.vc_custom_1465566954449{padding-top: 20px !important;}&#8221;][vc_column width=&#8221;1\/3&#8243;][vc_single_image image=&#8221;49778&#8243; img_size=&#8221;medium&#8221;][\/vc_column][vc_column width=&#8221;2\/3&#8243;][vc_column_text][\/vc_column_text][vc_column_text]<strong>Lyckat m\u00e4ssdeltagande<\/strong><\/p>\n<p>Sist men inte minst vill vi ber\u00e4tta att vi p\u00e5 m\u00e4ssfronten haft mycket aktivitet. 2023 skulle visa att folk vill tr\u00e4ffas och prata p\u00e5 m\u00f6tesplatsen igen. I februari medverkade vi p\u00e5 Fastighetm\u00e4ssan i Kista d\u00e4r vi tr\u00e4ffade fr\u00e4mst fastighetsf\u00f6rvaltare och kn\u00f6t en hel del v\u00e4rdefulla kontakter.\u00a0 I oktober m\u00f6tte vi upp bes\u00f6kare i J\u00f6nk\u00f6ping under tv\u00e5 dagar p\u00e5 Clean&amp;Facility m\u00e4ssan. H\u00e4r var det hett i luften och riktigt positivt klimat bland bes\u00f6kare. Vi toppade \u00e4ven m\u00e4ssan med en premiumplats och en mycket v\u00e4l fungerande monter.[\/vc_column_text][vc_empty_space height=&#8221;50px&#8221;][vc_empty_space height=&#8221;50px&#8221;][\/vc_column][\/vc_row][vc_row css=&#8221;.vc_custom_1465566954449{padding-top: 20px !important;}&#8221;][vc_column][vc_column_text][\/vc_column_text][vc_column_text]2023 blev ett \u00f6ver lag bra \u00e5r och vi \u00e4r mycket stolta \u00f6ver allt vi \u00e5stadkommit. Vi vill rikta ett stort tack till alla som jobbat f\u00f6r Electrolux Professional under \u00e5ret, kunder, partners och alla duktiga medarbetare som gjort ett fantastiskt jobb. Vi hoppas att alla inbladade nu f\u00e5r en riktigt fin avslutning p\u00e5 \u00e5ret med lite v\u00e4lf\u00f6rtj\u00e4nt vila och firande tillsammans med n\u00e4ra och k\u00e4ra.<\/p>\n<p>Vi vill \u00e4ven \u00f6nska alla ett riktigt gott nytt \u00e5r 2024 och att vi ses pigga och utvilade p\u00e5 det nya \u00e5ret. Tillsammans blickar vi fram\u00e5t!<\/p>\n<p>B\u00e4sta h\u00e4lsningar,<\/p>\n<p>Kristian och J\u00f6rgen[\/vc_column_text][vc_empty_space height=&#8221;50px&#8221;][\/vc_column][\/vc_row][vc_row][vc_column][elx_button button_text=&#8221;L\u00e4s Foods \u00e5rskr\u00f6nika!&#8221; button_link=&#8221;url:https%3A%2F%2Fwww.electroluxprofessional.com%2Fse%2Felectrolux-professional-arskronika-food2112|title:EPR%20Food%20%C3%A5rskr%C3%B6nika|target:_blank&#8221;][\/vc_column][\/vc_row]<\/p>\n","protected":false},"excerpt":{"rendered":"<p>[vc_row full_width=&#8221;electroluxpro-full-width-no-padding&#8221;][vc_column][vc_single_image image=&#8221;20865&#8243; img_size=&#8221;2000x350px&#8221; alignment=&#8221;center&#8221;][\/vc_column][\/vc_row][vc_row][vc_column][vc_empty_space][\/vc_column][\/vc_row][vc_row][vc_column][vc_column_text] \u00c5rskr\u00f6nika signerad J\u00f6rgen Andersson, Head of Sales Sweden BA Laundry och Kristian Ekstr\u00f6m, VP Sales North Europe BA Laundry [\/vc_column_text][\/vc_column][\/vc_row][vc_row][vc_column][vc_empty_space][\/vc_column][\/vc_row][vc_row][vc_column][vc_empty_space][\/vc_column][\/vc_row][vc_row][vc_column width=&#8221;1\/2&#8243;][vc_column_text] &nbsp; &nbsp; Ytterligare ett \u00e5r har nu passerat i rasande fart. \u00c5ret har kraftigt pr\u00e4glats av ekonomisk os\u00e4kerhet drivet av krig och h\u00f6g inflation och en historisk svag kronkurs. [&hellip;]<\/p>\n","protected":false},"author":458,"featured_media":0,"parent":0,"menu_order":0,"comment_status":"closed","ping_status":"closed","template":"","meta":{"footnotes":""},"class_list":["post-49755","page","type-page","status-publish","hentry"],"acf":[],"yoast_head":"<!-- This site is optimized with the Yoast SEO plugin v23.3 - https:\/\/yoast.com\/wordpress\/plugins\/seo\/ -->\n<title>Electrolux Professional \u00c5rskr\u00f6nika Laundry 2023<\/title>\n<meta name=\"description\" content=\"Electrolux Professional \u00e5rskr\u00f6nika Laundry 2023, signerad Kristian Ekstr\u00f6m och J\u00f6rgen Andersson\" \/>\n<meta name=\"robots\" content=\"index, follow, max-snippet:-1, max-image-preview:large, max-video-preview:-1\" \/>\n<link rel=\"canonical\" href=\"https:\/\/www.electroluxprofessional.com\/se\/electrolux-professional-arskronika-laundry2112\/\" \/>\n<meta property=\"og:locale\" content=\"sv_SE\" \/>\n<meta property=\"og:type\" content=\"article\" \/>\n<meta property=\"og:title\" content=\"Electrolux Professional \u00c5rskr\u00f6nika Laundry 2023\" \/>\n<meta property=\"og:description\" content=\"Electrolux Professional \u00e5rskr\u00f6nika Laundry 2023, signerad Kristian Ekstr\u00f6m och J\u00f6rgen Andersson\" \/>\n<meta property=\"og:url\" content=\"https:\/\/www.electroluxprofessional.com\/se\/electrolux-professional-arskronika-laundry2112\/\" \/>\n<meta property=\"og:site_name\" content=\"Electrolux Professional Sverige\" \/>\n<meta property=\"article:modified_time\" content=\"2024-07-03T09:38:04+00:00\" \/>\n<meta name=\"twitter:card\" content=\"summary_large_image\" \/>\n<meta name=\"twitter:label1\" content=\"Ber\u00e4knad l\u00e4stid\" \/>\n\t<meta name=\"twitter:data1\" content=\"5 minuter\" \/>\n<script type=\"application\/ld+json\" class=\"yoast-schema-graph\">{\"@context\":\"https:\/\/schema.org\",\"@graph\":[{\"@type\":\"WebPage\",\"@id\":\"https:\/\/www.electroluxprofessional.com\/se\/electrolux-professional-arskronika-laundry2112\/\",\"url\":\"https:\/\/www.electroluxprofessional.com\/se\/electrolux-professional-arskronika-laundry2112\/\",\"name\":\"Electrolux Professional \u00c5rskr\u00f6nika Laundry 2023\",\"isPartOf\":{\"@id\":\"https:\/\/www.electroluxprofessional.com\/se\/#website\"},\"datePublished\":\"2023-12-21T18:17:38+00:00\",\"dateModified\":\"2024-07-03T09:38:04+00:00\",\"description\":\"Electrolux Professional \u00e5rskr\u00f6nika Laundry 2023, signerad Kristian Ekstr\u00f6m och J\u00f6rgen Andersson\",\"breadcrumb\":{\"@id\":\"https:\/\/www.electroluxprofessional.com\/se\/electrolux-professional-arskronika-laundry2112\/#breadcrumb\"},\"inLanguage\":\"sv-SE\",\"potentialAction\":[{\"@type\":\"ReadAction\",\"target\":[\"https:\/\/www.electroluxprofessional.com\/se\/electrolux-professional-arskronika-laundry2112\/\"]}]},{\"@type\":\"BreadcrumbList\",\"@id\":\"https:\/\/www.electroluxprofessional.com\/se\/electrolux-professional-arskronika-laundry2112\/#breadcrumb\",\"itemListElement\":[{\"@type\":\"ListItem\",\"position\":1,\"name\":\"Home\",\"item\":\"https:\/\/www.electroluxprofessional.com\/se\/\"},{\"@type\":\"ListItem\",\"position\":2,\"name\":\"Electrolux Professional \u00c5rskr\u00f6nika LAUNDRY_Final\"}]},{\"@type\":\"WebSite\",\"@id\":\"https:\/\/www.electroluxprofessional.com\/se\/#website\",\"url\":\"https:\/\/www.electroluxprofessional.com\/se\/\",\"name\":\"Electrolux Professional Sverige\",\"description\":\"\",\"potentialAction\":[{\"@type\":\"SearchAction\",\"target\":{\"@type\":\"EntryPoint\",\"urlTemplate\":\"https:\/\/www.electroluxprofessional.com\/se\/?src={search_term_string}\"},\"query-input\":\"required name=search_term_string\"}],\"inLanguage\":\"sv-SE\"}]}<\/script>\n<!-- \/ Yoast SEO plugin. -->","yoast_head_json":{"title":"Electrolux Professional \u00c5rskr\u00f6nika Laundry 2023","description":"Electrolux Professional \u00e5rskr\u00f6nika Laundry 2023, signerad Kristian Ekstr\u00f6m och J\u00f6rgen Andersson","robots":{"index":"index","follow":"follow","max-snippet":"max-snippet:-1","max-image-preview":"max-image-preview:large","max-video-preview":"max-video-preview:-1"},"canonical":"https:\/\/www.electroluxprofessional.com\/se\/electrolux-professional-arskronika-laundry2112\/","og_locale":"sv_SE","og_type":"article","og_title":"Electrolux Professional \u00c5rskr\u00f6nika Laundry 2023","og_description":"Electrolux Professional \u00e5rskr\u00f6nika Laundry 2023, signerad Kristian Ekstr\u00f6m och J\u00f6rgen Andersson","og_url":"https:\/\/www.electroluxprofessional.com\/se\/electrolux-professional-arskronika-laundry2112\/","og_site_name":"Electrolux Professional Sverige","article_modified_time":"2024-07-03T09:38:04+00:00","twitter_card":"summary_large_image","twitter_misc":{"Ber\u00e4knad l\u00e4stid":"5 minuter"},"schema":{"@context":"https:\/\/schema.org","@graph":[{"@type":"WebPage","@id":"https:\/\/www.electroluxprofessional.com\/se\/electrolux-professional-arskronika-laundry2112\/","url":"https:\/\/www.electroluxprofessional.com\/se\/electrolux-professional-arskronika-laundry2112\/","name":"Electrolux Professional \u00c5rskr\u00f6nika Laundry 2023","isPartOf":{"@id":"https:\/\/www.electroluxprofessional.com\/se\/#website"},"datePublished":"2023-12-21T18:17:38+00:00","dateModified":"2024-07-03T09:38:04+00:00","description":"Electrolux Professional \u00e5rskr\u00f6nika Laundry 2023, signerad Kristian Ekstr\u00f6m och J\u00f6rgen Andersson","breadcrumb":{"@id":"https:\/\/www.electroluxprofessional.com\/se\/electrolux-professional-arskronika-laundry2112\/#breadcrumb"},"inLanguage":"sv-SE","potentialAction":[{"@type":"ReadAction","target":["https:\/\/www.electroluxprofessional.com\/se\/electrolux-professional-arskronika-laundry2112\/"]}]},{"@type":"BreadcrumbList","@id":"https:\/\/www.electroluxprofessional.com\/se\/electrolux-professional-arskronika-laundry2112\/#breadcrumb","itemListElement":[{"@type":"ListItem","position":1,"name":"Home","item":"https:\/\/www.electroluxprofessional.com\/se\/"},{"@type":"ListItem","position":2,"name":"Electrolux Professional \u00c5rskr\u00f6nika LAUNDRY_Final"}]},{"@type":"WebSite","@id":"https:\/\/www.electroluxprofessional.com\/se\/#website","url":"https:\/\/www.electroluxprofessional.com\/se\/","name":"Electrolux Professional Sverige","description":"","potentialAction":[{"@type":"SearchAction","target":{"@type":"EntryPoint","urlTemplate":"https:\/\/www.electroluxprofessional.com\/se\/?src={search_term_string}"},"query-input":"required name=search_term_string"}],"inLanguage":"sv-SE"}]}},"_links":{"self":[{"href":"https:\/\/www.electroluxprofessional.com\/se\/wp-json\/wp\/v2\/pages\/49755"}],"collection":[{"href":"https:\/\/www.electroluxprofessional.com\/se\/wp-json\/wp\/v2\/pages"}],"about":[{"href":"https:\/\/www.electroluxprofessional.com\/se\/wp-json\/wp\/v2\/types\/page"}],"author":[{"embeddable":true,"href":"https:\/\/www.electroluxprofessional.com\/se\/wp-json\/wp\/v2\/users\/458"}],"replies":[{"embeddable":true,"href":"https:\/\/www.electroluxprofessional.com\/se\/wp-json\/wp\/v2\/comments?post=49755"}],"version-history":[{"count":42,"href":"https:\/\/www.electroluxprofessional.com\/se\/wp-json\/wp\/v2\/pages\/49755\/revisions"}],"predecessor-version":[{"id":51547,"href":"https:\/\/www.electroluxprofessional.com\/se\/wp-json\/wp\/v2\/pages\/49755\/revisions\/51547"}],"wp:attachment":[{"href":"https:\/\/www.electroluxprofessional.com\/se\/wp-json\/wp\/v2\/media?parent=49755"}],"curies":[{"name":"wp","href":"https:\/\/api.w.org\/{rel}","templated":true}]}}