{"id":4953,"date":"2018-01-17T14:24:42","date_gmt":"2018-01-17T13:24:42","guid":{"rendered":"https:\/\/www.electroluxprofessional.com\/?page_id=14181"},"modified":"2025-10-16T08:40:32","modified_gmt":"2025-10-16T07:40:32","slug":"multislim-kompaktugn","status":"publish","type":"page","link":"https:\/\/www.electroluxprofessional.com\/se\/storkok\/multislim-kompaktugn\/","title":{"rendered":"MultiSlim kompaktugn"},"content":{"rendered":"<p>[vc_row full_width=&#8221;electroluxpro-full-width-no-padding&#8221;][vc_column][vc_single_image image=&#8221;15926&#8243; img_size=&#8221;full&#8221; alignment=&#8221;center&#8221;][\/vc_column][\/vc_row][vc_row][vc_column width=&#8221;2\/3&#8243;][vc_empty_space][elx_heading font_container=&#8221;h1&#8243; font_size=&#8221;h3&#8243; text_color=&#8221;inherit&#8221;]MultiSlim kompaktugn[\/elx_heading][vc_column_text]Har du ont om plats och m\u00e5ste dra ner driftkostnaderna utan att du vill kompromissa med prestanda?\u00a0Nya\u00a0<strong>MultiSlim kompaktugn<\/strong>\u00a0\u00e4r perfekt f\u00f6r din\u00a0<strong>restaurang<\/strong>\u00a0eller\u00a0<strong>bar<\/strong>.[\/vc_column_text][vc_empty_space][vc_empty_space][vc_empty_space][\/vc_column][vc_column width=&#8221;1\/3&#8243;][vc_empty_space][vc_empty_space][vc_empty_space][elx_download_block text=&#8221;Ladda ner<br \/>\nbroschyr &amp; recept f\u00f6r<br \/>\nMultiSlim kompaktugn&#8221; document_type=&#8221;brochures&#8221; file_picker=&#8221;15916&#8243; background_color=&#8221;electrolux-blue&#8221; br_document_number=&#8221;BR-9JE00182&#8243;][\/vc_column][\/vc_row][vc_row][vc_column width=&#8221;1\/3&#8243;][vc_single_image image=&#8221;4941&#8243; img_size=&#8221;full&#8221;][elx_heading font_size=&#8221;h5&#8243; text_color=&#8221;inherit&#8221;]L\u00e5g f\u00f6rbrukning[\/elx_heading][vc_column_text]Anv\u00e4nder upp till <strong>15% mindre vatten<\/strong> \u00e4n motsvarande standardugnar.[\/vc_column_text][\/vc_column][vc_column width=&#8221;1\/3&#8243;][vc_single_image image=&#8221;4942&#8243; img_size=&#8221;full&#8221;][elx_heading font_size=&#8221;h5&#8243; text_color=&#8221;inherit&#8221;]Laga mat p\u00e5 mindre yta[\/elx_heading][vc_column_text]Med en yta p\u00e5 endast 0.42 m\u00b2 passar\u00a0<strong>MultiSlim<\/strong>\u00a0<strong>kompaktugn<\/strong> perfekt f\u00f6r sm\u00e5 k\u00f6k.<br \/>\n<strong>H\u00f6ger- eller v\u00e4nsterh\u00e4ngd d\u00f6rr.<\/strong> Om du m\u00f6blerar om i k\u00f6ket byter du enkelt ut d\u00f6rren p\u00e5 plats mot en som \u00f6ppnas \u00e5t andra h\u00e5llet.[\/vc_column_text][\/vc_column][vc_column width=&#8221;1\/3&#8243;][vc_single_image image=&#8221;4943&#8243; img_size=&#8221;full&#8221;][elx_heading font_size=&#8221;h5&#8243; text_color=&#8221;inherit&#8221;]Robust[\/elx_heading][vc_column_text]<strong>MultiSlim kompaktugn<\/strong>\u00a0\u00e4r konstruerad f\u00f6r att anv\u00e4ndas mycket och l\u00e4nge med materialval av h\u00f6g kvalitet.[\/vc_column_text][\/vc_column][\/vc_row][vc_row][vc_column][vc_empty_space][\/vc_column][\/vc_row][vc_row css=&#8221;.vc_custom_1516626289472{background-color: #eeeeee !important;}&#8221;][vc_column width=&#8221;1\/2&#8243;][vc_single_image image=&#8221;15919&#8243; img_size=&#8221;full&#8221;][\/vc_column][vc_column width=&#8221;1\/2&#8243;][vc_empty_space][elx_heading font_size=&#8221;h5&#8243; text_color=&#8221;inherit&#8221;]MultiSlim kompaktugn,<br \/>\nha alltid din meny tillg\u00e4nglig[\/elx_heading][vc_column_text]Bl\u00e4ddra snabbt och enkelt genom program, funktioner och tillagningsparametrar med en enda vridbar knapp.<br \/>\n<b>G\u00f6r ditt val med ett enkelt tryck.<\/b><\/p>\n<p>MultiSlim kompaktugn l\u00e5ter dig skapa, spara och ladda upp till<strong>\u00a099 av dina favortit<\/strong><strong>rece<\/strong><strong>pt.<\/strong>[\/vc_column_text][\/vc_column][\/vc_row][vc_row][vc_column css=&#8221;.vc_custom_1516182416648{padding-top: 40px !important;}&#8221;][vc_empty_space][\/vc_column][\/vc_row][vc_row][vc_column width=&#8221;1\/3&#8243;][vc_single_image image=&#8221;4945&#8243; img_size=&#8221;full&#8221;][\/vc_column][vc_column width=&#8221;1\/3&#8243;][vc_empty_space][elx_heading font_size=&#8221;h5&#8243; text_color=&#8221;inherit&#8221;]R\u00e4tt tillbeh\u00f6r f\u00f6r det perfekta receptet[\/elx_heading][vc_column_text]Enkelt och snabbt. Kolla in en kort\u00a0<strong>receptlista<\/strong>\u00a0och tillbeh\u00f6r.<br \/>\nF\u00e5 din kopia nu.[\/vc_column_text][\/vc_column][vc_column width=&#8221;1\/3&#8243;][vc_empty_space][\/vc_column][\/vc_row][vc_row][vc_column][vc_empty_space][elx_heading font_size=&#8221;h3&#8243; text_color=&#8221;inherit&#8221;]Vill du f\u00e5 mer information?[\/elx_heading][elx_o2000_contact_us r=&#8221;Hej, jag vill veta mer om MultiSlim kompaktugn. V\u00e4nligen, kontakta mig.&#8221; s=&#8221;Mer information om MultiSlim kompaktugn&#8221; country=&#8221;Sweden&#8221; l=&#8221;se&#8221; e=&#8221;jennie.walther@electroluxprofessional.com&#8221;][\/vc_column][\/vc_row][vc_row][vc_column][vc_empty_space][vc_empty_space][elx_heading font_size=&#8221;h3&#8243; text_color=&#8221;inherit&#8221;]MultiSlim kompaktugnar: tekniska detaljer.[\/elx_heading]<div class=\"com21-product-filter-container 75\">[\/vc_column][\/vc_row]<\/p>\n","protected":false},"excerpt":{"rendered":"<p>[vc_row full_width=&#8221;electroluxpro-full-width-no-padding&#8221;][vc_column][vc_single_image image=&#8221;15926&#8243; img_size=&#8221;full&#8221; alignment=&#8221;center&#8221;][\/vc_column][\/vc_row][vc_row][vc_column width=&#8221;2\/3&#8243;][vc_empty_space][elx_heading font_container=&#8221;h1&#8243; font_size=&#8221;h3&#8243; text_color=&#8221;inherit&#8221;]MultiSlim kompaktugn[\/elx_heading][vc_column_text]Har du ont om plats och m\u00e5ste dra ner driftkostnaderna utan att du vill kompromissa med prestanda?\u00a0Nya\u00a0MultiSlim kompaktugn\u00a0\u00e4r perfekt f\u00f6r din\u00a0restaurang\u00a0eller\u00a0bar.[\/vc_column_text][vc_empty_space][vc_empty_space][vc_empty_space][\/vc_column][vc_column width=&#8221;1\/3&#8243;][vc_empty_space][vc_empty_space][vc_empty_space][elx_download_block text=&#8221;Ladda ner broschyr &amp; recept f\u00f6r MultiSlim kompaktugn&#8221; document_type=&#8221;brochures&#8221; file_picker=&#8221;15916&#8243; background_color=&#8221;electrolux-blue&#8221; br_document_number=&#8221;BR-9JE00182&#8243;][\/vc_column][\/vc_row][vc_row][vc_column width=&#8221;1\/3&#8243;][vc_single_image image=&#8221;4941&#8243; img_size=&#8221;full&#8221;][elx_heading font_size=&#8221;h5&#8243; text_color=&#8221;inherit&#8221;]L\u00e5g f\u00f6rbrukning[\/elx_heading][vc_column_text]Anv\u00e4nder upp till 15% mindre vatten \u00e4n [&hellip;]<\/p>\n","protected":false},"author":4,"featured_media":15926,"parent":51186,"menu_order":0,"comment_status":"closed","ping_status":"closed","template":"","meta":{"footnotes":""},"class_list":["post-4953","page","type-page","status-publish","has-post-thumbnail","hentry"],"acf":[],"yoast_head":"<!-- This site is optimized with the Yoast SEO plugin v23.3 - https:\/\/yoast.com\/wordpress\/plugins\/seo\/ -->\n<title>MultiSlim kompaktugn - Electrolux Professional Sverige<\/title>\n<meta name=\"description\" content=\"Har du ont om plats och m\u00e5ste dra ner driftkostnaderna utan att du vill kompromissa med prestanda? MultiSlim kompaktugn \u00e4r perfekt f\u00f6r din restaurang eller bar.\" \/>\n<meta name=\"robots\" content=\"index, follow, max-snippet:-1, max-image-preview:large, max-video-preview:-1\" \/>\n<link rel=\"canonical\" href=\"https:\/\/www.electroluxprofessional.com\/se\/storkok\/multislim-kompaktugn\/\" \/>\n<meta property=\"og:locale\" content=\"sv_SE\" \/>\n<meta property=\"og:type\" content=\"article\" \/>\n<meta property=\"og:title\" content=\"MultiSlim kompaktugn - Electrolux Professional Sverige\" \/>\n<meta property=\"og:description\" content=\"Har du ont om plats och m\u00e5ste dra ner driftkostnaderna utan att du vill kompromissa med prestanda? MultiSlim kompaktugn \u00e4r perfekt f\u00f6r din restaurang eller bar.\" \/>\n<meta property=\"og:url\" content=\"https:\/\/www.electroluxprofessional.com\/se\/storkok\/multislim-kompaktugn\/\" \/>\n<meta property=\"og:site_name\" content=\"Electrolux Professional Sverige\" \/>\n<meta property=\"article:modified_time\" content=\"2025-10-16T07:40:32+00:00\" \/>\n<meta property=\"og:image\" content=\"https:\/\/www.electroluxprofessional.com\/se\/wp-content\/uploads\/2021\/09\/multislim-top-banner.jpeg\" \/>\n\t<meta property=\"og:image:width\" content=\"2000\" \/>\n\t<meta property=\"og:image:height\" content=\"350\" \/>\n\t<meta property=\"og:image:type\" content=\"image\/jpeg\" \/>\n<meta name=\"twitter:card\" content=\"summary_large_image\" \/>\n<meta name=\"twitter:label1\" content=\"Ber\u00e4knad l\u00e4stid\" \/>\n\t<meta name=\"twitter:data1\" content=\"2 minuter\" \/>\n<script type=\"application\/ld+json\" class=\"yoast-schema-graph\">{\"@context\":\"https:\/\/schema.org\",\"@graph\":[{\"@type\":\"WebPage\",\"@id\":\"https:\/\/www.electroluxprofessional.com\/se\/storkok\/multislim-kompaktugn\/\",\"url\":\"https:\/\/www.electroluxprofessional.com\/se\/storkok\/multislim-kompaktugn\/\",\"name\":\"MultiSlim kompaktugn - Electrolux Professional Sverige\",\"isPartOf\":{\"@id\":\"https:\/\/www.electroluxprofessional.com\/se\/#website\"},\"primaryImageOfPage\":{\"@id\":\"https:\/\/www.electroluxprofessional.com\/se\/storkok\/multislim-kompaktugn\/#primaryimage\"},\"image\":{\"@id\":\"https:\/\/www.electroluxprofessional.com\/se\/storkok\/multislim-kompaktugn\/#primaryimage\"},\"thumbnailUrl\":\"https:\/\/www.electroluxprofessional.com\/se\/wp-content\/uploads\/2021\/09\/multislim-top-banner.jpeg\",\"datePublished\":\"2018-01-17T13:24:42+00:00\",\"dateModified\":\"2025-10-16T07:40:32+00:00\",\"description\":\"Har du ont om plats och m\u00e5ste dra ner driftkostnaderna utan att du vill kompromissa med prestanda? MultiSlim kompaktugn \u00e4r perfekt f\u00f6r din restaurang eller bar.\",\"breadcrumb\":{\"@id\":\"https:\/\/www.electroluxprofessional.com\/se\/storkok\/multislim-kompaktugn\/#breadcrumb\"},\"inLanguage\":\"sv-SE\",\"potentialAction\":[{\"@type\":\"ReadAction\",\"target\":[\"https:\/\/www.electroluxprofessional.com\/se\/storkok\/multislim-kompaktugn\/\"]}]},{\"@type\":\"ImageObject\",\"inLanguage\":\"sv-SE\",\"@id\":\"https:\/\/www.electroluxprofessional.com\/se\/storkok\/multislim-kompaktugn\/#primaryimage\",\"url\":\"https:\/\/www.electroluxprofessional.com\/se\/wp-content\/uploads\/2021\/09\/multislim-top-banner.jpeg\",\"contentUrl\":\"https:\/\/www.electroluxprofessional.com\/se\/wp-content\/uploads\/2021\/09\/multislim-top-banner.jpeg\",\"width\":2000,\"height\":350,\"caption\":\"Multislim kompaktugn\"},{\"@type\":\"BreadcrumbList\",\"@id\":\"https:\/\/www.electroluxprofessional.com\/se\/storkok\/multislim-kompaktugn\/#breadcrumb\",\"itemListElement\":[{\"@type\":\"ListItem\",\"position\":1,\"name\":\"Home\",\"item\":\"https:\/\/www.electroluxprofessional.com\/se\/\"},{\"@type\":\"ListItem\",\"position\":2,\"name\":\"Stork\u00f6k\",\"item\":\"https:\/\/www.electroluxprofessional.com\/se\/storkok\/\"},{\"@type\":\"ListItem\",\"position\":3,\"name\":\"MultiSlim kompaktugn\"}]},{\"@type\":\"WebSite\",\"@id\":\"https:\/\/www.electroluxprofessional.com\/se\/#website\",\"url\":\"https:\/\/www.electroluxprofessional.com\/se\/\",\"name\":\"Electrolux Professional Sverige\",\"description\":\"\",\"potentialAction\":[{\"@type\":\"SearchAction\",\"target\":{\"@type\":\"EntryPoint\",\"urlTemplate\":\"https:\/\/www.electroluxprofessional.com\/se\/?src={search_term_string}\"},\"query-input\":\"required name=search_term_string\"}],\"inLanguage\":\"sv-SE\"}]}<\/script>\n<!-- \/ Yoast SEO plugin. -->","yoast_head_json":{"title":"MultiSlim kompaktugn - Electrolux Professional Sverige","description":"Har du ont om plats och m\u00e5ste dra ner driftkostnaderna utan att du vill kompromissa med prestanda? MultiSlim kompaktugn \u00e4r perfekt f\u00f6r din restaurang eller bar.","robots":{"index":"index","follow":"follow","max-snippet":"max-snippet:-1","max-image-preview":"max-image-preview:large","max-video-preview":"max-video-preview:-1"},"canonical":"https:\/\/www.electroluxprofessional.com\/se\/storkok\/multislim-kompaktugn\/","og_locale":"sv_SE","og_type":"article","og_title":"MultiSlim kompaktugn - Electrolux Professional Sverige","og_description":"Har du ont om plats och m\u00e5ste dra ner driftkostnaderna utan att du vill kompromissa med prestanda? MultiSlim kompaktugn \u00e4r perfekt f\u00f6r din restaurang eller bar.","og_url":"https:\/\/www.electroluxprofessional.com\/se\/storkok\/multislim-kompaktugn\/","og_site_name":"Electrolux Professional Sverige","article_modified_time":"2025-10-16T07:40:32+00:00","og_image":[{"width":2000,"height":350,"url":"https:\/\/www.electroluxprofessional.com\/se\/wp-content\/uploads\/2021\/09\/multislim-top-banner.jpeg","type":"image\/jpeg"}],"twitter_card":"summary_large_image","twitter_misc":{"Ber\u00e4knad l\u00e4stid":"2 minuter"},"schema":{"@context":"https:\/\/schema.org","@graph":[{"@type":"WebPage","@id":"https:\/\/www.electroluxprofessional.com\/se\/storkok\/multislim-kompaktugn\/","url":"https:\/\/www.electroluxprofessional.com\/se\/storkok\/multislim-kompaktugn\/","name":"MultiSlim kompaktugn - Electrolux Professional Sverige","isPartOf":{"@id":"https:\/\/www.electroluxprofessional.com\/se\/#website"},"primaryImageOfPage":{"@id":"https:\/\/www.electroluxprofessional.com\/se\/storkok\/multislim-kompaktugn\/#primaryimage"},"image":{"@id":"https:\/\/www.electroluxprofessional.com\/se\/storkok\/multislim-kompaktugn\/#primaryimage"},"thumbnailUrl":"https:\/\/www.electroluxprofessional.com\/se\/wp-content\/uploads\/2021\/09\/multislim-top-banner.jpeg","datePublished":"2018-01-17T13:24:42+00:00","dateModified":"2025-10-16T07:40:32+00:00","description":"Har du ont om plats och m\u00e5ste dra ner driftkostnaderna utan att du vill kompromissa med prestanda? MultiSlim kompaktugn \u00e4r perfekt f\u00f6r din restaurang eller bar.","breadcrumb":{"@id":"https:\/\/www.electroluxprofessional.com\/se\/storkok\/multislim-kompaktugn\/#breadcrumb"},"inLanguage":"sv-SE","potentialAction":[{"@type":"ReadAction","target":["https:\/\/www.electroluxprofessional.com\/se\/storkok\/multislim-kompaktugn\/"]}]},{"@type":"ImageObject","inLanguage":"sv-SE","@id":"https:\/\/www.electroluxprofessional.com\/se\/storkok\/multislim-kompaktugn\/#primaryimage","url":"https:\/\/www.electroluxprofessional.com\/se\/wp-content\/uploads\/2021\/09\/multislim-top-banner.jpeg","contentUrl":"https:\/\/www.electroluxprofessional.com\/se\/wp-content\/uploads\/2021\/09\/multislim-top-banner.jpeg","width":2000,"height":350,"caption":"Multislim kompaktugn"},{"@type":"BreadcrumbList","@id":"https:\/\/www.electroluxprofessional.com\/se\/storkok\/multislim-kompaktugn\/#breadcrumb","itemListElement":[{"@type":"ListItem","position":1,"name":"Home","item":"https:\/\/www.electroluxprofessional.com\/se\/"},{"@type":"ListItem","position":2,"name":"Stork\u00f6k","item":"https:\/\/www.electroluxprofessional.com\/se\/storkok\/"},{"@type":"ListItem","position":3,"name":"MultiSlim kompaktugn"}]},{"@type":"WebSite","@id":"https:\/\/www.electroluxprofessional.com\/se\/#website","url":"https:\/\/www.electroluxprofessional.com\/se\/","name":"Electrolux Professional Sverige","description":"","potentialAction":[{"@type":"SearchAction","target":{"@type":"EntryPoint","urlTemplate":"https:\/\/www.electroluxprofessional.com\/se\/?src={search_term_string}"},"query-input":"required name=search_term_string"}],"inLanguage":"sv-SE"}]}},"_links":{"self":[{"href":"https:\/\/www.electroluxprofessional.com\/se\/wp-json\/wp\/v2\/pages\/4953"}],"collection":[{"href":"https:\/\/www.electroluxprofessional.com\/se\/wp-json\/wp\/v2\/pages"}],"about":[{"href":"https:\/\/www.electroluxprofessional.com\/se\/wp-json\/wp\/v2\/types\/page"}],"author":[{"embeddable":true,"href":"https:\/\/www.electroluxprofessional.com\/se\/wp-json\/wp\/v2\/users\/4"}],"replies":[{"embeddable":true,"href":"https:\/\/www.electroluxprofessional.com\/se\/wp-json\/wp\/v2\/comments?post=4953"}],"version-history":[{"count":20,"href":"https:\/\/www.electroluxprofessional.com\/se\/wp-json\/wp\/v2\/pages\/4953\/revisions"}],"predecessor-version":[{"id":54259,"href":"https:\/\/www.electroluxprofessional.com\/se\/wp-json\/wp\/v2\/pages\/4953\/revisions\/54259"}],"up":[{"embeddable":true,"href":"https:\/\/www.electroluxprofessional.com\/se\/wp-json\/wp\/v2\/pages\/51186"}],"wp:featuredmedia":[{"embeddable":true,"href":"https:\/\/www.electroluxprofessional.com\/se\/wp-json\/wp\/v2\/media\/15926"}],"wp:attachment":[{"href":"https:\/\/www.electroluxprofessional.com\/se\/wp-json\/wp\/v2\/media?parent=4953"}],"curies":[{"name":"wp","href":"https:\/\/api.w.org\/{rel}","templated":true}]}}