{"id":4930,"date":"2018-03-29T08:44:56","date_gmt":"2018-03-29T08:44:56","guid":{"rendered":"https:\/\/www.electroluxprofessional.com\/se\/?page_id=4930"},"modified":"2021-07-07T12:29:25","modified_gmt":"2021-07-07T11:29:25","slug":"essentia","status":"publish","type":"page","link":"https:\/\/www.electroluxprofessional.com\/se\/essentia\/","title":{"rendered":"Essentia"},"content":{"rendered":"<p>[vc_row full_width=&#8221;electroluxpro-full-width-no-padding&#8221;][vc_column][elx_hero_slider label_text_color=&#8221;inherit&#8221; images=&#8221;4935&#8243;][elx_heading font_container=&#8221;h1&#8243; font_size=&#8221;h2&#8243; text_color=&#8221;inherit&#8221;]Essentia[\/elx_heading][vc_column_text]<strong>Teamed to serve you.<br \/>\nAnytime, anywhere<\/strong><\/p>\n<p>Essentia &#8211; ett helt paket av servicerelaterade produkter och tj\u00e4nster som ser till att din utrustning forts\u00e4tter att prestera toppresultat \u00e5r efter \u00e5r.[\/vc_column_text][\/elx_hero_slider][\/vc_column][\/vc_row][vc_row disable_element=&#8221;yes&#8221;][vc_column][vc_column_text]98,000\u00a0available spare parts in stock.<\/p>\n<p>24 &#8211; 48 hours spare parts delivery worldwide<\/p>\n<p>[\/vc_column_text][\/vc_column][\/vc_row][vc_row][vc_column][vc_empty_space height=&#8221;50px&#8221;][\/vc_column][\/vc_row][vc_row full_width=&#8221;electroluxpro-full-width-no-padding&#8221; equal_height=&#8221;yes&#8221; css=&#8221;.vc_custom_1469780461824{background-color: #f8f6f9 !important;}&#8221;][vc_column width=&#8221;1\/2&#8243;][elx_simple_block background_color=&#8221;inherit&#8221;][elx_heading text_color=&#8221;inherit&#8221;]Essentia, hj\u00e4rtat i v\u00e5r kundservice[\/elx_heading][vc_column_text]Vi ger dig den support du beh\u00f6ver, vi tar hand om din utrustning med ett p\u00e5litligt servicen\u00e4tverk, en serie skr\u00e4ddarsydda exklusiva tj\u00e4nster och innovativ teknik. Essentia \u00e4r hj\u00e4rtat i en kundservice i absolut toppklass, en s\u00e4rskild merv\u00e4rdestj\u00e4nst som du inte hittar n\u00e5gon annanstans.[\/vc_column_text][elx_heading font_container=&#8221;h3&#8243; font_size=&#8221;h3&#8243; text_color=&#8221;electrolux-blue-for-small&#8221;]Servicen\u00e4tverk[\/elx_heading][vc_column_text]Du kan r\u00e4kna med fler \u00e4n 2 200 auktoriserade servicepartners, alltid till hands, alltid till tj\u00e4nst. Vi \u00e4r redo och engagerade &#8211; vi st\u00f6der dig med ett unikt servicen\u00e4tverk som g\u00f6r arbetslivet enklare.[\/vc_column_text][elx_heading font_container=&#8221;h3&#8243; text_color=&#8221;electrolux-blue-for-small&#8221;]Serviceavtal[\/elx_heading][vc_column_text]Du kan v\u00e4lja mellan flexibla, skr\u00e4ddarsydda paket, enligt verksamhetens behov, med diverse alternativ f\u00f6r underh\u00e5lls- och supporttj\u00e4nster.[\/vc_column_text][elx_heading font_container=&#8221;h3&#8243; text_color=&#8221;electrolux-blue-for-small&#8221; css=&#8221;.vc_custom_1522311022844{margin-bottom: 0px !important;border-bottom-width: 0px !important;padding-bottom: 0px !important;}&#8221;]Originaltillbeh\u00f6r och f\u00f6rbrukningsartiklar[\/elx_heading][vc_column_text]Du kan lita p\u00e5 snabba leveranser av originaltillbeh\u00f6r och f\u00f6rbrukningsartiklar, noggrannt testade av experter fr\u00e5n Electrolux Professional. Resultatet \u00e4r l\u00e5ng h\u00e5llbarhet och h\u00f6g prestanda p\u00e5 utrustningen och inte minst s\u00e4kerhet f\u00f6r anv\u00e4ndarna.[\/vc_column_text][vc_column_text][\/vc_column_text][elx_heading text_color=&#8221;inherit&#8221;]Hygienpaket[\/elx_heading][vc_column_text]Har ni \u00e4ldre utrustning i tv\u00e4ttstugan? Med ett hygienpaket \u00f6kar trivseln! Vi erbjuder flera olika hygienpaket som\u00a0inneb\u00e4r att er utrustning reng\u00f6rs och f\u00e5r nya och fr\u00e4scha originaldelar. Livsl\u00e4ngden p\u00e5 maskinerna \u00f6kar, hygien- och s\u00e4kerhetskrav uppfylls och s\u00e4kerheten f\u00f6r anv\u00e4ndarna \u00e4r optimal. L\u00e4s mer om v\u00e5ra olika hygienpaket i broschyren nedan. \u00d6nskar du kontakta oss f\u00f6r att fr\u00e5ga om eller best\u00e4lla hygienpaket, s\u00e5 hittar du all <a href=\"https:\/\/www.electroluxprofessional.com\/se\/kontakta-oss\/\">kontaktinformation h\u00e4r<\/a>. Det g\u00e5r ocks\u00e5 bra att anv\u00e4nda formul\u00e4ret nedan.<\/p>\n<p><a href=\"https:\/\/www.electroluxprofessional.com\/se\/wp-content\/uploads\/2020\/01\/A4-HYGIENPAKET2019_SV-EPR-2020-LR.pdf\" target=\"_blank\" rel=\"noopener noreferrer\">Hygienpaket (PDF)<\/a>[\/vc_column_text][\/elx_simple_block][\/vc_column][vc_column width=&#8221;1\/2&#8243;][elx_image_block background_image=&#8221;7678&#8243; minimum_height=&#8221;600px&#8221;][\/vc_column][\/vc_row][vc_row][vc_column][vc_empty_space][\/vc_column][\/vc_row][vc_row][vc_column][elx_heading font_container=&#8221;h3&#8243; text_color=&#8221;inherit&#8221;]Ta del av v\u00e5ra underh\u00e5llsavtal[\/elx_heading][elx_o2000_contact_us r=&#8221;Jag vill veta mer om service och underh\u00e5ll. V\u00e4nligen kontakta mig.&#8221; s=&#8221;F\u00f6rfr\u00e5gan om information ang\u00e5ende service och underh\u00e5ll (Food\/Laundry)&#8221; country=&#8221;Sweden&#8221; l=&#8221;se&#8221; b=&#8221;laundry&#8221; e=&#8221;els.sales@electrolux.se;pa.storkok@electrolux.se&#8221; container=&#8221;elxcontactus1484293813&#8243;][\/vc_column][\/vc_row][vc_row][vc_column][vc_empty_space][\/vc_column][\/vc_row]<\/p>\n","protected":false},"excerpt":{"rendered":"<p>[vc_row full_width=&#8221;electroluxpro-full-width-no-padding&#8221;][vc_column][elx_hero_slider label_text_color=&#8221;inherit&#8221; images=&#8221;4935&#8243;][elx_heading font_container=&#8221;h1&#8243; font_size=&#8221;h2&#8243; text_color=&#8221;inherit&#8221;]Essentia[\/elx_heading][vc_column_text]Teamed to serve you. Anytime, anywhere Essentia &#8211; ett helt paket av servicerelaterade produkter och tj\u00e4nster som ser till att din utrustning forts\u00e4tter att prestera toppresultat \u00e5r efter \u00e5r.[\/vc_column_text][\/elx_hero_slider][\/vc_column][\/vc_row][vc_row disable_element=&#8221;yes&#8221;][vc_column][vc_column_text]98,000\u00a0available spare parts in stock. 24 &#8211; 48 hours spare parts delivery worldwide [\/vc_column_text][\/vc_column][\/vc_row][vc_row][vc_column][vc_empty_space height=&#8221;50px&#8221;][\/vc_column][\/vc_row][vc_row full_width=&#8221;electroluxpro-full-width-no-padding&#8221; equal_height=&#8221;yes&#8221; css=&#8221;.vc_custom_1469780461824{background-color: #f8f6f9 !important;}&#8221;][vc_column [&hellip;]<\/p>\n","protected":false},"author":3,"featured_media":4935,"parent":0,"menu_order":0,"comment_status":"closed","ping_status":"closed","template":"","meta":{"footnotes":""},"class_list":["post-4930","page","type-page","status-publish","has-post-thumbnail","hentry"],"acf":[],"yoast_head":"<!-- This site is optimized with the Yoast SEO plugin v23.3 - https:\/\/yoast.com\/wordpress\/plugins\/seo\/ -->\n<title>Essentia - teamed to serve you. Anytime, anywhere.<\/title>\n<meta name=\"description\" content=\"Electrolux Essentia - ett helt paket av tillbeh\u00f6r och tj\u00e4nster som ser till att din utrustning forts\u00e4tter att prestera toppresultat \u00e5r efter \u00e5r.\" \/>\n<meta name=\"robots\" content=\"index, follow, max-snippet:-1, max-image-preview:large, max-video-preview:-1\" \/>\n<link rel=\"canonical\" href=\"https:\/\/www.electroluxprofessional.com\/se\/essentia\/\" \/>\n<meta property=\"og:locale\" content=\"sv_SE\" \/>\n<meta property=\"og:type\" content=\"article\" \/>\n<meta property=\"og:title\" content=\"Essentia - teamed to serve you. Anytime, anywhere.\" \/>\n<meta property=\"og:description\" content=\"Electrolux Essentia - ett helt paket av tillbeh\u00f6r och tj\u00e4nster som ser till att din utrustning forts\u00e4tter att prestera toppresultat \u00e5r efter \u00e5r.\" \/>\n<meta property=\"og:url\" content=\"https:\/\/www.electroluxprofessional.com\/se\/essentia\/\" \/>\n<meta property=\"og:site_name\" content=\"Electrolux Professional Sverige\" \/>\n<meta property=\"article:modified_time\" content=\"2021-07-07T11:29:25+00:00\" \/>\n<meta property=\"og:image\" content=\"https:\/\/www.electroluxprofessional.com\/se\/wp-content\/uploads\/2018\/03\/Essentia_Background.jpg\" \/>\n\t<meta property=\"og:image:width\" content=\"2000\" \/>\n\t<meta property=\"og:image:height\" content=\"894\" \/>\n\t<meta property=\"og:image:type\" content=\"image\/jpeg\" \/>\n<meta name=\"twitter:card\" content=\"summary_large_image\" \/>\n<meta name=\"twitter:label1\" content=\"Ber\u00e4knad l\u00e4stid\" \/>\n\t<meta name=\"twitter:data1\" content=\"3 minuter\" \/>\n<script type=\"application\/ld+json\" class=\"yoast-schema-graph\">{\"@context\":\"https:\/\/schema.org\",\"@graph\":[{\"@type\":\"WebPage\",\"@id\":\"https:\/\/www.electroluxprofessional.com\/se\/essentia\/\",\"url\":\"https:\/\/www.electroluxprofessional.com\/se\/essentia\/\",\"name\":\"Essentia - teamed to serve you. Anytime, anywhere.\",\"isPartOf\":{\"@id\":\"https:\/\/www.electroluxprofessional.com\/se\/#website\"},\"primaryImageOfPage\":{\"@id\":\"https:\/\/www.electroluxprofessional.com\/se\/essentia\/#primaryimage\"},\"image\":{\"@id\":\"https:\/\/www.electroluxprofessional.com\/se\/essentia\/#primaryimage\"},\"thumbnailUrl\":\"https:\/\/www.electroluxprofessional.com\/se\/wp-content\/uploads\/2018\/03\/Essentia_Background.jpg\",\"datePublished\":\"2018-03-29T08:44:56+00:00\",\"dateModified\":\"2021-07-07T11:29:25+00:00\",\"description\":\"Electrolux Essentia - ett helt paket av tillbeh\u00f6r och tj\u00e4nster som ser till att din utrustning forts\u00e4tter att prestera toppresultat \u00e5r efter \u00e5r.\",\"breadcrumb\":{\"@id\":\"https:\/\/www.electroluxprofessional.com\/se\/essentia\/#breadcrumb\"},\"inLanguage\":\"sv-SE\",\"potentialAction\":[{\"@type\":\"ReadAction\",\"target\":[\"https:\/\/www.electroluxprofessional.com\/se\/essentia\/\"]}]},{\"@type\":\"ImageObject\",\"inLanguage\":\"sv-SE\",\"@id\":\"https:\/\/www.electroluxprofessional.com\/se\/essentia\/#primaryimage\",\"url\":\"https:\/\/www.electroluxprofessional.com\/se\/wp-content\/uploads\/2018\/03\/Essentia_Background.jpg\",\"contentUrl\":\"https:\/\/www.electroluxprofessional.com\/se\/wp-content\/uploads\/2018\/03\/Essentia_Background.jpg\",\"width\":2000,\"height\":894,\"caption\":\"Essentia. Teamed to serve you.\"},{\"@type\":\"BreadcrumbList\",\"@id\":\"https:\/\/www.electroluxprofessional.com\/se\/essentia\/#breadcrumb\",\"itemListElement\":[{\"@type\":\"ListItem\",\"position\":1,\"name\":\"Home\",\"item\":\"https:\/\/www.electroluxprofessional.com\/se\/\"},{\"@type\":\"ListItem\",\"position\":2,\"name\":\"Essentia\"}]},{\"@type\":\"WebSite\",\"@id\":\"https:\/\/www.electroluxprofessional.com\/se\/#website\",\"url\":\"https:\/\/www.electroluxprofessional.com\/se\/\",\"name\":\"Electrolux Professional Sverige\",\"description\":\"\",\"potentialAction\":[{\"@type\":\"SearchAction\",\"target\":{\"@type\":\"EntryPoint\",\"urlTemplate\":\"https:\/\/www.electroluxprofessional.com\/se\/?src={search_term_string}\"},\"query-input\":\"required name=search_term_string\"}],\"inLanguage\":\"sv-SE\"}]}<\/script>\n<!-- \/ Yoast SEO plugin. -->","yoast_head_json":{"title":"Essentia - teamed to serve you. Anytime, anywhere.","description":"Electrolux Essentia - ett helt paket av tillbeh\u00f6r och tj\u00e4nster som ser till att din utrustning forts\u00e4tter att prestera toppresultat \u00e5r efter \u00e5r.","robots":{"index":"index","follow":"follow","max-snippet":"max-snippet:-1","max-image-preview":"max-image-preview:large","max-video-preview":"max-video-preview:-1"},"canonical":"https:\/\/www.electroluxprofessional.com\/se\/essentia\/","og_locale":"sv_SE","og_type":"article","og_title":"Essentia - teamed to serve you. Anytime, anywhere.","og_description":"Electrolux Essentia - ett helt paket av tillbeh\u00f6r och tj\u00e4nster som ser till att din utrustning forts\u00e4tter att prestera toppresultat \u00e5r efter \u00e5r.","og_url":"https:\/\/www.electroluxprofessional.com\/se\/essentia\/","og_site_name":"Electrolux Professional Sverige","article_modified_time":"2021-07-07T11:29:25+00:00","og_image":[{"width":2000,"height":894,"url":"https:\/\/www.electroluxprofessional.com\/se\/wp-content\/uploads\/2018\/03\/Essentia_Background.jpg","type":"image\/jpeg"}],"twitter_card":"summary_large_image","twitter_misc":{"Ber\u00e4knad l\u00e4stid":"3 minuter"},"schema":{"@context":"https:\/\/schema.org","@graph":[{"@type":"WebPage","@id":"https:\/\/www.electroluxprofessional.com\/se\/essentia\/","url":"https:\/\/www.electroluxprofessional.com\/se\/essentia\/","name":"Essentia - teamed to serve you. Anytime, anywhere.","isPartOf":{"@id":"https:\/\/www.electroluxprofessional.com\/se\/#website"},"primaryImageOfPage":{"@id":"https:\/\/www.electroluxprofessional.com\/se\/essentia\/#primaryimage"},"image":{"@id":"https:\/\/www.electroluxprofessional.com\/se\/essentia\/#primaryimage"},"thumbnailUrl":"https:\/\/www.electroluxprofessional.com\/se\/wp-content\/uploads\/2018\/03\/Essentia_Background.jpg","datePublished":"2018-03-29T08:44:56+00:00","dateModified":"2021-07-07T11:29:25+00:00","description":"Electrolux Essentia - ett helt paket av tillbeh\u00f6r och tj\u00e4nster som ser till att din utrustning forts\u00e4tter att prestera toppresultat \u00e5r efter \u00e5r.","breadcrumb":{"@id":"https:\/\/www.electroluxprofessional.com\/se\/essentia\/#breadcrumb"},"inLanguage":"sv-SE","potentialAction":[{"@type":"ReadAction","target":["https:\/\/www.electroluxprofessional.com\/se\/essentia\/"]}]},{"@type":"ImageObject","inLanguage":"sv-SE","@id":"https:\/\/www.electroluxprofessional.com\/se\/essentia\/#primaryimage","url":"https:\/\/www.electroluxprofessional.com\/se\/wp-content\/uploads\/2018\/03\/Essentia_Background.jpg","contentUrl":"https:\/\/www.electroluxprofessional.com\/se\/wp-content\/uploads\/2018\/03\/Essentia_Background.jpg","width":2000,"height":894,"caption":"Essentia. Teamed to serve you."},{"@type":"BreadcrumbList","@id":"https:\/\/www.electroluxprofessional.com\/se\/essentia\/#breadcrumb","itemListElement":[{"@type":"ListItem","position":1,"name":"Home","item":"https:\/\/www.electroluxprofessional.com\/se\/"},{"@type":"ListItem","position":2,"name":"Essentia"}]},{"@type":"WebSite","@id":"https:\/\/www.electroluxprofessional.com\/se\/#website","url":"https:\/\/www.electroluxprofessional.com\/se\/","name":"Electrolux Professional Sverige","description":"","potentialAction":[{"@type":"SearchAction","target":{"@type":"EntryPoint","urlTemplate":"https:\/\/www.electroluxprofessional.com\/se\/?src={search_term_string}"},"query-input":"required name=search_term_string"}],"inLanguage":"sv-SE"}]}},"_links":{"self":[{"href":"https:\/\/www.electroluxprofessional.com\/se\/wp-json\/wp\/v2\/pages\/4930"}],"collection":[{"href":"https:\/\/www.electroluxprofessional.com\/se\/wp-json\/wp\/v2\/pages"}],"about":[{"href":"https:\/\/www.electroluxprofessional.com\/se\/wp-json\/wp\/v2\/types\/page"}],"author":[{"embeddable":true,"href":"https:\/\/www.electroluxprofessional.com\/se\/wp-json\/wp\/v2\/users\/3"}],"replies":[{"embeddable":true,"href":"https:\/\/www.electroluxprofessional.com\/se\/wp-json\/wp\/v2\/comments?post=4930"}],"version-history":[{"count":18,"href":"https:\/\/www.electroluxprofessional.com\/se\/wp-json\/wp\/v2\/pages\/4930\/revisions"}],"predecessor-version":[{"id":15448,"href":"https:\/\/www.electroluxprofessional.com\/se\/wp-json\/wp\/v2\/pages\/4930\/revisions\/15448"}],"wp:featuredmedia":[{"embeddable":true,"href":"https:\/\/www.electroluxprofessional.com\/se\/wp-json\/wp\/v2\/media\/4935"}],"wp:attachment":[{"href":"https:\/\/www.electroluxprofessional.com\/se\/wp-json\/wp\/v2\/media?parent=4930"}],"curies":[{"name":"wp","href":"https:\/\/api.w.org\/{rel}","templated":true}]}}