{"id":48759,"date":"2023-09-13T09:29:01","date_gmt":"2023-09-13T08:29:01","guid":{"rendered":"https:\/\/www.electroluxprofessional.com\/se\/?page_id=48759"},"modified":"2025-06-23T15:26:21","modified_gmt":"2025-06-23T14:26:21","slug":"fast-range-disk-med-priser","status":"publish","type":"page","link":"https:\/\/www.electroluxprofessional.com\/se\/fast-range-disk-med-priser\/","title":{"rendered":"FAST RANGE &#8211; Disk med pris"},"content":{"rendered":"<p>[vc_row full_width=&#8221;electroluxpro-full-width-no-padding&#8221;][vc_column css=&#8221;.vc_custom_1618358802266{margin-top: -40px !important;border-top-width: -40px !important;padding-top: -40px !important;}&#8221;][elx_full_banner title=&#8221;FAST RANGE&#8221; background_image_media_library=&#8221;48361&#8243; background_image_media_library_mobile=&#8221;48361&#8243; link=&#8221;url:%23contact|title:Best\u00e4ll%20idag%20-%20imorgon%20\u00e4r%20den%20p\u00e5%20v\u00e4g&#8221;][\/vc_column][\/vc_row][vc_row][vc_column][elx_menu menu_name=&#8221;Fast range priser&#8221;][\/vc_column][\/vc_row][vc_row][vc_column][vc_column_text]<\/p>\n<h3 style=\"text-align: center;\"><span class=\"ui-provider gp b c d e f g h i j k l m n o p q r s t u v w x y z ab ac ae af ag ah ai aj ak\" dir=\"ltr\">Ibland \u00e4r snabb leverans avg\u00f6rande<\/span><\/h3>\n<p style=\"text-align: center;\">\u00c4r du i behov av en produkt som kombiugn, blast chiller\/freezer, diskmaskin eller en annan produkt inom kategori kyla \u00e4r det god chans att vi har det p\u00e5 lager. I sortimentet <strong>Fast Range<\/strong> har vi samlat n\u00e5gra av v\u00e5ra mest popul\u00e4ra produkter som finns tillg\u00e4ngliga p\u00e5 lager och st\u00e5r redo att levereras ut snabbt till dig.<\/p>\n<p>[\/vc_column_text][vc_empty_space][vc_row_inner][vc_column_inner width=&#8221;1\/2&#8243;][elx_button button_text=&#8221;L\u00e4s mer om v\u00e5ra underb\u00e4nks- och glasdiskmaskiner&#8221; button_display_block=&#8221;display_block_on&#8221; button_alignment=&#8221;align_center&#8221; button_link=&#8221;url:https%3A%2F%2Fwww.electroluxprofessional.com%2Fse%2Fglasdiskmaskin-och-underbankdiskmaskin%2F|title:Glasdiskmaskiner%20och%20underb%C3%A4nkdiskmaskiner|target:_blank&#8221;][\/vc_column_inner][vc_column_inner width=&#8221;1\/2&#8243;][elx_button button_text=&#8221;L\u00e4s mer om v\u00e5ra huvdiskmaskiner&#8221; button_display_block=&#8221;display_block_on&#8221; button_alignment=&#8221;align_center&#8221; button_link=&#8221;url:https%3A%2F%2Fwww.electroluxprofessional.com%2Fse%2Fhuvdiskmaskin%2F|title:Huvdiskmaskin|target:_blank&#8221;][\/vc_column_inner][\/vc_row_inner][vc_empty_space height=&#8221;62px&#8221;][\/vc_column][\/vc_row][vc_row][vc_column width=&#8221;1\/3&#8243;][vc_single_image image=&#8221;48213&#8243; img_size=&#8221;200&#215;300&#8243; alignment=&#8221;center&#8221; css_animation=&#8221;none&#8221;][elx_heading font_size=&#8221;h5&#8243; text_color=&#8221;inherit&#8221; text_align=&#8221;text-center&#8221;]Glasdiskmaskin[\/elx_heading][vc_empty_space height=&#8221;26px&#8221;][vc_column_text]<\/p>\n<p style=\"text-align: center;\">isolerad, 1 program<\/p>\n<p>[\/vc_column_text][elx_heading font_container=&#8221;h6&#8243; font_size=&#8221;h6&#8243; text_color=&#8221;inherit&#8221; text_align=&#8221;text-center&#8221;]Art.-Nr. 402202[\/elx_heading][elx_heading font_container=&#8221;h6&#8243; font_size=&#8221;h6&#8243; text_color=&#8221;inherit&#8221; text_align=&#8221;text-center&#8221;]Pris: -[\/elx_heading][elx_button button_text=&#8221;L\u00e4s mer&#8221; button_style=&#8221;default&#8221; button_display_block=&#8221;display_block_on&#8221; button_alignment=&#8221;align_center&#8221; button_link=&#8221;url:https%3A%2F%2Fwww.electroluxprofessional.com%2Fse%2Fpd%2Fdiskrumsutrustning%2Fglasdiskmaskiner%2Fisolerade-glasdiskmaskiner%2Fdisk-glasdiskmaskin-isolerad-t%25C3%25B6mnings-disk-torkmedelspump-402202%2F|target:_blank&#8221;][\/vc_column][vc_column width=&#8221;1\/3&#8243;][vc_single_image image=&#8221;48214&#8243; img_size=&#8221;200&#215;300&#8243; alignment=&#8221;center&#8221; css_animation=&#8221;none&#8221;][elx_heading font_size=&#8221;h5&#8243; text_color=&#8221;inherit&#8221; text_align=&#8221;text-center&#8221;]Underb\u00e4nks- diskmaskin[\/elx_heading][vc_column_text]<\/p>\n<p style=\"text-align: center;\">3 program. 40 korgar\/timme.<\/p>\n<p>[\/vc_column_text][elx_heading font_container=&#8221;h6&#8243; font_size=&#8221;h6&#8243; text_color=&#8221;inherit&#8221; text_align=&#8221;text-center&#8221;]Art.-Nr. 502706[\/elx_heading][elx_heading font_container=&#8221;h6&#8243; font_size=&#8221;h6&#8243; text_color=&#8221;inherit&#8221; text_align=&#8221;text-center&#8221;]Pris: 55.400 SEK[\/elx_heading][elx_button button_text=&#8221;L\u00e4s mer&#8221; button_style=&#8221;default&#8221; button_display_block=&#8221;display_block_on&#8221; button_alignment=&#8221;align_center&#8221; button_link=&#8221;url:https%3A%2F%2Fwww.electroluxprofessional.com%2Fse%2Fpd%2Fdiskrumsutrustning%2Funderb%25C3%25A4nkdiskmaskiner%2Fgreen-clean-underb%25C3%25A4nksdiskmaskiner-euci-och-eucai%2Fdisk-underb%25C3%25A4nksdiskmaskin-isolerad-wash-safe-disk-torkmedelspump-502706%2F|target:_blank&#8221;][vc_empty_space height=&#8221;100px&#8221;][vc_empty_space height=&#8221;10px&#8221;][\/vc_column][\/vc_row][vc_row][vc_column width=&#8221;1\/3&#8243;][vc_single_image image=&#8221;48216&#8243; img_size=&#8221;medium&#8221; alignment=&#8221;center&#8221; css_animation=&#8221;none&#8221;][elx_heading font_size=&#8221;h5&#8243; text_color=&#8221;inherit&#8221; text_align=&#8221;text-center&#8221;]green&amp;clean Huvdiskmaskin[\/elx_heading][elx_heading font_container=&#8221;h6&#8243; font_size=&#8221;h6&#8243; text_color=&#8221;inherit&#8221; text_align=&#8221;text-center&#8221;]Art.-Nr. 504254[\/elx_heading][elx_heading font_container=&#8221;h6&#8243; font_size=&#8221;h6&#8243; text_color=&#8221;inherit&#8221; text_align=&#8221;text-center&#8221;]Pris: -[\/elx_heading][elx_button button_text=&#8221;l\u00e4s mer&#8221; button_style=&#8221;default&#8221; button_display_block=&#8221;display_block_on&#8221; button_alignment=&#8221;align_center&#8221; button_link=&#8221;url:https%3A%2F%2Fwww.electroluxprofessional.com%2Fse%2Fhuvdiskmaskin%2F|title:Huvdiskmaskin|target:_blank&#8221;][\/vc_column][vc_column width=&#8221;1\/3&#8243;][vc_single_image image=&#8221;48217&#8243; img_size=&#8221;medium&#8221; alignment=&#8221;center&#8221; css_animation=&#8221;none&#8221;][elx_heading font_size=&#8221;h5&#8243; text_color=&#8221;inherit&#8221; text_align=&#8221;text-center&#8221;]green&amp;clean Huvdiskmaskin[\/elx_heading][elx_heading font_container=&#8221;h6&#8243; font_size=&#8221;h6&#8243; text_color=&#8221;inherit&#8221; text_align=&#8221;text-center&#8221;]Art.-Nr. 504258[\/elx_heading][elx_heading font_container=&#8221;h6&#8243; font_size=&#8221;h6&#8243; text_color=&#8221;inherit&#8221; text_align=&#8221;text-center&#8221;]Pris: -[\/elx_heading][elx_button button_text=&#8221;l\u00e4s mer&#8221; button_style=&#8221;default&#8221; button_display_block=&#8221;display_block_on&#8221; button_alignment=&#8221;align_center&#8221; button_link=&#8221;url:https%3A%2F%2Fwww.electroluxprofessional.com%2Fse%2Fhuvdiskmaskin%2F|title:Huvdiskmaskin|target:_blank&#8221;][\/vc_column][vc_column width=&#8221;1\/3&#8243;][vc_empty_space height=&#8221;12px&#8221;][vc_empty_space height=&#8221;12px&#8221;][vc_empty_space height=&#8221;10px&#8221;][vc_empty_space height=&#8221;10px&#8221;][\/vc_column][\/vc_row][vc_row][vc_column][vc_empty_space height=&#8221;82px&#8221;][elx_heading font_container=&#8221;h4&#8243; font_size=&#8221;h3&#8243; text_color=&#8221;inherit&#8221; text_align=&#8221;text-center&#8221;]Kontakta oss f\u00f6r information om produkten du s\u00f6ker.[\/elx_heading][\/vc_column][\/vc_row][vc_row disable_element=&#8221;yes&#8221;][vc_column width=&#8221;1\/3&#8243;][elx_maylike_box id_box=&#8221;15596&#8243;][\/vc_column][vc_column width=&#8221;1\/3&#8243;][elx_maylike_box id_box=&#8221;15597&#8243;][\/vc_column][vc_column width=&#8221;1\/3&#8243;][elx_maylike_box id_box=&#8221;15598&#8243; link_target=&#8221;blank&#8221;][\/vc_column][\/vc_row][vc_row el_id=&#8221;contact&#8221;][vc_column][elx_o2000_contact_us s=&#8221;Fast Range&#8221; country=&#8221;Sweden&#8221; r=&#8221;Jag skulle vilja veta mer om Fast Range och produkten (ange produkt\/produkter)&#8221;][\/vc_column][\/vc_row][vc_row][vc_column][vc_column_text][\/vc_column_text][\/vc_column][\/vc_row]<\/p>\n","protected":false},"excerpt":{"rendered":"<p>[vc_row full_width=&#8221;electroluxpro-full-width-no-padding&#8221;][vc_column css=&#8221;.vc_custom_1618358802266{margin-top: -40px !important;border-top-width: -40px !important;padding-top: -40px !important;}&#8221;][elx_full_banner title=&#8221;FAST RANGE&#8221; background_image_media_library=&#8221;48361&#8243; background_image_media_library_mobile=&#8221;48361&#8243; link=&#8221;url:%23contact|title:Best\u00e4ll%20idag%20-%20imorgon%20\u00e4r%20den%20p\u00e5%20v\u00e4g&#8221;][\/vc_column][\/vc_row][vc_row][vc_column][elx_menu menu_name=&#8221;Fast range priser&#8221;][\/vc_column][\/vc_row][vc_row][vc_column][vc_column_text] Ibland \u00e4r snabb leverans avg\u00f6rande \u00c4r du i behov av en produkt som kombiugn, blast chiller\/freezer, diskmaskin eller en annan produkt inom kategori kyla \u00e4r det god chans att vi har det p\u00e5 lager. I sortimentet Fast Range [&hellip;]<\/p>\n","protected":false},"author":4,"featured_media":0,"parent":0,"menu_order":0,"comment_status":"closed","ping_status":"closed","template":"","meta":{"footnotes":""},"class_list":["post-48759","page","type-page","status-publish","hentry"],"acf":[],"yoast_head":"<!-- This site is optimized with the Yoast SEO plugin v23.3 - https:\/\/yoast.com\/wordpress\/plugins\/seo\/ -->\n<title>Professionella diskl\u00f6sningar- snabb leverans<\/title>\n<meta name=\"description\" content=\"Omg\u00e5ende leverans av professionella diskl\u00f6sningar f\u00f6r stork\u00f6k och restaurang. Best\u00e4ll idag - Imorgon \u00e4r leveransen p\u00e5 v\u00e4g.\" \/>\n<meta name=\"robots\" content=\"index, nofollow, max-snippet:-1, max-image-preview:large, max-video-preview:-1\" \/>\n<link rel=\"canonical\" href=\"https:\/\/www.electroluxprofessional.com\/se\/fast-range-disk-med-priser\/\" \/>\n<meta property=\"og:locale\" content=\"sv_SE\" \/>\n<meta property=\"og:type\" content=\"article\" \/>\n<meta property=\"og:title\" content=\"Professionella diskl\u00f6sningar- snabb leverans\" \/>\n<meta property=\"og:description\" content=\"Omg\u00e5ende leverans av professionella diskl\u00f6sningar f\u00f6r stork\u00f6k och restaurang. Best\u00e4ll idag - Imorgon \u00e4r leveransen p\u00e5 v\u00e4g.\" \/>\n<meta property=\"og:url\" content=\"https:\/\/www.electroluxprofessional.com\/se\/fast-range-disk-med-priser\/\" \/>\n<meta property=\"og:site_name\" content=\"Electrolux Professional Sverige\" \/>\n<meta property=\"article:modified_time\" content=\"2025-06-23T14:26:21+00:00\" \/>\n<meta name=\"twitter:card\" content=\"summary_large_image\" \/>\n<meta name=\"twitter:label1\" content=\"Ber\u00e4knad l\u00e4stid\" \/>\n\t<meta name=\"twitter:data1\" content=\"2 minuter\" \/>\n<script type=\"application\/ld+json\" class=\"yoast-schema-graph\">{\"@context\":\"https:\/\/schema.org\",\"@graph\":[{\"@type\":\"WebPage\",\"@id\":\"https:\/\/www.electroluxprofessional.com\/se\/fast-range-disk-med-priser\/\",\"url\":\"https:\/\/www.electroluxprofessional.com\/se\/fast-range-disk-med-priser\/\",\"name\":\"Professionella diskl\u00f6sningar- snabb leverans\",\"isPartOf\":{\"@id\":\"https:\/\/www.electroluxprofessional.com\/se\/#website\"},\"datePublished\":\"2023-09-13T08:29:01+00:00\",\"dateModified\":\"2025-06-23T14:26:21+00:00\",\"description\":\"Omg\u00e5ende leverans av professionella diskl\u00f6sningar f\u00f6r stork\u00f6k och restaurang. Best\u00e4ll idag - Imorgon \u00e4r leveransen p\u00e5 v\u00e4g.\",\"breadcrumb\":{\"@id\":\"https:\/\/www.electroluxprofessional.com\/se\/fast-range-disk-med-priser\/#breadcrumb\"},\"inLanguage\":\"sv-SE\",\"potentialAction\":[{\"@type\":\"ReadAction\",\"target\":[\"https:\/\/www.electroluxprofessional.com\/se\/fast-range-disk-med-priser\/\"]}]},{\"@type\":\"BreadcrumbList\",\"@id\":\"https:\/\/www.electroluxprofessional.com\/se\/fast-range-disk-med-priser\/#breadcrumb\",\"itemListElement\":[{\"@type\":\"ListItem\",\"position\":1,\"name\":\"Home\",\"item\":\"https:\/\/www.electroluxprofessional.com\/se\/\"},{\"@type\":\"ListItem\",\"position\":2,\"name\":\"FAST RANGE &#8211; Disk med pris\"}]},{\"@type\":\"WebSite\",\"@id\":\"https:\/\/www.electroluxprofessional.com\/se\/#website\",\"url\":\"https:\/\/www.electroluxprofessional.com\/se\/\",\"name\":\"Electrolux Professional Sverige\",\"description\":\"\",\"potentialAction\":[{\"@type\":\"SearchAction\",\"target\":{\"@type\":\"EntryPoint\",\"urlTemplate\":\"https:\/\/www.electroluxprofessional.com\/se\/?src={search_term_string}\"},\"query-input\":\"required name=search_term_string\"}],\"inLanguage\":\"sv-SE\"}]}<\/script>\n<!-- \/ Yoast SEO plugin. -->","yoast_head_json":{"title":"Professionella diskl\u00f6sningar- snabb leverans","description":"Omg\u00e5ende leverans av professionella diskl\u00f6sningar f\u00f6r stork\u00f6k och restaurang. Best\u00e4ll idag - Imorgon \u00e4r leveransen p\u00e5 v\u00e4g.","robots":{"index":"index","follow":"nofollow","max-snippet":"max-snippet:-1","max-image-preview":"max-image-preview:large","max-video-preview":"max-video-preview:-1"},"canonical":"https:\/\/www.electroluxprofessional.com\/se\/fast-range-disk-med-priser\/","og_locale":"sv_SE","og_type":"article","og_title":"Professionella diskl\u00f6sningar- snabb leverans","og_description":"Omg\u00e5ende leverans av professionella diskl\u00f6sningar f\u00f6r stork\u00f6k och restaurang. Best\u00e4ll idag - Imorgon \u00e4r leveransen p\u00e5 v\u00e4g.","og_url":"https:\/\/www.electroluxprofessional.com\/se\/fast-range-disk-med-priser\/","og_site_name":"Electrolux Professional Sverige","article_modified_time":"2025-06-23T14:26:21+00:00","twitter_card":"summary_large_image","twitter_misc":{"Ber\u00e4knad l\u00e4stid":"2 minuter"},"schema":{"@context":"https:\/\/schema.org","@graph":[{"@type":"WebPage","@id":"https:\/\/www.electroluxprofessional.com\/se\/fast-range-disk-med-priser\/","url":"https:\/\/www.electroluxprofessional.com\/se\/fast-range-disk-med-priser\/","name":"Professionella diskl\u00f6sningar- snabb leverans","isPartOf":{"@id":"https:\/\/www.electroluxprofessional.com\/se\/#website"},"datePublished":"2023-09-13T08:29:01+00:00","dateModified":"2025-06-23T14:26:21+00:00","description":"Omg\u00e5ende leverans av professionella diskl\u00f6sningar f\u00f6r stork\u00f6k och restaurang. Best\u00e4ll idag - Imorgon \u00e4r leveransen p\u00e5 v\u00e4g.","breadcrumb":{"@id":"https:\/\/www.electroluxprofessional.com\/se\/fast-range-disk-med-priser\/#breadcrumb"},"inLanguage":"sv-SE","potentialAction":[{"@type":"ReadAction","target":["https:\/\/www.electroluxprofessional.com\/se\/fast-range-disk-med-priser\/"]}]},{"@type":"BreadcrumbList","@id":"https:\/\/www.electroluxprofessional.com\/se\/fast-range-disk-med-priser\/#breadcrumb","itemListElement":[{"@type":"ListItem","position":1,"name":"Home","item":"https:\/\/www.electroluxprofessional.com\/se\/"},{"@type":"ListItem","position":2,"name":"FAST RANGE &#8211; Disk med pris"}]},{"@type":"WebSite","@id":"https:\/\/www.electroluxprofessional.com\/se\/#website","url":"https:\/\/www.electroluxprofessional.com\/se\/","name":"Electrolux Professional Sverige","description":"","potentialAction":[{"@type":"SearchAction","target":{"@type":"EntryPoint","urlTemplate":"https:\/\/www.electroluxprofessional.com\/se\/?src={search_term_string}"},"query-input":"required name=search_term_string"}],"inLanguage":"sv-SE"}]}},"_links":{"self":[{"href":"https:\/\/www.electroluxprofessional.com\/se\/wp-json\/wp\/v2\/pages\/48759"}],"collection":[{"href":"https:\/\/www.electroluxprofessional.com\/se\/wp-json\/wp\/v2\/pages"}],"about":[{"href":"https:\/\/www.electroluxprofessional.com\/se\/wp-json\/wp\/v2\/types\/page"}],"author":[{"embeddable":true,"href":"https:\/\/www.electroluxprofessional.com\/se\/wp-json\/wp\/v2\/users\/4"}],"replies":[{"embeddable":true,"href":"https:\/\/www.electroluxprofessional.com\/se\/wp-json\/wp\/v2\/comments?post=48759"}],"version-history":[{"count":5,"href":"https:\/\/www.electroluxprofessional.com\/se\/wp-json\/wp\/v2\/pages\/48759\/revisions"}],"predecessor-version":[{"id":54020,"href":"https:\/\/www.electroluxprofessional.com\/se\/wp-json\/wp\/v2\/pages\/48759\/revisions\/54020"}],"wp:attachment":[{"href":"https:\/\/www.electroluxprofessional.com\/se\/wp-json\/wp\/v2\/media?parent=48759"}],"curies":[{"name":"wp","href":"https:\/\/api.w.org\/{rel}","templated":true}]}}