{"id":48732,"date":"2023-09-13T09:31:43","date_gmt":"2023-09-13T08:31:43","guid":{"rendered":"https:\/\/www.electroluxprofessional.com\/se\/?page_id=48732"},"modified":"2023-09-22T15:53:19","modified_gmt":"2023-09-22T14:53:19","slug":"fast-range-kyla-med-priser","status":"publish","type":"page","link":"https:\/\/www.electroluxprofessional.com\/se\/fast-range-kyla-med-priser\/","title":{"rendered":"FAST RANGE &#8211; Kyla med pris"},"content":{"rendered":"<p>[vc_row full_width=&#8221;electroluxpro-full-width-no-padding&#8221;][vc_column css=&#8221;.vc_custom_1618358802266{margin-top: -40px !important;border-top-width: -40px !important;padding-top: -40px !important;}&#8221;][elx_full_banner title=&#8221;FAST RANGE&#8221; background_image_media_library=&#8221;48365&#8243; background_image_media_library_mobile=&#8221;48365&#8243; link=&#8221;url:%23contact|title:Best\u00e4ll%20idag%20-%20imorgon%20\u00e4r%20den%20p\u00e5%20v\u00e4g&#8221;][\/vc_column][\/vc_row][vc_row][vc_column][elx_menu menu_name=&#8221;Fast range priser&#8221;][\/vc_column][\/vc_row][vc_row][vc_column][vc_column_text]<\/p>\n<h3 style=\"text-align: center;\"><span class=\"ui-provider gp b c d e f g h i j k l m n o p q r s t u v w x y z ab ac ae af ag ah ai aj ak\" dir=\"ltr\">Ibland \u00e4r snabb leverans avg\u00f6rande<\/span><\/h3>\n<p style=\"text-align: center;\">\u00c4r du i behov av en produkt som kombiugn, blast chiller\/freezer, diskmaskin eller en annan produkt inom kategori kyla \u00e4r det god chans att vi har det p\u00e5 lager. I sortimentet <strong>Fast Range<\/strong> har vi samlat n\u00e5gra av v\u00e5ra mest popul\u00e4ra produkter som finns tillg\u00e4ngliga p\u00e5 lager och st\u00e5r redo att levereras ut snabbt till dig.<\/p>\n<p>[\/vc_column_text][vc_empty_space][vc_row_inner][vc_column_inner width=&#8221;1\/2&#8243;][elx_button button_text=&#8221;L\u00e4s mer om ecostore kylsk\u00e5p&#8221; button_display_block=&#8221;display_block_on&#8221; button_alignment=&#8221;align_center&#8221; button_link=&#8221;url:https%3A%2F%2Fwww.electroluxprofessional.com%2Fse%2Ffood-professionella-storkok-och-restauranger%2Fkyl-storkok%2F|title:Kyl-%20%26%20fryssk%C3%A5p|target:_blank&#8221;][\/vc_column_inner][vc_column_inner width=&#8221;1\/2&#8243;][elx_button button_text=&#8221;L\u00e4s mer om ecostore kylb\u00e4nkar&#8221; button_display_block=&#8221;display_block_on&#8221; button_alignment=&#8221;align_center&#8221; button_link=&#8221;url:https%3A%2F%2Fwww.electroluxprofessional.com%2Fse%2Fkylbankar%2F|title:Kylb%C3%A4nkar|target:_blank&#8221;][\/vc_column_inner][\/vc_row_inner][vc_empty_space height=&#8221;62px&#8221;][\/vc_column][\/vc_row][vc_row][vc_column width=&#8221;1\/3&#8243;][vc_single_image image=&#8221;48203&#8243; img_size=&#8221;medium&#8221; alignment=&#8221;center&#8221; css_animation=&#8221;none&#8221;][elx_heading font_size=&#8221;h5&#8243; text_color=&#8221;inherit&#8221; text_align=&#8221;text-center&#8221;]ecostore<sup>HP<\/sup> Premium<br \/>\nKylb\u00e4nk[\/elx_heading][vc_column_text]<\/p>\n<p style=\"text-align: center;\">2 d\u00f6rrar, digital, 290 Liter<\/p>\n<p>[\/vc_column_text][elx_heading font_container=&#8221;h6&#8243; font_size=&#8221;h6&#8243; text_color=&#8221;inherit&#8221; text_align=&#8221;text-center&#8221;]Art.-Nr. 710002[\/elx_heading][elx_heading font_container=&#8221;h6&#8243; font_size=&#8221;h6&#8243; text_color=&#8221;inherit&#8221; text_align=&#8221;text-center&#8221;]Pris: 48.300 SEK[\/elx_heading][elx_button button_text=&#8221;l\u00e4s mer&#8221; button_style=&#8221;default&#8221; button_display_block=&#8221;display_block_on&#8221; button_alignment=&#8221;align_center&#8221; button_link=&#8221;url:https%3A%2F%2Fwww.electroluxprofessional.com%2Fse%2Fpd%2Fkyl-och-frysutrustning%2Fkyl-och-frysb%25C3%25A4nkar%2Fecostore-hp-premiun-kyl-och-frysb%25C3%25A4nkar%2Fecostore-hp-premium-kylb%25C3%25A4nkar-2-sektioner-h%25C3%25B6g-bakkant%2Fdigital-kylb%25C3%25A4nk-kylb%25C3%25A4nk.-ecostore-hp-2-d%25C3%25B6rrar.-2%2B10%25C2%25B0c-710002%2F|target:_blank&#8221;][\/vc_column][vc_column width=&#8221;1\/3&#8243;][vc_empty_space height=&#8221;10px&#8221;][vc_single_image image=&#8221;48204&#8243; img_size=&#8221;420&#215;260&#8243; alignment=&#8221;center&#8221; css_animation=&#8221;none&#8221;][elx_heading font_size=&#8221;h5&#8243; text_color=&#8221;inherit&#8221; text_align=&#8221;text-center&#8221;]ecostore<sup>HP<\/sup> Premium<br \/>\nKylb\u00e4nk[\/elx_heading][vc_column_text]<\/p>\n<p style=\"text-align: center;\">3 d\u00f6rrar, digital, 440 Liter<\/p>\n<p>[\/vc_column_text][elx_heading font_container=&#8221;h6&#8243; font_size=&#8221;h6&#8243; text_color=&#8221;inherit&#8221; text_align=&#8221;text-center&#8221;]Art.-Nr. 710029[\/elx_heading][elx_heading font_container=&#8221;h6&#8243; font_size=&#8221;h6&#8243; text_color=&#8221;inherit&#8221; text_align=&#8221;text-center&#8221;]Pris: 57.900 SEK[\/elx_heading][elx_button button_text=&#8221;l\u00e4s mer&#8221; button_style=&#8221;default&#8221; button_display_block=&#8221;display_block_on&#8221; button_alignment=&#8221;align_center&#8221; button_link=&#8221;url:https%3A%2F%2Fwww.electroluxprofessional.com%2Fse%2Fpd%2Fkyl-och-frysutrustning%2Fkyl-och-frysb%25C3%25A4nkar%2Fecostore-hp-premiun-kyl-och-frysb%25C3%25A4nkar%2Fecostore-hp-premium-kylb%25C3%25A4nkar-3-sektioner-h%25C3%25B6g-bakkant%2Fdigital-kylb%25C3%25A4nk-kylb%25C3%25A4nk.-ecostore-hp-3-d%25C3%25B6rrar.-2%2B10%25C2%25B0c-710029%2F|target:_blank&#8221;][vc_empty_space height=&#8221;12px&#8221;][vc_empty_space height=&#8221;100px&#8221;][\/vc_column][vc_column width=&#8221;1\/3&#8243;][vc_single_image image=&#8221;48205&#8243; img_size=&#8221;300&#215;230&#8243; alignment=&#8221;center&#8221; css_animation=&#8221;none&#8221;][elx_heading font_size=&#8221;h5&#8243; text_color=&#8221;inherit&#8221; text_align=&#8221;text-center&#8221;]ecostore<sup>HP<\/sup><br \/>\nKylb\u00e4nk[\/elx_heading][vc_column_text]<\/p>\n<p style=\"text-align: center;\">2 d\u00f6rrar, 290 Liter<\/p>\n<p>[\/vc_column_text][vc_empty_space height=&#8221;10px&#8221;][vc_empty_space height=&#8221;10px&#8221;][elx_heading font_container=&#8221;h6&#8243; font_size=&#8221;h6&#8243; text_color=&#8221;inherit&#8221; text_align=&#8221;text-center&#8221;]Art.-Nr. 710407[\/elx_heading][elx_heading font_container=&#8221;h6&#8243; font_size=&#8221;h6&#8243; text_color=&#8221;inherit&#8221; text_align=&#8221;text-center&#8221;]Pris: 39.300 SEK[\/elx_heading][elx_button button_text=&#8221;l\u00e4s mer&#8221; button_style=&#8221;default&#8221; button_display_block=&#8221;display_block_on&#8221; button_alignment=&#8221;align_center&#8221; button_link=&#8221;url:https%3A%2F%2Fwww.electroluxprofessional.com%2Fse%2Fpd%2Fkyl-och-frysutrustning%2Fkyl-och-frysb%25C3%25A4nkar%2Fecostore-hp-kyl-frysb%25C3%25A4nkar%2Fecostore-hp-kylb%25C3%25A4nkar-2-fack-med-toppskiva-och-h%25C3%25B6g-bakkant.%2Fdigital-kylb%25C3%25A4nk-kylb%25C3%25A4nk.-ecostore-hp-2-d%25C3%25B6rrar.-2%2B10%25C2%25B0c.-inbyggd-kompressor.-290l.-med-h%25C3%25B6g-bakkant.-r290-710407%2F|target:_blank&#8221;][vc_empty_space height=&#8221;10px&#8221;][\/vc_column][\/vc_row][vc_row][vc_column width=&#8221;1\/3&#8243;][vc_empty_space height=&#8221;120px&#8221;][vc_single_image image=&#8221;48206&#8243; img_size=&#8221;medium&#8221; alignment=&#8221;center&#8221; css_animation=&#8221;none&#8221;][elx_heading font_size=&#8221;h5&#8243; text_color=&#8221;inherit&#8221; text_align=&#8221;text-center&#8221;]ecostore<sup>HP<\/sup><br \/>\nKylb\u00e4nk[\/elx_heading][vc_column_text]<\/p>\n<p style=\"text-align: center;\">3 d\u00f6rrar, 440 Liter<\/p>\n<p>[\/vc_column_text][elx_heading font_container=&#8221;h6&#8243; font_size=&#8221;h6&#8243; text_color=&#8221;inherit&#8221; text_align=&#8221;text-center&#8221;]Art.-Nr. 710413[\/elx_heading][elx_heading font_container=&#8221;h6&#8243; font_size=&#8221;h6&#8243; text_color=&#8221;inherit&#8221; text_align=&#8221;text-center&#8221;]Pris: 46.400 SEK[\/elx_heading][elx_button button_text=&#8221;l\u00e4s mer&#8221; button_style=&#8221;default&#8221; button_display_block=&#8221;display_block_on&#8221; button_alignment=&#8221;align_center&#8221; button_link=&#8221;url:https%3A%2F%2Fwww.electroluxprofessional.com%2Fse%2Fpd%2Fkyl-och-frysutrustning%2Fkyl-och-frysb%25C3%25A4nkar%2Fecostore-hp-kyl-frysb%25C3%25A4nkar%2Fecostore-hp-kylb%25C3%25A4nkar-3-fack-med-toppskiva-och-h%25C3%25B6g-bakkant.%2Fdigital-kylb%25C3%25A4nk-kylb%25C3%25A4nk.-ecostore-hp-3-d%25C3%25B6rrar.-2%2B10%25C2%25B0c.-inbyggd-kompressor.-440l.-med-h%25C3%25B6g-bakkant.-r290-710413%2F|target:_blank&#8221;][\/vc_column][vc_column width=&#8221;1\/3&#8243;][vc_single_image image=&#8221;48207&#8243; img_size=&#8221;medium&#8221; alignment=&#8221;center&#8221; css_animation=&#8221;none&#8221;][elx_heading font_size=&#8221;h5&#8243; text_color=&#8221;inherit&#8221; text_align=&#8221;text-center&#8221;]ecostore<br \/>\nKylsk\u00e5p[\/elx_heading][vc_column_text]<\/p>\n<p style=\"text-align: center;\">1 d\u00f6rr, digital, 670 Liter<\/p>\n<p>[\/vc_column_text][elx_heading font_container=&#8221;h6&#8243; font_size=&#8221;h6&#8243; text_color=&#8221;inherit&#8221; text_align=&#8221;text-center&#8221;]Art.-Nr. 725321[\/elx_heading][elx_heading font_container=&#8221;h6&#8243; font_size=&#8221;h6&#8243; text_color=&#8221;inherit&#8221; text_align=&#8221;text-center&#8221;]Pris: 40.800 SEK[\/elx_heading][elx_button button_text=&#8221;l\u00e4s mer&#8221; button_style=&#8221;default&#8221; button_display_block=&#8221;display_block_on&#8221; button_alignment=&#8221;align_center&#8221; button_link=&#8221;url:https%3A%2F%2Fwww.electroluxprofessional.com%2Fse%2Fpd%2Fkyl-och-frysutrustning%2Fkyl-och-fryssk%25C3%25A5p%2Fecostore-670-1430-l%2Fecostore-670-1430-l-kylsk%25C3%25A5p-r290%2Fecostore-kylsk%25C3%25A5p-ecostore-1-d%25C3%25B6rr-670-liter-inbyggd-kompressor-2-%2B10-aisi-304-r290-725321%2F|target:_blank&#8221;][vc_empty_space height=&#8221;10px&#8221;][\/vc_column][vc_column width=&#8221;1\/3&#8243;][vc_single_image image=&#8221;48208&#8243; img_size=&#8221;medium&#8221; alignment=&#8221;center&#8221; css_animation=&#8221;none&#8221;][elx_heading font_size=&#8221;h5&#8243; text_color=&#8221;inherit&#8221; text_align=&#8221;text-center&#8221;]ecostore<br \/>\nFryssk\u00e5p[\/elx_heading][vc_column_text]<\/p>\n<p style=\"text-align: center;\">1 d\u00f6rr, digital, 670 Liter<\/p>\n<p>[\/vc_column_text][elx_heading font_container=&#8221;h6&#8243; font_size=&#8221;h6&#8243; text_color=&#8221;inherit&#8221; text_align=&#8221;text-center&#8221;]Art.-Nr. 725322[\/elx_heading][elx_heading font_container=&#8221;h6&#8243; font_size=&#8221;h6&#8243; text_color=&#8221;inherit&#8221; text_align=&#8221;text-center&#8221;]Pris: 47.000 SEK[\/elx_heading][elx_button button_text=&#8221;l\u00e4s mer&#8221; button_style=&#8221;default&#8221; button_display_block=&#8221;display_block_on&#8221; button_alignment=&#8221;align_center&#8221; button_link=&#8221;url:https%3A%2F%2Fwww.electroluxprofessional.com%2Fse%2Fpd%2Fkyl-och-frysutrustning%2Fkyl-och-fryssk%25C3%25A5p%2Fecostore-670-1430-l%2Fecostore-670-1430-l-fryssk%25C3%25A5p-r290%2Fecostore-fryssk%25C3%25A5p-ecostore-med-1-d%25C3%25B6rr-670-liter-inbyggd-kompressor-22-15-aisi-304-r290-725322%2F|target:_blank&#8221;][vc_empty_space height=&#8221;10px&#8221;][vc_empty_space height=&#8221;10px&#8221;][\/vc_column][\/vc_row][vc_row][vc_column][vc_empty_space height=&#8221;82px&#8221;][elx_heading font_container=&#8221;h4&#8243; font_size=&#8221;h3&#8243; text_color=&#8221;inherit&#8221; text_align=&#8221;text-center&#8221;]Kontakta oss f\u00f6r information om produkten du s\u00f6ker.[\/elx_heading][\/vc_column][\/vc_row][vc_row disable_element=&#8221;yes&#8221;][vc_column width=&#8221;1\/3&#8243;][elx_maylike_box id_box=&#8221;15585&#8243;][\/vc_column][vc_column width=&#8221;1\/3&#8243;][elx_maylike_box id_box=&#8221;15586&#8243;][\/vc_column][vc_column width=&#8221;1\/3&#8243;][elx_maylike_box id_box=&#8221;15587&#8243; link_target=&#8221;blank&#8221;][\/vc_column][\/vc_row][vc_row el_id=&#8221;contact&#8221;][vc_column][elx_o2000_contact_us s=&#8221;Fast Range&#8221; country=&#8221;Sweden&#8221; b=&#8221;food&#8221; r=&#8221;Jag skulle vilja veta mer om Fast Range och produkten (ange produkten\/produkterna)&#8221;][\/vc_column][\/vc_row][vc_row][vc_column][vc_column_text][\/vc_column_text][\/vc_column][\/vc_row]<\/p>\n","protected":false},"excerpt":{"rendered":"<p>[vc_row full_width=&#8221;electroluxpro-full-width-no-padding&#8221;][vc_column css=&#8221;.vc_custom_1618358802266{margin-top: -40px !important;border-top-width: -40px !important;padding-top: -40px !important;}&#8221;][elx_full_banner title=&#8221;FAST RANGE&#8221; background_image_media_library=&#8221;48365&#8243; background_image_media_library_mobile=&#8221;48365&#8243; link=&#8221;url:%23contact|title:Best\u00e4ll%20idag%20-%20imorgon%20\u00e4r%20den%20p\u00e5%20v\u00e4g&#8221;][\/vc_column][\/vc_row][vc_row][vc_column][elx_menu menu_name=&#8221;Fast range priser&#8221;][\/vc_column][\/vc_row][vc_row][vc_column][vc_column_text] Ibland \u00e4r snabb leverans avg\u00f6rande \u00c4r du i behov av en produkt som kombiugn, blast chiller\/freezer, diskmaskin eller en annan produkt inom kategori kyla \u00e4r det god chans att vi har det p\u00e5 lager. I sortimentet Fast Range [&hellip;]<\/p>\n","protected":false},"author":4,"featured_media":0,"parent":0,"menu_order":0,"comment_status":"closed","ping_status":"closed","template":"","meta":{"footnotes":""},"class_list":["post-48732","page","type-page","status-publish","hentry"],"acf":[],"yoast_head":"<!-- This site is optimized with the Yoast SEO plugin v23.3 - https:\/\/yoast.com\/wordpress\/plugins\/seo\/ -->\n<title>Professionella kyll\u00f6sningar- snabb leverans<\/title>\n<meta name=\"description\" content=\"Omg\u00e5ende leverans av professionella kyl- och fryssk\u00e5p sam kylb\u00e4nkar f\u00f6r stork\u00f6k och restaurang. Best\u00e4ll idag - Imorgon \u00e4r leveransen p\u00e5 v\u00e4g.\" \/>\n<meta name=\"robots\" content=\"noindex, nofollow\" \/>\n<meta property=\"og:locale\" content=\"sv_SE\" \/>\n<meta property=\"og:type\" content=\"article\" \/>\n<meta property=\"og:title\" content=\"Professionella kyll\u00f6sningar- snabb leverans\" \/>\n<meta property=\"og:description\" content=\"Omg\u00e5ende leverans av professionella kyl- och fryssk\u00e5p sam kylb\u00e4nkar f\u00f6r stork\u00f6k och restaurang. Best\u00e4ll idag - Imorgon \u00e4r leveransen p\u00e5 v\u00e4g.\" \/>\n<meta property=\"og:url\" content=\"https:\/\/www.electroluxprofessional.com\/se\/fast-range-kyla-med-priser\/\" \/>\n<meta property=\"og:site_name\" content=\"Electrolux Professional Sverige\" \/>\n<meta property=\"article:modified_time\" content=\"2023-09-22T14:53:19+00:00\" \/>\n<meta name=\"twitter:card\" content=\"summary_large_image\" \/>\n<meta name=\"twitter:label1\" content=\"Ber\u00e4knad l\u00e4stid\" \/>\n\t<meta name=\"twitter:data1\" content=\"2 minuter\" \/>\n<script type=\"application\/ld+json\" class=\"yoast-schema-graph\">{\"@context\":\"https:\/\/schema.org\",\"@graph\":[{\"@type\":\"WebPage\",\"@id\":\"https:\/\/www.electroluxprofessional.com\/se\/fast-range-kyla-med-priser\/\",\"url\":\"https:\/\/www.electroluxprofessional.com\/se\/fast-range-kyla-med-priser\/\",\"name\":\"Professionella kyll\u00f6sningar- snabb leverans\",\"isPartOf\":{\"@id\":\"https:\/\/www.electroluxprofessional.com\/se\/#website\"},\"datePublished\":\"2023-09-13T08:31:43+00:00\",\"dateModified\":\"2023-09-22T14:53:19+00:00\",\"description\":\"Omg\u00e5ende leverans av professionella kyl- och fryssk\u00e5p sam kylb\u00e4nkar f\u00f6r stork\u00f6k och restaurang. Best\u00e4ll idag - Imorgon \u00e4r leveransen p\u00e5 v\u00e4g.\",\"breadcrumb\":{\"@id\":\"https:\/\/www.electroluxprofessional.com\/se\/fast-range-kyla-med-priser\/#breadcrumb\"},\"inLanguage\":\"sv-SE\",\"potentialAction\":[{\"@type\":\"ReadAction\",\"target\":[\"https:\/\/www.electroluxprofessional.com\/se\/fast-range-kyla-med-priser\/\"]}]},{\"@type\":\"BreadcrumbList\",\"@id\":\"https:\/\/www.electroluxprofessional.com\/se\/fast-range-kyla-med-priser\/#breadcrumb\",\"itemListElement\":[{\"@type\":\"ListItem\",\"position\":1,\"name\":\"Home\",\"item\":\"https:\/\/www.electroluxprofessional.com\/se\/\"},{\"@type\":\"ListItem\",\"position\":2,\"name\":\"FAST RANGE &#8211; Kyla med pris\"}]},{\"@type\":\"WebSite\",\"@id\":\"https:\/\/www.electroluxprofessional.com\/se\/#website\",\"url\":\"https:\/\/www.electroluxprofessional.com\/se\/\",\"name\":\"Electrolux Professional Sverige\",\"description\":\"\",\"potentialAction\":[{\"@type\":\"SearchAction\",\"target\":{\"@type\":\"EntryPoint\",\"urlTemplate\":\"https:\/\/www.electroluxprofessional.com\/se\/?src={search_term_string}\"},\"query-input\":\"required name=search_term_string\"}],\"inLanguage\":\"sv-SE\"}]}<\/script>\n<!-- \/ Yoast SEO plugin. -->","yoast_head_json":{"title":"Professionella kyll\u00f6sningar- snabb leverans","description":"Omg\u00e5ende leverans av professionella kyl- och fryssk\u00e5p sam kylb\u00e4nkar f\u00f6r stork\u00f6k och restaurang. Best\u00e4ll idag - Imorgon \u00e4r leveransen p\u00e5 v\u00e4g.","robots":{"index":"noindex","follow":"nofollow"},"og_locale":"sv_SE","og_type":"article","og_title":"Professionella kyll\u00f6sningar- snabb leverans","og_description":"Omg\u00e5ende leverans av professionella kyl- och fryssk\u00e5p sam kylb\u00e4nkar f\u00f6r stork\u00f6k och restaurang. Best\u00e4ll idag - Imorgon \u00e4r leveransen p\u00e5 v\u00e4g.","og_url":"https:\/\/www.electroluxprofessional.com\/se\/fast-range-kyla-med-priser\/","og_site_name":"Electrolux Professional Sverige","article_modified_time":"2023-09-22T14:53:19+00:00","twitter_card":"summary_large_image","twitter_misc":{"Ber\u00e4knad l\u00e4stid":"2 minuter"},"schema":{"@context":"https:\/\/schema.org","@graph":[{"@type":"WebPage","@id":"https:\/\/www.electroluxprofessional.com\/se\/fast-range-kyla-med-priser\/","url":"https:\/\/www.electroluxprofessional.com\/se\/fast-range-kyla-med-priser\/","name":"Professionella kyll\u00f6sningar- snabb leverans","isPartOf":{"@id":"https:\/\/www.electroluxprofessional.com\/se\/#website"},"datePublished":"2023-09-13T08:31:43+00:00","dateModified":"2023-09-22T14:53:19+00:00","description":"Omg\u00e5ende leverans av professionella kyl- och fryssk\u00e5p sam kylb\u00e4nkar f\u00f6r stork\u00f6k och restaurang. Best\u00e4ll idag - Imorgon \u00e4r leveransen p\u00e5 v\u00e4g.","breadcrumb":{"@id":"https:\/\/www.electroluxprofessional.com\/se\/fast-range-kyla-med-priser\/#breadcrumb"},"inLanguage":"sv-SE","potentialAction":[{"@type":"ReadAction","target":["https:\/\/www.electroluxprofessional.com\/se\/fast-range-kyla-med-priser\/"]}]},{"@type":"BreadcrumbList","@id":"https:\/\/www.electroluxprofessional.com\/se\/fast-range-kyla-med-priser\/#breadcrumb","itemListElement":[{"@type":"ListItem","position":1,"name":"Home","item":"https:\/\/www.electroluxprofessional.com\/se\/"},{"@type":"ListItem","position":2,"name":"FAST RANGE &#8211; Kyla med pris"}]},{"@type":"WebSite","@id":"https:\/\/www.electroluxprofessional.com\/se\/#website","url":"https:\/\/www.electroluxprofessional.com\/se\/","name":"Electrolux Professional Sverige","description":"","potentialAction":[{"@type":"SearchAction","target":{"@type":"EntryPoint","urlTemplate":"https:\/\/www.electroluxprofessional.com\/se\/?src={search_term_string}"},"query-input":"required name=search_term_string"}],"inLanguage":"sv-SE"}]}},"_links":{"self":[{"href":"https:\/\/www.electroluxprofessional.com\/se\/wp-json\/wp\/v2\/pages\/48732"}],"collection":[{"href":"https:\/\/www.electroluxprofessional.com\/se\/wp-json\/wp\/v2\/pages"}],"about":[{"href":"https:\/\/www.electroluxprofessional.com\/se\/wp-json\/wp\/v2\/types\/page"}],"author":[{"embeddable":true,"href":"https:\/\/www.electroluxprofessional.com\/se\/wp-json\/wp\/v2\/users\/4"}],"replies":[{"embeddable":true,"href":"https:\/\/www.electroluxprofessional.com\/se\/wp-json\/wp\/v2\/comments?post=48732"}],"version-history":[{"count":4,"href":"https:\/\/www.electroluxprofessional.com\/se\/wp-json\/wp\/v2\/pages\/48732\/revisions"}],"predecessor-version":[{"id":48962,"href":"https:\/\/www.electroluxprofessional.com\/se\/wp-json\/wp\/v2\/pages\/48732\/revisions\/48962"}],"wp:attachment":[{"href":"https:\/\/www.electroluxprofessional.com\/se\/wp-json\/wp\/v2\/media?parent=48732"}],"curies":[{"name":"wp","href":"https:\/\/api.w.org\/{rel}","templated":true}]}}