{"id":48604,"date":"2023-09-05T15:16:02","date_gmt":"2023-09-05T14:16:02","guid":{"rendered":"https:\/\/www.electroluxprofessional.com\/se\/?page_id=48604"},"modified":"2025-01-29T11:20:17","modified_gmt":"2025-01-29T10:20:17","slug":"fast-range-skyline","status":"publish","type":"page","link":"https:\/\/www.electroluxprofessional.com\/se\/fast-range-skyline\/","title":{"rendered":"FAST RANGE &#8211; SkyLine"},"content":{"rendered":"<p>[vc_row full_width=&#8221;electroluxpro-full-width-no-padding&#8221;][vc_column css=&#8221;.vc_custom_1618358802266{margin-top: -40px !important;border-top-width: -40px !important;padding-top: -40px !important;}&#8221;][elx_full_banner title=&#8221;FAST RANGE&#8221; set_as_h1=&#8221;true&#8221; background_image_media_library=&#8221;48369&#8243; background_image_media_library_mobile=&#8221;48369&#8243; link=&#8221;url:%23contact|title:Best\u00e4ll%20idag%20-%20imorgon%20\u00e4r%20den%20p\u00e5%20v\u00e4g&#8221;][\/vc_column][\/vc_row][vc_row][vc_column][elx_menu][\/vc_column][\/vc_row][vc_row][vc_column][vc_column_text]<\/p>\n<h3 style=\"text-align: center;\"><span class=\"ui-provider gp b c d e f g h i j k l m n o p q r s t u v w x y z ab ac ae af ag ah ai aj ak\" dir=\"ltr\">Ibland \u00e4r snabb leverans avg\u00f6rande<\/span><\/h3>\n<p>&nbsp;<\/p>\n<p style=\"text-align: center;\">\u00c4r du i behov av en produkt som kombiugn, diskmaskin eller en annan l\u00f6sning inom kategori kyla finns det en god chans att vi har det p\u00e5 lager. I sortimentet <strong>Fast Range<\/strong> har vi samlat v\u00e5ra mest popul\u00e4ra produkter som finns tillg\u00e4ngliga inne p\u00e5 v\u00e5rt lager och kan levereras ut snabbt till dig.<\/p>\n<p>[\/vc_column_text][vc_empty_space][vc_row_inner][vc_column_inner width=&#8221;1\/2&#8243;][elx_button button_text=&#8221;L\u00e4s mer om SkyLine Kombiugnar&#8221; button_display_block=&#8221;display_block_on&#8221; button_alignment=&#8221;align_center&#8221; button_link=&#8221;url:https%3A%2F%2Fwww.electroluxprofessional.com%2Fse%2Ffood-professionella-storkok-och-restauranger%2Fskyline-kombiugn%2F|title:SkyLine%20kombiugn|target:_blank&#8221;][\/vc_column_inner][vc_column_inner width=&#8221;1\/2&#8243;][elx_button button_text=&#8221;L\u00e4s mer om SkyLine blast chiller \/ freezer&#8221; button_display_block=&#8221;display_block_on&#8221; button_alignment=&#8221;align_center&#8221; button_link=&#8221;url:https%3A%2F%2Fwww.electroluxprofessional.com%2Fse%2Ffood-professionella-storkok-och-restauranger%2Fskyline-blast-chiller-freezer%2F|title:Skyline%20Blast%20Chillers%20%26%20Freezers|target:_blank&#8221;][\/vc_column_inner][\/vc_row_inner][vc_empty_space height=&#8221;62px&#8221;][\/vc_column][\/vc_row][vc_row][vc_column width=&#8221;1\/3&#8243;][vc_empty_space height=&#8221;12px&#8221;][vc_single_image image=&#8221;48058&#8243; img_size=&#8221;medium&#8221; alignment=&#8221;center&#8221; css_animation=&#8221;none&#8221;][elx_heading font_size=&#8221;h5&#8243; text_color=&#8221;inherit&#8221; text_align=&#8221;text-center&#8221;]SkyLine Premium Kombiugn[\/elx_heading][vc_column_text]<\/p>\n<p style=\"text-align: center;\">6 GN 1\/1, El<\/p>\n<p>[\/vc_column_text][elx_heading font_container=&#8221;h6&#8243; font_size=&#8221;h6&#8243; text_color=&#8221;inherit&#8221; text_align=&#8221;text-center&#8221;]Art.-Nr. 217820[\/elx_heading][elx_button button_text=&#8221;l\u00e4s mer&#8221; button_style=&#8221;default&#8221; button_display_block=&#8221;display_block_on&#8221; button_alignment=&#8221;align_center&#8221; button_link=&#8221;url:https%3A%2F%2Fwww.electroluxprofessional.com%2Fse%2Fpd%2Fugnar-blast-chiller%2Fskyline-premium-ugnar%2Fskyline-premium-ugnar-el%2Fskyline-premium-6-gn-1-1-el%2Fskyline-premium-kombiugn.-skyline-premium.-el.-digital-panel.-6-gn-1-1-217820%2F|target:_blank&#8221;][vc_empty_space height=&#8221;100px&#8221;][vc_empty_space height=&#8221;10px&#8221;][\/vc_column][vc_column width=&#8221;1\/3&#8243;][vc_single_image image=&#8221;48059&#8243; img_size=&#8221;medium&#8221; alignment=&#8221;center&#8221; css_animation=&#8221;none&#8221;][elx_heading font_size=&#8221;h5&#8243; text_color=&#8221;inherit&#8221; text_align=&#8221;text-center&#8221;]SkyLine Premium<sup>s<\/sup> Kombiugn[\/elx_heading][vc_column_text]<\/p>\n<p style=\"text-align: center;\">Touchscreen, 6 GN 1\/1, El<\/p>\n<p>[\/vc_column_text][elx_heading font_container=&#8221;h6&#8243; font_size=&#8221;h6&#8243; text_color=&#8221;inherit&#8221; text_align=&#8221;text-center&#8221;]Art.-Nr. 217720[\/elx_heading][elx_button button_text=&#8221;l\u00e4s mer&#8221; button_style=&#8221;default&#8221; button_display_block=&#8221;display_block_on&#8221; button_alignment=&#8221;align_center&#8221; button_link=&#8221;url:https%3A%2F%2Fwww.electroluxprofessional.com%2Fse%2Fpd%2Fugnar-blast-chiller%2Fskyline-premiums-ugnar%2Fskyline-premiums-ugnar-el%2Fskyline-premiums-6-gn-1-1-el%2Fskyline-premiums-kombiugn.-skyline-premiums.-el.-touchpanel.-6-gn-1-1-217720%2F|target:_blank&#8221;][vc_empty_space height=&#8221;10px&#8221;][vc_empty_space height=&#8221;10px&#8221;][\/vc_column][\/vc_row][vc_row][vc_column width=&#8221;1\/3&#8243;][vc_single_image image=&#8221;48060&#8243; img_size=&#8221;medium&#8221; alignment=&#8221;center&#8221; css_animation=&#8221;none&#8221;][elx_heading font_size=&#8221;h5&#8243; text_color=&#8221;inherit&#8221; text_align=&#8221;text-center&#8221;]SkyLine Premium<sup>s<\/sup> Kombiugn[\/elx_heading][vc_column_text]<\/p>\n<p style=\"text-align: center;\">Touchscreen, 10 GN 1\/1, El<\/p>\n<p>[\/vc_column_text][elx_heading font_container=&#8221;h6&#8243; font_size=&#8221;h6&#8243; text_color=&#8221;inherit&#8221; text_align=&#8221;text-center&#8221;]Art.-Nr. 217722[\/elx_heading][elx_button button_text=&#8221;l\u00e4s mer&#8221; button_style=&#8221;default&#8221; button_display_block=&#8221;display_block_on&#8221; button_alignment=&#8221;align_center&#8221; button_link=&#8221;url:https%3A%2F%2Fwww.electroluxprofessional.com%2Fse%2Fpd%2Fugnar-blast-chiller%2Fskyline-premiums-ugnar%2Fskyline-premiums-ugnar-el%2Fskyline-premiums-10-gn-1-1-el%2Fskyline-premiums-kombiugn.-skyline-premiums.-el.-touchpanel-10-gn-1-1-217722%2F|target:_blank&#8221;][\/vc_column][\/vc_row][vc_row][vc_column][vc_empty_space height=&#8221;82px&#8221;][elx_heading font_container=&#8221;h4&#8243; font_size=&#8221;h3&#8243; text_color=&#8221;inherit&#8221; text_align=&#8221;text-center&#8221;]Kontakta oss f\u00f6r information om produkten du s\u00f6ker.[\/elx_heading][\/vc_column][\/vc_row][vc_row disable_element=&#8221;yes&#8221;][vc_column width=&#8221;1\/3&#8243;][elx_maylike_box id_box=&#8221;15610&#8243;][\/vc_column][vc_column width=&#8221;1\/3&#8243;][elx_maylike_box id_box=&#8221;15612&#8243;][\/vc_column][vc_column width=&#8221;1\/3&#8243;][elx_maylike_box id_box=&#8221;15614&#8243; link_target=&#8221;blank&#8221;][\/vc_column][\/vc_row][vc_row el_id=&#8221;contact&#8221;][vc_column][elx_o2000_contact_us s=&#8221;Fast Range&#8221; country=&#8221;Sweden&#8221; b=&#8221;food&#8221; r=&#8221;Jag skulle vilja veta mer om Fast Range och produkten (ange produkt\/produkter)&#8221;][\/vc_column][\/vc_row][vc_row][vc_column][vc_column_text][\/vc_column_text][\/vc_column][\/vc_row]<\/p>\n","protected":false},"excerpt":{"rendered":"<p>[vc_row full_width=&#8221;electroluxpro-full-width-no-padding&#8221;][vc_column css=&#8221;.vc_custom_1618358802266{margin-top: -40px !important;border-top-width: -40px !important;padding-top: -40px !important;}&#8221;][elx_full_banner title=&#8221;FAST RANGE&#8221; set_as_h1=&#8221;true&#8221; background_image_media_library=&#8221;48369&#8243; background_image_media_library_mobile=&#8221;48369&#8243; link=&#8221;url:%23contact|title:Best\u00e4ll%20idag%20-%20imorgon%20\u00e4r%20den%20p\u00e5%20v\u00e4g&#8221;][\/vc_column][\/vc_row][vc_row][vc_column][elx_menu][\/vc_column][\/vc_row][vc_row][vc_column][vc_column_text] Ibland \u00e4r snabb leverans avg\u00f6rande &nbsp; \u00c4r du i behov av en produkt som kombiugn, diskmaskin eller en annan l\u00f6sning inom kategori kyla finns det en god chans att vi har det p\u00e5 lager. I sortimentet Fast Range har vi [&hellip;]<\/p>\n","protected":false},"author":242,"featured_media":0,"parent":0,"menu_order":0,"comment_status":"closed","ping_status":"closed","template":"","meta":{"footnotes":""},"class_list":["post-48604","page","type-page","status-publish","hentry"],"acf":[],"yoast_head":"<!-- This site is optimized with the Yoast SEO plugin v23.3 - https:\/\/yoast.com\/wordpress\/plugins\/seo\/ -->\n<title>Professionella kombiugnar &amp; blast chillers - Snabb leverans<\/title>\n<meta name=\"description\" content=\"Snabb leverans av professionella kombiugnar och blast chillers f\u00f6r stork\u00f6k och restaurang. Best\u00e4ll idag - Imorgon \u00e4r leveransen p\u00e5 v\u00e4g.\" \/>\n<meta name=\"robots\" content=\"index, follow, max-snippet:-1, max-image-preview:large, max-video-preview:-1\" \/>\n<link rel=\"canonical\" href=\"https:\/\/www.electroluxprofessional.com\/se\/fast-range-skyline\/\" \/>\n<meta property=\"og:locale\" content=\"sv_SE\" \/>\n<meta property=\"og:type\" content=\"article\" \/>\n<meta property=\"og:title\" content=\"Professionella kombiugnar &amp; blast chillers - Snabb leverans\" \/>\n<meta property=\"og:description\" content=\"Snabb leverans av professionella kombiugnar och blast chillers f\u00f6r stork\u00f6k och restaurang. Best\u00e4ll idag - Imorgon \u00e4r leveransen p\u00e5 v\u00e4g.\" \/>\n<meta property=\"og:url\" content=\"https:\/\/www.electroluxprofessional.com\/se\/fast-range-skyline\/\" \/>\n<meta property=\"og:site_name\" content=\"Electrolux Professional Sverige\" \/>\n<meta property=\"article:modified_time\" content=\"2025-01-29T10:20:17+00:00\" \/>\n<meta name=\"twitter:card\" content=\"summary_large_image\" \/>\n<meta name=\"twitter:label1\" content=\"Ber\u00e4knad l\u00e4stid\" \/>\n\t<meta name=\"twitter:data1\" content=\"2 minuter\" \/>\n<script type=\"application\/ld+json\" class=\"yoast-schema-graph\">{\"@context\":\"https:\/\/schema.org\",\"@graph\":[{\"@type\":\"WebPage\",\"@id\":\"https:\/\/www.electroluxprofessional.com\/se\/fast-range-skyline\/\",\"url\":\"https:\/\/www.electroluxprofessional.com\/se\/fast-range-skyline\/\",\"name\":\"Professionella kombiugnar & blast chillers - Snabb leverans\",\"isPartOf\":{\"@id\":\"https:\/\/www.electroluxprofessional.com\/se\/#website\"},\"datePublished\":\"2023-09-05T14:16:02+00:00\",\"dateModified\":\"2025-01-29T10:20:17+00:00\",\"description\":\"Snabb leverans av professionella kombiugnar och blast chillers f\u00f6r stork\u00f6k och restaurang. Best\u00e4ll idag - Imorgon \u00e4r leveransen p\u00e5 v\u00e4g.\",\"breadcrumb\":{\"@id\":\"https:\/\/www.electroluxprofessional.com\/se\/fast-range-skyline\/#breadcrumb\"},\"inLanguage\":\"sv-SE\",\"potentialAction\":[{\"@type\":\"ReadAction\",\"target\":[\"https:\/\/www.electroluxprofessional.com\/se\/fast-range-skyline\/\"]}]},{\"@type\":\"BreadcrumbList\",\"@id\":\"https:\/\/www.electroluxprofessional.com\/se\/fast-range-skyline\/#breadcrumb\",\"itemListElement\":[{\"@type\":\"ListItem\",\"position\":1,\"name\":\"Home\",\"item\":\"https:\/\/www.electroluxprofessional.com\/se\/\"},{\"@type\":\"ListItem\",\"position\":2,\"name\":\"FAST RANGE &#8211; SkyLine\"}]},{\"@type\":\"WebSite\",\"@id\":\"https:\/\/www.electroluxprofessional.com\/se\/#website\",\"url\":\"https:\/\/www.electroluxprofessional.com\/se\/\",\"name\":\"Electrolux Professional Sverige\",\"description\":\"\",\"potentialAction\":[{\"@type\":\"SearchAction\",\"target\":{\"@type\":\"EntryPoint\",\"urlTemplate\":\"https:\/\/www.electroluxprofessional.com\/se\/?src={search_term_string}\"},\"query-input\":\"required name=search_term_string\"}],\"inLanguage\":\"sv-SE\"}]}<\/script>\n<!-- \/ Yoast SEO plugin. -->","yoast_head_json":{"title":"Professionella kombiugnar & blast chillers - Snabb leverans","description":"Snabb leverans av professionella kombiugnar och blast chillers f\u00f6r stork\u00f6k och restaurang. Best\u00e4ll idag - Imorgon \u00e4r leveransen p\u00e5 v\u00e4g.","robots":{"index":"index","follow":"follow","max-snippet":"max-snippet:-1","max-image-preview":"max-image-preview:large","max-video-preview":"max-video-preview:-1"},"canonical":"https:\/\/www.electroluxprofessional.com\/se\/fast-range-skyline\/","og_locale":"sv_SE","og_type":"article","og_title":"Professionella kombiugnar & blast chillers - Snabb leverans","og_description":"Snabb leverans av professionella kombiugnar och blast chillers f\u00f6r stork\u00f6k och restaurang. Best\u00e4ll idag - Imorgon \u00e4r leveransen p\u00e5 v\u00e4g.","og_url":"https:\/\/www.electroluxprofessional.com\/se\/fast-range-skyline\/","og_site_name":"Electrolux Professional Sverige","article_modified_time":"2025-01-29T10:20:17+00:00","twitter_card":"summary_large_image","twitter_misc":{"Ber\u00e4knad l\u00e4stid":"2 minuter"},"schema":{"@context":"https:\/\/schema.org","@graph":[{"@type":"WebPage","@id":"https:\/\/www.electroluxprofessional.com\/se\/fast-range-skyline\/","url":"https:\/\/www.electroluxprofessional.com\/se\/fast-range-skyline\/","name":"Professionella kombiugnar & blast chillers - Snabb leverans","isPartOf":{"@id":"https:\/\/www.electroluxprofessional.com\/se\/#website"},"datePublished":"2023-09-05T14:16:02+00:00","dateModified":"2025-01-29T10:20:17+00:00","description":"Snabb leverans av professionella kombiugnar och blast chillers f\u00f6r stork\u00f6k och restaurang. Best\u00e4ll idag - Imorgon \u00e4r leveransen p\u00e5 v\u00e4g.","breadcrumb":{"@id":"https:\/\/www.electroluxprofessional.com\/se\/fast-range-skyline\/#breadcrumb"},"inLanguage":"sv-SE","potentialAction":[{"@type":"ReadAction","target":["https:\/\/www.electroluxprofessional.com\/se\/fast-range-skyline\/"]}]},{"@type":"BreadcrumbList","@id":"https:\/\/www.electroluxprofessional.com\/se\/fast-range-skyline\/#breadcrumb","itemListElement":[{"@type":"ListItem","position":1,"name":"Home","item":"https:\/\/www.electroluxprofessional.com\/se\/"},{"@type":"ListItem","position":2,"name":"FAST RANGE &#8211; SkyLine"}]},{"@type":"WebSite","@id":"https:\/\/www.electroluxprofessional.com\/se\/#website","url":"https:\/\/www.electroluxprofessional.com\/se\/","name":"Electrolux Professional Sverige","description":"","potentialAction":[{"@type":"SearchAction","target":{"@type":"EntryPoint","urlTemplate":"https:\/\/www.electroluxprofessional.com\/se\/?src={search_term_string}"},"query-input":"required name=search_term_string"}],"inLanguage":"sv-SE"}]}},"_links":{"self":[{"href":"https:\/\/www.electroluxprofessional.com\/se\/wp-json\/wp\/v2\/pages\/48604"}],"collection":[{"href":"https:\/\/www.electroluxprofessional.com\/se\/wp-json\/wp\/v2\/pages"}],"about":[{"href":"https:\/\/www.electroluxprofessional.com\/se\/wp-json\/wp\/v2\/types\/page"}],"author":[{"embeddable":true,"href":"https:\/\/www.electroluxprofessional.com\/se\/wp-json\/wp\/v2\/users\/242"}],"replies":[{"embeddable":true,"href":"https:\/\/www.electroluxprofessional.com\/se\/wp-json\/wp\/v2\/comments?post=48604"}],"version-history":[{"count":6,"href":"https:\/\/www.electroluxprofessional.com\/se\/wp-json\/wp\/v2\/pages\/48604\/revisions"}],"predecessor-version":[{"id":53031,"href":"https:\/\/www.electroluxprofessional.com\/se\/wp-json\/wp\/v2\/pages\/48604\/revisions\/53031"}],"wp:attachment":[{"href":"https:\/\/www.electroluxprofessional.com\/se\/wp-json\/wp\/v2\/media?parent=48604"}],"curies":[{"name":"wp","href":"https:\/\/api.w.org\/{rel}","templated":true}]}}