{"id":48477,"date":"2023-09-05T09:10:12","date_gmt":"2023-09-05T08:10:12","guid":{"rendered":"https:\/\/www.electroluxprofessional.com\/se\/?page_id=48477"},"modified":"2024-07-03T10:33:21","modified_gmt":"2024-07-03T09:33:21","slug":"doseringspumpar-tvattmaskin","status":"publish","type":"page","link":"https:\/\/www.electroluxprofessional.com\/se\/tvatt\/doseringspumpar-tvattmaskin\/","title":{"rendered":"Doseringspumpar"},"content":{"rendered":"<p>[vc_row full_width=&#8221;electroluxpro-full-width-no-padding&#8221;][vc_column][elx_full_banner title=&#8221;Effektiva doseringspumpar&#8221; set_as_h1=&#8221;true&#8221; background_image_media_library=&#8221;48694&#8243; link=&#8221;url:%23kontakta%20oss|title:Kontakta%20oss%20f%C3%B6r%20mer%20information&#8221; background_image_media_library_mobile=&#8221;48737&#8243;][\/vc_column][\/vc_row][vc_row css=&#8221;.vc_custom_1694005432119{background-color: #ffffff !important;}&#8221;][vc_column][vc_empty_space height=&#8221;50px&#8221;][elx_heading font_container=&#8221;h3&#8243; text_color=&#8221;inherit&#8221;]V\u00e4lj r\u00e4tt doseringspump till dina tv\u00e4ttmaskiner och typ av tv\u00e4ttstuga[\/elx_heading][\/vc_column][\/vc_row][vc_row][vc_column][vc_column_text]Visste du att tv\u00e4ttmedelsf\u00f6rbrukningen s\u00e4nks med upp till hela 50% n\u00e4r du anv\u00e4nder automatisk dosering av tv\u00e4ttmedel?<\/p>\n<p style=\"margin: 0cm; background: white;\"><span style=\"font-size: 14.5pt; font-family: 'Noto Sans',sans-serif; color: #14133b;\">Tillsammans med doseringspumpen och avancerad teknologi i tv\u00e4ttmaskinen f\u00e5r du en perfekt avv\u00e4gd dosering av tv\u00e4ttmedel \u2013 allt baserat p\u00e5 program, tv\u00e4ttgodsets vikt och teknologi. Med doseringspumpar installerade beh\u00f6ver du aldrig ha kontakt med tv\u00e4ttmedlet och slipper s\u00e5ledes kemikalier p\u00e5 h\u00e4nderna. Doseringspumpen doserar \u00e4ven exakt m\u00e4ngd medel och s\u00e5ledes minimeras helt risken f\u00f6r \u00f6verdosering eller underdosering. <\/span><\/p>\n<p style=\"margin: 0cm; background: white;\"><span style=\"font-size: 14.5pt; font-family: 'Noto Sans',sans-serif; color: #14133b;\">\u00d6verdosering \u00e4r f\u00f6rr\u00e4diskt d\u00e5 det bildar bel\u00e4ggningar i b\u00e5de tv\u00e4ttmaskin och torktumlare som i sin tur kr\u00e4ver servicearbete f\u00f6r att tas bort vilket kan bli en kostsam historia. <\/span><\/p>\n<p style=\"margin: 0cm; background: white;\"><span style=\"font-size: 14.5pt; font-family: 'Noto Sans',sans-serif; color: #14133b;\">\u00a0<\/span><\/p>\n<p style=\"background: white; margin: 0cm 0cm 18.0pt 0cm;\"><span style=\"font-size: 14.5pt; font-family: 'Noto Sans',sans-serif; color: #14133b;\">Att koppla p\u00e5 automatisk dosering ger dessutom en mycket renare tv\u00e4ttstuga och l\u00e4ngre h\u00e5llbarhet f\u00f6r kl\u00e4derna och inte minst \u00e4r milj\u00f6n den stora vinnaren.<\/span><\/p>\n<p>[\/vc_column_text][\/vc_column][\/vc_row][vc_row][vc_column][vc_empty_space height=&#8221;50px&#8221;][\/vc_column][\/vc_row][vc_row][vc_column][vc_empty_space][vc_column_text]<strong>V\u00e4lj JETSAVE till ClarusVibe<\/strong><br \/>\nS\u00f6ker du ett pumpsystem som beh\u00f6ver minimalt underh\u00e5ll s\u00e5 sikta p\u00e5 JETSAVE. Systemet anv\u00e4nder venturibaserade, vattendrivna pumpar. F\u00f6rdelen med venturitekniken \u00e4r att det inte finns n\u00e5gra r\u00f6rliga delar eller slangar som beh\u00f6ver bytas ut. Tekniken \u00e4r baserad p\u00e5 att vattenspolning skapar ett tryck i fl\u00f6det (i slangen) fr\u00e5n doseringspump till tv\u00e4ttmaskinen; och p\u00e5 s\u00e5 s\u00e4tt f\u00f6rs tv\u00e4ttmedel fram till tv\u00e4ttmaskinen. L\u00f6sningen \u00e4r v\u00e4ldigt bra n\u00e4r doseringsrummet f\u00f6r f\u00f6rvaring av tv\u00e4ttmedel ligger l\u00e5ngt ifr\u00e5n sj\u00e4lva tv\u00e4ttmaskinen.<\/p>\n<p>Doseringen \u00e4r p\u00e5litlig och installationen \u00e4r enkel tack vare det inbyggda spolr\u00f6ret. Resultatet ger betydande besparingar och b\u00e4ttre tv\u00e4ttresultat.[\/vc_column_text][\/vc_column][\/vc_row][vc_row][vc_column][vc_empty_space height=&#8221;50px&#8221;][\/vc_column][\/vc_row][vc_row css=&#8221;.vc_custom_1693995157681{background-color: #abccd6 !important;}&#8221;][vc_column][vc_empty_space][elx_heading font_container=&#8221;h3&#8243; text_color=&#8221;inherit&#8221;]F\u00f6rdelar med JETSAVE doseringspump[\/elx_heading][\/vc_column][\/vc_row][vc_row css=&#8221;.vc_custom_1693995061542{background-color: #abccd6 !important;}&#8221;][vc_column width=&#8221;1\/2&#8243;][vc_column_text]<\/p>\n<ul>\n<li>Systemet baseras p\u00e5 att vatten finns med i systemet (Vattenspolning eller vattenmanifold)<\/li>\n<li>Vatten pumpas genom slang tillsammans med tv\u00e4ttmedel\/sk\u00f6ljmedel. P\u00e5 s\u00e5 s\u00e4tt minimeras risken att tv\u00e4ttmedelsrester stannar kvar i slangarna<\/li>\n<li>JETSAVE spolar rent efter tv\u00e4ttmedlet passerat i slangarna. Det ger i stort s\u00e4tt, ett underh\u00e5llsfritt system<\/li>\n<li>Systemet g\u00f6r det m\u00f6jligt att transportera tv\u00e4tt-och sk\u00f6ljmedel l\u00e5nga str\u00e4ckor<\/li>\n<li>Det h\u00e4r m\u00f6jligg\u00f6r att man i en anl\u00e4ggning kan ha ett enskilt rum f\u00f6r tv\u00e4ttmedel ist\u00e4llet f\u00f6r ett kemikaliesk\u00e5p bredvid varje tv\u00e4ttgrupp<\/li>\n<li>Doseringen \u00e4r tillf\u00f6rlitlig och installationen \u00e4r ren och snygg tack vare det inbyggda spolr\u00f6ret.<\/li>\n<li>Olika pumpar beroende p\u00e5 maskin. Det \u00f6versta till h\u00f6ger f\u00f6r maskiner med ClarusVibe och det under f\u00f6r maskiner med Compass Pro<\/li>\n<\/ul>\n<p>[\/vc_column_text][\/vc_column][vc_column width=&#8221;1\/2&#8243;][elx_image image_media_library=&#8221;48712&#8243;][vc_single_image image=&#8221;48716&#8243; img_size=&#8221;full&#8221;][vc_empty_space][\/vc_column][\/vc_row][vc_row css=&#8221;.vc_custom_1694005834103{background-color: #eeeeee !important;}&#8221;][vc_column][elx_heading font_container=&#8221;h3&#8243; text_color=&#8221;inherit&#8221;][\/elx_heading][\/vc_column][\/vc_row][vc_row css=&#8221;.vc_custom_1693999254867{background-color: #eeeeee !important;}&#8221;][vc_column][elx_heading font_container=&#8221;h3&#8243; text_color=&#8221;inherit&#8221;]Doseringspumpar f\u00f6r den mindre tv\u00e4ttstugan[\/elx_heading][\/vc_column][\/vc_row][vc_row css=&#8221;.vc_custom_1693995373543{background-color: #eeeeee !important;}&#8221;][vc_column width=&#8221;1\/2&#8243;][vc_column_text]<strong>Efficient Dosing System (EDS) pump<br \/>\n<\/strong>Efficient Dosing System (EDS) kan vara ett bra alternativ i mindre tv\u00e4ttstugor. Efficient Dosing System transporterar tv\u00e4ttmedel\/sk\u00f6ljmedel fram till tv\u00e4ttmaskinen genom att anv\u00e4nda en kl\u00e4mslangsteknik. Tekniken pressar tv\u00e4ttmedlet genom slangen.<\/p>\n<p><strong>EDS &#8211; valet i den mindre tv\u00e4ttstugan<\/strong><br \/>\nVill du ha automatisk dosering i direkt n\u00e4rhet till tv\u00e4ttmaskinen s\u00e5 \u00e4r EDS pump ett bra val. Ett regelbundet byte av slangar rekommenderas d\u00e5 det finns en risk att tv\u00e4ttmedel stannar kvar i slangarna vilket kan fr\u00e4ta p\u00e5 slangens insida. Rekommendationen \u00e4r att placera en EDS pump inte l\u00e4ngre \u00e4n tio meter fr\u00e5n tv\u00e4ttmaskinen.<\/p>\n<p>Olika pumpar beroende p\u00e5 maskin. De \u00f6versta till h\u00f6ger f\u00f6r maskiner med ClarusVibe och det under f\u00f6r maskiner med Compass Pro.[\/vc_column_text][\/vc_column][vc_column width=&#8221;1\/2&#8243;][vc_single_image image=&#8221;48708&#8243; img_size=&#8221;full&#8221;][vc_single_image image=&#8221;48715&#8243; img_size=&#8221;full&#8221;][\/vc_column][\/vc_row][vc_row css=&#8221;.vc_custom_1693995395896{background-color: #eeeeee !important;}&#8221;][vc_column][vc_empty_space height=&#8221;50px&#8221;][\/vc_column][\/vc_row][vc_row css=&#8221;.vc_custom_1694005245944{background-color: #ffffff !important;}&#8221;][vc_column][vc_empty_space height=&#8221;50px&#8221;][\/vc_column][\/vc_row][vc_row el_id=&#8221;kontakta oss&#8221;][vc_column][elx_heading text_color=&#8221;inherit&#8221; text_align=&#8221;text-center&#8221;]Vill du veta mer om vilken doseringspump som \u00e4r l\u00e4mpligast till er tv\u00e4ttstuga?[\/elx_heading][elx_o2000_contact_us s=&#8221;F\u00f6rfr\u00e5gan om information: Doseringspumpar&#8221; country=&#8221;Sweden&#8221; b=&#8221;laundry&#8221; container=&#8221;elxcontactus1473756279&#8243; r=&#8221;Jag vill veta mer om doseringspumpar. V\u00e4nligen kontakta mig!&#8221; l=&#8221;se&#8221; e=&#8221;els.sales@electrolux.com&#8221;][vc_empty_space height=&#8221;50px&#8221;][\/vc_column][\/vc_row][vc_row][vc_column][elx_heading font_size=&#8221;h3&#8243; text_color=&#8221;inherit&#8221; text_align=&#8221;text-center&#8221;]Dags att uppgradera dina tv\u00e4tt- och torkmaskiner?[\/elx_heading][\/vc_column][\/vc_row][vc_row][vc_column width=&#8221;1\/3&#8243;][elx_maylike_box id_box=&#8221;2834&#8243;][\/vc_column][vc_column width=&#8221;1\/3&#8243;][elx_maylike_box id_box=&#8221;2855&#8243;][\/vc_column][vc_column width=&#8221;1\/3&#8243;][elx_maylike_box id_box=&#8221;2788&#8243;][\/vc_column][\/vc_row]<\/p>\n","protected":false},"excerpt":{"rendered":"<p>[vc_row full_width=&#8221;electroluxpro-full-width-no-padding&#8221;][vc_column][elx_full_banner title=&#8221;Effektiva doseringspumpar&#8221; set_as_h1=&#8221;true&#8221; background_image_media_library=&#8221;48694&#8243; link=&#8221;url:%23kontakta%20oss|title:Kontakta%20oss%20f%C3%B6r%20mer%20information&#8221; background_image_media_library_mobile=&#8221;48737&#8243;][\/vc_column][\/vc_row][vc_row css=&#8221;.vc_custom_1694005432119{background-color: #ffffff !important;}&#8221;][vc_column][vc_empty_space height=&#8221;50px&#8221;][elx_heading font_container=&#8221;h3&#8243; text_color=&#8221;inherit&#8221;]V\u00e4lj r\u00e4tt doseringspump till dina tv\u00e4ttmaskiner och typ av tv\u00e4ttstuga[\/elx_heading][\/vc_column][\/vc_row][vc_row][vc_column][vc_column_text]Visste du att tv\u00e4ttmedelsf\u00f6rbrukningen s\u00e4nks med upp till hela 50% n\u00e4r du anv\u00e4nder automatisk dosering av tv\u00e4ttmedel? Tillsammans med doseringspumpen och avancerad teknologi i tv\u00e4ttmaskinen f\u00e5r du en perfekt avv\u00e4gd dosering av tv\u00e4ttmedel [&hellip;]<\/p>\n","protected":false},"author":458,"featured_media":48741,"parent":51211,"menu_order":0,"comment_status":"closed","ping_status":"closed","template":"","meta":{"footnotes":""},"class_list":["post-48477","page","type-page","status-publish","has-post-thumbnail","hentry"],"acf":[],"yoast_head":"<!-- This site is optimized with the Yoast SEO plugin v23.3 - https:\/\/yoast.com\/wordpress\/plugins\/seo\/ -->\n<title>Effektiva doseringspumpar i professionella tv\u00e4ttmaskiner s\u00e4nker kostnader<\/title>\n<meta name=\"description\" content=\"S\u00e4nk tv\u00e4ttmedelsf\u00f6rbrukningen med upp till 50% och \u00f6ka h\u00e5llbarheten med v\u00e5ra effektiva doseringspumpar och automatisk dosering av tv\u00e4ttmedel.\" \/>\n<meta name=\"robots\" content=\"index, follow, max-snippet:-1, max-image-preview:large, max-video-preview:-1\" \/>\n<link rel=\"canonical\" href=\"https:\/\/www.electroluxprofessional.com\/se\/tvatt\/doseringspumpar-tvattmaskin\/\" \/>\n<meta property=\"og:locale\" content=\"sv_SE\" \/>\n<meta property=\"og:type\" content=\"article\" \/>\n<meta property=\"og:title\" content=\"Effektiva doseringspumpar i professionella tv\u00e4ttmaskiner s\u00e4nker kostnader\" \/>\n<meta property=\"og:description\" content=\"S\u00e4nk tv\u00e4ttmedelsf\u00f6rbrukningen med upp till 50% och \u00f6ka h\u00e5llbarheten med v\u00e5ra effektiva doseringspumpar och automatisk dosering av tv\u00e4ttmedel.\" \/>\n<meta property=\"og:url\" content=\"https:\/\/www.electroluxprofessional.com\/se\/tvatt\/doseringspumpar-tvattmaskin\/\" \/>\n<meta property=\"og:site_name\" content=\"Electrolux Professional Sverige\" \/>\n<meta property=\"article:modified_time\" content=\"2024-07-03T09:33:21+00:00\" \/>\n<meta property=\"og:image\" content=\"https:\/\/www.electroluxprofessional.com\/se\/wp-content\/uploads\/2023\/09\/Doseringspumpar_Header_utvald.jpg\" \/>\n\t<meta property=\"og:image:width\" content=\"1106\" \/>\n\t<meta property=\"og:image:height\" content=\"581\" \/>\n\t<meta property=\"og:image:type\" content=\"image\/jpeg\" \/>\n<meta name=\"twitter:card\" content=\"summary_large_image\" \/>\n<meta name=\"twitter:label1\" content=\"Ber\u00e4knad l\u00e4stid\" \/>\n\t<meta name=\"twitter:data1\" content=\"3 minuter\" \/>\n<script type=\"application\/ld+json\" class=\"yoast-schema-graph\">{\"@context\":\"https:\/\/schema.org\",\"@graph\":[{\"@type\":\"WebPage\",\"@id\":\"https:\/\/www.electroluxprofessional.com\/se\/tvatt\/doseringspumpar-tvattmaskin\/\",\"url\":\"https:\/\/www.electroluxprofessional.com\/se\/tvatt\/doseringspumpar-tvattmaskin\/\",\"name\":\"Effektiva doseringspumpar i professionella tv\u00e4ttmaskiner s\u00e4nker kostnader\",\"isPartOf\":{\"@id\":\"https:\/\/www.electroluxprofessional.com\/se\/#website\"},\"primaryImageOfPage\":{\"@id\":\"https:\/\/www.electroluxprofessional.com\/se\/tvatt\/doseringspumpar-tvattmaskin\/#primaryimage\"},\"image\":{\"@id\":\"https:\/\/www.electroluxprofessional.com\/se\/tvatt\/doseringspumpar-tvattmaskin\/#primaryimage\"},\"thumbnailUrl\":\"https:\/\/www.electroluxprofessional.com\/se\/wp-content\/uploads\/2023\/09\/Doseringspumpar_Header_utvald.jpg\",\"datePublished\":\"2023-09-05T08:10:12+00:00\",\"dateModified\":\"2024-07-03T09:33:21+00:00\",\"description\":\"S\u00e4nk tv\u00e4ttmedelsf\u00f6rbrukningen med upp till 50% och \u00f6ka h\u00e5llbarheten med v\u00e5ra effektiva doseringspumpar och automatisk dosering av tv\u00e4ttmedel.\",\"breadcrumb\":{\"@id\":\"https:\/\/www.electroluxprofessional.com\/se\/tvatt\/doseringspumpar-tvattmaskin\/#breadcrumb\"},\"inLanguage\":\"sv-SE\",\"potentialAction\":[{\"@type\":\"ReadAction\",\"target\":[\"https:\/\/www.electroluxprofessional.com\/se\/tvatt\/doseringspumpar-tvattmaskin\/\"]}]},{\"@type\":\"ImageObject\",\"inLanguage\":\"sv-SE\",\"@id\":\"https:\/\/www.electroluxprofessional.com\/se\/tvatt\/doseringspumpar-tvattmaskin\/#primaryimage\",\"url\":\"https:\/\/www.electroluxprofessional.com\/se\/wp-content\/uploads\/2023\/09\/Doseringspumpar_Header_utvald.jpg\",\"contentUrl\":\"https:\/\/www.electroluxprofessional.com\/se\/wp-content\/uploads\/2023\/09\/Doseringspumpar_Header_utvald.jpg\",\"width\":1106,\"height\":581,\"caption\":\"Doseringspumpar_Header_utvald\"},{\"@type\":\"BreadcrumbList\",\"@id\":\"https:\/\/www.electroluxprofessional.com\/se\/tvatt\/doseringspumpar-tvattmaskin\/#breadcrumb\",\"itemListElement\":[{\"@type\":\"ListItem\",\"position\":1,\"name\":\"Home\",\"item\":\"https:\/\/www.electroluxprofessional.com\/se\/\"},{\"@type\":\"ListItem\",\"position\":2,\"name\":\"Tv\u00e4tt\",\"item\":\"https:\/\/www.electroluxprofessional.com\/se\/tvatt\/\"},{\"@type\":\"ListItem\",\"position\":3,\"name\":\"Tv\u00e4tt\",\"item\":\"https:\/\/www.electroluxprofessional.com\/se\/tvatt\/\"},{\"@type\":\"ListItem\",\"position\":4,\"name\":\"Doseringspumpar\"}]},{\"@type\":\"WebSite\",\"@id\":\"https:\/\/www.electroluxprofessional.com\/se\/#website\",\"url\":\"https:\/\/www.electroluxprofessional.com\/se\/\",\"name\":\"Electrolux Professional Sverige\",\"description\":\"\",\"potentialAction\":[{\"@type\":\"SearchAction\",\"target\":{\"@type\":\"EntryPoint\",\"urlTemplate\":\"https:\/\/www.electroluxprofessional.com\/se\/?src={search_term_string}\"},\"query-input\":\"required name=search_term_string\"}],\"inLanguage\":\"sv-SE\"}]}<\/script>\n<!-- \/ Yoast SEO plugin. -->","yoast_head_json":{"title":"Effektiva doseringspumpar i professionella tv\u00e4ttmaskiner s\u00e4nker kostnader","description":"S\u00e4nk tv\u00e4ttmedelsf\u00f6rbrukningen med upp till 50% och \u00f6ka h\u00e5llbarheten med v\u00e5ra effektiva doseringspumpar och automatisk dosering av tv\u00e4ttmedel.","robots":{"index":"index","follow":"follow","max-snippet":"max-snippet:-1","max-image-preview":"max-image-preview:large","max-video-preview":"max-video-preview:-1"},"canonical":"https:\/\/www.electroluxprofessional.com\/se\/tvatt\/doseringspumpar-tvattmaskin\/","og_locale":"sv_SE","og_type":"article","og_title":"Effektiva doseringspumpar i professionella tv\u00e4ttmaskiner s\u00e4nker kostnader","og_description":"S\u00e4nk tv\u00e4ttmedelsf\u00f6rbrukningen med upp till 50% och \u00f6ka h\u00e5llbarheten med v\u00e5ra effektiva doseringspumpar och automatisk dosering av tv\u00e4ttmedel.","og_url":"https:\/\/www.electroluxprofessional.com\/se\/tvatt\/doseringspumpar-tvattmaskin\/","og_site_name":"Electrolux Professional Sverige","article_modified_time":"2024-07-03T09:33:21+00:00","og_image":[{"width":1106,"height":581,"url":"https:\/\/www.electroluxprofessional.com\/se\/wp-content\/uploads\/2023\/09\/Doseringspumpar_Header_utvald.jpg","type":"image\/jpeg"}],"twitter_card":"summary_large_image","twitter_misc":{"Ber\u00e4knad l\u00e4stid":"3 minuter"},"schema":{"@context":"https:\/\/schema.org","@graph":[{"@type":"WebPage","@id":"https:\/\/www.electroluxprofessional.com\/se\/tvatt\/doseringspumpar-tvattmaskin\/","url":"https:\/\/www.electroluxprofessional.com\/se\/tvatt\/doseringspumpar-tvattmaskin\/","name":"Effektiva doseringspumpar i professionella tv\u00e4ttmaskiner s\u00e4nker kostnader","isPartOf":{"@id":"https:\/\/www.electroluxprofessional.com\/se\/#website"},"primaryImageOfPage":{"@id":"https:\/\/www.electroluxprofessional.com\/se\/tvatt\/doseringspumpar-tvattmaskin\/#primaryimage"},"image":{"@id":"https:\/\/www.electroluxprofessional.com\/se\/tvatt\/doseringspumpar-tvattmaskin\/#primaryimage"},"thumbnailUrl":"https:\/\/www.electroluxprofessional.com\/se\/wp-content\/uploads\/2023\/09\/Doseringspumpar_Header_utvald.jpg","datePublished":"2023-09-05T08:10:12+00:00","dateModified":"2024-07-03T09:33:21+00:00","description":"S\u00e4nk tv\u00e4ttmedelsf\u00f6rbrukningen med upp till 50% och \u00f6ka h\u00e5llbarheten med v\u00e5ra effektiva doseringspumpar och automatisk dosering av tv\u00e4ttmedel.","breadcrumb":{"@id":"https:\/\/www.electroluxprofessional.com\/se\/tvatt\/doseringspumpar-tvattmaskin\/#breadcrumb"},"inLanguage":"sv-SE","potentialAction":[{"@type":"ReadAction","target":["https:\/\/www.electroluxprofessional.com\/se\/tvatt\/doseringspumpar-tvattmaskin\/"]}]},{"@type":"ImageObject","inLanguage":"sv-SE","@id":"https:\/\/www.electroluxprofessional.com\/se\/tvatt\/doseringspumpar-tvattmaskin\/#primaryimage","url":"https:\/\/www.electroluxprofessional.com\/se\/wp-content\/uploads\/2023\/09\/Doseringspumpar_Header_utvald.jpg","contentUrl":"https:\/\/www.electroluxprofessional.com\/se\/wp-content\/uploads\/2023\/09\/Doseringspumpar_Header_utvald.jpg","width":1106,"height":581,"caption":"Doseringspumpar_Header_utvald"},{"@type":"BreadcrumbList","@id":"https:\/\/www.electroluxprofessional.com\/se\/tvatt\/doseringspumpar-tvattmaskin\/#breadcrumb","itemListElement":[{"@type":"ListItem","position":1,"name":"Home","item":"https:\/\/www.electroluxprofessional.com\/se\/"},{"@type":"ListItem","position":2,"name":"Tv\u00e4tt","item":"https:\/\/www.electroluxprofessional.com\/se\/tvatt\/"},{"@type":"ListItem","position":3,"name":"Tv\u00e4tt","item":"https:\/\/www.electroluxprofessional.com\/se\/tvatt\/"},{"@type":"ListItem","position":4,"name":"Doseringspumpar"}]},{"@type":"WebSite","@id":"https:\/\/www.electroluxprofessional.com\/se\/#website","url":"https:\/\/www.electroluxprofessional.com\/se\/","name":"Electrolux Professional Sverige","description":"","potentialAction":[{"@type":"SearchAction","target":{"@type":"EntryPoint","urlTemplate":"https:\/\/www.electroluxprofessional.com\/se\/?src={search_term_string}"},"query-input":"required name=search_term_string"}],"inLanguage":"sv-SE"}]}},"_links":{"self":[{"href":"https:\/\/www.electroluxprofessional.com\/se\/wp-json\/wp\/v2\/pages\/48477"}],"collection":[{"href":"https:\/\/www.electroluxprofessional.com\/se\/wp-json\/wp\/v2\/pages"}],"about":[{"href":"https:\/\/www.electroluxprofessional.com\/se\/wp-json\/wp\/v2\/types\/page"}],"author":[{"embeddable":true,"href":"https:\/\/www.electroluxprofessional.com\/se\/wp-json\/wp\/v2\/users\/458"}],"replies":[{"embeddable":true,"href":"https:\/\/www.electroluxprofessional.com\/se\/wp-json\/wp\/v2\/comments?post=48477"}],"version-history":[{"count":53,"href":"https:\/\/www.electroluxprofessional.com\/se\/wp-json\/wp\/v2\/pages\/48477\/revisions"}],"predecessor-version":[{"id":51542,"href":"https:\/\/www.electroluxprofessional.com\/se\/wp-json\/wp\/v2\/pages\/48477\/revisions\/51542"}],"up":[{"embeddable":true,"href":"https:\/\/www.electroluxprofessional.com\/se\/wp-json\/wp\/v2\/pages\/51211"}],"wp:featuredmedia":[{"embeddable":true,"href":"https:\/\/www.electroluxprofessional.com\/se\/wp-json\/wp\/v2\/media\/48741"}],"wp:attachment":[{"href":"https:\/\/www.electroluxprofessional.com\/se\/wp-json\/wp\/v2\/media?parent=48477"}],"curies":[{"name":"wp","href":"https:\/\/api.w.org\/{rel}","templated":true}]}}