{"id":48444,"date":"2023-08-21T09:03:57","date_gmt":"2023-08-21T09:03:57","guid":{"rendered":"https:\/\/www.electroluxprofessional.com\/se\/?page_id=48444"},"modified":"2025-10-16T08:48:43","modified_gmt":"2025-10-16T07:48:43","slug":"herodry-fristaende-tork","status":"publish","type":"page","link":"https:\/\/www.electroluxprofessional.com\/se\/storkok\/herodry-fristaende-tork\/","title":{"rendered":"HeroDry frist\u00e5ende tork"},"content":{"rendered":"<p>[vc_row full_width=&#8221;electroluxpro-full-width-no-padding&#8221;][vc_column][elx_image_block background_image=&#8221;48429&#8243; minimum_height=&#8221;400px&#8221;][vc_empty_space][\/vc_column][\/vc_row][vc_row full_width=&#8221;electroluxpro-container-no-padding&#8221;][vc_column][elx_text_image tag_title=&#8221;h1&#8243; class_title=&#8221;h1&#8243; style_image=&#8221;image_square&#8221; columns_proportion=&#8221;three_fifth&#8221; bg_row=&#8221;bg-download-white&#8221; title=&#8221;Diska, torka och \u00e5teranv\u00e4nd mat- och dryckesf\u00f6rpackning med HeroDry frist\u00e5ende tork&#8221; lists=&#8221;%5B%7B%7D%5D&#8221; values=&#8221;%5B%7B%7D%5D&#8221; link=&#8221;url:%23contact_us|title:KONTAKTA%20OSS&#8221; single_image=&#8221;48433&#8243;]P\u00e5 Electrolux Professional, har vi ett starkt engagemang f\u00f6r att v\u00e4rna om milj\u00f6n. <strong>HeroDry<\/strong>, den frist\u00e5ende torken f\u00f6r \u00e5teranv\u00e4ndningsbara mat- och dryckesf\u00f6rpackningar \u00e4r en av de h\u00e5llbara l\u00f6sningarna som ing\u00e5r i v\u00e5rt cirkul\u00e4ra initiativ.<\/p>\n<p><strong>Internationella direktiv<\/strong> g\u00e5r \u00e5t en obligatorisk minskning av eng\u00e5ngsartiklar i plast. <strong>EU-direktivet 2019\/904<\/strong> kr\u00e4ver att EU&#8217;s medlemsl\u00e4nder \u00e5tg\u00e4rdar det som kr\u00e4vs f\u00f6r att <strong>minska konsumtionen av eng\u00e5ngsartiklar i plast,<\/strong> vilket p\u00e5verkar hela HoReCa-sektorn.[\/elx_text_image][\/vc_column][\/vc_row][vc_row full_width=&#8221;electroluxpro-full-width-no-padding&#8221;][vc_column][elx_features_download title=&#8221;HeroDry tork &#8211; F\u00f6r alla professionella k\u00f6k&#8221; tag_title=&#8221;h2&#8243; class_title=&#8221;h2&#8243; title_download=&#8221;Ladda ner&#8221; title_discover=&#8221;Uppt\u00e4ck mer!&#8221; bg_discover_color=&#8221;bg-download-white&#8221; link_discover_color=&#8221;download-text-blue&#8221; bg_row=&#8221;bg-row-light-blue&#8221; values=&#8221;%5B%7B%22select_type%22%3A%22link%22%2C%22link_download%22%3A%22url%3Ahttps%253A%252F%252Fwww.electroluxprofessional.com%252Fwp-content%252Fuploads%252F2023%252F06%252FCLF-9JE00307_1_5_1_6_EPR-HeroDry-flyer-EN-20230623-LR.pdf%7Ctitle%3AHeroDry%2520leaflet%7Ctarget%3A_blank%22%7D%5D&#8221; discover=&#8221;%5B%7B%22link_discover%22%3A%22url%3Ahttps%253A%252F%252Fwww.electroluxprofessional.com%252Fse%252Fpd%252Fdiskrumsutrustning%252Fhuvdiskmaskiner%252Fgreen-clean-hood-type-tork%252Fdisk-herodry-f%2525C3%2525B6r-green-clean-huvdiskmaskin-504350%252F%7Ctitle%3AHeroDry%2520frist%25C3%25A5ende%2520tork%2520-%2520Produktinformation%7Ctarget%3A_blank%22%7D%2C%7B%22link_discover%22%3A%22url%3A%2523kontakta_oss%7Ctitle%3AKontakta%2520oss%2520f%25C3%25B6r%2520mer%2520info!%22%7D%5D&#8221; features=&#8221;%5B%7B%22icon_electroluxpro%22%3A%22elx-icon%20icon-circle-star-perfomance-blue%22%2C%22title_icon%22%3A%22%3Ch3%3EB%C3%A4st%20tork%3C%2Fh3%3E%22%2C%22text_icon%22%3A%22Torka%20upp%20till%20%3Cstrong%3E750%20muggar%2Fh.%3C%2Fstrong%3E%20Tack%20vare%20den%20innovativa%20torkmodulen%20%C3%A4r%20ditt%20diskgods%20redo%20att%20anv%C3%A4ndas%20direkt.%22%7D%2C%7B%22icon_electroluxpro%22%3A%22elx-icon%20icon-circle-easy-blue%22%2C%22title_icon%22%3A%22%3Ch3%3EL%C3%A4ttanv%C3%A4nd%3C%2Fh3%3E%22%2C%22text_icon%22%3A%22F%C3%B6rb%C3%A4ttra%20handhavarens%20effektivitet%20med%20det%20smarta%20anv%C3%A4ndargr%C3%A4nssnittet%22%7D%2C%7B%22icon_electroluxpro%22%3A%22elx-icon%20icon-circle-flexibility-blue%22%2C%22title_icon%22%3A%22%3Ch3%3EEnkel%20att%20installera%3C%2Fh3%3E%22%2C%22text_icon%22%3A%22Designad%20f%C3%B6r%20att%20passa%20alla%20konfigurationer%20och%20kan%20anpassas%20p%C3%A5%20plats%22%7D%5D&#8221;][\/elx_features_download][\/vc_column][\/vc_row][vc_row full_width=&#8221;electroluxpro-full-width-no-padding&#8221;][vc_column][elx_features_download title=&#8221;&#8221; title_download=&#8221;Ladda ner&#8221; title_discover=&#8221;Uppt\u00e4ck mer!&#8221; bg_row=&#8221;bg-row-sustainability-green&#8221; values=&#8221;%5B%7B%7D%5D&#8221; discover=&#8221;%5B%7B%7D%5D&#8221; features=&#8221;%5B%7B%22icon_electroluxpro%22%3A%22elx-icon%20icon-circle-savings-green-blue%22%2C%22title_icon%22%3A%22%3Ch3%3EEnergibesparingar%3C%2Fh3%3E%22%2C%22text_icon%22%3A%22%3Ch4%20class%3D%5C%22h6%5C%22%3ESpara%20upp%20till%2060%25%20i%20energikonsumtion*%20%3Cbr%3E%5Cntack%20vare%20den%20nya%20energy%20saving%20device%3C%2Fh4%3E%5Cn%3Csub%3E*%20Internt%20test%20utf%C3%B6rt%20i%20Electrolux%20Professional%20R%26D%20laboratorium.%20J%C3%A4mf%C3%B6relse%20%C3%A4r%20gjord%20med%20de%20genomsnittliga%20standardprogrammen%20som%20%C3%A4r%20vanliga%20p%C3%A5%20marknaden%20j%C3%A4mf%C3%B6rt%20med%20HeroDry%20frist%C3%A5ende%20tork%20eco%20cykle-program.%5Cn%3Cbr%20%2F%3E%3C%2Fsub%3E%22%7D%5D&#8221;][\/elx_features_download][\/vc_column][\/vc_row][vc_row full_width=&#8221;electroluxpro-container-no-padding&#8221;][vc_column][elx_text_image number_images=&#8221;n&#8221; style_image=&#8221;image_square&#8221; title=&#8221;Str\u00e4va efter en energieffektiv l\u00f6sning&#8221; lists=&#8221;%5B%7B%22icon_electroluxpro%22%3A%22elx-icon%20icon-circle-checkmark-blue%22%2C%22title_list%22%3A%22Spara%20tid%20och%20pengar%22%2C%22text_list%22%3A%22Torkar%20snabbt%20med%20perfekta%20resultat%20tack%20vare%20den%20innovativa%20temperatsystemet.%20Minska%20din%20energir%C3%A4kning%20och%20effektivisera%20de%20anst%C3%A4lldas%20arbetstid.%22%7D%2C%7B%22icon_electroluxpro%22%3A%22elx-icon%20icon-circle-checkmark-blue%22%2C%22title_list%22%3A%22Garanterad%20hygien%22%2C%22text_list%22%3A%22Med%20%3Cstrong%3Eluftfl%C3%B6destemperatur%20p%C3%A5%2050%C2%B0C%3C%2Fstrong%3E%20%C3%A4r%20din%20servis%20torr%20i%20slutet%20av%20cykeln%20och%20redo%20att%20anv%C3%A4ndas%20omedelbart.%5Cn%5Cn%22%7D%5D&#8221; values=&#8221;%5B%7B%7D%5D&#8221; multi_images=&#8221;48437,48438,48439&#8243;]Tar din \u00e5teranv\u00e4ndningsbara servis slut under dagens hektiska perioder? HeroDry frist\u00e5ende tork \u00e4r det perfekta st\u00f6det i diskrummet.[\/elx_text_image][\/vc_column][\/vc_row][vc_row][vc_column][elx_video_text link_video=&#8221;https:\/\/youtu.be\/0ko3idU2pFg&#8221; title=&#8221;Cirkul\u00e4r ekonomi&#8221; class_title=&#8221;h2&#8243; image_preview=&#8221;48440&#8243;]H\u00e4ng med i den <strong>cirkul\u00e4ra revolutionen<\/strong> med l\u00f6sningar fr\u00e5n Electrolux Professional.<\/p>\n<p><strong>Se videon<\/strong> om hur du kan <strong>ge dina \u00e5teranv\u00e4ndningsbara muggar och servis nytt liv<\/strong>.[\/elx_video_text][vc_empty_space height=&#8221;50px&#8221;][\/vc_column][\/vc_row][vc_row full_width=&#8221;electroluxpro-container-no-padding&#8221;][vc_column content_position=&#8221;right&#8221;][elx_text_image style_image=&#8221;image_square&#8221; image_position=&#8221;image_left&#8221; title=&#8221;V\u00e4lj cykel efter ditt behov&#8221; lists=&#8221;%5B%7B%7D%5D&#8221; values=&#8221;%5B%7B%7D%5D&#8221; single_image=&#8221;48434&#8243;]HeroDry frist\u00e5ende tork \u00e4r l\u00e4mplig f\u00f6r snabb <strong>torkning av alla typer av \u00e5teranv\u00e4ndbar servis<\/strong>: glas, keramik, aluminium och till och med \u00e5teranv\u00e4ndbar plast.<\/p>\n<p>Du kan v\u00e4lja mellan programmen <strong>standard och eco cykel<\/strong>,<strong> beroende p\u00e5 ditt behov<\/strong>. Det innovativa gr\u00e4nssnittet ger dig en \u00f6verblick av cykelns status.[\/elx_text_image][\/vc_column][\/vc_row][vc_row full_width=&#8221;electroluxpro-container-no-padding&#8221;][vc_column content_position=&#8221;right&#8221;][elx_text_image number_images=&#8221;2&#8243; style_image=&#8221;image_horizontal&#8221; columns_proportion=&#8221;half&#8221; title=&#8221;Design som passar alla diskrum&#8221; lists=&#8221;%5B%7B%7D%5D&#8221; values=&#8221;%5B%7B%7D%5D&#8221; double_image_1=&#8221;48435&#8243; double_image_2=&#8221;48436&#8243;]Placera din HeroDry l\u00f6sning i anslutning till din<br \/>\ngreen&amp;clean diskmaskin f\u00f6r ett mer effektivt diskrum.<\/p>\n<p>HeroDry frist\u00e5ende tork \u00e4r <strong>mycket anpassningsbar<\/strong> p\u00e5 plats, du kan v\u00e4lja matning framifr\u00e5n, fr\u00e5n h\u00f6ger eller v\u00e4nster samt om du \u00f6nskar h\u00f6rninstallation.[\/elx_text_image][vc_empty_space height=&#8221;50px&#8221;][\/vc_column][\/vc_row][vc_row full_width=&#8221;electroluxpro-container-no-padding&#8221;][vc_column][elx_heading text_color=&#8221;inherit&#8221;]Anv\u00e4nd r\u00e4tt reng\u00f6ring och tillbeh\u00f6r[\/elx_heading][vc_column_text]F\u00f6r <strong>b\u00e4sta m\u00f6jliga resultat<\/strong> \u00e4r det viktigt att du v\u00e4ljer r\u00e4tt reng\u00f6ring och tillbeh\u00f6r till din HeroDry frist\u00e5ende tork.[\/vc_column_text][\/vc_column][\/vc_row][vc_row full_width=&#8221;electroluxpro-container-no-padding&#8221;][vc_column width=&#8221;1\/3&#8243;][vc_single_image image=&#8221;48430&#8243; img_size=&#8221;medium&#8221; alignment=&#8221;center&#8221;][elx_heading font_container=&#8221;h3&#8243; font_size=&#8221;h4&#8243; text_color=&#8221;inherit&#8221; text_align=&#8221;text-center&#8221;]Torkmedel[\/elx_heading][elx_heading font_container=&#8221;h4&#8243; font_size=&#8221;h6&#8243; text_color=&#8221;inherit&#8221; text_align=&#8221;text-center&#8221;]C15[\/elx_heading][\/vc_column][vc_column width=&#8221;1\/3&#8243;][vc_single_image image=&#8221;48431&#8243; img_size=&#8221;medium&#8221; alignment=&#8221;center&#8221;][elx_heading font_container=&#8221;h3&#8243; font_size=&#8221;h4&#8243; text_color=&#8221;inherit&#8221; text_align=&#8221;text-center&#8221;]Diskmedel[\/elx_heading][elx_heading font_container=&#8221;h4&#8243; font_size=&#8221;h6&#8243; text_color=&#8221;inherit&#8221; text_align=&#8221;text-center&#8221;]C11[\/elx_heading][\/vc_column][vc_column width=&#8221;1\/3&#8243;][vc_single_image image=&#8221;48432&#8243; img_size=&#8221;medium&#8221; alignment=&#8221;center&#8221;][elx_heading font_container=&#8221;h3&#8243; font_size=&#8221;h4&#8243; text_color=&#8221;inherit&#8221; text_align=&#8221;text-center&#8221;]Korg f\u00f6r muggar[\/elx_heading][elx_heading font_container=&#8221;h4&#8243; font_size=&#8221;h6&#8243; text_color=&#8221;inherit&#8221; text_align=&#8221;text-center&#8221;]1 st inkluderad[\/elx_heading][\/vc_column][\/vc_row][vc_row el_id=&#8221;product_filter&#8221;][vc_column]<div class=\"com21-product-filter-container 120\"><div class=\"\"><h4 class=\"text-center\">1 Produkter<\/h4><hr><\/div>\n                    <!-- PROD LIST -->\n                    <div class=\"product-list container\">\n                        <!--Hidden parameters-->\n                        <input type=\"hidden\" name=\"navigation_level_1\" id=\"navigation_level_1\" value=\"I\">\n                        <input type=\"hidden\" name=\"navigation_level_2\" id=\"navigation_level_2\" value=\"D\">\n                        <input type=\"hidden\" name=\"navigation_level_3\" id=\"navigation_level_3\" value=\"N\">\n                        <input type=\"hidden\" name=\"navigation_level_4\" id=\"navigation_level_4\" value=\"\">\n                        <input type=\"hidden\" name=\"filter_id\" id=\"filter_id\" value=\"120\">\n                        <input type=\"hidden\" name=\"navigation_language\" id=\"navigation_language\" value=\"5005\">\n                        <input type=\"hidden\" name=\"navigation_language_code\" id=\"navigation_language\" value=\"5005\">\n                        <input type=\"hidden\" name=\"page_id\" id=\"page_id\" value=\"48444\">\n                        <!--END Hidden parameters--><ul class=\"row elx-one-product\" ><li data-product-paged=\"\" class=\"anchor_tags_prod col-sm-6 col-md-3 wow fadeIn single-product-list 504350\"><div class=\"product-list-item\"><div class=\"product-content\"><a href=\"https:\/\/www.electroluxprofessional.com\/se\/pd\/diskrumsutrustning\/huvdiskmaskiner\/green-clean-hood-type-tork\/disk-herodry-f\u00f6r-green-clean-huvdiskmaskin-504350\/\" target=\"_blank\" ><figure><img decoding=\"async\" src=\"https:\/\/tools.electroluxprofessional.com\/Mirror\/Doc\/PH_255x255%2FPH_504350_1_1_504350.jpg\" alt=\"DiskHeroDry f\u00f6r green&clean huvdiskmaskin\"\/><\/figure><div class=\"product-internal\"><div class=\"product-liv\">green&clean Hood Type - Tork<\/div><h3 class=\"product-title\">Disk<br>HeroDry f\u00f6r green&clean huvdiskmaskin<\/h3><div class=\"product-icons\"><div class=\"product-green\"><\/div><div class=\"product-cod\"><div class=\"hidden type_code\">0<\/div>COD <span class=\"product-code\" >504350<\/span><\/div><div class=\"product-fast\"><\/div>\n<\/div><div class=\"product-description-fast-green\"><\/div>\n<\/div><div class=\"product-actions\"><a href=\"https:\/\/www.electroluxprofessional.com\/se\/pd\/diskrumsutrustning\/huvdiskmaskiner\/green-clean-hood-type-tork\/disk-herodry-f\u00f6r-green-clean-huvdiskmaskin-504350\/\" class=\"btn btn-primary-blue\">Se mer<\/a><span class=\"compare-product\"><span class=\"compare-checkbox\"><span class=\"compare-checkbox-shape\"><input type=\"checkbox\" class=\"product-comparer\" id=\"prod_504350\"\/><label class=\"btn\" for=\"prod_504350\"><span class=\"label-bg\"><\/span>J\u00e4mf\u00f6r<\/label><\/span><\/span><\/span><\/div><\/a><\/div><\/div><\/li>\n                        <\/ul>\n                        <div class=\"text-center more-products\">\n                        <\/div>\n                    <\/div>\n                    <!-- END PRODUCT LIST -->\n                    <\/div>\n                    <!-- END PRODUCT LIST -->[\/vc_column][\/vc_row][vc_row el_id=&#8221;kontakta_oss&#8221;][vc_column][elx_heading text_color=&#8221;inherit&#8221; text_align=&#8221;text-center&#8221;]Vill du veta mer? Kontakta oss f\u00f6r mer information om HeroDry[\/elx_heading][vc_empty_space][elx_o2000_contact_us s=&#8221;Request of contact from the website &#8211; HeroDry&#8221; flag_hide_request_type=&#8221;true&#8221; country=&#8221;Sweden&#8221; b=&#8221;food&#8221; r=&#8221;Jag skulle vilja veta mer om HeroDry, frist\u00e5ende tork. V\u00e4nligen kontakta mig!&#8221;][elx_heading font_container=&#8221;div&#8221; font_size=&#8221;h2&#8243; text_color=&#8221;inherit&#8221;]Hitta din helhetsl\u00f6sning[\/elx_heading][\/vc_column][\/vc_row][vc_row][vc_column width=&#8221;1\/3&#8243;][elx_maylike_box id_box=&#8221;18938&#8243; link_target=&#8221;blank&#8221;][\/vc_column][vc_column width=&#8221;1\/3&#8243;][elx_maylike_box id_box=&#8221;2668&#8243; link_target=&#8221;blank&#8221;][\/vc_column][vc_column width=&#8221;1\/3&#8243;][elx_maylike_box id_box=&#8221;2702&#8243; link_target=&#8221;blank&#8221;][\/vc_column][\/vc_row][vc_row][vc_column][\/vc_column][\/vc_row]<\/p>\n","protected":false},"excerpt":{"rendered":"<p>[vc_row full_width=&#8221;electroluxpro-full-width-no-padding&#8221;][vc_column][elx_image_block background_image=&#8221;48429&#8243; minimum_height=&#8221;400px&#8221;][vc_empty_space][\/vc_column][\/vc_row][vc_row full_width=&#8221;electroluxpro-container-no-padding&#8221;][vc_column][elx_text_image tag_title=&#8221;h1&#8243; class_title=&#8221;h1&#8243; style_image=&#8221;image_square&#8221; columns_proportion=&#8221;three_fifth&#8221; bg_row=&#8221;bg-download-white&#8221; title=&#8221;Diska, torka och \u00e5teranv\u00e4nd mat- och dryckesf\u00f6rpackning med HeroDry frist\u00e5ende tork&#8221; lists=&#8221;%5B%7B%7D%5D&#8221; values=&#8221;%5B%7B%7D%5D&#8221; link=&#8221;url:%23contact_us|title:KONTAKTA%20OSS&#8221; single_image=&#8221;48433&#8243;]P\u00e5 Electrolux Professional, har vi ett starkt engagemang f\u00f6r att v\u00e4rna om milj\u00f6n. HeroDry, den frist\u00e5ende torken f\u00f6r \u00e5teranv\u00e4ndningsbara mat- och dryckesf\u00f6rpackningar \u00e4r en av de h\u00e5llbara l\u00f6sningarna som ing\u00e5r i [&hellip;]<\/p>\n","protected":false},"author":242,"featured_media":48428,"parent":51186,"menu_order":0,"comment_status":"closed","ping_status":"closed","template":"","meta":{"footnotes":""},"class_list":["post-48444","page","type-page","status-publish","has-post-thumbnail","hentry"],"acf":[],"yoast_head":"<!-- This site is optimized with the Yoast SEO plugin v23.3 - https:\/\/yoast.com\/wordpress\/plugins\/seo\/ -->\n<title>HeroDry \u2013 Electrolux Professional Sverige<\/title>\n<meta name=\"description\" content=\"HeroDry \u00e4r en frist\u00e5ende tork f\u00f6r \u00e5teranv\u00e4ndbara muggar och servis. Dina muggar och servis \u00e4r redo att anv\u00e4ndas direkt efter torkningen.\" \/>\n<meta name=\"robots\" content=\"index, follow, max-snippet:-1, max-image-preview:large, max-video-preview:-1\" \/>\n<link rel=\"canonical\" href=\"https:\/\/www.electroluxprofessional.com\/se\/storkok\/herodry-fristaende-tork\/\" \/>\n<meta property=\"og:locale\" content=\"sv_SE\" \/>\n<meta property=\"og:type\" content=\"article\" \/>\n<meta property=\"og:title\" content=\"HeroDry \u2013 Electrolux Professional Sverige\" \/>\n<meta property=\"og:description\" content=\"HeroDry \u00e4r en frist\u00e5ende tork f\u00f6r \u00e5teranv\u00e4ndbara muggar och servis. Dina muggar och servis \u00e4r redo att anv\u00e4ndas direkt efter torkningen.\" \/>\n<meta property=\"og:url\" content=\"https:\/\/www.electroluxprofessional.com\/se\/storkok\/herodry-fristaende-tork\/\" \/>\n<meta property=\"og:site_name\" content=\"Electrolux Professional Sverige\" \/>\n<meta property=\"article:modified_time\" content=\"2025-10-16T07:48:43+00:00\" \/>\n<meta property=\"og:image\" content=\"https:\/\/www.electroluxprofessional.com\/se\/wp-content\/uploads\/2023\/08\/HD-featured-image-966x712-1.jpg\" \/>\n\t<meta property=\"og:image:width\" content=\"966\" \/>\n\t<meta property=\"og:image:height\" content=\"712\" \/>\n\t<meta property=\"og:image:type\" content=\"image\/jpeg\" \/>\n<meta name=\"twitter:card\" content=\"summary_large_image\" \/>\n<meta name=\"twitter:label1\" content=\"Ber\u00e4knad l\u00e4stid\" \/>\n\t<meta name=\"twitter:data1\" content=\"3 minuter\" \/>\n<script type=\"application\/ld+json\" class=\"yoast-schema-graph\">{\"@context\":\"https:\/\/schema.org\",\"@graph\":[{\"@type\":\"WebPage\",\"@id\":\"https:\/\/www.electroluxprofessional.com\/se\/storkok\/herodry-fristaende-tork\/\",\"url\":\"https:\/\/www.electroluxprofessional.com\/se\/storkok\/herodry-fristaende-tork\/\",\"name\":\"HeroDry \u2013 Electrolux Professional Sverige\",\"isPartOf\":{\"@id\":\"https:\/\/www.electroluxprofessional.com\/se\/#website\"},\"primaryImageOfPage\":{\"@id\":\"https:\/\/www.electroluxprofessional.com\/se\/storkok\/herodry-fristaende-tork\/#primaryimage\"},\"image\":{\"@id\":\"https:\/\/www.electroluxprofessional.com\/se\/storkok\/herodry-fristaende-tork\/#primaryimage\"},\"thumbnailUrl\":\"https:\/\/www.electroluxprofessional.com\/se\/wp-content\/uploads\/2023\/08\/HD-featured-image-966x712-1.jpg\",\"datePublished\":\"2023-08-21T09:03:57+00:00\",\"dateModified\":\"2025-10-16T07:48:43+00:00\",\"description\":\"HeroDry \u00e4r en frist\u00e5ende tork f\u00f6r \u00e5teranv\u00e4ndbara muggar och servis. Dina muggar och servis \u00e4r redo att anv\u00e4ndas direkt efter torkningen.\",\"breadcrumb\":{\"@id\":\"https:\/\/www.electroluxprofessional.com\/se\/storkok\/herodry-fristaende-tork\/#breadcrumb\"},\"inLanguage\":\"sv-SE\",\"potentialAction\":[{\"@type\":\"ReadAction\",\"target\":[\"https:\/\/www.electroluxprofessional.com\/se\/storkok\/herodry-fristaende-tork\/\"]}]},{\"@type\":\"ImageObject\",\"inLanguage\":\"sv-SE\",\"@id\":\"https:\/\/www.electroluxprofessional.com\/se\/storkok\/herodry-fristaende-tork\/#primaryimage\",\"url\":\"https:\/\/www.electroluxprofessional.com\/se\/wp-content\/uploads\/2023\/08\/HD-featured-image-966x712-1.jpg\",\"contentUrl\":\"https:\/\/www.electroluxprofessional.com\/se\/wp-content\/uploads\/2023\/08\/HD-featured-image-966x712-1.jpg\",\"width\":966,\"height\":712,\"caption\":\"HeroDry frist\u00e5ende tork f\u00f6r \u00e5tervinningsbara muggar och servis.\"},{\"@type\":\"BreadcrumbList\",\"@id\":\"https:\/\/www.electroluxprofessional.com\/se\/storkok\/herodry-fristaende-tork\/#breadcrumb\",\"itemListElement\":[{\"@type\":\"ListItem\",\"position\":1,\"name\":\"Home\",\"item\":\"https:\/\/www.electroluxprofessional.com\/se\/\"},{\"@type\":\"ListItem\",\"position\":2,\"name\":\"Stork\u00f6k\",\"item\":\"https:\/\/www.electroluxprofessional.com\/se\/storkok\/\"},{\"@type\":\"ListItem\",\"position\":3,\"name\":\"HeroDry frist\u00e5ende tork\"}]},{\"@type\":\"WebSite\",\"@id\":\"https:\/\/www.electroluxprofessional.com\/se\/#website\",\"url\":\"https:\/\/www.electroluxprofessional.com\/se\/\",\"name\":\"Electrolux Professional Sverige\",\"description\":\"\",\"potentialAction\":[{\"@type\":\"SearchAction\",\"target\":{\"@type\":\"EntryPoint\",\"urlTemplate\":\"https:\/\/www.electroluxprofessional.com\/se\/?src={search_term_string}\"},\"query-input\":\"required name=search_term_string\"}],\"inLanguage\":\"sv-SE\"}]}<\/script>\n<!-- \/ Yoast SEO plugin. -->","yoast_head_json":{"title":"HeroDry \u2013 Electrolux Professional Sverige","description":"HeroDry \u00e4r en frist\u00e5ende tork f\u00f6r \u00e5teranv\u00e4ndbara muggar och servis. Dina muggar och servis \u00e4r redo att anv\u00e4ndas direkt efter torkningen.","robots":{"index":"index","follow":"follow","max-snippet":"max-snippet:-1","max-image-preview":"max-image-preview:large","max-video-preview":"max-video-preview:-1"},"canonical":"https:\/\/www.electroluxprofessional.com\/se\/storkok\/herodry-fristaende-tork\/","og_locale":"sv_SE","og_type":"article","og_title":"HeroDry \u2013 Electrolux Professional Sverige","og_description":"HeroDry \u00e4r en frist\u00e5ende tork f\u00f6r \u00e5teranv\u00e4ndbara muggar och servis. Dina muggar och servis \u00e4r redo att anv\u00e4ndas direkt efter torkningen.","og_url":"https:\/\/www.electroluxprofessional.com\/se\/storkok\/herodry-fristaende-tork\/","og_site_name":"Electrolux Professional Sverige","article_modified_time":"2025-10-16T07:48:43+00:00","og_image":[{"width":966,"height":712,"url":"https:\/\/www.electroluxprofessional.com\/se\/wp-content\/uploads\/2023\/08\/HD-featured-image-966x712-1.jpg","type":"image\/jpeg"}],"twitter_card":"summary_large_image","twitter_misc":{"Ber\u00e4knad l\u00e4stid":"3 minuter"},"schema":{"@context":"https:\/\/schema.org","@graph":[{"@type":"WebPage","@id":"https:\/\/www.electroluxprofessional.com\/se\/storkok\/herodry-fristaende-tork\/","url":"https:\/\/www.electroluxprofessional.com\/se\/storkok\/herodry-fristaende-tork\/","name":"HeroDry \u2013 Electrolux Professional Sverige","isPartOf":{"@id":"https:\/\/www.electroluxprofessional.com\/se\/#website"},"primaryImageOfPage":{"@id":"https:\/\/www.electroluxprofessional.com\/se\/storkok\/herodry-fristaende-tork\/#primaryimage"},"image":{"@id":"https:\/\/www.electroluxprofessional.com\/se\/storkok\/herodry-fristaende-tork\/#primaryimage"},"thumbnailUrl":"https:\/\/www.electroluxprofessional.com\/se\/wp-content\/uploads\/2023\/08\/HD-featured-image-966x712-1.jpg","datePublished":"2023-08-21T09:03:57+00:00","dateModified":"2025-10-16T07:48:43+00:00","description":"HeroDry \u00e4r en frist\u00e5ende tork f\u00f6r \u00e5teranv\u00e4ndbara muggar och servis. Dina muggar och servis \u00e4r redo att anv\u00e4ndas direkt efter torkningen.","breadcrumb":{"@id":"https:\/\/www.electroluxprofessional.com\/se\/storkok\/herodry-fristaende-tork\/#breadcrumb"},"inLanguage":"sv-SE","potentialAction":[{"@type":"ReadAction","target":["https:\/\/www.electroluxprofessional.com\/se\/storkok\/herodry-fristaende-tork\/"]}]},{"@type":"ImageObject","inLanguage":"sv-SE","@id":"https:\/\/www.electroluxprofessional.com\/se\/storkok\/herodry-fristaende-tork\/#primaryimage","url":"https:\/\/www.electroluxprofessional.com\/se\/wp-content\/uploads\/2023\/08\/HD-featured-image-966x712-1.jpg","contentUrl":"https:\/\/www.electroluxprofessional.com\/se\/wp-content\/uploads\/2023\/08\/HD-featured-image-966x712-1.jpg","width":966,"height":712,"caption":"HeroDry frist\u00e5ende tork f\u00f6r \u00e5tervinningsbara muggar och servis."},{"@type":"BreadcrumbList","@id":"https:\/\/www.electroluxprofessional.com\/se\/storkok\/herodry-fristaende-tork\/#breadcrumb","itemListElement":[{"@type":"ListItem","position":1,"name":"Home","item":"https:\/\/www.electroluxprofessional.com\/se\/"},{"@type":"ListItem","position":2,"name":"Stork\u00f6k","item":"https:\/\/www.electroluxprofessional.com\/se\/storkok\/"},{"@type":"ListItem","position":3,"name":"HeroDry frist\u00e5ende tork"}]},{"@type":"WebSite","@id":"https:\/\/www.electroluxprofessional.com\/se\/#website","url":"https:\/\/www.electroluxprofessional.com\/se\/","name":"Electrolux Professional Sverige","description":"","potentialAction":[{"@type":"SearchAction","target":{"@type":"EntryPoint","urlTemplate":"https:\/\/www.electroluxprofessional.com\/se\/?src={search_term_string}"},"query-input":"required name=search_term_string"}],"inLanguage":"sv-SE"}]}},"_links":{"self":[{"href":"https:\/\/www.electroluxprofessional.com\/se\/wp-json\/wp\/v2\/pages\/48444"}],"collection":[{"href":"https:\/\/www.electroluxprofessional.com\/se\/wp-json\/wp\/v2\/pages"}],"about":[{"href":"https:\/\/www.electroluxprofessional.com\/se\/wp-json\/wp\/v2\/types\/page"}],"author":[{"embeddable":true,"href":"https:\/\/www.electroluxprofessional.com\/se\/wp-json\/wp\/v2\/users\/242"}],"replies":[{"embeddable":true,"href":"https:\/\/www.electroluxprofessional.com\/se\/wp-json\/wp\/v2\/comments?post=48444"}],"version-history":[{"count":51,"href":"https:\/\/www.electroluxprofessional.com\/se\/wp-json\/wp\/v2\/pages\/48444\/revisions"}],"predecessor-version":[{"id":54275,"href":"https:\/\/www.electroluxprofessional.com\/se\/wp-json\/wp\/v2\/pages\/48444\/revisions\/54275"}],"up":[{"embeddable":true,"href":"https:\/\/www.electroluxprofessional.com\/se\/wp-json\/wp\/v2\/pages\/51186"}],"wp:featuredmedia":[{"embeddable":true,"href":"https:\/\/www.electroluxprofessional.com\/se\/wp-json\/wp\/v2\/media\/48428"}],"wp:attachment":[{"href":"https:\/\/www.electroluxprofessional.com\/se\/wp-json\/wp\/v2\/media?parent=48444"}],"curies":[{"name":"wp","href":"https:\/\/api.w.org\/{rel}","templated":true}]}}