{"id":4513,"date":"2017-11-22T13:17:38","date_gmt":"2017-11-22T13:17:38","guid":{"rendered":"https:\/\/www.electroluxprofessional.com\/se\/?page_id=4513"},"modified":"2024-06-24T13:43:06","modified_gmt":"2024-06-24T12:43:06","slug":"tvattips","status":"publish","type":"page","link":"https:\/\/www.electroluxprofessional.com\/se\/tvatt\/tvattips\/","title":{"rendered":"Tv\u00e4ttips"},"content":{"rendered":"<p>[vc_row][vc_column][vc_single_image image=&#8221;21002&#8243; img_size=&#8221;full&#8221; alignment=&#8221;center&#8221;][vc_empty_space][elx_heading font_container=&#8221;h1&#8243; font_size=&#8221;h2&#8243; text_color=&#8221;inherit&#8221;]Tv\u00e4ttips fr\u00e5n Electrolux Professional[\/elx_heading][vc_column_text]<strong>Blod<\/strong><br \/>\nBl\u00f6tl\u00e4gg omedelbart i kallt vatten. Tv\u00e4tta sedan enligt rekommendationerna p\u00e5 plaggets sk\u00f6tselr\u00e5d.<\/p>\n<p><strong>Bl\u00e4ck, kulspetspenna och f\u00e4rgpenna<\/strong><br \/>\nF\u00f6rs\u00f6k f\u00f6rst med ett fl\u00e4ckborttagningsmedel. Hj\u00e4lper det inte, f\u00f6rs\u00f6k med T-sprit. Sk\u00f6lj bort den f\u00e4rg som l\u00f6sts upp. Upprepa tills all f\u00e4rg\/bl\u00e4ck f\u00f6rsvunnit.<\/p>\n<p><strong>B\u00e4r och frukt<\/strong><br \/>\nTv\u00e4tta i 60 \u00b0C om fibrerna till\u00e5ter det. Anv\u00e4nd ett tv\u00e4ttmedel med blekmedel.<\/p>\n<p><strong>Choklad<\/strong><br \/>\nSkrapa f\u00f6rsiktigt bort chokladrester och tv\u00e4tta sedan enligt rekommendationerna p\u00e5 plaggets sk\u00f6tselr\u00e5d. Anv\u00e4nd ett tv\u00e4ttmedel med enzymer och blekmedel. Du kan \u00e4ven frysa plagget och sedan borsta bort chokladresterna f\u00f6re tv\u00e4tt.<\/p>\n<p><strong>Kaffe<\/strong><br \/>\nSk\u00f6lj omedelbart med kallt vatten och tv\u00e4tta sedan enligt rekommendationerna p\u00e5 plaggets sk\u00f6tselr\u00e5d. Anv\u00e4nd tv\u00e4ttmedel med blekmedel, helst vid 60 \u00b0C eller h\u00f6gre.<\/p>\n<p><strong>Ketchup, tomat och gr\u00e4s<\/strong><br \/>\nTv\u00e4tta enligt rekommendationerna p\u00e5 sk\u00f6tselr\u00e5d. Om fl\u00e4cken \u00e4r kvar, tv\u00e4tta omedelbart igen med ett tv\u00e4ttmedel som inneh\u00e5ller blekmedel och g\u00e4rna enzymer (f\u00f6r gr\u00e4s). Du kan \u00e4ven f\u00f6rbehandla med fl\u00e4ckborttagande tv\u00e5l.<\/p>\n<p><strong>K\u00e5da<\/strong><br \/>\nL\u00f6s upp fl\u00e4cken med en trasa fuktad i terpentin. Tv\u00e4tta sedan enligt rekommendationerna p\u00e5 plaggets sk\u00f6tselr\u00e5d.<\/p>\n<p><strong>L\u00e4ppstift<\/strong><br \/>\nF\u00f6rbehandla fl\u00e4cken med flytande diskmedel eller flytande tv\u00e4ttmedel och tv\u00e4tta sedan enligt instruktionerna p\u00e5 plaggets sk\u00f6tselr\u00e5d. Gnugga med tv\u00e5l om fl\u00e4cken inte f\u00f6rsvinner efter tv\u00e4ttning. Ev kan du anv\u00e4nda lacknafta och tv\u00e4tta omedelbart efter\u00e5t\u00a0 enligt plaggets sk\u00f6tselr\u00e5d &#8211; anv\u00e4nd ett tv\u00e4ttmedel med blekmedel.<\/p>\n<p><strong>Olja<\/strong><br \/>\nL\u00f6s upp fl\u00e4cken med ett fettl\u00f6sande medel, som t ex flytande diskmedel, eller flytande tv\u00e4ttmedel. Gnid in med tv\u00e5l och tv\u00e4tta sedan enligt instruktionerna p\u00e5 tv\u00e4ttlappen.<\/p>\n<p><strong>Rost<\/strong><br \/>\nL\u00f6s up fl\u00e4cken i oxalsyra (var f\u00f6rsiktig vid anv\u00e4ndningen). Tv\u00e4tta sedan enligt instruktionerna p\u00e5 plaggets sk\u00f6tselr\u00e5d.<\/p>\n<p><strong>R\u00f6tt vin<\/strong><br \/>\nT\u00e4ck fl\u00e4cken med bordssalt f\u00f6r att absorbera vinet. Tv\u00e4tta sedan enligt instruktionerna p\u00e5 plaggets sk\u00f6tselr\u00e5d, helst med ett tv\u00e4ttmedel som inneh\u00e5ller blekmedel.<\/p>\n<p><strong>Sm\u00f6r och margarin<\/strong><br \/>\nF\u00f6rbehandla tv\u00e4tten med ett fettl\u00f6sande medel, som t ex flytande diskmedel eller flytande tv\u00e4ttmedel. Sk\u00f6lj och tv\u00e4tta sedan enligt instruktionerna p\u00e5 plaggets sk\u00f6tselr\u00e5d.<\/p>\n<p><strong>Stearin<\/strong><br \/>\nSkrapa f\u00f6rsiktigt bort s\u00e5 mycket av stearinet som m\u00f6jligt. Placera dubbla lager av pappershanddukar under och ovanf\u00f6r fl\u00e4cken. Stryk med ett varmt, torrt strykj\u00e4rn s\u00e5 att stearinet sm\u00e4lter. Avl\u00e4gsna sedan fl\u00e4cken med ett fettl\u00f6sande medel, som t ex flytande diskmedel eller flytande tv\u00e4ttmedel.<\/p>\n<p><strong>Svett och deodorant<\/strong><br \/>\nGnid f\u00f6rsiktigt (den ska l\u00f6sas upp men undvik att gnugga f\u00f6r mycket) in fl\u00e4cken med tv\u00e5l och tv\u00e4tta sedan enligt instruktionerna p\u00e5 plaggets sk\u00f6tselr\u00e5d.[\/vc_column_text][vc_column_text][\/vc_column_text][vc_column_text][\/vc_column_text][\/vc_column][\/vc_row][vc_row][vc_column][vc_column_text][vc_raw_js]JTNDJTIxLS0lMjBjbG9zZWQlM0UlM0NsaW5rJTIwcmVsJTNEJTIyc3R5bGVzaGVldCUyMiUyMHR5cGUlM0QlMjJ0ZXh0JTJGY3NzJTIyJTIwaHJlZiUzRCUyMmh0dHBzJTNBJTJGJTJGd3d3LmVwci1hcHBzLmNvbSUyRndpZGdldHMlMkZjb250YWN0cy1hbmQtbG9jYXRvcnMlMkZmb3JtcyUyRm1vYmlsZSUyRmluYyUyRmNzcyUyRm1haW4ubWluLmNzcyUyMiUzRSUwQSUzQ3NjcmlwdCUyMHNyYyUzRCUyMmh0dHBzJTNBJTJGJTJGd3d3LmVwci1hcHBzLmNvbSUyRndpZGdldHMlMkZjb250YWN0cy1hbmQtbG9jYXRvcnMlMkZmb3JtcyUyRm1vYmlsZSUyRnRlYW1yZWdpc3RyYXRpb24lMkZtYWluLm1pbi5qcyUyMiUyMHR5cGUlM0QlMjJ0ZXh0JTJGamF2YXNjcmlwdCUyMiUzRSUzQyUyRnNjcmlwdCUzRSUwQSUzQ3NjcmlwdCUyMHR5cGUlM0QlMjJ0ZXh0JTJGamF2YXNjcmlwdCUyMiUzRSUyRiUyRiUyMCUzQyUyMSU1QkNEQVRBJTVCJTBBdmFyJTIwb21lZ2EyMDAwX3NldHRpbmdzMSUyMCUzRCUyMCU3QiUwQSUyMCUyMCUyMCUyMGVtYWlsc3ViamVjdCUzQSUyMCUyN0VsZWN0cm9sdXglMjBQcm9mZXNzaW9uYWwlM0ElMjBUZWFtJTIwcmVnaXN0cmF0aW9uJTI3JTJDJTBBJTIwJTIwJTIwJTIwZW1haWwlM0ElMjAlMjdtYXJpdXMuc3R1Y2hlbGklNDBlbGVjdHJvbHV4LmNvbSUyNyUyQyUwQSUyMCUyMCUyMCUyMGxhbmd1YWdlJTNBJTIwJTI3ZW4lMjclMkMlMEElMjAlMjAlMjAlMjBjb250YWluZXIlM0ElMjAlMjdlbGVjdHJvbHV4X2lkX3RlYW1zJTI3JTBBJTdEJTBBd2luZG93Lm9ubG9hZCUyMCUzRCUyMG9uTG9hZGJvb3RzdHJhcFRlYW1SZWclMjhvbWVnYTIwMDBfc2V0dGluZ3MxJTI5JTNCJTBBJTJGJTJGJTIwJTVEJTVEJTNFJTNDJTJGc2NyaXB0JTNFJTBBJTNDZGl2JTIwaWQlM0QlMjJlbGVjdHJvbHV4X2lkX3RlYW1zJTIyJTNFJTNDJTJGZGl2JTNFJTNDJTJGJTIxLS0lM0UlMEElMEE=[\/vc_raw_js][\/vc_column_text][\/vc_column][\/vc_row]<\/p>\n","protected":false},"excerpt":{"rendered":"<p>[vc_row][vc_column][vc_single_image image=&#8221;21002&#8243; img_size=&#8221;full&#8221; alignment=&#8221;center&#8221;][vc_empty_space][elx_heading font_container=&#8221;h1&#8243; font_size=&#8221;h2&#8243; text_color=&#8221;inherit&#8221;]Tv\u00e4ttips fr\u00e5n Electrolux Professional[\/elx_heading][vc_column_text]Blod Bl\u00f6tl\u00e4gg omedelbart i kallt vatten. Tv\u00e4tta sedan enligt rekommendationerna p\u00e5 plaggets sk\u00f6tselr\u00e5d. Bl\u00e4ck, kulspetspenna och f\u00e4rgpenna F\u00f6rs\u00f6k f\u00f6rst med ett fl\u00e4ckborttagningsmedel. Hj\u00e4lper det inte, f\u00f6rs\u00f6k med T-sprit. Sk\u00f6lj bort den f\u00e4rg som l\u00f6sts upp. Upprepa tills all f\u00e4rg\/bl\u00e4ck f\u00f6rsvunnit. B\u00e4r och frukt Tv\u00e4tta i 60 [&hellip;]<\/p>\n","protected":false},"author":3,"featured_media":0,"parent":51211,"menu_order":0,"comment_status":"closed","ping_status":"closed","template":"","meta":{"footnotes":""},"class_list":["post-4513","page","type-page","status-publish","hentry"],"acf":[],"yoast_head":"<!-- This site is optimized with the Yoast SEO plugin v23.3 - https:\/\/yoast.com\/wordpress\/plugins\/seo\/ -->\n<title>Tv\u00e4ttips - Electrolux Professional Sverige<\/title>\n<meta name=\"description\" content=\"Tv\u00e4ttips fr\u00e5n Electrolux Professional. H\u00e4r f\u00e5r du tips om hur du f\u00e5r bort olika typer av fl\u00e4ckar.\" \/>\n<meta name=\"robots\" content=\"index, follow, max-snippet:-1, max-image-preview:large, max-video-preview:-1\" \/>\n<link rel=\"canonical\" href=\"https:\/\/www.electroluxprofessional.com\/se\/tvatt\/tvattips\/\" \/>\n<meta property=\"og:locale\" content=\"sv_SE\" \/>\n<meta property=\"og:type\" content=\"article\" \/>\n<meta property=\"og:title\" content=\"Tv\u00e4ttips - Electrolux Professional Sverige\" \/>\n<meta property=\"og:description\" content=\"Tv\u00e4ttips fr\u00e5n Electrolux Professional. H\u00e4r f\u00e5r du tips om hur du f\u00e5r bort olika typer av fl\u00e4ckar.\" \/>\n<meta property=\"og:url\" content=\"https:\/\/www.electroluxprofessional.com\/se\/tvatt\/tvattips\/\" \/>\n<meta property=\"og:site_name\" content=\"Electrolux Professional Sverige\" \/>\n<meta property=\"article:modified_time\" content=\"2024-06-24T12:43:06+00:00\" \/>\n<meta name=\"twitter:card\" content=\"summary_large_image\" \/>\n<meta name=\"twitter:label1\" content=\"Ber\u00e4knad l\u00e4stid\" \/>\n\t<meta name=\"twitter:data1\" content=\"2 minuter\" \/>\n<script type=\"application\/ld+json\" class=\"yoast-schema-graph\">{\"@context\":\"https:\/\/schema.org\",\"@graph\":[{\"@type\":\"WebPage\",\"@id\":\"https:\/\/www.electroluxprofessional.com\/se\/tvatt\/tvattips\/\",\"url\":\"https:\/\/www.electroluxprofessional.com\/se\/tvatt\/tvattips\/\",\"name\":\"Tv\u00e4ttips - Electrolux Professional Sverige\",\"isPartOf\":{\"@id\":\"https:\/\/www.electroluxprofessional.com\/se\/#website\"},\"datePublished\":\"2017-11-22T13:17:38+00:00\",\"dateModified\":\"2024-06-24T12:43:06+00:00\",\"description\":\"Tv\u00e4ttips fr\u00e5n Electrolux Professional. H\u00e4r f\u00e5r du tips om hur du f\u00e5r bort olika typer av fl\u00e4ckar.\",\"breadcrumb\":{\"@id\":\"https:\/\/www.electroluxprofessional.com\/se\/tvatt\/tvattips\/#breadcrumb\"},\"inLanguage\":\"sv-SE\",\"potentialAction\":[{\"@type\":\"ReadAction\",\"target\":[\"https:\/\/www.electroluxprofessional.com\/se\/tvatt\/tvattips\/\"]}]},{\"@type\":\"BreadcrumbList\",\"@id\":\"https:\/\/www.electroluxprofessional.com\/se\/tvatt\/tvattips\/#breadcrumb\",\"itemListElement\":[{\"@type\":\"ListItem\",\"position\":1,\"name\":\"Home\",\"item\":\"https:\/\/www.electroluxprofessional.com\/se\/\"},{\"@type\":\"ListItem\",\"position\":2,\"name\":\"Tv\u00e4tt\",\"item\":\"https:\/\/www.electroluxprofessional.com\/se\/tvatt\/\"},{\"@type\":\"ListItem\",\"position\":3,\"name\":\"Tv\u00e4ttips\"}]},{\"@type\":\"WebSite\",\"@id\":\"https:\/\/www.electroluxprofessional.com\/se\/#website\",\"url\":\"https:\/\/www.electroluxprofessional.com\/se\/\",\"name\":\"Electrolux Professional Sverige\",\"description\":\"\",\"potentialAction\":[{\"@type\":\"SearchAction\",\"target\":{\"@type\":\"EntryPoint\",\"urlTemplate\":\"https:\/\/www.electroluxprofessional.com\/se\/?src={search_term_string}\"},\"query-input\":\"required name=search_term_string\"}],\"inLanguage\":\"sv-SE\"}]}<\/script>\n<!-- \/ Yoast SEO plugin. -->","yoast_head_json":{"title":"Tv\u00e4ttips - Electrolux Professional Sverige","description":"Tv\u00e4ttips fr\u00e5n Electrolux Professional. H\u00e4r f\u00e5r du tips om hur du f\u00e5r bort olika typer av fl\u00e4ckar.","robots":{"index":"index","follow":"follow","max-snippet":"max-snippet:-1","max-image-preview":"max-image-preview:large","max-video-preview":"max-video-preview:-1"},"canonical":"https:\/\/www.electroluxprofessional.com\/se\/tvatt\/tvattips\/","og_locale":"sv_SE","og_type":"article","og_title":"Tv\u00e4ttips - Electrolux Professional Sverige","og_description":"Tv\u00e4ttips fr\u00e5n Electrolux Professional. H\u00e4r f\u00e5r du tips om hur du f\u00e5r bort olika typer av fl\u00e4ckar.","og_url":"https:\/\/www.electroluxprofessional.com\/se\/tvatt\/tvattips\/","og_site_name":"Electrolux Professional Sverige","article_modified_time":"2024-06-24T12:43:06+00:00","twitter_card":"summary_large_image","twitter_misc":{"Ber\u00e4knad l\u00e4stid":"2 minuter"},"schema":{"@context":"https:\/\/schema.org","@graph":[{"@type":"WebPage","@id":"https:\/\/www.electroluxprofessional.com\/se\/tvatt\/tvattips\/","url":"https:\/\/www.electroluxprofessional.com\/se\/tvatt\/tvattips\/","name":"Tv\u00e4ttips - Electrolux Professional Sverige","isPartOf":{"@id":"https:\/\/www.electroluxprofessional.com\/se\/#website"},"datePublished":"2017-11-22T13:17:38+00:00","dateModified":"2024-06-24T12:43:06+00:00","description":"Tv\u00e4ttips fr\u00e5n Electrolux Professional. H\u00e4r f\u00e5r du tips om hur du f\u00e5r bort olika typer av fl\u00e4ckar.","breadcrumb":{"@id":"https:\/\/www.electroluxprofessional.com\/se\/tvatt\/tvattips\/#breadcrumb"},"inLanguage":"sv-SE","potentialAction":[{"@type":"ReadAction","target":["https:\/\/www.electroluxprofessional.com\/se\/tvatt\/tvattips\/"]}]},{"@type":"BreadcrumbList","@id":"https:\/\/www.electroluxprofessional.com\/se\/tvatt\/tvattips\/#breadcrumb","itemListElement":[{"@type":"ListItem","position":1,"name":"Home","item":"https:\/\/www.electroluxprofessional.com\/se\/"},{"@type":"ListItem","position":2,"name":"Tv\u00e4tt","item":"https:\/\/www.electroluxprofessional.com\/se\/tvatt\/"},{"@type":"ListItem","position":3,"name":"Tv\u00e4ttips"}]},{"@type":"WebSite","@id":"https:\/\/www.electroluxprofessional.com\/se\/#website","url":"https:\/\/www.electroluxprofessional.com\/se\/","name":"Electrolux Professional Sverige","description":"","potentialAction":[{"@type":"SearchAction","target":{"@type":"EntryPoint","urlTemplate":"https:\/\/www.electroluxprofessional.com\/se\/?src={search_term_string}"},"query-input":"required name=search_term_string"}],"inLanguage":"sv-SE"}]}},"_links":{"self":[{"href":"https:\/\/www.electroluxprofessional.com\/se\/wp-json\/wp\/v2\/pages\/4513"}],"collection":[{"href":"https:\/\/www.electroluxprofessional.com\/se\/wp-json\/wp\/v2\/pages"}],"about":[{"href":"https:\/\/www.electroluxprofessional.com\/se\/wp-json\/wp\/v2\/types\/page"}],"author":[{"embeddable":true,"href":"https:\/\/www.electroluxprofessional.com\/se\/wp-json\/wp\/v2\/users\/3"}],"replies":[{"embeddable":true,"href":"https:\/\/www.electroluxprofessional.com\/se\/wp-json\/wp\/v2\/comments?post=4513"}],"version-history":[{"count":9,"href":"https:\/\/www.electroluxprofessional.com\/se\/wp-json\/wp\/v2\/pages\/4513\/revisions"}],"predecessor-version":[{"id":21005,"href":"https:\/\/www.electroluxprofessional.com\/se\/wp-json\/wp\/v2\/pages\/4513\/revisions\/21005"}],"up":[{"embeddable":true,"href":"https:\/\/www.electroluxprofessional.com\/se\/wp-json\/wp\/v2\/pages\/51211"}],"wp:attachment":[{"href":"https:\/\/www.electroluxprofessional.com\/se\/wp-json\/wp\/v2\/media?parent=4513"}],"curies":[{"name":"wp","href":"https:\/\/api.w.org\/{rel}","templated":true}]}}