{"id":4111,"date":"2017-06-16T11:42:47","date_gmt":"2017-06-16T11:42:47","guid":{"rendered":"https:\/\/www.electroluxprofessional.com\/se\/?page_id=4111"},"modified":"2024-07-11T08:52:42","modified_gmt":"2024-07-11T07:52:42","slug":"showroomljungby","status":"publish","type":"page","link":"https:\/\/www.electroluxprofessional.com\/se\/showroomljungby\/","title":{"rendered":"Showroom"},"content":{"rendered":"<p>[vc_row][vc_column][vc_single_image image=&#8221;4141&#8243; img_size=&#8221;full&#8221; alignment=&#8221;center&#8221;][vc_empty_space][elx_heading font_container=&#8221;h1&#8243; font_size=&#8221;h2&#8243; text_color=&#8221;inherit&#8221;]Bes\u00f6k Electrolux Professional i Ljungby[\/elx_heading][vc_column_text]Bes\u00f6k v\u00e5rt Center of Excellence i sm\u00e5l\u00e4ndska Ljungby! Vi erbjuder rundvandringar i v\u00e5r moderna fabrik d\u00e4r vi tillverkar v\u00e5r professionella tv\u00e4ttutrustning. I v\u00e5rt showroom kan ni se och prova v\u00e5ra produkter, bland annat finns m\u00f6jlighet att prova v\u00e5rt vattenbaserade alternativ till kemtv\u00e4tt, lagoon Advanced Care. Vi kan ocks\u00e5 erbjuda f\u00f6rel\u00e4sningar p\u00e5 olika teman.[\/vc_column_text][vc_empty_space][vc_column_text]<strong>Fabriksvisningar<\/strong><br \/>\nGuidade turer erbjuds vissa dagar och bokas minst tv\u00e5 veckor i f\u00f6rv\u00e4g. Kontakta oss om du \u00e4r intresserad av en visning, s\u00e5 hj\u00e4lper vi till med bokningen.[\/vc_column_text][vc_empty_space][vc_column_text]<strong>Seminarier<\/strong><br \/>\nKombinera g\u00e4rna ditt bes\u00f6k med ett seminarium, t ex om tv\u00e4tteknik eller framtidens h\u00e5llbara tv\u00e4ttl\u00f6sningar. Kontakta oss s\u00e5 skr\u00e4ddarsyr vi en bra l\u00f6sning.[\/vc_column_text][vc_empty_space][vc_column_text]<strong>Anv\u00e4nd v\u00e5ra lokaler<\/strong><br \/>\nSitter du i styrelsen i ett fastighetsbolag eller en bostadsr\u00e4ttsf\u00f6rening? Varf\u00f6r inte f\u00f6rl\u00e4gga n\u00e4sta styrelsem\u00f6te i v\u00e5ra fr\u00e4scha lokaler i Ljungby? Vi bjuder p\u00e5 kaffe och fika samt\u00a0m\u00f6jligheten att kombinera m\u00f6tet\u00a0med ett seminarie och\u00a0en rundtur i fabriken\/ showroomet.[\/vc_column_text][\/vc_column][\/vc_row][vc_row][vc_column][elx_heading text_color=&#8221;inherit&#8221;]Kontakta oss[\/elx_heading][elx_o2000_contact_us s=&#8221;Anm\u00e4lan till bes\u00f6k i showroom&#8221; country=&#8221;Sweden&#8221; b=&#8221;laundry&#8221; container=&#8221;elxcontactus1497425173&#8243; r=&#8221;Jag \u00e4r intresserad av att bes\u00f6ka ert showroom\/er fabrik. Kontakta mig!&#8221; e=&#8221;anna.kalebsson@electroluxprofessional.com&#8221; l=&#8221;se&#8221;][\/vc_column][\/vc_row]<\/p>\n","protected":false},"excerpt":{"rendered":"<p>[vc_row][vc_column][vc_single_image image=&#8221;4141&#8243; img_size=&#8221;full&#8221; alignment=&#8221;center&#8221;][vc_empty_space][elx_heading font_container=&#8221;h1&#8243; font_size=&#8221;h2&#8243; text_color=&#8221;inherit&#8221;]Bes\u00f6k Electrolux Professional i Ljungby[\/elx_heading][vc_column_text]Bes\u00f6k v\u00e5rt Center of Excellence i sm\u00e5l\u00e4ndska Ljungby! Vi erbjuder rundvandringar i v\u00e5r moderna fabrik d\u00e4r vi tillverkar v\u00e5r professionella tv\u00e4ttutrustning. I v\u00e5rt showroom kan ni se och prova v\u00e5ra produkter, bland annat finns m\u00f6jlighet att prova v\u00e5rt vattenbaserade alternativ till kemtv\u00e4tt, lagoon Advanced Care. [&hellip;]<\/p>\n","protected":false},"author":3,"featured_media":0,"parent":0,"menu_order":0,"comment_status":"closed","ping_status":"closed","template":"","meta":{"footnotes":""},"class_list":["post-4111","page","type-page","status-publish","hentry"],"acf":[],"yoast_head":"<!-- This site is optimized with the Yoast SEO plugin v23.3 - https:\/\/yoast.com\/wordpress\/plugins\/seo\/ -->\n<title>Showroom Ljungby Electrolux Professional Laundry<\/title>\n<meta name=\"description\" content=\"Bes\u00f6k v\u00e5r fabrik och v\u00e5rt showroom i Ljungby\" \/>\n<meta name=\"robots\" content=\"index, follow, max-snippet:-1, max-image-preview:large, max-video-preview:-1\" \/>\n<link rel=\"canonical\" href=\"https:\/\/www.electroluxprofessional.com\/se\/showroomljungby\/\" \/>\n<meta property=\"og:locale\" content=\"sv_SE\" \/>\n<meta property=\"og:type\" content=\"article\" \/>\n<meta property=\"og:title\" content=\"Showroom Ljungby Electrolux Professional Laundry\" \/>\n<meta property=\"og:description\" content=\"Bes\u00f6k v\u00e5r fabrik och v\u00e5rt showroom i Ljungby\" \/>\n<meta property=\"og:url\" content=\"https:\/\/www.electroluxprofessional.com\/se\/showroomljungby\/\" \/>\n<meta property=\"og:site_name\" content=\"Electrolux Professional Sverige\" \/>\n<meta property=\"article:modified_time\" content=\"2024-07-11T07:52:42+00:00\" \/>\n<meta name=\"twitter:card\" content=\"summary_large_image\" \/>\n<meta name=\"twitter:label1\" content=\"Ber\u00e4knad l\u00e4stid\" \/>\n\t<meta name=\"twitter:data1\" content=\"1 minut\" \/>\n<script type=\"application\/ld+json\" class=\"yoast-schema-graph\">{\"@context\":\"https:\/\/schema.org\",\"@graph\":[{\"@type\":\"WebPage\",\"@id\":\"https:\/\/www.electroluxprofessional.com\/se\/showroomljungby\/\",\"url\":\"https:\/\/www.electroluxprofessional.com\/se\/showroomljungby\/\",\"name\":\"Showroom Ljungby Electrolux Professional Laundry\",\"isPartOf\":{\"@id\":\"https:\/\/www.electroluxprofessional.com\/se\/#website\"},\"datePublished\":\"2017-06-16T11:42:47+00:00\",\"dateModified\":\"2024-07-11T07:52:42+00:00\",\"description\":\"Bes\u00f6k v\u00e5r fabrik och v\u00e5rt showroom i Ljungby\",\"breadcrumb\":{\"@id\":\"https:\/\/www.electroluxprofessional.com\/se\/showroomljungby\/#breadcrumb\"},\"inLanguage\":\"sv-SE\",\"potentialAction\":[{\"@type\":\"ReadAction\",\"target\":[\"https:\/\/www.electroluxprofessional.com\/se\/showroomljungby\/\"]}]},{\"@type\":\"BreadcrumbList\",\"@id\":\"https:\/\/www.electroluxprofessional.com\/se\/showroomljungby\/#breadcrumb\",\"itemListElement\":[{\"@type\":\"ListItem\",\"position\":1,\"name\":\"Home\",\"item\":\"https:\/\/www.electroluxprofessional.com\/se\/\"},{\"@type\":\"ListItem\",\"position\":2,\"name\":\"Showroom\"}]},{\"@type\":\"WebSite\",\"@id\":\"https:\/\/www.electroluxprofessional.com\/se\/#website\",\"url\":\"https:\/\/www.electroluxprofessional.com\/se\/\",\"name\":\"Electrolux Professional Sverige\",\"description\":\"\",\"potentialAction\":[{\"@type\":\"SearchAction\",\"target\":{\"@type\":\"EntryPoint\",\"urlTemplate\":\"https:\/\/www.electroluxprofessional.com\/se\/?src={search_term_string}\"},\"query-input\":\"required name=search_term_string\"}],\"inLanguage\":\"sv-SE\"}]}<\/script>\n<!-- \/ Yoast SEO plugin. -->","yoast_head_json":{"title":"Showroom Ljungby Electrolux Professional Laundry","description":"Bes\u00f6k v\u00e5r fabrik och v\u00e5rt showroom i Ljungby","robots":{"index":"index","follow":"follow","max-snippet":"max-snippet:-1","max-image-preview":"max-image-preview:large","max-video-preview":"max-video-preview:-1"},"canonical":"https:\/\/www.electroluxprofessional.com\/se\/showroomljungby\/","og_locale":"sv_SE","og_type":"article","og_title":"Showroom Ljungby Electrolux Professional Laundry","og_description":"Bes\u00f6k v\u00e5r fabrik och v\u00e5rt showroom i Ljungby","og_url":"https:\/\/www.electroluxprofessional.com\/se\/showroomljungby\/","og_site_name":"Electrolux Professional Sverige","article_modified_time":"2024-07-11T07:52:42+00:00","twitter_card":"summary_large_image","twitter_misc":{"Ber\u00e4knad l\u00e4stid":"1 minut"},"schema":{"@context":"https:\/\/schema.org","@graph":[{"@type":"WebPage","@id":"https:\/\/www.electroluxprofessional.com\/se\/showroomljungby\/","url":"https:\/\/www.electroluxprofessional.com\/se\/showroomljungby\/","name":"Showroom Ljungby Electrolux Professional Laundry","isPartOf":{"@id":"https:\/\/www.electroluxprofessional.com\/se\/#website"},"datePublished":"2017-06-16T11:42:47+00:00","dateModified":"2024-07-11T07:52:42+00:00","description":"Bes\u00f6k v\u00e5r fabrik och v\u00e5rt showroom i Ljungby","breadcrumb":{"@id":"https:\/\/www.electroluxprofessional.com\/se\/showroomljungby\/#breadcrumb"},"inLanguage":"sv-SE","potentialAction":[{"@type":"ReadAction","target":["https:\/\/www.electroluxprofessional.com\/se\/showroomljungby\/"]}]},{"@type":"BreadcrumbList","@id":"https:\/\/www.electroluxprofessional.com\/se\/showroomljungby\/#breadcrumb","itemListElement":[{"@type":"ListItem","position":1,"name":"Home","item":"https:\/\/www.electroluxprofessional.com\/se\/"},{"@type":"ListItem","position":2,"name":"Showroom"}]},{"@type":"WebSite","@id":"https:\/\/www.electroluxprofessional.com\/se\/#website","url":"https:\/\/www.electroluxprofessional.com\/se\/","name":"Electrolux Professional Sverige","description":"","potentialAction":[{"@type":"SearchAction","target":{"@type":"EntryPoint","urlTemplate":"https:\/\/www.electroluxprofessional.com\/se\/?src={search_term_string}"},"query-input":"required name=search_term_string"}],"inLanguage":"sv-SE"}]}},"_links":{"self":[{"href":"https:\/\/www.electroluxprofessional.com\/se\/wp-json\/wp\/v2\/pages\/4111"}],"collection":[{"href":"https:\/\/www.electroluxprofessional.com\/se\/wp-json\/wp\/v2\/pages"}],"about":[{"href":"https:\/\/www.electroluxprofessional.com\/se\/wp-json\/wp\/v2\/types\/page"}],"author":[{"embeddable":true,"href":"https:\/\/www.electroluxprofessional.com\/se\/wp-json\/wp\/v2\/users\/3"}],"replies":[{"embeddable":true,"href":"https:\/\/www.electroluxprofessional.com\/se\/wp-json\/wp\/v2\/comments?post=4111"}],"version-history":[{"count":18,"href":"https:\/\/www.electroluxprofessional.com\/se\/wp-json\/wp\/v2\/pages\/4111\/revisions"}],"predecessor-version":[{"id":51742,"href":"https:\/\/www.electroluxprofessional.com\/se\/wp-json\/wp\/v2\/pages\/4111\/revisions\/51742"}],"wp:attachment":[{"href":"https:\/\/www.electroluxprofessional.com\/se\/wp-json\/wp\/v2\/media?parent=4111"}],"curies":[{"name":"wp","href":"https:\/\/api.w.org\/{rel}","templated":true}]}}