{"id":4036,"date":"2017-05-24T15:01:10","date_gmt":"2017-05-24T15:01:10","guid":{"rendered":"https:\/\/www.electroluxprofessional.com\/se\/?page_id=4036"},"modified":"2023-05-04T14:40:15","modified_gmt":"2023-05-04T13:40:15","slug":"kringutrustning","status":"publish","type":"page","link":"https:\/\/www.electroluxprofessional.com\/se\/kringutrustning\/","title":{"rendered":"Kringutrustning"},"content":{"rendered":"<p>[vc_row full_width=&#8221;electroluxpro-full-width-no-padding&#8221;][vc_column][elx_hero_slider text_position=&#8221;hero_slider_text_align_right&#8221; label_text_color=&#8221;inherit&#8221; images=&#8221;3973&#8243;][elx_heading font_container=&#8221;h1&#8243; font_size=&#8221;h3&#8243; text_color=&#8221;inherit&#8221;]Kringutrustning[\/elx_heading][elx_heading font_size=&#8221;h4&#8243; text_color=&#8221;inherit&#8221;]Effektivisera ditt diskomr\u00e5de[\/elx_heading][\/elx_hero_slider][\/vc_column][\/vc_row][vc_row][vc_column][vc_empty_space][elx_heading font_size=&#8221;h2&#8243; text_color=&#8221;inherit&#8221; text_align=&#8221;text-center&#8221;]Ta fram den optimala kombinationen av skr\u00e4ddarsydd kringutrustning f\u00f6r din tunneldiskmaskin.[\/elx_heading][vc_empty_space][\/vc_column][\/vc_row][vc_row][vc_column width=&#8221;1\/4&#8243;][vc_single_image image=&#8221;3989&#8243; img_size=&#8221;full&#8221;][\/vc_column][vc_column width=&#8221;1\/4&#8243;][vc_empty_space][vc_column_text]<\/p>\n<h5><b>18 Diskb\u00e4nkar<\/b>\u00a0i l\u00e4ngder upp till 1.6m<\/h5>\n<p>[\/vc_column_text][\/vc_column][vc_column width=&#8221;1\/4&#8243;][vc_single_image image=&#8221;3990&#8243; img_size=&#8221;full&#8221;][\/vc_column][vc_column width=&#8221;1\/4&#8243;][vc_empty_space][vc_column_text]<\/p>\n<h5><b>3 Utmatningsb\u00e4nkar\u00a0<\/b>i l\u00e4ngder upp till 1.6m<\/h5>\n<p>[\/vc_column_text][\/vc_column][\/vc_row][vc_row][vc_column width=&#8221;1\/4&#8243;][vc_single_image image=&#8221;3991&#8243; img_size=&#8221;full&#8221;][\/vc_column][vc_column width=&#8221;1\/4&#8243;][vc_empty_space][vc_column_text]<\/p>\n<h5><b>12 Rullbanor<\/b>\u00a0i l\u00e4ngder upp till 2.6m<\/h5>\n<p>[\/vc_column_text][\/vc_column][vc_column width=&#8221;1\/4&#8243;][vc_single_image image=&#8221;3992&#8243; img_size=&#8221;full&#8221;][\/vc_column][vc_column width=&#8221;1\/4&#8243;][vc_empty_space][vc_column_text]<\/p>\n<h5><b>6 Drivna kurvor<\/b>\u00a0tillg\u00e4ngliga i 90\u00b0 och 180\u00b0<\/h5>\n<p>[\/vc_column_text][\/vc_column][\/vc_row][vc_row][vc_column width=&#8221;1\/4&#8243;][vc_single_image image=&#8221;3993&#8243; img_size=&#8221;full&#8221;][\/vc_column][vc_column width=&#8221;1\/4&#8243;][vc_empty_space][vc_column_text]<\/p>\n<h5><b>50\u00a0Stackningsb\u00e4nkar<\/b>\u00a0tillg\u00e4ngliga som manuell eller automatisk sortering f\u00f6r upp till 6 korgar<\/h5>\n<p>[\/vc_column_text][\/vc_column][vc_column width=&#8221;1\/4&#8243;][vc_single_image image=&#8221;3994&#8243; img_size=&#8221;full&#8221;][\/vc_column][vc_column width=&#8221;1\/4&#8243;][vc_empty_space][vc_column_text]<\/p>\n<h5><b>28 Olika motordrivna b\u00e4nkar<\/b> f\u00f6r b\u00e5de brickor och korgar som kan kombineras i m\u00e5nga varianter<\/h5>\n<p>[\/vc_column_text][\/vc_column][\/vc_row][vc_row][vc_column width=&#8221;1\/2&#8243;][vc_empty_space][elx_download_block text=&#8221;Broschyr tunneldiskmaskiner med singel &amp; dubbel slutsk\u00f6ljning&#8221; document_type=&#8221;brochures&#8221; link=&#8221;https:\/\/tools.professional.electrolux.com\/Mirror\/Doc\/BR\/BR_BR-9JE00148_1_5_1_2_brochure-single%20rinse-racktype-ENG-LOW-RES.pdf&#8221; background_color=&#8221;cat-clean&#8221; br_document_number=&#8221;BR-9JE00164&#8243;][vc_empty_space][elx_download_block text=&#8221;Broschyr Tunneldiskmaskiner med multi slutsk\u00f6ljning&#8221; document_type=&#8221;brochures&#8221; background_color=&#8221;cat-clean&#8221; br_document_number=&#8221;BR-9JE00124&#8243;][\/vc_column][vc_column width=&#8221;1\/2&#8243;][vc_empty_space][vc_empty_space][elx_button button_text=&#8221;Se v\u00e5ra tunneldiskmaskiner&#8221; button_link=&#8221;url:https%3A%2F%2Fwww.electroluxprofessional.com%2Fse%2Ftunneldiskmaskin%2F|title:green%26clean%20tunneldiskmaskiner&#8221;][\/vc_column][\/vc_row][vc_row][vc_column][vc_empty_space][elx_heading text_color=&#8221;inherit&#8221;]Vill du veta mer? Kontakta oss![\/elx_heading][elx_o2000_contact_us s=&#8221;Request of information about handling system for Tunneldiskmaskin Kringutrustning&#8221; country=&#8221;Sweden&#8221; container=&#8221;elxcontactus1488377821&#8243; r=&#8221;Jag skulle vilja veta mer om kringutrustning f\u00f6r Tunneldiskmaskin. V\u00e4nligen kontakta mig.&#8221; l=&#8221;se&#8221; e=&#8221;anders.norell@electrolux.com&#8221;][vc_empty_space][\/vc_column][\/vc_row]<\/p>\n","protected":false},"excerpt":{"rendered":"<p>[vc_row full_width=&#8221;electroluxpro-full-width-no-padding&#8221;][vc_column][elx_hero_slider text_position=&#8221;hero_slider_text_align_right&#8221; label_text_color=&#8221;inherit&#8221; images=&#8221;3973&#8243;][elx_heading font_container=&#8221;h1&#8243; font_size=&#8221;h3&#8243; text_color=&#8221;inherit&#8221;]Kringutrustning[\/elx_heading][elx_heading font_size=&#8221;h4&#8243; text_color=&#8221;inherit&#8221;]Effektivisera ditt diskomr\u00e5de[\/elx_heading][\/elx_hero_slider][\/vc_column][\/vc_row][vc_row][vc_column][vc_empty_space][elx_heading font_size=&#8221;h2&#8243; text_color=&#8221;inherit&#8221; text_align=&#8221;text-center&#8221;]Ta fram den optimala kombinationen av skr\u00e4ddarsydd kringutrustning f\u00f6r din tunneldiskmaskin.[\/elx_heading][vc_empty_space][\/vc_column][\/vc_row][vc_row][vc_column width=&#8221;1\/4&#8243;][vc_single_image image=&#8221;3989&#8243; img_size=&#8221;full&#8221;][\/vc_column][vc_column width=&#8221;1\/4&#8243;][vc_empty_space][vc_column_text] 18 Diskb\u00e4nkar\u00a0i l\u00e4ngder upp till 1.6m [\/vc_column_text][\/vc_column][vc_column width=&#8221;1\/4&#8243;][vc_single_image image=&#8221;3990&#8243; img_size=&#8221;full&#8221;][\/vc_column][vc_column width=&#8221;1\/4&#8243;][vc_empty_space][vc_column_text] 3 Utmatningsb\u00e4nkar\u00a0i l\u00e4ngder upp till 1.6m [\/vc_column_text][\/vc_column][\/vc_row][vc_row][vc_column width=&#8221;1\/4&#8243;][vc_single_image image=&#8221;3991&#8243; img_size=&#8221;full&#8221;][\/vc_column][vc_column width=&#8221;1\/4&#8243;][vc_empty_space][vc_column_text] 12 Rullbanor\u00a0i l\u00e4ngder upp [&hellip;]<\/p>\n","protected":false},"author":4,"featured_media":0,"parent":0,"menu_order":0,"comment_status":"closed","ping_status":"closed","template":"","meta":{"footnotes":""},"class_list":["post-4036","page","type-page","status-publish","hentry"],"acf":[],"yoast_head":"<!-- This site is optimized with the Yoast SEO plugin v23.3 - https:\/\/yoast.com\/wordpress\/plugins\/seo\/ -->\n<title>Kringutrustning f\u00f6r tunneldiskmaskiner - Electrolux Professional<\/title>\n<meta name=\"description\" content=\"Ta fram den optimala kombinationen av kringutrustning med made to measure&#039;s m\u00e5nga olika alternativ f\u00f6r din diskmaskin.\" \/>\n<meta name=\"robots\" content=\"index, follow, max-snippet:-1, max-image-preview:large, max-video-preview:-1\" \/>\n<link rel=\"canonical\" href=\"https:\/\/www.electroluxprofessional.com\/se\/kringutrustning\/\" \/>\n<meta property=\"og:locale\" content=\"sv_SE\" \/>\n<meta property=\"og:type\" content=\"article\" \/>\n<meta property=\"og:title\" content=\"Kringutrustning f\u00f6r tunneldiskmaskiner - Electrolux Professional\" \/>\n<meta property=\"og:description\" content=\"Ta fram den optimala kombinationen av kringutrustning med made to measure&#039;s m\u00e5nga olika alternativ f\u00f6r din diskmaskin.\" \/>\n<meta property=\"og:url\" content=\"https:\/\/www.electroluxprofessional.com\/se\/kringutrustning\/\" \/>\n<meta property=\"og:site_name\" content=\"Electrolux Professional Sverige\" \/>\n<meta property=\"article:modified_time\" content=\"2023-05-04T13:40:15+00:00\" \/>\n<meta name=\"twitter:card\" content=\"summary_large_image\" \/>\n<meta name=\"twitter:label1\" content=\"Ber\u00e4knad l\u00e4stid\" \/>\n\t<meta name=\"twitter:data1\" content=\"3 minuter\" \/>\n<script type=\"application\/ld+json\" class=\"yoast-schema-graph\">{\"@context\":\"https:\/\/schema.org\",\"@graph\":[{\"@type\":\"WebPage\",\"@id\":\"https:\/\/www.electroluxprofessional.com\/se\/kringutrustning\/\",\"url\":\"https:\/\/www.electroluxprofessional.com\/se\/kringutrustning\/\",\"name\":\"Kringutrustning f\u00f6r tunneldiskmaskiner - Electrolux Professional\",\"isPartOf\":{\"@id\":\"https:\/\/www.electroluxprofessional.com\/se\/#website\"},\"datePublished\":\"2017-05-24T15:01:10+00:00\",\"dateModified\":\"2023-05-04T13:40:15+00:00\",\"description\":\"Ta fram den optimala kombinationen av kringutrustning med made to measure's m\u00e5nga olika alternativ f\u00f6r din diskmaskin.\",\"breadcrumb\":{\"@id\":\"https:\/\/www.electroluxprofessional.com\/se\/kringutrustning\/#breadcrumb\"},\"inLanguage\":\"sv-SE\",\"potentialAction\":[{\"@type\":\"ReadAction\",\"target\":[\"https:\/\/www.electroluxprofessional.com\/se\/kringutrustning\/\"]}]},{\"@type\":\"BreadcrumbList\",\"@id\":\"https:\/\/www.electroluxprofessional.com\/se\/kringutrustning\/#breadcrumb\",\"itemListElement\":[{\"@type\":\"ListItem\",\"position\":1,\"name\":\"Home\",\"item\":\"https:\/\/www.electroluxprofessional.com\/se\/\"},{\"@type\":\"ListItem\",\"position\":2,\"name\":\"Kringutrustning\"}]},{\"@type\":\"WebSite\",\"@id\":\"https:\/\/www.electroluxprofessional.com\/se\/#website\",\"url\":\"https:\/\/www.electroluxprofessional.com\/se\/\",\"name\":\"Electrolux Professional Sverige\",\"description\":\"\",\"potentialAction\":[{\"@type\":\"SearchAction\",\"target\":{\"@type\":\"EntryPoint\",\"urlTemplate\":\"https:\/\/www.electroluxprofessional.com\/se\/?src={search_term_string}\"},\"query-input\":\"required name=search_term_string\"}],\"inLanguage\":\"sv-SE\"}]}<\/script>\n<!-- \/ Yoast SEO plugin. -->","yoast_head_json":{"title":"Kringutrustning f\u00f6r tunneldiskmaskiner - Electrolux Professional","description":"Ta fram den optimala kombinationen av kringutrustning med made to measure's m\u00e5nga olika alternativ f\u00f6r din diskmaskin.","robots":{"index":"index","follow":"follow","max-snippet":"max-snippet:-1","max-image-preview":"max-image-preview:large","max-video-preview":"max-video-preview:-1"},"canonical":"https:\/\/www.electroluxprofessional.com\/se\/kringutrustning\/","og_locale":"sv_SE","og_type":"article","og_title":"Kringutrustning f\u00f6r tunneldiskmaskiner - Electrolux Professional","og_description":"Ta fram den optimala kombinationen av kringutrustning med made to measure's m\u00e5nga olika alternativ f\u00f6r din diskmaskin.","og_url":"https:\/\/www.electroluxprofessional.com\/se\/kringutrustning\/","og_site_name":"Electrolux Professional Sverige","article_modified_time":"2023-05-04T13:40:15+00:00","twitter_card":"summary_large_image","twitter_misc":{"Ber\u00e4knad l\u00e4stid":"3 minuter"},"schema":{"@context":"https:\/\/schema.org","@graph":[{"@type":"WebPage","@id":"https:\/\/www.electroluxprofessional.com\/se\/kringutrustning\/","url":"https:\/\/www.electroluxprofessional.com\/se\/kringutrustning\/","name":"Kringutrustning f\u00f6r tunneldiskmaskiner - Electrolux Professional","isPartOf":{"@id":"https:\/\/www.electroluxprofessional.com\/se\/#website"},"datePublished":"2017-05-24T15:01:10+00:00","dateModified":"2023-05-04T13:40:15+00:00","description":"Ta fram den optimala kombinationen av kringutrustning med made to measure's m\u00e5nga olika alternativ f\u00f6r din diskmaskin.","breadcrumb":{"@id":"https:\/\/www.electroluxprofessional.com\/se\/kringutrustning\/#breadcrumb"},"inLanguage":"sv-SE","potentialAction":[{"@type":"ReadAction","target":["https:\/\/www.electroluxprofessional.com\/se\/kringutrustning\/"]}]},{"@type":"BreadcrumbList","@id":"https:\/\/www.electroluxprofessional.com\/se\/kringutrustning\/#breadcrumb","itemListElement":[{"@type":"ListItem","position":1,"name":"Home","item":"https:\/\/www.electroluxprofessional.com\/se\/"},{"@type":"ListItem","position":2,"name":"Kringutrustning"}]},{"@type":"WebSite","@id":"https:\/\/www.electroluxprofessional.com\/se\/#website","url":"https:\/\/www.electroluxprofessional.com\/se\/","name":"Electrolux Professional Sverige","description":"","potentialAction":[{"@type":"SearchAction","target":{"@type":"EntryPoint","urlTemplate":"https:\/\/www.electroluxprofessional.com\/se\/?src={search_term_string}"},"query-input":"required name=search_term_string"}],"inLanguage":"sv-SE"}]}},"_links":{"self":[{"href":"https:\/\/www.electroluxprofessional.com\/se\/wp-json\/wp\/v2\/pages\/4036"}],"collection":[{"href":"https:\/\/www.electroluxprofessional.com\/se\/wp-json\/wp\/v2\/pages"}],"about":[{"href":"https:\/\/www.electroluxprofessional.com\/se\/wp-json\/wp\/v2\/types\/page"}],"author":[{"embeddable":true,"href":"https:\/\/www.electroluxprofessional.com\/se\/wp-json\/wp\/v2\/users\/4"}],"replies":[{"embeddable":true,"href":"https:\/\/www.electroluxprofessional.com\/se\/wp-json\/wp\/v2\/comments?post=4036"}],"version-history":[{"count":16,"href":"https:\/\/www.electroluxprofessional.com\/se\/wp-json\/wp\/v2\/pages\/4036\/revisions"}],"predecessor-version":[{"id":26440,"href":"https:\/\/www.electroluxprofessional.com\/se\/wp-json\/wp\/v2\/pages\/4036\/revisions\/26440"}],"wp:attachment":[{"href":"https:\/\/www.electroluxprofessional.com\/se\/wp-json\/wp\/v2\/media?parent=4036"}],"curies":[{"name":"wp","href":"https:\/\/api.w.org\/{rel}","templated":true}]}}