{"id":3812,"date":"2017-05-02T08:16:47","date_gmt":"2017-05-02T08:16:47","guid":{"rendered":"https:\/\/www.electroluxprofessional.com\/se\/?page_id=3812"},"modified":"2025-05-13T14:17:36","modified_gmt":"2025-05-13T13:17:36","slug":"userdoc","status":"publish","type":"page","link":"https:\/\/www.electroluxprofessional.com\/se\/my-professional\/userdoc\/","title":{"rendered":"User manuals"},"content":{"rendered":"<div class=\"members-access-error\">\n<p style=\"text-align: center;margin-top: 100px;margin-bottom: 100px\"><a href=\"https:\/\/www.electroluxprofessional.com\/se\/login\/?redirect_to=https%3A%2F%2Fwww.electroluxprofessional.com%3A443%2Fse%2Fwp-json%2Fwp%2Fv2%2Fpages%2F3812\"><br \/>\n<img src=\"https:\/\/www.electroluxprofessional.com\/se\/wp-content\/uploads\/2018\/01\/image001.jpg\" \/><br \/>\nHey! Your are just 1 step away from your content!<br \/>\nLogin to MyProfessional space.<br \/>\n<\/a><\/p>\n<\/div>\n","protected":false},"excerpt":{"rendered":"<div class=\"members-access-error\">\n<p style=\"text-align: center;margin-top: 100px;margin-bottom: 100px\"><a href=\"https:\/\/www.electroluxprofessional.com\/se\/login\/?redirect_to=https%3A%2F%2Fwww.electroluxprofessional.com%3A443%2Fse%2Fwp-json%2Fwp%2Fv2%2Fpages%2F3812\"><br \/>\n<img src=\"https:\/\/www.electroluxprofessional.com\/se\/wp-content\/uploads\/2018\/01\/image001.jpg\" \/><br \/>\nHey! Your are just 1 step away from your content!<br \/>\nLogin to MyProfessional space.<br \/>\n<\/a><\/p>\n<\/div>\n","protected":false},"author":1,"featured_media":0,"parent":3808,"menu_order":0,"comment_status":"closed","ping_status":"closed","template":"","meta":{"footnotes":""},"class_list":["post-3812","page","type-page","status-publish","hentry"],"acf":[],"yoast_head":"<!-- This site is optimized with the Yoast SEO plugin v23.3 - https:\/\/yoast.com\/wordpress\/plugins\/seo\/ -->\n<title>User manuals - Electrolux Professional Sverige<\/title>\n<meta name=\"description\" content=\"Electrolux Professional hj\u00e4lper till att l\u00f6sa vanliga problem med inloggning och registrering f\u00f6r ett smidigare arbetsfl\u00f6de.\" \/>\n<meta name=\"robots\" content=\"index, follow, max-snippet:-1, max-image-preview:large, max-video-preview:-1\" \/>\n<link rel=\"canonical\" href=\"https:\/\/www.electroluxprofessional.com\/se\/my-professional\/userdoc\/\" \/>\n<meta property=\"og:locale\" content=\"sv_SE\" \/>\n<meta property=\"og:type\" content=\"article\" \/>\n<meta property=\"og:title\" content=\"User manuals - Electrolux Professional Sverige\" \/>\n<meta property=\"og:description\" content=\"Electrolux Professional hj\u00e4lper till att l\u00f6sa vanliga problem med inloggning och registrering f\u00f6r ett smidigare arbetsfl\u00f6de.\" \/>\n<meta property=\"og:url\" content=\"https:\/\/www.electroluxprofessional.com\/se\/my-professional\/userdoc\/\" \/>\n<meta property=\"og:site_name\" content=\"Electrolux Professional Sverige\" \/>\n<meta property=\"article:modified_time\" content=\"2025-05-13T13:17:36+00:00\" \/>\n<meta name=\"twitter:card\" content=\"summary_large_image\" \/>\n<meta name=\"twitter:label1\" content=\"Ber\u00e4knad l\u00e4stid\" \/>\n\t<meta name=\"twitter:data1\" content=\"1 minut\" \/>\n<script type=\"application\/ld+json\" class=\"yoast-schema-graph\">{\"@context\":\"https:\/\/schema.org\",\"@graph\":[{\"@type\":\"WebPage\",\"@id\":\"https:\/\/www.electroluxprofessional.com\/se\/my-professional\/userdoc\/\",\"url\":\"https:\/\/www.electroluxprofessional.com\/se\/my-professional\/userdoc\/\",\"name\":\"User manuals - Electrolux Professional Sverige\",\"isPartOf\":{\"@id\":\"https:\/\/www.electroluxprofessional.com\/se\/#website\"},\"datePublished\":\"2017-05-02T08:16:47+00:00\",\"dateModified\":\"2025-05-13T13:17:36+00:00\",\"description\":\"Electrolux Professional hj\u00e4lper till att l\u00f6sa vanliga problem med inloggning och registrering f\u00f6r ett smidigare arbetsfl\u00f6de.\",\"breadcrumb\":{\"@id\":\"https:\/\/www.electroluxprofessional.com\/se\/my-professional\/userdoc\/#breadcrumb\"},\"inLanguage\":\"sv-SE\",\"potentialAction\":[{\"@type\":\"ReadAction\",\"target\":[\"https:\/\/www.electroluxprofessional.com\/se\/my-professional\/userdoc\/\"]}]},{\"@type\":\"BreadcrumbList\",\"@id\":\"https:\/\/www.electroluxprofessional.com\/se\/my-professional\/userdoc\/#breadcrumb\",\"itemListElement\":[{\"@type\":\"ListItem\",\"position\":1,\"name\":\"Home\",\"item\":\"https:\/\/www.electroluxprofessional.com\/se\/\"},{\"@type\":\"ListItem\",\"position\":2,\"name\":\"MyProfessional\",\"item\":\"https:\/\/www.electroluxprofessional.com\/se\/my-professional\/\"},{\"@type\":\"ListItem\",\"position\":3,\"name\":\"User manuals\"}]},{\"@type\":\"WebSite\",\"@id\":\"https:\/\/www.electroluxprofessional.com\/se\/#website\",\"url\":\"https:\/\/www.electroluxprofessional.com\/se\/\",\"name\":\"Electrolux Professional Sverige\",\"description\":\"\",\"potentialAction\":[{\"@type\":\"SearchAction\",\"target\":{\"@type\":\"EntryPoint\",\"urlTemplate\":\"https:\/\/www.electroluxprofessional.com\/se\/?src={search_term_string}\"},\"query-input\":\"required name=search_term_string\"}],\"inLanguage\":\"sv-SE\"}]}<\/script>\n<!-- \/ Yoast SEO plugin. -->","yoast_head_json":{"title":"User manuals - Electrolux Professional Sverige","description":"Electrolux Professional hj\u00e4lper till att l\u00f6sa vanliga problem med inloggning och registrering f\u00f6r ett smidigare arbetsfl\u00f6de.","robots":{"index":"index","follow":"follow","max-snippet":"max-snippet:-1","max-image-preview":"max-image-preview:large","max-video-preview":"max-video-preview:-1"},"canonical":"https:\/\/www.electroluxprofessional.com\/se\/my-professional\/userdoc\/","og_locale":"sv_SE","og_type":"article","og_title":"User manuals - Electrolux Professional Sverige","og_description":"Electrolux Professional hj\u00e4lper till att l\u00f6sa vanliga problem med inloggning och registrering f\u00f6r ett smidigare arbetsfl\u00f6de.","og_url":"https:\/\/www.electroluxprofessional.com\/se\/my-professional\/userdoc\/","og_site_name":"Electrolux Professional Sverige","article_modified_time":"2025-05-13T13:17:36+00:00","twitter_card":"summary_large_image","twitter_misc":{"Ber\u00e4knad l\u00e4stid":"1 minut"},"schema":{"@context":"https:\/\/schema.org","@graph":[{"@type":"WebPage","@id":"https:\/\/www.electroluxprofessional.com\/se\/my-professional\/userdoc\/","url":"https:\/\/www.electroluxprofessional.com\/se\/my-professional\/userdoc\/","name":"User manuals - Electrolux Professional Sverige","isPartOf":{"@id":"https:\/\/www.electroluxprofessional.com\/se\/#website"},"datePublished":"2017-05-02T08:16:47+00:00","dateModified":"2025-05-13T13:17:36+00:00","description":"Electrolux Professional hj\u00e4lper till att l\u00f6sa vanliga problem med inloggning och registrering f\u00f6r ett smidigare arbetsfl\u00f6de.","breadcrumb":{"@id":"https:\/\/www.electroluxprofessional.com\/se\/my-professional\/userdoc\/#breadcrumb"},"inLanguage":"sv-SE","potentialAction":[{"@type":"ReadAction","target":["https:\/\/www.electroluxprofessional.com\/se\/my-professional\/userdoc\/"]}]},{"@type":"BreadcrumbList","@id":"https:\/\/www.electroluxprofessional.com\/se\/my-professional\/userdoc\/#breadcrumb","itemListElement":[{"@type":"ListItem","position":1,"name":"Home","item":"https:\/\/www.electroluxprofessional.com\/se\/"},{"@type":"ListItem","position":2,"name":"MyProfessional","item":"https:\/\/www.electroluxprofessional.com\/se\/my-professional\/"},{"@type":"ListItem","position":3,"name":"User manuals"}]},{"@type":"WebSite","@id":"https:\/\/www.electroluxprofessional.com\/se\/#website","url":"https:\/\/www.electroluxprofessional.com\/se\/","name":"Electrolux Professional Sverige","description":"","potentialAction":[{"@type":"SearchAction","target":{"@type":"EntryPoint","urlTemplate":"https:\/\/www.electroluxprofessional.com\/se\/?src={search_term_string}"},"query-input":"required name=search_term_string"}],"inLanguage":"sv-SE"}]}},"_links":{"self":[{"href":"https:\/\/www.electroluxprofessional.com\/se\/wp-json\/wp\/v2\/pages\/3812"}],"collection":[{"href":"https:\/\/www.electroluxprofessional.com\/se\/wp-json\/wp\/v2\/pages"}],"about":[{"href":"https:\/\/www.electroluxprofessional.com\/se\/wp-json\/wp\/v2\/types\/page"}],"author":[{"embeddable":true,"href":"https:\/\/www.electroluxprofessional.com\/se\/wp-json\/wp\/v2\/users\/1"}],"replies":[{"embeddable":true,"href":"https:\/\/www.electroluxprofessional.com\/se\/wp-json\/wp\/v2\/comments?post=3812"}],"version-history":[{"count":8,"href":"https:\/\/www.electroluxprofessional.com\/se\/wp-json\/wp\/v2\/pages\/3812\/revisions"}],"predecessor-version":[{"id":51208,"href":"https:\/\/www.electroluxprofessional.com\/se\/wp-json\/wp\/v2\/pages\/3812\/revisions\/51208"}],"up":[{"embeddable":true,"href":"https:\/\/www.electroluxprofessional.com\/se\/wp-json\/wp\/v2\/pages\/3808"}],"wp:attachment":[{"href":"https:\/\/www.electroluxprofessional.com\/se\/wp-json\/wp\/v2\/media?parent=3812"}],"curies":[{"name":"wp","href":"https:\/\/api.w.org\/{rel}","templated":true}]}}