{"id":36712,"date":"2023-06-15T11:07:10","date_gmt":"2023-06-15T10:07:10","guid":{"rendered":"https:\/\/www.electroluxprofessional.com\/se\/?page_id=36712"},"modified":"2023-06-15T11:07:10","modified_gmt":"2023-06-15T10:07:10","slug":"thermaline-cooking-ranges","status":"publish","type":"page","link":"https:\/\/www.electroluxprofessional.com\/se\/thermaline-cooking-ranges\/","title":{"rendered":"thermaline spis"},"content":{"rendered":"<p>[vc_row full_width=&#8221;electroluxpro-full-width-no-padding&#8221;][vc_column][elx_full_banner title=&#8221;Uppt\u00e4ck thermaline premium spisserie&#8221; background_image_media_library=&#8221;47855&#8243; background_image_media_library_mobile=&#8221;47861&#8243; link=&#8221;url:%23kontakta_oss|title:Boka%20en%20demo&#8221;][\/vc_column][\/vc_row][vc_row][vc_column][vc_column_text]<\/p>\n<h1 style=\"text-align: center; color: #cea941;\">1871 &#8211; 2021<\/h1>\n<h1 style=\"text-align: center;\">150 \u00e5rs jubileum!<\/h1>\n<p>[\/vc_column_text][vc_empty_space][\/vc_column][\/vc_row][vc_row][vc_column][elx_heading font_container=&#8221;h1&#8243; font_size=&#8221;h3&#8243; text_color=&#8221;inherit&#8221;]<strong>therma<em>line<\/em><\/strong> M2M, Made to Measure stove[\/elx_heading][vc_column_text]<\/p>\n<p class=\"h5\">Electrolux Professionals premium spisserie. Schweizisk design sedan 1871.<br \/>\n150 \u00e5r av produktion, precision och tradition.[\/vc_column_text][\/vc_column][\/vc_row][vc_row][vc_column width=&#8221;2\/3&#8243; css=&#8221;.vc_custom_1472632444649{padding-top: 50px !important;padding-bottom: 50px !important;}&#8221;][vc_empty_space][vc_single_image image=&#8221;12387&#8243; img_size=&#8221;full&#8221; alignment=&#8221;center&#8221;][\/vc_column][vc_column width=&#8221;1\/3&#8243;][elx_heading font_size=&#8221;h3&#8243; text_color=&#8221;inherit&#8221; text_align=&#8221;text-left&#8221;]therma<em>line<\/em> M2M[\/elx_heading][elx_heading font_size=&#8221;h4&#8243; text_color=&#8221;inherit&#8221;]Skapa din ideala k\u00f6ksl\u00f6sning[\/elx_heading][vc_column_text]Made to Measure \u00e4r framtagen f\u00f6r att erbjuda varje kock en partner f\u00f6r livet, som <strong>m\u00f6ter kraven hos ett femstj\u00e4rnigt hotell och fine dining restauranger<\/strong> med den senaste professionella teknologin och den ultimata k\u00f6ksdesignen.[\/vc_column_text][elx_heading font_size=&#8221;h4&#8243; text_color=&#8221;inherit&#8221;]Red Dot Award f\u00f6r produktdesign[\/elx_heading][vc_column_text]<strong>therma<em>line<\/em> M2M <\/strong>har vunnit<strong> Red Dot Award <\/strong>f\u00f6r<strong> Produkt Design 2014,\u00a0<\/strong> ett pris som etablerat sig som ett av de mest eftertraktade kvalitetsm\u00e4rkena f\u00f6r excellent design v\u00e4rlden \u00f6ver.[\/vc_column_text][\/vc_column][\/vc_row][vc_row][vc_column][vc_empty_space][\/vc_column][\/vc_row][vc_row][vc_column width=&#8221;1\/2&#8243;][vc_single_image image=&#8221;12389&#8243; img_size=&#8221;full&#8221;][elx_heading font_size=&#8221;h3&#8243; text_color=&#8221;inherit&#8221; text_align=&#8221;text-left&#8221; css=&#8221;.vc_custom_1607618114371{padding-top: 50px !important;padding-bottom: 50px !important;}&#8221;]therma<em>line<\/em>\u00a0modular 80 &amp; 90[\/elx_heading][vc_column_text]<\/p>\n<ul>\n<li><span id=\"result_box\" class=\"\" lang=\"sv\">thermaline Modular spisar \u00e4r uppbyggt med en stark inre ram, t\u00e5lig mot st\u00f6tar och korrosion<\/span><\/li>\n<li><span id=\"result_box\" class=\"\" lang=\"sv\"><strong>Free-cooking top<\/strong> kan anv\u00e4ndas b\u00e5de f\u00f6r grytor och stekpannor, samtidigt som du kan laga mat direkt <span class=\"\">p\u00e5 ytan<\/span><\/span><\/li>\n<li><strong><span id=\"result_box\" class=\"\" lang=\"sv\">Den upplysta glasplayen<\/span><\/strong><span id=\"result_box\" class=\"\" lang=\"sv\"><strong> och de tydliga LEDsiffrorna<\/strong>, p\u00e5 el versionen, ger full \u00f6verblick<\/span><\/li>\n<li><span id=\"result_box\" class=\"\" lang=\"sv\">Den Thermodul <strong>s\u00f6ml\u00f6sa anslutning<\/strong> <span class=\"\">mellan<\/span> <span class=\"\">tillagningsfunktioner <\/span> (inkl. <span class=\"\">ProThermetic<\/span> k\u00e4rl) <strong>undviker att v\u00e4tskor tr\u00e4nger in<\/strong><\/span><\/li>\n<\/ul>\n<p>[\/vc_column_text][\/vc_column][vc_column width=&#8221;1\/2&#8243;][vc_single_image image=&#8221;12390&#8243; img_size=&#8221;full&#8221;][elx_heading font_size=&#8221;h3&#8243; text_color=&#8221;inherit&#8221; text_align=&#8221;text-left&#8221; css=&#8221;.vc_custom_1607618151336{padding-top: 50px !important;padding-bottom: 50px !important;}&#8221;]therma<em>line<\/em>\u00a0modular 85[\/elx_heading][vc_column_text]Det mest flexibla modul spisserien som erbjuder flera olika konfigurationer (v\u00e4ggst\u00e5ende och rygg mot rygg)[\/vc_column_text][vc_empty_space][elx_button button_text=&#8221;Se hela produktutbudet&#8221; button_link=&#8221;url:%23produkter&#8221;][\/vc_column][\/vc_row][vc_row][vc_column][vc_empty_space][\/vc_column][\/vc_row][vc_row][vc_column width=&#8221;1\/3&#8243;][vc_empty_space][elx_heading font_size=&#8221;h3&#8243; text_color=&#8221;inherit&#8221; text_align=&#8221;text-center&#8221;]O\u00e4ndliga m\u00f6jligheter<br \/>\nmed M2M therma<em>line<\/em>[\/elx_heading][vc_column_text]<\/p>\n<p style=\"text-align: center;\">Uppt\u00e4ck 25 varianter av\u00a0M2M therma<em>line<\/em><\/p>\n<p>[\/vc_column_text][\/vc_column][vc_column width=&#8221;1\/3&#8243;][elx_download_block text=&#8221;thermaline Made to Measure&#8221; document_type=&#8221;brochures&#8221; background_color=&#8221;orange&#8221; element_appearance=&#8221;download_form&#8221; reveal_effect=&#8221;&#8221; reveal_duration=&#8221;&#8221; reveal_delay=&#8221;&#8221; background_image=&#8221;789&#8243;][\/vc_column][vc_column width=&#8221;1\/3&#8243;][elx_video_block background_image=&#8221;1909&#8243; video_link=&#8221;https:\/\/www.youtube.com\/watch?v=93DlOIlsv9w&amp;list=PLn-GI5LWCZdReBIT6ENQdhJ4GU0ab0nOf&#8221; minimum_height=&#8221;350px&#8221;][\/vc_column][\/vc_row][vc_row][vc_column][vc_empty_space height=&#8221;50px&#8221;][\/vc_column][\/vc_row][vc_row css=&#8221;.vc_custom_1683038193930{padding-bottom: 10px !important;}&#8221; el_id=&#8221;kontakta_oss&#8221;][vc_column][elx_heading text_color=&#8221;inherit&#8221; text_align=&#8221;text-center&#8221;]Vill du veta mer? Kontakta oss![\/elx_heading][elx_o2000_contact_us s=&#8221;Request of information for thermaline cooking ranges&#8221; country=&#8221;Sweden&#8221; container=&#8221;elxcontactus1466428041&#8243; r=&#8221;Jag skulle vilja veta mer om thermaline-serien, v\u00e4nligen kontakta mig!&#8221; l=&#8221;se&#8221; e=&#8221;jennie.walther@electroluxprofessional.com&#8221;][\/vc_column][\/vc_row][vc_row][vc_column][vc_empty_space height=&#8221;50px&#8221;][vc_row_inner][vc_column_inner width=&#8221;1\/3&#8243;][vc_empty_space][\/vc_column_inner][vc_column_inner width=&#8221;1\/3&#8243;][vc_single_image image=&#8221;11366&#8243; img_size=&#8221;300*300&#8243; alignment=&#8221;center&#8221;][vc_column_text]<\/p>\n<p style=\"text-align: center;\">Teamed to serve you. Anytime, anywhere<\/p>\n<p>[\/vc_column_text][\/vc_column_inner][vc_column_inner width=&#8221;1\/3&#8243;][vc_empty_space][\/vc_column_inner][\/vc_row_inner][vc_row_inner][vc_column_inner][vc_empty_space][\/vc_column_inner][\/vc_row_inner][\/vc_column][\/vc_row][vc_row css=&#8221;.vc_custom_1683038441165{padding-bottom: 10px !important;}&#8221; el_id=&#8221;produkter&#8221;][vc_column][elx_heading text_color=&#8221;inherit&#8221; text_align=&#8221;text-center&#8221;]Se v\u00e5ra produkter[\/elx_heading][\/vc_column][\/vc_row]<\/p>\n","protected":false},"excerpt":{"rendered":"<p>[vc_row full_width=&#8221;electroluxpro-full-width-no-padding&#8221;][vc_column][elx_full_banner title=&#8221;Uppt\u00e4ck thermaline premium spisserie&#8221; background_image_media_library=&#8221;47855&#8243; background_image_media_library_mobile=&#8221;47861&#8243; link=&#8221;url:%23kontakta_oss|title:Boka%20en%20demo&#8221;][\/vc_column][\/vc_row][vc_row][vc_column][vc_column_text] 1871 &#8211; 2021 150 \u00e5rs jubileum! [\/vc_column_text][vc_empty_space][\/vc_column][\/vc_row][vc_row][vc_column][elx_heading font_container=&#8221;h1&#8243; font_size=&#8221;h3&#8243; text_color=&#8221;inherit&#8221;]thermaline M2M, Made to Measure stove[\/elx_heading][vc_column_text] Electrolux Professionals premium spisserie. Schweizisk design sedan 1871. 150 \u00e5r av produktion, precision och tradition.[\/vc_column_text][\/vc_column][\/vc_row][vc_row][vc_column width=&#8221;2\/3&#8243; css=&#8221;.vc_custom_1472632444649{padding-top: 50px !important;padding-bottom: 50px !important;}&#8221;][vc_empty_space][vc_single_image image=&#8221;12387&#8243; img_size=&#8221;full&#8221; alignment=&#8221;center&#8221;][\/vc_column][vc_column width=&#8221;1\/3&#8243;][elx_heading font_size=&#8221;h3&#8243; text_color=&#8221;inherit&#8221; text_align=&#8221;text-left&#8221;]thermaline M2M[\/elx_heading][elx_heading font_size=&#8221;h4&#8243; text_color=&#8221;inherit&#8221;]Skapa [&hellip;]<\/p>\n","protected":false},"author":242,"featured_media":0,"parent":0,"menu_order":0,"comment_status":"closed","ping_status":"closed","template":"","meta":{"footnotes":""},"class_list":["post-36712","page","type-page","status-publish","hentry"],"acf":[],"yoast_head":"<!-- This site is optimized with the Yoast SEO plugin v23.3 - https:\/\/yoast.com\/wordpress\/plugins\/seo\/ -->\n<title>thermaline spis, Swiss made - Electrolux Professional Sweden<\/title>\n<meta name=\"description\" content=\"O\u00e4ndliga kombinationer, \u00f6verl\u00e4gsen flexibilitet och banbrytande design. Thermaline \u00e4r den ultimata l\u00f6sningen f\u00f6r ditt stork\u00f6k.\" \/>\n<meta name=\"robots\" content=\"index, follow, max-snippet:-1, max-image-preview:large, max-video-preview:-1\" \/>\n<link rel=\"canonical\" href=\"https:\/\/www.electroluxprofessional.com\/se\/thermaline-cooking-ranges\/\" \/>\n<meta property=\"og:locale\" content=\"sv_SE\" \/>\n<meta property=\"og:type\" content=\"article\" \/>\n<meta property=\"og:title\" content=\"thermaline spis, Swiss made - Electrolux Professional Sweden\" \/>\n<meta property=\"og:description\" content=\"O\u00e4ndliga kombinationer, \u00f6verl\u00e4gsen flexibilitet och banbrytande design. Thermaline \u00e4r den ultimata l\u00f6sningen f\u00f6r ditt stork\u00f6k.\" \/>\n<meta property=\"og:url\" content=\"https:\/\/www.electroluxprofessional.com\/se\/thermaline-cooking-ranges\/\" \/>\n<meta property=\"og:site_name\" content=\"Electrolux Professional Sverige\" \/>\n<meta property=\"og:image\" content=\"https:\/\/www.electroluxprofessional.com\/se\/wp-content\/uploads\/2021\/09\/banner-home-page-thermaline-150-mobile.jpg\" \/>\n\t<meta property=\"og:image:width\" content=\"1125\" \/>\n\t<meta property=\"og:image:height\" content=\"1583\" \/>\n\t<meta property=\"og:image:type\" content=\"image\/jpeg\" \/>\n<meta name=\"twitter:card\" content=\"summary_large_image\" \/>\n<meta name=\"twitter:label1\" content=\"Ber\u00e4knad l\u00e4stid\" \/>\n\t<meta name=\"twitter:data1\" content=\"2 minuter\" \/>\n<script type=\"application\/ld+json\" class=\"yoast-schema-graph\">{\"@context\":\"https:\/\/schema.org\",\"@graph\":[{\"@type\":\"WebPage\",\"@id\":\"https:\/\/www.electroluxprofessional.com\/se\/thermaline-cooking-ranges\/\",\"url\":\"https:\/\/www.electroluxprofessional.com\/se\/thermaline-cooking-ranges\/\",\"name\":\"thermaline spis, Swiss made - Electrolux Professional Sweden\",\"isPartOf\":{\"@id\":\"https:\/\/www.electroluxprofessional.com\/se\/#website\"},\"datePublished\":\"2023-06-15T10:07:10+00:00\",\"dateModified\":\"2023-06-15T10:07:10+00:00\",\"description\":\"O\u00e4ndliga kombinationer, \u00f6verl\u00e4gsen flexibilitet och banbrytande design. Thermaline \u00e4r den ultimata l\u00f6sningen f\u00f6r ditt stork\u00f6k.\",\"breadcrumb\":{\"@id\":\"https:\/\/www.electroluxprofessional.com\/se\/thermaline-cooking-ranges\/#breadcrumb\"},\"inLanguage\":\"sv-SE\",\"potentialAction\":[{\"@type\":\"ReadAction\",\"target\":[\"https:\/\/www.electroluxprofessional.com\/se\/thermaline-cooking-ranges\/\"]}]},{\"@type\":\"BreadcrumbList\",\"@id\":\"https:\/\/www.electroluxprofessional.com\/se\/thermaline-cooking-ranges\/#breadcrumb\",\"itemListElement\":[{\"@type\":\"ListItem\",\"position\":1,\"name\":\"Home\",\"item\":\"https:\/\/www.electroluxprofessional.com\/se\/\"},{\"@type\":\"ListItem\",\"position\":2,\"name\":\"thermaline spis\"}]},{\"@type\":\"WebSite\",\"@id\":\"https:\/\/www.electroluxprofessional.com\/se\/#website\",\"url\":\"https:\/\/www.electroluxprofessional.com\/se\/\",\"name\":\"Electrolux Professional Sverige\",\"description\":\"\",\"potentialAction\":[{\"@type\":\"SearchAction\",\"target\":{\"@type\":\"EntryPoint\",\"urlTemplate\":\"https:\/\/www.electroluxprofessional.com\/se\/?src={search_term_string}\"},\"query-input\":\"required name=search_term_string\"}],\"inLanguage\":\"sv-SE\"}]}<\/script>\n<!-- \/ Yoast SEO plugin. -->","yoast_head_json":{"title":"thermaline spis, Swiss made - Electrolux Professional Sweden","description":"O\u00e4ndliga kombinationer, \u00f6verl\u00e4gsen flexibilitet och banbrytande design. Thermaline \u00e4r den ultimata l\u00f6sningen f\u00f6r ditt stork\u00f6k.","robots":{"index":"index","follow":"follow","max-snippet":"max-snippet:-1","max-image-preview":"max-image-preview:large","max-video-preview":"max-video-preview:-1"},"canonical":"https:\/\/www.electroluxprofessional.com\/se\/thermaline-cooking-ranges\/","og_locale":"sv_SE","og_type":"article","og_title":"thermaline spis, Swiss made - Electrolux Professional Sweden","og_description":"O\u00e4ndliga kombinationer, \u00f6verl\u00e4gsen flexibilitet och banbrytande design. Thermaline \u00e4r den ultimata l\u00f6sningen f\u00f6r ditt stork\u00f6k.","og_url":"https:\/\/www.electroluxprofessional.com\/se\/thermaline-cooking-ranges\/","og_site_name":"Electrolux Professional Sverige","og_image":[{"width":1125,"height":1583,"url":"https:\/\/www.electroluxprofessional.com\/se\/wp-content\/uploads\/2021\/09\/banner-home-page-thermaline-150-mobile.jpg","type":"image\/jpeg"}],"twitter_card":"summary_large_image","twitter_misc":{"Ber\u00e4knad l\u00e4stid":"2 minuter"},"schema":{"@context":"https:\/\/schema.org","@graph":[{"@type":"WebPage","@id":"https:\/\/www.electroluxprofessional.com\/se\/thermaline-cooking-ranges\/","url":"https:\/\/www.electroluxprofessional.com\/se\/thermaline-cooking-ranges\/","name":"thermaline spis, Swiss made - Electrolux Professional Sweden","isPartOf":{"@id":"https:\/\/www.electroluxprofessional.com\/se\/#website"},"datePublished":"2023-06-15T10:07:10+00:00","dateModified":"2023-06-15T10:07:10+00:00","description":"O\u00e4ndliga kombinationer, \u00f6verl\u00e4gsen flexibilitet och banbrytande design. Thermaline \u00e4r den ultimata l\u00f6sningen f\u00f6r ditt stork\u00f6k.","breadcrumb":{"@id":"https:\/\/www.electroluxprofessional.com\/se\/thermaline-cooking-ranges\/#breadcrumb"},"inLanguage":"sv-SE","potentialAction":[{"@type":"ReadAction","target":["https:\/\/www.electroluxprofessional.com\/se\/thermaline-cooking-ranges\/"]}]},{"@type":"BreadcrumbList","@id":"https:\/\/www.electroluxprofessional.com\/se\/thermaline-cooking-ranges\/#breadcrumb","itemListElement":[{"@type":"ListItem","position":1,"name":"Home","item":"https:\/\/www.electroluxprofessional.com\/se\/"},{"@type":"ListItem","position":2,"name":"thermaline spis"}]},{"@type":"WebSite","@id":"https:\/\/www.electroluxprofessional.com\/se\/#website","url":"https:\/\/www.electroluxprofessional.com\/se\/","name":"Electrolux Professional Sverige","description":"","potentialAction":[{"@type":"SearchAction","target":{"@type":"EntryPoint","urlTemplate":"https:\/\/www.electroluxprofessional.com\/se\/?src={search_term_string}"},"query-input":"required name=search_term_string"}],"inLanguage":"sv-SE"}]}},"_links":{"self":[{"href":"https:\/\/www.electroluxprofessional.com\/se\/wp-json\/wp\/v2\/pages\/36712"}],"collection":[{"href":"https:\/\/www.electroluxprofessional.com\/se\/wp-json\/wp\/v2\/pages"}],"about":[{"href":"https:\/\/www.electroluxprofessional.com\/se\/wp-json\/wp\/v2\/types\/page"}],"author":[{"embeddable":true,"href":"https:\/\/www.electroluxprofessional.com\/se\/wp-json\/wp\/v2\/users\/242"}],"replies":[{"embeddable":true,"href":"https:\/\/www.electroluxprofessional.com\/se\/wp-json\/wp\/v2\/comments?post=36712"}],"version-history":[{"count":2,"href":"https:\/\/www.electroluxprofessional.com\/se\/wp-json\/wp\/v2\/pages\/36712\/revisions"}],"predecessor-version":[{"id":47889,"href":"https:\/\/www.electroluxprofessional.com\/se\/wp-json\/wp\/v2\/pages\/36712\/revisions\/47889"}],"wp:attachment":[{"href":"https:\/\/www.electroluxprofessional.com\/se\/wp-json\/wp\/v2\/media?parent=36712"}],"curies":[{"name":"wp","href":"https:\/\/api.w.org\/{rel}","templated":true}]}}