{"id":3379,"date":"2016-08-25T13:41:15","date_gmt":"2016-08-25T13:41:15","guid":{"rendered":"https:\/\/www.electroluxprofessional.com\/se\/your-business\/"},"modified":"2025-05-13T14:29:25","modified_gmt":"2025-05-13T13:29:25","slug":"your-business","status":"publish","type":"page","link":"https:\/\/www.electroluxprofessional.com\/se\/your-business\/","title":{"rendered":"Your Business"},"content":{"rendered":"<p>[vc_row][vc_column width=&#8221;1\/4&#8243;][elx_maylike_box id_box=&#8221;337&#8243; hide_text=&#8221;self&#8221;][\/vc_column][vc_column width=&#8221;1\/4&#8243;][elx_maylike_box id_box=&#8221;374&#8243; hide_text=&#8221;self&#8221;][\/vc_column][vc_column width=&#8221;1\/4&#8243;][elx_maylike_box id_box=&#8221;1380&#8243; hide_text=&#8221;self&#8221;][\/vc_column][vc_column width=&#8221;1\/4&#8243;][elx_maylike_box id_box=&#8221;705&#8243; hide_text=&#8221;self&#8221;][\/vc_column][\/vc_row][vc_row][vc_column width=&#8221;1\/4&#8243;][elx_maylike_box id_box=&#8221;1341&#8243; hide_text=&#8221;self&#8221;][\/vc_column][vc_column width=&#8221;1\/4&#8243;][elx_maylike_box id_box=&#8221;1491&#8243; hide_text=&#8221;self&#8221;][\/vc_column][vc_column width=&#8221;1\/4&#8243;][elx_maylike_box id_box=&#8221;387&#8243; hide_text=&#8221;self&#8221;][\/vc_column][vc_column width=&#8221;1\/4&#8243;][elx_maylike_box id_box=&#8221;1288&#8243; hide_text=&#8221;self&#8221;][\/vc_column][\/vc_row]<\/p>\n","protected":false},"excerpt":{"rendered":"<p>[vc_row][vc_column width=&#8221;1\/4&#8243;][elx_maylike_box id_box=&#8221;337&#8243; hide_text=&#8221;self&#8221;][\/vc_column][vc_column width=&#8221;1\/4&#8243;][elx_maylike_box id_box=&#8221;374&#8243; hide_text=&#8221;self&#8221;][\/vc_column][vc_column width=&#8221;1\/4&#8243;][elx_maylike_box id_box=&#8221;1380&#8243; hide_text=&#8221;self&#8221;][\/vc_column][vc_column width=&#8221;1\/4&#8243;][elx_maylike_box id_box=&#8221;705&#8243; hide_text=&#8221;self&#8221;][\/vc_column][\/vc_row][vc_row][vc_column width=&#8221;1\/4&#8243;][elx_maylike_box id_box=&#8221;1341&#8243; hide_text=&#8221;self&#8221;][\/vc_column][vc_column width=&#8221;1\/4&#8243;][elx_maylike_box id_box=&#8221;1491&#8243; hide_text=&#8221;self&#8221;][\/vc_column][vc_column width=&#8221;1\/4&#8243;][elx_maylike_box id_box=&#8221;387&#8243; hide_text=&#8221;self&#8221;][\/vc_column][vc_column width=&#8221;1\/4&#8243;][elx_maylike_box id_box=&#8221;1288&#8243; hide_text=&#8221;self&#8221;][\/vc_column][\/vc_row]<\/p>\n","protected":false},"author":1,"featured_media":0,"parent":0,"menu_order":0,"comment_status":"closed","ping_status":"closed","template":"","meta":{"footnotes":""},"class_list":["post-3379","page","type-page","status-publish","hentry"],"acf":[],"yoast_head":"<!-- This site is optimized with the Yoast SEO plugin v23.3 - https:\/\/yoast.com\/wordpress\/plugins\/seo\/ -->\n<title>Your Business - Electrolux Professional Sverige<\/title>\n<meta name=\"description\" content=\"Electrolux Professional erbjuder professionella l\u00f6sningar f\u00f6r restauranger och aff\u00e4rer f\u00f6r effektivitet och h\u00e5llbarhet med innovativa tekniker.\" \/>\n<meta name=\"robots\" content=\"index, follow, max-snippet:-1, max-image-preview:large, max-video-preview:-1\" \/>\n<link rel=\"canonical\" href=\"https:\/\/www.electroluxprofessional.com\/se\/your-business\/\" \/>\n<meta property=\"og:locale\" content=\"sv_SE\" \/>\n<meta property=\"og:type\" content=\"article\" \/>\n<meta property=\"og:title\" content=\"Your Business - Electrolux Professional Sverige\" \/>\n<meta property=\"og:description\" content=\"Electrolux Professional erbjuder professionella l\u00f6sningar f\u00f6r restauranger och aff\u00e4rer f\u00f6r effektivitet och h\u00e5llbarhet med innovativa tekniker.\" \/>\n<meta property=\"og:url\" content=\"https:\/\/www.electroluxprofessional.com\/se\/your-business\/\" \/>\n<meta property=\"og:site_name\" content=\"Electrolux Professional Sverige\" \/>\n<meta property=\"article:modified_time\" content=\"2025-05-13T13:29:25+00:00\" \/>\n<meta name=\"twitter:card\" content=\"summary_large_image\" \/>\n<meta name=\"twitter:label1\" content=\"Ber\u00e4knad l\u00e4stid\" \/>\n\t<meta name=\"twitter:data1\" content=\"1 minut\" \/>\n<script type=\"application\/ld+json\" class=\"yoast-schema-graph\">{\"@context\":\"https:\/\/schema.org\",\"@graph\":[{\"@type\":\"WebPage\",\"@id\":\"https:\/\/www.electroluxprofessional.com\/se\/your-business\/\",\"url\":\"https:\/\/www.electroluxprofessional.com\/se\/your-business\/\",\"name\":\"Your Business - Electrolux Professional Sverige\",\"isPartOf\":{\"@id\":\"https:\/\/www.electroluxprofessional.com\/se\/#website\"},\"datePublished\":\"2016-08-25T13:41:15+00:00\",\"dateModified\":\"2025-05-13T13:29:25+00:00\",\"description\":\"Electrolux Professional erbjuder professionella l\u00f6sningar f\u00f6r restauranger och aff\u00e4rer f\u00f6r effektivitet och h\u00e5llbarhet med innovativa tekniker.\",\"breadcrumb\":{\"@id\":\"https:\/\/www.electroluxprofessional.com\/se\/your-business\/#breadcrumb\"},\"inLanguage\":\"sv-SE\",\"potentialAction\":[{\"@type\":\"ReadAction\",\"target\":[\"https:\/\/www.electroluxprofessional.com\/se\/your-business\/\"]}]},{\"@type\":\"BreadcrumbList\",\"@id\":\"https:\/\/www.electroluxprofessional.com\/se\/your-business\/#breadcrumb\",\"itemListElement\":[{\"@type\":\"ListItem\",\"position\":1,\"name\":\"Home\",\"item\":\"https:\/\/www.electroluxprofessional.com\/se\/\"},{\"@type\":\"ListItem\",\"position\":2,\"name\":\"Your Business\"}]},{\"@type\":\"WebSite\",\"@id\":\"https:\/\/www.electroluxprofessional.com\/se\/#website\",\"url\":\"https:\/\/www.electroluxprofessional.com\/se\/\",\"name\":\"Electrolux Professional Sverige\",\"description\":\"\",\"potentialAction\":[{\"@type\":\"SearchAction\",\"target\":{\"@type\":\"EntryPoint\",\"urlTemplate\":\"https:\/\/www.electroluxprofessional.com\/se\/?src={search_term_string}\"},\"query-input\":\"required name=search_term_string\"}],\"inLanguage\":\"sv-SE\"}]}<\/script>\n<!-- \/ Yoast SEO plugin. -->","yoast_head_json":{"title":"Your Business - Electrolux Professional Sverige","description":"Electrolux Professional erbjuder professionella l\u00f6sningar f\u00f6r restauranger och aff\u00e4rer f\u00f6r effektivitet och h\u00e5llbarhet med innovativa tekniker.","robots":{"index":"index","follow":"follow","max-snippet":"max-snippet:-1","max-image-preview":"max-image-preview:large","max-video-preview":"max-video-preview:-1"},"canonical":"https:\/\/www.electroluxprofessional.com\/se\/your-business\/","og_locale":"sv_SE","og_type":"article","og_title":"Your Business - Electrolux Professional Sverige","og_description":"Electrolux Professional erbjuder professionella l\u00f6sningar f\u00f6r restauranger och aff\u00e4rer f\u00f6r effektivitet och h\u00e5llbarhet med innovativa tekniker.","og_url":"https:\/\/www.electroluxprofessional.com\/se\/your-business\/","og_site_name":"Electrolux Professional Sverige","article_modified_time":"2025-05-13T13:29:25+00:00","twitter_card":"summary_large_image","twitter_misc":{"Ber\u00e4knad l\u00e4stid":"1 minut"},"schema":{"@context":"https:\/\/schema.org","@graph":[{"@type":"WebPage","@id":"https:\/\/www.electroluxprofessional.com\/se\/your-business\/","url":"https:\/\/www.electroluxprofessional.com\/se\/your-business\/","name":"Your Business - Electrolux Professional Sverige","isPartOf":{"@id":"https:\/\/www.electroluxprofessional.com\/se\/#website"},"datePublished":"2016-08-25T13:41:15+00:00","dateModified":"2025-05-13T13:29:25+00:00","description":"Electrolux Professional erbjuder professionella l\u00f6sningar f\u00f6r restauranger och aff\u00e4rer f\u00f6r effektivitet och h\u00e5llbarhet med innovativa tekniker.","breadcrumb":{"@id":"https:\/\/www.electroluxprofessional.com\/se\/your-business\/#breadcrumb"},"inLanguage":"sv-SE","potentialAction":[{"@type":"ReadAction","target":["https:\/\/www.electroluxprofessional.com\/se\/your-business\/"]}]},{"@type":"BreadcrumbList","@id":"https:\/\/www.electroluxprofessional.com\/se\/your-business\/#breadcrumb","itemListElement":[{"@type":"ListItem","position":1,"name":"Home","item":"https:\/\/www.electroluxprofessional.com\/se\/"},{"@type":"ListItem","position":2,"name":"Your Business"}]},{"@type":"WebSite","@id":"https:\/\/www.electroluxprofessional.com\/se\/#website","url":"https:\/\/www.electroluxprofessional.com\/se\/","name":"Electrolux Professional Sverige","description":"","potentialAction":[{"@type":"SearchAction","target":{"@type":"EntryPoint","urlTemplate":"https:\/\/www.electroluxprofessional.com\/se\/?src={search_term_string}"},"query-input":"required name=search_term_string"}],"inLanguage":"sv-SE"}]}},"_links":{"self":[{"href":"https:\/\/www.electroluxprofessional.com\/se\/wp-json\/wp\/v2\/pages\/3379"}],"collection":[{"href":"https:\/\/www.electroluxprofessional.com\/se\/wp-json\/wp\/v2\/pages"}],"about":[{"href":"https:\/\/www.electroluxprofessional.com\/se\/wp-json\/wp\/v2\/types\/page"}],"author":[{"embeddable":true,"href":"https:\/\/www.electroluxprofessional.com\/se\/wp-json\/wp\/v2\/users\/1"}],"replies":[{"embeddable":true,"href":"https:\/\/www.electroluxprofessional.com\/se\/wp-json\/wp\/v2\/comments?post=3379"}],"version-history":[{"count":1,"href":"https:\/\/www.electroluxprofessional.com\/se\/wp-json\/wp\/v2\/pages\/3379\/revisions"}],"predecessor-version":[{"id":53851,"href":"https:\/\/www.electroluxprofessional.com\/se\/wp-json\/wp\/v2\/pages\/3379\/revisions\/53851"}],"wp:attachment":[{"href":"https:\/\/www.electroluxprofessional.com\/se\/wp-json\/wp\/v2\/media?parent=3379"}],"curies":[{"name":"wp","href":"https:\/\/api.w.org\/{rel}","templated":true}]}}