{"id":3274,"date":"2017-03-29T06:30:17","date_gmt":"2017-03-29T06:30:17","guid":{"rendered":"https:\/\/www.electroluxprofessional.com\/se\/?page_id=3274"},"modified":"2019-04-08T09:20:32","modified_gmt":"2019-04-08T09:20:32","slug":"torkrum","status":"publish","type":"page","link":"https:\/\/www.electroluxprofessional.com\/se\/laundry\/torkrum\/","title":{"rendered":"Torkrum"},"content":{"rendered":"<p>[vc_row full_width=&#8221;electroluxpro-full-width-no-padding&#8221;][vc_column][elx_hero_slider label_text_color=&#8221;inherit&#8221; images=&#8221;747&#8243;][elx_heading font_container=&#8221;h1&#8243; font_size=&#8221;h2&#8243; text_color=&#8221;inherit&#8221;]Torkrum[\/elx_heading][vc_column_text]<\/p>\n<h3>f\u00f6r en effektiv torkning i torkrummet<\/h3>\n<p>[\/vc_column_text][\/elx_hero_slider][\/vc_column][\/vc_row][vc_row][vc_column][vc_empty_space height=&#8221;50px&#8221;][elx_heading font_size=&#8221;h3&#8243; text_color=&#8221;inherit&#8221; text_align=&#8221;text-center&#8221;]L\u00f6sningar f\u00f6r torkrum i form av v\u00e4rmefl\u00e4ktar, v\u00e4rmepumpar, luftv\u00e4xlingsdon f\u00f6r styrning av rumsluft, takfl\u00e4ktar, torklinor mm.[\/elx_heading][vc_empty_space height=&#8221;30px&#8221;][\/vc_column][\/vc_row][vc_row][vc_column width=&#8221;1\/2&#8243;]<div class=\"product-list-item\"><div class=\"single-product-content\"><a href=\"https:\/\/www.electroluxprofessional.com\/se\/pd\/torkutrustning\/torkrum\/HT400V\/\" target=\"_blank\"><figure class=\"wow fadeIn\"><img decoding=\"async\" src=\"https:\/\/tools.electroluxprofessional.com\/Mirror\/Doc\/ELS%2FPH_255x255%2Fht400v.jpg\" alt=\"HT400V\"><\/figure><h3>HT400V<\/h3><\/a><div class=\"product-description\">Hygrotork varmvatten<\/div><\/div><hr><div class=\"pre-actions\"><div class=\"reviews\"><\/div><\/div><div class=\"action\"><a href=\"https:\/\/www.electroluxprofessional.com\/se\/pd\/torkutrustning\/torkrum\/HT400V\/\" target=\"_blank\" class=\"btn btn-primary\">Mer info<\/a><\/div><\/div>[\/vc_column][vc_column width=&#8221;1\/2&#8243;]<div class=\"product-list-item\"><div class=\"single-product-content\"><a href=\"https:\/\/www.electroluxprofessional.com\/se\/pd\/torkutrustning\/torkrum\/HT400E\/\" target=\"_blank\"><figure class=\"wow fadeIn\"><img decoding=\"async\" src=\"https:\/\/tools.electroluxprofessional.com\/Mirror\/Doc\/ELS%2FPH_255x255%2Fht400e.jpg\" alt=\"HT400E\"><\/figure><h3>HT400E<\/h3><\/a><div class=\"product-description\">Hygrotork El<\/div><\/div><hr><div class=\"pre-actions\"><div class=\"reviews\"><\/div><\/div><div class=\"action\"><a href=\"https:\/\/www.electroluxprofessional.com\/se\/pd\/torkutrustning\/torkrum\/HT400E\/\" target=\"_blank\" class=\"btn btn-primary\">Mer info<\/a><\/div><\/div>[\/vc_column][\/vc_row][vc_row][vc_column][vc_empty_space height=&#8221;50px&#8221;][elx_heading font_size=&#8221;h2&#8243; text_color=&#8221;inherit&#8221; text_align=&#8221;text-center&#8221;]Uppt\u00e4ck vad v\u00e5ra l\u00f6sningar f\u00f6r torkrum kan hj\u00e4lpa dig med[\/elx_heading][elx_o2000_contact_us r=&#8221;Jag vill veta mer om era tillbeh\u00f6r. V\u00e4nligen kontakta mig.&#8221; s=&#8221;F\u00f6rfr\u00e5gan om information om tv\u00e4ttillbeh\u00f6r&#8221; e=&#8221;els.sales@electrolux.se&#8221; country=&#8221;Sweden&#8221; l=&#8221;se&#8221; b=&#8221;laundry&#8221; container=&#8221;elxcontactus1478708427&#8243;][vc_empty_space height=&#8221;50px&#8221;][\/vc_column][\/vc_row][vc_row][vc_column][elx_heading font_size=&#8221;h3&#8243; text_color=&#8221;inherit&#8221; text_align=&#8221;text-center&#8221;]Du kanske ocks\u00e5 \u00e4r intresserad av dessa produkter:[\/elx_heading][\/vc_column][\/vc_row][vc_row][vc_column width=&#8221;1\/3&#8243;][elx_maylike_box id_box=&#8221;2830&#8243;][\/vc_column][vc_column width=&#8221;1\/3&#8243;][elx_maylike_box id_box=&#8221;2855&#8243;][\/vc_column][vc_column width=&#8221;1\/3&#8243;][elx_maylike_box id_box=&#8221;2788&#8243;][\/vc_column][\/vc_row][vc_row][vc_column][vc_empty_space height=&#8221;50px&#8221;][\/vc_column][\/vc_row]<\/p>\n","protected":false},"excerpt":{"rendered":"<p>[vc_row full_width=&#8221;electroluxpro-full-width-no-padding&#8221;][vc_column][elx_hero_slider label_text_color=&#8221;inherit&#8221; images=&#8221;747&#8243;][elx_heading font_container=&#8221;h1&#8243; font_size=&#8221;h2&#8243; text_color=&#8221;inherit&#8221;]Torkrum[\/elx_heading][vc_column_text] f\u00f6r en effektiv torkning i torkrummet [\/vc_column_text][\/elx_hero_slider][\/vc_column][\/vc_row][vc_row][vc_column][vc_empty_space height=&#8221;50px&#8221;][elx_heading font_size=&#8221;h3&#8243; text_color=&#8221;inherit&#8221; text_align=&#8221;text-center&#8221;]L\u00f6sningar f\u00f6r torkrum i form av v\u00e4rmefl\u00e4ktar, v\u00e4rmepumpar, luftv\u00e4xlingsdon f\u00f6r styrning av rumsluft, takfl\u00e4ktar, torklinor mm.[\/elx_heading][vc_empty_space height=&#8221;30px&#8221;][\/vc_column][\/vc_row][vc_row][vc_column width=&#8221;1\/2&#8243;][\/vc_column][vc_column width=&#8221;1\/2&#8243;][\/vc_column][\/vc_row][vc_row][vc_column][vc_empty_space height=&#8221;50px&#8221;][elx_heading font_size=&#8221;h2&#8243; text_color=&#8221;inherit&#8221; text_align=&#8221;text-center&#8221;]Uppt\u00e4ck vad v\u00e5ra l\u00f6sningar f\u00f6r torkrum kan hj\u00e4lpa dig med[\/elx_heading][elx_o2000_contact_us r=&#8221;Jag vill veta mer om era [&hellip;]<\/p>\n","protected":false},"author":5,"featured_media":0,"parent":2396,"menu_order":0,"comment_status":"closed","ping_status":"closed","template":"","meta":{"footnotes":""},"class_list":["post-3274","page","type-page","status-publish","hentry"],"acf":[],"yoast_head":"<!-- This site is optimized with the Yoast SEO plugin v23.3 - https:\/\/yoast.com\/wordpress\/plugins\/seo\/ -->\n<title>Torkrum - Electrolux Professional Sweden | Effektiva torkl\u00f6sningar<\/title>\n<meta name=\"description\" content=\"L\u00f6sningar f\u00f6r torkrum fr\u00e5n Electrolux Professional Sweden. F\u00f6r en effektiv torkning i torkrummet. Uppt\u00e4ck vad v\u00e5ra l\u00f6sningar kan hj\u00e4lpa dig med!\" \/>\n<meta name=\"robots\" content=\"index, follow, max-snippet:-1, max-image-preview:large, max-video-preview:-1\" \/>\n<link rel=\"canonical\" href=\"https:\/\/www.electroluxprofessional.com\/se\/laundry\/torkrum\/\" \/>\n<meta property=\"og:locale\" content=\"sv_SE\" \/>\n<meta property=\"og:type\" content=\"article\" \/>\n<meta property=\"og:title\" content=\"Torkrum - Electrolux Professional Sweden | Effektiva torkl\u00f6sningar\" \/>\n<meta property=\"og:description\" content=\"L\u00f6sningar f\u00f6r torkrum fr\u00e5n Electrolux Professional Sweden. F\u00f6r en effektiv torkning i torkrummet. Uppt\u00e4ck vad v\u00e5ra l\u00f6sningar kan hj\u00e4lpa dig med!\" \/>\n<meta property=\"og:url\" content=\"https:\/\/www.electroluxprofessional.com\/se\/laundry\/torkrum\/\" \/>\n<meta property=\"og:site_name\" content=\"Electrolux Professional Sverige\" \/>\n<meta property=\"article:modified_time\" content=\"2019-04-08T09:20:32+00:00\" \/>\n<meta name=\"twitter:card\" content=\"summary_large_image\" \/>\n<meta name=\"twitter:label1\" content=\"Ber\u00e4knad l\u00e4stid\" \/>\n\t<meta name=\"twitter:data1\" content=\"2 minuter\" \/>\n<script type=\"application\/ld+json\" class=\"yoast-schema-graph\">{\"@context\":\"https:\/\/schema.org\",\"@graph\":[{\"@type\":\"WebPage\",\"@id\":\"https:\/\/www.electroluxprofessional.com\/se\/laundry\/torkrum\/\",\"url\":\"https:\/\/www.electroluxprofessional.com\/se\/laundry\/torkrum\/\",\"name\":\"Torkrum - Electrolux Professional Sweden | Effektiva torkl\u00f6sningar\",\"isPartOf\":{\"@id\":\"https:\/\/www.electroluxprofessional.com\/se\/#website\"},\"datePublished\":\"2017-03-29T06:30:17+00:00\",\"dateModified\":\"2019-04-08T09:20:32+00:00\",\"description\":\"L\u00f6sningar f\u00f6r torkrum fr\u00e5n Electrolux Professional Sweden. F\u00f6r en effektiv torkning i torkrummet. Uppt\u00e4ck vad v\u00e5ra l\u00f6sningar kan hj\u00e4lpa dig med!\",\"breadcrumb\":{\"@id\":\"https:\/\/www.electroluxprofessional.com\/se\/laundry\/torkrum\/#breadcrumb\"},\"inLanguage\":\"sv-SE\",\"potentialAction\":[{\"@type\":\"ReadAction\",\"target\":[\"https:\/\/www.electroluxprofessional.com\/se\/laundry\/torkrum\/\"]}]},{\"@type\":\"BreadcrumbList\",\"@id\":\"https:\/\/www.electroluxprofessional.com\/se\/laundry\/torkrum\/#breadcrumb\",\"itemListElement\":[{\"@type\":\"ListItem\",\"position\":1,\"name\":\"Home\",\"item\":\"https:\/\/www.electroluxprofessional.com\/se\/\"},{\"@type\":\"ListItem\",\"position\":2,\"name\":\"Laundry\",\"item\":\"https:\/\/www.electroluxprofessional.com\/se\/laundry\/\"},{\"@type\":\"ListItem\",\"position\":3,\"name\":\"Torkrum\"}]},{\"@type\":\"WebSite\",\"@id\":\"https:\/\/www.electroluxprofessional.com\/se\/#website\",\"url\":\"https:\/\/www.electroluxprofessional.com\/se\/\",\"name\":\"Electrolux Professional Sverige\",\"description\":\"\",\"potentialAction\":[{\"@type\":\"SearchAction\",\"target\":{\"@type\":\"EntryPoint\",\"urlTemplate\":\"https:\/\/www.electroluxprofessional.com\/se\/?src={search_term_string}\"},\"query-input\":\"required name=search_term_string\"}],\"inLanguage\":\"sv-SE\"}]}<\/script>\n<!-- \/ Yoast SEO plugin. -->","yoast_head_json":{"title":"Torkrum - Electrolux Professional Sweden | Effektiva torkl\u00f6sningar","description":"L\u00f6sningar f\u00f6r torkrum fr\u00e5n Electrolux Professional Sweden. F\u00f6r en effektiv torkning i torkrummet. Uppt\u00e4ck vad v\u00e5ra l\u00f6sningar kan hj\u00e4lpa dig med!","robots":{"index":"index","follow":"follow","max-snippet":"max-snippet:-1","max-image-preview":"max-image-preview:large","max-video-preview":"max-video-preview:-1"},"canonical":"https:\/\/www.electroluxprofessional.com\/se\/laundry\/torkrum\/","og_locale":"sv_SE","og_type":"article","og_title":"Torkrum - Electrolux Professional Sweden | Effektiva torkl\u00f6sningar","og_description":"L\u00f6sningar f\u00f6r torkrum fr\u00e5n Electrolux Professional Sweden. F\u00f6r en effektiv torkning i torkrummet. Uppt\u00e4ck vad v\u00e5ra l\u00f6sningar kan hj\u00e4lpa dig med!","og_url":"https:\/\/www.electroluxprofessional.com\/se\/laundry\/torkrum\/","og_site_name":"Electrolux Professional Sverige","article_modified_time":"2019-04-08T09:20:32+00:00","twitter_card":"summary_large_image","twitter_misc":{"Ber\u00e4knad l\u00e4stid":"2 minuter"},"schema":{"@context":"https:\/\/schema.org","@graph":[{"@type":"WebPage","@id":"https:\/\/www.electroluxprofessional.com\/se\/laundry\/torkrum\/","url":"https:\/\/www.electroluxprofessional.com\/se\/laundry\/torkrum\/","name":"Torkrum - Electrolux Professional Sweden | Effektiva torkl\u00f6sningar","isPartOf":{"@id":"https:\/\/www.electroluxprofessional.com\/se\/#website"},"datePublished":"2017-03-29T06:30:17+00:00","dateModified":"2019-04-08T09:20:32+00:00","description":"L\u00f6sningar f\u00f6r torkrum fr\u00e5n Electrolux Professional Sweden. F\u00f6r en effektiv torkning i torkrummet. Uppt\u00e4ck vad v\u00e5ra l\u00f6sningar kan hj\u00e4lpa dig med!","breadcrumb":{"@id":"https:\/\/www.electroluxprofessional.com\/se\/laundry\/torkrum\/#breadcrumb"},"inLanguage":"sv-SE","potentialAction":[{"@type":"ReadAction","target":["https:\/\/www.electroluxprofessional.com\/se\/laundry\/torkrum\/"]}]},{"@type":"BreadcrumbList","@id":"https:\/\/www.electroluxprofessional.com\/se\/laundry\/torkrum\/#breadcrumb","itemListElement":[{"@type":"ListItem","position":1,"name":"Home","item":"https:\/\/www.electroluxprofessional.com\/se\/"},{"@type":"ListItem","position":2,"name":"Laundry","item":"https:\/\/www.electroluxprofessional.com\/se\/laundry\/"},{"@type":"ListItem","position":3,"name":"Torkrum"}]},{"@type":"WebSite","@id":"https:\/\/www.electroluxprofessional.com\/se\/#website","url":"https:\/\/www.electroluxprofessional.com\/se\/","name":"Electrolux Professional Sverige","description":"","potentialAction":[{"@type":"SearchAction","target":{"@type":"EntryPoint","urlTemplate":"https:\/\/www.electroluxprofessional.com\/se\/?src={search_term_string}"},"query-input":"required name=search_term_string"}],"inLanguage":"sv-SE"}]}},"_links":{"self":[{"href":"https:\/\/www.electroluxprofessional.com\/se\/wp-json\/wp\/v2\/pages\/3274"}],"collection":[{"href":"https:\/\/www.electroluxprofessional.com\/se\/wp-json\/wp\/v2\/pages"}],"about":[{"href":"https:\/\/www.electroluxprofessional.com\/se\/wp-json\/wp\/v2\/types\/page"}],"author":[{"embeddable":true,"href":"https:\/\/www.electroluxprofessional.com\/se\/wp-json\/wp\/v2\/users\/5"}],"replies":[{"embeddable":true,"href":"https:\/\/www.electroluxprofessional.com\/se\/wp-json\/wp\/v2\/comments?post=3274"}],"version-history":[{"count":15,"href":"https:\/\/www.electroluxprofessional.com\/se\/wp-json\/wp\/v2\/pages\/3274\/revisions"}],"predecessor-version":[{"id":6082,"href":"https:\/\/www.electroluxprofessional.com\/se\/wp-json\/wp\/v2\/pages\/3274\/revisions\/6082"}],"up":[{"embeddable":true,"href":"https:\/\/www.electroluxprofessional.com\/se\/wp-json\/wp\/v2\/pages\/2396"}],"wp:attachment":[{"href":"https:\/\/www.electroluxprofessional.com\/se\/wp-json\/wp\/v2\/media?parent=3274"}],"curies":[{"name":"wp","href":"https:\/\/api.w.org\/{rel}","templated":true}]}}