{"id":3218,"date":"2017-03-24T12:13:00","date_gmt":"2017-03-24T12:13:00","guid":{"rendered":"https:\/\/www.electroluxprofessional.com\/se\/?page_id=3218"},"modified":"2024-06-24T13:15:17","modified_gmt":"2024-06-24T12:15:17","slug":"referensmaskiner","status":"publish","type":"page","link":"https:\/\/www.electroluxprofessional.com\/se\/tvatt\/referensmaskiner\/","title":{"rendered":"Referensmaskiner"},"content":{"rendered":"<p>[vc_row full_width=&#8221;electroluxpro-full-width-no-padding&#8221;][vc_column][elx_hero_slider label_text_color=&#8221;inherit&#8221; images=&#8221;18728&#8243;][elx_heading font_container=&#8221;h1&#8243; font_size=&#8221;h3&#8243; text_color=&#8221;inherit&#8221;]Referens-<br \/>\nmaskiner[\/elx_heading][vc_column_text]<\/p>\n<h3>Electrolux Professional s\u00e4tter standarden f\u00f6r tv\u00e4tt och torkning \u00f6ver hela v\u00e4rlden.<\/h3>\n<p>[\/vc_column_text][\/elx_hero_slider][\/vc_column][\/vc_row][vc_row][vc_column][\/vc_column][\/vc_row][vc_row][vc_column width=&#8221;1\/2&#8243;][vc_empty_space][elx_image_block background_image=&#8221;18692&#8243; minimum_height=&#8221;400px&#8221;][vc_empty_space][\/vc_column][vc_column width=&#8221;1\/2&#8243;][vc_empty_space][vc_column_text]<\/p>\n<h3>Referensmaskiner f\u00f6r laboratorium<\/h3>\n<p>I och med lanseringen av LAB-torkmaskinen\u00a0erbjuder Electrolux Professional en komplett, professionell l\u00f6sning f\u00f6r laboratoriemilj\u00f6er.<\/p>\n<p>Den nya Elextrolux Pofessional LAB-torkmaskinen \u00e4r specialdesignad och utvecklad f\u00f6r att m\u00f6ta kraven i ISO 6330-standarden.<\/p>\n<p>Tillsammans med referens-tv\u00e4ttmaskinerna fr\u00e5n Wascator utg\u00f6r den en oslagbar duo: ett integrerat system f\u00f6r att testa standarder, tyger och kl\u00e4der.[\/vc_column_text][vc_empty_space][\/vc_column][\/vc_row][vc_row][vc_column width=&#8221;2\/3&#8243;][vc_column_text]<\/p>\n<h3>Sedan 1969<\/h3>\n<p>Sedan 1969, \u00e4r den v\u00e4lk\u00e4nda Wascator FOM71 CLS <strong>referensmaskin f\u00f6r tester av tv\u00e4ttprestanda<\/strong> inom vitvarubranschen och f\u00f6r tester av textiler.<\/p>\n<p>Den har nu f\u00e5tt s\u00e4llskap av den ideala partnern: <strong>den nya LAB torkmaskinen<\/strong> som erbjuder kunder, som exempelvis tygtillverkare, st\u00f6rre \u00e5terf\u00f6rs\u00e4ljare, fiberlaboratorier och test-f\u00f6retag &#8211; samma f\u00f6rdelar i termer av uth\u00e5llighet, noggrannhet och p\u00e5litlighet.[\/vc_column_text][\/vc_column][vc_column width=&#8221;1\/3&#8243;][vc_empty_space][vc_single_image image=&#8221;879&#8243; img_size=&#8221;full&#8221; alignment=&#8221;right&#8221; style=&#8221;vc_box_circle_2&#8243;][\/vc_column][\/vc_row][vc_row][vc_column][elx_heading font_size=&#8221;h3&#8243; text_color=&#8221;inherit&#8221; text_align=&#8221;text-center&#8221;]M\u00f6ter dina behov av standarder inom tv\u00e4ttning och torkning[\/elx_heading][vc_empty_space][vc_single_image image=&#8221;1944&#8243; img_size=&#8221;full&#8221; alignment=&#8221;center&#8221; onclick=&#8221;img_link_large&#8221;][vc_empty_space height=&#8221;50px&#8221;][\/vc_column][\/vc_row][vc_row][vc_column][elx_heading text_color=&#8221;inherit&#8221; text_align=&#8221;text-center&#8221;]Uppt\u00e4ck f\u00f6rdelarna med v\u00e5ra laboratoriemaskiner[\/elx_heading][elx_o2000_contact_us r=&#8221;Jag vill g\u00e4rna veta mer om era referensmaskiner, v\u00e4nligen kontakta mig.&#8221; s=&#8221;Jag vill g\u00e4rna veta mer om era referensmaskiner.&#8221; country=&#8221;Sweden&#8221; b=&#8221;laundry&#8221; l=&#8221;se&#8221; e=&#8221;els.sales@electrolux.se&#8221; container=&#8221;elxcontactus1478701232&#8243;][\/vc_column][\/vc_row][vc_row][vc_column][vc_empty_space height=&#8221;50px&#8221;][elx_heading font_size=&#8221;h3&#8243; text_color=&#8221;inherit&#8221; text_align=&#8221;text-center&#8221;]Hitta din kompletta l\u00f6sning[\/elx_heading][\/vc_column][\/vc_row][vc_row][vc_column width=&#8221;1\/3&#8243;][elx_maylike_box id_box=&#8221;2834&#8243;][\/vc_column][vc_column width=&#8221;1\/3&#8243;][elx_maylike_box id_box=&#8221;2855&#8243;][\/vc_column][vc_column width=&#8221;1\/3&#8243;][elx_maylike_box id_box=&#8221;2824&#8243;][\/vc_column][\/vc_row][vc_row][vc_column][vc_empty_space height=&#8221;50px&#8221;][\/vc_column][\/vc_row]<\/p>\n","protected":false},"excerpt":{"rendered":"<p>[vc_row full_width=&#8221;electroluxpro-full-width-no-padding&#8221;][vc_column][elx_hero_slider label_text_color=&#8221;inherit&#8221; images=&#8221;18728&#8243;][elx_heading font_container=&#8221;h1&#8243; font_size=&#8221;h3&#8243; text_color=&#8221;inherit&#8221;]Referens- maskiner[\/elx_heading][vc_column_text] Electrolux Professional s\u00e4tter standarden f\u00f6r tv\u00e4tt och torkning \u00f6ver hela v\u00e4rlden. [\/vc_column_text][\/elx_hero_slider][\/vc_column][\/vc_row][vc_row][vc_column][\/vc_column][\/vc_row][vc_row][vc_column width=&#8221;1\/2&#8243;][vc_empty_space][elx_image_block background_image=&#8221;18692&#8243; minimum_height=&#8221;400px&#8221;][vc_empty_space][\/vc_column][vc_column width=&#8221;1\/2&#8243;][vc_empty_space][vc_column_text] Referensmaskiner f\u00f6r laboratorium I och med lanseringen av LAB-torkmaskinen\u00a0erbjuder Electrolux Professional en komplett, professionell l\u00f6sning f\u00f6r laboratoriemilj\u00f6er. Den nya Elextrolux Pofessional LAB-torkmaskinen \u00e4r specialdesignad och utvecklad f\u00f6r att m\u00f6ta kraven i [&hellip;]<\/p>\n","protected":false},"author":3,"featured_media":0,"parent":51211,"menu_order":0,"comment_status":"closed","ping_status":"closed","template":"","meta":{"footnotes":""},"class_list":["post-3218","page","type-page","status-publish","hentry"],"acf":[],"yoast_head":"<!-- This site is optimized with the Yoast SEO plugin v23.3 - https:\/\/yoast.com\/wordpress\/plugins\/seo\/ -->\n<title>Referensmaskiner f\u00f6r laboratoriemilj\u00f6 - Electrolux Professional<\/title>\n<meta name=\"description\" content=\"Referensmaskiner fr\u00e5n Electrolux Professional s\u00e4tter standarden f\u00f6r tv\u00e4ttmaskiner \u00f6ver hela v\u00e4rlden. Maskinerna kan anv\u00e4ndas f\u00f6r laboratorier.\" \/>\n<meta name=\"robots\" content=\"index, follow, max-snippet:-1, max-image-preview:large, max-video-preview:-1\" \/>\n<link rel=\"canonical\" href=\"https:\/\/www.electroluxprofessional.com\/se\/tvatt\/referensmaskiner\/\" \/>\n<meta property=\"og:locale\" content=\"sv_SE\" \/>\n<meta property=\"og:type\" content=\"article\" \/>\n<meta property=\"og:title\" content=\"Referensmaskiner f\u00f6r laboratoriemilj\u00f6 - Electrolux Professional\" \/>\n<meta property=\"og:description\" content=\"Referensmaskiner fr\u00e5n Electrolux Professional s\u00e4tter standarden f\u00f6r tv\u00e4ttmaskiner \u00f6ver hela v\u00e4rlden. Maskinerna kan anv\u00e4ndas f\u00f6r laboratorier.\" \/>\n<meta property=\"og:url\" content=\"https:\/\/www.electroluxprofessional.com\/se\/tvatt\/referensmaskiner\/\" \/>\n<meta property=\"og:site_name\" content=\"Electrolux Professional Sverige\" \/>\n<meta property=\"article:modified_time\" content=\"2024-06-24T12:15:17+00:00\" \/>\n<meta name=\"twitter:card\" content=\"summary_large_image\" \/>\n<meta name=\"twitter:label1\" content=\"Ber\u00e4knad l\u00e4stid\" \/>\n\t<meta name=\"twitter:data1\" content=\"1 minut\" \/>\n<script type=\"application\/ld+json\" class=\"yoast-schema-graph\">{\"@context\":\"https:\/\/schema.org\",\"@graph\":[{\"@type\":\"WebPage\",\"@id\":\"https:\/\/www.electroluxprofessional.com\/se\/tvatt\/referensmaskiner\/\",\"url\":\"https:\/\/www.electroluxprofessional.com\/se\/tvatt\/referensmaskiner\/\",\"name\":\"Referensmaskiner f\u00f6r laboratoriemilj\u00f6 - Electrolux Professional\",\"isPartOf\":{\"@id\":\"https:\/\/www.electroluxprofessional.com\/se\/#website\"},\"datePublished\":\"2017-03-24T12:13:00+00:00\",\"dateModified\":\"2024-06-24T12:15:17+00:00\",\"description\":\"Referensmaskiner fr\u00e5n Electrolux Professional s\u00e4tter standarden f\u00f6r tv\u00e4ttmaskiner \u00f6ver hela v\u00e4rlden. Maskinerna kan anv\u00e4ndas f\u00f6r laboratorier.\",\"breadcrumb\":{\"@id\":\"https:\/\/www.electroluxprofessional.com\/se\/tvatt\/referensmaskiner\/#breadcrumb\"},\"inLanguage\":\"sv-SE\",\"potentialAction\":[{\"@type\":\"ReadAction\",\"target\":[\"https:\/\/www.electroluxprofessional.com\/se\/tvatt\/referensmaskiner\/\"]}]},{\"@type\":\"BreadcrumbList\",\"@id\":\"https:\/\/www.electroluxprofessional.com\/se\/tvatt\/referensmaskiner\/#breadcrumb\",\"itemListElement\":[{\"@type\":\"ListItem\",\"position\":1,\"name\":\"Home\",\"item\":\"https:\/\/www.electroluxprofessional.com\/se\/\"},{\"@type\":\"ListItem\",\"position\":2,\"name\":\"Tv\u00e4tt\",\"item\":\"https:\/\/www.electroluxprofessional.com\/se\/tvatt\/\"},{\"@type\":\"ListItem\",\"position\":3,\"name\":\"Referensmaskiner\"}]},{\"@type\":\"WebSite\",\"@id\":\"https:\/\/www.electroluxprofessional.com\/se\/#website\",\"url\":\"https:\/\/www.electroluxprofessional.com\/se\/\",\"name\":\"Electrolux Professional Sverige\",\"description\":\"\",\"potentialAction\":[{\"@type\":\"SearchAction\",\"target\":{\"@type\":\"EntryPoint\",\"urlTemplate\":\"https:\/\/www.electroluxprofessional.com\/se\/?src={search_term_string}\"},\"query-input\":\"required name=search_term_string\"}],\"inLanguage\":\"sv-SE\"}]}<\/script>\n<!-- \/ Yoast SEO plugin. -->","yoast_head_json":{"title":"Referensmaskiner f\u00f6r laboratoriemilj\u00f6 - Electrolux Professional","description":"Referensmaskiner fr\u00e5n Electrolux Professional s\u00e4tter standarden f\u00f6r tv\u00e4ttmaskiner \u00f6ver hela v\u00e4rlden. Maskinerna kan anv\u00e4ndas f\u00f6r laboratorier.","robots":{"index":"index","follow":"follow","max-snippet":"max-snippet:-1","max-image-preview":"max-image-preview:large","max-video-preview":"max-video-preview:-1"},"canonical":"https:\/\/www.electroluxprofessional.com\/se\/tvatt\/referensmaskiner\/","og_locale":"sv_SE","og_type":"article","og_title":"Referensmaskiner f\u00f6r laboratoriemilj\u00f6 - Electrolux Professional","og_description":"Referensmaskiner fr\u00e5n Electrolux Professional s\u00e4tter standarden f\u00f6r tv\u00e4ttmaskiner \u00f6ver hela v\u00e4rlden. Maskinerna kan anv\u00e4ndas f\u00f6r laboratorier.","og_url":"https:\/\/www.electroluxprofessional.com\/se\/tvatt\/referensmaskiner\/","og_site_name":"Electrolux Professional Sverige","article_modified_time":"2024-06-24T12:15:17+00:00","twitter_card":"summary_large_image","twitter_misc":{"Ber\u00e4knad l\u00e4stid":"1 minut"},"schema":{"@context":"https:\/\/schema.org","@graph":[{"@type":"WebPage","@id":"https:\/\/www.electroluxprofessional.com\/se\/tvatt\/referensmaskiner\/","url":"https:\/\/www.electroluxprofessional.com\/se\/tvatt\/referensmaskiner\/","name":"Referensmaskiner f\u00f6r laboratoriemilj\u00f6 - Electrolux Professional","isPartOf":{"@id":"https:\/\/www.electroluxprofessional.com\/se\/#website"},"datePublished":"2017-03-24T12:13:00+00:00","dateModified":"2024-06-24T12:15:17+00:00","description":"Referensmaskiner fr\u00e5n Electrolux Professional s\u00e4tter standarden f\u00f6r tv\u00e4ttmaskiner \u00f6ver hela v\u00e4rlden. Maskinerna kan anv\u00e4ndas f\u00f6r laboratorier.","breadcrumb":{"@id":"https:\/\/www.electroluxprofessional.com\/se\/tvatt\/referensmaskiner\/#breadcrumb"},"inLanguage":"sv-SE","potentialAction":[{"@type":"ReadAction","target":["https:\/\/www.electroluxprofessional.com\/se\/tvatt\/referensmaskiner\/"]}]},{"@type":"BreadcrumbList","@id":"https:\/\/www.electroluxprofessional.com\/se\/tvatt\/referensmaskiner\/#breadcrumb","itemListElement":[{"@type":"ListItem","position":1,"name":"Home","item":"https:\/\/www.electroluxprofessional.com\/se\/"},{"@type":"ListItem","position":2,"name":"Tv\u00e4tt","item":"https:\/\/www.electroluxprofessional.com\/se\/tvatt\/"},{"@type":"ListItem","position":3,"name":"Referensmaskiner"}]},{"@type":"WebSite","@id":"https:\/\/www.electroluxprofessional.com\/se\/#website","url":"https:\/\/www.electroluxprofessional.com\/se\/","name":"Electrolux Professional Sverige","description":"","potentialAction":[{"@type":"SearchAction","target":{"@type":"EntryPoint","urlTemplate":"https:\/\/www.electroluxprofessional.com\/se\/?src={search_term_string}"},"query-input":"required name=search_term_string"}],"inLanguage":"sv-SE"}]}},"_links":{"self":[{"href":"https:\/\/www.electroluxprofessional.com\/se\/wp-json\/wp\/v2\/pages\/3218"}],"collection":[{"href":"https:\/\/www.electroluxprofessional.com\/se\/wp-json\/wp\/v2\/pages"}],"about":[{"href":"https:\/\/www.electroluxprofessional.com\/se\/wp-json\/wp\/v2\/types\/page"}],"author":[{"embeddable":true,"href":"https:\/\/www.electroluxprofessional.com\/se\/wp-json\/wp\/v2\/users\/3"}],"replies":[{"embeddable":true,"href":"https:\/\/www.electroluxprofessional.com\/se\/wp-json\/wp\/v2\/comments?post=3218"}],"version-history":[{"count":11,"href":"https:\/\/www.electroluxprofessional.com\/se\/wp-json\/wp\/v2\/pages\/3218\/revisions"}],"predecessor-version":[{"id":18732,"href":"https:\/\/www.electroluxprofessional.com\/se\/wp-json\/wp\/v2\/pages\/3218\/revisions\/18732"}],"up":[{"embeddable":true,"href":"https:\/\/www.electroluxprofessional.com\/se\/wp-json\/wp\/v2\/pages\/51211"}],"wp:attachment":[{"href":"https:\/\/www.electroluxprofessional.com\/se\/wp-json\/wp\/v2\/media?parent=3218"}],"curies":[{"name":"wp","href":"https:\/\/api.w.org\/{rel}","templated":true}]}}