{"id":3067,"date":"2017-03-22T14:37:14","date_gmt":"2017-03-22T14:37:14","guid":{"rendered":"https:\/\/www.electroluxprofessional.com\/se\/?page_id=3067"},"modified":"2020-02-05T14:12:24","modified_gmt":"2020-02-05T14:12:24","slug":"for-the-better","status":"publish","type":"page","link":"https:\/\/www.electroluxprofessional.com\/se\/for-the-better\/","title":{"rendered":"For the Better"},"content":{"rendered":"<p>[vc_row full_width=&#8221;electroluxpro-full-width-no-padding&#8221;][vc_column][elx_hero_title label=&#8221;&#8221; label_background_color=&#8221;inherit&#8221; background_image=&#8221;660&#8243;][\/elx_hero_title][\/vc_column][\/vc_row][vc_row][vc_column][elx_heading font_container=&#8221;h1&#8243; font_size=&#8221;h2&#8243; text_color=&#8221;inherit&#8221;]<\/p>\n<p style=\"text-align: center;\">Vi vill skapa b\u00e4ttre l\u00f6sningar som g\u00f6r en positiv skillnad i ditt dagliga liv &#8211; och f\u00f6r v\u00e5r planet.<\/p>\n<p>[\/elx_heading][\/vc_column][\/vc_row][vc_row][vc_column][vc_column_text css_animation=&#8221;appear&#8221;]<\/p>\n<h3 style=\"text-align: center;\">H\u00e5llbara l\u00f6sningar f\u00f6r alla<\/h3>\n<p>[\/vc_column_text][\/vc_column][\/vc_row][vc_row][vc_column css=&#8221;.vc_custom_1464253757950{padding-bottom: 30px !important;}&#8221;][vc_column_text]Vi vill skapa b\u00e4ttre l\u00f6sningar som g\u00f6r en positiv skillnad i ditt dagliga liv \u2013 och f\u00f6r v\u00e5r planet.<\/p>\n<p>Utmaningarna \u00e4r m\u00e5nga.<br \/>\nMen genom att arbeta tillsammans f\u00f6r att finna h\u00e5llbara l\u00f6sningar som gynnar alla kommer vi att forts\u00e4tta att minska v\u00e5r milj\u00f6p\u00e5verkan f\u00f6r varje dag.<\/p>\n<p>[\/vc_column_text][\/vc_column][\/vc_row][vc_row][vc_column width=&#8221;1\/2&#8243;][elx_simple_link_block link=&#8221;url:https%3A%2F%2Fprofessional.electrolux.se%2Ffood-professionella-storkok-och-restauranger%2Fkyl-och-frysskap%2F|title:Kyl-%20%26%20Frysutrustning||&#8221; text_align=&#8221;text-left&#8221; text_color=&#8221;inherit&#8221; background_color=&#8221;inherit&#8221; background_hover_color=&#8221;darker-hover&#8221; extra_class=&#8221;&#8221; reveal_effect=&#8221;&#8221; reveal_duration=&#8221;&#8221; reveal_delay=&#8221;&#8221;][vc_single_image image=&#8221;665&#8243; img_size=&#8221;full&#8221; alignment=&#8221;center&#8221;][elx_heading font_container=&#8221;h3&#8243; text_color=&#8221;inherit&#8221;]<span style=\"color: #f08452;\">V\u00e4lj r\u00e4tt kyl- &amp; fryssk\u00e5p<\/span>[\/elx_heading][vc_column_text]Med den nya generationens kyl-\/fryssk\u00e5p sparar du p\u00e5 b\u00e5de pengar och milj\u00f6.[\/vc_column_text][\/elx_simple_link_block][\/vc_column][vc_column width=&#8221;1\/2&#8243;][elx_simple_link_block link=&#8221;url:https%3A%2F%2Fprofessional.electrolux.se%2Fhuvdiskmaskin%2F|title:Huvdiskmaskin||&#8221; text_align=&#8221;text-left&#8221; text_color=&#8221;inherit&#8221; background_color=&#8221;inherit&#8221; background_hover_color=&#8221;darker-hover&#8221; extra_class=&#8221;&#8221; reveal_effect=&#8221;&#8221; reveal_duration=&#8221;&#8221; reveal_delay=&#8221;&#8221;][vc_single_image image=&#8221;666&#8243; img_size=&#8221;full&#8221;][elx_heading font_container=&#8221;h3&#8243; text_color=&#8221;inherit&#8221;]<span style=\"color: #f08452;\">Spara med Green&amp;Clean<\/span>[\/elx_heading][vc_column_text]Green&amp;clean huvdiskmaskiner ger maximala besparingar tack vare l\u00e5g konsumtion av energi, kem och vatten.[\/vc_column_text][\/elx_simple_link_block][\/vc_column][\/vc_row][vc_row][vc_column width=&#8221;1\/2&#8243;][elx_simple_link_block link=&#8221;|title:Laundry%20Shops%20||&#8221; text_align=&#8221;text-left&#8221; text_color=&#8221;inherit&#8221; background_color=&#8221;inherit&#8221; background_hover_color=&#8221;darker-hover&#8221; extra_class=&#8221;&#8221; reveal_effect=&#8221;&#8221; reveal_duration=&#8221;&#8221; reveal_delay=&#8221;&#8221;][vc_single_image image=&#8221;663&#8243; img_size=&#8221;full&#8221; alignment=&#8221;center&#8221;][elx_heading font_container=&#8221;h3&#8243; text_color=&#8221;inherit&#8221;]<span style=\"color: #f08452;\">Eliminera skadliga tillsatser<\/span>[\/elx_heading][vc_column_text]<strong>Lagoon Advanced Care<\/strong> \u00e4r en milj\u00f6v\u00e4nlig tv\u00e4ttl\u00f6sning med endast <strong>v\u00e4lbepr\u00f6vade tillsatser<\/strong> och <strong>vatten<\/strong> som l\u00f6sningsmedel.[\/vc_column_text][\/elx_simple_link_block][\/vc_column][vc_column width=&#8221;1\/2&#8243;][elx_simple_link_block link=&#8221;url:https%3A%2F%2Fprofessional.electrolux.se%2Flaundry%2Fheat-pump-dryers%2F|title:Heat%20pump%20dryer||&#8221; text_align=&#8221;text-left&#8221; text_color=&#8221;inherit&#8221; background_color=&#8221;inherit&#8221; background_hover_color=&#8221;darker-hover&#8221; extra_class=&#8221;&#8221; reveal_effect=&#8221;&#8221; reveal_duration=&#8221;&#8221; reveal_delay=&#8221;&#8221;][vc_single_image image=&#8221;664&#8243; img_size=&#8221;full&#8221; alignment=&#8221;center&#8221;][elx_heading font_container=&#8221;h3&#8243; text_color=&#8221;inherit&#8221;]<span style=\"color: #f08452;\">60% l\u00e4gre energif\u00f6rbrukning<\/span>[\/elx_heading][vc_column_text]Den effektiva <strong>v\u00e4rmepumpstekniken<\/strong> l\u00e5ter kunderna <strong>spara upp till 60% energi<\/strong>. Kapaciteten och kvaliteten f\u00f6rblir p\u00e5 <strong>samma h\u00f6ga niv\u00e5<\/strong>.[\/vc_column_text][\/elx_simple_link_block][\/vc_column][\/vc_row][vc_row][vc_column][vc_empty_space height=&#8221;50px&#8221;][\/vc_column][\/vc_row][vc_row disable_element=&#8221;yes&#8221;][vc_column][vc_column_text css_animation=&#8221;appear&#8221;]<\/p>\n<h3 style=\"text-align: center;\">It&#8217;s better to think of work safety<\/h3>\n<p>[\/vc_column_text][\/vc_column][\/vc_row][vc_row full_width=&#8221;electroluxpro-container-no-padding&#8221; equal_height=&#8221;yes&#8221; disable_element=&#8221;yes&#8221; css=&#8221;.vc_custom_1485504714043{padding-top: 20px !important;padding-bottom: 20px !important;background-color: #f7f6f6 !important;}&#8221;][vc_column width=&#8221;1\/3&#8243;][elx_image_block background_image=&#8221;661&#8243; minimum_height=&#8221;200px&#8221;][\/vc_column][vc_column width=&#8221;1\/3&#8243;][elx_simple_block text_align=&#8221;text-center&#8221; text_color=&#8221;white&#8221; background_color=&#8221;electrolux-blue&#8221;][elx_heading font_container=&#8221;h3&#8243; text_color=&#8221;inherit&#8221;]<span style=\"color: #ffffff;\">Imagine a zero risk\u00a0 workplace<\/span>[\/elx_heading][vc_column_text]<\/p>\n<p class=\" inherit inherit inherit\" style=\"text-align: center;\">Safety is not a nice-to-have option<\/p>\n<p>[\/vc_column_text][elx_button button_text=&#8221;Find out more &#8221; button_link=&#8221;url:https%3A%2F%2Fwww.electroluxprofessional.com%2Fsafety%2F|title:Find%20out%20more|&#8221;][\/elx_simple_block][\/vc_column][vc_column width=&#8221;1\/3&#8243;][elx_image_block background_image=&#8221;662&#8243; minimum_height=&#8221;200px&#8221;][\/vc_column][\/vc_row][vc_row][vc_column width=&#8221;1\/2&#8243;][elx_simple_link_block link=&#8221;url:https%3A%2F%2Fprofessional.electrolux.se%2Ffor-the-better%2Fle-produkter%2F|||&#8221; text_align=&#8221;text-left&#8221; text_color=&#8221;inherit&#8221; background_color=&#8221;inherit&#8221; background_hover_color=&#8221;darker-hover&#8221; extra_class=&#8221;&#8221; reveal_effect=&#8221;&#8221; reveal_duration=&#8221;&#8221; reveal_delay=&#8221;&#8221;][vc_single_image image=&#8221;4290&#8243; img_size=&#8221;full&#8221;][elx_heading font_container=&#8221;h3&#8243; text_color=&#8221;inherit&#8221;]<span style=\"color: #f08452;\">Halverad driftskostnad<\/span>[\/elx_heading][vc_column_text]Visste du att driftskostnaderna st\u00e5r f\u00f6r \u00f6ver 90 % av totalkostnaden f\u00f6r en tv\u00e4ttmaskin? Med v\u00e5rt LE-koncept s\u00e4nker du kostnaden f\u00f6r vatten och energi i tv\u00e4ttstugan med mer \u00e4n 50%. Bra f\u00f6r ekonomin \u2013 och f\u00f6r v\u00e5r planet.[\/vc_column_text][\/elx_simple_link_block][\/vc_column][vc_column width=&#8221;1\/2&#8243;][elx_simple_block background_color=&#8221;inherit&#8221;][vc_single_image image=&#8221;667&#8243; img_size=&#8221;full&#8221;][elx_heading font_container=&#8221;h3&#8243; text_color=&#8221;inherit&#8221;]<span style=\"color: #f08452;\">En gr\u00f6nare produktion<\/span>[\/elx_heading][vc_column_text]Electrolux hush\u00e5llsfabriker I Europa kommer endast att anv\u00e4nda f\u00f6rnyelsebar energi\u00a0i sin produktion.[\/vc_column_text][\/elx_simple_block][\/vc_column][\/vc_row][vc_row][vc_column][vc_column_text css_animation=&#8221;appear&#8221;]<\/p>\n<h3 style=\"text-align: center;\">T\u00e4nk mats\u00e4kerhet<\/h3>\n<p>[\/vc_column_text][\/vc_column][\/vc_row][vc_row full_width=&#8221;electroluxpro-container-no-padding&#8221; equal_height=&#8221;yes&#8221; css=&#8221;.vc_custom_1464185384757{padding-top: 20px !important;padding-bottom: 20px !important;background-color: #f7f6f6 !important;}&#8221;][vc_column width=&#8221;1\/2&#8243;][vc_single_image image=&#8221;668&#8243; img_size=&#8221;full&#8221; alignment=&#8221;center&#8221;][\/vc_column][vc_column width=&#8221;1\/2&#8243;][elx_simple_block text_align=&#8221;text-center&#8221; background_color=&#8221;inherit&#8221;][elx_heading font_container=&#8221;h3&#8243; text_color=&#8221;inherit&#8221;]HACCP\u00a0international certification[\/elx_heading][vc_column_text]Vad betyder detta?[\/vc_column_text][elx_button button_text=&#8221;L\u00e4s mer om HACCP&#8221; button_link=&#8221;url:https%3A%2F%2Fprofessional.electrolux.se%2Fhaccp%2F|title:L%C3%A4s%20mer%20om%20HACCP||&#8221;][\/elx_simple_block][\/vc_column][\/vc_row][vc_row][vc_column][vc_empty_space height=&#8221;50px&#8221;][\/vc_column][\/vc_row]<\/p>\n","protected":false},"excerpt":{"rendered":"<p>[vc_row full_width=&#8221;electroluxpro-full-width-no-padding&#8221;][vc_column][elx_hero_title label=&#8221;&#8221; label_background_color=&#8221;inherit&#8221; background_image=&#8221;660&#8243;][\/elx_hero_title][\/vc_column][\/vc_row][vc_row][vc_column][elx_heading font_container=&#8221;h1&#8243; font_size=&#8221;h2&#8243; text_color=&#8221;inherit&#8221;] Vi vill skapa b\u00e4ttre l\u00f6sningar som g\u00f6r en positiv skillnad i ditt dagliga liv &#8211; och f\u00f6r v\u00e5r planet. [\/elx_heading][\/vc_column][\/vc_row][vc_row][vc_column][vc_column_text css_animation=&#8221;appear&#8221;] H\u00e5llbara l\u00f6sningar f\u00f6r alla [\/vc_column_text][\/vc_column][\/vc_row][vc_row][vc_column css=&#8221;.vc_custom_1464253757950{padding-bottom: 30px !important;}&#8221;][vc_column_text]Vi vill skapa b\u00e4ttre l\u00f6sningar som g\u00f6r en positiv skillnad i ditt dagliga liv \u2013 och f\u00f6r v\u00e5r planet. [&hellip;]<\/p>\n","protected":false},"author":3,"featured_media":0,"parent":0,"menu_order":0,"comment_status":"closed","ping_status":"closed","template":"","meta":{"footnotes":""},"class_list":["post-3067","page","type-page","status-publish","hentry"],"acf":[],"yoast_head":"<!-- This site is optimized with the Yoast SEO plugin v23.3 - https:\/\/yoast.com\/wordpress\/plugins\/seo\/ -->\n<title>For the Better, B\u00e4ttre L\u00f6sningar, Verksamhet &amp; Samh\u00e4lle - Electrolux Professional<\/title>\n<meta name=\"description\" content=\"Vi vill skapa b\u00e4ttre l\u00f6sningar som g\u00f6r en positiv skillnad i ditt dagliga liv - och f\u00f6r v\u00e5r planet. B\u00e4ttre l\u00f6sningar. B\u00e4ttre verksamhet. B\u00e4ttre samh\u00e4lle.\" \/>\n<meta name=\"robots\" content=\"index, follow, max-snippet:-1, max-image-preview:large, max-video-preview:-1\" \/>\n<link rel=\"canonical\" href=\"https:\/\/www.electroluxprofessional.com\/se\/for-the-better\/\" \/>\n<meta property=\"og:locale\" content=\"sv_SE\" \/>\n<meta property=\"og:type\" content=\"article\" \/>\n<meta property=\"og:title\" content=\"For the Better, B\u00e4ttre L\u00f6sningar, Verksamhet &amp; Samh\u00e4lle - Electrolux Professional\" \/>\n<meta property=\"og:description\" content=\"Vi vill skapa b\u00e4ttre l\u00f6sningar som g\u00f6r en positiv skillnad i ditt dagliga liv - och f\u00f6r v\u00e5r planet. B\u00e4ttre l\u00f6sningar. B\u00e4ttre verksamhet. B\u00e4ttre samh\u00e4lle.\" \/>\n<meta property=\"og:url\" content=\"https:\/\/www.electroluxprofessional.com\/se\/for-the-better\/\" \/>\n<meta property=\"og:site_name\" content=\"Electrolux Professional Sverige\" \/>\n<meta property=\"article:modified_time\" content=\"2020-02-05T14:12:24+00:00\" \/>\n<meta name=\"twitter:card\" content=\"summary_large_image\" \/>\n<meta name=\"twitter:label1\" content=\"Ber\u00e4knad l\u00e4stid\" \/>\n\t<meta name=\"twitter:data1\" content=\"5 minuter\" \/>\n<script type=\"application\/ld+json\" class=\"yoast-schema-graph\">{\"@context\":\"https:\/\/schema.org\",\"@graph\":[{\"@type\":\"WebPage\",\"@id\":\"https:\/\/www.electroluxprofessional.com\/se\/for-the-better\/\",\"url\":\"https:\/\/www.electroluxprofessional.com\/se\/for-the-better\/\",\"name\":\"For the Better, B\u00e4ttre L\u00f6sningar, Verksamhet & Samh\u00e4lle - Electrolux Professional\",\"isPartOf\":{\"@id\":\"https:\/\/www.electroluxprofessional.com\/se\/#website\"},\"datePublished\":\"2017-03-22T14:37:14+00:00\",\"dateModified\":\"2020-02-05T14:12:24+00:00\",\"description\":\"Vi vill skapa b\u00e4ttre l\u00f6sningar som g\u00f6r en positiv skillnad i ditt dagliga liv - och f\u00f6r v\u00e5r planet. B\u00e4ttre l\u00f6sningar. B\u00e4ttre verksamhet. B\u00e4ttre samh\u00e4lle.\",\"breadcrumb\":{\"@id\":\"https:\/\/www.electroluxprofessional.com\/se\/for-the-better\/#breadcrumb\"},\"inLanguage\":\"sv-SE\",\"potentialAction\":[{\"@type\":\"ReadAction\",\"target\":[\"https:\/\/www.electroluxprofessional.com\/se\/for-the-better\/\"]}]},{\"@type\":\"BreadcrumbList\",\"@id\":\"https:\/\/www.electroluxprofessional.com\/se\/for-the-better\/#breadcrumb\",\"itemListElement\":[{\"@type\":\"ListItem\",\"position\":1,\"name\":\"Home\",\"item\":\"https:\/\/www.electroluxprofessional.com\/se\/\"},{\"@type\":\"ListItem\",\"position\":2,\"name\":\"For the Better\"}]},{\"@type\":\"WebSite\",\"@id\":\"https:\/\/www.electroluxprofessional.com\/se\/#website\",\"url\":\"https:\/\/www.electroluxprofessional.com\/se\/\",\"name\":\"Electrolux Professional Sverige\",\"description\":\"\",\"potentialAction\":[{\"@type\":\"SearchAction\",\"target\":{\"@type\":\"EntryPoint\",\"urlTemplate\":\"https:\/\/www.electroluxprofessional.com\/se\/?src={search_term_string}\"},\"query-input\":\"required name=search_term_string\"}],\"inLanguage\":\"sv-SE\"}]}<\/script>\n<!-- \/ Yoast SEO plugin. -->","yoast_head_json":{"title":"For the Better, B\u00e4ttre L\u00f6sningar, Verksamhet & Samh\u00e4lle - Electrolux Professional","description":"Vi vill skapa b\u00e4ttre l\u00f6sningar som g\u00f6r en positiv skillnad i ditt dagliga liv - och f\u00f6r v\u00e5r planet. B\u00e4ttre l\u00f6sningar. B\u00e4ttre verksamhet. B\u00e4ttre samh\u00e4lle.","robots":{"index":"index","follow":"follow","max-snippet":"max-snippet:-1","max-image-preview":"max-image-preview:large","max-video-preview":"max-video-preview:-1"},"canonical":"https:\/\/www.electroluxprofessional.com\/se\/for-the-better\/","og_locale":"sv_SE","og_type":"article","og_title":"For the Better, B\u00e4ttre L\u00f6sningar, Verksamhet & Samh\u00e4lle - Electrolux Professional","og_description":"Vi vill skapa b\u00e4ttre l\u00f6sningar som g\u00f6r en positiv skillnad i ditt dagliga liv - och f\u00f6r v\u00e5r planet. B\u00e4ttre l\u00f6sningar. B\u00e4ttre verksamhet. B\u00e4ttre samh\u00e4lle.","og_url":"https:\/\/www.electroluxprofessional.com\/se\/for-the-better\/","og_site_name":"Electrolux Professional Sverige","article_modified_time":"2020-02-05T14:12:24+00:00","twitter_card":"summary_large_image","twitter_misc":{"Ber\u00e4knad l\u00e4stid":"5 minuter"},"schema":{"@context":"https:\/\/schema.org","@graph":[{"@type":"WebPage","@id":"https:\/\/www.electroluxprofessional.com\/se\/for-the-better\/","url":"https:\/\/www.electroluxprofessional.com\/se\/for-the-better\/","name":"For the Better, B\u00e4ttre L\u00f6sningar, Verksamhet & Samh\u00e4lle - Electrolux Professional","isPartOf":{"@id":"https:\/\/www.electroluxprofessional.com\/se\/#website"},"datePublished":"2017-03-22T14:37:14+00:00","dateModified":"2020-02-05T14:12:24+00:00","description":"Vi vill skapa b\u00e4ttre l\u00f6sningar som g\u00f6r en positiv skillnad i ditt dagliga liv - och f\u00f6r v\u00e5r planet. B\u00e4ttre l\u00f6sningar. B\u00e4ttre verksamhet. B\u00e4ttre samh\u00e4lle.","breadcrumb":{"@id":"https:\/\/www.electroluxprofessional.com\/se\/for-the-better\/#breadcrumb"},"inLanguage":"sv-SE","potentialAction":[{"@type":"ReadAction","target":["https:\/\/www.electroluxprofessional.com\/se\/for-the-better\/"]}]},{"@type":"BreadcrumbList","@id":"https:\/\/www.electroluxprofessional.com\/se\/for-the-better\/#breadcrumb","itemListElement":[{"@type":"ListItem","position":1,"name":"Home","item":"https:\/\/www.electroluxprofessional.com\/se\/"},{"@type":"ListItem","position":2,"name":"For the Better"}]},{"@type":"WebSite","@id":"https:\/\/www.electroluxprofessional.com\/se\/#website","url":"https:\/\/www.electroluxprofessional.com\/se\/","name":"Electrolux Professional Sverige","description":"","potentialAction":[{"@type":"SearchAction","target":{"@type":"EntryPoint","urlTemplate":"https:\/\/www.electroluxprofessional.com\/se\/?src={search_term_string}"},"query-input":"required name=search_term_string"}],"inLanguage":"sv-SE"}]}},"_links":{"self":[{"href":"https:\/\/www.electroluxprofessional.com\/se\/wp-json\/wp\/v2\/pages\/3067"}],"collection":[{"href":"https:\/\/www.electroluxprofessional.com\/se\/wp-json\/wp\/v2\/pages"}],"about":[{"href":"https:\/\/www.electroluxprofessional.com\/se\/wp-json\/wp\/v2\/types\/page"}],"author":[{"embeddable":true,"href":"https:\/\/www.electroluxprofessional.com\/se\/wp-json\/wp\/v2\/users\/3"}],"replies":[{"embeddable":true,"href":"https:\/\/www.electroluxprofessional.com\/se\/wp-json\/wp\/v2\/comments?post=3067"}],"version-history":[{"count":23,"href":"https:\/\/www.electroluxprofessional.com\/se\/wp-json\/wp\/v2\/pages\/3067\/revisions"}],"predecessor-version":[{"id":7729,"href":"https:\/\/www.electroluxprofessional.com\/se\/wp-json\/wp\/v2\/pages\/3067\/revisions\/7729"}],"wp:attachment":[{"href":"https:\/\/www.electroluxprofessional.com\/se\/wp-json\/wp\/v2\/media?parent=3067"}],"curies":[{"name":"wp","href":"https:\/\/api.w.org\/{rel}","templated":true}]}}