{"id":3005,"date":"2017-03-17T08:49:15","date_gmt":"2017-03-17T08:49:15","guid":{"rendered":"https:\/\/www.electroluxprofessional.com\/se\/?page_id=3005"},"modified":"2025-05-13T14:18:56","modified_gmt":"2025-05-13T13:18:56","slug":"partners-area","status":"publish","type":"page","link":"https:\/\/www.electroluxprofessional.com\/se\/partners-area\/","title":{"rendered":"Partners Area"},"content":{"rendered":"<p>[vc_row full_width=&#8221;electroluxpro-full-width-no-padding&#8221;][vc_column][elx_hero_title label=&#8221;&#8221; background_image=&#8221;637&#8243;][elx_heading font_container=&#8221;h1&#8243; font_size=&#8221;h3&#8243; text_color=&#8221;white&#8221; text_align=&#8221;text-center&#8221;]Partners Area[\/elx_heading][\/elx_hero_title][\/vc_column][\/vc_row][vc_row][vc_column][vc_empty_space][\/vc_column][\/vc_row][vc_row][vc_column width=&#8221;1\/2&#8243;][vc_empty_space height=&#8221;22px&#8221;][vc_single_image image=&#8221;2197&#8243; img_size=&#8221;full&#8221; onclick=&#8221;custom_link&#8221; link=&#8221;https:\/\/toolbox.epr-apps.com\/&#8221;][\/vc_column][vc_column width=&#8221;1\/2&#8243;][elx_heading font_size=&#8221;h3&#8243; text_color=&#8221;inherit&#8221;]Partnersidor[\/elx_heading][vc_column_text css=&#8221;.vc_custom_1490262439773{margin-bottom: 10px !important;border-bottom-width: 10px !important;padding-bottom: 10px !important;}&#8221;]Toolbox\u00a0\u00e4r en del av Electrolux\u00a0Webgate, d\u00e4r v\u00e5ra partners kan hitta verktyg anpassade f\u00f6r sin verksamhet.<\/p>\n<p>Via l\u00e4nken nedan hittar du \u00e4ven E-com, d\u00e4r du loggar in p\u00e5 v\u00e5r webbshop.<\/p>\n<p>\u00c4r du \u00e4nnu inte registrerad? Oroa dig inte, allt du beh\u00f6ver g\u00f6ra \u00e4r att fylla i registreringsformul\u00e4ret, s\u00e5 sk\u00f6ter vi\u00a0resten![\/vc_column_text][elx_button button_text=&#8221;Toolbox inloggning och formul\u00e4r f\u00f6r registrering&#8221; button_style=&#8221;icon&#8221; css=&#8221;.vc_custom_1490044210513{margin-top: 0px !important;border-top-width: 0px !important;padding-top: 0px !important;}&#8221; button_link=&#8221;url:https%3A%2F%2Ftoolbox.epr-apps.com%2F|title:Toolbox|target:%20_blank|&#8221;][\/vc_column][\/vc_row][vc_row][vc_column][vc_empty_space][\/vc_column][\/vc_row][vc_row disable_element=&#8221;yes&#8221;][vc_column width=&#8221;1\/2&#8243;][elx_image_block background_image=&#8221;1733&#8243; minimum_height=&#8221;220px&#8221;][\/vc_column][vc_column width=&#8221;1\/2&#8243;][vc_column_text css=&#8221;.vc_custom_1487238931439{margin-bottom: 10px !important;}&#8221;]<\/p>\n<h3>Consultants Area<\/h3>\n<p>[\/vc_column_text][vc_column_text css=&#8221;.vc_custom_1487238896353{margin-bottom: 10px !important;}&#8221;]Building a network with Important Consultants is a precious occasion for establishing a profitable exchange of ideas.[\/vc_column_text][elx_button button_text=&#8221;Food service&#8221; button_style=&#8221;icon&#8221; css=&#8221;.vc_custom_1487238843381{margin-top: 0px !important;}&#8221; button_link=&#8221;url:https%3A%2F%2Fwww.electroluxprofessional.com%2Fyour-business%2Fhotel-chains-food-service%2F%23food-service-consultant|title:Consultants||&#8221;][elx_button button_text=&#8221;Laundry solutions&#8221; button_style=&#8221;icon&#8221; css=&#8221;.vc_custom_1487238848548{margin-top: 0px !important;}&#8221; button_link=&#8221;url:https%3A%2F%2Fwww.electroluxprofessional.com%2Fyour-business%2Fhotel-chains-laundry-solutions%2F%23laundry-solutions-consultant|title:Consultants||&#8221;][\/vc_column][\/vc_row][vc_row][vc_column][vc_empty_space][\/vc_column][\/vc_row][vc_row custom_color_row=&#8221;bg-row-light-blue&#8221; css=&#8221;.vc_custom_1739176875824{background-color: #e9eff5 !important;}&#8221;][vc_column][vc_empty_space][elx_heading font_size=&#8221;h4&#8243; text_color=&#8221;electrolux-blue&#8221; text_align=&#8221;text-left&#8221;]Bli en certifierad servicepartner! [\/elx_heading][vc_empty_space height=&#8221;10px&#8221;][vc_column_text]<span class=\"TextRun SCXW106000156 BCX0\" data-contrast=\"none\"><span class=\"NormalTextRun SCXW106000156 BCX0\">G\u00e5 med i v\u00e5rt certifierade servicen\u00e4tverk! Ut\u00f6ka ditt f\u00f6retag genom att bli en auktoriserad servicepartner. F\u00e5 tillg\u00e5ng till exklusiv utbildning, support och tillv\u00e4xtm\u00f6jligheter.\u00a0<\/span><\/span><span class=\"EOP SCXW106000156 BCX0\" data-ccp-props=\"{&quot;134233117&quot;:true,&quot;201341983&quot;:0,&quot;335557856&quot;:16777215,&quot;335559739&quot;:0,&quot;335559740&quot;:240}\">\u00a0<\/span>[\/vc_column_text][vc_empty_space height=&#8221;25px&#8221;][elx_o2000_contact_us request_type=&#8221;Customer support&#8221; button_mode=&#8221;true&#8221; button_style=&#8221;secondary&#8221; postion_button=&#8221;text-left&#8221; postion_button_mobile=&#8221;text-left-mobile&#8221; text_btn_contact=&#8221;Ans\u00f6k idag!&#8221; r=&#8221;Jag skulle vilja bli kontaktad f\u00f6r att bli er servicepartner. Tack.&#8221;][vc_empty_space height=&#8221;40px&#8221;][\/vc_column][\/vc_row]<\/p>\n","protected":false},"excerpt":{"rendered":"<p>[vc_row full_width=&#8221;electroluxpro-full-width-no-padding&#8221;][vc_column][elx_hero_title label=&#8221;&#8221; background_image=&#8221;637&#8243;][elx_heading font_container=&#8221;h1&#8243; font_size=&#8221;h3&#8243; text_color=&#8221;white&#8221; text_align=&#8221;text-center&#8221;]Partners Area[\/elx_heading][\/elx_hero_title][\/vc_column][\/vc_row][vc_row][vc_column][vc_empty_space][\/vc_column][\/vc_row][vc_row][vc_column width=&#8221;1\/2&#8243;][vc_empty_space height=&#8221;22px&#8221;][vc_single_image image=&#8221;2197&#8243; img_size=&#8221;full&#8221; onclick=&#8221;custom_link&#8221; link=&#8221;https:\/\/toolbox.epr-apps.com\/&#8221;][\/vc_column][vc_column width=&#8221;1\/2&#8243;][elx_heading font_size=&#8221;h3&#8243; text_color=&#8221;inherit&#8221;]Partnersidor[\/elx_heading][vc_column_text css=&#8221;.vc_custom_1490262439773{margin-bottom: 10px !important;border-bottom-width: 10px !important;padding-bottom: 10px !important;}&#8221;]Toolbox\u00a0\u00e4r en del av Electrolux\u00a0Webgate, d\u00e4r v\u00e5ra partners kan hitta verktyg anpassade f\u00f6r sin verksamhet. Via l\u00e4nken nedan hittar du \u00e4ven E-com, d\u00e4r du loggar in p\u00e5 v\u00e5r webbshop. \u00c4r du [&hellip;]<\/p>\n","protected":false},"author":5,"featured_media":0,"parent":0,"menu_order":0,"comment_status":"closed","ping_status":"closed","template":"","meta":{"footnotes":""},"class_list":["post-3005","page","type-page","status-publish","hentry"],"acf":[],"yoast_head":"<!-- This site is optimized with the Yoast SEO plugin v23.3 - https:\/\/yoast.com\/wordpress\/plugins\/seo\/ -->\n<title>Partners Area - Electrolux Professional Sverige<\/title>\n<meta name=\"description\" content=\"Electrolux Professionals partnersomr\u00e5de erbjuder verktyg och resurser f\u00f6r att ut\u00f6ka ditt f\u00f6retag. L\u00e4s mer och registrera dig!\" \/>\n<meta name=\"robots\" content=\"index, follow, max-snippet:-1, max-image-preview:large, max-video-preview:-1\" \/>\n<link rel=\"canonical\" href=\"https:\/\/www.electroluxprofessional.com\/se\/partners-area\/\" \/>\n<meta property=\"og:locale\" content=\"sv_SE\" \/>\n<meta property=\"og:type\" content=\"article\" \/>\n<meta property=\"og:title\" content=\"Partners Area - Electrolux Professional Sverige\" \/>\n<meta property=\"og:description\" content=\"Electrolux Professionals partnersomr\u00e5de erbjuder verktyg och resurser f\u00f6r att ut\u00f6ka ditt f\u00f6retag. L\u00e4s mer och registrera dig!\" \/>\n<meta property=\"og:url\" content=\"https:\/\/www.electroluxprofessional.com\/se\/partners-area\/\" \/>\n<meta property=\"og:site_name\" content=\"Electrolux Professional Sverige\" \/>\n<meta property=\"article:modified_time\" content=\"2025-05-13T13:18:56+00:00\" \/>\n<meta name=\"twitter:card\" content=\"summary_large_image\" \/>\n<meta name=\"twitter:label1\" content=\"Ber\u00e4knad l\u00e4stid\" \/>\n\t<meta name=\"twitter:data1\" content=\"1 minut\" \/>\n<script type=\"application\/ld+json\" class=\"yoast-schema-graph\">{\"@context\":\"https:\/\/schema.org\",\"@graph\":[{\"@type\":\"WebPage\",\"@id\":\"https:\/\/www.electroluxprofessional.com\/se\/partners-area\/\",\"url\":\"https:\/\/www.electroluxprofessional.com\/se\/partners-area\/\",\"name\":\"Partners Area - Electrolux Professional Sverige\",\"isPartOf\":{\"@id\":\"https:\/\/www.electroluxprofessional.com\/se\/#website\"},\"datePublished\":\"2017-03-17T08:49:15+00:00\",\"dateModified\":\"2025-05-13T13:18:56+00:00\",\"description\":\"Electrolux Professionals partnersomr\u00e5de erbjuder verktyg och resurser f\u00f6r att ut\u00f6ka ditt f\u00f6retag. L\u00e4s mer och registrera dig!\",\"breadcrumb\":{\"@id\":\"https:\/\/www.electroluxprofessional.com\/se\/partners-area\/#breadcrumb\"},\"inLanguage\":\"sv-SE\",\"potentialAction\":[{\"@type\":\"ReadAction\",\"target\":[\"https:\/\/www.electroluxprofessional.com\/se\/partners-area\/\"]}]},{\"@type\":\"BreadcrumbList\",\"@id\":\"https:\/\/www.electroluxprofessional.com\/se\/partners-area\/#breadcrumb\",\"itemListElement\":[{\"@type\":\"ListItem\",\"position\":1,\"name\":\"Home\",\"item\":\"https:\/\/www.electroluxprofessional.com\/se\/\"},{\"@type\":\"ListItem\",\"position\":2,\"name\":\"Partners Area\"}]},{\"@type\":\"WebSite\",\"@id\":\"https:\/\/www.electroluxprofessional.com\/se\/#website\",\"url\":\"https:\/\/www.electroluxprofessional.com\/se\/\",\"name\":\"Electrolux Professional Sverige\",\"description\":\"\",\"potentialAction\":[{\"@type\":\"SearchAction\",\"target\":{\"@type\":\"EntryPoint\",\"urlTemplate\":\"https:\/\/www.electroluxprofessional.com\/se\/?src={search_term_string}\"},\"query-input\":\"required name=search_term_string\"}],\"inLanguage\":\"sv-SE\"}]}<\/script>\n<!-- \/ Yoast SEO plugin. -->","yoast_head_json":{"title":"Partners Area - Electrolux Professional Sverige","description":"Electrolux Professionals partnersomr\u00e5de erbjuder verktyg och resurser f\u00f6r att ut\u00f6ka ditt f\u00f6retag. L\u00e4s mer och registrera dig!","robots":{"index":"index","follow":"follow","max-snippet":"max-snippet:-1","max-image-preview":"max-image-preview:large","max-video-preview":"max-video-preview:-1"},"canonical":"https:\/\/www.electroluxprofessional.com\/se\/partners-area\/","og_locale":"sv_SE","og_type":"article","og_title":"Partners Area - Electrolux Professional Sverige","og_description":"Electrolux Professionals partnersomr\u00e5de erbjuder verktyg och resurser f\u00f6r att ut\u00f6ka ditt f\u00f6retag. L\u00e4s mer och registrera dig!","og_url":"https:\/\/www.electroluxprofessional.com\/se\/partners-area\/","og_site_name":"Electrolux Professional Sverige","article_modified_time":"2025-05-13T13:18:56+00:00","twitter_card":"summary_large_image","twitter_misc":{"Ber\u00e4knad l\u00e4stid":"1 minut"},"schema":{"@context":"https:\/\/schema.org","@graph":[{"@type":"WebPage","@id":"https:\/\/www.electroluxprofessional.com\/se\/partners-area\/","url":"https:\/\/www.electroluxprofessional.com\/se\/partners-area\/","name":"Partners Area - Electrolux Professional Sverige","isPartOf":{"@id":"https:\/\/www.electroluxprofessional.com\/se\/#website"},"datePublished":"2017-03-17T08:49:15+00:00","dateModified":"2025-05-13T13:18:56+00:00","description":"Electrolux Professionals partnersomr\u00e5de erbjuder verktyg och resurser f\u00f6r att ut\u00f6ka ditt f\u00f6retag. L\u00e4s mer och registrera dig!","breadcrumb":{"@id":"https:\/\/www.electroluxprofessional.com\/se\/partners-area\/#breadcrumb"},"inLanguage":"sv-SE","potentialAction":[{"@type":"ReadAction","target":["https:\/\/www.electroluxprofessional.com\/se\/partners-area\/"]}]},{"@type":"BreadcrumbList","@id":"https:\/\/www.electroluxprofessional.com\/se\/partners-area\/#breadcrumb","itemListElement":[{"@type":"ListItem","position":1,"name":"Home","item":"https:\/\/www.electroluxprofessional.com\/se\/"},{"@type":"ListItem","position":2,"name":"Partners Area"}]},{"@type":"WebSite","@id":"https:\/\/www.electroluxprofessional.com\/se\/#website","url":"https:\/\/www.electroluxprofessional.com\/se\/","name":"Electrolux Professional Sverige","description":"","potentialAction":[{"@type":"SearchAction","target":{"@type":"EntryPoint","urlTemplate":"https:\/\/www.electroluxprofessional.com\/se\/?src={search_term_string}"},"query-input":"required name=search_term_string"}],"inLanguage":"sv-SE"}]}},"_links":{"self":[{"href":"https:\/\/www.electroluxprofessional.com\/se\/wp-json\/wp\/v2\/pages\/3005"}],"collection":[{"href":"https:\/\/www.electroluxprofessional.com\/se\/wp-json\/wp\/v2\/pages"}],"about":[{"href":"https:\/\/www.electroluxprofessional.com\/se\/wp-json\/wp\/v2\/types\/page"}],"author":[{"embeddable":true,"href":"https:\/\/www.electroluxprofessional.com\/se\/wp-json\/wp\/v2\/users\/5"}],"replies":[{"embeddable":true,"href":"https:\/\/www.electroluxprofessional.com\/se\/wp-json\/wp\/v2\/comments?post=3005"}],"version-history":[{"count":8,"href":"https:\/\/www.electroluxprofessional.com\/se\/wp-json\/wp\/v2\/pages\/3005\/revisions"}],"predecessor-version":[{"id":53848,"href":"https:\/\/www.electroluxprofessional.com\/se\/wp-json\/wp\/v2\/pages\/3005\/revisions\/53848"}],"wp:attachment":[{"href":"https:\/\/www.electroluxprofessional.com\/se\/wp-json\/wp\/v2\/media?parent=3005"}],"curies":[{"name":"wp","href":"https:\/\/api.w.org\/{rel}","templated":true}]}}