{"id":2614,"date":"2017-03-16T14:35:39","date_gmt":"2017-03-16T14:35:39","guid":{"rendered":"https:\/\/www.electroluxprofessional.com\/se\/?page_id=2614"},"modified":"2019-03-13T12:39:37","modified_gmt":"2019-03-13T12:39:37","slug":"sidomatade-tvattmaskiner","status":"publish","type":"page","link":"https:\/\/www.electroluxprofessional.com\/se\/sidomatade-tvattmaskiner\/","title":{"rendered":"Sidomatade tv\u00e4ttmaskiner"},"content":{"rendered":"<p>[vc_row full_width=&#8221;electroluxpro-full-width-no-padding&#8221;][vc_column][elx_hero_slider label_text_color=&#8221;inherit&#8221; images=&#8221;872&#8243;][elx_heading font_container=&#8221;h1&#8243; font_size=&#8221;h3&#8243; text_color=&#8221;inherit&#8221;]Sidomatade tv\u00e4ttmaskiner[\/elx_heading][vc_column_text]<\/p>\n<h4>Utm\u00e4rkt\u00a0g\u00e4llande hygien,\u00a0prestanda\u00a0och resultat.<\/h4>\n<p>[\/vc_column_text][\/elx_hero_slider][\/vc_column][\/vc_row][vc_row][vc_column][vc_column_text]<\/p>\n<h3>H\u00e5llbar och problemfri drift<\/h3>\n<p>Byggd f\u00f6r att klara\u00a0<strong>30,000 tv\u00e4ttcykler<\/strong>,\u00a0kraftig konstruktion och utrustad med Power Balance som s\u00e4kerst\u00e4ller b\u00e4sta centrifugering oavsett last.<\/p>\n<h3>Ergonomi<\/h3>\n<p>Innovativ styrpanel\u00a0g\u00f6r\u00a0tv\u00e4ttmaskinen flexibel och anpassningsbar. Automatisk trumpositionering och -l\u00e5sning f\u00f6r i- och urlastning som optimerar ergonomin och anv\u00e4ndars\u00e4kerheten.[\/vc_column_text][\/vc_column][\/vc_row][vc_row][vc_column width=&#8221;1\/3&#8243;][vc_column_text]<\/p>\n<h3>H\u00f6gsta m\u00f6jliga hygienniv\u00e5<\/h3>\n<p>H\u00f6gsta m\u00f6jliga\u00a0<strong>hygienkontroll\u00a0och \u00f6vervakning<\/strong>\u00a0kan g\u00f6ras genom hela processen,\u00a0tack vare\u00a0Certus Management\u00ae Information System (CMIS).<\/p>\n<h3>F\u00f6rb\u00e4ttrad produktivitet<\/h3>\n<p>Optimerade program sparar tid och energi j\u00e4mf\u00f6rt med likv\u00e4rdiga maskiner p\u00e5 marknaden.[\/vc_column_text][\/vc_column][vc_column width=&#8221;2\/3&#8243;][elx_image_block background_image=&#8221;871&#8243; minimum_height=&#8221;460px&#8221;][\/vc_column][\/vc_row][vc_row][vc_column][vc_column_text css=&#8221;.vc_custom_1488899122918{margin-bottom: 0px !important;border-bottom-width: 0px !important;padding-bottom: 0px !important;}&#8221;]<\/p>\n<h3>L\u00e4gre driftskostnader<\/h3>\n<p>Trummans utformning\u00a0reducerar vattenm\u00e4ngden.<br \/>\nMed\u00a0<strong>Electrolux Efficient Dosing System,\u00a0<\/strong>r\u00e4knar maskinen automatiskt ut r\u00e4tt m\u00e4ngd tv\u00e4ttmedel till aktuell last.<br \/>\nMaskinen levererar b\u00e4sta ekonomi och prestanda, liksom milj\u00f6v\u00e4nlighet.[\/vc_column_text][elx_button button_text=&#8221;L\u00e4r dig mer om v\u00e5ra tillbeh\u00f6r och f\u00f6rbrukningsartiklar&#8221; button_style=&#8221;icon&#8221; button_link=&#8221;url:https%3A%2F%2Fprofessional.electrolux.se%2Ftillbehor-och-forbrukningsvaror%2Ftillbehor-forbrokningsartiklar-laundry%2F|title:Accessories%20and%20consumables%20for%20laundry%20solutions||&#8221;][\/vc_column][\/vc_row][vc_row][vc_column][elx_heading font_size=&#8221;h2&#8243; text_color=&#8221;inherit&#8221; text_align=&#8221;text-center&#8221;]Uppt\u00e4ck vad sidomatade tv\u00e4ttmaskiner kan g\u00f6ra f\u00f6r din verksamhet<br \/>\n[\/elx_heading][elx_o2000_contact_us r=&#8221;Jag vill g\u00e4rna veta mer om sidomatade tv\u00e4ttmaskiner. V\u00e4nligen kontakta mig.&#8221; s=&#8221;F\u00f6rfr\u00e5gan om sidomatade tv\u00e4ttmaskiner&#8221; e=&#8221;els.sales@electrolux.se&#8221; country=&#8221;Sweden&#8221; l=&#8221;se&#8221; b=&#8221;laundry&#8221; container=&#8221;elxcontactus1478696450&#8243;][vc_empty_space height=&#8221;50px&#8221;][\/vc_column][\/vc_row][vc_row][vc_column][elx_heading font_size=&#8221;h3&#8243; text_color=&#8221;inherit&#8221; text_align=&#8221;text-center&#8221;]Du kanske ocks\u00e5 \u00e4r intresserad av dessa produkter:[\/elx_heading][\/vc_column][\/vc_row][vc_row][vc_column width=&#8221;1\/3&#8243;][elx_maylike_box id_box=&#8221;2834&#8243;][\/vc_column][vc_column width=&#8221;1\/3&#8243;][elx_maylike_box id_box=&#8221;2788&#8243;][\/vc_column][vc_column width=&#8221;1\/3&#8243;][elx_maylike_box id_box=&#8221;2824&#8243;][\/vc_column][\/vc_row][vc_row][vc_column][vc_empty_space height=&#8221;50px&#8221;][\/vc_column][\/vc_row]<\/p>\n","protected":false},"excerpt":{"rendered":"<p>[vc_row full_width=&#8221;electroluxpro-full-width-no-padding&#8221;][vc_column][elx_hero_slider label_text_color=&#8221;inherit&#8221; images=&#8221;872&#8243;][elx_heading font_container=&#8221;h1&#8243; font_size=&#8221;h3&#8243; text_color=&#8221;inherit&#8221;]Sidomatade tv\u00e4ttmaskiner[\/elx_heading][vc_column_text] Utm\u00e4rkt\u00a0g\u00e4llande hygien,\u00a0prestanda\u00a0och resultat. [\/vc_column_text][\/elx_hero_slider][\/vc_column][\/vc_row][vc_row][vc_column][vc_column_text] H\u00e5llbar och problemfri drift Byggd f\u00f6r att klara\u00a030,000 tv\u00e4ttcykler,\u00a0kraftig konstruktion och utrustad med Power Balance som s\u00e4kerst\u00e4ller b\u00e4sta centrifugering oavsett last. Ergonomi Innovativ styrpanel\u00a0g\u00f6r\u00a0tv\u00e4ttmaskinen flexibel och anpassningsbar. Automatisk trumpositionering och -l\u00e5sning f\u00f6r i- och urlastning som optimerar ergonomin och anv\u00e4ndars\u00e4kerheten.[\/vc_column_text][\/vc_column][\/vc_row][vc_row][vc_column width=&#8221;1\/3&#8243;][vc_column_text] H\u00f6gsta m\u00f6jliga [&hellip;]<\/p>\n","protected":false},"author":3,"featured_media":0,"parent":0,"menu_order":0,"comment_status":"closed","ping_status":"closed","template":"","meta":{"footnotes":""},"class_list":["post-2614","page","type-page","status-publish","hentry"],"acf":[],"yoast_head":"<!-- This site is optimized with the Yoast SEO plugin v23.3 - https:\/\/yoast.com\/wordpress\/plugins\/seo\/ -->\n<title>Sidomatade tv\u00e4ttmaskiner - Electrolux Professional Sverige<\/title>\n<meta name=\"description\" content=\"Byggd f\u00f6r att klara 30,000 tv\u00e4ttcykler, kraftig konstruktion och utrustad med Power Balance som s\u00e4kerst\u00e4ller b\u00e4sta centrifugering oavsett last.\" \/>\n<meta name=\"robots\" content=\"index, follow, max-snippet:-1, max-image-preview:large, max-video-preview:-1\" \/>\n<link rel=\"canonical\" href=\"https:\/\/www.electroluxprofessional.com\/se\/sidomatade-tvattmaskiner\/\" \/>\n<meta property=\"og:locale\" content=\"sv_SE\" \/>\n<meta property=\"og:type\" content=\"article\" \/>\n<meta property=\"og:title\" content=\"Sidomatade tv\u00e4ttmaskiner - Electrolux Professional Sverige\" \/>\n<meta property=\"og:description\" content=\"Byggd f\u00f6r att klara 30,000 tv\u00e4ttcykler, kraftig konstruktion och utrustad med Power Balance som s\u00e4kerst\u00e4ller b\u00e4sta centrifugering oavsett last.\" \/>\n<meta property=\"og:url\" content=\"https:\/\/www.electroluxprofessional.com\/se\/sidomatade-tvattmaskiner\/\" \/>\n<meta property=\"og:site_name\" content=\"Electrolux Professional Sverige\" \/>\n<meta property=\"article:modified_time\" content=\"2019-03-13T12:39:37+00:00\" \/>\n<meta name=\"twitter:card\" content=\"summary_large_image\" \/>\n<meta name=\"twitter:label1\" content=\"Ber\u00e4knad l\u00e4stid\" \/>\n\t<meta name=\"twitter:data1\" content=\"2 minuter\" \/>\n<script type=\"application\/ld+json\" class=\"yoast-schema-graph\">{\"@context\":\"https:\/\/schema.org\",\"@graph\":[{\"@type\":\"WebPage\",\"@id\":\"https:\/\/www.electroluxprofessional.com\/se\/sidomatade-tvattmaskiner\/\",\"url\":\"https:\/\/www.electroluxprofessional.com\/se\/sidomatade-tvattmaskiner\/\",\"name\":\"Sidomatade tv\u00e4ttmaskiner - Electrolux Professional Sverige\",\"isPartOf\":{\"@id\":\"https:\/\/www.electroluxprofessional.com\/se\/#website\"},\"datePublished\":\"2017-03-16T14:35:39+00:00\",\"dateModified\":\"2019-03-13T12:39:37+00:00\",\"description\":\"Byggd f\u00f6r att klara 30,000 tv\u00e4ttcykler, kraftig konstruktion och utrustad med Power Balance som s\u00e4kerst\u00e4ller b\u00e4sta centrifugering oavsett last.\",\"breadcrumb\":{\"@id\":\"https:\/\/www.electroluxprofessional.com\/se\/sidomatade-tvattmaskiner\/#breadcrumb\"},\"inLanguage\":\"sv-SE\",\"potentialAction\":[{\"@type\":\"ReadAction\",\"target\":[\"https:\/\/www.electroluxprofessional.com\/se\/sidomatade-tvattmaskiner\/\"]}]},{\"@type\":\"BreadcrumbList\",\"@id\":\"https:\/\/www.electroluxprofessional.com\/se\/sidomatade-tvattmaskiner\/#breadcrumb\",\"itemListElement\":[{\"@type\":\"ListItem\",\"position\":1,\"name\":\"Home\",\"item\":\"https:\/\/www.electroluxprofessional.com\/se\/\"},{\"@type\":\"ListItem\",\"position\":2,\"name\":\"Sidomatade tv\u00e4ttmaskiner\"}]},{\"@type\":\"WebSite\",\"@id\":\"https:\/\/www.electroluxprofessional.com\/se\/#website\",\"url\":\"https:\/\/www.electroluxprofessional.com\/se\/\",\"name\":\"Electrolux Professional Sverige\",\"description\":\"\",\"potentialAction\":[{\"@type\":\"SearchAction\",\"target\":{\"@type\":\"EntryPoint\",\"urlTemplate\":\"https:\/\/www.electroluxprofessional.com\/se\/?src={search_term_string}\"},\"query-input\":\"required name=search_term_string\"}],\"inLanguage\":\"sv-SE\"}]}<\/script>\n<!-- \/ Yoast SEO plugin. -->","yoast_head_json":{"title":"Sidomatade tv\u00e4ttmaskiner - Electrolux Professional Sverige","description":"Byggd f\u00f6r att klara 30,000 tv\u00e4ttcykler, kraftig konstruktion och utrustad med Power Balance som s\u00e4kerst\u00e4ller b\u00e4sta centrifugering oavsett last.","robots":{"index":"index","follow":"follow","max-snippet":"max-snippet:-1","max-image-preview":"max-image-preview:large","max-video-preview":"max-video-preview:-1"},"canonical":"https:\/\/www.electroluxprofessional.com\/se\/sidomatade-tvattmaskiner\/","og_locale":"sv_SE","og_type":"article","og_title":"Sidomatade tv\u00e4ttmaskiner - Electrolux Professional Sverige","og_description":"Byggd f\u00f6r att klara 30,000 tv\u00e4ttcykler, kraftig konstruktion och utrustad med Power Balance som s\u00e4kerst\u00e4ller b\u00e4sta centrifugering oavsett last.","og_url":"https:\/\/www.electroluxprofessional.com\/se\/sidomatade-tvattmaskiner\/","og_site_name":"Electrolux Professional Sverige","article_modified_time":"2019-03-13T12:39:37+00:00","twitter_card":"summary_large_image","twitter_misc":{"Ber\u00e4knad l\u00e4stid":"2 minuter"},"schema":{"@context":"https:\/\/schema.org","@graph":[{"@type":"WebPage","@id":"https:\/\/www.electroluxprofessional.com\/se\/sidomatade-tvattmaskiner\/","url":"https:\/\/www.electroluxprofessional.com\/se\/sidomatade-tvattmaskiner\/","name":"Sidomatade tv\u00e4ttmaskiner - Electrolux Professional Sverige","isPartOf":{"@id":"https:\/\/www.electroluxprofessional.com\/se\/#website"},"datePublished":"2017-03-16T14:35:39+00:00","dateModified":"2019-03-13T12:39:37+00:00","description":"Byggd f\u00f6r att klara 30,000 tv\u00e4ttcykler, kraftig konstruktion och utrustad med Power Balance som s\u00e4kerst\u00e4ller b\u00e4sta centrifugering oavsett last.","breadcrumb":{"@id":"https:\/\/www.electroluxprofessional.com\/se\/sidomatade-tvattmaskiner\/#breadcrumb"},"inLanguage":"sv-SE","potentialAction":[{"@type":"ReadAction","target":["https:\/\/www.electroluxprofessional.com\/se\/sidomatade-tvattmaskiner\/"]}]},{"@type":"BreadcrumbList","@id":"https:\/\/www.electroluxprofessional.com\/se\/sidomatade-tvattmaskiner\/#breadcrumb","itemListElement":[{"@type":"ListItem","position":1,"name":"Home","item":"https:\/\/www.electroluxprofessional.com\/se\/"},{"@type":"ListItem","position":2,"name":"Sidomatade tv\u00e4ttmaskiner"}]},{"@type":"WebSite","@id":"https:\/\/www.electroluxprofessional.com\/se\/#website","url":"https:\/\/www.electroluxprofessional.com\/se\/","name":"Electrolux Professional Sverige","description":"","potentialAction":[{"@type":"SearchAction","target":{"@type":"EntryPoint","urlTemplate":"https:\/\/www.electroluxprofessional.com\/se\/?src={search_term_string}"},"query-input":"required name=search_term_string"}],"inLanguage":"sv-SE"}]}},"_links":{"self":[{"href":"https:\/\/www.electroluxprofessional.com\/se\/wp-json\/wp\/v2\/pages\/2614"}],"collection":[{"href":"https:\/\/www.electroluxprofessional.com\/se\/wp-json\/wp\/v2\/pages"}],"about":[{"href":"https:\/\/www.electroluxprofessional.com\/se\/wp-json\/wp\/v2\/types\/page"}],"author":[{"embeddable":true,"href":"https:\/\/www.electroluxprofessional.com\/se\/wp-json\/wp\/v2\/users\/3"}],"replies":[{"embeddable":true,"href":"https:\/\/www.electroluxprofessional.com\/se\/wp-json\/wp\/v2\/comments?post=2614"}],"version-history":[{"count":23,"href":"https:\/\/www.electroluxprofessional.com\/se\/wp-json\/wp\/v2\/pages\/2614\/revisions"}],"predecessor-version":[{"id":3886,"href":"https:\/\/www.electroluxprofessional.com\/se\/wp-json\/wp\/v2\/pages\/2614\/revisions\/3886"}],"wp:attachment":[{"href":"https:\/\/www.electroluxprofessional.com\/se\/wp-json\/wp\/v2\/media?parent=2614"}],"curies":[{"name":"wp","href":"https:\/\/api.w.org\/{rel}","templated":true}]}}