{"id":2600,"date":"2017-03-22T09:55:50","date_gmt":"2017-03-22T09:55:50","guid":{"rendered":"https:\/\/www.electroluxprofessional.com\/se\/?page_id=2600"},"modified":"2017-05-05T13:28:12","modified_gmt":"2017-05-05T13:28:12","slug":"heat-pump-dryers","status":"publish","type":"page","link":"https:\/\/www.electroluxprofessional.com\/se\/laundry\/heat-pump-dryers\/","title":{"rendered":"Heat Pump Dryers"},"content":{"rendered":"<p>[vc_row full_width=&#8221;electroluxpro-full-width-no-padding&#8221;][vc_column][elx_hero_slider label_text_color=&#8221;inherit&#8221; images=&#8221;664&#8243;][elx_heading font_container=&#8221;h1&#8243; font_size=&#8221;h2&#8243; text_color=&#8221;inherit&#8221;]V\u00e4rmepumps-<br \/>\ntorktumlare (T5190LE)[\/elx_heading][\/elx_hero_slider][\/vc_column][\/vc_row][vc_row][vc_column css=&#8221;.vc_custom_1464253016404{padding-top: 30px !important;}&#8221;][vc_empty_space][\/vc_column][\/vc_row][vc_row equal_height=&#8221;yes&#8221;][vc_column width=&#8221;1\/2&#8243;][vc_empty_space][elx_heading font_container=&#8221;h3&#8243; text_color=&#8221;inherit&#8221;]L\u00e5genergitorktumlare som sparar b\u00e5de energi och kostnader[\/elx_heading][vc_empty_space][vc_column_text css=&#8221;.vc_custom_1490170101923{margin-bottom: 0px !important;border-bottom-width: 0px !important;padding-bottom: 0px !important;}&#8221;]V\u00e4rmepumpstorktumlaren\u00a0T5190LE (L\u00e5gEnergi) m\u00f6jligg\u00f6r energibesparingar p\u00e5 upp till 66 % j\u00e4mf\u00f6rt med torktumlare med standardteknik.[\/vc_column_text][\/vc_column][vc_column width=&#8221;1\/2&#8243;][elx_video_block background_image=&#8221;670&#8243; video_link=&#8221;https:\/\/www.youtube.com\/watch?v=agTB9lzil5c&#8221; minimum_height=&#8221;415px&#8221;][\/vc_column][\/vc_row][vc_row][vc_column][vc_empty_space][\/vc_column][\/vc_row][vc_row][vc_column width=&#8221;1\/3&#8243;][elx_simple_block background_color=&#8221;inherit&#8221;][elx_heading font_container=&#8221;h4&#8243; text_color=&#8221;orange&#8221;]Spara kostnader med enast\u00e5ende prestanda[\/elx_heading][vc_column_text]<strong>Upp till 66 % energibesparing.<\/strong><\/p>\n<p><strong>Korta programtider tack vare effektiv avvattning.<\/strong>\u00a0Detta garanterar l\u00e4gre energif\u00f6rbrukning, l\u00e4gre kostnader och kortare torktider.[\/vc_column_text][\/elx_simple_block][\/vc_column][vc_column width=&#8221;1\/3&#8243;][elx_simple_block background_color=&#8221;inherit&#8221;][elx_heading font_container=&#8221;h4&#8243; text_color=&#8221;orange&#8221;]Spara tid och minimera driftstopp i maskinen[\/elx_heading][vc_column_text]<strong>\u00a0T5190LE \u00e4r enkel att anv\u00e4nda.<\/strong><\/p>\n<p><strong>V\u00e4rmepumpsenheten\u00a0kan enkelt skjutas ut f\u00f6r enkel \u00e5tkomst av vitala delar.<\/strong><br \/>\nL\u00f6sningen g\u00f6r service och underh\u00e5ll\u00a0snabbare \u00e4n n\u00e5gonsin.[\/vc_column_text][\/elx_simple_block][\/vc_column][vc_column width=&#8221;1\/3&#8243;][elx_simple_block background_color=&#8221;inherit&#8221;][elx_heading font_container=&#8221;h4&#8243; text_color=&#8221;orange&#8221;]Spara yta och f\u00e5 m\u00f6jlighet till b\u00e4ttre flexibilitet[\/elx_heading][vc_column_text]<strong>L\u00f6sningen passar \u00e4ven i\u00a0de minsta utrymmena.<\/strong><\/p>\n<p>Ingen evakuering eller ventilation kr\u00e4vs,\u00a0utan T5190LE kan installeras i vilken lokal som helst.<strong><br \/>\nUppv\u00e4rmning av rummet \u00e4r minimal och T5190LE kr\u00e4ver<br \/>\nlika lite golvyta som en konventionell torktumlare.<\/strong>[\/vc_column_text][\/elx_simple_block][\/vc_column][\/vc_row][vc_row][vc_column width=&#8221;1\/3&#8243;][elx_image_block background_image=&#8221;671&#8243; minimum_height=&#8221;500px&#8221;][\/vc_column][vc_column width=&#8221;1\/3&#8243;][elx_image_block background_image=&#8221;1811&#8243; minimum_height=&#8221;500px&#8221;][\/vc_column][vc_column width=&#8221;1\/3&#8243;][vc_empty_space][elx_heading font_size=&#8221;h3&#8243; text_color=&#8221;inherit&#8221;]Enkel \u00e5tkomst till luddfilter tack vare unikt horisontellt filter[\/elx_heading][vc_column_text]V\u00e4rmepumpsenheten\u00a0kan enkelt skjutas ut f\u00f6r enkelt underh\u00e5ll.[\/vc_column_text][\/vc_column][\/vc_row][vc_row][vc_column][vc_empty_space height=&#8221;50px&#8221;][\/vc_column][\/vc_row][vc_row][vc_column][vc_empty_space][\/vc_column][\/vc_row][vc_row][vc_column][vc_empty_space height=&#8221;50px&#8221;][elx_heading font_size=&#8221;h3&#8243; text_color=&#8221;inherit&#8221; text_align=&#8221;text-center&#8221;]Du kanske ocks\u00e5 \u00e4r intresserad av dessa produkter:[\/elx_heading][\/vc_column][\/vc_row][vc_row][vc_column width=&#8221;1\/3&#8243;][elx_maylike_box id_box=&#8221;2788&#8243;][\/vc_column][vc_column width=&#8221;1\/3&#8243;][elx_maylike_box id_box=&#8221;2855&#8243;][\/vc_column][vc_column width=&#8221;1\/3&#8243;][elx_maylike_box id_box=&#8221;2830&#8243;][\/vc_column][\/vc_row][vc_row][vc_column][vc_empty_space height=&#8221;50px&#8221;][elx_heading font_size=&#8221;h2&#8243; text_color=&#8221;inherit&#8221; text_align=&#8221;text-center&#8221;]Uppt\u00e4ck vad v\u00e4rmepumpstorktumlare kan hj\u00e4lpa dig med[\/elx_heading][elx_o2000_contact_us r=&#8221;Jag vill g\u00e4rna veta mer om v\u00e4rmepumpstorktumlare. V\u00e4nligen kontakta mig.&#8221; s=&#8221;F\u00f6rfr\u00e5gan om information ang\u00e5ende v\u00e4rmepumpstorktumlare&#8221; e=&#8221;els.sales@electrolux.se&#8221; country=&#8221;Sweden&#8221; l=&#8221;se&#8221; b=&#8221;laundry&#8221; container=&#8221;elxcontactus1466429561&#8243;][\/vc_column][\/vc_row][vc_row][vc_column][vc_empty_space height=&#8221;50px&#8221;][\/vc_column][\/vc_row]<\/p>\n","protected":false},"excerpt":{"rendered":"<p>[vc_row full_width=&#8221;electroluxpro-full-width-no-padding&#8221;][vc_column][elx_hero_slider label_text_color=&#8221;inherit&#8221; images=&#8221;664&#8243;][elx_heading font_container=&#8221;h1&#8243; font_size=&#8221;h2&#8243; text_color=&#8221;inherit&#8221;]V\u00e4rmepumps- torktumlare (T5190LE)[\/elx_heading][\/elx_hero_slider][\/vc_column][\/vc_row][vc_row][vc_column css=&#8221;.vc_custom_1464253016404{padding-top: 30px !important;}&#8221;][vc_empty_space][\/vc_column][\/vc_row][vc_row equal_height=&#8221;yes&#8221;][vc_column width=&#8221;1\/2&#8243;][vc_empty_space][elx_heading font_container=&#8221;h3&#8243; text_color=&#8221;inherit&#8221;]L\u00e5genergitorktumlare som sparar b\u00e5de energi och kostnader[\/elx_heading][vc_empty_space][vc_column_text css=&#8221;.vc_custom_1490170101923{margin-bottom: 0px !important;border-bottom-width: 0px !important;padding-bottom: 0px !important;}&#8221;]V\u00e4rmepumpstorktumlaren\u00a0T5190LE (L\u00e5gEnergi) m\u00f6jligg\u00f6r energibesparingar p\u00e5 upp till 66 % j\u00e4mf\u00f6rt med torktumlare med standardteknik.[\/vc_column_text][\/vc_column][vc_column width=&#8221;1\/2&#8243;][elx_video_block background_image=&#8221;670&#8243; video_link=&#8221;https:\/\/www.youtube.com\/watch?v=agTB9lzil5c&#8221; minimum_height=&#8221;415px&#8221;][\/vc_column][\/vc_row][vc_row][vc_column][vc_empty_space][\/vc_column][\/vc_row][vc_row][vc_column width=&#8221;1\/3&#8243;][elx_simple_block background_color=&#8221;inherit&#8221;][elx_heading font_container=&#8221;h4&#8243; text_color=&#8221;orange&#8221;]Spara kostnader med enast\u00e5ende prestanda[\/elx_heading][vc_column_text]Upp till [&hellip;]<\/p>\n","protected":false},"author":3,"featured_media":0,"parent":2396,"menu_order":0,"comment_status":"closed","ping_status":"closed","template":"","meta":{"footnotes":""},"class_list":["post-2600","page","type-page","status-publish","hentry"],"acf":[],"yoast_head":"<!-- This site is optimized with the Yoast SEO plugin v23.3 - https:\/\/yoast.com\/wordpress\/plugins\/seo\/ -->\n<title>V\u00e4rmepumpstorktumlare med l\u00e4gsta milj\u00f6p\u00e5verkan<\/title>\n<meta name=\"description\" content=\"Med en v\u00e4rmepumpstorktumlare minskar vatten- och energif\u00f6rbrukningen med upp till 66 % j\u00e4mf\u00f6rt med motsvarande tumlare med traditionell teknik.\" \/>\n<meta name=\"robots\" content=\"index, follow, max-snippet:-1, max-image-preview:large, max-video-preview:-1\" \/>\n<link rel=\"canonical\" href=\"https:\/\/www.electroluxprofessional.com\/se\/laundry\/heat-pump-dryers\/\" \/>\n<meta property=\"og:locale\" content=\"sv_SE\" \/>\n<meta property=\"og:type\" content=\"article\" \/>\n<meta property=\"og:title\" content=\"V\u00e4rmepumpstorktumlare med l\u00e4gsta milj\u00f6p\u00e5verkan\" \/>\n<meta property=\"og:description\" content=\"Med en v\u00e4rmepumpstorktumlare minskar vatten- och energif\u00f6rbrukningen med upp till 66 % j\u00e4mf\u00f6rt med motsvarande tumlare med traditionell teknik.\" \/>\n<meta property=\"og:url\" content=\"https:\/\/www.electroluxprofessional.com\/se\/laundry\/heat-pump-dryers\/\" \/>\n<meta property=\"og:site_name\" content=\"Electrolux Professional Sverige\" \/>\n<meta property=\"article:modified_time\" content=\"2017-05-05T13:28:12+00:00\" \/>\n<meta name=\"twitter:card\" content=\"summary_large_image\" \/>\n<meta name=\"twitter:label1\" content=\"Ber\u00e4knad l\u00e4stid\" \/>\n\t<meta name=\"twitter:data1\" content=\"3 minuter\" \/>\n<script type=\"application\/ld+json\" class=\"yoast-schema-graph\">{\"@context\":\"https:\/\/schema.org\",\"@graph\":[{\"@type\":\"WebPage\",\"@id\":\"https:\/\/www.electroluxprofessional.com\/se\/laundry\/heat-pump-dryers\/\",\"url\":\"https:\/\/www.electroluxprofessional.com\/se\/laundry\/heat-pump-dryers\/\",\"name\":\"V\u00e4rmepumpstorktumlare med l\u00e4gsta milj\u00f6p\u00e5verkan\",\"isPartOf\":{\"@id\":\"https:\/\/www.electroluxprofessional.com\/se\/#website\"},\"datePublished\":\"2017-03-22T09:55:50+00:00\",\"dateModified\":\"2017-05-05T13:28:12+00:00\",\"description\":\"Med en v\u00e4rmepumpstorktumlare minskar vatten- och energif\u00f6rbrukningen med upp till 66 % j\u00e4mf\u00f6rt med motsvarande tumlare med traditionell teknik.\",\"breadcrumb\":{\"@id\":\"https:\/\/www.electroluxprofessional.com\/se\/laundry\/heat-pump-dryers\/#breadcrumb\"},\"inLanguage\":\"sv-SE\",\"potentialAction\":[{\"@type\":\"ReadAction\",\"target\":[\"https:\/\/www.electroluxprofessional.com\/se\/laundry\/heat-pump-dryers\/\"]}]},{\"@type\":\"BreadcrumbList\",\"@id\":\"https:\/\/www.electroluxprofessional.com\/se\/laundry\/heat-pump-dryers\/#breadcrumb\",\"itemListElement\":[{\"@type\":\"ListItem\",\"position\":1,\"name\":\"Home\",\"item\":\"https:\/\/www.electroluxprofessional.com\/se\/\"},{\"@type\":\"ListItem\",\"position\":2,\"name\":\"Laundry\",\"item\":\"https:\/\/www.electroluxprofessional.com\/se\/laundry\/\"},{\"@type\":\"ListItem\",\"position\":3,\"name\":\"Heat Pump Dryers\"}]},{\"@type\":\"WebSite\",\"@id\":\"https:\/\/www.electroluxprofessional.com\/se\/#website\",\"url\":\"https:\/\/www.electroluxprofessional.com\/se\/\",\"name\":\"Electrolux Professional Sverige\",\"description\":\"\",\"potentialAction\":[{\"@type\":\"SearchAction\",\"target\":{\"@type\":\"EntryPoint\",\"urlTemplate\":\"https:\/\/www.electroluxprofessional.com\/se\/?src={search_term_string}\"},\"query-input\":\"required name=search_term_string\"}],\"inLanguage\":\"sv-SE\"}]}<\/script>\n<!-- \/ Yoast SEO plugin. -->","yoast_head_json":{"title":"V\u00e4rmepumpstorktumlare med l\u00e4gsta milj\u00f6p\u00e5verkan","description":"Med en v\u00e4rmepumpstorktumlare minskar vatten- och energif\u00f6rbrukningen med upp till 66 % j\u00e4mf\u00f6rt med motsvarande tumlare med traditionell teknik.","robots":{"index":"index","follow":"follow","max-snippet":"max-snippet:-1","max-image-preview":"max-image-preview:large","max-video-preview":"max-video-preview:-1"},"canonical":"https:\/\/www.electroluxprofessional.com\/se\/laundry\/heat-pump-dryers\/","og_locale":"sv_SE","og_type":"article","og_title":"V\u00e4rmepumpstorktumlare med l\u00e4gsta milj\u00f6p\u00e5verkan","og_description":"Med en v\u00e4rmepumpstorktumlare minskar vatten- och energif\u00f6rbrukningen med upp till 66 % j\u00e4mf\u00f6rt med motsvarande tumlare med traditionell teknik.","og_url":"https:\/\/www.electroluxprofessional.com\/se\/laundry\/heat-pump-dryers\/","og_site_name":"Electrolux Professional Sverige","article_modified_time":"2017-05-05T13:28:12+00:00","twitter_card":"summary_large_image","twitter_misc":{"Ber\u00e4knad l\u00e4stid":"3 minuter"},"schema":{"@context":"https:\/\/schema.org","@graph":[{"@type":"WebPage","@id":"https:\/\/www.electroluxprofessional.com\/se\/laundry\/heat-pump-dryers\/","url":"https:\/\/www.electroluxprofessional.com\/se\/laundry\/heat-pump-dryers\/","name":"V\u00e4rmepumpstorktumlare med l\u00e4gsta milj\u00f6p\u00e5verkan","isPartOf":{"@id":"https:\/\/www.electroluxprofessional.com\/se\/#website"},"datePublished":"2017-03-22T09:55:50+00:00","dateModified":"2017-05-05T13:28:12+00:00","description":"Med en v\u00e4rmepumpstorktumlare minskar vatten- och energif\u00f6rbrukningen med upp till 66 % j\u00e4mf\u00f6rt med motsvarande tumlare med traditionell teknik.","breadcrumb":{"@id":"https:\/\/www.electroluxprofessional.com\/se\/laundry\/heat-pump-dryers\/#breadcrumb"},"inLanguage":"sv-SE","potentialAction":[{"@type":"ReadAction","target":["https:\/\/www.electroluxprofessional.com\/se\/laundry\/heat-pump-dryers\/"]}]},{"@type":"BreadcrumbList","@id":"https:\/\/www.electroluxprofessional.com\/se\/laundry\/heat-pump-dryers\/#breadcrumb","itemListElement":[{"@type":"ListItem","position":1,"name":"Home","item":"https:\/\/www.electroluxprofessional.com\/se\/"},{"@type":"ListItem","position":2,"name":"Laundry","item":"https:\/\/www.electroluxprofessional.com\/se\/laundry\/"},{"@type":"ListItem","position":3,"name":"Heat Pump Dryers"}]},{"@type":"WebSite","@id":"https:\/\/www.electroluxprofessional.com\/se\/#website","url":"https:\/\/www.electroluxprofessional.com\/se\/","name":"Electrolux Professional Sverige","description":"","potentialAction":[{"@type":"SearchAction","target":{"@type":"EntryPoint","urlTemplate":"https:\/\/www.electroluxprofessional.com\/se\/?src={search_term_string}"},"query-input":"required name=search_term_string"}],"inLanguage":"sv-SE"}]}},"_links":{"self":[{"href":"https:\/\/www.electroluxprofessional.com\/se\/wp-json\/wp\/v2\/pages\/2600"}],"collection":[{"href":"https:\/\/www.electroluxprofessional.com\/se\/wp-json\/wp\/v2\/pages"}],"about":[{"href":"https:\/\/www.electroluxprofessional.com\/se\/wp-json\/wp\/v2\/types\/page"}],"author":[{"embeddable":true,"href":"https:\/\/www.electroluxprofessional.com\/se\/wp-json\/wp\/v2\/users\/3"}],"replies":[{"embeddable":true,"href":"https:\/\/www.electroluxprofessional.com\/se\/wp-json\/wp\/v2\/comments?post=2600"}],"version-history":[{"count":10,"href":"https:\/\/www.electroluxprofessional.com\/se\/wp-json\/wp\/v2\/pages\/2600\/revisions"}],"predecessor-version":[{"id":50297,"href":"https:\/\/www.electroluxprofessional.com\/se\/wp-json\/wp\/v2\/pages\/2600\/revisions\/50297"}],"up":[{"embeddable":true,"href":"https:\/\/www.electroluxprofessional.com\/se\/wp-json\/wp\/v2\/pages\/2396"}],"wp:attachment":[{"href":"https:\/\/www.electroluxprofessional.com\/se\/wp-json\/wp\/v2\/media?parent=2600"}],"curies":[{"name":"wp","href":"https:\/\/api.w.org\/{rel}","templated":true}]}}