{"id":2597,"date":"2017-03-16T14:38:36","date_gmt":"2017-03-16T14:38:36","guid":{"rendered":"https:\/\/www.electroluxprofessional.com\/se\/?page_id=2597"},"modified":"2025-10-16T09:02:16","modified_gmt":"2025-10-16T08:02:16","slug":"finishingutrustning","status":"publish","type":"page","link":"https:\/\/www.electroluxprofessional.com\/se\/tvatt\/finishingutrustning\/","title":{"rendered":"Finishingutrustning"},"content":{"rendered":"<p>[vc_row full_width=&#8221;electroluxpro-full-width-no-padding&#8221;][vc_column][vc_single_image image=&#8221;10962&#8243; img_size=&#8221;2000&#215;400&#8243;][\/vc_column][\/vc_row][vc_row][vc_column][vc_empty_space][elx_heading font_container=&#8221;h1&#8243; font_size=&#8221;h2&#8243; text_color=&#8221;inherit&#8221;]Finishingutrustning med h\u00f6g kvalitet[\/elx_heading][vc_empty_space][\/vc_column][\/vc_row][vc_row][vc_column width=&#8221;1\/2&#8243;][vc_single_image image=&#8221;891&#8243; img_size=&#8221;large&#8221;][\/vc_column][vc_column width=&#8221;1\/2&#8243;][vc_column_text]Med finishingutrustning fr\u00e5n\u00a0Electrolux Professional kan du\u00a0v\u00e4lja mellan ett komplett sortiment av anv\u00e4ndarv\u00e4nliga,<br \/>\nh\u00f6gautomatiserade pressar till vanliga eluppv\u00e4rmda strykbord f\u00f6r sm\u00e5skalig verksamhet eller f\u00f6r industribruk beroende p\u00e5 behov.<\/p>\n<p>Ut\u00f6ver att \u00f6ka produktionen p\u00e5 ert tv\u00e4tteri, garanterar v\u00e5r\u00a0finishingutrustning h\u00f6g finishkvalitet, plagg efter plagg.<\/p>\n<p><strong>Skjortor &#8211; den perfekta l\u00f6sningen<br \/>\n<\/strong>V\u00e5r l\u00f6sning best\u00e5r av n\u00e5gon av f\u00f6ljande utrustningar, strykbord, skjortbl\u00e5s, krag- och manschettpress.<\/p>\n<p><strong>Byxor &#8211; veck och skrynklor<\/strong><br \/>\nElectrolux Professionals system f\u00f6r efterbehandling av byxor \u00e4r utformat f\u00f6r maximal personals\u00e4kerhet. Utrustningen \u00e4r ocks\u00e5 enkel att anv\u00e4nda, vilket g\u00f6r att anv\u00e4ndaren kan bearbeta ett stort antal f\u00e4rdiga plagg.<\/p>\n<p><strong>Kappor och jackor<\/strong><br \/>\nElectrolux Professionals multi-finisher \u00e4r s\u00e5 effektiv att en person kan bearbeta upp till 40 jackor per timme. En anv\u00e4ndarv\u00e4nlig mikroprocessor lagrar upp till nio program och styr alla funktioner.[\/vc_column_text][\/vc_column][\/vc_row][vc_row][vc_column width=&#8221;1\/3&#8243;][vc_empty_space][vc_single_image image=&#8221;1954&#8243; img_size=&#8221;full&#8221;][\/vc_column][vc_column width=&#8221;1\/3&#8243;][vc_single_image image=&#8221;1955&#8243; img_size=&#8221;full&#8221;][\/vc_column][vc_column width=&#8221;1\/3&#8243;][vc_empty_space][vc_single_image image=&#8221;1956&#8243; img_size=&#8221;full&#8221;][\/vc_column][\/vc_row][vc_row][vc_column][vc_empty_space height=&#8221;50px&#8221;][elx_heading font_size=&#8221;h2&#8243; text_color=&#8221;inherit&#8221; text_align=&#8221;text-center&#8221;]Uppt\u00e4ck f\u00f6rdelarna med v\u00e5r Finishingutrustning[\/elx_heading][elx_o2000_contact_us s=&#8221;F\u00f6rfr\u00e5gan om information ang\u00e5ende Finishingutrustning&#8221; country=&#8221;Sweden&#8221; b=&#8221;laundry&#8221; container=&#8221;elxcontactus1478705376&#8243; r=&#8221;Jag vill veta mer om er Finishingutrustning. V\u00e4nligen kontakta mig.&#8221; l=&#8221;se&#8221; e=&#8221;els.sales@electrolux.com&#8221;][vc_empty_space height=&#8221;50px&#8221;][\/vc_column][\/vc_row][vc_row css=&#8221;.vc_custom_1599722363912{background-color: #eaeaea !important;}&#8221;][vc_column][elx_heading font_size=&#8221;h2&#8243; text_color=&#8221;inherit&#8221; text_align=&#8221;text-center&#8221;]Du kanske ocks\u00e5 \u00e4r intresserad av dessa produkter:[\/elx_heading][\/vc_column][\/vc_row][vc_row css=&#8221;.vc_custom_1599722393663{background-color: #eaeaea !important;}&#8221;][vc_column width=&#8221;1\/3&#8243;][elx_maylike_box id_box=&#8221;2834&#8243;][\/vc_column][vc_column width=&#8221;1\/3&#8243;][elx_maylike_box id_box=&#8221;2855&#8243;][\/vc_column][vc_column width=&#8221;1\/3&#8243;][elx_maylike_box id_box=&#8221;2788&#8243;][\/vc_column][\/vc_row][vc_row][vc_column][vc_empty_space height=&#8221;50px&#8221;][\/vc_column][\/vc_row]<\/p>\n","protected":false},"excerpt":{"rendered":"<p>[vc_row full_width=&#8221;electroluxpro-full-width-no-padding&#8221;][vc_column][vc_single_image image=&#8221;10962&#8243; img_size=&#8221;2000&#215;400&#8243;][\/vc_column][\/vc_row][vc_row][vc_column][vc_empty_space][elx_heading font_container=&#8221;h1&#8243; font_size=&#8221;h2&#8243; text_color=&#8221;inherit&#8221;]Finishingutrustning med h\u00f6g kvalitet[\/elx_heading][vc_empty_space][\/vc_column][\/vc_row][vc_row][vc_column width=&#8221;1\/2&#8243;][vc_single_image image=&#8221;891&#8243; img_size=&#8221;large&#8221;][\/vc_column][vc_column width=&#8221;1\/2&#8243;][vc_column_text]Med finishingutrustning fr\u00e5n\u00a0Electrolux Professional kan du\u00a0v\u00e4lja mellan ett komplett sortiment av anv\u00e4ndarv\u00e4nliga, h\u00f6gautomatiserade pressar till vanliga eluppv\u00e4rmda strykbord f\u00f6r sm\u00e5skalig verksamhet eller f\u00f6r industribruk beroende p\u00e5 behov. Ut\u00f6ver att \u00f6ka produktionen p\u00e5 ert tv\u00e4tteri, garanterar v\u00e5r\u00a0finishingutrustning h\u00f6g finishkvalitet, plagg efter plagg. Skjortor [&hellip;]<\/p>\n","protected":false},"author":3,"featured_media":0,"parent":51211,"menu_order":0,"comment_status":"closed","ping_status":"closed","template":"","meta":{"footnotes":""},"class_list":["post-2597","page","type-page","status-publish","hentry"],"acf":[],"yoast_head":"<!-- This site is optimized with the Yoast SEO plugin v23.3 - https:\/\/yoast.com\/wordpress\/plugins\/seo\/ -->\n<title>Finishingutrustning f\u00f6r tv\u00e4ttutrustning - Electrolux Professional<\/title>\n<meta name=\"description\" content=\"Finishingutrustning av h\u00f6g kvalitet som g\u00f6r det enkelt att f\u00e5 ett perfekt slutresultat p\u00e5 alla tv\u00e4ttade plagg. Vi erbjuder ett komplett sortiment av anv\u00e4ndarv\u00e4nliga, h\u00f6gautomatiserade pressar.\" \/>\n<meta name=\"robots\" content=\"index, follow, max-snippet:-1, max-image-preview:large, max-video-preview:-1\" \/>\n<link rel=\"canonical\" href=\"https:\/\/www.electroluxprofessional.com\/se\/tvatt\/finishingutrustning\/\" \/>\n<meta property=\"og:locale\" content=\"sv_SE\" \/>\n<meta property=\"og:type\" content=\"article\" \/>\n<meta property=\"og:title\" content=\"Finishingutrustning f\u00f6r tv\u00e4ttutrustning - Electrolux Professional\" \/>\n<meta property=\"og:description\" content=\"Finishingutrustning av h\u00f6g kvalitet som g\u00f6r det enkelt att f\u00e5 ett perfekt slutresultat p\u00e5 alla tv\u00e4ttade plagg. Vi erbjuder ett komplett sortiment av anv\u00e4ndarv\u00e4nliga, h\u00f6gautomatiserade pressar.\" \/>\n<meta property=\"og:url\" content=\"https:\/\/www.electroluxprofessional.com\/se\/tvatt\/finishingutrustning\/\" \/>\n<meta property=\"og:site_name\" content=\"Electrolux Professional Sverige\" \/>\n<meta property=\"article:modified_time\" content=\"2025-10-16T08:02:16+00:00\" \/>\n<meta name=\"twitter:card\" content=\"summary_large_image\" \/>\n<meta name=\"twitter:label1\" content=\"Ber\u00e4knad l\u00e4stid\" \/>\n\t<meta name=\"twitter:data1\" content=\"2 minuter\" \/>\n<script type=\"application\/ld+json\" class=\"yoast-schema-graph\">{\"@context\":\"https:\/\/schema.org\",\"@graph\":[{\"@type\":\"WebPage\",\"@id\":\"https:\/\/www.electroluxprofessional.com\/se\/tvatt\/finishingutrustning\/\",\"url\":\"https:\/\/www.electroluxprofessional.com\/se\/tvatt\/finishingutrustning\/\",\"name\":\"Finishingutrustning f\u00f6r tv\u00e4ttutrustning - Electrolux Professional\",\"isPartOf\":{\"@id\":\"https:\/\/www.electroluxprofessional.com\/se\/#website\"},\"datePublished\":\"2017-03-16T14:38:36+00:00\",\"dateModified\":\"2025-10-16T08:02:16+00:00\",\"description\":\"Finishingutrustning av h\u00f6g kvalitet som g\u00f6r det enkelt att f\u00e5 ett perfekt slutresultat p\u00e5 alla tv\u00e4ttade plagg. Vi erbjuder ett komplett sortiment av anv\u00e4ndarv\u00e4nliga, h\u00f6gautomatiserade pressar.\",\"breadcrumb\":{\"@id\":\"https:\/\/www.electroluxprofessional.com\/se\/tvatt\/finishingutrustning\/#breadcrumb\"},\"inLanguage\":\"sv-SE\",\"potentialAction\":[{\"@type\":\"ReadAction\",\"target\":[\"https:\/\/www.electroluxprofessional.com\/se\/tvatt\/finishingutrustning\/\"]}]},{\"@type\":\"BreadcrumbList\",\"@id\":\"https:\/\/www.electroluxprofessional.com\/se\/tvatt\/finishingutrustning\/#breadcrumb\",\"itemListElement\":[{\"@type\":\"ListItem\",\"position\":1,\"name\":\"Home\",\"item\":\"https:\/\/www.electroluxprofessional.com\/se\/\"},{\"@type\":\"ListItem\",\"position\":2,\"name\":\"Tv\u00e4tt\",\"item\":\"https:\/\/www.electroluxprofessional.com\/se\/tvatt\/\"},{\"@type\":\"ListItem\",\"position\":3,\"name\":\"Finishingutrustning\"}]},{\"@type\":\"WebSite\",\"@id\":\"https:\/\/www.electroluxprofessional.com\/se\/#website\",\"url\":\"https:\/\/www.electroluxprofessional.com\/se\/\",\"name\":\"Electrolux Professional Sverige\",\"description\":\"\",\"potentialAction\":[{\"@type\":\"SearchAction\",\"target\":{\"@type\":\"EntryPoint\",\"urlTemplate\":\"https:\/\/www.electroluxprofessional.com\/se\/?src={search_term_string}\"},\"query-input\":\"required name=search_term_string\"}],\"inLanguage\":\"sv-SE\"}]}<\/script>\n<!-- \/ Yoast SEO plugin. -->","yoast_head_json":{"title":"Finishingutrustning f\u00f6r tv\u00e4ttutrustning - Electrolux Professional","description":"Finishingutrustning av h\u00f6g kvalitet som g\u00f6r det enkelt att f\u00e5 ett perfekt slutresultat p\u00e5 alla tv\u00e4ttade plagg. Vi erbjuder ett komplett sortiment av anv\u00e4ndarv\u00e4nliga, h\u00f6gautomatiserade pressar.","robots":{"index":"index","follow":"follow","max-snippet":"max-snippet:-1","max-image-preview":"max-image-preview:large","max-video-preview":"max-video-preview:-1"},"canonical":"https:\/\/www.electroluxprofessional.com\/se\/tvatt\/finishingutrustning\/","og_locale":"sv_SE","og_type":"article","og_title":"Finishingutrustning f\u00f6r tv\u00e4ttutrustning - Electrolux Professional","og_description":"Finishingutrustning av h\u00f6g kvalitet som g\u00f6r det enkelt att f\u00e5 ett perfekt slutresultat p\u00e5 alla tv\u00e4ttade plagg. Vi erbjuder ett komplett sortiment av anv\u00e4ndarv\u00e4nliga, h\u00f6gautomatiserade pressar.","og_url":"https:\/\/www.electroluxprofessional.com\/se\/tvatt\/finishingutrustning\/","og_site_name":"Electrolux Professional Sverige","article_modified_time":"2025-10-16T08:02:16+00:00","twitter_card":"summary_large_image","twitter_misc":{"Ber\u00e4knad l\u00e4stid":"2 minuter"},"schema":{"@context":"https:\/\/schema.org","@graph":[{"@type":"WebPage","@id":"https:\/\/www.electroluxprofessional.com\/se\/tvatt\/finishingutrustning\/","url":"https:\/\/www.electroluxprofessional.com\/se\/tvatt\/finishingutrustning\/","name":"Finishingutrustning f\u00f6r tv\u00e4ttutrustning - Electrolux Professional","isPartOf":{"@id":"https:\/\/www.electroluxprofessional.com\/se\/#website"},"datePublished":"2017-03-16T14:38:36+00:00","dateModified":"2025-10-16T08:02:16+00:00","description":"Finishingutrustning av h\u00f6g kvalitet som g\u00f6r det enkelt att f\u00e5 ett perfekt slutresultat p\u00e5 alla tv\u00e4ttade plagg. Vi erbjuder ett komplett sortiment av anv\u00e4ndarv\u00e4nliga, h\u00f6gautomatiserade pressar.","breadcrumb":{"@id":"https:\/\/www.electroluxprofessional.com\/se\/tvatt\/finishingutrustning\/#breadcrumb"},"inLanguage":"sv-SE","potentialAction":[{"@type":"ReadAction","target":["https:\/\/www.electroluxprofessional.com\/se\/tvatt\/finishingutrustning\/"]}]},{"@type":"BreadcrumbList","@id":"https:\/\/www.electroluxprofessional.com\/se\/tvatt\/finishingutrustning\/#breadcrumb","itemListElement":[{"@type":"ListItem","position":1,"name":"Home","item":"https:\/\/www.electroluxprofessional.com\/se\/"},{"@type":"ListItem","position":2,"name":"Tv\u00e4tt","item":"https:\/\/www.electroluxprofessional.com\/se\/tvatt\/"},{"@type":"ListItem","position":3,"name":"Finishingutrustning"}]},{"@type":"WebSite","@id":"https:\/\/www.electroluxprofessional.com\/se\/#website","url":"https:\/\/www.electroluxprofessional.com\/se\/","name":"Electrolux Professional Sverige","description":"","potentialAction":[{"@type":"SearchAction","target":{"@type":"EntryPoint","urlTemplate":"https:\/\/www.electroluxprofessional.com\/se\/?src={search_term_string}"},"query-input":"required name=search_term_string"}],"inLanguage":"sv-SE"}]}},"_links":{"self":[{"href":"https:\/\/www.electroluxprofessional.com\/se\/wp-json\/wp\/v2\/pages\/2597"}],"collection":[{"href":"https:\/\/www.electroluxprofessional.com\/se\/wp-json\/wp\/v2\/pages"}],"about":[{"href":"https:\/\/www.electroluxprofessional.com\/se\/wp-json\/wp\/v2\/types\/page"}],"author":[{"embeddable":true,"href":"https:\/\/www.electroluxprofessional.com\/se\/wp-json\/wp\/v2\/users\/3"}],"replies":[{"embeddable":true,"href":"https:\/\/www.electroluxprofessional.com\/se\/wp-json\/wp\/v2\/comments?post=2597"}],"version-history":[{"count":12,"href":"https:\/\/www.electroluxprofessional.com\/se\/wp-json\/wp\/v2\/pages\/2597\/revisions"}],"predecessor-version":[{"id":54314,"href":"https:\/\/www.electroluxprofessional.com\/se\/wp-json\/wp\/v2\/pages\/2597\/revisions\/54314"}],"up":[{"embeddable":true,"href":"https:\/\/www.electroluxprofessional.com\/se\/wp-json\/wp\/v2\/pages\/51211"}],"wp:attachment":[{"href":"https:\/\/www.electroluxprofessional.com\/se\/wp-json\/wp\/v2\/media?parent=2597"}],"curies":[{"name":"wp","href":"https:\/\/api.w.org\/{rel}","templated":true}]}}