{"id":2461,"date":"2017-04-07T12:46:05","date_gmt":"2017-04-07T12:46:05","guid":{"rendered":"https:\/\/www.electroluxprofessional.com\/se\/?page_id=2461"},"modified":"2019-03-11T16:18:20","modified_gmt":"2019-03-11T16:18:20","slug":"vart-ansvar","status":"publish","type":"page","link":"https:\/\/www.electroluxprofessional.com\/se\/for-the-better\/vart-ansvar\/","title":{"rendered":"V\u00e5rt ansvar"},"content":{"rendered":"<p>[vc_row full_width=&#8221;electroluxpro-full-width-no-padding&#8221;][vc_column][elx_hero_slider label_text_color=&#8221;inherit&#8221; images=&#8221;652&#8243;][elx_heading font_container=&#8221;h1&#8243; font_size=&#8221;h2&#8243; text_color=&#8221;inherit&#8221;]En ansvarsfull f\u00f6retagskultur<br \/>\n[\/elx_heading][vc_column_text]Electrolux Professional ger p\u00e5litlig, opartisk s\u00e4kerhet i v\u00e4rldsklass, vilket framg\u00e5r av v\u00e5rt konkreta och m\u00e4tbara engagemang f\u00f6r h\u00e4lsa och s\u00e4kerhet.[\/vc_column_text][\/elx_hero_slider][\/vc_column][\/vc_row][vc_row][vc_column][elx_heading text_color=&#8221;inherit&#8221; text_align=&#8221;text-center&#8221;]H\u00e4lsosam uppv\u00e4xt, fridfullt arbete, trygghet och att k\u00e4nna sig s\u00e4ker.[\/elx_heading][\/vc_column][\/vc_row][vc_row full_width=&#8221;electroluxpro-full-width-no-padding&#8221; equal_height=&#8221;yes&#8221;][vc_column width=&#8221;1\/2&#8243;][elx_image_block background_image=&#8221;646&#8243; minimum_height=&#8221;400px &#8220;][\/vc_column][vc_column width=&#8221;1\/2&#8243;][elx_simple_block background_color=&#8221;inherit&#8221;][elx_heading font_container=&#8221;h3&#8243; text_color=&#8221;inherit&#8221;]S\u00e4kerheten \u00e4r nummer ett[\/elx_heading][vc_column_text drop_caps=&#8221;big-first-letter&#8221;]Sp\u00e4dbarn och barn under fem \u00e5r har \u00f6kad risk f\u00f6r komplikationer fr\u00e5n matf\u00f6rgiftning.<\/p>\n<p>P\u00e5 Electrolux Professional vill vi skydda dig, dina barn och din familj genom maximal livsmedels\u00e4kerhet. V\u00e5ra Foodservice-l\u00f6sningar undviker spridningen av bakterier som orsakar matf\u00f6rgiftning l\u00e4ngs hela livsmedelskedjan, fr\u00e5n f\u00f6rberedelse till hantering och lagring.[\/vc_column_text][\/elx_simple_block][\/vc_column][\/vc_row][vc_row][vc_column][vc_empty_space][\/vc_column][\/vc_row][vc_row css=&#8221;.vc_custom_1464184974732{padding-top: 20px !important;padding-bottom: 20px !important;background-color: #eaeef2 !important;}&#8221;][vc_column][\/vc_column][vc_column width=&#8221;1\/2&#8243;][vc_single_image image=&#8221;651&#8243; img_size=&#8221;medium&#8221; alignment=&#8221;center&#8221;][\/vc_column][vc_column width=&#8221;1\/2&#8243;][elx_heading text_color=&#8221;inherit&#8221;]<span style=\"color: #3fb12d;\">Livsmedels\u00e4kerhet, f\u00f6r att f\u00f6rhindra kemisk \u00f6verf\u00f6ring av potentiellt skadliga metall- eller plast\u00e4mnen till mat eller dryck.<\/span>[\/elx_heading][vc_column_text drop_caps=&#8221;big-first-letter&#8221;]<span style=\"color: #000000;\">I enlighet med reglerna f\u00f6r matkontakt anv\u00e4nder Electrolux Professional inte BPA (Bisphenol A) i sina plastkomponenter.<\/span>[\/vc_column_text][\/vc_column][\/vc_row][vc_row][vc_column][vc_empty_space][\/vc_column][\/vc_row][vc_row full_width=&#8221;electroluxpro-full-width-no-padding&#8221;][vc_column width=&#8221;1\/2&#8243;][elx_image_block background_image=&#8221;567&#8243; minimum_height=&#8221;666px&#8221;][\/vc_column][vc_column width=&#8221;1\/2&#8243;][elx_simple_block background_color=&#8221;inherit&#8221;][elx_heading font_container=&#8221;h3&#8243; text_color=&#8221;inherit&#8221;]At Electrolux Professional we invest <strong>up to 1 million \u20ac per year<\/strong> for <strong>third party certification.\u00a0<\/strong>[\/elx_heading][vc_column_text drop_caps=&#8221;big-first-letter&#8221;]<\/p>\n<p class=\"bm4 tm4 rm40\">Third party certification clearly shows our commitment to ensure <strong>reliable, impartial and world-class safety<\/strong>.<\/p>\n<p class=\"bm4 tm4 rm40\">We are at the forefront when it comes to <strong>setting the Safety and Performance standards\u00a0<\/strong>at national and international levels, actively contributing to enhance the safety and energy saving requirements of the products on the market.<\/p>\n<p>[\/vc_column_text][\/elx_simple_block][\/vc_column][\/vc_row][vc_row full_width=&#8221;electroluxpro-full-width-no-padding&#8221;][vc_column width=&#8221;1\/2&#8243;][elx_simple_block][elx_heading font_container=&#8221;h3&#8243; text_color=&#8221;inherit&#8221;]Our imperative at Electrolux Professional is to <strong>protect you and the people you love<\/strong> by minimizing the risks of infections.[\/elx_heading][vc_column_text drop_caps=&#8221;big-first-letter&#8221;]<strong>Hospitals, nursing homes and other healthcare institutions are at high risk for infection.\u00a0<\/strong><\/p>\n<p>To ensure maximum safety, our <strong>Barrier Washers<\/strong> are equipped with the unique &#8220;<strong>hygiene watchdog<\/strong>&#8220;: combined with an effective Laundry Cycle Management, it guarantees <strong>100% safe hygienic linen at all times<\/strong>.[\/vc_column_text][elx_button css=&#8221;&#8221; button_text=&#8221;Health Care&#8221; button_link=&#8221;url:https%3A%2F%2Fwww.electroluxprofessional.com%2Fyour-business%2Fcare%2Fhospitals%2F|title:health%20care||&#8221; button_style=&#8221;icon&#8221;][\/elx_simple_block][\/vc_column][vc_column width=&#8221;1\/2&#8243;][elx_image_block background_image=&#8221;647&#8243; minimum_height=&#8221;666px&#8221;][\/vc_column][\/vc_row][vc_row full_width=&#8221;electroluxpro-full-width-no-padding&#8221;][vc_column width=&#8221;1\/2&#8243;][elx_image_block background_image=&#8221;648&#8243; minimum_height=&#8221;666px&#8221;][\/vc_column][vc_column width=&#8221;1\/2&#8243;][elx_simple_block background_color=&#8221;inherit&#8221;][elx_heading font_container=&#8221;h3&#8243; text_color=&#8221;inherit&#8221;]<strong>H\u00e4lsosamma och s\u00e4kra arbetsplatser<\/strong> \u00e4r grundl\u00e4ggande f\u00f6r produktivt arbete och ett kvalitativt arbetsliv.[\/elx_heading][vc_column_text drop_caps=&#8221;big-first-letter&#8221;]P\u00e5 Electrolux Professional \u00e4r s\u00e4kerheten av st\u00f6rsta vikt. Det ing\u00e5r i varje projekt och involverar alla f\u00f6retagsfunktioner, externa partners och intressenter.<\/p>\n<p>M\u00e5ls\u00e4ttningen \u00e4r att skydda och f\u00f6rb\u00e4ttra arbetsplatss\u00e4kerheten f\u00f6r en &#8220;nollvision&#8221; p\u00e5 alla fabriker och tillverkningsst\u00e4llen v\u00e4rlden \u00f6ver.[\/vc_column_text][\/elx_simple_block][\/vc_column][\/vc_row][vc_row][vc_column][\/vc_column][\/vc_row][vc_row full_width=&#8221;electroluxpro-container-no-padding&#8221; equal_height=&#8221;yes&#8221; css=&#8221;.vc_custom_1464275874297{padding-top: 50px !important;padding-bottom: 50px !important;}&#8221;][vc_column width=&#8221;1\/3&#8243;][elx_image_block background_image=&#8221;649&#8243; minimum_height=&#8221;380px&#8221;][\/vc_column][vc_column width=&#8221;1\/3&#8243; css=&#8221;.vc_custom_1464275824218{background-color: #e2e2e2 !important;}&#8221;][elx_simple_block text_align=&#8221;text-center&#8221; background_color=&#8221;inherit&#8221;][elx_heading text_color=&#8221;inherit&#8221;]For the Better[\/elx_heading][vc_column_text]Vi vill skapa b\u00e4ttre l\u00f6sningar<br \/>\nsom g\u00f6r en positiv skillnad i ditt<br \/>\ndagliga liv \u2013 och f\u00f6r v\u00e5r planet.[\/vc_column_text][elx_button css=&#8221;&#8221; button_text=&#8221;L\u00e4s mer om For the Better&#8221; button_link=&#8221;url:https%3A%2F%2Fprofessional.electrolux.se%2Ffor-the-better%2F|title:L%C3%A4s%20mer%20om%20For%20the%20Better||&#8221; button_style=&#8221;primary&#8221;][\/elx_simple_block][\/vc_column][vc_column width=&#8221;1\/3&#8243;][elx_image_block background_image=&#8221;650&#8243; minimum_height=&#8221;380px&#8221;][\/vc_column][\/vc_row][vc_row][vc_column width=&#8221;1\/3&#8243;][elx_download_block text=&#8221;Ladda ner Press Releasen&#8221; link=&#8221;https:\/\/www.electroluxprofessional.com\/wp-content\/uploads\/2017\/01\/Press-Release-Electrolux-Professional_Electrolux-Professional-a-guaranteed-culture-of-safety.docx&#8221; background_color=&#8221;orange&#8221; reveal_effect=&#8221;&#8221; reveal_duration=&#8221;&#8221; reveal_delay=&#8221;&#8221;][\/vc_column][vc_column width=&#8221;1\/3&#8243;][elx_download_block text=&#8221;Taste the stress &#8211; hur viktig \u00e4r stressen f\u00f6r den perfekta m\u00e5ltiden?&#8221; link=&#8221;https:\/\/www.electroluxprofessional.com\/se\/taste-the-stress\/&#8221; background_color=&#8221;orange&#8221; reveal_effect=&#8221;&#8221; reveal_duration=&#8221;&#8221; reveal_delay=&#8221;&#8221;][\/vc_column][vc_column width=&#8221;1\/3&#8243;][\/vc_column][\/vc_row]<\/p>\n","protected":false},"excerpt":{"rendered":"<p>[vc_row full_width=&#8221;electroluxpro-full-width-no-padding&#8221;][vc_column][elx_hero_slider label_text_color=&#8221;inherit&#8221; images=&#8221;652&#8243;][elx_heading font_container=&#8221;h1&#8243; font_size=&#8221;h2&#8243; text_color=&#8221;inherit&#8221;]En ansvarsfull f\u00f6retagskultur [\/elx_heading][vc_column_text]Electrolux Professional ger p\u00e5litlig, opartisk s\u00e4kerhet i v\u00e4rldsklass, vilket framg\u00e5r av v\u00e5rt konkreta och m\u00e4tbara engagemang f\u00f6r h\u00e4lsa och s\u00e4kerhet.[\/vc_column_text][\/elx_hero_slider][\/vc_column][\/vc_row][vc_row][vc_column][elx_heading text_color=&#8221;inherit&#8221; text_align=&#8221;text-center&#8221;]H\u00e4lsosam uppv\u00e4xt, fridfullt arbete, trygghet och att k\u00e4nna sig s\u00e4ker.[\/elx_heading][\/vc_column][\/vc_row][vc_row full_width=&#8221;electroluxpro-full-width-no-padding&#8221; equal_height=&#8221;yes&#8221;][vc_column width=&#8221;1\/2&#8243;][elx_image_block background_image=&#8221;646&#8243; minimum_height=&#8221;400px &#8220;][\/vc_column][vc_column width=&#8221;1\/2&#8243;][elx_simple_block background_color=&#8221;inherit&#8221;][elx_heading font_container=&#8221;h3&#8243; text_color=&#8221;inherit&#8221;]S\u00e4kerheten \u00e4r nummer ett[\/elx_heading][vc_column_text drop_caps=&#8221;big-first-letter&#8221;]Sp\u00e4dbarn och [&hellip;]<\/p>\n","protected":false},"author":4,"featured_media":0,"parent":3067,"menu_order":0,"comment_status":"closed","ping_status":"closed","template":"","meta":{"footnotes":""},"class_list":["post-2461","page","type-page","status-publish","hentry"],"acf":[],"yoast_head":"<!-- This site is optimized with the Yoast SEO plugin v23.3 - https:\/\/yoast.com\/wordpress\/plugins\/seo\/ -->\n<title>V\u00e5rt ansvar - Electrolux Professional Sverige<\/title>\n<meta name=\"description\" content=\"Electrolux Professional ger p\u00e5litlig, opartisk s\u00e4kerhet i v\u00e4rldsklass, vilket framg\u00e5r av v\u00e5rt konkreta och m\u00e4tbara engagemang f\u00f6r h\u00e4lsa och s\u00e4kerhet.\" \/>\n<meta name=\"robots\" content=\"index, follow, max-snippet:-1, max-image-preview:large, max-video-preview:-1\" \/>\n<link rel=\"canonical\" href=\"https:\/\/www.electroluxprofessional.com\/se\/for-the-better\/vart-ansvar\/\" \/>\n<meta property=\"og:locale\" content=\"sv_SE\" \/>\n<meta property=\"og:type\" content=\"article\" \/>\n<meta property=\"og:title\" content=\"V\u00e5rt ansvar - Electrolux Professional Sverige\" \/>\n<meta property=\"og:description\" content=\"Electrolux Professional ger p\u00e5litlig, opartisk s\u00e4kerhet i v\u00e4rldsklass, vilket framg\u00e5r av v\u00e5rt konkreta och m\u00e4tbara engagemang f\u00f6r h\u00e4lsa och s\u00e4kerhet.\" \/>\n<meta property=\"og:url\" content=\"https:\/\/www.electroluxprofessional.com\/se\/for-the-better\/vart-ansvar\/\" \/>\n<meta property=\"og:site_name\" content=\"Electrolux Professional Sverige\" \/>\n<meta property=\"article:modified_time\" content=\"2019-03-11T16:18:20+00:00\" \/>\n<meta name=\"twitter:card\" content=\"summary_large_image\" \/>\n<meta name=\"twitter:label1\" content=\"Ber\u00e4knad l\u00e4stid\" \/>\n\t<meta name=\"twitter:data1\" content=\"5 minuter\" \/>\n<script type=\"application\/ld+json\" class=\"yoast-schema-graph\">{\"@context\":\"https:\/\/schema.org\",\"@graph\":[{\"@type\":\"WebPage\",\"@id\":\"https:\/\/www.electroluxprofessional.com\/se\/for-the-better\/vart-ansvar\/\",\"url\":\"https:\/\/www.electroluxprofessional.com\/se\/for-the-better\/vart-ansvar\/\",\"name\":\"V\u00e5rt ansvar - Electrolux Professional Sverige\",\"isPartOf\":{\"@id\":\"https:\/\/www.electroluxprofessional.com\/se\/#website\"},\"datePublished\":\"2017-04-07T12:46:05+00:00\",\"dateModified\":\"2019-03-11T16:18:20+00:00\",\"description\":\"Electrolux Professional ger p\u00e5litlig, opartisk s\u00e4kerhet i v\u00e4rldsklass, vilket framg\u00e5r av v\u00e5rt konkreta och m\u00e4tbara engagemang f\u00f6r h\u00e4lsa och s\u00e4kerhet.\",\"breadcrumb\":{\"@id\":\"https:\/\/www.electroluxprofessional.com\/se\/for-the-better\/vart-ansvar\/#breadcrumb\"},\"inLanguage\":\"sv-SE\",\"potentialAction\":[{\"@type\":\"ReadAction\",\"target\":[\"https:\/\/www.electroluxprofessional.com\/se\/for-the-better\/vart-ansvar\/\"]}]},{\"@type\":\"BreadcrumbList\",\"@id\":\"https:\/\/www.electroluxprofessional.com\/se\/for-the-better\/vart-ansvar\/#breadcrumb\",\"itemListElement\":[{\"@type\":\"ListItem\",\"position\":1,\"name\":\"Home\",\"item\":\"https:\/\/www.electroluxprofessional.com\/se\/\"},{\"@type\":\"ListItem\",\"position\":2,\"name\":\"For the Better\",\"item\":\"https:\/\/www.electroluxprofessional.com\/se\/for-the-better\/\"},{\"@type\":\"ListItem\",\"position\":3,\"name\":\"V\u00e5rt ansvar\"}]},{\"@type\":\"WebSite\",\"@id\":\"https:\/\/www.electroluxprofessional.com\/se\/#website\",\"url\":\"https:\/\/www.electroluxprofessional.com\/se\/\",\"name\":\"Electrolux Professional Sverige\",\"description\":\"\",\"potentialAction\":[{\"@type\":\"SearchAction\",\"target\":{\"@type\":\"EntryPoint\",\"urlTemplate\":\"https:\/\/www.electroluxprofessional.com\/se\/?src={search_term_string}\"},\"query-input\":\"required name=search_term_string\"}],\"inLanguage\":\"sv-SE\"}]}<\/script>\n<!-- \/ Yoast SEO plugin. -->","yoast_head_json":{"title":"V\u00e5rt ansvar - Electrolux Professional Sverige","description":"Electrolux Professional ger p\u00e5litlig, opartisk s\u00e4kerhet i v\u00e4rldsklass, vilket framg\u00e5r av v\u00e5rt konkreta och m\u00e4tbara engagemang f\u00f6r h\u00e4lsa och s\u00e4kerhet.","robots":{"index":"index","follow":"follow","max-snippet":"max-snippet:-1","max-image-preview":"max-image-preview:large","max-video-preview":"max-video-preview:-1"},"canonical":"https:\/\/www.electroluxprofessional.com\/se\/for-the-better\/vart-ansvar\/","og_locale":"sv_SE","og_type":"article","og_title":"V\u00e5rt ansvar - Electrolux Professional Sverige","og_description":"Electrolux Professional ger p\u00e5litlig, opartisk s\u00e4kerhet i v\u00e4rldsklass, vilket framg\u00e5r av v\u00e5rt konkreta och m\u00e4tbara engagemang f\u00f6r h\u00e4lsa och s\u00e4kerhet.","og_url":"https:\/\/www.electroluxprofessional.com\/se\/for-the-better\/vart-ansvar\/","og_site_name":"Electrolux Professional Sverige","article_modified_time":"2019-03-11T16:18:20+00:00","twitter_card":"summary_large_image","twitter_misc":{"Ber\u00e4knad l\u00e4stid":"5 minuter"},"schema":{"@context":"https:\/\/schema.org","@graph":[{"@type":"WebPage","@id":"https:\/\/www.electroluxprofessional.com\/se\/for-the-better\/vart-ansvar\/","url":"https:\/\/www.electroluxprofessional.com\/se\/for-the-better\/vart-ansvar\/","name":"V\u00e5rt ansvar - Electrolux Professional Sverige","isPartOf":{"@id":"https:\/\/www.electroluxprofessional.com\/se\/#website"},"datePublished":"2017-04-07T12:46:05+00:00","dateModified":"2019-03-11T16:18:20+00:00","description":"Electrolux Professional ger p\u00e5litlig, opartisk s\u00e4kerhet i v\u00e4rldsklass, vilket framg\u00e5r av v\u00e5rt konkreta och m\u00e4tbara engagemang f\u00f6r h\u00e4lsa och s\u00e4kerhet.","breadcrumb":{"@id":"https:\/\/www.electroluxprofessional.com\/se\/for-the-better\/vart-ansvar\/#breadcrumb"},"inLanguage":"sv-SE","potentialAction":[{"@type":"ReadAction","target":["https:\/\/www.electroluxprofessional.com\/se\/for-the-better\/vart-ansvar\/"]}]},{"@type":"BreadcrumbList","@id":"https:\/\/www.electroluxprofessional.com\/se\/for-the-better\/vart-ansvar\/#breadcrumb","itemListElement":[{"@type":"ListItem","position":1,"name":"Home","item":"https:\/\/www.electroluxprofessional.com\/se\/"},{"@type":"ListItem","position":2,"name":"For the Better","item":"https:\/\/www.electroluxprofessional.com\/se\/for-the-better\/"},{"@type":"ListItem","position":3,"name":"V\u00e5rt ansvar"}]},{"@type":"WebSite","@id":"https:\/\/www.electroluxprofessional.com\/se\/#website","url":"https:\/\/www.electroluxprofessional.com\/se\/","name":"Electrolux Professional Sverige","description":"","potentialAction":[{"@type":"SearchAction","target":{"@type":"EntryPoint","urlTemplate":"https:\/\/www.electroluxprofessional.com\/se\/?src={search_term_string}"},"query-input":"required name=search_term_string"}],"inLanguage":"sv-SE"}]}},"_links":{"self":[{"href":"https:\/\/www.electroluxprofessional.com\/se\/wp-json\/wp\/v2\/pages\/2461"}],"collection":[{"href":"https:\/\/www.electroluxprofessional.com\/se\/wp-json\/wp\/v2\/pages"}],"about":[{"href":"https:\/\/www.electroluxprofessional.com\/se\/wp-json\/wp\/v2\/types\/page"}],"author":[{"embeddable":true,"href":"https:\/\/www.electroluxprofessional.com\/se\/wp-json\/wp\/v2\/users\/4"}],"replies":[{"embeddable":true,"href":"https:\/\/www.electroluxprofessional.com\/se\/wp-json\/wp\/v2\/comments?post=2461"}],"version-history":[{"count":10,"href":"https:\/\/www.electroluxprofessional.com\/se\/wp-json\/wp\/v2\/pages\/2461\/revisions"}],"predecessor-version":[{"id":3771,"href":"https:\/\/www.electroluxprofessional.com\/se\/wp-json\/wp\/v2\/pages\/2461\/revisions\/3771"}],"up":[{"embeddable":true,"href":"https:\/\/www.electroluxprofessional.com\/se\/wp-json\/wp\/v2\/pages\/3067"}],"wp:attachment":[{"href":"https:\/\/www.electroluxprofessional.com\/se\/wp-json\/wp\/v2\/media?parent=2461"}],"curies":[{"name":"wp","href":"https:\/\/api.w.org\/{rel}","templated":true}]}}