{"id":2444,"date":"2017-04-05T13:29:15","date_gmt":"2017-04-05T13:29:15","guid":{"rendered":"https:\/\/www.electroluxprofessional.com\/se\/?page_id=2444"},"modified":"2021-02-19T10:23:27","modified_gmt":"2021-02-19T09:23:27","slug":"speedelight-besparingar","status":"publish","type":"page","link":"https:\/\/www.electroluxprofessional.com\/se\/speedelight-besparingar\/","title":{"rendered":"SpeeDelight besparingar"},"content":{"rendered":"<p>[vc_row full_width=&#8221;electroluxpro-full-width-no-padding&#8221;][vc_column][elx_image_block background_image=&#8221;13358&#8243; minimum_height=&#8221;400px&#8221;][\/vc_column][\/vc_row][vc_row][vc_column][vc_column_text][vc_raw_html]JTNDZGl2JTIwaWQlM0QlMjJDYWxjdWxhdG9yJTIyJTNFJTNDJTJGZGl2JTNF[\/vc_raw_html][elx_heading font_container=&#8221;h1&#8243; font_size=&#8221;h2&#8243; text_color=&#8221;inherit&#8221;]<strong>H\u00f6gre produktivitet och besparingar med SpeeDelight<\/strong>[\/elx_heading][elx_heading font_container=&#8221;h3&#8243; text_color=&#8221;inherit&#8221;]Minimal anstr\u00e4ngning f\u00f6r maximal resultat[\/elx_heading][vc_empty_space height=&#8221;50px&#8221;][vc_raw_js]JTNDc2NyaXB0JTIwc3JjJTNEJTIyaHR0cHMlM0ElMkYlMkZ3d3cuZXByLWFwcHMuY29tJTJGd2lkZ2V0cyUyRmNvZGUlMkZqcXVlcnktdWkuanMlMjIlM0UlM0MlMkZzY3JpcHQlM0UlMEElM0NzY3JpcHQlMjBzcmMlM0QlMjJodHRwcyUzQSUyRiUyRnd3dy5lcHItYXBwcy5jb20lMkZ3aWRnZXRzJTJGY29kZSUyRmFuZ3VsYXIubWluLmpzJTIyJTNFJTNDJTJGc2NyaXB0JTNFJTBBJTNDc2NyaXB0JTIwc3JjJTNEJTIyaHR0cHMlM0ElMkYlMkZ3d3cuZXByLWFwcHMuY29tJTJGd2lkZ2V0cyUyRmNvZGUlMkZhbmd1bGFyLXNhbml0aXplLmpzJTIyJTNFJTNDJTJGc2NyaXB0JTNFJTBBJTNDc2NyaXB0JTIwc3JjJTNEJTIyaHR0cHMlM0ElMkYlMkZ3d3cuZXByLWFwcHMuY29tJTJGd2lkZ2V0cyUyRmNvZGUlMkZoaWdoY2hhcnRzJTJGSGlnaGNoYXJ0c0NhbGN1bGF0b3JzLmpzJTIyJTNFJTNDJTJGc2NyaXB0JTNFJTBBJTNDc2NyaXB0JTIwc3JjJTNEJTIyaHR0cHMlM0ElMkYlMkZ3d3cuZXByLWFwcHMuY29tJTJGY2FsY3VsYXRvcnMlMkZzcGVlZGVsaWdodCUyRnJlc291cmNlcyUyRmpzJTJGbWFpbi5taW4uanMlMjIlM0UlM0MlMkZzY3JpcHQlM0UlMEElM0NzY3JpcHQlMjB0eXBlJTNEJTIydGV4dCUyRmphdmFzY3JpcHQlMjIlM0UlMkYlMkYlMjAlM0MlMjElNUJDREFUQSU1QiUwQXZhciUyMHNldHRpbmdTcGVlZGVsaWdodCUyMCUzRCUyMCU3QiUwQWxhbmd1YWdlJTNBJTI3c2UlMjclMkMlMEFjb3VudHJ5JTNBJTI3U3dlZGVuJTI3JTJDJTBBY29udGFpbmVyJTNBJTI3c3BlZWRlbGlnaHRfanNvbl93cmFwcGVyJTI3JTBBJTdEJTBBd2luZG93Lm9ubG9hZCUyMCUzRCUyMG9uTG9hZGJvb3RzdHJhcFNwZWVkZWxpZ2h0JTI4c2V0dGluZ1NwZWVkZWxpZ2h0JTI5JTNCJTBBJTJGJTJGJTIwJTVEJTVEJTNFJTNDJTJGc2NyaXB0JTNFJTBBJTNDZGl2JTIwaWQlM0QlMjJzcGVlZGVsaWdodF9qc29uX3dyYXBwZXIlMjIlM0UlM0MlMkZkaXYlM0U=[\/vc_raw_js][\/vc_column_text][\/vc_column][\/vc_row]<\/p>\n","protected":false},"excerpt":{"rendered":"<p>[vc_row full_width=&#8221;electroluxpro-full-width-no-padding&#8221;][vc_column][elx_image_block background_image=&#8221;13358&#8243; minimum_height=&#8221;400px&#8221;][\/vc_column][\/vc_row][vc_row][vc_column][vc_column_text][vc_raw_html]JTNDZGl2JTIwaWQlM0QlMjJDYWxjdWxhdG9yJTIyJTNFJTNDJTJGZGl2JTNF[\/vc_raw_html][elx_heading font_container=&#8221;h1&#8243; font_size=&#8221;h2&#8243; text_color=&#8221;inherit&#8221;]H\u00f6gre produktivitet och besparingar med SpeeDelight[\/elx_heading][elx_heading font_container=&#8221;h3&#8243; text_color=&#8221;inherit&#8221;]Minimal anstr\u00e4ngning f\u00f6r maximal resultat[\/elx_heading][vc_empty_space height=&#8221;50px&#8221;][vc_raw_js]JTNDc2NyaXB0JTIwc3JjJTNEJTIyaHR0cHMlM0ElMkYlMkZ3d3cuZXByLWFwcHMuY29tJTJGd2lkZ2V0cyUyRmNvZGUlMkZqcXVlcnktdWkuanMlMjIlM0UlM0MlMkZzY3JpcHQlM0UlMEElM0NzY3JpcHQlMjBzcmMlM0QlMjJodHRwcyUzQSUyRiUyRnd3dy5lcHItYXBwcy5jb20lMkZ3aWRnZXRzJTJGY29kZSUyRmFuZ3VsYXIubWluLmpzJTIyJTNFJTNDJTJGc2NyaXB0JTNFJTBBJTNDc2NyaXB0JTIwc3JjJTNEJTIyaHR0cHMlM0ElMkYlMkZ3d3cuZXByLWFwcHMuY29tJTJGd2lkZ2V0cyUyRmNvZGUlMkZhbmd1bGFyLXNhbml0aXplLmpzJTIyJTNFJTNDJTJGc2NyaXB0JTNFJTBBJTNDc2NyaXB0JTIwc3JjJTNEJTIyaHR0cHMlM0ElMkYlMkZ3d3cuZXByLWFwcHMuY29tJTJGd2lkZ2V0cyUyRmNvZGUlMkZoaWdoY2hhcnRzJTJGSGlnaGNoYXJ0c0NhbGN1bGF0b3JzLmpzJTIyJTNFJTNDJTJGc2NyaXB0JTNFJTBBJTNDc2NyaXB0JTIwc3JjJTNEJTIyaHR0cHMlM0ElMkYlMkZ3d3cuZXByLWFwcHMuY29tJTJGY2FsY3VsYXRvcnMlMkZzcGVlZGVsaWdodCUyRnJlc291cmNlcyUyRmpzJTJGbWFpbi5taW4uanMlMjIlM0UlM0MlMkZzY3JpcHQlM0UlMEElM0NzY3JpcHQlMjB0eXBlJTNEJTIydGV4dCUyRmphdmFzY3JpcHQlMjIlM0UlMkYlMkYlMjAlM0MlMjElNUJDREFUQSU1QiUwQXZhciUyMHNldHRpbmdTcGVlZGVsaWdodCUyMCUzRCUyMCU3QiUwQWxhbmd1YWdlJTNBJTI3c2UlMjclMkMlMEFjb3VudHJ5JTNBJTI3U3dlZGVuJTI3JTJDJTBBY29udGFpbmVyJTNBJTI3c3BlZWRlbGlnaHRfanNvbl93cmFwcGVyJTI3JTBBJTdEJTBBd2luZG93Lm9ubG9hZCUyMCUzRCUyMG9uTG9hZGJvb3RzdHJhcFNwZWVkZWxpZ2h0JTI4c2V0dGluZ1NwZWVkZWxpZ2h0JTI5JTNCJTBBJTJGJTJGJTIwJTVEJTVEJTNFJTNDJTJGc2NyaXB0JTNFJTBBJTNDZGl2JTIwaWQlM0QlMjJzcGVlZGVsaWdodF9qc29uX3dyYXBwZXIlMjIlM0UlM0MlMkZkaXYlM0U=[\/vc_raw_js][\/vc_column_text][\/vc_column][\/vc_row]<\/p>\n","protected":false},"author":4,"featured_media":0,"parent":0,"menu_order":0,"comment_status":"closed","ping_status":"closed","template":"","meta":{"footnotes":""},"class_list":["post-2444","page","type-page","status-publish","hentry"],"acf":[],"yoast_head":"<!-- This site is optimized with the Yoast SEO plugin v23.3 - https:\/\/yoast.com\/wordpress\/plugins\/seo\/ -->\n<title>SpeeDelight besparingar - Electrolux Professional Sverige<\/title>\n<meta name=\"description\" content=\"Minimal anstr\u00e4ngning f\u00f6r maximal resultat - H\u00f6gre produktivitet och besparingar med SpeeDelight fr\u00e5n Electrolux Professional Sweden\" \/>\n<meta name=\"robots\" content=\"index, follow, max-snippet:-1, max-image-preview:large, max-video-preview:-1\" \/>\n<link rel=\"canonical\" href=\"https:\/\/www.electroluxprofessional.com\/se\/speedelight-besparingar\/\" \/>\n<meta property=\"og:locale\" content=\"sv_SE\" \/>\n<meta property=\"og:type\" content=\"article\" \/>\n<meta property=\"og:title\" content=\"SpeeDelight besparingar - Electrolux Professional Sverige\" \/>\n<meta property=\"og:description\" content=\"Minimal anstr\u00e4ngning f\u00f6r maximal resultat - H\u00f6gre produktivitet och besparingar med SpeeDelight fr\u00e5n Electrolux Professional Sweden\" \/>\n<meta property=\"og:url\" content=\"https:\/\/www.electroluxprofessional.com\/se\/speedelight-besparingar\/\" \/>\n<meta property=\"og:site_name\" content=\"Electrolux Professional Sverige\" \/>\n<meta property=\"article:modified_time\" content=\"2021-02-19T09:23:27+00:00\" \/>\n<meta name=\"twitter:card\" content=\"summary_large_image\" \/>\n<meta name=\"twitter:label1\" content=\"Ber\u00e4knad l\u00e4stid\" \/>\n\t<meta name=\"twitter:data1\" content=\"1 minut\" \/>\n<script type=\"application\/ld+json\" class=\"yoast-schema-graph\">{\"@context\":\"https:\/\/schema.org\",\"@graph\":[{\"@type\":\"WebPage\",\"@id\":\"https:\/\/www.electroluxprofessional.com\/se\/speedelight-besparingar\/\",\"url\":\"https:\/\/www.electroluxprofessional.com\/se\/speedelight-besparingar\/\",\"name\":\"SpeeDelight besparingar - Electrolux Professional Sverige\",\"isPartOf\":{\"@id\":\"https:\/\/www.electroluxprofessional.com\/se\/#website\"},\"datePublished\":\"2017-04-05T13:29:15+00:00\",\"dateModified\":\"2021-02-19T09:23:27+00:00\",\"description\":\"Minimal anstr\u00e4ngning f\u00f6r maximal resultat - H\u00f6gre produktivitet och besparingar med SpeeDelight fr\u00e5n Electrolux Professional Sweden\",\"breadcrumb\":{\"@id\":\"https:\/\/www.electroluxprofessional.com\/se\/speedelight-besparingar\/#breadcrumb\"},\"inLanguage\":\"sv-SE\",\"potentialAction\":[{\"@type\":\"ReadAction\",\"target\":[\"https:\/\/www.electroluxprofessional.com\/se\/speedelight-besparingar\/\"]}]},{\"@type\":\"BreadcrumbList\",\"@id\":\"https:\/\/www.electroluxprofessional.com\/se\/speedelight-besparingar\/#breadcrumb\",\"itemListElement\":[{\"@type\":\"ListItem\",\"position\":1,\"name\":\"Home\",\"item\":\"https:\/\/www.electroluxprofessional.com\/se\/\"},{\"@type\":\"ListItem\",\"position\":2,\"name\":\"SpeeDelight besparingar\"}]},{\"@type\":\"WebSite\",\"@id\":\"https:\/\/www.electroluxprofessional.com\/se\/#website\",\"url\":\"https:\/\/www.electroluxprofessional.com\/se\/\",\"name\":\"Electrolux Professional Sverige\",\"description\":\"\",\"potentialAction\":[{\"@type\":\"SearchAction\",\"target\":{\"@type\":\"EntryPoint\",\"urlTemplate\":\"https:\/\/www.electroluxprofessional.com\/se\/?src={search_term_string}\"},\"query-input\":\"required name=search_term_string\"}],\"inLanguage\":\"sv-SE\"}]}<\/script>\n<!-- \/ Yoast SEO plugin. -->","yoast_head_json":{"title":"SpeeDelight besparingar - Electrolux Professional Sverige","description":"Minimal anstr\u00e4ngning f\u00f6r maximal resultat - H\u00f6gre produktivitet och besparingar med SpeeDelight fr\u00e5n Electrolux Professional Sweden","robots":{"index":"index","follow":"follow","max-snippet":"max-snippet:-1","max-image-preview":"max-image-preview:large","max-video-preview":"max-video-preview:-1"},"canonical":"https:\/\/www.electroluxprofessional.com\/se\/speedelight-besparingar\/","og_locale":"sv_SE","og_type":"article","og_title":"SpeeDelight besparingar - Electrolux Professional Sverige","og_description":"Minimal anstr\u00e4ngning f\u00f6r maximal resultat - H\u00f6gre produktivitet och besparingar med SpeeDelight fr\u00e5n Electrolux Professional Sweden","og_url":"https:\/\/www.electroluxprofessional.com\/se\/speedelight-besparingar\/","og_site_name":"Electrolux Professional Sverige","article_modified_time":"2021-02-19T09:23:27+00:00","twitter_card":"summary_large_image","twitter_misc":{"Ber\u00e4knad l\u00e4stid":"1 minut"},"schema":{"@context":"https:\/\/schema.org","@graph":[{"@type":"WebPage","@id":"https:\/\/www.electroluxprofessional.com\/se\/speedelight-besparingar\/","url":"https:\/\/www.electroluxprofessional.com\/se\/speedelight-besparingar\/","name":"SpeeDelight besparingar - Electrolux Professional Sverige","isPartOf":{"@id":"https:\/\/www.electroluxprofessional.com\/se\/#website"},"datePublished":"2017-04-05T13:29:15+00:00","dateModified":"2021-02-19T09:23:27+00:00","description":"Minimal anstr\u00e4ngning f\u00f6r maximal resultat - H\u00f6gre produktivitet och besparingar med SpeeDelight fr\u00e5n Electrolux Professional Sweden","breadcrumb":{"@id":"https:\/\/www.electroluxprofessional.com\/se\/speedelight-besparingar\/#breadcrumb"},"inLanguage":"sv-SE","potentialAction":[{"@type":"ReadAction","target":["https:\/\/www.electroluxprofessional.com\/se\/speedelight-besparingar\/"]}]},{"@type":"BreadcrumbList","@id":"https:\/\/www.electroluxprofessional.com\/se\/speedelight-besparingar\/#breadcrumb","itemListElement":[{"@type":"ListItem","position":1,"name":"Home","item":"https:\/\/www.electroluxprofessional.com\/se\/"},{"@type":"ListItem","position":2,"name":"SpeeDelight besparingar"}]},{"@type":"WebSite","@id":"https:\/\/www.electroluxprofessional.com\/se\/#website","url":"https:\/\/www.electroluxprofessional.com\/se\/","name":"Electrolux Professional Sverige","description":"","potentialAction":[{"@type":"SearchAction","target":{"@type":"EntryPoint","urlTemplate":"https:\/\/www.electroluxprofessional.com\/se\/?src={search_term_string}"},"query-input":"required name=search_term_string"}],"inLanguage":"sv-SE"}]}},"_links":{"self":[{"href":"https:\/\/www.electroluxprofessional.com\/se\/wp-json\/wp\/v2\/pages\/2444"}],"collection":[{"href":"https:\/\/www.electroluxprofessional.com\/se\/wp-json\/wp\/v2\/pages"}],"about":[{"href":"https:\/\/www.electroluxprofessional.com\/se\/wp-json\/wp\/v2\/types\/page"}],"author":[{"embeddable":true,"href":"https:\/\/www.electroluxprofessional.com\/se\/wp-json\/wp\/v2\/users\/4"}],"replies":[{"embeddable":true,"href":"https:\/\/www.electroluxprofessional.com\/se\/wp-json\/wp\/v2\/comments?post=2444"}],"version-history":[{"count":9,"href":"https:\/\/www.electroluxprofessional.com\/se\/wp-json\/wp\/v2\/pages\/2444\/revisions"}],"predecessor-version":[{"id":13359,"href":"https:\/\/www.electroluxprofessional.com\/se\/wp-json\/wp\/v2\/pages\/2444\/revisions\/13359"}],"wp:attachment":[{"href":"https:\/\/www.electroluxprofessional.com\/se\/wp-json\/wp\/v2\/media?parent=2444"}],"curies":[{"name":"wp","href":"https:\/\/api.w.org\/{rel}","templated":true}]}}