{"id":2379,"date":"2017-04-03T08:18:32","date_gmt":"2017-04-03T08:18:32","guid":{"rendered":"https:\/\/www.electroluxprofessional.com\/se\/?page_id=2379"},"modified":"2017-04-19T07:10:51","modified_gmt":"2017-04-19T07:10:51","slug":"cooking-ranges","status":"publish","type":"page","link":"https:\/\/www.electroluxprofessional.com\/se\/cooking-ranges\/","title":{"rendered":"Spisserier"},"content":{"rendered":"<p>[vc_row full_width=&#8221;electroluxpro-full-width-no-padding&#8221;][vc_column][elx_hero_slider label_text_color=&#8221;inherit&#8221; images=&#8221;706&#8243;][elx_heading font_container=&#8221;h1&#8243; font_size=&#8221;h3&#8243; text_color=&#8221;inherit&#8221;]Spisen[\/elx_heading][vc_column_text]<\/p>\n<h2>hj\u00e4rtat i ditt k\u00f6k<\/h2>\n<p>[\/vc_column_text][\/elx_hero_slider][\/vc_column][\/vc_row][vc_row][vc_column][vc_empty_space][elx_heading font_size=&#8221;h3&#8243; text_color=&#8221;inherit&#8221; text_align=&#8221;text-center&#8221;]Spisserier[\/elx_heading][\/vc_column][\/vc_row][vc_row][vc_column][vc_column_text]<strong>Med Electrolux spisar f\u00e5r du l\u00e4ckra resultat i kombination med raffinerad design och full flexibilitet med olika kombinationer av funktioner, exceptionell effektivitet med h\u00e4nsyn till milj\u00f6n.<\/strong><\/p>\n<p>Electrolux spisar finns representerade i olika serier f\u00f6r att m\u00f6ta dina specifika behov. Vi erbjuder ett stort urval el- och gasenheter.<br \/>\nVarje modell ger dig h\u00f6gkvalitativa resultat. Varje g\u00e5ng.<\/p>\n<p>Det som inspirerar utvecklingen hos Electrolux Professional foodservice \u00e4r en h\u00e5llbar design av varaktiga, l\u00e4ttanv\u00e4nda k\u00f6k med h\u00f6g prestanda och gr\u00f6na l\u00f6sningar.[\/vc_column_text][\/vc_column][\/vc_row][vc_row][vc_column width=&#8221;1\/3&#8243;][elx_maylike_box id_box=&#8221;701&#8243;][\/vc_column][vc_column width=&#8221;1\/3&#8243;][elx_maylike_box id_box=&#8221;330&#8243;][\/vc_column][vc_column width=&#8221;1\/3&#8243;][elx_maylike_box id_box=&#8221;703&#8243;][\/vc_column][\/vc_row]<\/p>\n","protected":false},"excerpt":{"rendered":"<p>[vc_row full_width=&#8221;electroluxpro-full-width-no-padding&#8221;][vc_column][elx_hero_slider label_text_color=&#8221;inherit&#8221; images=&#8221;706&#8243;][elx_heading font_container=&#8221;h1&#8243; font_size=&#8221;h3&#8243; text_color=&#8221;inherit&#8221;]Spisen[\/elx_heading][vc_column_text] hj\u00e4rtat i ditt k\u00f6k [\/vc_column_text][\/elx_hero_slider][\/vc_column][\/vc_row][vc_row][vc_column][vc_empty_space][elx_heading font_size=&#8221;h3&#8243; text_color=&#8221;inherit&#8221; text_align=&#8221;text-center&#8221;]Spisserier[\/elx_heading][\/vc_column][\/vc_row][vc_row][vc_column][vc_column_text]Med Electrolux spisar f\u00e5r du l\u00e4ckra resultat i kombination med raffinerad design och full flexibilitet med olika kombinationer av funktioner, exceptionell effektivitet med h\u00e4nsyn till milj\u00f6n. Electrolux spisar finns representerade i olika serier f\u00f6r att m\u00f6ta dina specifika behov. Vi erbjuder [&hellip;]<\/p>\n","protected":false},"author":4,"featured_media":0,"parent":0,"menu_order":0,"comment_status":"closed","ping_status":"closed","template":"","meta":{"footnotes":""},"class_list":["post-2379","page","type-page","status-publish","hentry"],"acf":[],"yoast_head":"<!-- This site is optimized with the Yoast SEO plugin v23.3 - https:\/\/yoast.com\/wordpress\/plugins\/seo\/ -->\n<title>Spisserier, XP, thermaline, Molteni - Electrolux Professional Sweden<\/title>\n<meta name=\"description\" content=\"Electrolux spisar finns representerade i olika serier f\u00f6r dina specifika behov. Vi erbjuder ett stort urval elspis och gasspis. XP, Thermaline, Molteni.\" \/>\n<meta name=\"robots\" content=\"index, follow, max-snippet:-1, max-image-preview:large, max-video-preview:-1\" \/>\n<link rel=\"canonical\" href=\"https:\/\/www.electroluxprofessional.com\/se\/cooking-ranges\/\" \/>\n<meta property=\"og:locale\" content=\"sv_SE\" \/>\n<meta property=\"og:type\" content=\"article\" \/>\n<meta property=\"og:title\" content=\"Spisserier, XP, thermaline, Molteni - Electrolux Professional Sweden\" \/>\n<meta property=\"og:description\" content=\"Electrolux spisar finns representerade i olika serier f\u00f6r dina specifika behov. Vi erbjuder ett stort urval elspis och gasspis. XP, Thermaline, Molteni.\" \/>\n<meta property=\"og:url\" content=\"https:\/\/www.electroluxprofessional.com\/se\/cooking-ranges\/\" \/>\n<meta property=\"og:site_name\" content=\"Electrolux Professional Sverige\" \/>\n<meta property=\"article:modified_time\" content=\"2017-04-19T07:10:51+00:00\" \/>\n<meta name=\"twitter:card\" content=\"summary_large_image\" \/>\n<meta name=\"twitter:label1\" content=\"Ber\u00e4knad l\u00e4stid\" \/>\n\t<meta name=\"twitter:data1\" content=\"1 minut\" \/>\n<script type=\"application\/ld+json\" class=\"yoast-schema-graph\">{\"@context\":\"https:\/\/schema.org\",\"@graph\":[{\"@type\":\"WebPage\",\"@id\":\"https:\/\/www.electroluxprofessional.com\/se\/cooking-ranges\/\",\"url\":\"https:\/\/www.electroluxprofessional.com\/se\/cooking-ranges\/\",\"name\":\"Spisserier, XP, thermaline, Molteni - Electrolux Professional Sweden\",\"isPartOf\":{\"@id\":\"https:\/\/www.electroluxprofessional.com\/se\/#website\"},\"datePublished\":\"2017-04-03T08:18:32+00:00\",\"dateModified\":\"2017-04-19T07:10:51+00:00\",\"description\":\"Electrolux spisar finns representerade i olika serier f\u00f6r dina specifika behov. Vi erbjuder ett stort urval elspis och gasspis. XP, Thermaline, Molteni.\",\"breadcrumb\":{\"@id\":\"https:\/\/www.electroluxprofessional.com\/se\/cooking-ranges\/#breadcrumb\"},\"inLanguage\":\"sv-SE\",\"potentialAction\":[{\"@type\":\"ReadAction\",\"target\":[\"https:\/\/www.electroluxprofessional.com\/se\/cooking-ranges\/\"]}]},{\"@type\":\"BreadcrumbList\",\"@id\":\"https:\/\/www.electroluxprofessional.com\/se\/cooking-ranges\/#breadcrumb\",\"itemListElement\":[{\"@type\":\"ListItem\",\"position\":1,\"name\":\"Home\",\"item\":\"https:\/\/www.electroluxprofessional.com\/se\/\"},{\"@type\":\"ListItem\",\"position\":2,\"name\":\"Spisserier\"}]},{\"@type\":\"WebSite\",\"@id\":\"https:\/\/www.electroluxprofessional.com\/se\/#website\",\"url\":\"https:\/\/www.electroluxprofessional.com\/se\/\",\"name\":\"Electrolux Professional Sverige\",\"description\":\"\",\"potentialAction\":[{\"@type\":\"SearchAction\",\"target\":{\"@type\":\"EntryPoint\",\"urlTemplate\":\"https:\/\/www.electroluxprofessional.com\/se\/?src={search_term_string}\"},\"query-input\":\"required name=search_term_string\"}],\"inLanguage\":\"sv-SE\"}]}<\/script>\n<!-- \/ Yoast SEO plugin. -->","yoast_head_json":{"title":"Spisserier, XP, thermaline, Molteni - Electrolux Professional Sweden","description":"Electrolux spisar finns representerade i olika serier f\u00f6r dina specifika behov. Vi erbjuder ett stort urval elspis och gasspis. XP, Thermaline, Molteni.","robots":{"index":"index","follow":"follow","max-snippet":"max-snippet:-1","max-image-preview":"max-image-preview:large","max-video-preview":"max-video-preview:-1"},"canonical":"https:\/\/www.electroluxprofessional.com\/se\/cooking-ranges\/","og_locale":"sv_SE","og_type":"article","og_title":"Spisserier, XP, thermaline, Molteni - Electrolux Professional Sweden","og_description":"Electrolux spisar finns representerade i olika serier f\u00f6r dina specifika behov. Vi erbjuder ett stort urval elspis och gasspis. XP, Thermaline, Molteni.","og_url":"https:\/\/www.electroluxprofessional.com\/se\/cooking-ranges\/","og_site_name":"Electrolux Professional Sverige","article_modified_time":"2017-04-19T07:10:51+00:00","twitter_card":"summary_large_image","twitter_misc":{"Ber\u00e4knad l\u00e4stid":"1 minut"},"schema":{"@context":"https:\/\/schema.org","@graph":[{"@type":"WebPage","@id":"https:\/\/www.electroluxprofessional.com\/se\/cooking-ranges\/","url":"https:\/\/www.electroluxprofessional.com\/se\/cooking-ranges\/","name":"Spisserier, XP, thermaline, Molteni - Electrolux Professional Sweden","isPartOf":{"@id":"https:\/\/www.electroluxprofessional.com\/se\/#website"},"datePublished":"2017-04-03T08:18:32+00:00","dateModified":"2017-04-19T07:10:51+00:00","description":"Electrolux spisar finns representerade i olika serier f\u00f6r dina specifika behov. Vi erbjuder ett stort urval elspis och gasspis. XP, Thermaline, Molteni.","breadcrumb":{"@id":"https:\/\/www.electroluxprofessional.com\/se\/cooking-ranges\/#breadcrumb"},"inLanguage":"sv-SE","potentialAction":[{"@type":"ReadAction","target":["https:\/\/www.electroluxprofessional.com\/se\/cooking-ranges\/"]}]},{"@type":"BreadcrumbList","@id":"https:\/\/www.electroluxprofessional.com\/se\/cooking-ranges\/#breadcrumb","itemListElement":[{"@type":"ListItem","position":1,"name":"Home","item":"https:\/\/www.electroluxprofessional.com\/se\/"},{"@type":"ListItem","position":2,"name":"Spisserier"}]},{"@type":"WebSite","@id":"https:\/\/www.electroluxprofessional.com\/se\/#website","url":"https:\/\/www.electroluxprofessional.com\/se\/","name":"Electrolux Professional Sverige","description":"","potentialAction":[{"@type":"SearchAction","target":{"@type":"EntryPoint","urlTemplate":"https:\/\/www.electroluxprofessional.com\/se\/?src={search_term_string}"},"query-input":"required name=search_term_string"}],"inLanguage":"sv-SE"}]}},"_links":{"self":[{"href":"https:\/\/www.electroluxprofessional.com\/se\/wp-json\/wp\/v2\/pages\/2379"}],"collection":[{"href":"https:\/\/www.electroluxprofessional.com\/se\/wp-json\/wp\/v2\/pages"}],"about":[{"href":"https:\/\/www.electroluxprofessional.com\/se\/wp-json\/wp\/v2\/types\/page"}],"author":[{"embeddable":true,"href":"https:\/\/www.electroluxprofessional.com\/se\/wp-json\/wp\/v2\/users\/4"}],"replies":[{"embeddable":true,"href":"https:\/\/www.electroluxprofessional.com\/se\/wp-json\/wp\/v2\/comments?post=2379"}],"version-history":[{"count":11,"href":"https:\/\/www.electroluxprofessional.com\/se\/wp-json\/wp\/v2\/pages\/2379\/revisions"}],"predecessor-version":[{"id":3519,"href":"https:\/\/www.electroluxprofessional.com\/se\/wp-json\/wp\/v2\/pages\/2379\/revisions\/3519"}],"wp:attachment":[{"href":"https:\/\/www.electroluxprofessional.com\/se\/wp-json\/wp\/v2\/media?parent=2379"}],"curies":[{"name":"wp","href":"https:\/\/api.w.org\/{rel}","templated":true}]}}