{"id":2377,"date":"2020-11-09T15:30:18","date_gmt":"2020-11-09T14:30:18","guid":{"rendered":"https:\/\/www.electroluxprofessional.com\/se\/?page_id=2377"},"modified":"2025-05-13T14:28:52","modified_gmt":"2025-05-13T13:28:52","slug":"utbildningar","status":"publish","type":"page","link":"https:\/\/www.electroluxprofessional.com\/se\/utbildningar\/","title":{"rendered":"Electrolux Professional Utbildningar"},"content":{"rendered":"<p>[vc_row full_width=&#8221;electroluxpro-full-width-no-padding&#8221;][vc_column][elx_hero_title label=&#8221;&#8221; background_image=&#8221;2137&#8243;][\/elx_hero_title][\/vc_column][\/vc_row][vc_row][vc_column][vc_empty_space][vc_empty_space][elx_heading font_container=&#8221;h1&#8243; font_size=&#8221;h3&#8243; text_color=&#8221;inherit&#8221;]<strong>Utbildningar, inspiration, och delad erfarenhet<\/strong> &#8211; V\u00e4lkommen till Framtidens K\u00f6k hos Electrolux Professional![\/elx_heading][vc_empty_space height=&#8221;15px&#8221;][\/vc_column][\/vc_row][vc_row][vc_column width=&#8221;2\/3&#8243;][vc_empty_space height=&#8221;15px&#8221;][vc_column_text]Vi vill dela med oss av v\u00e5r kunskap inom matlagningsmetoder, m\u00f6jligheter och tekniker i k\u00f6ket. V\u00e5ra utbildningar riktar sig till alla professionella matlagare som st\u00e5r inf\u00f6r ett k\u00f6pbeslut eller beh\u00f6ver vidareutbildning av sin utrustning.<\/p>\n<p>Givetvis <strong>skr\u00e4ddarsyr<\/strong> vi utbildningen efter era behov, allt f\u00f6r att komma fram till det perfekta resultatet![\/vc_column_text][vc_empty_space height=&#8221;15px&#8221;][elx_button button_text=&#8221;Se v\u00e5ra utbildningar&#8221; button_link=&#8221;url:%23utbildningar|title:Se%20v%C3%A5ra%20utbildningar&#8221;][vc_empty_space height=&#8221;15px&#8221;][vc_empty_space height=&#8221;15px&#8221;][\/vc_column][vc_column width=&#8221;1\/3&#8243;][vc_single_image image=&#8221;11514&#8243; img_size=&#8221;medium&#8221;][\/vc_column][\/vc_row][vc_row][vc_column][elx_heading text_color=&#8221;inherit&#8221;]S\u00e5 fungerar det![\/elx_heading][vc_column_text]V\u00e5r utbildningsansvariga kock visar genom praktiska \u00f6vningar och teori hur ni kan f\u00f6rb\u00e4ttra effektivitet, ekonomi och kvalitet med utrustning fr\u00e5n Electrolux Professional. Tillsammans med din lokala Electrolux Professional Partner har du m\u00f6jlighet att anpassa utbildningen efter er verksamhet.<\/p>\n<p><strong>Det finns alternativ f\u00f6r vart utbildningen genomf\u00f6rs.<\/strong> Oftast h\u00e5lls utbildningen i Framtidens k\u00f6k p\u00e5 Electrolux Professionals huvudkontor, i samma lokaler tr\u00e4nar Svenska kocklandslaget f\u00f6r kommande t\u00e4vlingar. I k\u00f6ket ges det tillf\u00e4lle att se och prova utrustningen och v\u00e5ra l\u00f6sningar i en modern restaurang- och stork\u00f6ksmilj\u00f6.<br \/>\nEtt andra alternativ \u00e4r att v\u00e5r utbildningskock kommer till ert k\u00f6k. Eller varf\u00f6r inte boka ett webinarium d\u00e4r utbildningen utf\u00f6rs digitalt? Kontakta v\u00e5r utbildningskock p\u00e5 <a href=\"mailto:utbildning@electroluxprofessional.com\">els.info.se@electroluxprofessional.com<\/a> eller <a href=\"#kontakta_oss\">via formul\u00e4ret nedan<\/a>[\/vc_column_text][vc_empty_space][\/vc_column][\/vc_row][vc_row][vc_column width=&#8221;2\/3&#8243;][elx_citation name=&#8221;Hel\u00e9ne Andersson&#8221; company=&#8221;Kostchef, Karlstads Kommun&#8221;][elx_heading text_color=&#8221;inherit&#8221;]Vi vill att all v\u00e5r personal ska g\u00e5 utbildningen d\u00e5 det \u00e4r s\u00e5 mycket mer \u00e4n bara en utbildning! Med sitt otroligt stora och v\u00e4rdefulla inneh\u00e5ll brukar jag kalla det f\u00f6r en liten utbildning i en megaf\u00f6rpackning.[\/elx_heading][\/elx_citation][\/vc_column][vc_column width=&#8221;1\/3&#8243;][vc_single_image image=&#8221;12051&#8243; img_size=&#8221;large&#8221;][\/vc_column][\/vc_row][vc_row el_id=&#8221;utbildningar&#8221;][vc_column width=&#8221;2\/3&#8243;][vc_empty_space][elx_heading text_color=&#8221;inherit&#8221;]V\u00e5ra utbildningar[\/elx_heading][vc_column_text]<strong>Saknar du n\u00e5gon utbildning?<\/strong> Vi skr\u00e4ddarsyr givetvis \u00e4ven utbildningar som passar just din verksamhet!<br \/>\n<em>Pssst!<\/em> <em>Du vet v\u00e4l om att vi dessutom erbjuder webinarier?<\/em>[\/vc_column_text][vc_empty_space][elx_button button_text=&#8221;Kontakta v\u00e5r utbildningskock Daniel Pettersson&#8221; button_link=&#8221;url:%23kontakta_oss&#8221;][vc_empty_space][\/vc_column][vc_column width=&#8221;1\/3&#8243;][vc_empty_space][elx_heading text_color=&#8221;inherit&#8221; text_align=&#8221;text-left&#8221;]Ladda ner v\u00e5r broschyr![\/elx_heading][elx_download_block text=&#8221;Utbildningsbroschyr&#8221; document_type=&#8221;brochures&#8221; file_picker=&#8221;12090&#8243; background_color=&#8221;electrolux-blue&#8221; background_hover_color=&#8221;lighter-hover&#8221; background_image=&#8221;12053&#8243;][\/vc_column][\/vc_row][vc_row][vc_column width=&#8221;1\/2&#8243;][vc_column_text]<strong>Mats\u00e4kerhet &#8211; underl\u00e4tta din arbetsdag<\/strong> (halvdag*)<br \/>\nElectrolux Professionals utrustning har m\u00e4ngder med funktioner f\u00f6r mats\u00e4kerheten. Vi g\u00e5r bland annat igenom HACCP, Food Safe Control, k\u00e4rntemperatustickan, automatisk reng\u00f6ring samt den l\u00e4tthanterliga Touchpanelens f\u00f6rdelar.<\/p>\n<p>Utbildningen kan med f\u00f6rdel kompletteras med er egen syn p\u00e5 mats\u00e4kerhet.[\/vc_column_text][vc_empty_space][\/vc_column][vc_column width=&#8221;1\/2&#8243;][vc_column_text]<strong>Metoder och inspiration <\/strong>(heldag**)<br \/>\n<strong>&#8211; utnyttja k\u00f6kets fulla potential<br \/>\n<\/strong>Vi g\u00e5r igenom olika matlagningsmetoder och vikten av r\u00e4tt ugnstillbeh\u00f6r. Utnyttja k\u00f6kets fulla potential och effektivisera ditt dagliga arbete.<br \/>\nUtbildningen inkluderar metoder som \u00e5nga, Sous Vide, LTC och produkter som tryckstekbord, kombiugn, konvektionsugn, Blastchiller\/Freezer.[\/vc_column_text][\/vc_column][\/vc_row][vc_row][vc_column width=&#8221;1\/2&#8243;][vc_column_text]<strong>Green Cooking &#8211; spara milj\u00f6 &amp; pengar<\/strong> (2 dagar***)<br \/>\nRestaurang- och stork\u00f6k \u00e4r energibovar! Med Green Cooking sparar du b\u00e5de milj\u00f6 och pengar och f\u00e5r en h\u00e5llbar arbetsmilj\u00f6.<\/p>\n<p>Vi ser p\u00e5 modern vs gammal utrustning och hur man kan \u00e4ndra sitt arbetss\u00e4tt f\u00f6r att spara energi. \u00c4ven konkreta r\u00e4kneexempel.[\/vc_column_text][vc_empty_space][\/vc_column][vc_column width=&#8221;1\/2&#8243;][vc_column_text]<strong>High Productivity<\/strong> (heldag**)<br \/>\n<strong>&#8211; Optimera din tillagning. Maximera dina resurser p\u00e5 liten yta.<br \/>\n<\/strong>F\u00f6r att kunna tillbereda m\u00e5ltider till m\u00e5nga personer (upp till 300 personer) p\u00e5 en liten yta har vi tagit fram ett koncept d\u00e4r vi endast anv\u00e4nder tre produkter; Skyline Premiums kombiugn, Skyline chills BlastChiller och High Speed Multi Cooker tryckstekbord.[\/vc_column_text][\/vc_column][\/vc_row][vc_row][vc_column width=&#8221;1\/2&#8243;][vc_column_text]<strong>Det flexibla cafeet<\/strong> (halvdag*)<br \/>\nMed tiden f\u00f6r\u00e4ndras branchen, gamla gr\u00e4nser suddas ut. Trender kommer och g\u00e5r. Att vara flexibel i sin verksamhet blir allt viktigare.<br \/>\nVi har ett stort utbud av produkter som m\u00f6jligg\u00f6r en snabb omst\u00e4llning av din caf\u00e9verksamhet.<br \/>\nN\u00e5gra av de produkter som vi ber\u00f6r under utbildningen \u00e4r: Speedelight, Multislim, Libero point, minikombiugn samt beredningsmaskiner.[\/vc_column_text][vc_empty_space][\/vc_column][vc_column width=&#8221;1\/2&#8243;][vc_column_text]<strong>SkyDuo<\/strong> (heldag**)<\/p>\n<p>Med den unika funktionen SkyDuo kan din Skyline Premiums ugn och Skyline Chills BlastChiller kommunicera tr\u00e5dl\u00f6st.<\/p>\n<p>L\u00e4r dig utnyttja denna unika funktion och effektivisera din vardag samtidigt som du optimerar tillagning, nedkylning och infrysning. L\u00e4r dig anv\u00e4nda BlastChillern p\u00e5 ett nytt kreativt s\u00e4tt.[\/vc_column_text][vc_empty_space][\/vc_column][\/vc_row][vc_row][vc_column width=&#8221;1\/2&#8243;][vc_column_text]<strong>Bankettl\u00f6sningar &amp; Sous Vide-tillagning<\/strong> (heldag**)<br \/>\n<strong>&#8211; L\u00e4r dig den senaste tekniken<br \/>\n<\/strong>L\u00e4r dig ber\u00e4kna och dimensionera maten r\u00e4tt f\u00f6r bankettillagning. Vi g\u00e5r bl.a igenom vad du beh\u00f6ver f\u00f6r utrustning, vad Sous Vide \u00e4r, hur tekniken fungerar och vad f\u00f6r r\u00e5varor som passar f\u00f6r detta.[\/vc_column_text][\/vc_column][vc_column width=&#8221;1\/2&#8243;][vc_column_text]<strong>Effektiv diskning<\/strong> (halvdag****)<br \/>\nDagen inkluderar bl.a genomg\u00e5ng av diskmaskinens panel och dess funktioner samt hur du reng\u00f6r din diskmaskin f\u00f6r att optimera funktion och f\u00f6rl\u00e4nga dess livsl\u00e4ngd. Vi ser \u00f6ver hur du stackar diskgodset f\u00f6r b\u00e4sta diskresultat. Dessutom genomg\u00e5ng av tillbeh\u00f6r och extrautrustning som effektiviserar och underl\u00e4ttar arbetet med disken.[\/vc_column_text][\/vc_column][\/vc_row][vc_row el_id=&#8221;kontakta_oss&#8221;][vc_column][vc_empty_space][vc_column_text]<em>*V\u00e4rde 11 000:- **V\u00e4rde 21 000:- ***V\u00e4rde 34 600:- ****V\u00e4rde 6 000:-<\/em>[\/vc_column_text][vc_empty_space][elx_heading text_color=&#8221;inherit&#8221;]Vill du veta mer eller boka en utbildning? Kontakta oss![\/elx_heading][vc_column_text]Genom att fylla i formul\u00e4ret kommer du i kontakt med v\u00e5r utbildningskock.[\/vc_column_text][elx_o2000_contact_us s=&#8221;Mail fr\u00e5n hemsidan: Utbildningar&#8221; country=&#8221;Sweden&#8221; b=&#8221;food&#8221; r=&#8221;Jag \u00e4r intresserad av era utbildningar&#8230;&#8221; l=&#8221;se&#8221;][\/vc_column][\/vc_row]<\/p>\n","protected":false},"excerpt":{"rendered":"<p>[vc_row full_width=&#8221;electroluxpro-full-width-no-padding&#8221;][vc_column][elx_hero_title label=&#8221;&#8221; background_image=&#8221;2137&#8243;][\/elx_hero_title][\/vc_column][\/vc_row][vc_row][vc_column][vc_empty_space][vc_empty_space][elx_heading font_container=&#8221;h1&#8243; font_size=&#8221;h3&#8243; text_color=&#8221;inherit&#8221;]Utbildningar, inspiration, och delad erfarenhet &#8211; V\u00e4lkommen till Framtidens K\u00f6k hos Electrolux Professional![\/elx_heading][vc_empty_space height=&#8221;15px&#8221;][\/vc_column][\/vc_row][vc_row][vc_column width=&#8221;2\/3&#8243;][vc_empty_space height=&#8221;15px&#8221;][vc_column_text]Vi vill dela med oss av v\u00e5r kunskap inom matlagningsmetoder, m\u00f6jligheter och tekniker i k\u00f6ket. V\u00e5ra utbildningar riktar sig till alla professionella matlagare som st\u00e5r inf\u00f6r ett k\u00f6pbeslut eller beh\u00f6ver vidareutbildning av sin utrustning. [&hellip;]<\/p>\n","protected":false},"author":4,"featured_media":0,"parent":0,"menu_order":0,"comment_status":"closed","ping_status":"closed","template":"template-seminars.php","meta":{"footnotes":""},"class_list":["post-2377","page","type-page","status-publish","hentry"],"acf":[],"yoast_head":"<!-- This site is optimized with the Yoast SEO plugin v23.3 - https:\/\/yoast.com\/wordpress\/plugins\/seo\/ -->\n<title>Electrolux Professional Utbildningar - Electrolux Professional Sverige<\/title>\n<meta name=\"description\" content=\"Utbildningar fr\u00e5n Electrolux Professional f\u00f6r att \u00f6ka effektivitet produktivitet matsalen, med fokus p\u00e5 s\u00e4kerhet metodik inspiration.\" \/>\n<meta name=\"robots\" content=\"index, follow, max-snippet:-1, max-image-preview:large, max-video-preview:-1\" \/>\n<link rel=\"canonical\" href=\"https:\/\/www.electroluxprofessional.com\/se\/utbildningar\/\" \/>\n<meta property=\"og:locale\" content=\"sv_SE\" \/>\n<meta property=\"og:type\" content=\"article\" \/>\n<meta property=\"og:title\" content=\"Electrolux Professional Utbildningar - Electrolux Professional Sverige\" \/>\n<meta property=\"og:description\" content=\"Utbildningar fr\u00e5n Electrolux Professional f\u00f6r att \u00f6ka effektivitet produktivitet matsalen, med fokus p\u00e5 s\u00e4kerhet metodik inspiration.\" \/>\n<meta property=\"og:url\" content=\"https:\/\/www.electroluxprofessional.com\/se\/utbildningar\/\" \/>\n<meta property=\"og:site_name\" content=\"Electrolux Professional Sverige\" \/>\n<meta property=\"article:modified_time\" content=\"2025-05-13T13:28:52+00:00\" \/>\n<meta name=\"twitter:card\" content=\"summary_large_image\" \/>\n<meta name=\"twitter:label1\" content=\"Ber\u00e4knad l\u00e4stid\" \/>\n\t<meta name=\"twitter:data1\" content=\"4 minuter\" \/>\n<script type=\"application\/ld+json\" class=\"yoast-schema-graph\">{\"@context\":\"https:\/\/schema.org\",\"@graph\":[{\"@type\":\"WebPage\",\"@id\":\"https:\/\/www.electroluxprofessional.com\/se\/utbildningar\/\",\"url\":\"https:\/\/www.electroluxprofessional.com\/se\/utbildningar\/\",\"name\":\"Electrolux Professional Utbildningar - Electrolux Professional Sverige\",\"isPartOf\":{\"@id\":\"https:\/\/www.electroluxprofessional.com\/se\/#website\"},\"datePublished\":\"2020-11-09T14:30:18+00:00\",\"dateModified\":\"2025-05-13T13:28:52+00:00\",\"description\":\"Utbildningar fr\u00e5n Electrolux Professional f\u00f6r att \u00f6ka effektivitet produktivitet matsalen, med fokus p\u00e5 s\u00e4kerhet metodik inspiration.\",\"breadcrumb\":{\"@id\":\"https:\/\/www.electroluxprofessional.com\/se\/utbildningar\/#breadcrumb\"},\"inLanguage\":\"sv-SE\",\"potentialAction\":[{\"@type\":\"ReadAction\",\"target\":[\"https:\/\/www.electroluxprofessional.com\/se\/utbildningar\/\"]}]},{\"@type\":\"BreadcrumbList\",\"@id\":\"https:\/\/www.electroluxprofessional.com\/se\/utbildningar\/#breadcrumb\",\"itemListElement\":[{\"@type\":\"ListItem\",\"position\":1,\"name\":\"Home\",\"item\":\"https:\/\/www.electroluxprofessional.com\/se\/\"},{\"@type\":\"ListItem\",\"position\":2,\"name\":\"Electrolux Professional Utbildningar\"}]},{\"@type\":\"WebSite\",\"@id\":\"https:\/\/www.electroluxprofessional.com\/se\/#website\",\"url\":\"https:\/\/www.electroluxprofessional.com\/se\/\",\"name\":\"Electrolux Professional Sverige\",\"description\":\"\",\"potentialAction\":[{\"@type\":\"SearchAction\",\"target\":{\"@type\":\"EntryPoint\",\"urlTemplate\":\"https:\/\/www.electroluxprofessional.com\/se\/?src={search_term_string}\"},\"query-input\":\"required name=search_term_string\"}],\"inLanguage\":\"sv-SE\"}]}<\/script>\n<!-- \/ Yoast SEO plugin. -->","yoast_head_json":{"title":"Electrolux Professional Utbildningar - Electrolux Professional Sverige","description":"Utbildningar fr\u00e5n Electrolux Professional f\u00f6r att \u00f6ka effektivitet produktivitet matsalen, med fokus p\u00e5 s\u00e4kerhet metodik inspiration.","robots":{"index":"index","follow":"follow","max-snippet":"max-snippet:-1","max-image-preview":"max-image-preview:large","max-video-preview":"max-video-preview:-1"},"canonical":"https:\/\/www.electroluxprofessional.com\/se\/utbildningar\/","og_locale":"sv_SE","og_type":"article","og_title":"Electrolux Professional Utbildningar - Electrolux Professional Sverige","og_description":"Utbildningar fr\u00e5n Electrolux Professional f\u00f6r att \u00f6ka effektivitet produktivitet matsalen, med fokus p\u00e5 s\u00e4kerhet metodik inspiration.","og_url":"https:\/\/www.electroluxprofessional.com\/se\/utbildningar\/","og_site_name":"Electrolux Professional Sverige","article_modified_time":"2025-05-13T13:28:52+00:00","twitter_card":"summary_large_image","twitter_misc":{"Ber\u00e4knad l\u00e4stid":"4 minuter"},"schema":{"@context":"https:\/\/schema.org","@graph":[{"@type":"WebPage","@id":"https:\/\/www.electroluxprofessional.com\/se\/utbildningar\/","url":"https:\/\/www.electroluxprofessional.com\/se\/utbildningar\/","name":"Electrolux Professional Utbildningar - Electrolux Professional Sverige","isPartOf":{"@id":"https:\/\/www.electroluxprofessional.com\/se\/#website"},"datePublished":"2020-11-09T14:30:18+00:00","dateModified":"2025-05-13T13:28:52+00:00","description":"Utbildningar fr\u00e5n Electrolux Professional f\u00f6r att \u00f6ka effektivitet produktivitet matsalen, med fokus p\u00e5 s\u00e4kerhet metodik inspiration.","breadcrumb":{"@id":"https:\/\/www.electroluxprofessional.com\/se\/utbildningar\/#breadcrumb"},"inLanguage":"sv-SE","potentialAction":[{"@type":"ReadAction","target":["https:\/\/www.electroluxprofessional.com\/se\/utbildningar\/"]}]},{"@type":"BreadcrumbList","@id":"https:\/\/www.electroluxprofessional.com\/se\/utbildningar\/#breadcrumb","itemListElement":[{"@type":"ListItem","position":1,"name":"Home","item":"https:\/\/www.electroluxprofessional.com\/se\/"},{"@type":"ListItem","position":2,"name":"Electrolux Professional Utbildningar"}]},{"@type":"WebSite","@id":"https:\/\/www.electroluxprofessional.com\/se\/#website","url":"https:\/\/www.electroluxprofessional.com\/se\/","name":"Electrolux Professional Sverige","description":"","potentialAction":[{"@type":"SearchAction","target":{"@type":"EntryPoint","urlTemplate":"https:\/\/www.electroluxprofessional.com\/se\/?src={search_term_string}"},"query-input":"required name=search_term_string"}],"inLanguage":"sv-SE"}]}},"_links":{"self":[{"href":"https:\/\/www.electroluxprofessional.com\/se\/wp-json\/wp\/v2\/pages\/2377"}],"collection":[{"href":"https:\/\/www.electroluxprofessional.com\/se\/wp-json\/wp\/v2\/pages"}],"about":[{"href":"https:\/\/www.electroluxprofessional.com\/se\/wp-json\/wp\/v2\/types\/page"}],"author":[{"embeddable":true,"href":"https:\/\/www.electroluxprofessional.com\/se\/wp-json\/wp\/v2\/users\/4"}],"replies":[{"embeddable":true,"href":"https:\/\/www.electroluxprofessional.com\/se\/wp-json\/wp\/v2\/comments?post=2377"}],"version-history":[{"count":32,"href":"https:\/\/www.electroluxprofessional.com\/se\/wp-json\/wp\/v2\/pages\/2377\/revisions"}],"predecessor-version":[{"id":52528,"href":"https:\/\/www.electroluxprofessional.com\/se\/wp-json\/wp\/v2\/pages\/2377\/revisions\/52528"}],"wp:attachment":[{"href":"https:\/\/www.electroluxprofessional.com\/se\/wp-json\/wp\/v2\/media?parent=2377"}],"curies":[{"name":"wp","href":"https:\/\/api.w.org\/{rel}","templated":true}]}}