{"id":2375,"date":"2017-03-28T14:32:45","date_gmt":"2017-03-28T14:32:45","guid":{"rendered":"https:\/\/www.electroluxprofessional.com\/se\/?page_id=2375"},"modified":"2025-10-21T13:16:03","modified_gmt":"2025-10-21T12:16:03","slug":"electrolux-chef-academy","status":"publish","type":"page","link":"https:\/\/www.electroluxprofessional.com\/se\/electrolux-chef-academy\/","title":{"rendered":"Electrolux Professional chef academy"},"content":{"rendered":"<p>[vc_row full_width=&#8221;electroluxpro-full-width-no-padding&#8221;][vc_column][elx_hero_title label=&#8221;&#8221; background_image=&#8221;2120&#8243;][elx_heading font_container=&#8221;h1&#8243; text_color=&#8221;white&#8221;]Electrolux Chef Academy[\/elx_heading][\/elx_hero_title][\/vc_column][\/vc_row][vc_row][vc_column][vc_empty_space][elx_image_block background_image=&#8221;2121&#8243; minimum_height=&#8221;500px&#8221;][\/vc_column][\/vc_row][vc_row][vc_column][elx_heading text_color=&#8221;inherit&#8221;]Det unika globala n\u00e4tverket av professionella kockar[\/elx_heading][vc_empty_space height=&#8221;20px&#8221;][\/vc_column][\/vc_row][vc_row][vc_column width=&#8221;1\/2&#8243;][elx_image_block background_image=&#8221;581&#8243; minimum_height=&#8221;400px&#8221;][elx_heading font_size=&#8221;h4&#8243; text_color=&#8221;inherit&#8221;]Chef Academy andan<br \/>\n\u00e4r en kultur av kundfokus[\/elx_heading][vc_column_text]<span id=\"result_box\" class=\"\" lang=\"sv\">Electrolux erbjuder en unik service, med sextio kockar \u00f6ver hela v\u00e4rlden som konsulterar, lyssnar och h\u00e5ller utbildningar.<\/span>[\/vc_column_text][vc_column_text]<\/p>\n<h4>T\u00e4nk dig&#8230;<\/h4>\n<h4>Chef Academy medlemmar till\u00e4gnad dina behov<\/h4>\n<p>[\/vc_column_text][\/vc_column][vc_column width=&#8221;1\/2&#8243;][elx_image_block background_image=&#8221;1846&#8243; minimum_height=&#8221;400px&#8221;][elx_heading font_size=&#8221;h4&#8243; text_color=&#8221;inherit&#8221;]ideas&amp;friends<br \/>\ninspirera och inspireras[\/elx_heading][vc_column_text]<span id=\"result_box\" class=\"\" lang=\"sv\">Chef Academy \u00e4r en plats f\u00f6r <strong>inspiration<\/strong>. Drivet av erfarna kockar fr\u00e5n olika delar av v\u00e4rlden, lyssnar detta unika och globala n\u00e4tverk p\u00e5 dina id\u00e9er och s\u00e4tter i m\u00f6jligaste m\u00e5n <\/span><span id=\"result_box\" class=\"\" lang=\"sv\">sedan <\/span><span id=\"result_box\" class=\"\" lang=\"sv\">dina behov i praktiken, baserat p\u00e5 f\u00f6rtroende och professionalism<span class=\"\">.<\/span><\/span><\/p>\n<p><span id=\"result_box\" class=\"\" lang=\"sv\">&#8220;ideas &amp; friends&#8221; \u00e4r en attityd, v\u00e5rt s\u00e4tt att g\u00f6ra aff\u00e4rer. <span class=\"\">Alla \u00e4r v\u00e4lkomna att<\/span> utbyta id\u00e9er, utmaningar och testl\u00f6sningar <span class=\"\">vid ett<\/span> <span class=\"\">&#8220;rundabordssamtal<\/span>&#8220;. L\u00e5t oss bygga relationer f\u00f6r att st\u00e4rka <span class=\"\">din verksamhet.<\/span><\/span>[\/vc_column_text][\/vc_column][\/vc_row][vc_row][vc_column][vc_empty_space][elx_heading font_container=&#8221;h3&#8243; text_color=&#8221;inherit&#8221;]Vill du veta mer? Kontakta oss![\/elx_heading][elx_o2000_contact_us s=&#8221;Request of information about chef sessions&#8221; country=&#8221;Sweden&#8221; container=&#8221;elxcontactus1482162874&#8243; r=&#8221;Jag skulle vilja veta mer om Electrolux Chef Academy. V\u00e4nligen kontakta mig.&#8221; l=&#8221;se&#8221;][vc_empty_space][\/vc_column][\/vc_row][vc_row][vc_column width=&#8221;1\/3&#8243;][elx_maylike_box id_box=&#8221;2112&#8243;][\/vc_column][vc_column width=&#8221;1\/3&#8243;][elx_maylike_box id_box=&#8221;2117&#8243;][\/vc_column][vc_column width=&#8221;1\/3&#8243;][elx_maylike_box id_box=&#8221;2115&#8243;][\/vc_column][\/vc_row]<\/p>\n","protected":false},"excerpt":{"rendered":"<p>[vc_row full_width=&#8221;electroluxpro-full-width-no-padding&#8221;][vc_column][elx_hero_title label=&#8221;&#8221; background_image=&#8221;2120&#8243;][elx_heading font_container=&#8221;h1&#8243; text_color=&#8221;white&#8221;]Electrolux Chef Academy[\/elx_heading][\/elx_hero_title][\/vc_column][\/vc_row][vc_row][vc_column][vc_empty_space][elx_image_block background_image=&#8221;2121&#8243; minimum_height=&#8221;500px&#8221;][\/vc_column][\/vc_row][vc_row][vc_column][elx_heading text_color=&#8221;inherit&#8221;]Det unika globala n\u00e4tverket av professionella kockar[\/elx_heading][vc_empty_space height=&#8221;20px&#8221;][\/vc_column][\/vc_row][vc_row][vc_column width=&#8221;1\/2&#8243;][elx_image_block background_image=&#8221;581&#8243; minimum_height=&#8221;400px&#8221;][elx_heading font_size=&#8221;h4&#8243; text_color=&#8221;inherit&#8221;]Chef Academy andan \u00e4r en kultur av kundfokus[\/elx_heading][vc_column_text]Electrolux erbjuder en unik service, med sextio kockar \u00f6ver hela v\u00e4rlden som konsulterar, lyssnar och h\u00e5ller utbildningar.[\/vc_column_text][vc_column_text] T\u00e4nk dig&#8230; Chef Academy medlemmar till\u00e4gnad dina behov [\/vc_column_text][\/vc_column][vc_column [&hellip;]<\/p>\n","protected":false},"author":4,"featured_media":0,"parent":0,"menu_order":0,"comment_status":"closed","ping_status":"closed","template":"","meta":{"footnotes":""},"class_list":["post-2375","page","type-page","status-publish","hentry"],"acf":[],"yoast_head":"<!-- This site is optimized with the Yoast SEO plugin v23.3 - https:\/\/yoast.com\/wordpress\/plugins\/seo\/ -->\n<title>Electrolux Chef Academy, professionella kockar - Electrolux Professional<\/title>\n<meta name=\"description\" content=\"Electrolux unika globala n\u00e4tverk av professionella kockar. Electrolux Chef Academy \u00e4r en plats f\u00f6r att inspirera och inspireras med samtal och utbildningar.\" \/>\n<meta name=\"robots\" content=\"index, follow, max-snippet:-1, max-image-preview:large, max-video-preview:-1\" \/>\n<link rel=\"canonical\" href=\"https:\/\/www.electroluxprofessional.com\/se\/electrolux-chef-academy\/\" \/>\n<meta property=\"og:locale\" content=\"sv_SE\" \/>\n<meta property=\"og:type\" content=\"article\" \/>\n<meta property=\"og:title\" content=\"Electrolux Chef Academy, professionella kockar - Electrolux Professional\" \/>\n<meta property=\"og:description\" content=\"Electrolux unika globala n\u00e4tverk av professionella kockar. Electrolux Chef Academy \u00e4r en plats f\u00f6r att inspirera och inspireras med samtal och utbildningar.\" \/>\n<meta property=\"og:url\" content=\"https:\/\/www.electroluxprofessional.com\/se\/electrolux-chef-academy\/\" \/>\n<meta property=\"og:site_name\" content=\"Electrolux Professional Sverige\" \/>\n<meta property=\"article:modified_time\" content=\"2025-10-21T12:16:03+00:00\" \/>\n<meta name=\"twitter:card\" content=\"summary_large_image\" \/>\n<meta name=\"twitter:label1\" content=\"Ber\u00e4knad l\u00e4stid\" \/>\n\t<meta name=\"twitter:data1\" content=\"1 minut\" \/>\n<script type=\"application\/ld+json\" class=\"yoast-schema-graph\">{\"@context\":\"https:\/\/schema.org\",\"@graph\":[{\"@type\":\"WebPage\",\"@id\":\"https:\/\/www.electroluxprofessional.com\/se\/electrolux-chef-academy\/\",\"url\":\"https:\/\/www.electroluxprofessional.com\/se\/electrolux-chef-academy\/\",\"name\":\"Electrolux Chef Academy, professionella kockar - Electrolux Professional\",\"isPartOf\":{\"@id\":\"https:\/\/www.electroluxprofessional.com\/se\/#website\"},\"datePublished\":\"2017-03-28T14:32:45+00:00\",\"dateModified\":\"2025-10-21T12:16:03+00:00\",\"description\":\"Electrolux unika globala n\u00e4tverk av professionella kockar. Electrolux Chef Academy \u00e4r en plats f\u00f6r att inspirera och inspireras med samtal och utbildningar.\",\"breadcrumb\":{\"@id\":\"https:\/\/www.electroluxprofessional.com\/se\/electrolux-chef-academy\/#breadcrumb\"},\"inLanguage\":\"sv-SE\",\"potentialAction\":[{\"@type\":\"ReadAction\",\"target\":[\"https:\/\/www.electroluxprofessional.com\/se\/electrolux-chef-academy\/\"]}]},{\"@type\":\"BreadcrumbList\",\"@id\":\"https:\/\/www.electroluxprofessional.com\/se\/electrolux-chef-academy\/#breadcrumb\",\"itemListElement\":[{\"@type\":\"ListItem\",\"position\":1,\"name\":\"Home\",\"item\":\"https:\/\/www.electroluxprofessional.com\/se\/\"},{\"@type\":\"ListItem\",\"position\":2,\"name\":\"Electrolux Professional chef academy\"}]},{\"@type\":\"WebSite\",\"@id\":\"https:\/\/www.electroluxprofessional.com\/se\/#website\",\"url\":\"https:\/\/www.electroluxprofessional.com\/se\/\",\"name\":\"Electrolux Professional Sverige\",\"description\":\"\",\"potentialAction\":[{\"@type\":\"SearchAction\",\"target\":{\"@type\":\"EntryPoint\",\"urlTemplate\":\"https:\/\/www.electroluxprofessional.com\/se\/?src={search_term_string}\"},\"query-input\":\"required name=search_term_string\"}],\"inLanguage\":\"sv-SE\"}]}<\/script>\n<!-- \/ Yoast SEO plugin. -->","yoast_head_json":{"title":"Electrolux Chef Academy, professionella kockar - Electrolux Professional","description":"Electrolux unika globala n\u00e4tverk av professionella kockar. Electrolux Chef Academy \u00e4r en plats f\u00f6r att inspirera och inspireras med samtal och utbildningar.","robots":{"index":"index","follow":"follow","max-snippet":"max-snippet:-1","max-image-preview":"max-image-preview:large","max-video-preview":"max-video-preview:-1"},"canonical":"https:\/\/www.electroluxprofessional.com\/se\/electrolux-chef-academy\/","og_locale":"sv_SE","og_type":"article","og_title":"Electrolux Chef Academy, professionella kockar - Electrolux Professional","og_description":"Electrolux unika globala n\u00e4tverk av professionella kockar. Electrolux Chef Academy \u00e4r en plats f\u00f6r att inspirera och inspireras med samtal och utbildningar.","og_url":"https:\/\/www.electroluxprofessional.com\/se\/electrolux-chef-academy\/","og_site_name":"Electrolux Professional Sverige","article_modified_time":"2025-10-21T12:16:03+00:00","twitter_card":"summary_large_image","twitter_misc":{"Ber\u00e4knad l\u00e4stid":"1 minut"},"schema":{"@context":"https:\/\/schema.org","@graph":[{"@type":"WebPage","@id":"https:\/\/www.electroluxprofessional.com\/se\/electrolux-chef-academy\/","url":"https:\/\/www.electroluxprofessional.com\/se\/electrolux-chef-academy\/","name":"Electrolux Chef Academy, professionella kockar - Electrolux Professional","isPartOf":{"@id":"https:\/\/www.electroluxprofessional.com\/se\/#website"},"datePublished":"2017-03-28T14:32:45+00:00","dateModified":"2025-10-21T12:16:03+00:00","description":"Electrolux unika globala n\u00e4tverk av professionella kockar. Electrolux Chef Academy \u00e4r en plats f\u00f6r att inspirera och inspireras med samtal och utbildningar.","breadcrumb":{"@id":"https:\/\/www.electroluxprofessional.com\/se\/electrolux-chef-academy\/#breadcrumb"},"inLanguage":"sv-SE","potentialAction":[{"@type":"ReadAction","target":["https:\/\/www.electroluxprofessional.com\/se\/electrolux-chef-academy\/"]}]},{"@type":"BreadcrumbList","@id":"https:\/\/www.electroluxprofessional.com\/se\/electrolux-chef-academy\/#breadcrumb","itemListElement":[{"@type":"ListItem","position":1,"name":"Home","item":"https:\/\/www.electroluxprofessional.com\/se\/"},{"@type":"ListItem","position":2,"name":"Electrolux Professional chef academy"}]},{"@type":"WebSite","@id":"https:\/\/www.electroluxprofessional.com\/se\/#website","url":"https:\/\/www.electroluxprofessional.com\/se\/","name":"Electrolux Professional Sverige","description":"","potentialAction":[{"@type":"SearchAction","target":{"@type":"EntryPoint","urlTemplate":"https:\/\/www.electroluxprofessional.com\/se\/?src={search_term_string}"},"query-input":"required name=search_term_string"}],"inLanguage":"sv-SE"}]}},"_links":{"self":[{"href":"https:\/\/www.electroluxprofessional.com\/se\/wp-json\/wp\/v2\/pages\/2375"}],"collection":[{"href":"https:\/\/www.electroluxprofessional.com\/se\/wp-json\/wp\/v2\/pages"}],"about":[{"href":"https:\/\/www.electroluxprofessional.com\/se\/wp-json\/wp\/v2\/types\/page"}],"author":[{"embeddable":true,"href":"https:\/\/www.electroluxprofessional.com\/se\/wp-json\/wp\/v2\/users\/4"}],"replies":[{"embeddable":true,"href":"https:\/\/www.electroluxprofessional.com\/se\/wp-json\/wp\/v2\/comments?post=2375"}],"version-history":[{"count":5,"href":"https:\/\/www.electroluxprofessional.com\/se\/wp-json\/wp\/v2\/pages\/2375\/revisions"}],"predecessor-version":[{"id":54446,"href":"https:\/\/www.electroluxprofessional.com\/se\/wp-json\/wp\/v2\/pages\/2375\/revisions\/54446"}],"wp:attachment":[{"href":"https:\/\/www.electroluxprofessional.com\/se\/wp-json\/wp\/v2\/media?parent=2375"}],"curies":[{"name":"wp","href":"https:\/\/api.w.org\/{rel}","templated":true}]}}