{"id":2363,"date":"2017-03-20T08:00:20","date_gmt":"2017-03-20T08:00:20","guid":{"rendered":"https:\/\/www.electroluxprofessional.com\/se\/?page_id=2363"},"modified":"2024-09-10T08:30:54","modified_gmt":"2024-09-10T07:30:54","slug":"storkoksutrustning","status":"publish","type":"page","link":"https:\/\/www.electroluxprofessional.com\/se\/storkok\/storkoksutrustning\/","title":{"rendered":"Stork\u00f6ksutrustning"},"content":{"rendered":"<p>[vc_row full_width=&#8221;electroluxpro-full-width-no-padding&#8221;][vc_column][elx_full_banner title=&#8221;Stork\u00f6ksutrustning&#8221; set_as_h1=&#8221;true&#8221; link=&#8221;url:%23produkter|title:Se%20hela%20produktutbudet&#8221; background_image_media_library=&#8221;48883&#8243; background_image_media_library_mobile=&#8221;48884&#8243;][\/vc_column][\/vc_row][vc_row][vc_column][vc_empty_space][elx_heading text_color=&#8221;inherit&#8221;]Stork\u00f6ksutrustning i toppklass[\/elx_heading][vc_column_text]Electrolux Professional \u00e4r en v\u00e4rldsledande helhetspartner inom stork\u00f6ksutrustning och restaurangk\u00f6k. Med \u00f6ver 100 \u00e5rs erfarenhet och h\u00f6g expertis kan du k\u00e4nna dig trygg i v\u00e5ra h\u00e4nder. Hos oss hittar du marknadens bredaste utbud av h\u00f6gkvalitativa l\u00f6sningar inom beredning, varmk\u00f6k, disk, kyl &amp; frys samt dryck. Vi g\u00f6r allt ifr\u00e5n st\u00f6rre entreprenader till restaurangk\u00f6k, hotell, barer och caf\u00e9er samt st\u00f6rre kedjor och offentliga k\u00f6k.[\/vc_column_text][vc_empty_space][vc_column_text]Vi utvecklar innovativ och l\u00f6nsam restaurangutrustning med h\u00f6g prestanda som passar alla professionella k\u00f6k. H\u00e5llbarhet \u00e4r n\u00e5got som genomsyrar hela bolaget och v\u00e5rt fokus ligger framf\u00f6rallt p\u00e5 att skapa energisn\u00e5la och ergonomiska l\u00f6sningar med l\u00e5ga driftskostnader.[\/vc_column_text][vc_empty_space][\/vc_column][\/vc_row][vc_row][vc_column][vc_row_inner][vc_column_inner width=&#8221;1\/2&#8243;][vc_empty_space][vc_single_image image=&#8221;13354&#8243; img_size=&#8221;large&#8221;][vc_empty_space][vc_empty_space][\/vc_column_inner][vc_column_inner width=&#8221;1\/2&#8243;][vc_column_text]<\/p>\n<h2>Kvalitet i alla led<\/h2>\n<p>Med \u00f6ver 100 \u00e5rs branscherfarenhet och expertis kan du k\u00e4nna dig trygg i v\u00e5ra h\u00e4nder. Oavsett vad ditt behov \u00e4r och var i landet du befinner dig st\u00e5r vi redo att hj\u00e4lpa dig via v\u00e5rt rikst\u00e4ckande n\u00e4tverk med auktoriserade servicepartners och \u00e5terf\u00f6rs\u00e4ljare. Hos oss f\u00e5r du hj\u00e4lp hela v\u00e4gen: fr\u00e5n projektering och installation till finansiering, utbildning och fram till slutet av produktlivscykeln.[\/vc_column_text][vc_empty_space][elx_button button_text=&#8221;Hitta n\u00e4rmsta \u00e5terf\u00f6rs\u00e4ljare&#8221; button_link=&#8221;url:https%3A%2F%2Fwww.electroluxprofessional.com%2Fse%2Fsales-service-locator%2F|title:Hitta%20%C3%A5terf%C3%B6rs%C3%A4ljare%20%26%20servicepartner&#8221;][vc_empty_space][\/vc_column_inner][\/vc_row_inner][vc_row_inner][vc_column_inner width=&#8221;1\/2&#8243;][vc_column_text]<\/p>\n<h2>Milj\u00f6smart restaurangutrustning<\/h2>\n<p>V\u00e5rt fokus p\u00e5 h\u00e5llbarhet pr\u00e4glar hela v\u00e5r produktutveckling. Genom att utveckla l\u00f6sningar <span class=\"Y2IQFc\" lang=\"sv\">som \u00e4r energieffektiva med l\u00e5g f\u00f6rbrukning av vatten, gas och kem bidrar vi som leverant\u00f6r till att minska milj\u00f6p\u00e5verkan avsev\u00e4rt. Vi har tagit fram ett s\u00e4rskilt utvalt sortiment av energisn\u00e5la produkter f\u00f6r att du ska kunna v\u00e4lja en milj\u00f6smart restaurangutrustning, samtidigt som du g\u00f6r stora ekonomiska besparingar!<\/span>[\/vc_column_text][vc_empty_space][elx_button button_text=&#8221;Se v\u00e5ra milj\u00f6smarta produkter&#8221; button_link=&#8221;url:https%3A%2F%2Fwww.electroluxprofessional.com%2Fse%2Fmiljosmarta_losningar_storkok_restaurang%2F|title:Milj%C3%B6smarta%20l%C3%B6sningar%20f%C3%B6r%20stork%C3%B6k&#8221;][vc_empty_space][\/vc_column_inner][vc_column_inner width=&#8221;1\/2&#8243;][vc_single_image image=&#8221;49434&#8243; img_size=&#8221;large&#8221;][vc_empty_space][vc_empty_space][\/vc_column_inner][\/vc_row_inner][vc_row_inner][vc_column_inner width=&#8221;1\/2&#8243;][vc_empty_space][vc_single_image image=&#8221;48461&#8243; img_size=&#8221;full&#8221;][vc_empty_space][\/vc_column_inner][vc_column_inner width=&#8221;1\/2&#8243;][vc_column_text]<\/p>\n<h2>Inspiration &amp; utbildning i stork\u00f6ksutrustning<\/h2>\n<p>Vi delar g\u00e4rna med oss av v\u00e5r kunskap! Med hj\u00e4lp av v\u00e5ra kunniga utbildningskockar erbjuder vi utbildningar f\u00f6r stork\u00f6ksansvariga och professionella kockar. Mats\u00e4kerhet, green cooking (mij\u00f6smart matlagning) och high productivity \u00e4r n\u00e5gra av de utbildningar vi tillhandah\u00e5ller ut\u00f6ver handhavande utbildning i stork\u00f6ksutrustning. Vi kan ocks\u00e5 skr\u00e4ddarsy utbildningar helt baserat p\u00e5 ert behov. Utbildningen sker p\u00e5 plats i v\u00e5rt eget k\u00f6k p\u00e5 Electrolux Professionals huvudkontor i Stockholm, ute i ert k\u00f6k eller digitalt.[\/vc_column_text][vc_empty_space][elx_button button_text=&#8221;L\u00e4s mer om v\u00e5ra utbildningar&#8221; button_link=&#8221;url:https%3A%2F%2Fwww.electroluxprofessional.com%2Fse%2Futbildningar%2F|title:Utbildningar||&#8221;][vc_empty_space][\/vc_column_inner][\/vc_row_inner][\/vc_column][\/vc_row][vc_row disable_element=&#8221;yes&#8221;][vc_column][vc_row_inner css=&#8221;.vc_custom_1695119816715{background-color: #eeeeee !important;}&#8221;][vc_column_inner][vc_empty_space height=&#8221;16px&#8221;][vc_column_text]<\/p>\n<h2 style=\"text-align: center;\"><em>V\u00e5rt uppdrag \u00e4r att g\u00f6ra ditt arbetsliv enklare,<br \/>\n<\/em><em>mer l\u00f6nsamt och verkligt h\u00e5llbart varje dag<\/em><\/h2>\n<p>[\/vc_column_text][vc_empty_space][\/vc_column_inner][\/vc_row_inner][vc_row_inner css=&#8221;.vc_custom_1695119816715{background-color: #eeeeee !important;}&#8221;][vc_column_inner width=&#8221;1\/3&#8243;][vc_empty_space][\/vc_column_inner][vc_column_inner width=&#8221;1\/3&#8243;][elx_button button_text=&#8221;Leasa stork\u00f6ksutrustning&#8221; button_link=&#8221;url:https%3A%2F%2Fwww.electroluxprofessional.com%2Fse%2Fone-lease%2F|title:OnE%20Lease&#8221;][vc_empty_space][\/vc_column_inner][vc_column_inner width=&#8221;1\/3&#8243;][vc_empty_space][\/vc_column_inner][\/vc_row_inner][\/vc_column][\/vc_row][vc_row][vc_column][vc_row_inner css=&#8221;.vc_custom_1695119816715{background-color: #eeeeee !important;}&#8221;][vc_column_inner][vc_empty_space height=&#8221;16px&#8221;][vc_column_text]<\/p>\n<h2 style=\"text-align: center;\"><em>Uppt\u00e4ck ONE LEASE! Hyr ett helt k\u00f6k eller endast en maskin.<\/em><\/h2>\n<p>[\/vc_column_text][vc_empty_space][\/vc_column_inner][\/vc_row_inner][vc_row_inner css=&#8221;.vc_custom_1695119816715{background-color: #eeeeee !important;}&#8221;][vc_column_inner width=&#8221;1\/3&#8243;][vc_empty_space][\/vc_column_inner][vc_column_inner width=&#8221;1\/3&#8243;][elx_button button_text=&#8221;Leasa stork\u00f6ksutrustning&#8221; button_link=&#8221;url:https%3A%2F%2Fwww.electroluxprofessional.com%2Fse%2Fone-lease%2F|title:OnE%20Lease&#8221;][vc_empty_space][\/vc_column_inner][vc_column_inner width=&#8221;1\/3&#8243;][vc_empty_space][\/vc_column_inner][\/vc_row_inner][\/vc_column][\/vc_row][vc_row el_id=&#8221;produkter&#8221;][vc_column][vc_empty_space][vc_column_text]<\/p>\n<h2>Stork\u00f6ksutrustning &#8211; se alla produkter<\/h2>\n<h2><\/h2>\n<p>[\/vc_column_text][vc_empty_space height=&#8221;50px&#8221;][\/vc_column][\/vc_row][vc_row][vc_column width=&#8221;1\/3&#8243;][elx_navigation_branch image=&#8221;269&#8243; menu_list=&#8221;51323&#8243;][\/vc_column][vc_column width=&#8221;1\/3&#8243;][elx_navigation_branch image=&#8221;796&#8243; menu_list=&#8221;51352&#8243;][\/vc_column][vc_column width=&#8221;1\/3&#8243;][elx_navigation_branch image=&#8221;687&#8243; menu_list=&#8221;51370&#8243;][\/vc_column][\/vc_row][vc_row][vc_column][vc_empty_space height=&#8221;30px&#8221;][\/vc_column][\/vc_row][vc_row][vc_column width=&#8221;1\/3&#8243;][elx_navigation_branch image=&#8221;1839&#8243; menu_list=&#8221;51379&#8243;][\/vc_column][vc_column width=&#8221;1\/3&#8243;][elx_navigation_branch image=&#8221;906&#8243; menu_list=&#8221;51383&#8243;][\/vc_column][vc_column width=&#8221;1\/3&#8243;][elx_navigation_branch image=&#8221;51176&#8243; menu_list=&#8221;51448&#8243;][\/vc_column][\/vc_row][vc_row][vc_column][vc_empty_space height=&#8221;30px&#8221;][\/vc_column][\/vc_row][vc_row][vc_column][elx_heading font_size=&#8221;h3&#8243; text_color=&#8221;inherit&#8221; text_align=&#8221;text-center&#8221;]Vill du veta mer om v\u00e5r restaurang- och stork\u00f6ksutrustning?[\/elx_heading][elx_o2000_contact_us s=&#8221;F\u00f6rfr\u00e5gan om stork\u00f6ks- och restaurangutrustning&#8221; country=&#8221;Sweden&#8221; b=&#8221;food&#8221; container=&#8221;elxcontactus1493986478&#8243; r=&#8221;Ja tack, kontakta mig g\u00e4rna!&#8221; l=&#8221;se&#8221; e=&#8221;jennie.walther@electroluxprofessional.com&#8221;][vc_empty_space height=&#8221;132px&#8221;][elx_heading font_size=&#8221;h3&#8243; text_color=&#8221;inherit&#8221; text_align=&#8221;text-center&#8221;]Du kanske ocks\u00e5 \u00e4r intresserad av det h\u00e4r?[\/elx_heading][\/vc_column][\/vc_row][vc_row equal_height=&#8221;yes&#8221;][vc_column width=&#8221;1\/3&#8243;][elx_maylike_box id_box=&#8221;3693&#8243;][\/vc_column][vc_column width=&#8221;1\/3&#8243;][elx_maylike_box id_box=&#8221;13449&#8243;][\/vc_column][vc_column width=&#8221;1\/3&#8243;][elx_maylike_box id_box=&#8221;12528&#8243;][\/vc_column][\/vc_row][vc_row][vc_column][vc_column_text][\/vc_column_text][\/vc_column][\/vc_row]<\/p>\n","protected":false},"excerpt":{"rendered":"<p>[vc_row full_width=&#8221;electroluxpro-full-width-no-padding&#8221;][vc_column][elx_full_banner title=&#8221;Stork\u00f6ksutrustning&#8221; set_as_h1=&#8221;true&#8221; link=&#8221;url:%23produkter|title:Se%20hela%20produktutbudet&#8221; background_image_media_library=&#8221;48883&#8243; background_image_media_library_mobile=&#8221;48884&#8243;][\/vc_column][\/vc_row][vc_row][vc_column][vc_empty_space][elx_heading text_color=&#8221;inherit&#8221;]Stork\u00f6ksutrustning i toppklass[\/elx_heading][vc_column_text]Electrolux Professional \u00e4r en v\u00e4rldsledande helhetspartner inom stork\u00f6ksutrustning och restaurangk\u00f6k. Med \u00f6ver 100 \u00e5rs erfarenhet och h\u00f6g expertis kan du k\u00e4nna dig trygg i v\u00e5ra h\u00e4nder. Hos oss hittar du marknadens bredaste utbud av h\u00f6gkvalitativa l\u00f6sningar inom beredning, varmk\u00f6k, disk, kyl &amp; frys samt dryck. Vi [&hellip;]<\/p>\n","protected":false},"author":4,"featured_media":43987,"parent":51186,"menu_order":0,"comment_status":"closed","ping_status":"closed","template":"","meta":{"footnotes":""},"class_list":["post-2363","page","type-page","status-publish","has-post-thumbnail","hentry"],"acf":[],"yoast_head":"<!-- This site is optimized with the Yoast SEO plugin v23.3 - https:\/\/yoast.com\/wordpress\/plugins\/seo\/ -->\n<title>Stork\u00f6ksutrustning &amp; restaurangutrustning - Electrolux Professional<\/title>\n<meta name=\"description\" content=\"Electrolux Professional \u00e4r en v\u00e4rldsledande helhetspartner inom stork\u00f6ksutrustning och restaurangutrustning med ett brett utbud av produkter.\" \/>\n<meta name=\"robots\" content=\"index, follow, max-snippet:-1, max-image-preview:large, max-video-preview:-1\" \/>\n<link rel=\"canonical\" href=\"https:\/\/www.electroluxprofessional.com\/se\/storkok\/storkoksutrustning\/\" \/>\n<meta property=\"og:locale\" content=\"sv_SE\" \/>\n<meta property=\"og:type\" content=\"article\" \/>\n<meta property=\"og:title\" content=\"Stork\u00f6ksutrustning &amp; restaurangutrustning - Electrolux Professional\" \/>\n<meta property=\"og:description\" content=\"Electrolux Professional \u00e4r en v\u00e4rldsledande helhetspartner inom stork\u00f6ksutrustning och restaurangutrustning med ett brett utbud av produkter.\" \/>\n<meta property=\"og:url\" content=\"https:\/\/www.electroluxprofessional.com\/se\/storkok\/storkoksutrustning\/\" \/>\n<meta property=\"og:site_name\" content=\"Electrolux Professional Sverige\" \/>\n<meta property=\"article:modified_time\" content=\"2024-09-10T07:30:54+00:00\" \/>\n<meta property=\"og:image\" content=\"https:\/\/www.electroluxprofessional.com\/se\/wp-content\/uploads\/2023\/06\/Miljosmarta-966x712-1.jpg\" \/>\n\t<meta property=\"og:image:width\" content=\"966\" \/>\n\t<meta property=\"og:image:height\" content=\"712\" \/>\n\t<meta property=\"og:image:type\" content=\"image\/jpeg\" \/>\n<meta name=\"twitter:card\" content=\"summary_large_image\" \/>\n<meta name=\"twitter:label1\" content=\"Ber\u00e4knad l\u00e4stid\" \/>\n\t<meta name=\"twitter:data1\" content=\"3 minuter\" \/>\n<script type=\"application\/ld+json\" class=\"yoast-schema-graph\">{\"@context\":\"https:\/\/schema.org\",\"@graph\":[{\"@type\":\"WebPage\",\"@id\":\"https:\/\/www.electroluxprofessional.com\/se\/storkok\/storkoksutrustning\/\",\"url\":\"https:\/\/www.electroluxprofessional.com\/se\/storkok\/storkoksutrustning\/\",\"name\":\"Stork\u00f6ksutrustning & restaurangutrustning - Electrolux Professional\",\"isPartOf\":{\"@id\":\"https:\/\/www.electroluxprofessional.com\/se\/#website\"},\"primaryImageOfPage\":{\"@id\":\"https:\/\/www.electroluxprofessional.com\/se\/storkok\/storkoksutrustning\/#primaryimage\"},\"image\":{\"@id\":\"https:\/\/www.electroluxprofessional.com\/se\/storkok\/storkoksutrustning\/#primaryimage\"},\"thumbnailUrl\":\"https:\/\/www.electroluxprofessional.com\/se\/wp-content\/uploads\/2023\/06\/Miljosmarta-966x712-1.jpg\",\"datePublished\":\"2017-03-20T08:00:20+00:00\",\"dateModified\":\"2024-09-10T07:30:54+00:00\",\"description\":\"Electrolux Professional \u00e4r en v\u00e4rldsledande helhetspartner inom stork\u00f6ksutrustning och restaurangutrustning med ett brett utbud av produkter.\",\"breadcrumb\":{\"@id\":\"https:\/\/www.electroluxprofessional.com\/se\/storkok\/storkoksutrustning\/#breadcrumb\"},\"inLanguage\":\"sv-SE\",\"potentialAction\":[{\"@type\":\"ReadAction\",\"target\":[\"https:\/\/www.electroluxprofessional.com\/se\/storkok\/storkoksutrustning\/\"]}]},{\"@type\":\"ImageObject\",\"inLanguage\":\"sv-SE\",\"@id\":\"https:\/\/www.electroluxprofessional.com\/se\/storkok\/storkoksutrustning\/#primaryimage\",\"url\":\"https:\/\/www.electroluxprofessional.com\/se\/wp-content\/uploads\/2023\/06\/Miljosmarta-966x712-1.jpg\",\"contentUrl\":\"https:\/\/www.electroluxprofessional.com\/se\/wp-content\/uploads\/2023\/06\/Miljosmarta-966x712-1.jpg\",\"width\":966,\"height\":712},{\"@type\":\"BreadcrumbList\",\"@id\":\"https:\/\/www.electroluxprofessional.com\/se\/storkok\/storkoksutrustning\/#breadcrumb\",\"itemListElement\":[{\"@type\":\"ListItem\",\"position\":1,\"name\":\"Home\",\"item\":\"https:\/\/www.electroluxprofessional.com\/se\/\"},{\"@type\":\"ListItem\",\"position\":2,\"name\":\"Stork\u00f6k\",\"item\":\"https:\/\/www.electroluxprofessional.com\/se\/storkok\/\"},{\"@type\":\"ListItem\",\"position\":3,\"name\":\"Stork\u00f6ksutrustning\"}]},{\"@type\":\"WebSite\",\"@id\":\"https:\/\/www.electroluxprofessional.com\/se\/#website\",\"url\":\"https:\/\/www.electroluxprofessional.com\/se\/\",\"name\":\"Electrolux Professional Sverige\",\"description\":\"\",\"potentialAction\":[{\"@type\":\"SearchAction\",\"target\":{\"@type\":\"EntryPoint\",\"urlTemplate\":\"https:\/\/www.electroluxprofessional.com\/se\/?src={search_term_string}\"},\"query-input\":\"required name=search_term_string\"}],\"inLanguage\":\"sv-SE\"}]}<\/script>\n<!-- \/ Yoast SEO plugin. -->","yoast_head_json":{"title":"Stork\u00f6ksutrustning & restaurangutrustning - Electrolux Professional","description":"Electrolux Professional \u00e4r en v\u00e4rldsledande helhetspartner inom stork\u00f6ksutrustning och restaurangutrustning med ett brett utbud av produkter.","robots":{"index":"index","follow":"follow","max-snippet":"max-snippet:-1","max-image-preview":"max-image-preview:large","max-video-preview":"max-video-preview:-1"},"canonical":"https:\/\/www.electroluxprofessional.com\/se\/storkok\/storkoksutrustning\/","og_locale":"sv_SE","og_type":"article","og_title":"Stork\u00f6ksutrustning & restaurangutrustning - Electrolux Professional","og_description":"Electrolux Professional \u00e4r en v\u00e4rldsledande helhetspartner inom stork\u00f6ksutrustning och restaurangutrustning med ett brett utbud av produkter.","og_url":"https:\/\/www.electroluxprofessional.com\/se\/storkok\/storkoksutrustning\/","og_site_name":"Electrolux Professional Sverige","article_modified_time":"2024-09-10T07:30:54+00:00","og_image":[{"width":966,"height":712,"url":"https:\/\/www.electroluxprofessional.com\/se\/wp-content\/uploads\/2023\/06\/Miljosmarta-966x712-1.jpg","type":"image\/jpeg"}],"twitter_card":"summary_large_image","twitter_misc":{"Ber\u00e4knad l\u00e4stid":"3 minuter"},"schema":{"@context":"https:\/\/schema.org","@graph":[{"@type":"WebPage","@id":"https:\/\/www.electroluxprofessional.com\/se\/storkok\/storkoksutrustning\/","url":"https:\/\/www.electroluxprofessional.com\/se\/storkok\/storkoksutrustning\/","name":"Stork\u00f6ksutrustning & restaurangutrustning - Electrolux Professional","isPartOf":{"@id":"https:\/\/www.electroluxprofessional.com\/se\/#website"},"primaryImageOfPage":{"@id":"https:\/\/www.electroluxprofessional.com\/se\/storkok\/storkoksutrustning\/#primaryimage"},"image":{"@id":"https:\/\/www.electroluxprofessional.com\/se\/storkok\/storkoksutrustning\/#primaryimage"},"thumbnailUrl":"https:\/\/www.electroluxprofessional.com\/se\/wp-content\/uploads\/2023\/06\/Miljosmarta-966x712-1.jpg","datePublished":"2017-03-20T08:00:20+00:00","dateModified":"2024-09-10T07:30:54+00:00","description":"Electrolux Professional \u00e4r en v\u00e4rldsledande helhetspartner inom stork\u00f6ksutrustning och restaurangutrustning med ett brett utbud av produkter.","breadcrumb":{"@id":"https:\/\/www.electroluxprofessional.com\/se\/storkok\/storkoksutrustning\/#breadcrumb"},"inLanguage":"sv-SE","potentialAction":[{"@type":"ReadAction","target":["https:\/\/www.electroluxprofessional.com\/se\/storkok\/storkoksutrustning\/"]}]},{"@type":"ImageObject","inLanguage":"sv-SE","@id":"https:\/\/www.electroluxprofessional.com\/se\/storkok\/storkoksutrustning\/#primaryimage","url":"https:\/\/www.electroluxprofessional.com\/se\/wp-content\/uploads\/2023\/06\/Miljosmarta-966x712-1.jpg","contentUrl":"https:\/\/www.electroluxprofessional.com\/se\/wp-content\/uploads\/2023\/06\/Miljosmarta-966x712-1.jpg","width":966,"height":712},{"@type":"BreadcrumbList","@id":"https:\/\/www.electroluxprofessional.com\/se\/storkok\/storkoksutrustning\/#breadcrumb","itemListElement":[{"@type":"ListItem","position":1,"name":"Home","item":"https:\/\/www.electroluxprofessional.com\/se\/"},{"@type":"ListItem","position":2,"name":"Stork\u00f6k","item":"https:\/\/www.electroluxprofessional.com\/se\/storkok\/"},{"@type":"ListItem","position":3,"name":"Stork\u00f6ksutrustning"}]},{"@type":"WebSite","@id":"https:\/\/www.electroluxprofessional.com\/se\/#website","url":"https:\/\/www.electroluxprofessional.com\/se\/","name":"Electrolux Professional Sverige","description":"","potentialAction":[{"@type":"SearchAction","target":{"@type":"EntryPoint","urlTemplate":"https:\/\/www.electroluxprofessional.com\/se\/?src={search_term_string}"},"query-input":"required name=search_term_string"}],"inLanguage":"sv-SE"}]}},"_links":{"self":[{"href":"https:\/\/www.electroluxprofessional.com\/se\/wp-json\/wp\/v2\/pages\/2363"}],"collection":[{"href":"https:\/\/www.electroluxprofessional.com\/se\/wp-json\/wp\/v2\/pages"}],"about":[{"href":"https:\/\/www.electroluxprofessional.com\/se\/wp-json\/wp\/v2\/types\/page"}],"author":[{"embeddable":true,"href":"https:\/\/www.electroluxprofessional.com\/se\/wp-json\/wp\/v2\/users\/4"}],"replies":[{"embeddable":true,"href":"https:\/\/www.electroluxprofessional.com\/se\/wp-json\/wp\/v2\/comments?post=2363"}],"version-history":[{"count":107,"href":"https:\/\/www.electroluxprofessional.com\/se\/wp-json\/wp\/v2\/pages\/2363\/revisions"}],"predecessor-version":[{"id":52099,"href":"https:\/\/www.electroluxprofessional.com\/se\/wp-json\/wp\/v2\/pages\/2363\/revisions\/52099"}],"up":[{"embeddable":true,"href":"https:\/\/www.electroluxprofessional.com\/se\/wp-json\/wp\/v2\/pages\/51186"}],"wp:featuredmedia":[{"embeddable":true,"href":"https:\/\/www.electroluxprofessional.com\/se\/wp-json\/wp\/v2\/media\/43987"}],"wp:attachment":[{"href":"https:\/\/www.electroluxprofessional.com\/se\/wp-json\/wp\/v2\/media?parent=2363"}],"curies":[{"name":"wp","href":"https:\/\/api.w.org\/{rel}","templated":true}]}}