{"id":2333,"date":"2017-03-02T14:18:38","date_gmt":"2017-03-02T14:18:38","guid":{"rendered":"https:\/\/www.electroluxprofessional.com\/se\/?page_id=2333"},"modified":"2025-11-26T10:10:34","modified_gmt":"2025-11-26T09:10:34","slug":"sales-service-locator","status":"publish","type":"page","link":"https:\/\/www.electroluxprofessional.com\/se\/sales-service-locator\/","title":{"rendered":"\u00c5terf\u00f6rs\u00e4ljare och servicepartners"},"content":{"rendered":"<p>[vc_row full_width=&#8221;electroluxpro-full-width-no-padding&#8221;][vc_column][elx_full_banner title=&#8221;Hitta din lokala \u00c5terf\u00f6rs\u00e4ljare eller Servicegivare&#8221; set_as_h1=&#8221;true&#8221; link=&#8221;url:%23hitta-row|title:S%C3%B6k%20h%C3%A4r&#8221; background_image_media_library=&#8221;52010&#8243; background_image_media_library_mobile=&#8221;52011&#8243;][\/vc_column][\/vc_row][vc_row css=&#8221;.vc_custom_1762851268365{padding-top: 32px !important;padding-bottom: 32px !important;}&#8221;][vc_column width=&#8221;2\/3&#8243;][elx_heading text_color=&#8221;inherit&#8221;]Kontakta oss[\/elx_heading][vc_column_text css=&#8221;.vc_custom_1763131190330{padding-bottom: 32px !important;}&#8221;]<strong>P\u00e5 Electrolux Professional str\u00e4var vi efter att g\u00f6ra v\u00e5ra kunders vardag b\u00e5de enklare och mer l\u00f6nsam. Som branschledande akt\u00f6r hj\u00e4lper vi dig med allt som ber\u00f6r din aff\u00e4r.<\/strong><\/p>\n<p>Electrolux Professional Group \u00e4r en global ledare inom h\u00e5llbarhet och en av v\u00e4rldens fr\u00e4msta leverant\u00f6rer av l\u00f6sningar f\u00f6r professionella anv\u00e4ndare inom livsmedel, dryck och tv\u00e4tt.<\/p>\n<p>Vi erbjuder ett komplett sortiment \u2013 fr\u00e5n maskiner och automatisk dosering till tillbeh\u00f6r, disk- och tv\u00e4ttmedel, serviceavtal och flexibla finansieringsl\u00f6sningar.<br \/>\nHos oss ska det vara enkelt att vara kund. Vi finns h\u00e4r f\u00f6r att g\u00f6ra din vardag smidigare, effektivare och mer h\u00e5llbar. V\u00e4lkommen att kontakta oss.<\/p>\n<p>Vi hj\u00e4lper dig att hitta b\u00e4sta l\u00f6sningarna f\u00f6r <strong>Professionell Tv\u00e4tt<\/strong> och <strong>Professionella K\u00f6k<\/strong>.\u00a0Beh\u00f6ver du hj\u00e4lp med dina vitvaror avsedda f\u00f6r konsument? V\u00e4nligen kontakta <a href=\"https:\/\/www.electrolux.se\/support\/repairs\/?gclid=c14a1484c70c1b154c7472667afd61f4&amp;gclsrc=3p.ds&amp;msclkid=c14a1484c70c1b154c7472667afd61f4\">Reparation av dina vitvaror | Electrolux<\/a>[\/vc_column_text][\/vc_column][vc_column width=&#8221;1\/3&#8243; el_class=&#8221;service-col&#8221;][elx_simple_link_block link=&#8221;url:%23formular&#8221; text_align=&#8221;text-left&#8221; text_color=&#8221;white&#8221; background_color=&#8221;electrolux-blue&#8221; background_hover_color=&#8221;darker-hover&#8221; extra_class=&#8221;kontakt-box&#8221; reveal_effect=&#8221;&#8221; reveal_duration=&#8221;&#8221; reveal_delay=&#8221;&#8221;][vc_column_text css_animation=&#8221;fadeIn&#8221; el_class=&#8221;contact-link-block&#8221;]<\/p>\n<h4 style=\"text-align: center;\">Kontaktformul\u00e4r<\/h4>\n<p><span style=\"color: #ffffff;\">V\u00e4lkommen att kontakta oss p\u00e5 Electrolux Professional!<strong><br \/>\n<span style=\"color: #cea941;\">Anv\u00e4nd v\u00e5rt kontaktformul\u00e4r f\u00f6r snabb hj\u00e4lp.<\/span><\/strong><\/span>[\/vc_column_text][\/elx_simple_link_block][elx_simple_block background_color=&#8221;inherit&#8221; extra_class=&#8221;service-box&#8221;][vc_column_text css_animation=&#8221;fadeIn&#8221;]<\/p>\n<h4 style=\"text-align: center;\"><span style=\"color: #ffffff;\">Service av din maskin<\/span><\/h4>\n<p><span style=\"color: #ffffff;\">Beh\u00f6ver du komma i kontakt med<strong> Service<\/strong> <strong>av Professionell Tv\u00e4ttutrustning eller Stork\u00f6ks\u00adutrustning<\/strong>?<br \/>\n<\/span><br \/>\n<span style=\"color: #ffffff;\">V\u00e4nligen kontakta oss p\u00e5<\/span><br \/>\n<span style=\"color: #ffffff;\"><strong style=\"font-size: 22px;\">010-18 26 000<\/strong><\/span>[\/vc_column_text][\/elx_simple_block][\/vc_column][\/vc_row][vc_row css=&#8221;.vc_custom_1762781387395{padding-top: 32px !important;padding-bottom: 32px !important;}&#8221; el_class=&#8221;triple-col&#8221;][vc_column width=&#8221;1\/3&#8243;][elx_icons alignment=&#8221;left&#8221; icon_electroluxpro=&#8221;elx-icon icon-circle-laundry-clean-generic&#8221;][vc_column_text]<\/p>\n<h4>V\u00e5ra Distriktschefer<\/h4>\n<p>Kom i kontakt med en distriktschef i din region:<br \/>\n<a href=\"\/se\/saljare-tvatt-i-egen-regi\/\">Distrikschefer &#8211; tv\u00e4tt i egen regi<\/a><br \/>\n<a href=\"\/se\/saljare-flerbostadshus\" target=\"_blank\" rel=\"noopener noreferrer\">Distrikschefer &#8211; flerbostadshus<\/a>[\/vc_column_text][\/vc_column][vc_column width=&#8221;1\/3&#8243;][elx_icons alignment=&#8221;left&#8221; icon_electroluxpro=&#8221;elx-icon icon-exclusive&#8221;][vc_column_text]<\/p>\n<h4>Showroom<\/h4>\n<p>Bes\u00f6ksadress i Ljungby:<br \/>\nRingv\u00e4gen 14, 341 32 Ljungby<br \/>\n<a href=\"https:\/\/www.electroluxprofessional.com\/se\/showroomljungby\/\">L\u00e4s mer om v\u00e5rt showroom<\/a>[\/vc_column_text][\/vc_column][vc_column width=&#8221;1\/3&#8243;][elx_icons alignment=&#8221;left&#8221; icon_electroluxpro=&#8221;elx-icon icon-circle-map-marker-blue&#8221;][vc_column_text]<\/p>\n<h4>Kontaktuppgifter<\/h4>\n<p>Franz\u00e9ngatan 6, 112 51 Stockholm<br \/>\nTelefon huvudv\u00e4xel: 0372\u201366 500<br \/>\nOrg.nr. 556003\u20130354[\/vc_column_text][\/vc_column][\/vc_row][vc_row css=&#8221;.vc_custom_1763130494465{padding-top: 32px !important;padding-bottom: 32px !important;background-color: #b9c4cf !important;}&#8221; el_id=&#8221;hitta-row&#8221;][vc_column][vc_row_inner][vc_column_inner][elx_heading text_color=&#8221;inherit&#8221; css=&#8221;.vc_custom_1763129857576{margin-bottom: 8px !important;}&#8221;]Hitta \u00e5terf\u00f6rs\u00e4ljare \/ servicegivare[\/elx_heading][vc_column_text]H\u00e4r hittar du Electrolux Professionals rikst\u00e4ckande n\u00e4tverk av \u00e5terf\u00f6rs\u00e4ljare och servicepartners.[\/vc_column_text][\/vc_column_inner][\/vc_row_inner][vc_row_inner css=&#8221;.vc_custom_1763131527232{margin-top: 32px !important;margin-bottom: 32px !important;}&#8221; el_class=&#8221;hitta-instructions&#8221;][vc_column_inner width=&#8221;1\/3&#8243;][vc_column_text]<strong>1. B\u00f6rja med att v\u00e4lja land och l\u00e4n samt aff\u00e4rsomr\u00e5de<br \/>\n<\/strong>(<em>Stork\u00f6k eller Professionell Tv\u00e4tt.<\/em>)[\/vc_column_text][\/vc_column_inner][vc_column_inner width=&#8221;1\/3&#8243;][vc_column_text]<strong>2. V\u00e4lj d\u00e4refter typ av produkt och typ av tj\u00e4nst<br \/>\n<\/strong>(<em>F\u00f6rs\u00e4ljning, Service eller Tillbeh\u00f6r\/f\u00f6rbrukningsvaror.<\/em>)[\/vc_column_text][\/vc_column_inner][vc_column_inner width=&#8221;1\/3&#8243;][vc_column_text]<strong>3. Nu visas resultatet med de \u00e5terf\u00f6rs\u00e4ljare och servicepartners som finns inom vald region.\u00a0<\/strong>[\/vc_column_text][\/vc_column_inner][\/vc_row_inner][elx_o2000_locator cf=&#8221;Sweden&#8221; l=&#8221;se&#8221; container=&#8221;elxlocator1494576595&#8243; request=&#8221;Jag skulle vilja veta mer om \u00c5terf\u00f6rs\u00e4ljare och servicepartners{{acs}}. Kontakta mig g\u00e4rna!&#8221;][\/vc_column][\/vc_row][vc_row custom_color_row=&#8221;bg-row-light-blue&#8221; disable_element=&#8221;yes&#8221; css=&#8221;.vc_custom_1762851168204{background-color: #e9eff5 !important;}&#8221;][vc_column][vc_empty_space][elx_heading font_size=&#8221;h4&#8243; text_color=&#8221;electrolux-blue&#8221; text_align=&#8221;text-left&#8221;]Bli en certifierad servicepartner![\/elx_heading][vc_empty_space height=&#8221;10px&#8221;][vc_column_text]<span class=\"TextRun SCXW106000156 BCX0\" data-contrast=\"none\"><span class=\"NormalTextRun SCXW106000156 BCX0\">G\u00e5 med i v\u00e5rt certifierade servicen\u00e4tverk! Ut\u00f6ka ditt f\u00f6retag genom att bli en auktoriserad servicepartner. F\u00e5 tillg\u00e5ng till exklusiv utbildning, support och tillv\u00e4xtm\u00f6jligheter.\u00a0<\/span><\/span><span class=\"EOP SCXW106000156 BCX0\" data-ccp-props=\"{&quot;134233117&quot;:true,&quot;201341983&quot;:0,&quot;335557856&quot;:16777215,&quot;335559739&quot;:0,&quot;335559740&quot;:240}\">\u00a0<\/span>[\/vc_column_text][vc_empty_space height=&#8221;25px&#8221;][elx_o2000_contact_us request_type=&#8221;Customer support&#8221; button_mode=&#8221;true&#8221; button_style=&#8221;secondary&#8221; postion_button=&#8221;text-left&#8221; postion_button_mobile=&#8221;text-left-mobile&#8221; text_btn_contact=&#8221;Ans\u00f6k idag!&#8221; r=&#8221;Jag skulle vilja bli kontaktad f\u00f6r att bli er servicepartner. Tack.&#8221;][vc_empty_space height=&#8221;40px&#8221;][\/vc_column][\/vc_row][vc_row disable_element=&#8221;yes&#8221;][vc_column width=&#8221;1\/2&#8243;][vc_column_text]<\/p>\n<h6>F\u00f6rs\u00e4ljning<\/h6>\n<p>Vid k\u00f6p av k\u00f6ksutrustning h\u00e4nvisar vi dig till v\u00e5rt nationella n\u00e4tverk av Excellent partners:<\/p>\n<p><a href=\"http:\/\/www.kikok.se\/\" target=\"_blank\" rel=\"noopener noreferrer\">KI-k\u00f6k AB<\/a> (Norrland)<br \/>\n<a href=\"http:\/\/www.koksmiljo.se\/\" target=\"_blank\" rel=\"noopener noreferrer\">K\u00f6ksmilj\u00f6 i Uppsala AB<\/a>\u00a0(M\u00e4lardalen)<br \/>\n<a href=\"http:\/\/www.dalux.se\/\" target=\"_blank\" rel=\"noopener noreferrer\">Dalux AB<\/a> (Stockholm)<br \/>\n<a href=\"http:\/\/www.storkoksinnovationer.se\/\" target=\"_blank\" rel=\"noopener noreferrer\">Stork\u00f6ksinnovationer i Alings\u00e5s AB<\/a> (V\u00e4stra G\u00f6taland)<br \/>\n<a href=\"http:\/\/loprofessional.se\/\" target=\"_blank\" rel=\"noopener noreferrer\">LO Professional<\/a> (Gotland)[\/vc_column_text][\/vc_column][vc_column width=&#8221;1\/2&#8243;][vc_column_text]<\/p>\n<h2>Professionella tv\u00e4ttl\u00f6sningar<\/h2>\n<p>[\/vc_column_text][vc_column_text]<\/p>\n<h6>F\u00f6rs\u00e4ljning<\/h6>\n<p>Vid k\u00f6p av tv\u00e4ttutrustning, kontakta v\u00e5r innes\u00e4lj, din lokala s\u00e4ljare eller v\u00e5ra Excellent partners.<\/p>\n<p>Kontakta v\u00e5r innes\u00e4lj:<br \/>\nTel: 0372\u201366 501<br \/>\nE-post: <a href=\"mailto:els.sales@electroluxprofessional.com\">order.se@electroluxprofessional.com<\/a><\/p>\n<p><a href=\"mailto:els.sales@electrolux.se\"><br \/>\n<\/a>eller kontakta en distriktschef i din region:<br \/>\n<a href=\"\/se\/saljare-tvatt-i-egen-regi\/\">Distrikschefer &#8211; tv\u00e4tt i egen regi<\/a><br \/>\n<a href=\"\/se\/saljare-flerbostadshus\" target=\"_blank\" rel=\"noopener noreferrer\">Distrikschefer &#8211; flerbostadshus<\/a>[\/vc_column_text][\/vc_column][\/vc_row][vc_row disable_element=&#8221;yes&#8221;][vc_column width=&#8221;1\/2&#8243;][vc_column_text]Kontakta din lokala \u00e5terf\u00f6rs\u00e4ljare:<br \/>\n<a href=\"\/se\/sales-service-locator\/\">Hitta din n\u00e4rmaste \u00e5terf\u00f6rs\u00e4ljare h\u00e4r <\/a><\/p>\n<p>Marin \u00e5terf\u00f6rs\u00e4ljare:<br \/>\n<a href=\"https:\/\/www.loipart.com\/en\/\" target=\"_blank\" rel=\"noopener noreferrer\">Loipart<\/a><\/p>\n<h6 style=\"margin-top: 50px !important;\">Best\u00e4ll Service Stork\u00f6k<\/h6>\n<p>Felanm\u00e4lan, garantiservice, service &amp; reparationer<br \/>\nF\u00f6r r\u00e4tt servicekontakt &#8211;\u00a0<a href=\"\/se\/sales-service-locator\/\">v\u00e4lj l\u00e4n och klicka p\u00e5 kartan<\/a><\/p>\n<h6 style=\"margin-top: 50px !important;\">Teknisk support Stork\u00f6k<\/h6>\n<p>Tel: 0372-66 510<br \/>\nE-post:\u00a0<a href=\"mailto:efs.teknisksupport@electroluxprofessional.com\">efs.teknisksupport@electroluxprofessional.com<\/a>[\/vc_column_text][vc_column_text]<\/p>\n<h6 style=\"margin-top: 50px !important;\">Reservdelar, f\u00f6rbrukningsartiklar och tillbeh\u00f6r Stork\u00f6k<\/h6>\n<p>Tel: 0372-66 545<br \/>\nE-post: <a href=\"mailto:els.spareparts.se@electroluxprofessional.com\">els.spareparts@electroluxprofessional.com<\/a><\/p>\n<h6 style=\"margin-top: 50px !important;\">Transportskador<\/h6>\n<p>E-post: <a href=\"mailto:order.se@electroluxprofessional.com\">order.se@electroluxprofessional.com<\/a>[\/vc_column_text][vc_empty_space][elx_heading font_container=&#8221;h5&#8243; text_color=&#8221;inherit&#8221;]Boka en utbildning i Framtidens K\u00f6k![\/elx_heading][\/vc_column][vc_column width=&#8221;1\/2&#8243;][vc_column_text]Kontakta din lokala \u00e5terf\u00f6rs\u00e4ljare:<br \/>\n<a href=\"\/se\/sales-service-locator\/\">Hitta din n\u00e4rmaste \u00e5terf\u00f6rs\u00e4ljare h\u00e4r<\/a><\/p>\n<p>Marin \u00e5terf\u00f6rs\u00e4ljare:<br \/>\n<a href=\"https:\/\/www.loipart.com\/en\/\" target=\"_blank\" rel=\"noopener noreferrer\">Loipart<\/a><\/p>\n<h6 style=\"margin-top: 50px !important;\">Best\u00e4ll Service Tv\u00e4tt<\/h6>\n<p>Service: 0771- 615200<br \/>\nEmail: <a href=\"mailto:els.service.se@electroluxprofessional.com\">els.service.se@electroluxprofessional.com<\/a><\/p>\n<p>Felanm\u00e4lan, service &amp; reparationer<br \/>\nF\u00f6r r\u00e4tt servicekontakt &#8211;\u00a0<a href=\"\/se\/sales-service-locator\/\">v\u00e4lj l\u00e4n och klicka p\u00e5 kartan<\/a><\/p>\n<h6 style=\"margin-top: 50px !important;\">Teknisk Support Tv\u00e4tt<\/h6>\n<p>Tel: 0372\u201366 560<br \/>\nE-post: <a href=\"mailto:els.teknisksupport@electroluxprofessional.com\">els.teknisksupport@electroluxprofessional.com<\/a>[\/vc_column_text][vc_column_text]<\/p>\n<h6 style=\"margin-top: 50px !important;\">Reservdelar, f\u00f6rbrukningsartiklar och tillbeh\u00f6r Tv\u00e4tt<\/h6>\n<p>Tel: 0372\u201366 540<br \/>\nE-post: <a href=\"mailto:els.spareparts.se@electroluxprofessional.com\">els.spareparts.se@electroluxprofessional.com<\/a><\/p>\n<h6 style=\"margin-top: 50px !important;\">Transportskador<\/h6>\n<p>Tel: 0372\u201366 500<br \/>\nE-post: <a href=\"mailto:order.se@electroluxprofessional.com\">order.se@electroluxprofessional.com<\/a>[\/vc_column_text][\/vc_column][\/vc_row][vc_row css=&#8221;.vc_custom_1647444455197{padding-top: 30px !important;padding-bottom: 30px !important;background-color: #f5f5f5 !important;}&#8221; el_id=&#8221;formular&#8221;][vc_column][vc_empty_space][vc_column_text]<\/p>\n<h2 style=\"text-align: center;\">Fyll i formul\u00e4ret f\u00f6r snabb hj\u00e4lp och b\u00e4sta service<\/h2>\n<p style=\"text-align: center;\">V\u00e4lj mellan offertf\u00f6rfr\u00e5gan, produktinformation, servicef\u00f6rfr\u00e5gan samt reservdelar &amp; tillbeh\u00f6r<\/p>\n<p>[\/vc_column_text][vc_empty_space][elx_o2000_contact_us s=&#8221;F\u00f6rfr\u00e5gan fr\u00e5n hemsidan &#8220;Kontakt&#8220;&#8221; country=&#8221;Sweden&#8221; b=&#8221;laundry&#8221; r=&#8221;Meddelande&#8221; l=&#8221;se&#8221; e=&#8221;jennie.walther@electroluxprofessional.com&#8221;][\/vc_column][\/vc_row][vc_row css=&#8221;.vc_custom_1762781921222{padding-top: 32px !important;padding-bottom: 32px !important;background-color: #041e41 !important;}&#8221;][vc_column width=&#8221;1\/2&#8243;][vc_empty_space][vc_column_text]<\/p>\n<h2><span style=\"color: #ffffff;\">Fr\u00e5gor till v\u00e5rt huvudkontor<\/span><\/h2>\n<p><span style=\"color: #ffffff;\">Information om Electrolux Professional som bolag<\/span>[\/vc_column_text][vc_empty_space][elx_button button_text=&#8221;Kontakta Electrolux Professional Corporate&#8221; button_link=&#8221;url:https%3A%2F%2Fwww.electroluxprofessional.com%2Fcorporate%2Fcontact%2F|||&#8221;][vc_empty_space][\/vc_column][vc_column width=&#8221;1\/2&#8243;][vc_empty_space][vc_column_text]<\/p>\n<h2><span style=\"color: #ffffff;\">Fr\u00e5gor om konsumentprodukter<\/span><\/h2>\n<p><span style=\"color: #ffffff;\">Support g\u00e4llande Electrolux produkter f\u00f6r hemmabruk<\/span>[\/vc_column_text][vc_empty_space][elx_button button_text=&#8221;Kontakta Electrolux AB&#8221; button_link=&#8221;url:https%3A%2F%2Fwww.electrolux.se%2Fsupport%2F||target:%20_blank|&#8221;][vc_empty_space][vc_empty_space][\/vc_column][\/vc_row][vc_row][vc_column][vc_empty_space][\/vc_column][\/vc_row][vc_row][vc_column][vc_empty_space][\/vc_column][\/vc_row][vc_row][vc_column width=&#8221;1\/3&#8243;][elx_maylike_box id_box=&#8221;13449&#8243;][\/vc_column][vc_column width=&#8221;1\/3&#8243;][elx_maylike_box id_box=&#8221;3693&#8243;][\/vc_column][vc_column width=&#8221;1\/3&#8243;][elx_maylike_box id_box=&#8221;2834&#8243;][\/vc_column][\/vc_row]<\/p>\n","protected":false},"excerpt":{"rendered":"<p>[vc_row full_width=&#8221;electroluxpro-full-width-no-padding&#8221;][vc_column][elx_full_banner title=&#8221;Hitta din lokala \u00c5terf\u00f6rs\u00e4ljare eller Servicegivare&#8221; set_as_h1=&#8221;true&#8221; link=&#8221;url:%23hitta-row|title:S%C3%B6k%20h%C3%A4r&#8221; background_image_media_library=&#8221;52010&#8243; background_image_media_library_mobile=&#8221;52011&#8243;][\/vc_column][\/vc_row][vc_row css=&#8221;.vc_custom_1762851268365{padding-top: 32px !important;padding-bottom: 32px !important;}&#8221;][vc_column width=&#8221;2\/3&#8243;][elx_heading text_color=&#8221;inherit&#8221;]Kontakta oss[\/elx_heading][vc_column_text css=&#8221;.vc_custom_1763131190330{padding-bottom: 32px !important;}&#8221;]P\u00e5 Electrolux Professional str\u00e4var vi efter att g\u00f6ra v\u00e5ra kunders vardag b\u00e5de enklare och mer l\u00f6nsam. Som branschledande akt\u00f6r hj\u00e4lper vi dig med allt som ber\u00f6r din aff\u00e4r. Electrolux Professional Group \u00e4r en [&hellip;]<\/p>\n","protected":false},"author":3,"featured_media":0,"parent":0,"menu_order":0,"comment_status":"closed","ping_status":"closed","template":"","meta":{"footnotes":""},"class_list":["post-2333","page","type-page","status-publish","hentry"],"acf":[],"yoast_head":"<!-- This site is optimized with the Yoast SEO plugin v23.3 - https:\/\/yoast.com\/wordpress\/plugins\/seo\/ -->\n<title>\u00c5terf\u00f6rs\u00e4ljare och servicepartners - Electrolux Professional Sverige<\/title>\n<meta name=\"description\" content=\"H\u00e4r hittar du Electrolux Professionals n\u00e4rmaste \u00e5terf\u00f6rs\u00e4ljare eller servicepartner. V\u00e4lj l\u00e4n och d\u00e4refter Stork\u00f6k eller Professionell tv\u00e4tt, F\u00f6rs\u00e4ljning eller Service.\" \/>\n<meta name=\"robots\" content=\"index, follow, max-snippet:-1, max-image-preview:large, max-video-preview:-1\" \/>\n<link rel=\"canonical\" href=\"https:\/\/www.electroluxprofessional.com\/se\/sales-service-locator\/\" \/>\n<meta property=\"og:locale\" content=\"sv_SE\" \/>\n<meta property=\"og:type\" content=\"article\" \/>\n<meta property=\"og:title\" content=\"\u00c5terf\u00f6rs\u00e4ljare och servicepartners - Electrolux Professional Sverige\" \/>\n<meta property=\"og:description\" content=\"H\u00e4r hittar du Electrolux Professionals n\u00e4rmaste \u00e5terf\u00f6rs\u00e4ljare eller servicepartner. V\u00e4lj l\u00e4n och d\u00e4refter Stork\u00f6k eller Professionell tv\u00e4tt, F\u00f6rs\u00e4ljning eller Service.\" \/>\n<meta property=\"og:url\" content=\"https:\/\/www.electroluxprofessional.com\/se\/sales-service-locator\/\" \/>\n<meta property=\"og:site_name\" content=\"Electrolux Professional Sverige\" \/>\n<meta property=\"article:modified_time\" content=\"2025-11-26T09:10:34+00:00\" \/>\n<meta name=\"twitter:card\" content=\"summary_large_image\" \/>\n<meta name=\"twitter:label1\" content=\"Ber\u00e4knad l\u00e4stid\" \/>\n\t<meta name=\"twitter:data1\" content=\"4 minuter\" \/>\n<script type=\"application\/ld+json\" class=\"yoast-schema-graph\">{\"@context\":\"https:\/\/schema.org\",\"@graph\":[{\"@type\":\"WebPage\",\"@id\":\"https:\/\/www.electroluxprofessional.com\/se\/sales-service-locator\/\",\"url\":\"https:\/\/www.electroluxprofessional.com\/se\/sales-service-locator\/\",\"name\":\"\u00c5terf\u00f6rs\u00e4ljare och servicepartners - Electrolux Professional Sverige\",\"isPartOf\":{\"@id\":\"https:\/\/www.electroluxprofessional.com\/se\/#website\"},\"datePublished\":\"2017-03-02T14:18:38+00:00\",\"dateModified\":\"2025-11-26T09:10:34+00:00\",\"description\":\"H\u00e4r hittar du Electrolux Professionals n\u00e4rmaste \u00e5terf\u00f6rs\u00e4ljare eller servicepartner. V\u00e4lj l\u00e4n och d\u00e4refter Stork\u00f6k eller Professionell tv\u00e4tt, F\u00f6rs\u00e4ljning eller Service.\",\"breadcrumb\":{\"@id\":\"https:\/\/www.electroluxprofessional.com\/se\/sales-service-locator\/#breadcrumb\"},\"inLanguage\":\"sv-SE\",\"potentialAction\":[{\"@type\":\"ReadAction\",\"target\":[\"https:\/\/www.electroluxprofessional.com\/se\/sales-service-locator\/\"]}]},{\"@type\":\"BreadcrumbList\",\"@id\":\"https:\/\/www.electroluxprofessional.com\/se\/sales-service-locator\/#breadcrumb\",\"itemListElement\":[{\"@type\":\"ListItem\",\"position\":1,\"name\":\"Home\",\"item\":\"https:\/\/www.electroluxprofessional.com\/se\/\"},{\"@type\":\"ListItem\",\"position\":2,\"name\":\"\u00c5terf\u00f6rs\u00e4ljare och servicepartners\"}]},{\"@type\":\"WebSite\",\"@id\":\"https:\/\/www.electroluxprofessional.com\/se\/#website\",\"url\":\"https:\/\/www.electroluxprofessional.com\/se\/\",\"name\":\"Electrolux Professional Sverige\",\"description\":\"\",\"potentialAction\":[{\"@type\":\"SearchAction\",\"target\":{\"@type\":\"EntryPoint\",\"urlTemplate\":\"https:\/\/www.electroluxprofessional.com\/se\/?src={search_term_string}\"},\"query-input\":\"required name=search_term_string\"}],\"inLanguage\":\"sv-SE\"}]}<\/script>\n<!-- \/ Yoast SEO plugin. -->","yoast_head_json":{"title":"\u00c5terf\u00f6rs\u00e4ljare och servicepartners - Electrolux Professional Sverige","description":"H\u00e4r hittar du Electrolux Professionals n\u00e4rmaste \u00e5terf\u00f6rs\u00e4ljare eller servicepartner. V\u00e4lj l\u00e4n och d\u00e4refter Stork\u00f6k eller Professionell tv\u00e4tt, F\u00f6rs\u00e4ljning eller Service.","robots":{"index":"index","follow":"follow","max-snippet":"max-snippet:-1","max-image-preview":"max-image-preview:large","max-video-preview":"max-video-preview:-1"},"canonical":"https:\/\/www.electroluxprofessional.com\/se\/sales-service-locator\/","og_locale":"sv_SE","og_type":"article","og_title":"\u00c5terf\u00f6rs\u00e4ljare och servicepartners - Electrolux Professional Sverige","og_description":"H\u00e4r hittar du Electrolux Professionals n\u00e4rmaste \u00e5terf\u00f6rs\u00e4ljare eller servicepartner. V\u00e4lj l\u00e4n och d\u00e4refter Stork\u00f6k eller Professionell tv\u00e4tt, F\u00f6rs\u00e4ljning eller Service.","og_url":"https:\/\/www.electroluxprofessional.com\/se\/sales-service-locator\/","og_site_name":"Electrolux Professional Sverige","article_modified_time":"2025-11-26T09:10:34+00:00","twitter_card":"summary_large_image","twitter_misc":{"Ber\u00e4knad l\u00e4stid":"4 minuter"},"schema":{"@context":"https:\/\/schema.org","@graph":[{"@type":"WebPage","@id":"https:\/\/www.electroluxprofessional.com\/se\/sales-service-locator\/","url":"https:\/\/www.electroluxprofessional.com\/se\/sales-service-locator\/","name":"\u00c5terf\u00f6rs\u00e4ljare och servicepartners - Electrolux Professional Sverige","isPartOf":{"@id":"https:\/\/www.electroluxprofessional.com\/se\/#website"},"datePublished":"2017-03-02T14:18:38+00:00","dateModified":"2025-11-26T09:10:34+00:00","description":"H\u00e4r hittar du Electrolux Professionals n\u00e4rmaste \u00e5terf\u00f6rs\u00e4ljare eller servicepartner. V\u00e4lj l\u00e4n och d\u00e4refter Stork\u00f6k eller Professionell tv\u00e4tt, F\u00f6rs\u00e4ljning eller Service.","breadcrumb":{"@id":"https:\/\/www.electroluxprofessional.com\/se\/sales-service-locator\/#breadcrumb"},"inLanguage":"sv-SE","potentialAction":[{"@type":"ReadAction","target":["https:\/\/www.electroluxprofessional.com\/se\/sales-service-locator\/"]}]},{"@type":"BreadcrumbList","@id":"https:\/\/www.electroluxprofessional.com\/se\/sales-service-locator\/#breadcrumb","itemListElement":[{"@type":"ListItem","position":1,"name":"Home","item":"https:\/\/www.electroluxprofessional.com\/se\/"},{"@type":"ListItem","position":2,"name":"\u00c5terf\u00f6rs\u00e4ljare och servicepartners"}]},{"@type":"WebSite","@id":"https:\/\/www.electroluxprofessional.com\/se\/#website","url":"https:\/\/www.electroluxprofessional.com\/se\/","name":"Electrolux Professional Sverige","description":"","potentialAction":[{"@type":"SearchAction","target":{"@type":"EntryPoint","urlTemplate":"https:\/\/www.electroluxprofessional.com\/se\/?src={search_term_string}"},"query-input":"required name=search_term_string"}],"inLanguage":"sv-SE"}]}},"_links":{"self":[{"href":"https:\/\/www.electroluxprofessional.com\/se\/wp-json\/wp\/v2\/pages\/2333"}],"collection":[{"href":"https:\/\/www.electroluxprofessional.com\/se\/wp-json\/wp\/v2\/pages"}],"about":[{"href":"https:\/\/www.electroluxprofessional.com\/se\/wp-json\/wp\/v2\/types\/page"}],"author":[{"embeddable":true,"href":"https:\/\/www.electroluxprofessional.com\/se\/wp-json\/wp\/v2\/users\/3"}],"replies":[{"embeddable":true,"href":"https:\/\/www.electroluxprofessional.com\/se\/wp-json\/wp\/v2\/comments?post=2333"}],"version-history":[{"count":85,"href":"https:\/\/www.electroluxprofessional.com\/se\/wp-json\/wp\/v2\/pages\/2333\/revisions"}],"predecessor-version":[{"id":51830,"href":"https:\/\/www.electroluxprofessional.com\/se\/wp-json\/wp\/v2\/pages\/2333\/revisions\/51830"}],"wp:attachment":[{"href":"https:\/\/www.electroluxprofessional.com\/se\/wp-json\/wp\/v2\/media?parent=2333"}],"curies":[{"name":"wp","href":"https:\/\/api.w.org\/{rel}","templated":true}]}}