{"id":2306,"date":"2017-02-24T18:07:58","date_gmt":"2017-02-24T18:07:58","guid":{"rendered":"https:\/\/www.electroluxprofessional.com\/se\/?page_id=2306"},"modified":"2025-05-26T15:22:21","modified_gmt":"2025-05-26T14:22:21","slug":"recover-password","status":"publish","type":"page","link":"https:\/\/www.electroluxprofessional.com\/se\/recover-password\/","title":{"rendered":"\u00c5terst\u00e4ll l\u00f6senord"},"content":{"rendered":"<p>[vc_row][vc_column][vc_empty_space height=&#8221;50px&#8221;][vc_column_text]        <div class=\"form-container\">\n\t\t\t\n            <div id=\"messages_recover\">\n                            <\/div>\n            \n                            <form method=\"post\" id=\"recover-form\">\n                    <p>\n\t\t                V\u00e4nligen ange din epostadress,\t\t                du kommer att f\u00e5 en l\u00e4nk f\u00f6r att skapa ett nytt l\u00f6senord                    <\/p>\n                    \n                    <input type=\"hidden\" name=\"nonce-recover\" id=\"nonce-recover\" value=\"3b0fb4c790\"\/>\n                    <input type=\"hidden\" name=\"redirect_url\" value=\"\"\/>\n\n                                        \n                    <div class=\"form-group\">\n                        <label for=\"com21_recover_email\">E-post<\/label>\n                        <input type=\"text\" id=\"com21_recover_email\" name=\"email\" class=\"form-control\" required=\"required\"\/>\n                    <\/div>\n\t\t\t\t\t\n                    <div class=\"g-recaptcha\" data-sitekey=\"6Ld_DxUUAAAAABBfcwOIlpvK_ddtGNYE-k7BlUq3\"><\/div>\n                    <button type=\"submit\" class=\"btn btn-default\" name=\"submit-recover\">\n\t\t\t\t\t\tF\u00e5 ett nytt l\u00f6senord                    <\/button>\n\n                <\/form>\n\t\t\t\n        <\/div>\n\t\t[\/vc_column_text][vc_empty_space height=&#8221;50px&#8221;][\/vc_column][\/vc_row]<\/p>\n","protected":false},"excerpt":{"rendered":"<p>[vc_row][vc_column][vc_empty_space height=&#8221;50px&#8221;][vc_column_text][\/vc_column_text][vc_empty_space height=&#8221;50px&#8221;][\/vc_column][\/vc_row]<\/p>\n","protected":false},"author":1,"featured_media":0,"parent":0,"menu_order":0,"comment_status":"closed","ping_status":"closed","template":"","meta":{"footnotes":""},"class_list":["post-2306","page","type-page","status-publish","hentry"],"acf":[],"yoast_head":"<!-- This site is optimized with the Yoast SEO plugin v23.3 - https:\/\/yoast.com\/wordpress\/plugins\/seo\/ -->\n<title>\u00c5terst\u00e4ll l\u00f6senord - Electrolux Professional Sverige<\/title>\n<meta name=\"description\" content=\"Gl\u00f6mt l\u00f6senordet? F\u00f6lj instruktionerna p\u00e5 sidan f\u00f6r att \u00e5terst\u00e4lla ditt l\u00f6senord hos Electrolux Professional.\" \/>\n<meta name=\"robots\" content=\"index, follow, max-snippet:-1, max-image-preview:large, max-video-preview:-1\" \/>\n<link rel=\"canonical\" href=\"https:\/\/www.electroluxprofessional.com\/se\/recover-password\/\" \/>\n<meta property=\"og:locale\" content=\"sv_SE\" \/>\n<meta property=\"og:type\" content=\"article\" \/>\n<meta property=\"og:title\" content=\"\u00c5terst\u00e4ll l\u00f6senord - Electrolux Professional Sverige\" \/>\n<meta property=\"og:description\" content=\"Gl\u00f6mt l\u00f6senordet? F\u00f6lj instruktionerna p\u00e5 sidan f\u00f6r att \u00e5terst\u00e4lla ditt l\u00f6senord hos Electrolux Professional.\" \/>\n<meta property=\"og:url\" content=\"https:\/\/www.electroluxprofessional.com\/se\/recover-password\/\" \/>\n<meta property=\"og:site_name\" content=\"Electrolux Professional Sverige\" \/>\n<meta property=\"article:modified_time\" content=\"2025-05-26T14:22:21+00:00\" \/>\n<meta name=\"twitter:card\" content=\"summary_large_image\" \/>\n<meta name=\"twitter:label1\" content=\"Ber\u00e4knad l\u00e4stid\" \/>\n\t<meta name=\"twitter:data1\" content=\"1 minut\" \/>\n<script type=\"application\/ld+json\" class=\"yoast-schema-graph\">{\"@context\":\"https:\/\/schema.org\",\"@graph\":[{\"@type\":\"WebPage\",\"@id\":\"https:\/\/www.electroluxprofessional.com\/se\/recover-password\/\",\"url\":\"https:\/\/www.electroluxprofessional.com\/se\/recover-password\/\",\"name\":\"\u00c5terst\u00e4ll l\u00f6senord - Electrolux Professional Sverige\",\"isPartOf\":{\"@id\":\"https:\/\/www.electroluxprofessional.com\/se\/#website\"},\"datePublished\":\"2017-02-24T18:07:58+00:00\",\"dateModified\":\"2025-05-26T14:22:21+00:00\",\"description\":\"Gl\u00f6mt l\u00f6senordet? F\u00f6lj instruktionerna p\u00e5 sidan f\u00f6r att \u00e5terst\u00e4lla ditt l\u00f6senord hos Electrolux Professional.\",\"breadcrumb\":{\"@id\":\"https:\/\/www.electroluxprofessional.com\/se\/recover-password\/#breadcrumb\"},\"inLanguage\":\"sv-SE\",\"potentialAction\":[{\"@type\":\"ReadAction\",\"target\":[\"https:\/\/www.electroluxprofessional.com\/se\/recover-password\/\"]}]},{\"@type\":\"BreadcrumbList\",\"@id\":\"https:\/\/www.electroluxprofessional.com\/se\/recover-password\/#breadcrumb\",\"itemListElement\":[{\"@type\":\"ListItem\",\"position\":1,\"name\":\"Home\",\"item\":\"https:\/\/www.electroluxprofessional.com\/se\/\"},{\"@type\":\"ListItem\",\"position\":2,\"name\":\"\u00c5terst\u00e4ll l\u00f6senord\"}]},{\"@type\":\"WebSite\",\"@id\":\"https:\/\/www.electroluxprofessional.com\/se\/#website\",\"url\":\"https:\/\/www.electroluxprofessional.com\/se\/\",\"name\":\"Electrolux Professional Sverige\",\"description\":\"\",\"potentialAction\":[{\"@type\":\"SearchAction\",\"target\":{\"@type\":\"EntryPoint\",\"urlTemplate\":\"https:\/\/www.electroluxprofessional.com\/se\/?src={search_term_string}\"},\"query-input\":\"required name=search_term_string\"}],\"inLanguage\":\"sv-SE\"}]}<\/script>\n<!-- \/ Yoast SEO plugin. -->","yoast_head_json":{"title":"\u00c5terst\u00e4ll l\u00f6senord - Electrolux Professional Sverige","description":"Gl\u00f6mt l\u00f6senordet? F\u00f6lj instruktionerna p\u00e5 sidan f\u00f6r att \u00e5terst\u00e4lla ditt l\u00f6senord hos Electrolux Professional.","robots":{"index":"index","follow":"follow","max-snippet":"max-snippet:-1","max-image-preview":"max-image-preview:large","max-video-preview":"max-video-preview:-1"},"canonical":"https:\/\/www.electroluxprofessional.com\/se\/recover-password\/","og_locale":"sv_SE","og_type":"article","og_title":"\u00c5terst\u00e4ll l\u00f6senord - Electrolux Professional Sverige","og_description":"Gl\u00f6mt l\u00f6senordet? F\u00f6lj instruktionerna p\u00e5 sidan f\u00f6r att \u00e5terst\u00e4lla ditt l\u00f6senord hos Electrolux Professional.","og_url":"https:\/\/www.electroluxprofessional.com\/se\/recover-password\/","og_site_name":"Electrolux Professional Sverige","article_modified_time":"2025-05-26T14:22:21+00:00","twitter_card":"summary_large_image","twitter_misc":{"Ber\u00e4knad l\u00e4stid":"1 minut"},"schema":{"@context":"https:\/\/schema.org","@graph":[{"@type":"WebPage","@id":"https:\/\/www.electroluxprofessional.com\/se\/recover-password\/","url":"https:\/\/www.electroluxprofessional.com\/se\/recover-password\/","name":"\u00c5terst\u00e4ll l\u00f6senord - Electrolux Professional Sverige","isPartOf":{"@id":"https:\/\/www.electroluxprofessional.com\/se\/#website"},"datePublished":"2017-02-24T18:07:58+00:00","dateModified":"2025-05-26T14:22:21+00:00","description":"Gl\u00f6mt l\u00f6senordet? F\u00f6lj instruktionerna p\u00e5 sidan f\u00f6r att \u00e5terst\u00e4lla ditt l\u00f6senord hos Electrolux Professional.","breadcrumb":{"@id":"https:\/\/www.electroluxprofessional.com\/se\/recover-password\/#breadcrumb"},"inLanguage":"sv-SE","potentialAction":[{"@type":"ReadAction","target":["https:\/\/www.electroluxprofessional.com\/se\/recover-password\/"]}]},{"@type":"BreadcrumbList","@id":"https:\/\/www.electroluxprofessional.com\/se\/recover-password\/#breadcrumb","itemListElement":[{"@type":"ListItem","position":1,"name":"Home","item":"https:\/\/www.electroluxprofessional.com\/se\/"},{"@type":"ListItem","position":2,"name":"\u00c5terst\u00e4ll l\u00f6senord"}]},{"@type":"WebSite","@id":"https:\/\/www.electroluxprofessional.com\/se\/#website","url":"https:\/\/www.electroluxprofessional.com\/se\/","name":"Electrolux Professional Sverige","description":"","potentialAction":[{"@type":"SearchAction","target":{"@type":"EntryPoint","urlTemplate":"https:\/\/www.electroluxprofessional.com\/se\/?src={search_term_string}"},"query-input":"required name=search_term_string"}],"inLanguage":"sv-SE"}]}},"_links":{"self":[{"href":"https:\/\/www.electroluxprofessional.com\/se\/wp-json\/wp\/v2\/pages\/2306"}],"collection":[{"href":"https:\/\/www.electroluxprofessional.com\/se\/wp-json\/wp\/v2\/pages"}],"about":[{"href":"https:\/\/www.electroluxprofessional.com\/se\/wp-json\/wp\/v2\/types\/page"}],"author":[{"embeddable":true,"href":"https:\/\/www.electroluxprofessional.com\/se\/wp-json\/wp\/v2\/users\/1"}],"replies":[{"embeddable":true,"href":"https:\/\/www.electroluxprofessional.com\/se\/wp-json\/wp\/v2\/comments?post=2306"}],"version-history":[{"count":2,"href":"https:\/\/www.electroluxprofessional.com\/se\/wp-json\/wp\/v2\/pages\/2306\/revisions"}],"predecessor-version":[{"id":53865,"href":"https:\/\/www.electroluxprofessional.com\/se\/wp-json\/wp\/v2\/pages\/2306\/revisions\/53865"}],"wp:attachment":[{"href":"https:\/\/www.electroluxprofessional.com\/se\/wp-json\/wp\/v2\/media?parent=2306"}],"curies":[{"name":"wp","href":"https:\/\/api.w.org\/{rel}","templated":true}]}}