{"id":2302,"date":"2017-02-24T18:06:36","date_gmt":"2017-02-24T18:06:36","guid":{"rendered":"https:\/\/www.electroluxprofessional.com\/se\/?page_id=2302"},"modified":"2025-05-16T10:49:49","modified_gmt":"2025-05-16T09:49:49","slug":"login","status":"publish","type":"page","link":"https:\/\/www.electroluxprofessional.com\/se\/login\/","title":{"rendered":"Login"},"content":{"rendered":"<p>[vc_row][vc_column][vc_empty_space height=&#8221;50px&#8221;][\/vc_column][\/vc_row][vc_row][vc_column width=&#8221;3\/6&#8243;][vc_column_text]        <div class=\"login-form \">\n            <div class=\"error-messages\">\n                            <\/div>\n            \n            <form name=\"login-form\" id=\"login-form\" action=\"https:\/\/www.electroluxprofessional.com\/se\/wp-login.php\" method=\"post\">        <input type=\"hidden\" name=\"epr_login_form\" value=\"epr-login-form\"\/>\n        <input type=\"hidden\" name=\"epr_login_url\" value=\"https:\/\/www.electroluxprofessional.com\/se\/wp-json\/wp\/v2\/pages\/2302\"\/>\n        \n        \t\t<p class=\"login-username\">\n\t\t\t\t<label for=\"email\">E-post<\/label>\n\t\t\t\t<input type=\"text\" name=\"log\" id=\"email\" autocomplete=\"username\" class=\"input\" value=\"\" size=\"20\" \/>\n\t\t\t<\/p><p class=\"login-password\">\n\t\t\t\t<label for=\"password\">L\u00f6senord<\/label>\n\t\t\t\t<input type=\"password\" name=\"pwd\" id=\"password\" autocomplete=\"current-password\" spellcheck=\"false\" class=\"input\" value=\"\" size=\"20\" \/>\n\t\t\t<\/p><div class=\"form-group\"><div class=\"g-recaptcha\" data-sitekey=\"6Ld_DxUUAAAAABBfcwOIlpvK_ddtGNYE-k7BlUq3\"><\/div><\/div><p class=\"login-remember\"><label><input name=\"rememberme\" type=\"checkbox\" id=\"remember-me\" value=\"forever\" \/> Kom ih\u00e5g mig<\/label><\/p><p class=\"login-submit\">\n\t\t\t\t<input type=\"submit\" name=\"wp-submit\" id=\"submit-login\" class=\"button button-primary\" value=\"Logga in\" \/>\n\t\t\t\t<input type=\"hidden\" name=\"redirect_to\" value=\"https:\/\/www.electroluxprofessional.com\/se\/my-professional\" \/>\n\t\t\t<\/p>        <p>\n                                            <a href=\"https:\/\/www.electroluxprofessional.com\/se\/register\/\" class=\"register-link\">Registrera<\/a>\n                                             |                 <a href=\"https:\/\/www.electroluxprofessional.com\/se\/recover-password\/\" class=\"recover-password-link\">Gl\u00f6mt l\u00f6senord?<\/a>\n                                    <\/p>\n        <\/form>        <\/div>\n        [\/vc_column_text][\/vc_column][vc_column width=&#8221;1\/6&#8243;][vc_empty_space][\/vc_column][vc_column width=&#8221;2\/6&#8243; css=&#8221;.vc_custom_1488292312360{border-left-width: 1px !important;border-left-style: solid !important;}&#8221;][elx_heading font_container=&#8221;h1&#8243; font_size=&#8221;h3&#8243; text_color=&#8221;inherit&#8221;]Servicepartners och \u00e5terf\u00f6rs\u00e4ljare[\/elx_heading][vc_column_text]<span style=\"color: #3366ff;\"><strong>MyProfessional<\/strong><\/span> f\u00f6r servicepartners och \u00e5terf\u00f6rs\u00e4ljare\u00a0har flyttats till en s\u00e4krare plattform, kallad <span style=\"color: #003366;\"><strong>ToolBox<\/strong><\/span>.<br \/>\n<span style=\"color: #ff0000;\">Av s\u00e4kerhetssk\u00e4l ber vi dig att\u00a0<strong>registrera dig p\u00e5 nytt<\/strong>.<\/span><br \/>\nMed Toolbox \u00f6kar s\u00e5v\u00e4l\u00a0prestanda som s\u00e4kerhet. Vi hoppas p\u00e5 din f\u00f6rst\u00e5else.[\/vc_column_text][elx_button button_text=&#8221;Access ToolBox&#8221; button_style=&#8221;default&#8221; button_link=&#8221;url:https%3A%2F%2Ftoolbox.epr-apps.com|title:laundry%20dealers%20login%20(the%20old%20MyProfessional)|target:%20_blank|&#8221;][\/vc_column][\/vc_row][vc_row][vc_column][vc_empty_space height=&#8221;50px&#8221;][\/vc_column][\/vc_row]<\/p>\n","protected":false},"excerpt":{"rendered":"<p>[vc_row][vc_column][vc_empty_space height=&#8221;50px&#8221;][\/vc_column][\/vc_row][vc_row][vc_column width=&#8221;3\/6&#8243;][vc_column_text][\/vc_column_text][\/vc_column][vc_column width=&#8221;1\/6&#8243;][vc_empty_space][\/vc_column][vc_column width=&#8221;2\/6&#8243; css=&#8221;.vc_custom_1488292312360{border-left-width: 1px !important;border-left-style: solid !important;}&#8221;][elx_heading font_container=&#8221;h1&#8243; font_size=&#8221;h3&#8243; text_color=&#8221;inherit&#8221;]Servicepartners och \u00e5terf\u00f6rs\u00e4ljare[\/elx_heading][vc_column_text]MyProfessional f\u00f6r servicepartners och \u00e5terf\u00f6rs\u00e4ljare\u00a0har flyttats till en s\u00e4krare plattform, kallad ToolBox. Av s\u00e4kerhetssk\u00e4l ber vi dig att\u00a0registrera dig p\u00e5 nytt. Med Toolbox \u00f6kar s\u00e5v\u00e4l\u00a0prestanda som s\u00e4kerhet. Vi hoppas p\u00e5 din f\u00f6rst\u00e5else.[\/vc_column_text][elx_button button_text=&#8221;Access ToolBox&#8221; button_style=&#8221;default&#8221; button_link=&#8221;url:https%3A%2F%2Ftoolbox.epr-apps.com|title:laundry%20dealers%20login%20(the%20old%20MyProfessional)|target:%20_blank|&#8221;][\/vc_column][\/vc_row][vc_row][vc_column][vc_empty_space height=&#8221;50px&#8221;][\/vc_column][\/vc_row]<\/p>\n","protected":false},"author":1,"featured_media":0,"parent":0,"menu_order":0,"comment_status":"closed","ping_status":"closed","template":"","meta":{"footnotes":""},"class_list":["post-2302","page","type-page","status-publish","hentry"],"acf":[],"yoast_head":"<!-- This site is optimized with the Yoast SEO plugin v23.3 - https:\/\/yoast.com\/wordpress\/plugins\/seo\/ -->\n<title>Login - Electrolux Professional Sverige<\/title>\n<meta name=\"description\" content=\"Toolbox \u2013 vi har nu en b\u00e4ttre plattform f\u00f6r servicepartners och \u00e5terf\u00f6rs\u00e4ljare. Registrera dig p\u00e5 nytt f\u00f6r h\u00f6gre prestanda och s\u00e4kerhet.\" \/>\n<meta name=\"robots\" content=\"index, follow, max-snippet:-1, max-image-preview:large, max-video-preview:-1\" \/>\n<link rel=\"canonical\" href=\"https:\/\/www.electroluxprofessional.com\/se\/login\/\" \/>\n<meta property=\"og:locale\" content=\"sv_SE\" \/>\n<meta property=\"og:type\" content=\"article\" \/>\n<meta property=\"og:title\" content=\"Login - Electrolux Professional Sverige\" \/>\n<meta property=\"og:description\" content=\"Toolbox \u2013 vi har nu en b\u00e4ttre plattform f\u00f6r servicepartners och \u00e5terf\u00f6rs\u00e4ljare. Registrera dig p\u00e5 nytt f\u00f6r h\u00f6gre prestanda och s\u00e4kerhet.\" \/>\n<meta property=\"og:url\" content=\"https:\/\/www.electroluxprofessional.com\/se\/login\/\" \/>\n<meta property=\"og:site_name\" content=\"Electrolux Professional Sverige\" \/>\n<meta property=\"article:modified_time\" content=\"2025-05-16T09:49:49+00:00\" \/>\n<meta name=\"twitter:card\" content=\"summary_large_image\" \/>\n<meta name=\"twitter:label1\" content=\"Ber\u00e4knad l\u00e4stid\" \/>\n\t<meta name=\"twitter:data1\" content=\"1 minut\" \/>\n<script type=\"application\/ld+json\" class=\"yoast-schema-graph\">{\"@context\":\"https:\/\/schema.org\",\"@graph\":[{\"@type\":\"WebPage\",\"@id\":\"https:\/\/www.electroluxprofessional.com\/se\/login\/\",\"url\":\"https:\/\/www.electroluxprofessional.com\/se\/login\/\",\"name\":\"Login - Electrolux Professional Sverige\",\"isPartOf\":{\"@id\":\"https:\/\/www.electroluxprofessional.com\/se\/#website\"},\"datePublished\":\"2017-02-24T18:06:36+00:00\",\"dateModified\":\"2025-05-16T09:49:49+00:00\",\"description\":\"Toolbox \u2013 vi har nu en b\u00e4ttre plattform f\u00f6r servicepartners och \u00e5terf\u00f6rs\u00e4ljare. Registrera dig p\u00e5 nytt f\u00f6r h\u00f6gre prestanda och s\u00e4kerhet.\",\"breadcrumb\":{\"@id\":\"https:\/\/www.electroluxprofessional.com\/se\/login\/#breadcrumb\"},\"inLanguage\":\"sv-SE\",\"potentialAction\":[{\"@type\":\"ReadAction\",\"target\":[\"https:\/\/www.electroluxprofessional.com\/se\/login\/\"]}]},{\"@type\":\"BreadcrumbList\",\"@id\":\"https:\/\/www.electroluxprofessional.com\/se\/login\/#breadcrumb\",\"itemListElement\":[{\"@type\":\"ListItem\",\"position\":1,\"name\":\"Home\",\"item\":\"https:\/\/www.electroluxprofessional.com\/se\/\"},{\"@type\":\"ListItem\",\"position\":2,\"name\":\"Login\"}]},{\"@type\":\"WebSite\",\"@id\":\"https:\/\/www.electroluxprofessional.com\/se\/#website\",\"url\":\"https:\/\/www.electroluxprofessional.com\/se\/\",\"name\":\"Electrolux Professional Sverige\",\"description\":\"\",\"potentialAction\":[{\"@type\":\"SearchAction\",\"target\":{\"@type\":\"EntryPoint\",\"urlTemplate\":\"https:\/\/www.electroluxprofessional.com\/se\/?src={search_term_string}\"},\"query-input\":\"required name=search_term_string\"}],\"inLanguage\":\"sv-SE\"}]}<\/script>\n<!-- \/ Yoast SEO plugin. -->","yoast_head_json":{"title":"Login - Electrolux Professional Sverige","description":"Toolbox \u2013 vi har nu en b\u00e4ttre plattform f\u00f6r servicepartners och \u00e5terf\u00f6rs\u00e4ljare. Registrera dig p\u00e5 nytt f\u00f6r h\u00f6gre prestanda och s\u00e4kerhet.","robots":{"index":"index","follow":"follow","max-snippet":"max-snippet:-1","max-image-preview":"max-image-preview:large","max-video-preview":"max-video-preview:-1"},"canonical":"https:\/\/www.electroluxprofessional.com\/se\/login\/","og_locale":"sv_SE","og_type":"article","og_title":"Login - Electrolux Professional Sverige","og_description":"Toolbox \u2013 vi har nu en b\u00e4ttre plattform f\u00f6r servicepartners och \u00e5terf\u00f6rs\u00e4ljare. Registrera dig p\u00e5 nytt f\u00f6r h\u00f6gre prestanda och s\u00e4kerhet.","og_url":"https:\/\/www.electroluxprofessional.com\/se\/login\/","og_site_name":"Electrolux Professional Sverige","article_modified_time":"2025-05-16T09:49:49+00:00","twitter_card":"summary_large_image","twitter_misc":{"Ber\u00e4knad l\u00e4stid":"1 minut"},"schema":{"@context":"https:\/\/schema.org","@graph":[{"@type":"WebPage","@id":"https:\/\/www.electroluxprofessional.com\/se\/login\/","url":"https:\/\/www.electroluxprofessional.com\/se\/login\/","name":"Login - Electrolux Professional Sverige","isPartOf":{"@id":"https:\/\/www.electroluxprofessional.com\/se\/#website"},"datePublished":"2017-02-24T18:06:36+00:00","dateModified":"2025-05-16T09:49:49+00:00","description":"Toolbox \u2013 vi har nu en b\u00e4ttre plattform f\u00f6r servicepartners och \u00e5terf\u00f6rs\u00e4ljare. Registrera dig p\u00e5 nytt f\u00f6r h\u00f6gre prestanda och s\u00e4kerhet.","breadcrumb":{"@id":"https:\/\/www.electroluxprofessional.com\/se\/login\/#breadcrumb"},"inLanguage":"sv-SE","potentialAction":[{"@type":"ReadAction","target":["https:\/\/www.electroluxprofessional.com\/se\/login\/"]}]},{"@type":"BreadcrumbList","@id":"https:\/\/www.electroluxprofessional.com\/se\/login\/#breadcrumb","itemListElement":[{"@type":"ListItem","position":1,"name":"Home","item":"https:\/\/www.electroluxprofessional.com\/se\/"},{"@type":"ListItem","position":2,"name":"Login"}]},{"@type":"WebSite","@id":"https:\/\/www.electroluxprofessional.com\/se\/#website","url":"https:\/\/www.electroluxprofessional.com\/se\/","name":"Electrolux Professional Sverige","description":"","potentialAction":[{"@type":"SearchAction","target":{"@type":"EntryPoint","urlTemplate":"https:\/\/www.electroluxprofessional.com\/se\/?src={search_term_string}"},"query-input":"required name=search_term_string"}],"inLanguage":"sv-SE"}]}},"_links":{"self":[{"href":"https:\/\/www.electroluxprofessional.com\/se\/wp-json\/wp\/v2\/pages\/2302"}],"collection":[{"href":"https:\/\/www.electroluxprofessional.com\/se\/wp-json\/wp\/v2\/pages"}],"about":[{"href":"https:\/\/www.electroluxprofessional.com\/se\/wp-json\/wp\/v2\/types\/page"}],"author":[{"embeddable":true,"href":"https:\/\/www.electroluxprofessional.com\/se\/wp-json\/wp\/v2\/users\/1"}],"replies":[{"embeddable":true,"href":"https:\/\/www.electroluxprofessional.com\/se\/wp-json\/wp\/v2\/comments?post=2302"}],"version-history":[{"count":6,"href":"https:\/\/www.electroluxprofessional.com\/se\/wp-json\/wp\/v2\/pages\/2302\/revisions"}],"predecessor-version":[{"id":53845,"href":"https:\/\/www.electroluxprofessional.com\/se\/wp-json\/wp\/v2\/pages\/2302\/revisions\/53845"}],"wp:attachment":[{"href":"https:\/\/www.electroluxprofessional.com\/se\/wp-json\/wp\/v2\/media?parent=2302"}],"curies":[{"name":"wp","href":"https:\/\/api.w.org\/{rel}","templated":true}]}}